{"id":3792,"date":"2023-10-04T02:21:56","date_gmt":"2023-10-04T00:21:56","guid":{"rendered":"https:\/\/nuevaweb.cpl.es\/producto\/catecumenado-e-iniciacion-cristiana-9788498052107\/"},"modified":"2026-02-12T17:41:56","modified_gmt":"2026-02-12T16:41:56","slug":"catecumenado-e-iniciacion-cristiana-9788498052107","status":"publish","type":"product","link":"https:\/\/www.cpl.es\/ca\/producto\/catecumenado-e-iniciacion-cristiana-9788498052107\/","title":{"rendered":"Catecumenado e iniciaci\u00f3n cristiana"},"content":{"rendered":"<p>Cada vez se ve m\u00e1s clara la necesidad de un proyecto global de iniciaci\u00f3n cristiana que implique, restaure y adapte el catecumenado. Este libro ofrece un conjunto de refl exiones desde diversas perspectivas para ayudar en este esfuerzo, para que el proceso de iniciaci\u00f3n consiga su objetivo: hacer verdaderos cristianos.<\/p>\n","protected":false},"excerpt":{"rendered":"<p>Borobio Garc\u00eda, Dionisio<\/p>\n","protected":false},"featured_media":3793,"template":"","meta":{"_acf_changed":false,"inline_featured_image":false},"product_brand":[],"product_cat":[74,46,83,60,134,104],"product_tag":[],"class_list":{"0":"post-3792","1":"product","2":"type-product","3":"status-publish","4":"has-post-thumbnail","6":"product_cat-biblioteca-liturgica-colleccions-catala","7":"product_cat-biblioteca-liturgica","8":"product_cat-catequesi-liturgica","9":"product_cat-catequesis-liturgica","10":"product_cat-iniciacio-cristiana","11":"product_cat-iniciacion-cristiana","13":"first","14":"instock","15":"taxable","16":"shipping-taxable","17":"purchasable","18":"product-type-simple"},"acf":{"autor":"Borobio Garc\u00eda, Dionisio","codart":"111030","ediciones":"1","encuadernacion":"R\u00fastica","fecha_de_publicacion":"26\/06\/2007","novedad":false,"paginas":"232","subtitulo":"","orden":"999","portada":false,"idioma":"spa","editorial":[{"ID":6736,"post_author":"2","post_date":"2023-10-06 08:35:24","post_date_gmt":"2023-10-06 06:35:24","post_content":"","post_title":"CPL","post_excerpt":"","post_status":"publish","comment_status":"closed","ping_status":"closed","post_password":"","post_name":"cpl","to_ping":"","pinged":"","post_modified":"2023-10-06 08:35:24","post_modified_gmt":"2023-10-06 06:35:24","post_content_filtered":"","post_parent":0,"guid":"https:\/\/nuevaweb.cpl.es\/editorial\/cpl\/","menu_order":0,"post_type":"editorial","post_mime_type":"","comment_count":"0","filter":"raw"}],"coleccion_num":"30"},"yoast_head":"<!-- This site is optimized with the Yoast SEO plugin v27.3 - https:\/\/yoast.com\/product\/yoast-seo-wordpress\/ -->\n<title>Catecumenado e iniciaci\u00f3n cristiana - CPL<\/title>\n<meta name=\"robots\" content=\"index, follow, max-snippet:-1, max-image-preview:large, max-video-preview:-1\" \/>\n<link rel=\"canonical\" href=\"https:\/\/www.cpl.es\/producto\/catecumenado-e-iniciacion-cristiana-9788498052107\/\" \/>\n<meta property=\"og:locale\" content=\"ca_ES\" \/>\n<meta property=\"og:type\" content=\"article\" \/>\n<meta property=\"og:title\" content=\"Catecumenado e iniciaci\u00f3n cristiana - CPL\" \/>\n<meta property=\"og:description\" content=\"Borobio Garc\u00eda, Dionisio\" \/>\n<meta property=\"og:url\" content=\"https:\/\/www.cpl.es\/producto\/catecumenado-e-iniciacion-cristiana-9788498052107\/\" \/>\n<meta property=\"og:site_name\" content=\"CPL\" \/>\n<meta property=\"article:modified_time\" content=\"2026-02-12T16:41:56+00:00\" \/>\n<meta property=\"og:image\" content=\"https:\/\/www.cpl.es\/wp-content\/uploads\/111030.jpg\" \/>\n\t<meta property=\"og:image:width\" content=\"288\" \/>\n\t<meta property=\"og:image:height\" content=\"448\" \/>\n\t<meta property=\"og:image:type\" content=\"image\/jpeg\" \/>\n<meta name=\"twitter:card\" content=\"summary_large_image\" \/>\n<script type=\"application\/ld+json\" class=\"yoast-schema-graph\">{\"@context\":\"https:\\\/\\\/schema.org\",\"@graph\":[{\"@type\":\"WebPage\",\"@id\":\"https:\\\/\\\/www.cpl.es\\\/producto\\\/catecumenado-e-iniciacion-cristiana-9788498052107\\\/\",\"url\":\"https:\\\/\\\/www.cpl.es\\\/producto\\\/catecumenado-e-iniciacion-cristiana-9788498052107\\\/\",\"name\":\"Catecumenado e iniciaci\u00f3n cristiana - CPL\",\"isPartOf\":{\"@id\":\"https:\\\/\\\/www.cpl.es\\\/#website\"},\"primaryImageOfPage\":{\"@id\":\"https:\\\/\\\/www.cpl.es\\\/producto\\\/catecumenado-e-iniciacion-cristiana-9788498052107\\\/#primaryimage\"},\"image\":{\"@id\":\"https:\\\/\\\/www.cpl.es\\\/producto\\\/catecumenado-e-iniciacion-cristiana-9788498052107\\\/#primaryimage\"},\"thumbnailUrl\":\"https:\\\/\\\/www.cpl.es\\\/wp-content\\\/uploads\\\/111030.jpg\",\"datePublished\":\"2023-10-04T00:21:56+00:00\",\"dateModified\":\"2026-02-12T16:41:56+00:00\",\"breadcrumb\":{\"@id\":\"https:\\\/\\\/www.cpl.es\\\/producto\\\/catecumenado-e-iniciacion-cristiana-9788498052107\\\/#breadcrumb\"},\"inLanguage\":\"ca\",\"potentialAction\":[{\"@type\":\"ReadAction\",\"target\":[\"https:\\\/\\\/www.cpl.es\\\/producto\\\/catecumenado-e-iniciacion-cristiana-9788498052107\\\/\"]}]},{\"@type\":\"ImageObject\",\"inLanguage\":\"ca\",\"@id\":\"https:\\\/\\\/www.cpl.es\\\/producto\\\/catecumenado-e-iniciacion-cristiana-9788498052107\\\/#primaryimage\",\"url\":\"https:\\\/\\\/www.cpl.es\\\/wp-content\\\/uploads\\\/111030.jpg\",\"contentUrl\":\"https:\\\/\\\/www.cpl.es\\\/wp-content\\\/uploads\\\/111030.jpg\",\"width\":288,\"height\":448,\"caption\":\"111030.jpg\"},{\"@type\":\"BreadcrumbList\",\"@id\":\"https:\\\/\\\/www.cpl.es\\\/producto\\\/catecumenado-e-iniciacion-cristiana-9788498052107\\\/#breadcrumb\",\"itemListElement\":[{\"@type\":\"ListItem\",\"position\":1,\"name\":\"Portada\",\"item\":\"https:\\\/\\\/www.cpl.es\\\/ca\\\/\"},{\"@type\":\"ListItem\",\"position\":2,\"name\":\"Cat\u00e0leg\",\"item\":\"https:\\\/\\\/www.cpl.es\\\/ca\\\/cataleg\\\/\"},{\"@type\":\"ListItem\",\"position\":3,\"name\":\"Catecumenado e iniciaci\u00f3n cristiana\"}]},{\"@type\":\"WebSite\",\"@id\":\"https:\\\/\\\/www.cpl.es\\\/#website\",\"url\":\"https:\\\/\\\/www.cpl.es\\\/\",\"name\":\"CPL\",\"description\":\"Centre de Pastoral Lit\u00fargica de Barcelona\",\"publisher\":{\"@id\":\"https:\\\/\\\/www.cpl.es\\\/#organization\"},\"alternateName\":\"Centre de Pastoral Lit\u00fargica\",\"potentialAction\":[{\"@type\":\"SearchAction\",\"target\":{\"@type\":\"EntryPoint\",\"urlTemplate\":\"https:\\\/\\\/www.cpl.es\\\/?s={search_term_string}\"},\"query-input\":{\"@type\":\"PropertyValueSpecification\",\"valueRequired\":true,\"valueName\":\"search_term_string\"}}],\"inLanguage\":\"ca\"},{\"@type\":\"Organization\",\"@id\":\"https:\\\/\\\/www.cpl.es\\\/#organization\",\"name\":\"Centre de Pastoral Lit\u00fargica\",\"alternateName\":\"Centre de Pastoral Lit\u00fargica de Barcelona\",\"url\":\"https:\\\/\\\/www.cpl.es\\\/\",\"logo\":{\"@type\":\"ImageObject\",\"inLanguage\":\"ca\",\"@id\":\"https:\\\/\\\/www.cpl.es\\\/#\\\/schema\\\/logo\\\/image\\\/\",\"url\":\"https:\\\/\\\/www.cpl.es\\\/wp-content\\\/uploads\\\/logo-cpl.svg\",\"contentUrl\":\"https:\\\/\\\/www.cpl.es\\\/wp-content\\\/uploads\\\/logo-cpl.svg\",\"caption\":\"Centre de Pastoral Lit\u00fargica\"},\"image\":{\"@id\":\"https:\\\/\\\/www.cpl.es\\\/#\\\/schema\\\/logo\\\/image\\\/\"}}]}<\/script>\n<!-- \/ Yoast SEO plugin. -->","yoast_head_json":{"title":"Catecumenado e iniciaci\u00f3n cristiana - CPL","robots":{"index":"index","follow":"follow","max-snippet":"max-snippet:-1","max-image-preview":"max-image-preview:large","max-video-preview":"max-video-preview:-1"},"canonical":"https:\/\/www.cpl.es\/producto\/catecumenado-e-iniciacion-cristiana-9788498052107\/","og_locale":"ca_ES","og_type":"article","og_title":"Catecumenado e iniciaci\u00f3n cristiana - CPL","og_description":"Borobio Garc\u00eda, Dionisio","og_url":"https:\/\/www.cpl.es\/producto\/catecumenado-e-iniciacion-cristiana-9788498052107\/","og_site_name":"CPL","article_modified_time":"2026-02-12T16:41:56+00:00","og_image":[{"width":288,"height":448,"url":"https:\/\/www.cpl.es\/wp-content\/uploads\/111030.jpg","type":"image\/jpeg"}],"twitter_card":"summary_large_image","schema":{"@context":"https:\/\/schema.org","@graph":[{"@type":"WebPage","@id":"https:\/\/www.cpl.es\/producto\/catecumenado-e-iniciacion-cristiana-9788498052107\/","url":"https:\/\/www.cpl.es\/producto\/catecumenado-e-iniciacion-cristiana-9788498052107\/","name":"Catecumenado e iniciaci\u00f3n cristiana - CPL","isPartOf":{"@id":"https:\/\/www.cpl.es\/#website"},"primaryImageOfPage":{"@id":"https:\/\/www.cpl.es\/producto\/catecumenado-e-iniciacion-cristiana-9788498052107\/#primaryimage"},"image":{"@id":"https:\/\/www.cpl.es\/producto\/catecumenado-e-iniciacion-cristiana-9788498052107\/#primaryimage"},"thumbnailUrl":"https:\/\/www.cpl.es\/wp-content\/uploads\/111030.jpg","datePublished":"2023-10-04T00:21:56+00:00","dateModified":"2026-02-12T16:41:56+00:00","breadcrumb":{"@id":"https:\/\/www.cpl.es\/producto\/catecumenado-e-iniciacion-cristiana-9788498052107\/#breadcrumb"},"inLanguage":"ca","potentialAction":[{"@type":"ReadAction","target":["https:\/\/www.cpl.es\/producto\/catecumenado-e-iniciacion-cristiana-9788498052107\/"]}]},{"@type":"ImageObject","inLanguage":"ca","@id":"https:\/\/www.cpl.es\/producto\/catecumenado-e-iniciacion-cristiana-9788498052107\/#primaryimage","url":"https:\/\/www.cpl.es\/wp-content\/uploads\/111030.jpg","contentUrl":"https:\/\/www.cpl.es\/wp-content\/uploads\/111030.jpg","width":288,"height":448,"caption":"111030.jpg"},{"@type":"BreadcrumbList","@id":"https:\/\/www.cpl.es\/producto\/catecumenado-e-iniciacion-cristiana-9788498052107\/#breadcrumb","itemListElement":[{"@type":"ListItem","position":1,"name":"Portada","item":"https:\/\/www.cpl.es\/ca\/"},{"@type":"ListItem","position":2,"name":"Cat\u00e0leg","item":"https:\/\/www.cpl.es\/ca\/cataleg\/"},{"@type":"ListItem","position":3,"name":"Catecumenado e iniciaci\u00f3n cristiana"}]},{"@type":"WebSite","@id":"https:\/\/www.cpl.es\/#website","url":"https:\/\/www.cpl.es\/","name":"CPL","description":"Centre de Pastoral Lit\u00fargica de Barcelona","publisher":{"@id":"https:\/\/www.cpl.es\/#organization"},"alternateName":"Centre de Pastoral Lit\u00fargica","potentialAction":[{"@type":"SearchAction","target":{"@type":"EntryPoint","urlTemplate":"https:\/\/www.cpl.es\/?s={search_term_string}"},"query-input":{"@type":"PropertyValueSpecification","valueRequired":true,"valueName":"search_term_string"}}],"inLanguage":"ca"},{"@type":"Organization","@id":"https:\/\/www.cpl.es\/#organization","name":"Centre de Pastoral Lit\u00fargica","alternateName":"Centre de Pastoral Lit\u00fargica de Barcelona","url":"https:\/\/www.cpl.es\/","logo":{"@type":"ImageObject","inLanguage":"ca","@id":"https:\/\/www.cpl.es\/#\/schema\/logo\/image\/","url":"https:\/\/www.cpl.es\/wp-content\/uploads\/logo-cpl.svg","contentUrl":"https:\/\/www.cpl.es\/wp-content\/uploads\/logo-cpl.svg","caption":"Centre de Pastoral Lit\u00fargica"},"image":{"@id":"https:\/\/www.cpl.es\/#\/schema\/logo\/image\/"}}]}},"_links":{"self":[{"href":"https:\/\/www.cpl.es\/ca\/wp-json\/wp\/v2\/product\/3792","targetHints":{"allow":["GET"]}}],"collection":[{"href":"https:\/\/www.cpl.es\/ca\/wp-json\/wp\/v2\/product"}],"about":[{"href":"https:\/\/www.cpl.es\/ca\/wp-json\/wp\/v2\/types\/product"}],"wp:featuredmedia":[{"embeddable":true,"href":"https:\/\/www.cpl.es\/ca\/wp-json\/wp\/v2\/media\/3793"}],"wp:attachment":[{"href":"https:\/\/www.cpl.es\/ca\/wp-json\/wp\/v2\/media?parent=3792"}],"wp:term":[{"taxonomy":"product_brand","embeddable":true,"href":"https:\/\/www.cpl.es\/ca\/wp-json\/wp\/v2\/product_brand?post=3792"},{"taxonomy":"product_cat","embeddable":true,"href":"https:\/\/www.cpl.es\/ca\/wp-json\/wp\/v2\/product_cat?post=3792"},{"taxonomy":"product_tag","embeddable":true,"href":"https:\/\/www.cpl.es\/ca\/wp-json\/wp\/v2\/product_tag?post=3792"}],"curies":[{"name":"wp","href":"https:\/\/api.w.org\/{rel}","templated":true}]}}