{"id":3780,"date":"2023-10-04T02:21:38","date_gmt":"2023-10-04T00:21:38","guid":{"rendered":"https:\/\/nuevaweb.cpl.es\/producto\/la-cena-del-senor-misterio-de-comunion-9788498052251\/"},"modified":"2023-12-05T13:51:06","modified_gmt":"2023-12-05T12:51:06","slug":"la-cena-del-senor-misterio-de-comunion-9788498052251","status":"publish","type":"product","link":"https:\/\/www.cpl.es\/ca\/producto\/la-cena-del-senor-misterio-de-comunion-9788498052251\/","title":{"rendered":"La Cena del Se\u00f1or, misterio de comuni\u00f3n"},"content":{"rendered":"<p>Este libro pretende descubrir, a la luz de la Escritura y del Crucificado resucitado, el misterio de comuni\u00f3n que Dios regala a la humanidad en la Eucarist\u00eda, misterio recibido de los Ap\u00f3stoles y de la Iglesia a lo largo de los siglos. La Eucarist\u00eda no s\u00f3lo edifica la Iglesia de Dios como comuni\u00f3n, sino que la expresa como comuni\u00f3n en su celebraci\u00f3n eucar\u00edstica. Por ello, a lo largo de los siglos de la Iglesia, la Cena del Se\u00f1or ha mantenido su constante actualidad.<br \/>Para profundizar en este misterio, el autor analiza en primer lugar los datos b\u00edblicos, y luego el testimonio de la historia. I a partir de ah\u00ed, nos ofrece su reflexi\u00f3n sistem\u00e1tica, especialmente de la mano de J.M.R. Tillard, y finaliza presentando el sentido teol\u00f3gico de los distintos elementos de la celebraci\u00f3n.<\/p>\n<p>Jaume Fontbona i Miss\u00e9 (Arenys de Munt, Barcelona, 1958) es presb\u00edtero de Barcelona, doctor en Teolog\u00eda, profesor<br \/>de la Facultad de Teolog\u00eda de Catalu\u00f1a, director de la colecci\u00f3n Biblioteca Lit\u00fargica del Centro de Pastoral Lit\u00fargica de Barcelona, y cuenta con una amplia experiencia pastoral en los movimientos evangelizadores de Acci\u00f3n Cat\u00f3lica. En este libro se conjugan su experiencia en la ense\u00f1anza del sacramento de la Eucarist\u00eda en la Facultad de Teolog\u00eda, con la experiencia en la acci\u00f3n pastoral.<\/p>\n","protected":false},"excerpt":{"rendered":"<p>Fontbona Misse, Jaume<\/p>\n","protected":false},"featured_media":3781,"template":"","meta":{"_acf_changed":false,"inline_featured_image":false},"product_brand":[],"product_cat":[74,46,137,115,84,61],"product_tag":[],"class_list":{"0":"post-3780","1":"product","2":"type-product","3":"status-publish","4":"has-post-thumbnail","6":"product_cat-biblioteca-liturgica-colleccions-catala","7":"product_cat-biblioteca-liturgica","8":"product_cat-eucaristia-sagraments-per-temes","9":"product_cat-eucaristia","10":"product_cat-liturgia-i-teologia","11":"product_cat-liturgia-y-teologia","13":"first","14":"instock","15":"taxable","16":"shipping-taxable","17":"purchasable","18":"product-type-simple"},"acf":{"autor":"Fontbona Misse, Jaume","codart":"111032","ediciones":"1","encuadernacion":"R\u00fastica","fecha_de_publicacion":"19\/09\/2007","novedad":false,"paginas":"288","subtitulo":"","orden":"999","portada":false,"idioma":"spa","editorial":[{"ID":6736,"post_author":"2","post_date":"2023-10-06 08:35:24","post_date_gmt":"2023-10-06 06:35:24","post_content":"","post_title":"CPL","post_excerpt":"","post_status":"publish","comment_status":"closed","ping_status":"closed","post_password":"","post_name":"cpl","to_ping":"","pinged":"","post_modified":"2023-10-06 08:35:24","post_modified_gmt":"2023-10-06 06:35:24","post_content_filtered":"","post_parent":0,"guid":"https:\/\/nuevaweb.cpl.es\/editorial\/cpl\/","menu_order":0,"post_type":"editorial","post_mime_type":"","comment_count":"0","filter":"raw"}]},"yoast_head":"<!-- This site is optimized with the Yoast SEO plugin v27.0 - https:\/\/yoast.com\/product\/yoast-seo-wordpress\/ -->\n<title>La Cena del Se\u00f1or, misterio de comuni\u00f3n - CPL<\/title>\n<meta name=\"robots\" content=\"index, follow, max-snippet:-1, max-image-preview:large, max-video-preview:-1\" \/>\n<link rel=\"canonical\" href=\"https:\/\/www.cpl.es\/producto\/la-cena-del-senor-misterio-de-comunion-9788498052251\/\" \/>\n<meta property=\"og:locale\" content=\"ca_ES\" \/>\n<meta property=\"og:type\" content=\"article\" \/>\n<meta property=\"og:title\" content=\"La Cena del Se\u00f1or, misterio de comuni\u00f3n - CPL\" \/>\n<meta property=\"og:description\" content=\"Fontbona Misse, Jaume\" \/>\n<meta property=\"og:url\" content=\"https:\/\/www.cpl.es\/producto\/la-cena-del-senor-misterio-de-comunion-9788498052251\/\" \/>\n<meta property=\"og:site_name\" content=\"CPL\" \/>\n<meta property=\"article:modified_time\" content=\"2023-12-05T12:51:06+00:00\" \/>\n<meta property=\"og:image\" content=\"https:\/\/www.cpl.es\/wp-content\/uploads\/111032.jpg\" \/>\n\t<meta property=\"og:image:width\" content=\"276\" \/>\n\t<meta property=\"og:image:height\" content=\"431\" \/>\n\t<meta property=\"og:image:type\" content=\"image\/jpeg\" \/>\n<meta name=\"twitter:card\" content=\"summary_large_image\" \/>\n<meta name=\"twitter:label1\" content=\"Temps estimat de lectura\" \/>\n\t<meta name=\"twitter:data1\" content=\"1 minut\" \/>\n<script type=\"application\/ld+json\" class=\"yoast-schema-graph\">{\"@context\":\"https:\/\/schema.org\",\"@graph\":[{\"@type\":\"WebPage\",\"@id\":\"https:\/\/www.cpl.es\/producto\/la-cena-del-senor-misterio-de-comunion-9788498052251\/\",\"url\":\"https:\/\/www.cpl.es\/producto\/la-cena-del-senor-misterio-de-comunion-9788498052251\/\",\"name\":\"La Cena del Se\u00f1or, misterio de comuni\u00f3n - CPL\",\"isPartOf\":{\"@id\":\"https:\/\/www.cpl.es\/#website\"},\"primaryImageOfPage\":{\"@id\":\"https:\/\/www.cpl.es\/producto\/la-cena-del-senor-misterio-de-comunion-9788498052251\/#primaryimage\"},\"image\":{\"@id\":\"https:\/\/www.cpl.es\/producto\/la-cena-del-senor-misterio-de-comunion-9788498052251\/#primaryimage\"},\"thumbnailUrl\":\"https:\/\/www.cpl.es\/wp-content\/uploads\/111032.jpg\",\"datePublished\":\"2023-10-04T00:21:38+00:00\",\"dateModified\":\"2023-12-05T12:51:06+00:00\",\"breadcrumb\":{\"@id\":\"https:\/\/www.cpl.es\/producto\/la-cena-del-senor-misterio-de-comunion-9788498052251\/#breadcrumb\"},\"inLanguage\":\"ca\",\"potentialAction\":[{\"@type\":\"ReadAction\",\"target\":[\"https:\/\/www.cpl.es\/producto\/la-cena-del-senor-misterio-de-comunion-9788498052251\/\"]}]},{\"@type\":\"ImageObject\",\"inLanguage\":\"ca\",\"@id\":\"https:\/\/www.cpl.es\/producto\/la-cena-del-senor-misterio-de-comunion-9788498052251\/#primaryimage\",\"url\":\"https:\/\/www.cpl.es\/wp-content\/uploads\/111032.jpg\",\"contentUrl\":\"https:\/\/www.cpl.es\/wp-content\/uploads\/111032.jpg\",\"width\":276,\"height\":431,\"caption\":\"111032.jpg\"},{\"@type\":\"BreadcrumbList\",\"@id\":\"https:\/\/www.cpl.es\/producto\/la-cena-del-senor-misterio-de-comunion-9788498052251\/#breadcrumb\",\"itemListElement\":[{\"@type\":\"ListItem\",\"position\":1,\"name\":\"Portada\",\"item\":\"https:\/\/www.cpl.es\/ca\/\"},{\"@type\":\"ListItem\",\"position\":2,\"name\":\"Cat\u00e0leg\",\"item\":\"https:\/\/www.cpl.es\/ca\/cataleg\/\"},{\"@type\":\"ListItem\",\"position\":3,\"name\":\"La Cena del Se\u00f1or, misterio de comuni\u00f3n\"}]},{\"@type\":\"WebSite\",\"@id\":\"https:\/\/www.cpl.es\/#website\",\"url\":\"https:\/\/www.cpl.es\/\",\"name\":\"CPL\",\"description\":\"Centre de Pastoral Lit\u00fargica de Barcelona\",\"publisher\":{\"@id\":\"https:\/\/www.cpl.es\/#organization\"},\"alternateName\":\"Centre de Pastoral Lit\u00fargica\",\"potentialAction\":[{\"@type\":\"SearchAction\",\"target\":{\"@type\":\"EntryPoint\",\"urlTemplate\":\"https:\/\/www.cpl.es\/?s={search_term_string}\"},\"query-input\":{\"@type\":\"PropertyValueSpecification\",\"valueRequired\":true,\"valueName\":\"search_term_string\"}}],\"inLanguage\":\"ca\"},{\"@type\":\"Organization\",\"@id\":\"https:\/\/www.cpl.es\/#organization\",\"name\":\"Centre de Pastoral Lit\u00fargica\",\"alternateName\":\"Centre de Pastoral Lit\u00fargica de Barcelona\",\"url\":\"https:\/\/www.cpl.es\/\",\"logo\":{\"@type\":\"ImageObject\",\"inLanguage\":\"ca\",\"@id\":\"https:\/\/www.cpl.es\/#\/schema\/logo\/image\/\",\"url\":\"https:\/\/www.cpl.es\/wp-content\/uploads\/logo-cpl.svg\",\"contentUrl\":\"https:\/\/www.cpl.es\/wp-content\/uploads\/logo-cpl.svg\",\"caption\":\"Centre de Pastoral Lit\u00fargica\"},\"image\":{\"@id\":\"https:\/\/www.cpl.es\/#\/schema\/logo\/image\/\"}}]}<\/script>\n<!-- \/ Yoast SEO plugin. -->","yoast_head_json":{"title":"La Cena del Se\u00f1or, misterio de comuni\u00f3n - CPL","robots":{"index":"index","follow":"follow","max-snippet":"max-snippet:-1","max-image-preview":"max-image-preview:large","max-video-preview":"max-video-preview:-1"},"canonical":"https:\/\/www.cpl.es\/producto\/la-cena-del-senor-misterio-de-comunion-9788498052251\/","og_locale":"ca_ES","og_type":"article","og_title":"La Cena del Se\u00f1or, misterio de comuni\u00f3n - CPL","og_description":"Fontbona Misse, Jaume","og_url":"https:\/\/www.cpl.es\/producto\/la-cena-del-senor-misterio-de-comunion-9788498052251\/","og_site_name":"CPL","article_modified_time":"2023-12-05T12:51:06+00:00","og_image":[{"width":276,"height":431,"url":"https:\/\/www.cpl.es\/wp-content\/uploads\/111032.jpg","type":"image\/jpeg"}],"twitter_card":"summary_large_image","twitter_misc":{"Temps estimat de lectura":"1 minut"},"schema":{"@context":"https:\/\/schema.org","@graph":[{"@type":"WebPage","@id":"https:\/\/www.cpl.es\/producto\/la-cena-del-senor-misterio-de-comunion-9788498052251\/","url":"https:\/\/www.cpl.es\/producto\/la-cena-del-senor-misterio-de-comunion-9788498052251\/","name":"La Cena del Se\u00f1or, misterio de comuni\u00f3n - CPL","isPartOf":{"@id":"https:\/\/www.cpl.es\/#website"},"primaryImageOfPage":{"@id":"https:\/\/www.cpl.es\/producto\/la-cena-del-senor-misterio-de-comunion-9788498052251\/#primaryimage"},"image":{"@id":"https:\/\/www.cpl.es\/producto\/la-cena-del-senor-misterio-de-comunion-9788498052251\/#primaryimage"},"thumbnailUrl":"https:\/\/www.cpl.es\/wp-content\/uploads\/111032.jpg","datePublished":"2023-10-04T00:21:38+00:00","dateModified":"2023-12-05T12:51:06+00:00","breadcrumb":{"@id":"https:\/\/www.cpl.es\/producto\/la-cena-del-senor-misterio-de-comunion-9788498052251\/#breadcrumb"},"inLanguage":"ca","potentialAction":[{"@type":"ReadAction","target":["https:\/\/www.cpl.es\/producto\/la-cena-del-senor-misterio-de-comunion-9788498052251\/"]}]},{"@type":"ImageObject","inLanguage":"ca","@id":"https:\/\/www.cpl.es\/producto\/la-cena-del-senor-misterio-de-comunion-9788498052251\/#primaryimage","url":"https:\/\/www.cpl.es\/wp-content\/uploads\/111032.jpg","contentUrl":"https:\/\/www.cpl.es\/wp-content\/uploads\/111032.jpg","width":276,"height":431,"caption":"111032.jpg"},{"@type":"BreadcrumbList","@id":"https:\/\/www.cpl.es\/producto\/la-cena-del-senor-misterio-de-comunion-9788498052251\/#breadcrumb","itemListElement":[{"@type":"ListItem","position":1,"name":"Portada","item":"https:\/\/www.cpl.es\/ca\/"},{"@type":"ListItem","position":2,"name":"Cat\u00e0leg","item":"https:\/\/www.cpl.es\/ca\/cataleg\/"},{"@type":"ListItem","position":3,"name":"La Cena del Se\u00f1or, misterio de comuni\u00f3n"}]},{"@type":"WebSite","@id":"https:\/\/www.cpl.es\/#website","url":"https:\/\/www.cpl.es\/","name":"CPL","description":"Centre de Pastoral Lit\u00fargica de Barcelona","publisher":{"@id":"https:\/\/www.cpl.es\/#organization"},"alternateName":"Centre de Pastoral Lit\u00fargica","potentialAction":[{"@type":"SearchAction","target":{"@type":"EntryPoint","urlTemplate":"https:\/\/www.cpl.es\/?s={search_term_string}"},"query-input":{"@type":"PropertyValueSpecification","valueRequired":true,"valueName":"search_term_string"}}],"inLanguage":"ca"},{"@type":"Organization","@id":"https:\/\/www.cpl.es\/#organization","name":"Centre de Pastoral Lit\u00fargica","alternateName":"Centre de Pastoral Lit\u00fargica de Barcelona","url":"https:\/\/www.cpl.es\/","logo":{"@type":"ImageObject","inLanguage":"ca","@id":"https:\/\/www.cpl.es\/#\/schema\/logo\/image\/","url":"https:\/\/www.cpl.es\/wp-content\/uploads\/logo-cpl.svg","contentUrl":"https:\/\/www.cpl.es\/wp-content\/uploads\/logo-cpl.svg","caption":"Centre de Pastoral Lit\u00fargica"},"image":{"@id":"https:\/\/www.cpl.es\/#\/schema\/logo\/image\/"}}]}},"_links":{"self":[{"href":"https:\/\/www.cpl.es\/ca\/wp-json\/wp\/v2\/product\/3780","targetHints":{"allow":["GET"]}}],"collection":[{"href":"https:\/\/www.cpl.es\/ca\/wp-json\/wp\/v2\/product"}],"about":[{"href":"https:\/\/www.cpl.es\/ca\/wp-json\/wp\/v2\/types\/product"}],"wp:featuredmedia":[{"embeddable":true,"href":"https:\/\/www.cpl.es\/ca\/wp-json\/wp\/v2\/media\/3781"}],"wp:attachment":[{"href":"https:\/\/www.cpl.es\/ca\/wp-json\/wp\/v2\/media?parent=3780"}],"wp:term":[{"taxonomy":"product_brand","embeddable":true,"href":"https:\/\/www.cpl.es\/ca\/wp-json\/wp\/v2\/product_brand?post=3780"},{"taxonomy":"product_cat","embeddable":true,"href":"https:\/\/www.cpl.es\/ca\/wp-json\/wp\/v2\/product_cat?post=3780"},{"taxonomy":"product_tag","embeddable":true,"href":"https:\/\/www.cpl.es\/ca\/wp-json\/wp\/v2\/product_tag?post=3780"}],"curies":[{"name":"wp","href":"https:\/\/api.w.org\/{rel}","templated":true}]}}