{"id":3382,"date":"2023-10-04T02:11:02","date_gmt":"2023-10-04T00:11:02","guid":{"rendered":"https:\/\/nuevaweb.cpl.es\/producto\/ministerio-ordenado-ministerio-de-comunion-9788498053609\/"},"modified":"2026-02-12T17:42:12","modified_gmt":"2026-02-12T16:42:12","slug":"ministerio-ordenado-ministerio-de-comunion-9788498053609","status":"publish","type":"product","link":"https:\/\/www.cpl.es\/ca\/producto\/ministerio-ordenado-ministerio-de-comunion-9788498053609\/","title":{"rendered":"Ministerio ordenado, ministerio de comuni\u00f3n"},"content":{"rendered":"<p>Una reflexi\u00f3n teol\u00f3gica, sistem\u00e1tica y profunda, sobre lo que significa en la Iglesia el ministerio ordenado, es decir, el ministerio del obispo, el presb\u00edtero y el di\u00e1cono, que el autor elabora y presenta desde su experiencia de profesor en la Facultad de Teolog\u00eda de Catalu\u00f1a unida a la experiencia pastoral en los movimientos de Acci\u00f3n Cat\u00f3lica.<\/p>\n","protected":false},"excerpt":{"rendered":"<p>Fontbona Miss\u00e9, Jaume<\/p>\n","protected":false},"featured_media":3383,"template":"","meta":{"_acf_changed":false,"inline_featured_image":false},"product_brand":[],"product_cat":[74,46,84,61,122,144,140,118],"product_tag":[],"class_list":{"0":"post-3382","1":"product","2":"type-product","3":"status-publish","4":"has-post-thumbnail","6":"product_cat-biblioteca-liturgica-colleccions-catala","7":"product_cat-biblioteca-liturgica","8":"product_cat-liturgia-i-teologia","9":"product_cat-liturgia-y-teologia","10":"product_cat-ministerios","11":"product_cat-ministeris","12":"product_cat-ordenacio","13":"product_cat-ordenacion","15":"first","16":"instock","17":"taxable","18":"shipping-taxable","19":"purchasable","20":"product-type-simple"},"acf":{"autor":"Fontbona Miss\u00e9, Jaume","codart":"111036","ediciones":"1","encuadernacion":"R\u00fastica","fecha_de_publicacion":"02\/10\/2009","novedad":false,"paginas":"200","subtitulo":"","orden":"1008","portada":false,"idioma":"spa","editorial":[{"ID":6736,"post_author":"2","post_date":"2023-10-06 08:35:24","post_date_gmt":"2023-10-06 06:35:24","post_content":"","post_title":"CPL","post_excerpt":"","post_status":"publish","comment_status":"closed","ping_status":"closed","post_password":"","post_name":"cpl","to_ping":"","pinged":"","post_modified":"2023-10-06 08:35:24","post_modified_gmt":"2023-10-06 06:35:24","post_content_filtered":"","post_parent":0,"guid":"https:\/\/nuevaweb.cpl.es\/editorial\/cpl\/","menu_order":0,"post_type":"editorial","post_mime_type":"","comment_count":"0","filter":"raw"}],"coleccion_num":"36"},"yoast_head":"<!-- This site is optimized with the Yoast SEO plugin v27.3 - https:\/\/yoast.com\/product\/yoast-seo-wordpress\/ -->\n<title>Ministerio ordenado, ministerio de comuni\u00f3n - CPL<\/title>\n<meta name=\"robots\" content=\"index, follow, max-snippet:-1, max-image-preview:large, max-video-preview:-1\" \/>\n<link rel=\"canonical\" href=\"https:\/\/www.cpl.es\/producto\/ministerio-ordenado-ministerio-de-comunion-9788498053609\/\" \/>\n<meta property=\"og:locale\" content=\"ca_ES\" \/>\n<meta property=\"og:type\" content=\"article\" \/>\n<meta property=\"og:title\" content=\"Ministerio ordenado, ministerio de comuni\u00f3n - CPL\" \/>\n<meta property=\"og:description\" content=\"Fontbona Miss\u00e9, Jaume\" \/>\n<meta property=\"og:url\" content=\"https:\/\/www.cpl.es\/producto\/ministerio-ordenado-ministerio-de-comunion-9788498053609\/\" \/>\n<meta property=\"og:site_name\" content=\"CPL\" \/>\n<meta property=\"article:modified_time\" content=\"2026-02-12T16:42:12+00:00\" \/>\n<meta property=\"og:image\" content=\"https:\/\/www.cpl.es\/wp-content\/uploads\/111036.jpg\" \/>\n\t<meta property=\"og:image:width\" content=\"300\" \/>\n\t<meta property=\"og:image:height\" content=\"428\" \/>\n\t<meta property=\"og:image:type\" content=\"image\/jpeg\" \/>\n<meta name=\"twitter:card\" content=\"summary_large_image\" \/>\n<script type=\"application\/ld+json\" class=\"yoast-schema-graph\">{\"@context\":\"https:\\\/\\\/schema.org\",\"@graph\":[{\"@type\":\"WebPage\",\"@id\":\"https:\\\/\\\/www.cpl.es\\\/producto\\\/ministerio-ordenado-ministerio-de-comunion-9788498053609\\\/\",\"url\":\"https:\\\/\\\/www.cpl.es\\\/producto\\\/ministerio-ordenado-ministerio-de-comunion-9788498053609\\\/\",\"name\":\"Ministerio ordenado, ministerio de comuni\u00f3n - CPL\",\"isPartOf\":{\"@id\":\"https:\\\/\\\/www.cpl.es\\\/#website\"},\"primaryImageOfPage\":{\"@id\":\"https:\\\/\\\/www.cpl.es\\\/producto\\\/ministerio-ordenado-ministerio-de-comunion-9788498053609\\\/#primaryimage\"},\"image\":{\"@id\":\"https:\\\/\\\/www.cpl.es\\\/producto\\\/ministerio-ordenado-ministerio-de-comunion-9788498053609\\\/#primaryimage\"},\"thumbnailUrl\":\"https:\\\/\\\/www.cpl.es\\\/wp-content\\\/uploads\\\/111036.jpg\",\"datePublished\":\"2023-10-04T00:11:02+00:00\",\"dateModified\":\"2026-02-12T16:42:12+00:00\",\"breadcrumb\":{\"@id\":\"https:\\\/\\\/www.cpl.es\\\/producto\\\/ministerio-ordenado-ministerio-de-comunion-9788498053609\\\/#breadcrumb\"},\"inLanguage\":\"ca\",\"potentialAction\":[{\"@type\":\"ReadAction\",\"target\":[\"https:\\\/\\\/www.cpl.es\\\/producto\\\/ministerio-ordenado-ministerio-de-comunion-9788498053609\\\/\"]}]},{\"@type\":\"ImageObject\",\"inLanguage\":\"ca\",\"@id\":\"https:\\\/\\\/www.cpl.es\\\/producto\\\/ministerio-ordenado-ministerio-de-comunion-9788498053609\\\/#primaryimage\",\"url\":\"https:\\\/\\\/www.cpl.es\\\/wp-content\\\/uploads\\\/111036.jpg\",\"contentUrl\":\"https:\\\/\\\/www.cpl.es\\\/wp-content\\\/uploads\\\/111036.jpg\",\"width\":300,\"height\":428,\"caption\":\"111036.jpg\"},{\"@type\":\"BreadcrumbList\",\"@id\":\"https:\\\/\\\/www.cpl.es\\\/producto\\\/ministerio-ordenado-ministerio-de-comunion-9788498053609\\\/#breadcrumb\",\"itemListElement\":[{\"@type\":\"ListItem\",\"position\":1,\"name\":\"Portada\",\"item\":\"https:\\\/\\\/www.cpl.es\\\/ca\\\/\"},{\"@type\":\"ListItem\",\"position\":2,\"name\":\"Cat\u00e0leg\",\"item\":\"https:\\\/\\\/www.cpl.es\\\/ca\\\/cataleg\\\/\"},{\"@type\":\"ListItem\",\"position\":3,\"name\":\"Ministerio ordenado, ministerio de comuni\u00f3n\"}]},{\"@type\":\"WebSite\",\"@id\":\"https:\\\/\\\/www.cpl.es\\\/#website\",\"url\":\"https:\\\/\\\/www.cpl.es\\\/\",\"name\":\"CPL\",\"description\":\"Centre de Pastoral Lit\u00fargica de Barcelona\",\"publisher\":{\"@id\":\"https:\\\/\\\/www.cpl.es\\\/#organization\"},\"alternateName\":\"Centre de Pastoral Lit\u00fargica\",\"potentialAction\":[{\"@type\":\"SearchAction\",\"target\":{\"@type\":\"EntryPoint\",\"urlTemplate\":\"https:\\\/\\\/www.cpl.es\\\/?s={search_term_string}\"},\"query-input\":{\"@type\":\"PropertyValueSpecification\",\"valueRequired\":true,\"valueName\":\"search_term_string\"}}],\"inLanguage\":\"ca\"},{\"@type\":\"Organization\",\"@id\":\"https:\\\/\\\/www.cpl.es\\\/#organization\",\"name\":\"Centre de Pastoral Lit\u00fargica\",\"alternateName\":\"Centre de Pastoral Lit\u00fargica de Barcelona\",\"url\":\"https:\\\/\\\/www.cpl.es\\\/\",\"logo\":{\"@type\":\"ImageObject\",\"inLanguage\":\"ca\",\"@id\":\"https:\\\/\\\/www.cpl.es\\\/#\\\/schema\\\/logo\\\/image\\\/\",\"url\":\"https:\\\/\\\/www.cpl.es\\\/wp-content\\\/uploads\\\/logo-cpl.svg\",\"contentUrl\":\"https:\\\/\\\/www.cpl.es\\\/wp-content\\\/uploads\\\/logo-cpl.svg\",\"caption\":\"Centre de Pastoral Lit\u00fargica\"},\"image\":{\"@id\":\"https:\\\/\\\/www.cpl.es\\\/#\\\/schema\\\/logo\\\/image\\\/\"}}]}<\/script>\n<!-- \/ Yoast SEO plugin. -->","yoast_head_json":{"title":"Ministerio ordenado, ministerio de comuni\u00f3n - CPL","robots":{"index":"index","follow":"follow","max-snippet":"max-snippet:-1","max-image-preview":"max-image-preview:large","max-video-preview":"max-video-preview:-1"},"canonical":"https:\/\/www.cpl.es\/producto\/ministerio-ordenado-ministerio-de-comunion-9788498053609\/","og_locale":"ca_ES","og_type":"article","og_title":"Ministerio ordenado, ministerio de comuni\u00f3n - CPL","og_description":"Fontbona Miss\u00e9, Jaume","og_url":"https:\/\/www.cpl.es\/producto\/ministerio-ordenado-ministerio-de-comunion-9788498053609\/","og_site_name":"CPL","article_modified_time":"2026-02-12T16:42:12+00:00","og_image":[{"width":300,"height":428,"url":"https:\/\/www.cpl.es\/wp-content\/uploads\/111036.jpg","type":"image\/jpeg"}],"twitter_card":"summary_large_image","schema":{"@context":"https:\/\/schema.org","@graph":[{"@type":"WebPage","@id":"https:\/\/www.cpl.es\/producto\/ministerio-ordenado-ministerio-de-comunion-9788498053609\/","url":"https:\/\/www.cpl.es\/producto\/ministerio-ordenado-ministerio-de-comunion-9788498053609\/","name":"Ministerio ordenado, ministerio de comuni\u00f3n - CPL","isPartOf":{"@id":"https:\/\/www.cpl.es\/#website"},"primaryImageOfPage":{"@id":"https:\/\/www.cpl.es\/producto\/ministerio-ordenado-ministerio-de-comunion-9788498053609\/#primaryimage"},"image":{"@id":"https:\/\/www.cpl.es\/producto\/ministerio-ordenado-ministerio-de-comunion-9788498053609\/#primaryimage"},"thumbnailUrl":"https:\/\/www.cpl.es\/wp-content\/uploads\/111036.jpg","datePublished":"2023-10-04T00:11:02+00:00","dateModified":"2026-02-12T16:42:12+00:00","breadcrumb":{"@id":"https:\/\/www.cpl.es\/producto\/ministerio-ordenado-ministerio-de-comunion-9788498053609\/#breadcrumb"},"inLanguage":"ca","potentialAction":[{"@type":"ReadAction","target":["https:\/\/www.cpl.es\/producto\/ministerio-ordenado-ministerio-de-comunion-9788498053609\/"]}]},{"@type":"ImageObject","inLanguage":"ca","@id":"https:\/\/www.cpl.es\/producto\/ministerio-ordenado-ministerio-de-comunion-9788498053609\/#primaryimage","url":"https:\/\/www.cpl.es\/wp-content\/uploads\/111036.jpg","contentUrl":"https:\/\/www.cpl.es\/wp-content\/uploads\/111036.jpg","width":300,"height":428,"caption":"111036.jpg"},{"@type":"BreadcrumbList","@id":"https:\/\/www.cpl.es\/producto\/ministerio-ordenado-ministerio-de-comunion-9788498053609\/#breadcrumb","itemListElement":[{"@type":"ListItem","position":1,"name":"Portada","item":"https:\/\/www.cpl.es\/ca\/"},{"@type":"ListItem","position":2,"name":"Cat\u00e0leg","item":"https:\/\/www.cpl.es\/ca\/cataleg\/"},{"@type":"ListItem","position":3,"name":"Ministerio ordenado, ministerio de comuni\u00f3n"}]},{"@type":"WebSite","@id":"https:\/\/www.cpl.es\/#website","url":"https:\/\/www.cpl.es\/","name":"CPL","description":"Centre de Pastoral Lit\u00fargica de Barcelona","publisher":{"@id":"https:\/\/www.cpl.es\/#organization"},"alternateName":"Centre de Pastoral Lit\u00fargica","potentialAction":[{"@type":"SearchAction","target":{"@type":"EntryPoint","urlTemplate":"https:\/\/www.cpl.es\/?s={search_term_string}"},"query-input":{"@type":"PropertyValueSpecification","valueRequired":true,"valueName":"search_term_string"}}],"inLanguage":"ca"},{"@type":"Organization","@id":"https:\/\/www.cpl.es\/#organization","name":"Centre de Pastoral Lit\u00fargica","alternateName":"Centre de Pastoral Lit\u00fargica de Barcelona","url":"https:\/\/www.cpl.es\/","logo":{"@type":"ImageObject","inLanguage":"ca","@id":"https:\/\/www.cpl.es\/#\/schema\/logo\/image\/","url":"https:\/\/www.cpl.es\/wp-content\/uploads\/logo-cpl.svg","contentUrl":"https:\/\/www.cpl.es\/wp-content\/uploads\/logo-cpl.svg","caption":"Centre de Pastoral Lit\u00fargica"},"image":{"@id":"https:\/\/www.cpl.es\/#\/schema\/logo\/image\/"}}]}},"_links":{"self":[{"href":"https:\/\/www.cpl.es\/ca\/wp-json\/wp\/v2\/product\/3382","targetHints":{"allow":["GET"]}}],"collection":[{"href":"https:\/\/www.cpl.es\/ca\/wp-json\/wp\/v2\/product"}],"about":[{"href":"https:\/\/www.cpl.es\/ca\/wp-json\/wp\/v2\/types\/product"}],"wp:featuredmedia":[{"embeddable":true,"href":"https:\/\/www.cpl.es\/ca\/wp-json\/wp\/v2\/media\/3383"}],"wp:attachment":[{"href":"https:\/\/www.cpl.es\/ca\/wp-json\/wp\/v2\/media?parent=3382"}],"wp:term":[{"taxonomy":"product_brand","embeddable":true,"href":"https:\/\/www.cpl.es\/ca\/wp-json\/wp\/v2\/product_brand?post=3382"},{"taxonomy":"product_cat","embeddable":true,"href":"https:\/\/www.cpl.es\/ca\/wp-json\/wp\/v2\/product_cat?post=3382"},{"taxonomy":"product_tag","embeddable":true,"href":"https:\/\/www.cpl.es\/ca\/wp-json\/wp\/v2\/product_tag?post=3382"}],"curies":[{"name":"wp","href":"https:\/\/api.w.org\/{rel}","templated":true}]}}