{"id":3283,"date":"2023-10-04T02:08:00","date_gmt":"2023-10-04T00:08:00","guid":{"rendered":"https:\/\/nuevaweb.cpl.es\/producto\/carlos-de-foucauld-el-hermano-carlos-9788498053852\/"},"modified":"2026-02-12T17:06:23","modified_gmt":"2026-02-12T16:06:23","slug":"carlos-de-foucauld-el-hermano-carlos-9788498053852","status":"publish","type":"product","link":"https:\/\/www.cpl.es\/ca\/producto\/carlos-de-foucauld-el-hermano-carlos-9788498053852\/","title":{"rendered":"Carlos de Foucauld, el hermano Carlos"},"content":{"rendered":"<p>La b\u00fasqueda de Dios en el silencio, la sencillez, y la fraternidad universal.<\/p>\n<p>Y la historia empieza as\u00ed:<\/p>\n<p>&#8216;La historia de Carlos de Foucauld, el hermano Carlos, es la historia de una conversi\u00f3n que dura toda la vida. Sus r\u00edgidos ideales iniciales se ir\u00e1n transformando, progresivamente, hacia la acogida fraterna del otro. Y ese estilo cristiano ser\u00e1 reconocido eclesialmente al ser beatificado el 13 de noviembre de 2005&#8230;'<\/p>\n","protected":false},"excerpt":{"rendered":"<p>Fisa Basch, Josep Maria<\/p>\n","protected":false},"featured_media":3284,"template":"","meta":{"_acf_changed":false,"inline_featured_image":false},"product_brand":[],"product_cat":[112,133,53,70,154],"product_tag":[],"class_list":{"0":"post-3283","1":"product","2":"type-product","3":"status-publish","4":"has-post-thumbnail","6":"product_cat-santoral","7":"product_cat-santoral-any-liturgic-per-temes","8":"product_cat-santos-y-santas","9":"product_cat-sants-i-santes","10":"product_cat-vida-de-santos","12":"first","13":"instock","14":"taxable","15":"shipping-taxable","16":"purchasable","17":"product-type-simple"},"acf":{"autor":"Fisa Basch, Josep Maria","codart":"112161","ediciones":"1","encuadernacion":"Grapado","fecha_de_publicacion":"09\/02\/2010","novedad":false,"paginas":"20","subtitulo":"","orden":"24","portada":false,"idioma":"spa","editorial":[{"ID":6736,"post_author":"2","post_date":"2023-10-06 08:35:24","post_date_gmt":"2023-10-06 06:35:24","post_content":"","post_title":"CPL","post_excerpt":"","post_status":"publish","comment_status":"closed","ping_status":"closed","post_password":"","post_name":"cpl","to_ping":"","pinged":"","post_modified":"2023-10-06 08:35:24","post_modified_gmt":"2023-10-06 06:35:24","post_content_filtered":"","post_parent":0,"guid":"https:\/\/nuevaweb.cpl.es\/editorial\/cpl\/","menu_order":0,"post_type":"editorial","post_mime_type":"","comment_count":"0","filter":"raw"}],"coleccion_num":"161"},"yoast_head":"<!-- This site is optimized with the Yoast SEO plugin v27.3 - https:\/\/yoast.com\/product\/yoast-seo-wordpress\/ -->\n<title>Carlos de Foucauld, el hermano Carlos - CPL<\/title>\n<meta name=\"robots\" content=\"index, follow, max-snippet:-1, max-image-preview:large, max-video-preview:-1\" \/>\n<link rel=\"canonical\" href=\"https:\/\/www.cpl.es\/producto\/carlos-de-foucauld-el-hermano-carlos-9788498053852\/\" \/>\n<meta property=\"og:locale\" content=\"ca_ES\" \/>\n<meta property=\"og:type\" content=\"article\" \/>\n<meta property=\"og:title\" content=\"Carlos de Foucauld, el hermano Carlos - CPL\" \/>\n<meta property=\"og:description\" content=\"Fisa Basch, Josep Maria\" \/>\n<meta property=\"og:url\" content=\"https:\/\/www.cpl.es\/producto\/carlos-de-foucauld-el-hermano-carlos-9788498053852\/\" \/>\n<meta property=\"og:site_name\" content=\"CPL\" \/>\n<meta property=\"article:modified_time\" content=\"2026-02-12T16:06:23+00:00\" \/>\n<meta property=\"og:image\" content=\"https:\/\/www.cpl.es\/wp-content\/uploads\/112161.jpg\" \/>\n\t<meta property=\"og:image:width\" content=\"280\" \/>\n\t<meta property=\"og:image:height\" content=\"415\" \/>\n\t<meta property=\"og:image:type\" content=\"image\/jpeg\" \/>\n<meta name=\"twitter:card\" content=\"summary_large_image\" \/>\n<script type=\"application\/ld+json\" class=\"yoast-schema-graph\">{\"@context\":\"https:\\\/\\\/schema.org\",\"@graph\":[{\"@type\":\"WebPage\",\"@id\":\"https:\\\/\\\/www.cpl.es\\\/producto\\\/carlos-de-foucauld-el-hermano-carlos-9788498053852\\\/\",\"url\":\"https:\\\/\\\/www.cpl.es\\\/producto\\\/carlos-de-foucauld-el-hermano-carlos-9788498053852\\\/\",\"name\":\"Carlos de Foucauld, el hermano Carlos - CPL\",\"isPartOf\":{\"@id\":\"https:\\\/\\\/www.cpl.es\\\/#website\"},\"primaryImageOfPage\":{\"@id\":\"https:\\\/\\\/www.cpl.es\\\/producto\\\/carlos-de-foucauld-el-hermano-carlos-9788498053852\\\/#primaryimage\"},\"image\":{\"@id\":\"https:\\\/\\\/www.cpl.es\\\/producto\\\/carlos-de-foucauld-el-hermano-carlos-9788498053852\\\/#primaryimage\"},\"thumbnailUrl\":\"https:\\\/\\\/www.cpl.es\\\/wp-content\\\/uploads\\\/112161.jpg\",\"datePublished\":\"2023-10-04T00:08:00+00:00\",\"dateModified\":\"2026-02-12T16:06:23+00:00\",\"breadcrumb\":{\"@id\":\"https:\\\/\\\/www.cpl.es\\\/producto\\\/carlos-de-foucauld-el-hermano-carlos-9788498053852\\\/#breadcrumb\"},\"inLanguage\":\"ca\",\"potentialAction\":[{\"@type\":\"ReadAction\",\"target\":[\"https:\\\/\\\/www.cpl.es\\\/producto\\\/carlos-de-foucauld-el-hermano-carlos-9788498053852\\\/\"]}]},{\"@type\":\"ImageObject\",\"inLanguage\":\"ca\",\"@id\":\"https:\\\/\\\/www.cpl.es\\\/producto\\\/carlos-de-foucauld-el-hermano-carlos-9788498053852\\\/#primaryimage\",\"url\":\"https:\\\/\\\/www.cpl.es\\\/wp-content\\\/uploads\\\/112161.jpg\",\"contentUrl\":\"https:\\\/\\\/www.cpl.es\\\/wp-content\\\/uploads\\\/112161.jpg\",\"width\":280,\"height\":415,\"caption\":\"112161.jpg\"},{\"@type\":\"BreadcrumbList\",\"@id\":\"https:\\\/\\\/www.cpl.es\\\/producto\\\/carlos-de-foucauld-el-hermano-carlos-9788498053852\\\/#breadcrumb\",\"itemListElement\":[{\"@type\":\"ListItem\",\"position\":1,\"name\":\"Portada\",\"item\":\"https:\\\/\\\/www.cpl.es\\\/ca\\\/\"},{\"@type\":\"ListItem\",\"position\":2,\"name\":\"Cat\u00e0leg\",\"item\":\"https:\\\/\\\/www.cpl.es\\\/ca\\\/cataleg\\\/\"},{\"@type\":\"ListItem\",\"position\":3,\"name\":\"Carlos de Foucauld, el hermano Carlos\"}]},{\"@type\":\"WebSite\",\"@id\":\"https:\\\/\\\/www.cpl.es\\\/#website\",\"url\":\"https:\\\/\\\/www.cpl.es\\\/\",\"name\":\"CPL\",\"description\":\"Centre de Pastoral Lit\u00fargica de Barcelona\",\"publisher\":{\"@id\":\"https:\\\/\\\/www.cpl.es\\\/#organization\"},\"alternateName\":\"Centre de Pastoral Lit\u00fargica\",\"potentialAction\":[{\"@type\":\"SearchAction\",\"target\":{\"@type\":\"EntryPoint\",\"urlTemplate\":\"https:\\\/\\\/www.cpl.es\\\/?s={search_term_string}\"},\"query-input\":{\"@type\":\"PropertyValueSpecification\",\"valueRequired\":true,\"valueName\":\"search_term_string\"}}],\"inLanguage\":\"ca\"},{\"@type\":\"Organization\",\"@id\":\"https:\\\/\\\/www.cpl.es\\\/#organization\",\"name\":\"Centre de Pastoral Lit\u00fargica\",\"alternateName\":\"Centre de Pastoral Lit\u00fargica de Barcelona\",\"url\":\"https:\\\/\\\/www.cpl.es\\\/\",\"logo\":{\"@type\":\"ImageObject\",\"inLanguage\":\"ca\",\"@id\":\"https:\\\/\\\/www.cpl.es\\\/#\\\/schema\\\/logo\\\/image\\\/\",\"url\":\"https:\\\/\\\/www.cpl.es\\\/wp-content\\\/uploads\\\/logo-cpl.svg\",\"contentUrl\":\"https:\\\/\\\/www.cpl.es\\\/wp-content\\\/uploads\\\/logo-cpl.svg\",\"caption\":\"Centre de Pastoral Lit\u00fargica\"},\"image\":{\"@id\":\"https:\\\/\\\/www.cpl.es\\\/#\\\/schema\\\/logo\\\/image\\\/\"}}]}<\/script>\n<!-- \/ Yoast SEO plugin. -->","yoast_head_json":{"title":"Carlos de Foucauld, el hermano Carlos - CPL","robots":{"index":"index","follow":"follow","max-snippet":"max-snippet:-1","max-image-preview":"max-image-preview:large","max-video-preview":"max-video-preview:-1"},"canonical":"https:\/\/www.cpl.es\/producto\/carlos-de-foucauld-el-hermano-carlos-9788498053852\/","og_locale":"ca_ES","og_type":"article","og_title":"Carlos de Foucauld, el hermano Carlos - CPL","og_description":"Fisa Basch, Josep Maria","og_url":"https:\/\/www.cpl.es\/producto\/carlos-de-foucauld-el-hermano-carlos-9788498053852\/","og_site_name":"CPL","article_modified_time":"2026-02-12T16:06:23+00:00","og_image":[{"width":280,"height":415,"url":"https:\/\/www.cpl.es\/wp-content\/uploads\/112161.jpg","type":"image\/jpeg"}],"twitter_card":"summary_large_image","schema":{"@context":"https:\/\/schema.org","@graph":[{"@type":"WebPage","@id":"https:\/\/www.cpl.es\/producto\/carlos-de-foucauld-el-hermano-carlos-9788498053852\/","url":"https:\/\/www.cpl.es\/producto\/carlos-de-foucauld-el-hermano-carlos-9788498053852\/","name":"Carlos de Foucauld, el hermano Carlos - CPL","isPartOf":{"@id":"https:\/\/www.cpl.es\/#website"},"primaryImageOfPage":{"@id":"https:\/\/www.cpl.es\/producto\/carlos-de-foucauld-el-hermano-carlos-9788498053852\/#primaryimage"},"image":{"@id":"https:\/\/www.cpl.es\/producto\/carlos-de-foucauld-el-hermano-carlos-9788498053852\/#primaryimage"},"thumbnailUrl":"https:\/\/www.cpl.es\/wp-content\/uploads\/112161.jpg","datePublished":"2023-10-04T00:08:00+00:00","dateModified":"2026-02-12T16:06:23+00:00","breadcrumb":{"@id":"https:\/\/www.cpl.es\/producto\/carlos-de-foucauld-el-hermano-carlos-9788498053852\/#breadcrumb"},"inLanguage":"ca","potentialAction":[{"@type":"ReadAction","target":["https:\/\/www.cpl.es\/producto\/carlos-de-foucauld-el-hermano-carlos-9788498053852\/"]}]},{"@type":"ImageObject","inLanguage":"ca","@id":"https:\/\/www.cpl.es\/producto\/carlos-de-foucauld-el-hermano-carlos-9788498053852\/#primaryimage","url":"https:\/\/www.cpl.es\/wp-content\/uploads\/112161.jpg","contentUrl":"https:\/\/www.cpl.es\/wp-content\/uploads\/112161.jpg","width":280,"height":415,"caption":"112161.jpg"},{"@type":"BreadcrumbList","@id":"https:\/\/www.cpl.es\/producto\/carlos-de-foucauld-el-hermano-carlos-9788498053852\/#breadcrumb","itemListElement":[{"@type":"ListItem","position":1,"name":"Portada","item":"https:\/\/www.cpl.es\/ca\/"},{"@type":"ListItem","position":2,"name":"Cat\u00e0leg","item":"https:\/\/www.cpl.es\/ca\/cataleg\/"},{"@type":"ListItem","position":3,"name":"Carlos de Foucauld, el hermano Carlos"}]},{"@type":"WebSite","@id":"https:\/\/www.cpl.es\/#website","url":"https:\/\/www.cpl.es\/","name":"CPL","description":"Centre de Pastoral Lit\u00fargica de Barcelona","publisher":{"@id":"https:\/\/www.cpl.es\/#organization"},"alternateName":"Centre de Pastoral Lit\u00fargica","potentialAction":[{"@type":"SearchAction","target":{"@type":"EntryPoint","urlTemplate":"https:\/\/www.cpl.es\/?s={search_term_string}"},"query-input":{"@type":"PropertyValueSpecification","valueRequired":true,"valueName":"search_term_string"}}],"inLanguage":"ca"},{"@type":"Organization","@id":"https:\/\/www.cpl.es\/#organization","name":"Centre de Pastoral Lit\u00fargica","alternateName":"Centre de Pastoral Lit\u00fargica de Barcelona","url":"https:\/\/www.cpl.es\/","logo":{"@type":"ImageObject","inLanguage":"ca","@id":"https:\/\/www.cpl.es\/#\/schema\/logo\/image\/","url":"https:\/\/www.cpl.es\/wp-content\/uploads\/logo-cpl.svg","contentUrl":"https:\/\/www.cpl.es\/wp-content\/uploads\/logo-cpl.svg","caption":"Centre de Pastoral Lit\u00fargica"},"image":{"@id":"https:\/\/www.cpl.es\/#\/schema\/logo\/image\/"}}]}},"_links":{"self":[{"href":"https:\/\/www.cpl.es\/ca\/wp-json\/wp\/v2\/product\/3283","targetHints":{"allow":["GET"]}}],"collection":[{"href":"https:\/\/www.cpl.es\/ca\/wp-json\/wp\/v2\/product"}],"about":[{"href":"https:\/\/www.cpl.es\/ca\/wp-json\/wp\/v2\/types\/product"}],"wp:featuredmedia":[{"embeddable":true,"href":"https:\/\/www.cpl.es\/ca\/wp-json\/wp\/v2\/media\/3284"}],"wp:attachment":[{"href":"https:\/\/www.cpl.es\/ca\/wp-json\/wp\/v2\/media?parent=3283"}],"wp:term":[{"taxonomy":"product_brand","embeddable":true,"href":"https:\/\/www.cpl.es\/ca\/wp-json\/wp\/v2\/product_brand?post=3283"},{"taxonomy":"product_cat","embeddable":true,"href":"https:\/\/www.cpl.es\/ca\/wp-json\/wp\/v2\/product_cat?post=3283"},{"taxonomy":"product_tag","embeddable":true,"href":"https:\/\/www.cpl.es\/ca\/wp-json\/wp\/v2\/product_tag?post=3283"}],"curies":[{"name":"wp","href":"https:\/\/api.w.org\/{rel}","templated":true}]}}