{"id":3202,"date":"2023-10-04T02:05:34","date_gmt":"2023-10-04T00:05:34","guid":{"rendered":"https:\/\/nuevaweb.cpl.es\/producto\/sacramentalidad-de-la-liturgia-la-9788498054125\/"},"modified":"2023-12-05T13:47:28","modified_gmt":"2023-12-05T12:47:28","slug":"sacramentalidad-de-la-liturgia-la-9788498054125","status":"publish","type":"product","link":"https:\/\/www.cpl.es\/ca\/producto\/sacramentalidad-de-la-liturgia-la-9788498054125\/","title":{"rendered":"Sacramentalidad de la Liturgia, La"},"content":{"rendered":"<p>Corresponde al tema de las trig\u00e9simo cuartas Jornadas de la AEPL celebradas en Salamanca en septiembre de 2009: \u201cLa sacramentalidad de la liturgia\u201d. Su contenido se vertebra en torno a tres dimensiones que corresponden al programa de los tres d\u00edas.<br \/>En primer lugar, se ofrece una explicaci\u00f3n del sentido sacramental de la liturgia desde las dos tradiciones teol\u00f3gicas m\u00e1s representativas de Oriente y Occidente. Su Eminencia Rvma Policarpo, Metropolita de Espa\u00f1a y Portugal expone el sentido sacramental de la liturgia desde la perspectiva<br \/>ortodoxa, centr\u00e1ndose en la celebraci\u00f3n de la Divina Liturgia; y el profesor<br \/>Pedro Fern\u00e1ndez trata del sentido sacramental de la liturgia desde la perspectiva cat\u00f3lica. Entre ambos podemos descubrir dos perspectivas diferentes antes la misma realidad sacramental de la liturgia.<br \/>En segundo lugar, se estudia la sacramentalidad de la liturgia en la tradici\u00f3n cat\u00f3lica. Dionisio Borobio, profesor de la Universidad Pontificia<br \/>de Salamanca y reconocido experto en estos temas, expone el sentido<br \/>amplio de la sacramentalidad en la existencia cristiana; Juan Manuel Sierra, oficial de la Congregaci\u00f3n para el Culto Divino y la Disciplina de los Sacramentos, recuerda la importancia del septenario sacramental en la teolog\u00eda cat\u00f3lica; y Manuel Gonz\u00e1lez L\u00f3pez-Corps, director del Bienio de Liturgia de la Facultad de Teolog\u00eda \u201cSan D\u00e1maso\u201d de Madrid, profundiza en el sentido de los sacramentales.<br \/>En tercer lugar, no se quiere olvidar la dimensi\u00f3n pastoral de este tema, que intenta traducir los principios expuestos previamente a la praxis celebrativa de la liturgia. Es el profesor Jaume Gonz\u00e1lez Padr\u00f3s, profesor<br \/>del Instituto Superior de Liturgis de Barcelona, quien trata las implicaciones<br \/>pastorales de la sacramentalidad de la liturgia.<br \/>Finalmente el profesor Jos\u00e9 Mar\u00eda de Miguel, profesor tambi\u00e9n de la Universidad Pontificia de Salamanca, quien ofrece una s\u00edntesis final del encuentro, que sirve de colof\u00f3n y est\u00edmulo para nuestro quehacer acad\u00e9mico<br \/>y pastoral.<\/p>\n","protected":false},"excerpt":{"rendered":"<p>Asociaci\u00f3n Espa\u00f1ola de Profesores de Liturgia<\/p>\n","protected":false},"featured_media":3203,"template":"","meta":{"_acf_changed":false,"inline_featured_image":false},"product_brand":[],"product_cat":[93,84,61,64,87],"product_tag":[],"class_list":{"0":"post-3202","1":"product","2":"type-product","3":"status-publish","4":"has-post-thumbnail","6":"product_cat-culmen-et-fons","7":"product_cat-liturgia-i-teologia","8":"product_cat-liturgia-y-teologia","9":"product_cat-religiosidad-popular","10":"product_cat-religiositat-popular","12":"first","13":"instock","14":"taxable","15":"shipping-taxable","16":"purchasable","17":"product-type-simple"},"acf":{"autor":"Asociaci\u00f3n Espa\u00f1ola de Profesores de Liturgia","codart":"109012","ediciones":"1","encuadernacion":"R\u00fastica","fecha_de_publicacion":"06\/07\/2010","novedad":false,"paginas":"196","subtitulo":"","orden":"220","portada":false,"idioma":"spa","editorial":[{"ID":6736,"post_author":"2","post_date":"2023-10-06 08:35:24","post_date_gmt":"2023-10-06 06:35:24","post_content":"","post_title":"CPL","post_excerpt":"","post_status":"publish","comment_status":"closed","ping_status":"closed","post_password":"","post_name":"cpl","to_ping":"","pinged":"","post_modified":"2023-10-06 08:35:24","post_modified_gmt":"2023-10-06 06:35:24","post_content_filtered":"","post_parent":0,"guid":"https:\/\/nuevaweb.cpl.es\/editorial\/cpl\/","menu_order":0,"post_type":"editorial","post_mime_type":"","comment_count":"0","filter":"raw"}]},"yoast_head":"<!-- This site is optimized with the Yoast SEO plugin v27.3 - https:\/\/yoast.com\/product\/yoast-seo-wordpress\/ -->\n<title>Sacramentalidad de la Liturgia, La - CPL<\/title>\n<meta name=\"robots\" content=\"index, follow, max-snippet:-1, max-image-preview:large, max-video-preview:-1\" \/>\n<link rel=\"canonical\" href=\"https:\/\/www.cpl.es\/ca\/producto\/sacramentalidad-de-la-liturgia-la-9788498054125\/\" \/>\n<meta property=\"og:locale\" content=\"ca_ES\" \/>\n<meta property=\"og:type\" content=\"article\" \/>\n<meta property=\"og:title\" content=\"Sacramentalidad de la Liturgia, La - CPL\" \/>\n<meta property=\"og:description\" content=\"Asociaci\u00f3n Espa\u00f1ola de Profesores de Liturgia\" \/>\n<meta property=\"og:url\" content=\"https:\/\/www.cpl.es\/ca\/producto\/sacramentalidad-de-la-liturgia-la-9788498054125\/\" \/>\n<meta property=\"og:site_name\" content=\"CPL\" \/>\n<meta property=\"article:modified_time\" content=\"2023-12-05T12:47:28+00:00\" \/>\n<meta property=\"og:image\" content=\"https:\/\/www.cpl.es\/wp-content\/uploads\/109012.jpg\" \/>\n\t<meta property=\"og:image:width\" content=\"280\" \/>\n\t<meta property=\"og:image:height\" content=\"409\" \/>\n\t<meta property=\"og:image:type\" content=\"image\/jpeg\" \/>\n<meta name=\"twitter:card\" content=\"summary_large_image\" \/>\n<meta name=\"twitter:label1\" content=\"Temps estimat de lectura\" \/>\n\t<meta name=\"twitter:data1\" content=\"2 minuts\" \/>\n<script type=\"application\/ld+json\" class=\"yoast-schema-graph\">{\"@context\":\"https:\\\/\\\/schema.org\",\"@graph\":[{\"@type\":\"WebPage\",\"@id\":\"https:\\\/\\\/www.cpl.es\\\/ca\\\/producto\\\/sacramentalidad-de-la-liturgia-la-9788498054125\\\/\",\"url\":\"https:\\\/\\\/www.cpl.es\\\/ca\\\/producto\\\/sacramentalidad-de-la-liturgia-la-9788498054125\\\/\",\"name\":\"Sacramentalidad de la Liturgia, La - CPL\",\"isPartOf\":{\"@id\":\"https:\\\/\\\/www.cpl.es\\\/#website\"},\"primaryImageOfPage\":{\"@id\":\"https:\\\/\\\/www.cpl.es\\\/ca\\\/producto\\\/sacramentalidad-de-la-liturgia-la-9788498054125\\\/#primaryimage\"},\"image\":{\"@id\":\"https:\\\/\\\/www.cpl.es\\\/ca\\\/producto\\\/sacramentalidad-de-la-liturgia-la-9788498054125\\\/#primaryimage\"},\"thumbnailUrl\":\"https:\\\/\\\/www.cpl.es\\\/wp-content\\\/uploads\\\/109012.jpg\",\"datePublished\":\"2023-10-04T00:05:34+00:00\",\"dateModified\":\"2023-12-05T12:47:28+00:00\",\"breadcrumb\":{\"@id\":\"https:\\\/\\\/www.cpl.es\\\/ca\\\/producto\\\/sacramentalidad-de-la-liturgia-la-9788498054125\\\/#breadcrumb\"},\"inLanguage\":\"ca\",\"potentialAction\":[{\"@type\":\"ReadAction\",\"target\":[\"https:\\\/\\\/www.cpl.es\\\/ca\\\/producto\\\/sacramentalidad-de-la-liturgia-la-9788498054125\\\/\"]}]},{\"@type\":\"ImageObject\",\"inLanguage\":\"ca\",\"@id\":\"https:\\\/\\\/www.cpl.es\\\/ca\\\/producto\\\/sacramentalidad-de-la-liturgia-la-9788498054125\\\/#primaryimage\",\"url\":\"https:\\\/\\\/www.cpl.es\\\/wp-content\\\/uploads\\\/109012.jpg\",\"contentUrl\":\"https:\\\/\\\/www.cpl.es\\\/wp-content\\\/uploads\\\/109012.jpg\",\"width\":280,\"height\":409,\"caption\":\"109012.jpg\"},{\"@type\":\"BreadcrumbList\",\"@id\":\"https:\\\/\\\/www.cpl.es\\\/ca\\\/producto\\\/sacramentalidad-de-la-liturgia-la-9788498054125\\\/#breadcrumb\",\"itemListElement\":[{\"@type\":\"ListItem\",\"position\":1,\"name\":\"Portada\",\"item\":\"https:\\\/\\\/www.cpl.es\\\/ca\\\/\"},{\"@type\":\"ListItem\",\"position\":2,\"name\":\"Cat\u00e0leg\",\"item\":\"https:\\\/\\\/www.cpl.es\\\/ca\\\/cataleg\\\/\"},{\"@type\":\"ListItem\",\"position\":3,\"name\":\"Sacramentalidad de la Liturgia, La\"}]},{\"@type\":\"WebSite\",\"@id\":\"https:\\\/\\\/www.cpl.es\\\/#website\",\"url\":\"https:\\\/\\\/www.cpl.es\\\/\",\"name\":\"CPL\",\"description\":\"Centre de Pastoral Lit\u00fargica de Barcelona\",\"publisher\":{\"@id\":\"https:\\\/\\\/www.cpl.es\\\/#organization\"},\"alternateName\":\"Centre de Pastoral Lit\u00fargica\",\"potentialAction\":[{\"@type\":\"SearchAction\",\"target\":{\"@type\":\"EntryPoint\",\"urlTemplate\":\"https:\\\/\\\/www.cpl.es\\\/?s={search_term_string}\"},\"query-input\":{\"@type\":\"PropertyValueSpecification\",\"valueRequired\":true,\"valueName\":\"search_term_string\"}}],\"inLanguage\":\"ca\"},{\"@type\":\"Organization\",\"@id\":\"https:\\\/\\\/www.cpl.es\\\/#organization\",\"name\":\"Centre de Pastoral Lit\u00fargica\",\"alternateName\":\"Centre de Pastoral Lit\u00fargica de Barcelona\",\"url\":\"https:\\\/\\\/www.cpl.es\\\/\",\"logo\":{\"@type\":\"ImageObject\",\"inLanguage\":\"ca\",\"@id\":\"https:\\\/\\\/www.cpl.es\\\/#\\\/schema\\\/logo\\\/image\\\/\",\"url\":\"https:\\\/\\\/www.cpl.es\\\/wp-content\\\/uploads\\\/logo-cpl.svg\",\"contentUrl\":\"https:\\\/\\\/www.cpl.es\\\/wp-content\\\/uploads\\\/logo-cpl.svg\",\"caption\":\"Centre de Pastoral Lit\u00fargica\"},\"image\":{\"@id\":\"https:\\\/\\\/www.cpl.es\\\/#\\\/schema\\\/logo\\\/image\\\/\"}}]}<\/script>\n<!-- \/ Yoast SEO plugin. -->","yoast_head_json":{"title":"Sacramentalidad de la Liturgia, La - CPL","robots":{"index":"index","follow":"follow","max-snippet":"max-snippet:-1","max-image-preview":"max-image-preview:large","max-video-preview":"max-video-preview:-1"},"canonical":"https:\/\/www.cpl.es\/ca\/producto\/sacramentalidad-de-la-liturgia-la-9788498054125\/","og_locale":"ca_ES","og_type":"article","og_title":"Sacramentalidad de la Liturgia, La - CPL","og_description":"Asociaci\u00f3n Espa\u00f1ola de Profesores de Liturgia","og_url":"https:\/\/www.cpl.es\/ca\/producto\/sacramentalidad-de-la-liturgia-la-9788498054125\/","og_site_name":"CPL","article_modified_time":"2023-12-05T12:47:28+00:00","og_image":[{"width":280,"height":409,"url":"https:\/\/www.cpl.es\/wp-content\/uploads\/109012.jpg","type":"image\/jpeg"}],"twitter_card":"summary_large_image","twitter_misc":{"Temps estimat de lectura":"2 minuts"},"schema":{"@context":"https:\/\/schema.org","@graph":[{"@type":"WebPage","@id":"https:\/\/www.cpl.es\/ca\/producto\/sacramentalidad-de-la-liturgia-la-9788498054125\/","url":"https:\/\/www.cpl.es\/ca\/producto\/sacramentalidad-de-la-liturgia-la-9788498054125\/","name":"Sacramentalidad de la Liturgia, La - CPL","isPartOf":{"@id":"https:\/\/www.cpl.es\/#website"},"primaryImageOfPage":{"@id":"https:\/\/www.cpl.es\/ca\/producto\/sacramentalidad-de-la-liturgia-la-9788498054125\/#primaryimage"},"image":{"@id":"https:\/\/www.cpl.es\/ca\/producto\/sacramentalidad-de-la-liturgia-la-9788498054125\/#primaryimage"},"thumbnailUrl":"https:\/\/www.cpl.es\/wp-content\/uploads\/109012.jpg","datePublished":"2023-10-04T00:05:34+00:00","dateModified":"2023-12-05T12:47:28+00:00","breadcrumb":{"@id":"https:\/\/www.cpl.es\/ca\/producto\/sacramentalidad-de-la-liturgia-la-9788498054125\/#breadcrumb"},"inLanguage":"ca","potentialAction":[{"@type":"ReadAction","target":["https:\/\/www.cpl.es\/ca\/producto\/sacramentalidad-de-la-liturgia-la-9788498054125\/"]}]},{"@type":"ImageObject","inLanguage":"ca","@id":"https:\/\/www.cpl.es\/ca\/producto\/sacramentalidad-de-la-liturgia-la-9788498054125\/#primaryimage","url":"https:\/\/www.cpl.es\/wp-content\/uploads\/109012.jpg","contentUrl":"https:\/\/www.cpl.es\/wp-content\/uploads\/109012.jpg","width":280,"height":409,"caption":"109012.jpg"},{"@type":"BreadcrumbList","@id":"https:\/\/www.cpl.es\/ca\/producto\/sacramentalidad-de-la-liturgia-la-9788498054125\/#breadcrumb","itemListElement":[{"@type":"ListItem","position":1,"name":"Portada","item":"https:\/\/www.cpl.es\/ca\/"},{"@type":"ListItem","position":2,"name":"Cat\u00e0leg","item":"https:\/\/www.cpl.es\/ca\/cataleg\/"},{"@type":"ListItem","position":3,"name":"Sacramentalidad de la Liturgia, La"}]},{"@type":"WebSite","@id":"https:\/\/www.cpl.es\/#website","url":"https:\/\/www.cpl.es\/","name":"CPL","description":"Centre de Pastoral Lit\u00fargica de Barcelona","publisher":{"@id":"https:\/\/www.cpl.es\/#organization"},"alternateName":"Centre de Pastoral Lit\u00fargica","potentialAction":[{"@type":"SearchAction","target":{"@type":"EntryPoint","urlTemplate":"https:\/\/www.cpl.es\/?s={search_term_string}"},"query-input":{"@type":"PropertyValueSpecification","valueRequired":true,"valueName":"search_term_string"}}],"inLanguage":"ca"},{"@type":"Organization","@id":"https:\/\/www.cpl.es\/#organization","name":"Centre de Pastoral Lit\u00fargica","alternateName":"Centre de Pastoral Lit\u00fargica de Barcelona","url":"https:\/\/www.cpl.es\/","logo":{"@type":"ImageObject","inLanguage":"ca","@id":"https:\/\/www.cpl.es\/#\/schema\/logo\/image\/","url":"https:\/\/www.cpl.es\/wp-content\/uploads\/logo-cpl.svg","contentUrl":"https:\/\/www.cpl.es\/wp-content\/uploads\/logo-cpl.svg","caption":"Centre de Pastoral Lit\u00fargica"},"image":{"@id":"https:\/\/www.cpl.es\/#\/schema\/logo\/image\/"}}]}},"_links":{"self":[{"href":"https:\/\/www.cpl.es\/ca\/wp-json\/wp\/v2\/product\/3202","targetHints":{"allow":["GET"]}}],"collection":[{"href":"https:\/\/www.cpl.es\/ca\/wp-json\/wp\/v2\/product"}],"about":[{"href":"https:\/\/www.cpl.es\/ca\/wp-json\/wp\/v2\/types\/product"}],"wp:featuredmedia":[{"embeddable":true,"href":"https:\/\/www.cpl.es\/ca\/wp-json\/wp\/v2\/media\/3203"}],"wp:attachment":[{"href":"https:\/\/www.cpl.es\/ca\/wp-json\/wp\/v2\/media?parent=3202"}],"wp:term":[{"taxonomy":"product_brand","embeddable":true,"href":"https:\/\/www.cpl.es\/ca\/wp-json\/wp\/v2\/product_brand?post=3202"},{"taxonomy":"product_cat","embeddable":true,"href":"https:\/\/www.cpl.es\/ca\/wp-json\/wp\/v2\/product_cat?post=3202"},{"taxonomy":"product_tag","embeddable":true,"href":"https:\/\/www.cpl.es\/ca\/wp-json\/wp\/v2\/product_tag?post=3202"}],"curies":[{"name":"wp","href":"https:\/\/api.w.org\/{rel}","templated":true}]}}