{"id":3187,"date":"2023-10-04T02:05:06","date_gmt":"2023-10-04T00:05:06","guid":{"rendered":"https:\/\/nuevaweb.cpl.es\/producto\/pares-de-lesglesia-joves-en-lesglesia-9788498054408\/"},"modified":"2026-02-12T17:00:17","modified_gmt":"2026-02-12T16:00:17","slug":"pares-de-lesglesia-joves-en-lesglesia-9788498054408","status":"publish","type":"product","link":"https:\/\/www.cpl.es\/ca\/producto\/pares-de-lesglesia-joves-en-lesglesia-9788498054408\/","title":{"rendered":"Pares de l&#8217;Esgl\u00e9sia, joves en l&#8217;Esgl\u00e9sia"},"content":{"rendered":"<p> Un t\u00edtol una mica sorprenent. I \u00e9s que aquest llibre ens obre la porta a una part de la nostra hist\u00f2ria cristiana que coneixem massa poc. La d\u2019aquells escriptors que, en els primers temps de l\u2019Esgl\u00e9sia, van anar formulant el que significava la fe de Jesucrist: per aix\u00f2 els anomenem &#8216;pares', perqu\u00e8 s\u00f3n els que van iniciar el cam\u00ed. Per\u00f2 al mateix temps, tamb\u00e9 els podem anomenar &#8216;joves', perqu\u00e8 tenen tot el vigor dels comen\u00e7aments, tota l\u2019empenta que va donant forma i solidesa al cam\u00ed que s\u2019inicia. Aquest llibre, en definitiva, ens proposa endinsar-nos en un gran camp en el qual val la pena d\u2019aprofundir, per saber m\u00e9s qui som i d\u2019on venim.  <br \/> Joan Torra Bitlloch (Manresa, 1954) \u00e9s prevere del bisbat de Vic, llicenciat en Teologia i diplomat en Ci\u00e8ncies Patr\u00edstiques, i compagina la tasca docent a la Facultat de Teologia de Catalunya i en altres centres d\u2019estudis teol\u00f2gics, amb la tasca pastoral, actualment com a rector de les parr\u00f2quies de Torell\u00f3.<\/p>\n","protected":false},"excerpt":{"rendered":"<p>Torra Bitlloch, Joan<\/p>\n","protected":false},"featured_media":3188,"template":"","meta":{"_acf_changed":false,"inline_featured_image":false},"product_brand":[],"product_cat":[73,88],"product_tag":[],"class_list":{"0":"post-3187","1":"product","2":"type-product","3":"status-publish","4":"has-post-thumbnail","6":"product_cat-emaus-colleccions-catala","7":"product_cat-espiritualitat","9":"first","10":"instock","11":"taxable","12":"shipping-taxable","13":"purchasable","14":"product-type-simple"},"acf":{"autor":"Torra Bitlloch, Joan","codart":"208091","ediciones":"1","encuadernacion":"R\u00fastica","fecha_de_publicacion":"20\/11\/2018","novedad":false,"paginas":"108","subtitulo":"","orden":"330","portada":false,"idioma":"cat","editorial":[{"ID":6736,"post_author":"2","post_date":"2023-10-06 08:35:24","post_date_gmt":"2023-10-06 06:35:24","post_content":"","post_title":"CPL","post_excerpt":"","post_status":"publish","comment_status":"closed","ping_status":"closed","post_password":"","post_name":"cpl","to_ping":"","pinged":"","post_modified":"2023-10-06 08:35:24","post_modified_gmt":"2023-10-06 06:35:24","post_content_filtered":"","post_parent":0,"guid":"https:\/\/nuevaweb.cpl.es\/editorial\/cpl\/","menu_order":0,"post_type":"editorial","post_mime_type":"","comment_count":"0","filter":"raw"}],"coleccion_num":"91"},"yoast_head":"<!-- This site is optimized with the Yoast SEO plugin v27.3 - https:\/\/yoast.com\/product\/yoast-seo-wordpress\/ -->\n<title>Pares de l&#039;Esgl\u00e9sia, joves en l&#039;Esgl\u00e9sia - CPL<\/title>\n<meta name=\"robots\" content=\"index, follow, max-snippet:-1, max-image-preview:large, max-video-preview:-1\" \/>\n<link rel=\"canonical\" href=\"https:\/\/www.cpl.es\/producto\/pares-de-lesglesia-joves-en-lesglesia-9788498054408\/\" \/>\n<meta property=\"og:locale\" content=\"ca_ES\" \/>\n<meta property=\"og:type\" content=\"article\" \/>\n<meta property=\"og:title\" content=\"Pares de l&#039;Esgl\u00e9sia, joves en l&#039;Esgl\u00e9sia - CPL\" \/>\n<meta property=\"og:description\" content=\"Torra Bitlloch, Joan\" \/>\n<meta property=\"og:url\" content=\"https:\/\/www.cpl.es\/producto\/pares-de-lesglesia-joves-en-lesglesia-9788498054408\/\" \/>\n<meta property=\"og:site_name\" content=\"CPL\" \/>\n<meta property=\"article:modified_time\" content=\"2026-02-12T16:00:17+00:00\" \/>\n<meta property=\"og:image\" content=\"https:\/\/www.cpl.es\/wp-content\/uploads\/208091.jpg\" \/>\n\t<meta property=\"og:image:width\" content=\"280\" \/>\n\t<meta property=\"og:image:height\" content=\"440\" \/>\n\t<meta property=\"og:image:type\" content=\"image\/jpeg\" \/>\n<meta name=\"twitter:card\" content=\"summary_large_image\" \/>\n<meta name=\"twitter:label1\" content=\"Temps estimat de lectura\" \/>\n\t<meta name=\"twitter:data1\" content=\"1 minut\" \/>\n<script type=\"application\/ld+json\" class=\"yoast-schema-graph\">{\"@context\":\"https:\\\/\\\/schema.org\",\"@graph\":[{\"@type\":\"WebPage\",\"@id\":\"https:\\\/\\\/www.cpl.es\\\/producto\\\/pares-de-lesglesia-joves-en-lesglesia-9788498054408\\\/\",\"url\":\"https:\\\/\\\/www.cpl.es\\\/producto\\\/pares-de-lesglesia-joves-en-lesglesia-9788498054408\\\/\",\"name\":\"Pares de l'Esgl\u00e9sia, joves en l'Esgl\u00e9sia - CPL\",\"isPartOf\":{\"@id\":\"https:\\\/\\\/www.cpl.es\\\/#website\"},\"primaryImageOfPage\":{\"@id\":\"https:\\\/\\\/www.cpl.es\\\/producto\\\/pares-de-lesglesia-joves-en-lesglesia-9788498054408\\\/#primaryimage\"},\"image\":{\"@id\":\"https:\\\/\\\/www.cpl.es\\\/producto\\\/pares-de-lesglesia-joves-en-lesglesia-9788498054408\\\/#primaryimage\"},\"thumbnailUrl\":\"https:\\\/\\\/www.cpl.es\\\/wp-content\\\/uploads\\\/208091.jpg\",\"datePublished\":\"2023-10-04T00:05:06+00:00\",\"dateModified\":\"2026-02-12T16:00:17+00:00\",\"breadcrumb\":{\"@id\":\"https:\\\/\\\/www.cpl.es\\\/producto\\\/pares-de-lesglesia-joves-en-lesglesia-9788498054408\\\/#breadcrumb\"},\"inLanguage\":\"ca\",\"potentialAction\":[{\"@type\":\"ReadAction\",\"target\":[\"https:\\\/\\\/www.cpl.es\\\/producto\\\/pares-de-lesglesia-joves-en-lesglesia-9788498054408\\\/\"]}]},{\"@type\":\"ImageObject\",\"inLanguage\":\"ca\",\"@id\":\"https:\\\/\\\/www.cpl.es\\\/producto\\\/pares-de-lesglesia-joves-en-lesglesia-9788498054408\\\/#primaryimage\",\"url\":\"https:\\\/\\\/www.cpl.es\\\/wp-content\\\/uploads\\\/208091.jpg\",\"contentUrl\":\"https:\\\/\\\/www.cpl.es\\\/wp-content\\\/uploads\\\/208091.jpg\",\"width\":280,\"height\":440,\"caption\":\"208091.jpg\"},{\"@type\":\"BreadcrumbList\",\"@id\":\"https:\\\/\\\/www.cpl.es\\\/producto\\\/pares-de-lesglesia-joves-en-lesglesia-9788498054408\\\/#breadcrumb\",\"itemListElement\":[{\"@type\":\"ListItem\",\"position\":1,\"name\":\"Portada\",\"item\":\"https:\\\/\\\/www.cpl.es\\\/ca\\\/\"},{\"@type\":\"ListItem\",\"position\":2,\"name\":\"Cat\u00e0leg\",\"item\":\"https:\\\/\\\/www.cpl.es\\\/ca\\\/cataleg\\\/\"},{\"@type\":\"ListItem\",\"position\":3,\"name\":\"Pares de l&#8217;Esgl\u00e9sia, joves en l&#8217;Esgl\u00e9sia\"}]},{\"@type\":\"WebSite\",\"@id\":\"https:\\\/\\\/www.cpl.es\\\/#website\",\"url\":\"https:\\\/\\\/www.cpl.es\\\/\",\"name\":\"CPL\",\"description\":\"Centre de Pastoral Lit\u00fargica de Barcelona\",\"publisher\":{\"@id\":\"https:\\\/\\\/www.cpl.es\\\/#organization\"},\"alternateName\":\"Centre de Pastoral Lit\u00fargica\",\"potentialAction\":[{\"@type\":\"SearchAction\",\"target\":{\"@type\":\"EntryPoint\",\"urlTemplate\":\"https:\\\/\\\/www.cpl.es\\\/?s={search_term_string}\"},\"query-input\":{\"@type\":\"PropertyValueSpecification\",\"valueRequired\":true,\"valueName\":\"search_term_string\"}}],\"inLanguage\":\"ca\"},{\"@type\":\"Organization\",\"@id\":\"https:\\\/\\\/www.cpl.es\\\/#organization\",\"name\":\"Centre de Pastoral Lit\u00fargica\",\"alternateName\":\"Centre de Pastoral Lit\u00fargica de Barcelona\",\"url\":\"https:\\\/\\\/www.cpl.es\\\/\",\"logo\":{\"@type\":\"ImageObject\",\"inLanguage\":\"ca\",\"@id\":\"https:\\\/\\\/www.cpl.es\\\/#\\\/schema\\\/logo\\\/image\\\/\",\"url\":\"https:\\\/\\\/www.cpl.es\\\/wp-content\\\/uploads\\\/logo-cpl.svg\",\"contentUrl\":\"https:\\\/\\\/www.cpl.es\\\/wp-content\\\/uploads\\\/logo-cpl.svg\",\"caption\":\"Centre de Pastoral Lit\u00fargica\"},\"image\":{\"@id\":\"https:\\\/\\\/www.cpl.es\\\/#\\\/schema\\\/logo\\\/image\\\/\"}}]}<\/script>\n<!-- \/ Yoast SEO plugin. -->","yoast_head_json":{"title":"Pares de l'Esgl\u00e9sia, joves en l'Esgl\u00e9sia - CPL","robots":{"index":"index","follow":"follow","max-snippet":"max-snippet:-1","max-image-preview":"max-image-preview:large","max-video-preview":"max-video-preview:-1"},"canonical":"https:\/\/www.cpl.es\/producto\/pares-de-lesglesia-joves-en-lesglesia-9788498054408\/","og_locale":"ca_ES","og_type":"article","og_title":"Pares de l'Esgl\u00e9sia, joves en l'Esgl\u00e9sia - CPL","og_description":"Torra Bitlloch, Joan","og_url":"https:\/\/www.cpl.es\/producto\/pares-de-lesglesia-joves-en-lesglesia-9788498054408\/","og_site_name":"CPL","article_modified_time":"2026-02-12T16:00:17+00:00","og_image":[{"width":280,"height":440,"url":"https:\/\/www.cpl.es\/wp-content\/uploads\/208091.jpg","type":"image\/jpeg"}],"twitter_card":"summary_large_image","twitter_misc":{"Temps estimat de lectura":"1 minut"},"schema":{"@context":"https:\/\/schema.org","@graph":[{"@type":"WebPage","@id":"https:\/\/www.cpl.es\/producto\/pares-de-lesglesia-joves-en-lesglesia-9788498054408\/","url":"https:\/\/www.cpl.es\/producto\/pares-de-lesglesia-joves-en-lesglesia-9788498054408\/","name":"Pares de l'Esgl\u00e9sia, joves en l'Esgl\u00e9sia - CPL","isPartOf":{"@id":"https:\/\/www.cpl.es\/#website"},"primaryImageOfPage":{"@id":"https:\/\/www.cpl.es\/producto\/pares-de-lesglesia-joves-en-lesglesia-9788498054408\/#primaryimage"},"image":{"@id":"https:\/\/www.cpl.es\/producto\/pares-de-lesglesia-joves-en-lesglesia-9788498054408\/#primaryimage"},"thumbnailUrl":"https:\/\/www.cpl.es\/wp-content\/uploads\/208091.jpg","datePublished":"2023-10-04T00:05:06+00:00","dateModified":"2026-02-12T16:00:17+00:00","breadcrumb":{"@id":"https:\/\/www.cpl.es\/producto\/pares-de-lesglesia-joves-en-lesglesia-9788498054408\/#breadcrumb"},"inLanguage":"ca","potentialAction":[{"@type":"ReadAction","target":["https:\/\/www.cpl.es\/producto\/pares-de-lesglesia-joves-en-lesglesia-9788498054408\/"]}]},{"@type":"ImageObject","inLanguage":"ca","@id":"https:\/\/www.cpl.es\/producto\/pares-de-lesglesia-joves-en-lesglesia-9788498054408\/#primaryimage","url":"https:\/\/www.cpl.es\/wp-content\/uploads\/208091.jpg","contentUrl":"https:\/\/www.cpl.es\/wp-content\/uploads\/208091.jpg","width":280,"height":440,"caption":"208091.jpg"},{"@type":"BreadcrumbList","@id":"https:\/\/www.cpl.es\/producto\/pares-de-lesglesia-joves-en-lesglesia-9788498054408\/#breadcrumb","itemListElement":[{"@type":"ListItem","position":1,"name":"Portada","item":"https:\/\/www.cpl.es\/ca\/"},{"@type":"ListItem","position":2,"name":"Cat\u00e0leg","item":"https:\/\/www.cpl.es\/ca\/cataleg\/"},{"@type":"ListItem","position":3,"name":"Pares de l&#8217;Esgl\u00e9sia, joves en l&#8217;Esgl\u00e9sia"}]},{"@type":"WebSite","@id":"https:\/\/www.cpl.es\/#website","url":"https:\/\/www.cpl.es\/","name":"CPL","description":"Centre de Pastoral Lit\u00fargica de Barcelona","publisher":{"@id":"https:\/\/www.cpl.es\/#organization"},"alternateName":"Centre de Pastoral Lit\u00fargica","potentialAction":[{"@type":"SearchAction","target":{"@type":"EntryPoint","urlTemplate":"https:\/\/www.cpl.es\/?s={search_term_string}"},"query-input":{"@type":"PropertyValueSpecification","valueRequired":true,"valueName":"search_term_string"}}],"inLanguage":"ca"},{"@type":"Organization","@id":"https:\/\/www.cpl.es\/#organization","name":"Centre de Pastoral Lit\u00fargica","alternateName":"Centre de Pastoral Lit\u00fargica de Barcelona","url":"https:\/\/www.cpl.es\/","logo":{"@type":"ImageObject","inLanguage":"ca","@id":"https:\/\/www.cpl.es\/#\/schema\/logo\/image\/","url":"https:\/\/www.cpl.es\/wp-content\/uploads\/logo-cpl.svg","contentUrl":"https:\/\/www.cpl.es\/wp-content\/uploads\/logo-cpl.svg","caption":"Centre de Pastoral Lit\u00fargica"},"image":{"@id":"https:\/\/www.cpl.es\/#\/schema\/logo\/image\/"}}]}},"_links":{"self":[{"href":"https:\/\/www.cpl.es\/ca\/wp-json\/wp\/v2\/product\/3187","targetHints":{"allow":["GET"]}}],"collection":[{"href":"https:\/\/www.cpl.es\/ca\/wp-json\/wp\/v2\/product"}],"about":[{"href":"https:\/\/www.cpl.es\/ca\/wp-json\/wp\/v2\/types\/product"}],"wp:featuredmedia":[{"embeddable":true,"href":"https:\/\/www.cpl.es\/ca\/wp-json\/wp\/v2\/media\/3188"}],"wp:attachment":[{"href":"https:\/\/www.cpl.es\/ca\/wp-json\/wp\/v2\/media?parent=3187"}],"wp:term":[{"taxonomy":"product_brand","embeddable":true,"href":"https:\/\/www.cpl.es\/ca\/wp-json\/wp\/v2\/product_brand?post=3187"},{"taxonomy":"product_cat","embeddable":true,"href":"https:\/\/www.cpl.es\/ca\/wp-json\/wp\/v2\/product_cat?post=3187"},{"taxonomy":"product_tag","embeddable":true,"href":"https:\/\/www.cpl.es\/ca\/wp-json\/wp\/v2\/product_tag?post=3187"}],"curies":[{"name":"wp","href":"https:\/\/api.w.org\/{rel}","templated":true}]}}