{"id":3184,"date":"2023-10-04T02:05:00","date_gmt":"2023-10-04T00:05:00","guid":{"rendered":"https:\/\/nuevaweb.cpl.es\/producto\/piedad-popular-y-liturgia-ii-9788498054439\/"},"modified":"2023-12-05T13:42:07","modified_gmt":"2023-12-05T12:42:07","slug":"piedad-popular-y-liturgia-ii-9788498054439","status":"publish","type":"product","link":"https:\/\/www.cpl.es\/ca\/producto\/piedad-popular-y-liturgia-ii-9788498054439\/","title":{"rendered":"Piedad popular y Liturgia II"},"content":{"rendered":"<p>&#8216;La religiosidad popular es uno de los grandes temas de la pr\u00e1ctica cristiana sobre los que merece la pena reflexionar continuamente'. Con estas palabras inici\u00e1bamos, hace cinco a\u00f1os, la presentaci\u00f3n del libro &#8216;Piedad popular y Liturgia',<br \/>de Ramiro Gonz\u00e1lez. Ahora, cinco a\u00f1os despu\u00e9s, el autor nos ofrece de nuevo sus competentes y elaboradas reflexiones sobre el tema, ampliando, con nuevos aspectos y nuevas perspectivas, lo que entonces nos ofreci\u00f3.<br \/>A partir de su amplia experiencia y su constante estudio, el autor nos ayuda en la formulaci\u00f3n de criterios y principios objetivos, y en la actuaci\u00f3n para que tales principios vayan calando en la realidad existencial de las personas y comunidades. A fin de vivir m\u00e1s profundamente los valores de fe, de gracia y de inspiraci\u00f3n del Esp\u00edritu Santo que se encuentran en la piedad popular, y descubrir y potenciar su vinculaci\u00f3n con la liturgia de la Iglesia.<br \/>Ramiro Gonz\u00e1lez Cougil (Macendo, Ourense, 1947), sacerdote de la di\u00f3cesis de Ourense, es doctor en Sagrada Liturgia por el Instituto Lit\u00fargico de San Anselmo de Roma. Ha sido rector del Seminario de Ourense, y actualmente es profesor de dicho Seminario, can\u00f3nigo de la catedral y Delegado Diocesano de Liturgia. Pertenece al Consejo de Redacci\u00f3n de la revista Phase, del Centro de Pastoral Lit\u00fargica de Barcelona y es consultor de la Comisi\u00f3n Episcopal de Liturgia.<\/p>\n","protected":false},"excerpt":{"rendered":"<p>Gonz\u00e1lez Cougil, Ramiro<\/p>\n","protected":false},"featured_media":3185,"template":"","meta":{"_acf_changed":false,"inline_featured_image":false},"product_brand":[],"product_cat":[75,44,64,87],"product_tag":[],"class_list":{"0":"post-3184","1":"product","2":"type-product","3":"status-publish","4":"has-post-thumbnail","6":"product_cat-dossiers-cpl-colleccions-catala","7":"product_cat-dossiers-cpl","8":"product_cat-religiosidad-popular","9":"product_cat-religiositat-popular","11":"first","12":"instock","13":"taxable","14":"shipping-taxable","15":"purchasable","16":"product-type-simple"},"acf":{"autor":"Gonz\u00e1lez Cougil, Ramiro","codart":"101118","ediciones":"1","encuadernacion":"R\u00fastica","fecha_de_publicacion":"28\/09\/2010","novedad":false,"paginas":"504","subtitulo":"","orden":"110","portada":false,"idioma":"spa","editorial":[{"ID":6736,"post_author":"2","post_date":"2023-10-06 08:35:24","post_date_gmt":"2023-10-06 06:35:24","post_content":"","post_title":"CPL","post_excerpt":"","post_status":"publish","comment_status":"closed","ping_status":"closed","post_password":"","post_name":"cpl","to_ping":"","pinged":"","post_modified":"2023-10-06 08:35:24","post_modified_gmt":"2023-10-06 06:35:24","post_content_filtered":"","post_parent":0,"guid":"https:\/\/nuevaweb.cpl.es\/editorial\/cpl\/","menu_order":0,"post_type":"editorial","post_mime_type":"","comment_count":"0","filter":"raw"}]},"yoast_head":"<!-- This site is optimized with the Yoast SEO plugin v27.3 - https:\/\/yoast.com\/product\/yoast-seo-wordpress\/ -->\n<title>Piedad popular y Liturgia II - CPL<\/title>\n<meta name=\"robots\" content=\"index, follow, max-snippet:-1, max-image-preview:large, max-video-preview:-1\" \/>\n<link rel=\"canonical\" href=\"https:\/\/www.cpl.es\/producto\/piedad-popular-y-liturgia-ii-9788498054439\/\" \/>\n<meta property=\"og:locale\" content=\"ca_ES\" \/>\n<meta property=\"og:type\" content=\"article\" \/>\n<meta property=\"og:title\" content=\"Piedad popular y Liturgia II - CPL\" \/>\n<meta property=\"og:description\" content=\"Gonz\u00e1lez Cougil, Ramiro\" \/>\n<meta property=\"og:url\" content=\"https:\/\/www.cpl.es\/producto\/piedad-popular-y-liturgia-ii-9788498054439\/\" \/>\n<meta property=\"og:site_name\" content=\"CPL\" \/>\n<meta property=\"article:modified_time\" content=\"2023-12-05T12:42:07+00:00\" \/>\n<meta property=\"og:image\" content=\"https:\/\/www.cpl.es\/wp-content\/uploads\/101118.jpg\" \/>\n\t<meta property=\"og:image:width\" content=\"280\" \/>\n\t<meta property=\"og:image:height\" content=\"390\" \/>\n\t<meta property=\"og:image:type\" content=\"image\/jpeg\" \/>\n<meta name=\"twitter:card\" content=\"summary_large_image\" \/>\n<meta name=\"twitter:label1\" content=\"Temps estimat de lectura\" \/>\n\t<meta name=\"twitter:data1\" content=\"1 minut\" \/>\n<script type=\"application\/ld+json\" class=\"yoast-schema-graph\">{\"@context\":\"https:\\\/\\\/schema.org\",\"@graph\":[{\"@type\":\"WebPage\",\"@id\":\"https:\\\/\\\/www.cpl.es\\\/producto\\\/piedad-popular-y-liturgia-ii-9788498054439\\\/\",\"url\":\"https:\\\/\\\/www.cpl.es\\\/producto\\\/piedad-popular-y-liturgia-ii-9788498054439\\\/\",\"name\":\"Piedad popular y Liturgia II - CPL\",\"isPartOf\":{\"@id\":\"https:\\\/\\\/www.cpl.es\\\/#website\"},\"primaryImageOfPage\":{\"@id\":\"https:\\\/\\\/www.cpl.es\\\/producto\\\/piedad-popular-y-liturgia-ii-9788498054439\\\/#primaryimage\"},\"image\":{\"@id\":\"https:\\\/\\\/www.cpl.es\\\/producto\\\/piedad-popular-y-liturgia-ii-9788498054439\\\/#primaryimage\"},\"thumbnailUrl\":\"https:\\\/\\\/www.cpl.es\\\/wp-content\\\/uploads\\\/101118.jpg\",\"datePublished\":\"2023-10-04T00:05:00+00:00\",\"dateModified\":\"2023-12-05T12:42:07+00:00\",\"breadcrumb\":{\"@id\":\"https:\\\/\\\/www.cpl.es\\\/producto\\\/piedad-popular-y-liturgia-ii-9788498054439\\\/#breadcrumb\"},\"inLanguage\":\"ca\",\"potentialAction\":[{\"@type\":\"ReadAction\",\"target\":[\"https:\\\/\\\/www.cpl.es\\\/producto\\\/piedad-popular-y-liturgia-ii-9788498054439\\\/\"]}]},{\"@type\":\"ImageObject\",\"inLanguage\":\"ca\",\"@id\":\"https:\\\/\\\/www.cpl.es\\\/producto\\\/piedad-popular-y-liturgia-ii-9788498054439\\\/#primaryimage\",\"url\":\"https:\\\/\\\/www.cpl.es\\\/wp-content\\\/uploads\\\/101118.jpg\",\"contentUrl\":\"https:\\\/\\\/www.cpl.es\\\/wp-content\\\/uploads\\\/101118.jpg\",\"width\":280,\"height\":390,\"caption\":\"101118.jpg\"},{\"@type\":\"BreadcrumbList\",\"@id\":\"https:\\\/\\\/www.cpl.es\\\/producto\\\/piedad-popular-y-liturgia-ii-9788498054439\\\/#breadcrumb\",\"itemListElement\":[{\"@type\":\"ListItem\",\"position\":1,\"name\":\"Portada\",\"item\":\"https:\\\/\\\/www.cpl.es\\\/ca\\\/\"},{\"@type\":\"ListItem\",\"position\":2,\"name\":\"Cat\u00e0leg\",\"item\":\"https:\\\/\\\/www.cpl.es\\\/ca\\\/cataleg\\\/\"},{\"@type\":\"ListItem\",\"position\":3,\"name\":\"Piedad popular y Liturgia II\"}]},{\"@type\":\"WebSite\",\"@id\":\"https:\\\/\\\/www.cpl.es\\\/#website\",\"url\":\"https:\\\/\\\/www.cpl.es\\\/\",\"name\":\"CPL\",\"description\":\"Centre de Pastoral Lit\u00fargica de Barcelona\",\"publisher\":{\"@id\":\"https:\\\/\\\/www.cpl.es\\\/#organization\"},\"alternateName\":\"Centre de Pastoral Lit\u00fargica\",\"potentialAction\":[{\"@type\":\"SearchAction\",\"target\":{\"@type\":\"EntryPoint\",\"urlTemplate\":\"https:\\\/\\\/www.cpl.es\\\/?s={search_term_string}\"},\"query-input\":{\"@type\":\"PropertyValueSpecification\",\"valueRequired\":true,\"valueName\":\"search_term_string\"}}],\"inLanguage\":\"ca\"},{\"@type\":\"Organization\",\"@id\":\"https:\\\/\\\/www.cpl.es\\\/#organization\",\"name\":\"Centre de Pastoral Lit\u00fargica\",\"alternateName\":\"Centre de Pastoral Lit\u00fargica de Barcelona\",\"url\":\"https:\\\/\\\/www.cpl.es\\\/\",\"logo\":{\"@type\":\"ImageObject\",\"inLanguage\":\"ca\",\"@id\":\"https:\\\/\\\/www.cpl.es\\\/#\\\/schema\\\/logo\\\/image\\\/\",\"url\":\"https:\\\/\\\/www.cpl.es\\\/wp-content\\\/uploads\\\/logo-cpl.svg\",\"contentUrl\":\"https:\\\/\\\/www.cpl.es\\\/wp-content\\\/uploads\\\/logo-cpl.svg\",\"caption\":\"Centre de Pastoral Lit\u00fargica\"},\"image\":{\"@id\":\"https:\\\/\\\/www.cpl.es\\\/#\\\/schema\\\/logo\\\/image\\\/\"}}]}<\/script>\n<!-- \/ Yoast SEO plugin. -->","yoast_head_json":{"title":"Piedad popular y Liturgia II - CPL","robots":{"index":"index","follow":"follow","max-snippet":"max-snippet:-1","max-image-preview":"max-image-preview:large","max-video-preview":"max-video-preview:-1"},"canonical":"https:\/\/www.cpl.es\/producto\/piedad-popular-y-liturgia-ii-9788498054439\/","og_locale":"ca_ES","og_type":"article","og_title":"Piedad popular y Liturgia II - CPL","og_description":"Gonz\u00e1lez Cougil, Ramiro","og_url":"https:\/\/www.cpl.es\/producto\/piedad-popular-y-liturgia-ii-9788498054439\/","og_site_name":"CPL","article_modified_time":"2023-12-05T12:42:07+00:00","og_image":[{"width":280,"height":390,"url":"https:\/\/www.cpl.es\/wp-content\/uploads\/101118.jpg","type":"image\/jpeg"}],"twitter_card":"summary_large_image","twitter_misc":{"Temps estimat de lectura":"1 minut"},"schema":{"@context":"https:\/\/schema.org","@graph":[{"@type":"WebPage","@id":"https:\/\/www.cpl.es\/producto\/piedad-popular-y-liturgia-ii-9788498054439\/","url":"https:\/\/www.cpl.es\/producto\/piedad-popular-y-liturgia-ii-9788498054439\/","name":"Piedad popular y Liturgia II - CPL","isPartOf":{"@id":"https:\/\/www.cpl.es\/#website"},"primaryImageOfPage":{"@id":"https:\/\/www.cpl.es\/producto\/piedad-popular-y-liturgia-ii-9788498054439\/#primaryimage"},"image":{"@id":"https:\/\/www.cpl.es\/producto\/piedad-popular-y-liturgia-ii-9788498054439\/#primaryimage"},"thumbnailUrl":"https:\/\/www.cpl.es\/wp-content\/uploads\/101118.jpg","datePublished":"2023-10-04T00:05:00+00:00","dateModified":"2023-12-05T12:42:07+00:00","breadcrumb":{"@id":"https:\/\/www.cpl.es\/producto\/piedad-popular-y-liturgia-ii-9788498054439\/#breadcrumb"},"inLanguage":"ca","potentialAction":[{"@type":"ReadAction","target":["https:\/\/www.cpl.es\/producto\/piedad-popular-y-liturgia-ii-9788498054439\/"]}]},{"@type":"ImageObject","inLanguage":"ca","@id":"https:\/\/www.cpl.es\/producto\/piedad-popular-y-liturgia-ii-9788498054439\/#primaryimage","url":"https:\/\/www.cpl.es\/wp-content\/uploads\/101118.jpg","contentUrl":"https:\/\/www.cpl.es\/wp-content\/uploads\/101118.jpg","width":280,"height":390,"caption":"101118.jpg"},{"@type":"BreadcrumbList","@id":"https:\/\/www.cpl.es\/producto\/piedad-popular-y-liturgia-ii-9788498054439\/#breadcrumb","itemListElement":[{"@type":"ListItem","position":1,"name":"Portada","item":"https:\/\/www.cpl.es\/ca\/"},{"@type":"ListItem","position":2,"name":"Cat\u00e0leg","item":"https:\/\/www.cpl.es\/ca\/cataleg\/"},{"@type":"ListItem","position":3,"name":"Piedad popular y Liturgia II"}]},{"@type":"WebSite","@id":"https:\/\/www.cpl.es\/#website","url":"https:\/\/www.cpl.es\/","name":"CPL","description":"Centre de Pastoral Lit\u00fargica de Barcelona","publisher":{"@id":"https:\/\/www.cpl.es\/#organization"},"alternateName":"Centre de Pastoral Lit\u00fargica","potentialAction":[{"@type":"SearchAction","target":{"@type":"EntryPoint","urlTemplate":"https:\/\/www.cpl.es\/?s={search_term_string}"},"query-input":{"@type":"PropertyValueSpecification","valueRequired":true,"valueName":"search_term_string"}}],"inLanguage":"ca"},{"@type":"Organization","@id":"https:\/\/www.cpl.es\/#organization","name":"Centre de Pastoral Lit\u00fargica","alternateName":"Centre de Pastoral Lit\u00fargica de Barcelona","url":"https:\/\/www.cpl.es\/","logo":{"@type":"ImageObject","inLanguage":"ca","@id":"https:\/\/www.cpl.es\/#\/schema\/logo\/image\/","url":"https:\/\/www.cpl.es\/wp-content\/uploads\/logo-cpl.svg","contentUrl":"https:\/\/www.cpl.es\/wp-content\/uploads\/logo-cpl.svg","caption":"Centre de Pastoral Lit\u00fargica"},"image":{"@id":"https:\/\/www.cpl.es\/#\/schema\/logo\/image\/"}}]}},"_links":{"self":[{"href":"https:\/\/www.cpl.es\/ca\/wp-json\/wp\/v2\/product\/3184","targetHints":{"allow":["GET"]}}],"collection":[{"href":"https:\/\/www.cpl.es\/ca\/wp-json\/wp\/v2\/product"}],"about":[{"href":"https:\/\/www.cpl.es\/ca\/wp-json\/wp\/v2\/types\/product"}],"wp:featuredmedia":[{"embeddable":true,"href":"https:\/\/www.cpl.es\/ca\/wp-json\/wp\/v2\/media\/3185"}],"wp:attachment":[{"href":"https:\/\/www.cpl.es\/ca\/wp-json\/wp\/v2\/media?parent=3184"}],"wp:term":[{"taxonomy":"product_brand","embeddable":true,"href":"https:\/\/www.cpl.es\/ca\/wp-json\/wp\/v2\/product_brand?post=3184"},{"taxonomy":"product_cat","embeddable":true,"href":"https:\/\/www.cpl.es\/ca\/wp-json\/wp\/v2\/product_cat?post=3184"},{"taxonomy":"product_tag","embeddable":true,"href":"https:\/\/www.cpl.es\/ca\/wp-json\/wp\/v2\/product_tag?post=3184"}],"curies":[{"name":"wp","href":"https:\/\/api.w.org\/{rel}","templated":true}]}}