{"id":3181,"date":"2023-10-04T02:04:54","date_gmt":"2023-10-04T00:04:54","guid":{"rendered":"https:\/\/nuevaweb.cpl.es\/producto\/padres-de-la-iglesia-jovenes-en-la-iglesia-9788498054422\/"},"modified":"2026-02-12T16:53:34","modified_gmt":"2026-02-12T15:53:34","slug":"padres-de-la-iglesia-jovenes-en-la-iglesia-9788498054422","status":"publish","type":"product","link":"https:\/\/www.cpl.es\/ca\/producto\/padres-de-la-iglesia-jovenes-en-la-iglesia-9788498054422\/","title":{"rendered":"Padres de la Iglesia, j\u00f3venes en la Iglesia"},"content":{"rendered":"<p>Un t\u00edtulo quiz\u00e1s sorprendente. Y es que este libro nos introduce a una parte de nuestra historia cristiana que conocemos demasiado poco. La de aquellos escritores que, en los primeros tiempos de la Iglesia, fueron formulando lo que significaba la fe de Jesucristo: por eso los llamamos &#8216;padres', porque son los que iniciaron el camino.<br \/>Pero, al mismo tiempo, tambi\u00e9n podemos llamarlos j\u00f3venes, porque cuentan con todo el vigor de los inicios, todo el impulso que va dando forma y solidez al camino que comienza. Este libro, en definitiva, nos propone adentrarnos en un gran campo en el que vale la pena profundizar, para saber m\u00e1s qui\u00e9nes somos y de d\u00f3nde venimos. <\/p>\n<p>Joan Torra Bitlloch (Manresa, Barcelona, 1954), es sacerdote de la di\u00f3cesis de Vic, licenciado en Teolog\u00eda y diplomado en Ciencias Patr\u00edsticas, y combina docencia en la Facultad de Teolog\u00eda de Catalu\u00f1a y en otros centros de estudios teol\u00f3gicos, con la tarea pastoral, actualmente como p\u00e1rroco en Torell\u00f3 (Barcelona).<\/p>\n","protected":false},"excerpt":{"rendered":"<p>Torra Bitlloch, Joan<\/p>\n","protected":false},"featured_media":3182,"template":"","meta":{"_acf_changed":false,"inline_featured_image":false},"product_brand":[],"product_cat":[73,49,84,61],"product_tag":[],"class_list":{"0":"post-3181","1":"product","2":"type-product","3":"status-publish","4":"has-post-thumbnail","6":"product_cat-emaus-colleccions-catala","7":"product_cat-emaus","8":"product_cat-liturgia-i-teologia","9":"product_cat-liturgia-y-teologia","11":"first","12":"instock","13":"taxable","14":"shipping-taxable","15":"purchasable","16":"product-type-simple"},"acf":{"autor":"Torra Bitlloch, Joan","codart":"108091","ediciones":"1","encuadernacion":"R\u00fastica","fecha_de_publicacion":"17\/12\/2010","novedad":false,"paginas":"112","subtitulo":"","orden":"130","portada":false,"idioma":"spa","editorial":[{"ID":6736,"post_author":"2","post_date":"2023-10-06 08:35:24","post_date_gmt":"2023-10-06 06:35:24","post_content":"","post_title":"CPL","post_excerpt":"","post_status":"publish","comment_status":"closed","ping_status":"closed","post_password":"","post_name":"cpl","to_ping":"","pinged":"","post_modified":"2023-10-06 08:35:24","post_modified_gmt":"2023-10-06 06:35:24","post_content_filtered":"","post_parent":0,"guid":"https:\/\/nuevaweb.cpl.es\/editorial\/cpl\/","menu_order":0,"post_type":"editorial","post_mime_type":"","comment_count":"0","filter":"raw"}],"coleccion_num":"91"},"yoast_head":"<!-- This site is optimized with the Yoast SEO plugin v27.3 - https:\/\/yoast.com\/product\/yoast-seo-wordpress\/ -->\n<title>Padres de la Iglesia, j\u00f3venes en la Iglesia - CPL<\/title>\n<meta name=\"robots\" content=\"index, follow, max-snippet:-1, max-image-preview:large, max-video-preview:-1\" \/>\n<link rel=\"canonical\" href=\"https:\/\/www.cpl.es\/producto\/padres-de-la-iglesia-jovenes-en-la-iglesia-9788498054422\/\" \/>\n<meta property=\"og:locale\" content=\"ca_ES\" \/>\n<meta property=\"og:type\" content=\"article\" \/>\n<meta property=\"og:title\" content=\"Padres de la Iglesia, j\u00f3venes en la Iglesia - CPL\" \/>\n<meta property=\"og:description\" content=\"Torra Bitlloch, Joan\" \/>\n<meta property=\"og:url\" content=\"https:\/\/www.cpl.es\/producto\/padres-de-la-iglesia-jovenes-en-la-iglesia-9788498054422\/\" \/>\n<meta property=\"og:site_name\" content=\"CPL\" \/>\n<meta property=\"article:modified_time\" content=\"2026-02-12T15:53:34+00:00\" \/>\n<meta property=\"og:image\" content=\"https:\/\/www.cpl.es\/wp-content\/uploads\/108091.jpg\" \/>\n\t<meta property=\"og:image:width\" content=\"280\" \/>\n\t<meta property=\"og:image:height\" content=\"468\" \/>\n\t<meta property=\"og:image:type\" content=\"image\/jpeg\" \/>\n<meta name=\"twitter:card\" content=\"summary_large_image\" \/>\n<meta name=\"twitter:label1\" content=\"Temps estimat de lectura\" \/>\n\t<meta name=\"twitter:data1\" content=\"1 minut\" \/>\n<script type=\"application\/ld+json\" class=\"yoast-schema-graph\">{\"@context\":\"https:\\\/\\\/schema.org\",\"@graph\":[{\"@type\":\"WebPage\",\"@id\":\"https:\\\/\\\/www.cpl.es\\\/producto\\\/padres-de-la-iglesia-jovenes-en-la-iglesia-9788498054422\\\/\",\"url\":\"https:\\\/\\\/www.cpl.es\\\/producto\\\/padres-de-la-iglesia-jovenes-en-la-iglesia-9788498054422\\\/\",\"name\":\"Padres de la Iglesia, j\u00f3venes en la Iglesia - CPL\",\"isPartOf\":{\"@id\":\"https:\\\/\\\/www.cpl.es\\\/#website\"},\"primaryImageOfPage\":{\"@id\":\"https:\\\/\\\/www.cpl.es\\\/producto\\\/padres-de-la-iglesia-jovenes-en-la-iglesia-9788498054422\\\/#primaryimage\"},\"image\":{\"@id\":\"https:\\\/\\\/www.cpl.es\\\/producto\\\/padres-de-la-iglesia-jovenes-en-la-iglesia-9788498054422\\\/#primaryimage\"},\"thumbnailUrl\":\"https:\\\/\\\/www.cpl.es\\\/wp-content\\\/uploads\\\/108091.jpg\",\"datePublished\":\"2023-10-04T00:04:54+00:00\",\"dateModified\":\"2026-02-12T15:53:34+00:00\",\"breadcrumb\":{\"@id\":\"https:\\\/\\\/www.cpl.es\\\/producto\\\/padres-de-la-iglesia-jovenes-en-la-iglesia-9788498054422\\\/#breadcrumb\"},\"inLanguage\":\"ca\",\"potentialAction\":[{\"@type\":\"ReadAction\",\"target\":[\"https:\\\/\\\/www.cpl.es\\\/producto\\\/padres-de-la-iglesia-jovenes-en-la-iglesia-9788498054422\\\/\"]}]},{\"@type\":\"ImageObject\",\"inLanguage\":\"ca\",\"@id\":\"https:\\\/\\\/www.cpl.es\\\/producto\\\/padres-de-la-iglesia-jovenes-en-la-iglesia-9788498054422\\\/#primaryimage\",\"url\":\"https:\\\/\\\/www.cpl.es\\\/wp-content\\\/uploads\\\/108091.jpg\",\"contentUrl\":\"https:\\\/\\\/www.cpl.es\\\/wp-content\\\/uploads\\\/108091.jpg\",\"width\":280,\"height\":468,\"caption\":\"108091.jpg\"},{\"@type\":\"BreadcrumbList\",\"@id\":\"https:\\\/\\\/www.cpl.es\\\/producto\\\/padres-de-la-iglesia-jovenes-en-la-iglesia-9788498054422\\\/#breadcrumb\",\"itemListElement\":[{\"@type\":\"ListItem\",\"position\":1,\"name\":\"Portada\",\"item\":\"https:\\\/\\\/www.cpl.es\\\/ca\\\/\"},{\"@type\":\"ListItem\",\"position\":2,\"name\":\"Cat\u00e0leg\",\"item\":\"https:\\\/\\\/www.cpl.es\\\/ca\\\/cataleg\\\/\"},{\"@type\":\"ListItem\",\"position\":3,\"name\":\"Padres de la Iglesia, j\u00f3venes en la Iglesia\"}]},{\"@type\":\"WebSite\",\"@id\":\"https:\\\/\\\/www.cpl.es\\\/#website\",\"url\":\"https:\\\/\\\/www.cpl.es\\\/\",\"name\":\"CPL\",\"description\":\"Centre de Pastoral Lit\u00fargica de Barcelona\",\"publisher\":{\"@id\":\"https:\\\/\\\/www.cpl.es\\\/#organization\"},\"alternateName\":\"Centre de Pastoral Lit\u00fargica\",\"potentialAction\":[{\"@type\":\"SearchAction\",\"target\":{\"@type\":\"EntryPoint\",\"urlTemplate\":\"https:\\\/\\\/www.cpl.es\\\/?s={search_term_string}\"},\"query-input\":{\"@type\":\"PropertyValueSpecification\",\"valueRequired\":true,\"valueName\":\"search_term_string\"}}],\"inLanguage\":\"ca\"},{\"@type\":\"Organization\",\"@id\":\"https:\\\/\\\/www.cpl.es\\\/#organization\",\"name\":\"Centre de Pastoral Lit\u00fargica\",\"alternateName\":\"Centre de Pastoral Lit\u00fargica de Barcelona\",\"url\":\"https:\\\/\\\/www.cpl.es\\\/\",\"logo\":{\"@type\":\"ImageObject\",\"inLanguage\":\"ca\",\"@id\":\"https:\\\/\\\/www.cpl.es\\\/#\\\/schema\\\/logo\\\/image\\\/\",\"url\":\"https:\\\/\\\/www.cpl.es\\\/wp-content\\\/uploads\\\/logo-cpl.svg\",\"contentUrl\":\"https:\\\/\\\/www.cpl.es\\\/wp-content\\\/uploads\\\/logo-cpl.svg\",\"caption\":\"Centre de Pastoral Lit\u00fargica\"},\"image\":{\"@id\":\"https:\\\/\\\/www.cpl.es\\\/#\\\/schema\\\/logo\\\/image\\\/\"}}]}<\/script>\n<!-- \/ Yoast SEO plugin. -->","yoast_head_json":{"title":"Padres de la Iglesia, j\u00f3venes en la Iglesia - CPL","robots":{"index":"index","follow":"follow","max-snippet":"max-snippet:-1","max-image-preview":"max-image-preview:large","max-video-preview":"max-video-preview:-1"},"canonical":"https:\/\/www.cpl.es\/producto\/padres-de-la-iglesia-jovenes-en-la-iglesia-9788498054422\/","og_locale":"ca_ES","og_type":"article","og_title":"Padres de la Iglesia, j\u00f3venes en la Iglesia - CPL","og_description":"Torra Bitlloch, Joan","og_url":"https:\/\/www.cpl.es\/producto\/padres-de-la-iglesia-jovenes-en-la-iglesia-9788498054422\/","og_site_name":"CPL","article_modified_time":"2026-02-12T15:53:34+00:00","og_image":[{"width":280,"height":468,"url":"https:\/\/www.cpl.es\/wp-content\/uploads\/108091.jpg","type":"image\/jpeg"}],"twitter_card":"summary_large_image","twitter_misc":{"Temps estimat de lectura":"1 minut"},"schema":{"@context":"https:\/\/schema.org","@graph":[{"@type":"WebPage","@id":"https:\/\/www.cpl.es\/producto\/padres-de-la-iglesia-jovenes-en-la-iglesia-9788498054422\/","url":"https:\/\/www.cpl.es\/producto\/padres-de-la-iglesia-jovenes-en-la-iglesia-9788498054422\/","name":"Padres de la Iglesia, j\u00f3venes en la Iglesia - CPL","isPartOf":{"@id":"https:\/\/www.cpl.es\/#website"},"primaryImageOfPage":{"@id":"https:\/\/www.cpl.es\/producto\/padres-de-la-iglesia-jovenes-en-la-iglesia-9788498054422\/#primaryimage"},"image":{"@id":"https:\/\/www.cpl.es\/producto\/padres-de-la-iglesia-jovenes-en-la-iglesia-9788498054422\/#primaryimage"},"thumbnailUrl":"https:\/\/www.cpl.es\/wp-content\/uploads\/108091.jpg","datePublished":"2023-10-04T00:04:54+00:00","dateModified":"2026-02-12T15:53:34+00:00","breadcrumb":{"@id":"https:\/\/www.cpl.es\/producto\/padres-de-la-iglesia-jovenes-en-la-iglesia-9788498054422\/#breadcrumb"},"inLanguage":"ca","potentialAction":[{"@type":"ReadAction","target":["https:\/\/www.cpl.es\/producto\/padres-de-la-iglesia-jovenes-en-la-iglesia-9788498054422\/"]}]},{"@type":"ImageObject","inLanguage":"ca","@id":"https:\/\/www.cpl.es\/producto\/padres-de-la-iglesia-jovenes-en-la-iglesia-9788498054422\/#primaryimage","url":"https:\/\/www.cpl.es\/wp-content\/uploads\/108091.jpg","contentUrl":"https:\/\/www.cpl.es\/wp-content\/uploads\/108091.jpg","width":280,"height":468,"caption":"108091.jpg"},{"@type":"BreadcrumbList","@id":"https:\/\/www.cpl.es\/producto\/padres-de-la-iglesia-jovenes-en-la-iglesia-9788498054422\/#breadcrumb","itemListElement":[{"@type":"ListItem","position":1,"name":"Portada","item":"https:\/\/www.cpl.es\/ca\/"},{"@type":"ListItem","position":2,"name":"Cat\u00e0leg","item":"https:\/\/www.cpl.es\/ca\/cataleg\/"},{"@type":"ListItem","position":3,"name":"Padres de la Iglesia, j\u00f3venes en la Iglesia"}]},{"@type":"WebSite","@id":"https:\/\/www.cpl.es\/#website","url":"https:\/\/www.cpl.es\/","name":"CPL","description":"Centre de Pastoral Lit\u00fargica de Barcelona","publisher":{"@id":"https:\/\/www.cpl.es\/#organization"},"alternateName":"Centre de Pastoral Lit\u00fargica","potentialAction":[{"@type":"SearchAction","target":{"@type":"EntryPoint","urlTemplate":"https:\/\/www.cpl.es\/?s={search_term_string}"},"query-input":{"@type":"PropertyValueSpecification","valueRequired":true,"valueName":"search_term_string"}}],"inLanguage":"ca"},{"@type":"Organization","@id":"https:\/\/www.cpl.es\/#organization","name":"Centre de Pastoral Lit\u00fargica","alternateName":"Centre de Pastoral Lit\u00fargica de Barcelona","url":"https:\/\/www.cpl.es\/","logo":{"@type":"ImageObject","inLanguage":"ca","@id":"https:\/\/www.cpl.es\/#\/schema\/logo\/image\/","url":"https:\/\/www.cpl.es\/wp-content\/uploads\/logo-cpl.svg","contentUrl":"https:\/\/www.cpl.es\/wp-content\/uploads\/logo-cpl.svg","caption":"Centre de Pastoral Lit\u00fargica"},"image":{"@id":"https:\/\/www.cpl.es\/#\/schema\/logo\/image\/"}}]}},"_links":{"self":[{"href":"https:\/\/www.cpl.es\/ca\/wp-json\/wp\/v2\/product\/3181","targetHints":{"allow":["GET"]}}],"collection":[{"href":"https:\/\/www.cpl.es\/ca\/wp-json\/wp\/v2\/product"}],"about":[{"href":"https:\/\/www.cpl.es\/ca\/wp-json\/wp\/v2\/types\/product"}],"wp:featuredmedia":[{"embeddable":true,"href":"https:\/\/www.cpl.es\/ca\/wp-json\/wp\/v2\/media\/3182"}],"wp:attachment":[{"href":"https:\/\/www.cpl.es\/ca\/wp-json\/wp\/v2\/media?parent=3181"}],"wp:term":[{"taxonomy":"product_brand","embeddable":true,"href":"https:\/\/www.cpl.es\/ca\/wp-json\/wp\/v2\/product_brand?post=3181"},{"taxonomy":"product_cat","embeddable":true,"href":"https:\/\/www.cpl.es\/ca\/wp-json\/wp\/v2\/product_cat?post=3181"},{"taxonomy":"product_tag","embeddable":true,"href":"https:\/\/www.cpl.es\/ca\/wp-json\/wp\/v2\/product_tag?post=3181"}],"curies":[{"name":"wp","href":"https:\/\/api.w.org\/{rel}","templated":true}]}}