{"id":3097,"date":"2023-10-04T02:02:19","date_gmt":"2023-10-04T00:02:19","guid":{"rendered":"https:\/\/nuevaweb.cpl.es\/producto\/iniciacion-al-silencio-y-a-la-oracion-en-los-ninos-9788498054637\/"},"modified":"2026-02-12T16:53:37","modified_gmt":"2026-02-12T15:53:37","slug":"iniciacion-al-silencio-y-a-la-oracion-en-los-ninos-9788498054637","status":"publish","type":"product","link":"https:\/\/www.cpl.es\/ca\/producto\/iniciacion-al-silencio-y-a-la-oracion-en-los-ninos-9788498054637\/","title":{"rendered":"Iniciaci\u00f3n al silencio y a la oraci\u00f3n en los ni\u00f1os"},"content":{"rendered":"<p>No parece f\u00e1cil, ayudar a los ni\u00f1os y ni\u00f1as en el aprendizaje de la oracion y del silencio. Y desde luego no lo es, pero no tanto como a veces puede parecer desde fuera. Cuando uno se acerca a los ni\u00f1os y empieza a aprender a rezar junto con ellos, dice el autor de estas p\u00e1ginas, descubre posibilidades inesperadas y caminos sorprendentes. Y aqu\u00ed, sistematizando esas experiencias compartidas, nos ofrece este libro que, con sus reflexiones sugerentes y sus muchos ejemplos pr\u00e1cticos, ser\u00e1 sin duda un magn\u00edfico instrumento al servicio de catequistas, padres, y educadores en general.<\/p>\n<p>Luis M. Benavides (Buenos Aires, Argentina, 1959) es laico, casado, catequista, maestro y licenciado en Relaciones<br \/>Humanas y Publicas. Es director de una escuela primaria en Buenos Aires y miembro del equipo directivo del Instituto Superior de Catequesis de Argentina. Muy conocido por sus aportaciones a la metodologia catequ\u00e9tica, ha publicado numerosos libros de temas catequ\u00e9ticos y educativos, que han alcanzado una gran difusi\u00f3n.<\/p>\n","protected":false},"excerpt":{"rendered":"<p>Benavides, Director Luis M.<\/p>\n","protected":false},"featured_media":3098,"template":"","meta":{"_acf_changed":false,"inline_featured_image":false},"product_brand":[],"product_cat":[73,49,65,88,63,86],"product_tag":[],"class_list":{"0":"post-3097","1":"product","2":"type-product","3":"status-publish","4":"has-post-thumbnail","6":"product_cat-emaus-colleccions-catala","7":"product_cat-emaus","8":"product_cat-espiritualidad","9":"product_cat-espiritualitat","10":"product_cat-oracion","11":"product_cat-pregaria","13":"first","14":"instock","15":"taxable","16":"shipping-taxable","17":"purchasable","18":"product-type-simple"},"acf":{"autor":"Benavides, Director Luis M.","codart":"108092","ediciones":"1","encuadernacion":"R\u00fastica","fecha_de_publicacion":"16\/11\/2017","novedad":false,"paginas":"114","subtitulo":"","orden":"999","portada":false,"idioma":"spa","editorial":[{"ID":6736,"post_author":"2","post_date":"2023-10-06 08:35:24","post_date_gmt":"2023-10-06 06:35:24","post_content":"","post_title":"CPL","post_excerpt":"","post_status":"publish","comment_status":"closed","ping_status":"closed","post_password":"","post_name":"cpl","to_ping":"","pinged":"","post_modified":"2023-10-06 08:35:24","post_modified_gmt":"2023-10-06 06:35:24","post_content_filtered":"","post_parent":0,"guid":"https:\/\/nuevaweb.cpl.es\/editorial\/cpl\/","menu_order":0,"post_type":"editorial","post_mime_type":"","comment_count":"0","filter":"raw"}],"coleccion_num":"92"},"yoast_head":"<!-- This site is optimized with the Yoast SEO plugin v27.3 - https:\/\/yoast.com\/product\/yoast-seo-wordpress\/ -->\n<title>Iniciaci\u00f3n al silencio y a la oraci\u00f3n en los ni\u00f1os - CPL<\/title>\n<meta name=\"robots\" content=\"index, follow, max-snippet:-1, max-image-preview:large, max-video-preview:-1\" \/>\n<link rel=\"canonical\" href=\"https:\/\/www.cpl.es\/producto\/iniciacion-al-silencio-y-a-la-oracion-en-los-ninos-9788498054637\/\" \/>\n<meta property=\"og:locale\" content=\"ca_ES\" \/>\n<meta property=\"og:type\" content=\"article\" \/>\n<meta property=\"og:title\" content=\"Iniciaci\u00f3n al silencio y a la oraci\u00f3n en los ni\u00f1os - CPL\" \/>\n<meta property=\"og:description\" content=\"Benavides, Director Luis M.\" \/>\n<meta property=\"og:url\" content=\"https:\/\/www.cpl.es\/producto\/iniciacion-al-silencio-y-a-la-oracion-en-los-ninos-9788498054637\/\" \/>\n<meta property=\"og:site_name\" content=\"CPL\" \/>\n<meta property=\"article:modified_time\" content=\"2026-02-12T15:53:37+00:00\" \/>\n<meta property=\"og:image\" content=\"https:\/\/www.cpl.es\/wp-content\/uploads\/108092.jpg\" \/>\n\t<meta property=\"og:image:width\" content=\"280\" \/>\n\t<meta property=\"og:image:height\" content=\"447\" \/>\n\t<meta property=\"og:image:type\" content=\"image\/jpeg\" \/>\n<meta name=\"twitter:card\" content=\"summary_large_image\" \/>\n<meta name=\"twitter:label1\" content=\"Temps estimat de lectura\" \/>\n\t<meta name=\"twitter:data1\" content=\"1 minut\" \/>\n<script type=\"application\/ld+json\" class=\"yoast-schema-graph\">{\"@context\":\"https:\\\/\\\/schema.org\",\"@graph\":[{\"@type\":\"WebPage\",\"@id\":\"https:\\\/\\\/www.cpl.es\\\/producto\\\/iniciacion-al-silencio-y-a-la-oracion-en-los-ninos-9788498054637\\\/\",\"url\":\"https:\\\/\\\/www.cpl.es\\\/producto\\\/iniciacion-al-silencio-y-a-la-oracion-en-los-ninos-9788498054637\\\/\",\"name\":\"Iniciaci\u00f3n al silencio y a la oraci\u00f3n en los ni\u00f1os - CPL\",\"isPartOf\":{\"@id\":\"https:\\\/\\\/www.cpl.es\\\/#website\"},\"primaryImageOfPage\":{\"@id\":\"https:\\\/\\\/www.cpl.es\\\/producto\\\/iniciacion-al-silencio-y-a-la-oracion-en-los-ninos-9788498054637\\\/#primaryimage\"},\"image\":{\"@id\":\"https:\\\/\\\/www.cpl.es\\\/producto\\\/iniciacion-al-silencio-y-a-la-oracion-en-los-ninos-9788498054637\\\/#primaryimage\"},\"thumbnailUrl\":\"https:\\\/\\\/www.cpl.es\\\/wp-content\\\/uploads\\\/108092.jpg\",\"datePublished\":\"2023-10-04T00:02:19+00:00\",\"dateModified\":\"2026-02-12T15:53:37+00:00\",\"breadcrumb\":{\"@id\":\"https:\\\/\\\/www.cpl.es\\\/producto\\\/iniciacion-al-silencio-y-a-la-oracion-en-los-ninos-9788498054637\\\/#breadcrumb\"},\"inLanguage\":\"ca\",\"potentialAction\":[{\"@type\":\"ReadAction\",\"target\":[\"https:\\\/\\\/www.cpl.es\\\/producto\\\/iniciacion-al-silencio-y-a-la-oracion-en-los-ninos-9788498054637\\\/\"]}]},{\"@type\":\"ImageObject\",\"inLanguage\":\"ca\",\"@id\":\"https:\\\/\\\/www.cpl.es\\\/producto\\\/iniciacion-al-silencio-y-a-la-oracion-en-los-ninos-9788498054637\\\/#primaryimage\",\"url\":\"https:\\\/\\\/www.cpl.es\\\/wp-content\\\/uploads\\\/108092.jpg\",\"contentUrl\":\"https:\\\/\\\/www.cpl.es\\\/wp-content\\\/uploads\\\/108092.jpg\",\"width\":280,\"height\":447,\"caption\":\"108092.jpg\"},{\"@type\":\"BreadcrumbList\",\"@id\":\"https:\\\/\\\/www.cpl.es\\\/producto\\\/iniciacion-al-silencio-y-a-la-oracion-en-los-ninos-9788498054637\\\/#breadcrumb\",\"itemListElement\":[{\"@type\":\"ListItem\",\"position\":1,\"name\":\"Portada\",\"item\":\"https:\\\/\\\/www.cpl.es\\\/ca\\\/\"},{\"@type\":\"ListItem\",\"position\":2,\"name\":\"Cat\u00e0leg\",\"item\":\"https:\\\/\\\/www.cpl.es\\\/ca\\\/cataleg\\\/\"},{\"@type\":\"ListItem\",\"position\":3,\"name\":\"Iniciaci\u00f3n al silencio y a la oraci\u00f3n en los ni\u00f1os\"}]},{\"@type\":\"WebSite\",\"@id\":\"https:\\\/\\\/www.cpl.es\\\/#website\",\"url\":\"https:\\\/\\\/www.cpl.es\\\/\",\"name\":\"CPL\",\"description\":\"Centre de Pastoral Lit\u00fargica de Barcelona\",\"publisher\":{\"@id\":\"https:\\\/\\\/www.cpl.es\\\/#organization\"},\"alternateName\":\"Centre de Pastoral Lit\u00fargica\",\"potentialAction\":[{\"@type\":\"SearchAction\",\"target\":{\"@type\":\"EntryPoint\",\"urlTemplate\":\"https:\\\/\\\/www.cpl.es\\\/?s={search_term_string}\"},\"query-input\":{\"@type\":\"PropertyValueSpecification\",\"valueRequired\":true,\"valueName\":\"search_term_string\"}}],\"inLanguage\":\"ca\"},{\"@type\":\"Organization\",\"@id\":\"https:\\\/\\\/www.cpl.es\\\/#organization\",\"name\":\"Centre de Pastoral Lit\u00fargica\",\"alternateName\":\"Centre de Pastoral Lit\u00fargica de Barcelona\",\"url\":\"https:\\\/\\\/www.cpl.es\\\/\",\"logo\":{\"@type\":\"ImageObject\",\"inLanguage\":\"ca\",\"@id\":\"https:\\\/\\\/www.cpl.es\\\/#\\\/schema\\\/logo\\\/image\\\/\",\"url\":\"https:\\\/\\\/www.cpl.es\\\/wp-content\\\/uploads\\\/logo-cpl.svg\",\"contentUrl\":\"https:\\\/\\\/www.cpl.es\\\/wp-content\\\/uploads\\\/logo-cpl.svg\",\"caption\":\"Centre de Pastoral Lit\u00fargica\"},\"image\":{\"@id\":\"https:\\\/\\\/www.cpl.es\\\/#\\\/schema\\\/logo\\\/image\\\/\"}}]}<\/script>\n<!-- \/ Yoast SEO plugin. -->","yoast_head_json":{"title":"Iniciaci\u00f3n al silencio y a la oraci\u00f3n en los ni\u00f1os - CPL","robots":{"index":"index","follow":"follow","max-snippet":"max-snippet:-1","max-image-preview":"max-image-preview:large","max-video-preview":"max-video-preview:-1"},"canonical":"https:\/\/www.cpl.es\/producto\/iniciacion-al-silencio-y-a-la-oracion-en-los-ninos-9788498054637\/","og_locale":"ca_ES","og_type":"article","og_title":"Iniciaci\u00f3n al silencio y a la oraci\u00f3n en los ni\u00f1os - CPL","og_description":"Benavides, Director Luis M.","og_url":"https:\/\/www.cpl.es\/producto\/iniciacion-al-silencio-y-a-la-oracion-en-los-ninos-9788498054637\/","og_site_name":"CPL","article_modified_time":"2026-02-12T15:53:37+00:00","og_image":[{"width":280,"height":447,"url":"https:\/\/www.cpl.es\/wp-content\/uploads\/108092.jpg","type":"image\/jpeg"}],"twitter_card":"summary_large_image","twitter_misc":{"Temps estimat de lectura":"1 minut"},"schema":{"@context":"https:\/\/schema.org","@graph":[{"@type":"WebPage","@id":"https:\/\/www.cpl.es\/producto\/iniciacion-al-silencio-y-a-la-oracion-en-los-ninos-9788498054637\/","url":"https:\/\/www.cpl.es\/producto\/iniciacion-al-silencio-y-a-la-oracion-en-los-ninos-9788498054637\/","name":"Iniciaci\u00f3n al silencio y a la oraci\u00f3n en los ni\u00f1os - CPL","isPartOf":{"@id":"https:\/\/www.cpl.es\/#website"},"primaryImageOfPage":{"@id":"https:\/\/www.cpl.es\/producto\/iniciacion-al-silencio-y-a-la-oracion-en-los-ninos-9788498054637\/#primaryimage"},"image":{"@id":"https:\/\/www.cpl.es\/producto\/iniciacion-al-silencio-y-a-la-oracion-en-los-ninos-9788498054637\/#primaryimage"},"thumbnailUrl":"https:\/\/www.cpl.es\/wp-content\/uploads\/108092.jpg","datePublished":"2023-10-04T00:02:19+00:00","dateModified":"2026-02-12T15:53:37+00:00","breadcrumb":{"@id":"https:\/\/www.cpl.es\/producto\/iniciacion-al-silencio-y-a-la-oracion-en-los-ninos-9788498054637\/#breadcrumb"},"inLanguage":"ca","potentialAction":[{"@type":"ReadAction","target":["https:\/\/www.cpl.es\/producto\/iniciacion-al-silencio-y-a-la-oracion-en-los-ninos-9788498054637\/"]}]},{"@type":"ImageObject","inLanguage":"ca","@id":"https:\/\/www.cpl.es\/producto\/iniciacion-al-silencio-y-a-la-oracion-en-los-ninos-9788498054637\/#primaryimage","url":"https:\/\/www.cpl.es\/wp-content\/uploads\/108092.jpg","contentUrl":"https:\/\/www.cpl.es\/wp-content\/uploads\/108092.jpg","width":280,"height":447,"caption":"108092.jpg"},{"@type":"BreadcrumbList","@id":"https:\/\/www.cpl.es\/producto\/iniciacion-al-silencio-y-a-la-oracion-en-los-ninos-9788498054637\/#breadcrumb","itemListElement":[{"@type":"ListItem","position":1,"name":"Portada","item":"https:\/\/www.cpl.es\/ca\/"},{"@type":"ListItem","position":2,"name":"Cat\u00e0leg","item":"https:\/\/www.cpl.es\/ca\/cataleg\/"},{"@type":"ListItem","position":3,"name":"Iniciaci\u00f3n al silencio y a la oraci\u00f3n en los ni\u00f1os"}]},{"@type":"WebSite","@id":"https:\/\/www.cpl.es\/#website","url":"https:\/\/www.cpl.es\/","name":"CPL","description":"Centre de Pastoral Lit\u00fargica de Barcelona","publisher":{"@id":"https:\/\/www.cpl.es\/#organization"},"alternateName":"Centre de Pastoral Lit\u00fargica","potentialAction":[{"@type":"SearchAction","target":{"@type":"EntryPoint","urlTemplate":"https:\/\/www.cpl.es\/?s={search_term_string}"},"query-input":{"@type":"PropertyValueSpecification","valueRequired":true,"valueName":"search_term_string"}}],"inLanguage":"ca"},{"@type":"Organization","@id":"https:\/\/www.cpl.es\/#organization","name":"Centre de Pastoral Lit\u00fargica","alternateName":"Centre de Pastoral Lit\u00fargica de Barcelona","url":"https:\/\/www.cpl.es\/","logo":{"@type":"ImageObject","inLanguage":"ca","@id":"https:\/\/www.cpl.es\/#\/schema\/logo\/image\/","url":"https:\/\/www.cpl.es\/wp-content\/uploads\/logo-cpl.svg","contentUrl":"https:\/\/www.cpl.es\/wp-content\/uploads\/logo-cpl.svg","caption":"Centre de Pastoral Lit\u00fargica"},"image":{"@id":"https:\/\/www.cpl.es\/#\/schema\/logo\/image\/"}}]}},"_links":{"self":[{"href":"https:\/\/www.cpl.es\/ca\/wp-json\/wp\/v2\/product\/3097","targetHints":{"allow":["GET"]}}],"collection":[{"href":"https:\/\/www.cpl.es\/ca\/wp-json\/wp\/v2\/product"}],"about":[{"href":"https:\/\/www.cpl.es\/ca\/wp-json\/wp\/v2\/types\/product"}],"wp:featuredmedia":[{"embeddable":true,"href":"https:\/\/www.cpl.es\/ca\/wp-json\/wp\/v2\/media\/3098"}],"wp:attachment":[{"href":"https:\/\/www.cpl.es\/ca\/wp-json\/wp\/v2\/media?parent=3097"}],"wp:term":[{"taxonomy":"product_brand","embeddable":true,"href":"https:\/\/www.cpl.es\/ca\/wp-json\/wp\/v2\/product_brand?post=3097"},{"taxonomy":"product_cat","embeddable":true,"href":"https:\/\/www.cpl.es\/ca\/wp-json\/wp\/v2\/product_cat?post=3097"},{"taxonomy":"product_tag","embeddable":true,"href":"https:\/\/www.cpl.es\/ca\/wp-json\/wp\/v2\/product_tag?post=3097"}],"curies":[{"name":"wp","href":"https:\/\/api.w.org\/{rel}","templated":true}]}}