{"id":3067,"date":"2023-10-04T02:01:19","date_gmt":"2023-10-04T00:01:19","guid":{"rendered":"https:\/\/nuevaweb.cpl.es\/producto\/esposos-i-esposes-sants-9788498054798\/"},"modified":"2026-02-12T17:52:41","modified_gmt":"2026-02-12T16:52:41","slug":"esposos-i-esposes-sants-9788498054798","status":"publish","type":"product","link":"https:\/\/www.cpl.es\/ca\/producto\/esposos-i-esposes-sants-9788498054798\/","title":{"rendered":"Esposos i esposes sants"},"content":{"rendered":"<p>Homes i dones casats, i reconeguts<br \/>com a sants per l\u2019Esgl\u00e9sia. N\u2019hi ha m\u00e9s<br \/>dels que podria semblar, i podria havern\u2019hi<br \/>for\u00e7a m\u00e9s encara. Per\u00f2 en tot cas,<br \/>els que hi ha s\u00f3n una bona mostra que la<br \/>vida cristiana viscuda a fons \u00e9s una crida<br \/>per a tothom i que per tothom pot ser<br \/>seguida.<br \/>No s\u00f3n perfectes, aquests homes<br \/>i dones. Com no ho \u00e9s cap altre sant. I<br \/>no s\u00f3n tampoc gaire semblants: n\u2019hi ha<br \/>de molts llocs i temps, de molt diverses<br \/>cultures i situacions socials. Per\u00f2 s\u00f3n,<br \/>tots plegats, una magn\u00edfica invitaci\u00f3 a<br \/>viure el seguiment de Jes\u00fas en la condici\u00f3<br \/>d\u2019esposos i esposes.<br \/>Pere Mas Gonz\u00e1lez (Val\u00e8ncia 1942)<br \/>\u00e9s religi\u00f3s fill de la Sagrada Fam\u00edlia,<br \/>i rector de la parr\u00f2quia-santuari de<br \/>sant Josep Manyanet, de Barcelona. \u00c9s<br \/>tamb\u00e9 membre del consell general de<br \/>la seva Congregaci\u00f3 com a responsable<br \/>de pastoral i, amb aquest llibre, ens fa<br \/>arribar de manera senzilla i propera<br \/>aquestes hist\u00f2ries variades i estimulants.<\/p>\n<p>*****<\/p>\n<p>La vida d'una colla d'homes i dones casats, reconeguts com a sants per l'Esgl\u00e9sia, que s\u00f3n una bona mostra que la vida cristiana viscuda a fons \u00e9s una crida per a tothom i que per tothom pot ser seguida. Aquest llibre ens fa arribar de manera senzilla i propera aquestes hist\u00f2ries variades i estimulants.<\/p>\n","protected":false},"excerpt":{"rendered":"<p>Mas Gonz\u00e1lez, Pere<\/p>\n","protected":false},"featured_media":3068,"template":"","meta":{"_acf_changed":false,"inline_featured_image":false},"product_brand":[],"product_cat":[73,88],"product_tag":[],"class_list":{"0":"post-3067","1":"product","2":"type-product","3":"status-publish","4":"has-post-thumbnail","6":"product_cat-emaus-colleccions-catala","7":"product_cat-espiritualitat","9":"first","10":"instock","11":"taxable","12":"shipping-taxable","13":"purchasable","14":"product-type-simple"},"acf":{"autor":"Mas Gonz\u00e1lez, Pere","codart":"208094","ediciones":"1","encuadernacion":"R\u00fastica","fecha_de_publicacion":"12\/05\/2011","novedad":false,"paginas":"128","subtitulo":"","orden":"4","portada":false,"idioma":"cat","editorial":[{"ID":6736,"post_author":"2","post_date":"2023-10-06 08:35:24","post_date_gmt":"2023-10-06 06:35:24","post_content":"","post_title":"CPL","post_excerpt":"","post_status":"publish","comment_status":"closed","ping_status":"closed","post_password":"","post_name":"cpl","to_ping":"","pinged":"","post_modified":"2023-10-06 08:35:24","post_modified_gmt":"2023-10-06 06:35:24","post_content_filtered":"","post_parent":0,"guid":"https:\/\/nuevaweb.cpl.es\/editorial\/cpl\/","menu_order":0,"post_type":"editorial","post_mime_type":"","comment_count":"0","filter":"raw"}],"coleccion_num":"94"},"yoast_head":"<!-- This site is optimized with the Yoast SEO plugin v27.3 - https:\/\/yoast.com\/product\/yoast-seo-wordpress\/ -->\n<title>Esposos i esposes sants - CPL<\/title>\n<meta name=\"robots\" content=\"index, follow, max-snippet:-1, max-image-preview:large, max-video-preview:-1\" \/>\n<link rel=\"canonical\" href=\"https:\/\/www.cpl.es\/producto\/esposos-i-esposes-sants-9788498054798\/\" \/>\n<meta property=\"og:locale\" content=\"ca_ES\" \/>\n<meta property=\"og:type\" content=\"article\" \/>\n<meta property=\"og:title\" content=\"Esposos i esposes sants - CPL\" \/>\n<meta property=\"og:description\" content=\"Mas Gonz\u00e1lez, Pere\" \/>\n<meta property=\"og:url\" content=\"https:\/\/www.cpl.es\/producto\/esposos-i-esposes-sants-9788498054798\/\" \/>\n<meta property=\"og:site_name\" content=\"CPL\" \/>\n<meta property=\"article:modified_time\" content=\"2026-02-12T16:52:41+00:00\" \/>\n<meta property=\"og:image\" content=\"https:\/\/www.cpl.es\/wp-content\/uploads\/208094.jpg\" \/>\n\t<meta property=\"og:image:width\" content=\"280\" \/>\n\t<meta property=\"og:image:height\" content=\"438\" \/>\n\t<meta property=\"og:image:type\" content=\"image\/jpeg\" \/>\n<meta name=\"twitter:card\" content=\"summary_large_image\" \/>\n<meta name=\"twitter:label1\" content=\"Temps estimat de lectura\" \/>\n\t<meta name=\"twitter:data1\" content=\"1 minut\" \/>\n<script type=\"application\/ld+json\" class=\"yoast-schema-graph\">{\"@context\":\"https:\\\/\\\/schema.org\",\"@graph\":[{\"@type\":\"WebPage\",\"@id\":\"https:\\\/\\\/www.cpl.es\\\/producto\\\/esposos-i-esposes-sants-9788498054798\\\/\",\"url\":\"https:\\\/\\\/www.cpl.es\\\/producto\\\/esposos-i-esposes-sants-9788498054798\\\/\",\"name\":\"Esposos i esposes sants - CPL\",\"isPartOf\":{\"@id\":\"https:\\\/\\\/www.cpl.es\\\/#website\"},\"primaryImageOfPage\":{\"@id\":\"https:\\\/\\\/www.cpl.es\\\/producto\\\/esposos-i-esposes-sants-9788498054798\\\/#primaryimage\"},\"image\":{\"@id\":\"https:\\\/\\\/www.cpl.es\\\/producto\\\/esposos-i-esposes-sants-9788498054798\\\/#primaryimage\"},\"thumbnailUrl\":\"https:\\\/\\\/www.cpl.es\\\/wp-content\\\/uploads\\\/208094.jpg\",\"datePublished\":\"2023-10-04T00:01:19+00:00\",\"dateModified\":\"2026-02-12T16:52:41+00:00\",\"breadcrumb\":{\"@id\":\"https:\\\/\\\/www.cpl.es\\\/producto\\\/esposos-i-esposes-sants-9788498054798\\\/#breadcrumb\"},\"inLanguage\":\"ca\",\"potentialAction\":[{\"@type\":\"ReadAction\",\"target\":[\"https:\\\/\\\/www.cpl.es\\\/producto\\\/esposos-i-esposes-sants-9788498054798\\\/\"]}]},{\"@type\":\"ImageObject\",\"inLanguage\":\"ca\",\"@id\":\"https:\\\/\\\/www.cpl.es\\\/producto\\\/esposos-i-esposes-sants-9788498054798\\\/#primaryimage\",\"url\":\"https:\\\/\\\/www.cpl.es\\\/wp-content\\\/uploads\\\/208094.jpg\",\"contentUrl\":\"https:\\\/\\\/www.cpl.es\\\/wp-content\\\/uploads\\\/208094.jpg\",\"width\":280,\"height\":438,\"caption\":\"208094.jpg\"},{\"@type\":\"BreadcrumbList\",\"@id\":\"https:\\\/\\\/www.cpl.es\\\/producto\\\/esposos-i-esposes-sants-9788498054798\\\/#breadcrumb\",\"itemListElement\":[{\"@type\":\"ListItem\",\"position\":1,\"name\":\"Portada\",\"item\":\"https:\\\/\\\/www.cpl.es\\\/ca\\\/\"},{\"@type\":\"ListItem\",\"position\":2,\"name\":\"Cat\u00e0leg\",\"item\":\"https:\\\/\\\/www.cpl.es\\\/ca\\\/cataleg\\\/\"},{\"@type\":\"ListItem\",\"position\":3,\"name\":\"Esposos i esposes sants\"}]},{\"@type\":\"WebSite\",\"@id\":\"https:\\\/\\\/www.cpl.es\\\/#website\",\"url\":\"https:\\\/\\\/www.cpl.es\\\/\",\"name\":\"CPL\",\"description\":\"Centre de Pastoral Lit\u00fargica de Barcelona\",\"publisher\":{\"@id\":\"https:\\\/\\\/www.cpl.es\\\/#organization\"},\"alternateName\":\"Centre de Pastoral Lit\u00fargica\",\"potentialAction\":[{\"@type\":\"SearchAction\",\"target\":{\"@type\":\"EntryPoint\",\"urlTemplate\":\"https:\\\/\\\/www.cpl.es\\\/?s={search_term_string}\"},\"query-input\":{\"@type\":\"PropertyValueSpecification\",\"valueRequired\":true,\"valueName\":\"search_term_string\"}}],\"inLanguage\":\"ca\"},{\"@type\":\"Organization\",\"@id\":\"https:\\\/\\\/www.cpl.es\\\/#organization\",\"name\":\"Centre de Pastoral Lit\u00fargica\",\"alternateName\":\"Centre de Pastoral Lit\u00fargica de Barcelona\",\"url\":\"https:\\\/\\\/www.cpl.es\\\/\",\"logo\":{\"@type\":\"ImageObject\",\"inLanguage\":\"ca\",\"@id\":\"https:\\\/\\\/www.cpl.es\\\/#\\\/schema\\\/logo\\\/image\\\/\",\"url\":\"https:\\\/\\\/www.cpl.es\\\/wp-content\\\/uploads\\\/logo-cpl.svg\",\"contentUrl\":\"https:\\\/\\\/www.cpl.es\\\/wp-content\\\/uploads\\\/logo-cpl.svg\",\"caption\":\"Centre de Pastoral Lit\u00fargica\"},\"image\":{\"@id\":\"https:\\\/\\\/www.cpl.es\\\/#\\\/schema\\\/logo\\\/image\\\/\"}}]}<\/script>\n<!-- \/ Yoast SEO plugin. -->","yoast_head_json":{"title":"Esposos i esposes sants - CPL","robots":{"index":"index","follow":"follow","max-snippet":"max-snippet:-1","max-image-preview":"max-image-preview:large","max-video-preview":"max-video-preview:-1"},"canonical":"https:\/\/www.cpl.es\/producto\/esposos-i-esposes-sants-9788498054798\/","og_locale":"ca_ES","og_type":"article","og_title":"Esposos i esposes sants - CPL","og_description":"Mas Gonz\u00e1lez, Pere","og_url":"https:\/\/www.cpl.es\/producto\/esposos-i-esposes-sants-9788498054798\/","og_site_name":"CPL","article_modified_time":"2026-02-12T16:52:41+00:00","og_image":[{"width":280,"height":438,"url":"https:\/\/www.cpl.es\/wp-content\/uploads\/208094.jpg","type":"image\/jpeg"}],"twitter_card":"summary_large_image","twitter_misc":{"Temps estimat de lectura":"1 minut"},"schema":{"@context":"https:\/\/schema.org","@graph":[{"@type":"WebPage","@id":"https:\/\/www.cpl.es\/producto\/esposos-i-esposes-sants-9788498054798\/","url":"https:\/\/www.cpl.es\/producto\/esposos-i-esposes-sants-9788498054798\/","name":"Esposos i esposes sants - CPL","isPartOf":{"@id":"https:\/\/www.cpl.es\/#website"},"primaryImageOfPage":{"@id":"https:\/\/www.cpl.es\/producto\/esposos-i-esposes-sants-9788498054798\/#primaryimage"},"image":{"@id":"https:\/\/www.cpl.es\/producto\/esposos-i-esposes-sants-9788498054798\/#primaryimage"},"thumbnailUrl":"https:\/\/www.cpl.es\/wp-content\/uploads\/208094.jpg","datePublished":"2023-10-04T00:01:19+00:00","dateModified":"2026-02-12T16:52:41+00:00","breadcrumb":{"@id":"https:\/\/www.cpl.es\/producto\/esposos-i-esposes-sants-9788498054798\/#breadcrumb"},"inLanguage":"ca","potentialAction":[{"@type":"ReadAction","target":["https:\/\/www.cpl.es\/producto\/esposos-i-esposes-sants-9788498054798\/"]}]},{"@type":"ImageObject","inLanguage":"ca","@id":"https:\/\/www.cpl.es\/producto\/esposos-i-esposes-sants-9788498054798\/#primaryimage","url":"https:\/\/www.cpl.es\/wp-content\/uploads\/208094.jpg","contentUrl":"https:\/\/www.cpl.es\/wp-content\/uploads\/208094.jpg","width":280,"height":438,"caption":"208094.jpg"},{"@type":"BreadcrumbList","@id":"https:\/\/www.cpl.es\/producto\/esposos-i-esposes-sants-9788498054798\/#breadcrumb","itemListElement":[{"@type":"ListItem","position":1,"name":"Portada","item":"https:\/\/www.cpl.es\/ca\/"},{"@type":"ListItem","position":2,"name":"Cat\u00e0leg","item":"https:\/\/www.cpl.es\/ca\/cataleg\/"},{"@type":"ListItem","position":3,"name":"Esposos i esposes sants"}]},{"@type":"WebSite","@id":"https:\/\/www.cpl.es\/#website","url":"https:\/\/www.cpl.es\/","name":"CPL","description":"Centre de Pastoral Lit\u00fargica de Barcelona","publisher":{"@id":"https:\/\/www.cpl.es\/#organization"},"alternateName":"Centre de Pastoral Lit\u00fargica","potentialAction":[{"@type":"SearchAction","target":{"@type":"EntryPoint","urlTemplate":"https:\/\/www.cpl.es\/?s={search_term_string}"},"query-input":{"@type":"PropertyValueSpecification","valueRequired":true,"valueName":"search_term_string"}}],"inLanguage":"ca"},{"@type":"Organization","@id":"https:\/\/www.cpl.es\/#organization","name":"Centre de Pastoral Lit\u00fargica","alternateName":"Centre de Pastoral Lit\u00fargica de Barcelona","url":"https:\/\/www.cpl.es\/","logo":{"@type":"ImageObject","inLanguage":"ca","@id":"https:\/\/www.cpl.es\/#\/schema\/logo\/image\/","url":"https:\/\/www.cpl.es\/wp-content\/uploads\/logo-cpl.svg","contentUrl":"https:\/\/www.cpl.es\/wp-content\/uploads\/logo-cpl.svg","caption":"Centre de Pastoral Lit\u00fargica"},"image":{"@id":"https:\/\/www.cpl.es\/#\/schema\/logo\/image\/"}}]}},"_links":{"self":[{"href":"https:\/\/www.cpl.es\/ca\/wp-json\/wp\/v2\/product\/3067","targetHints":{"allow":["GET"]}}],"collection":[{"href":"https:\/\/www.cpl.es\/ca\/wp-json\/wp\/v2\/product"}],"about":[{"href":"https:\/\/www.cpl.es\/ca\/wp-json\/wp\/v2\/types\/product"}],"wp:featuredmedia":[{"embeddable":true,"href":"https:\/\/www.cpl.es\/ca\/wp-json\/wp\/v2\/media\/3068"}],"wp:attachment":[{"href":"https:\/\/www.cpl.es\/ca\/wp-json\/wp\/v2\/media?parent=3067"}],"wp:term":[{"taxonomy":"product_brand","embeddable":true,"href":"https:\/\/www.cpl.es\/ca\/wp-json\/wp\/v2\/product_brand?post=3067"},{"taxonomy":"product_cat","embeddable":true,"href":"https:\/\/www.cpl.es\/ca\/wp-json\/wp\/v2\/product_cat?post=3067"},{"taxonomy":"product_tag","embeddable":true,"href":"https:\/\/www.cpl.es\/ca\/wp-json\/wp\/v2\/product_tag?post=3067"}],"curies":[{"name":"wp","href":"https:\/\/api.w.org\/{rel}","templated":true}]}}