{"id":3009,"date":"2023-10-04T01:59:28","date_gmt":"2023-10-03T23:59:28","guid":{"rendered":"https:\/\/nuevaweb.cpl.es\/producto\/cercania-de-dios-la-9788498055092\/"},"modified":"2026-02-12T16:53:55","modified_gmt":"2026-02-12T15:53:55","slug":"cercania-de-dios-la-9788498055092","status":"publish","type":"product","link":"https:\/\/www.cpl.es\/ca\/producto\/cercania-de-dios-la-9788498055092\/","title":{"rendered":"Cercan\u00eda de Dios, La"},"content":{"rendered":"<p>El a\u00f1o lit\u00fargico nos hace vivir, paso a paso, la cercan\u00eda del Dios que se ha acercado a nuestra vida humana, para<br \/>compartirla y mostrarnos, as\u00ed, la forma de vivirla de la manera m\u00e1s plena.<br \/>A trav\u00e9s del repaso de los distintos momentos que el a\u00f1o cristiano nos ofrece -el Adviento, la Navidad, la vida p\u00fablica<br \/>de Jes\u00fas, la Cuaresma, la Pascua-, este libro nos ayuda a penetrar el sentido del camino de Jesucristo, y a descubrir en ese camino la luz y la gu\u00eda que nos pueden hacer vivir aut\u00e9nticamente.<\/p>\n<p>Guillermo Juan Morado (Mondariz, Pontevedra, 1966), sacerdote diocesano de Tui-Vigo y doctor en Teolog\u00eda por la Pontificia Universidad Gregoriana de Roma, es director del Instituto Teol\u00f3gico de Vigo, p\u00e1rroco de la parroquia de San Pablo y can\u00f3nigo del Cabildo de Tui-Vigo. Autor de distintos trabajos de teolog\u00eda y de espiritualidad, en esta colecci\u00f3n ha publicado recientemente La bondad de nuestro Dios. Treinta y un textos para la reflexi\u00f3n y la oraci\u00f3n.<\/p>\n<p><\/p>\n","protected":false},"excerpt":{"rendered":"<p>Juan Morado, Guillermo<\/p>\n","protected":false},"featured_media":3010,"template":"","meta":{"_acf_changed":false,"inline_featured_image":false},"product_brand":[],"product_cat":[75,44,73,49,65,88],"product_tag":[],"class_list":{"0":"post-3009","1":"product","2":"type-product","3":"status-publish","4":"has-post-thumbnail","6":"product_cat-dossiers-cpl-colleccions-catala","7":"product_cat-dossiers-cpl","8":"product_cat-emaus-colleccions-catala","9":"product_cat-emaus","10":"product_cat-espiritualidad","11":"product_cat-espiritualitat","13":"first","14":"instock","15":"taxable","16":"shipping-taxable","17":"purchasable","18":"product-type-simple"},"acf":{"autor":"Juan Morado, Guillermo","codart":"108097","ediciones":"1","encuadernacion":"R\u00fastica","fecha_de_publicacion":"27\/09\/2011","novedad":false,"paginas":"96","subtitulo":"Reflexiones al hilo del a\u00f1o lit\u00fargico","orden":"40","portada":false,"idioma":"spa","editorial":[{"ID":6736,"post_author":"2","post_date":"2023-10-06 08:35:24","post_date_gmt":"2023-10-06 06:35:24","post_content":"","post_title":"CPL","post_excerpt":"","post_status":"publish","comment_status":"closed","ping_status":"closed","post_password":"","post_name":"cpl","to_ping":"","pinged":"","post_modified":"2023-10-06 08:35:24","post_modified_gmt":"2023-10-06 06:35:24","post_content_filtered":"","post_parent":0,"guid":"https:\/\/nuevaweb.cpl.es\/editorial\/cpl\/","menu_order":0,"post_type":"editorial","post_mime_type":"","comment_count":"0","filter":"raw"}],"coleccion_num":"97"},"yoast_head":"<!-- This site is optimized with the Yoast SEO plugin v27.3 - https:\/\/yoast.com\/product\/yoast-seo-wordpress\/ -->\n<title>Cercan\u00eda de Dios, La - CPL<\/title>\n<meta name=\"robots\" content=\"index, follow, max-snippet:-1, max-image-preview:large, max-video-preview:-1\" \/>\n<link rel=\"canonical\" href=\"https:\/\/www.cpl.es\/producto\/cercania-de-dios-la-9788498055092\/\" \/>\n<meta property=\"og:locale\" content=\"ca_ES\" \/>\n<meta property=\"og:type\" content=\"article\" \/>\n<meta property=\"og:title\" content=\"Cercan\u00eda de Dios, La - CPL\" \/>\n<meta property=\"og:description\" content=\"Juan Morado, Guillermo\" \/>\n<meta property=\"og:url\" content=\"https:\/\/www.cpl.es\/producto\/cercania-de-dios-la-9788498055092\/\" \/>\n<meta property=\"og:site_name\" content=\"CPL\" \/>\n<meta property=\"article:modified_time\" content=\"2026-02-12T15:53:55+00:00\" \/>\n<meta property=\"og:image\" content=\"https:\/\/www.cpl.es\/wp-content\/uploads\/108097.jpg\" \/>\n\t<meta property=\"og:image:width\" content=\"280\" \/>\n\t<meta property=\"og:image:height\" content=\"444\" \/>\n\t<meta property=\"og:image:type\" content=\"image\/jpeg\" \/>\n<meta name=\"twitter:card\" content=\"summary_large_image\" \/>\n<meta name=\"twitter:label1\" content=\"Temps estimat de lectura\" \/>\n\t<meta name=\"twitter:data1\" content=\"1 minut\" \/>\n<script type=\"application\/ld+json\" class=\"yoast-schema-graph\">{\"@context\":\"https:\\\/\\\/schema.org\",\"@graph\":[{\"@type\":\"WebPage\",\"@id\":\"https:\\\/\\\/www.cpl.es\\\/producto\\\/cercania-de-dios-la-9788498055092\\\/\",\"url\":\"https:\\\/\\\/www.cpl.es\\\/producto\\\/cercania-de-dios-la-9788498055092\\\/\",\"name\":\"Cercan\u00eda de Dios, La - CPL\",\"isPartOf\":{\"@id\":\"https:\\\/\\\/www.cpl.es\\\/#website\"},\"primaryImageOfPage\":{\"@id\":\"https:\\\/\\\/www.cpl.es\\\/producto\\\/cercania-de-dios-la-9788498055092\\\/#primaryimage\"},\"image\":{\"@id\":\"https:\\\/\\\/www.cpl.es\\\/producto\\\/cercania-de-dios-la-9788498055092\\\/#primaryimage\"},\"thumbnailUrl\":\"https:\\\/\\\/www.cpl.es\\\/wp-content\\\/uploads\\\/108097.jpg\",\"datePublished\":\"2023-10-03T23:59:28+00:00\",\"dateModified\":\"2026-02-12T15:53:55+00:00\",\"breadcrumb\":{\"@id\":\"https:\\\/\\\/www.cpl.es\\\/producto\\\/cercania-de-dios-la-9788498055092\\\/#breadcrumb\"},\"inLanguage\":\"ca\",\"potentialAction\":[{\"@type\":\"ReadAction\",\"target\":[\"https:\\\/\\\/www.cpl.es\\\/producto\\\/cercania-de-dios-la-9788498055092\\\/\"]}]},{\"@type\":\"ImageObject\",\"inLanguage\":\"ca\",\"@id\":\"https:\\\/\\\/www.cpl.es\\\/producto\\\/cercania-de-dios-la-9788498055092\\\/#primaryimage\",\"url\":\"https:\\\/\\\/www.cpl.es\\\/wp-content\\\/uploads\\\/108097.jpg\",\"contentUrl\":\"https:\\\/\\\/www.cpl.es\\\/wp-content\\\/uploads\\\/108097.jpg\",\"width\":280,\"height\":444,\"caption\":\"108097.jpg\"},{\"@type\":\"BreadcrumbList\",\"@id\":\"https:\\\/\\\/www.cpl.es\\\/producto\\\/cercania-de-dios-la-9788498055092\\\/#breadcrumb\",\"itemListElement\":[{\"@type\":\"ListItem\",\"position\":1,\"name\":\"Portada\",\"item\":\"https:\\\/\\\/www.cpl.es\\\/ca\\\/\"},{\"@type\":\"ListItem\",\"position\":2,\"name\":\"Cat\u00e0leg\",\"item\":\"https:\\\/\\\/www.cpl.es\\\/ca\\\/cataleg\\\/\"},{\"@type\":\"ListItem\",\"position\":3,\"name\":\"Cercan\u00eda de Dios, La\"}]},{\"@type\":\"WebSite\",\"@id\":\"https:\\\/\\\/www.cpl.es\\\/#website\",\"url\":\"https:\\\/\\\/www.cpl.es\\\/\",\"name\":\"CPL\",\"description\":\"Centre de Pastoral Lit\u00fargica de Barcelona\",\"publisher\":{\"@id\":\"https:\\\/\\\/www.cpl.es\\\/#organization\"},\"alternateName\":\"Centre de Pastoral Lit\u00fargica\",\"potentialAction\":[{\"@type\":\"SearchAction\",\"target\":{\"@type\":\"EntryPoint\",\"urlTemplate\":\"https:\\\/\\\/www.cpl.es\\\/?s={search_term_string}\"},\"query-input\":{\"@type\":\"PropertyValueSpecification\",\"valueRequired\":true,\"valueName\":\"search_term_string\"}}],\"inLanguage\":\"ca\"},{\"@type\":\"Organization\",\"@id\":\"https:\\\/\\\/www.cpl.es\\\/#organization\",\"name\":\"Centre de Pastoral Lit\u00fargica\",\"alternateName\":\"Centre de Pastoral Lit\u00fargica de Barcelona\",\"url\":\"https:\\\/\\\/www.cpl.es\\\/\",\"logo\":{\"@type\":\"ImageObject\",\"inLanguage\":\"ca\",\"@id\":\"https:\\\/\\\/www.cpl.es\\\/#\\\/schema\\\/logo\\\/image\\\/\",\"url\":\"https:\\\/\\\/www.cpl.es\\\/wp-content\\\/uploads\\\/logo-cpl.svg\",\"contentUrl\":\"https:\\\/\\\/www.cpl.es\\\/wp-content\\\/uploads\\\/logo-cpl.svg\",\"caption\":\"Centre de Pastoral Lit\u00fargica\"},\"image\":{\"@id\":\"https:\\\/\\\/www.cpl.es\\\/#\\\/schema\\\/logo\\\/image\\\/\"}}]}<\/script>\n<!-- \/ Yoast SEO plugin. -->","yoast_head_json":{"title":"Cercan\u00eda de Dios, La - CPL","robots":{"index":"index","follow":"follow","max-snippet":"max-snippet:-1","max-image-preview":"max-image-preview:large","max-video-preview":"max-video-preview:-1"},"canonical":"https:\/\/www.cpl.es\/producto\/cercania-de-dios-la-9788498055092\/","og_locale":"ca_ES","og_type":"article","og_title":"Cercan\u00eda de Dios, La - CPL","og_description":"Juan Morado, Guillermo","og_url":"https:\/\/www.cpl.es\/producto\/cercania-de-dios-la-9788498055092\/","og_site_name":"CPL","article_modified_time":"2026-02-12T15:53:55+00:00","og_image":[{"width":280,"height":444,"url":"https:\/\/www.cpl.es\/wp-content\/uploads\/108097.jpg","type":"image\/jpeg"}],"twitter_card":"summary_large_image","twitter_misc":{"Temps estimat de lectura":"1 minut"},"schema":{"@context":"https:\/\/schema.org","@graph":[{"@type":"WebPage","@id":"https:\/\/www.cpl.es\/producto\/cercania-de-dios-la-9788498055092\/","url":"https:\/\/www.cpl.es\/producto\/cercania-de-dios-la-9788498055092\/","name":"Cercan\u00eda de Dios, La - CPL","isPartOf":{"@id":"https:\/\/www.cpl.es\/#website"},"primaryImageOfPage":{"@id":"https:\/\/www.cpl.es\/producto\/cercania-de-dios-la-9788498055092\/#primaryimage"},"image":{"@id":"https:\/\/www.cpl.es\/producto\/cercania-de-dios-la-9788498055092\/#primaryimage"},"thumbnailUrl":"https:\/\/www.cpl.es\/wp-content\/uploads\/108097.jpg","datePublished":"2023-10-03T23:59:28+00:00","dateModified":"2026-02-12T15:53:55+00:00","breadcrumb":{"@id":"https:\/\/www.cpl.es\/producto\/cercania-de-dios-la-9788498055092\/#breadcrumb"},"inLanguage":"ca","potentialAction":[{"@type":"ReadAction","target":["https:\/\/www.cpl.es\/producto\/cercania-de-dios-la-9788498055092\/"]}]},{"@type":"ImageObject","inLanguage":"ca","@id":"https:\/\/www.cpl.es\/producto\/cercania-de-dios-la-9788498055092\/#primaryimage","url":"https:\/\/www.cpl.es\/wp-content\/uploads\/108097.jpg","contentUrl":"https:\/\/www.cpl.es\/wp-content\/uploads\/108097.jpg","width":280,"height":444,"caption":"108097.jpg"},{"@type":"BreadcrumbList","@id":"https:\/\/www.cpl.es\/producto\/cercania-de-dios-la-9788498055092\/#breadcrumb","itemListElement":[{"@type":"ListItem","position":1,"name":"Portada","item":"https:\/\/www.cpl.es\/ca\/"},{"@type":"ListItem","position":2,"name":"Cat\u00e0leg","item":"https:\/\/www.cpl.es\/ca\/cataleg\/"},{"@type":"ListItem","position":3,"name":"Cercan\u00eda de Dios, La"}]},{"@type":"WebSite","@id":"https:\/\/www.cpl.es\/#website","url":"https:\/\/www.cpl.es\/","name":"CPL","description":"Centre de Pastoral Lit\u00fargica de Barcelona","publisher":{"@id":"https:\/\/www.cpl.es\/#organization"},"alternateName":"Centre de Pastoral Lit\u00fargica","potentialAction":[{"@type":"SearchAction","target":{"@type":"EntryPoint","urlTemplate":"https:\/\/www.cpl.es\/?s={search_term_string}"},"query-input":{"@type":"PropertyValueSpecification","valueRequired":true,"valueName":"search_term_string"}}],"inLanguage":"ca"},{"@type":"Organization","@id":"https:\/\/www.cpl.es\/#organization","name":"Centre de Pastoral Lit\u00fargica","alternateName":"Centre de Pastoral Lit\u00fargica de Barcelona","url":"https:\/\/www.cpl.es\/","logo":{"@type":"ImageObject","inLanguage":"ca","@id":"https:\/\/www.cpl.es\/#\/schema\/logo\/image\/","url":"https:\/\/www.cpl.es\/wp-content\/uploads\/logo-cpl.svg","contentUrl":"https:\/\/www.cpl.es\/wp-content\/uploads\/logo-cpl.svg","caption":"Centre de Pastoral Lit\u00fargica"},"image":{"@id":"https:\/\/www.cpl.es\/#\/schema\/logo\/image\/"}}]}},"_links":{"self":[{"href":"https:\/\/www.cpl.es\/ca\/wp-json\/wp\/v2\/product\/3009","targetHints":{"allow":["GET"]}}],"collection":[{"href":"https:\/\/www.cpl.es\/ca\/wp-json\/wp\/v2\/product"}],"about":[{"href":"https:\/\/www.cpl.es\/ca\/wp-json\/wp\/v2\/types\/product"}],"wp:featuredmedia":[{"embeddable":true,"href":"https:\/\/www.cpl.es\/ca\/wp-json\/wp\/v2\/media\/3010"}],"wp:attachment":[{"href":"https:\/\/www.cpl.es\/ca\/wp-json\/wp\/v2\/media?parent=3009"}],"wp:term":[{"taxonomy":"product_brand","embeddable":true,"href":"https:\/\/www.cpl.es\/ca\/wp-json\/wp\/v2\/product_brand?post=3009"},{"taxonomy":"product_cat","embeddable":true,"href":"https:\/\/www.cpl.es\/ca\/wp-json\/wp\/v2\/product_cat?post=3009"},{"taxonomy":"product_tag","embeddable":true,"href":"https:\/\/www.cpl.es\/ca\/wp-json\/wp\/v2\/product_tag?post=3009"}],"curies":[{"name":"wp","href":"https:\/\/api.w.org\/{rel}","templated":true}]}}