{"id":3000,"date":"2023-10-04T01:59:11","date_gmt":"2023-10-03T23:59:11","guid":{"rendered":"https:\/\/nuevaweb.cpl.es\/producto\/auschwitz-pensar-la-nit-per-retrobar-lesperanca-9788498055047\/"},"modified":"2026-02-12T17:52:45","modified_gmt":"2026-02-12T16:52:45","slug":"auschwitz-pensar-la-nit-per-retrobar-lesperanca-9788498055047","status":"publish","type":"product","link":"https:\/\/www.cpl.es\/ca\/producto\/auschwitz-pensar-la-nit-per-retrobar-lesperanca-9788498055047\/","title":{"rendered":"Auschwitz: pensar la nit per retrobar l&#8217;esperan\u00e7a"},"content":{"rendered":"<p>Hi ha un fet en la nostra hist\u00f2ria<br \/>recent que posa en crisi de forma<br \/>radical l\u2019esperan\u00e7a: Auschwitz. Amb<br \/>aquesta constataci\u00f3 comen\u00e7a aquest<br \/>llibre. Auschwitz \u00e9s un fet paradigm\u00e0tic,<br \/>profundament significatiu: una par\u00e0bola<br \/>que ens obliga a reflexionar.<br \/>La desesperan\u00e7a d\u2019Auschwitz \u00e9s<br \/>analitzada en aquestes planes des dels<br \/>seus molt diversos angles, des de les<br \/>experi\u00e8ncies vitals tant dels botxins com<br \/>de les v\u00edctimes. I a partir d\u2019aqu\u00ed, l\u2019autor<br \/>ens convida a descobrir quin \u00e9s i on \u00e9s<br \/>l\u2019aut\u00e8ntic rostre de D\u00e9u, l\u2019aut\u00e8ntic rostre<br \/>de l\u2019esperan\u00e7a. Amb un primer moment,<br \/>la revelaci\u00f3 de D\u00e9u en Job, i un segon i<br \/>definitiu, la revelaci\u00f3 en Jes\u00fas.<br \/>Teodor Suau Puig (Palma de Mallorca,<br \/>1947) \u00e9s capell\u00e0, biblista, director del<br \/>Centre d\u2019Estudis Teol\u00f2gics de Mallorca<br \/>i canonge de la catedral. I \u00e9s autor de<br \/>nombroses publicacions b\u00edbliques i<br \/>teol\u00f2giques, marcades sempre per la<br \/>voluntat de reflexionar sobre la nostra<br \/>realitat des d\u2019una mirada creient.<br \/>****<br \/>A partir de l'experi\u00e8ncia d'Auschwitz, de les v\u00edctimes i dels botxins, l'autor ens convida a descobrir quin \u00e9s l'aut\u00e8ntic rostre de D\u00e9u. Primer, en la revelaci\u00f3 a Job; despr\u00e9s, en la revelaci\u00f3 definitiva en Jes\u00fas.<\/p>\n","protected":false},"excerpt":{"rendered":"<p>Suau Puig, Teodor<\/p>\n","protected":false},"featured_media":3001,"template":"","meta":{"_acf_changed":false,"inline_featured_image":false},"product_brand":[],"product_cat":[73,128],"product_tag":[],"class_list":{"0":"post-3000","1":"product","2":"type-product","3":"status-publish","4":"has-post-thumbnail","6":"product_cat-emaus-colleccions-catala","7":"product_cat-quaresma","9":"first","10":"instock","11":"taxable","12":"shipping-taxable","13":"purchasable","14":"product-type-simple"},"acf":{"autor":"Suau Puig, Teodor","codart":"208095","ediciones":"1","encuadernacion":"R\u00fastica","fecha_de_publicacion":"30\/09\/2011","novedad":false,"paginas":"104","subtitulo":"","orden":"25","portada":false,"idioma":"cat","editorial":[{"ID":6736,"post_author":"2","post_date":"2023-10-06 08:35:24","post_date_gmt":"2023-10-06 06:35:24","post_content":"","post_title":"CPL","post_excerpt":"","post_status":"publish","comment_status":"closed","ping_status":"closed","post_password":"","post_name":"cpl","to_ping":"","pinged":"","post_modified":"2023-10-06 08:35:24","post_modified_gmt":"2023-10-06 06:35:24","post_content_filtered":"","post_parent":0,"guid":"https:\/\/nuevaweb.cpl.es\/editorial\/cpl\/","menu_order":0,"post_type":"editorial","post_mime_type":"","comment_count":"0","filter":"raw"}],"coleccion_num":"95"},"yoast_head":"<!-- This site is optimized with the Yoast SEO plugin v27.3 - https:\/\/yoast.com\/product\/yoast-seo-wordpress\/ -->\n<title>Auschwitz: pensar la nit per retrobar l&#039;esperan\u00e7a - CPL<\/title>\n<meta name=\"robots\" content=\"index, follow, max-snippet:-1, max-image-preview:large, max-video-preview:-1\" \/>\n<link rel=\"canonical\" href=\"https:\/\/www.cpl.es\/producto\/auschwitz-pensar-la-nit-per-retrobar-lesperanca-9788498055047\/\" \/>\n<meta property=\"og:locale\" content=\"ca_ES\" \/>\n<meta property=\"og:type\" content=\"article\" \/>\n<meta property=\"og:title\" content=\"Auschwitz: pensar la nit per retrobar l&#039;esperan\u00e7a - CPL\" \/>\n<meta property=\"og:description\" content=\"Suau Puig, Teodor\" \/>\n<meta property=\"og:url\" content=\"https:\/\/www.cpl.es\/producto\/auschwitz-pensar-la-nit-per-retrobar-lesperanca-9788498055047\/\" \/>\n<meta property=\"og:site_name\" content=\"CPL\" \/>\n<meta property=\"article:modified_time\" content=\"2026-02-12T16:52:45+00:00\" \/>\n<meta property=\"og:image\" content=\"https:\/\/www.cpl.es\/wp-content\/uploads\/208095.jpg\" \/>\n\t<meta property=\"og:image:width\" content=\"280\" \/>\n\t<meta property=\"og:image:height\" content=\"452\" \/>\n\t<meta property=\"og:image:type\" content=\"image\/jpeg\" \/>\n<meta name=\"twitter:card\" content=\"summary_large_image\" \/>\n<meta name=\"twitter:label1\" content=\"Temps estimat de lectura\" \/>\n\t<meta name=\"twitter:data1\" content=\"1 minut\" \/>\n<script type=\"application\/ld+json\" class=\"yoast-schema-graph\">{\"@context\":\"https:\\\/\\\/schema.org\",\"@graph\":[{\"@type\":\"WebPage\",\"@id\":\"https:\\\/\\\/www.cpl.es\\\/producto\\\/auschwitz-pensar-la-nit-per-retrobar-lesperanca-9788498055047\\\/\",\"url\":\"https:\\\/\\\/www.cpl.es\\\/producto\\\/auschwitz-pensar-la-nit-per-retrobar-lesperanca-9788498055047\\\/\",\"name\":\"Auschwitz: pensar la nit per retrobar l'esperan\u00e7a - CPL\",\"isPartOf\":{\"@id\":\"https:\\\/\\\/www.cpl.es\\\/#website\"},\"primaryImageOfPage\":{\"@id\":\"https:\\\/\\\/www.cpl.es\\\/producto\\\/auschwitz-pensar-la-nit-per-retrobar-lesperanca-9788498055047\\\/#primaryimage\"},\"image\":{\"@id\":\"https:\\\/\\\/www.cpl.es\\\/producto\\\/auschwitz-pensar-la-nit-per-retrobar-lesperanca-9788498055047\\\/#primaryimage\"},\"thumbnailUrl\":\"https:\\\/\\\/www.cpl.es\\\/wp-content\\\/uploads\\\/208095.jpg\",\"datePublished\":\"2023-10-03T23:59:11+00:00\",\"dateModified\":\"2026-02-12T16:52:45+00:00\",\"breadcrumb\":{\"@id\":\"https:\\\/\\\/www.cpl.es\\\/producto\\\/auschwitz-pensar-la-nit-per-retrobar-lesperanca-9788498055047\\\/#breadcrumb\"},\"inLanguage\":\"ca\",\"potentialAction\":[{\"@type\":\"ReadAction\",\"target\":[\"https:\\\/\\\/www.cpl.es\\\/producto\\\/auschwitz-pensar-la-nit-per-retrobar-lesperanca-9788498055047\\\/\"]}]},{\"@type\":\"ImageObject\",\"inLanguage\":\"ca\",\"@id\":\"https:\\\/\\\/www.cpl.es\\\/producto\\\/auschwitz-pensar-la-nit-per-retrobar-lesperanca-9788498055047\\\/#primaryimage\",\"url\":\"https:\\\/\\\/www.cpl.es\\\/wp-content\\\/uploads\\\/208095.jpg\",\"contentUrl\":\"https:\\\/\\\/www.cpl.es\\\/wp-content\\\/uploads\\\/208095.jpg\",\"width\":280,\"height\":452,\"caption\":\"208095.jpg\"},{\"@type\":\"BreadcrumbList\",\"@id\":\"https:\\\/\\\/www.cpl.es\\\/producto\\\/auschwitz-pensar-la-nit-per-retrobar-lesperanca-9788498055047\\\/#breadcrumb\",\"itemListElement\":[{\"@type\":\"ListItem\",\"position\":1,\"name\":\"Portada\",\"item\":\"https:\\\/\\\/www.cpl.es\\\/ca\\\/\"},{\"@type\":\"ListItem\",\"position\":2,\"name\":\"Cat\u00e0leg\",\"item\":\"https:\\\/\\\/www.cpl.es\\\/ca\\\/cataleg\\\/\"},{\"@type\":\"ListItem\",\"position\":3,\"name\":\"Auschwitz: pensar la nit per retrobar l&#8217;esperan\u00e7a\"}]},{\"@type\":\"WebSite\",\"@id\":\"https:\\\/\\\/www.cpl.es\\\/#website\",\"url\":\"https:\\\/\\\/www.cpl.es\\\/\",\"name\":\"CPL\",\"description\":\"Centre de Pastoral Lit\u00fargica de Barcelona\",\"publisher\":{\"@id\":\"https:\\\/\\\/www.cpl.es\\\/#organization\"},\"alternateName\":\"Centre de Pastoral Lit\u00fargica\",\"potentialAction\":[{\"@type\":\"SearchAction\",\"target\":{\"@type\":\"EntryPoint\",\"urlTemplate\":\"https:\\\/\\\/www.cpl.es\\\/?s={search_term_string}\"},\"query-input\":{\"@type\":\"PropertyValueSpecification\",\"valueRequired\":true,\"valueName\":\"search_term_string\"}}],\"inLanguage\":\"ca\"},{\"@type\":\"Organization\",\"@id\":\"https:\\\/\\\/www.cpl.es\\\/#organization\",\"name\":\"Centre de Pastoral Lit\u00fargica\",\"alternateName\":\"Centre de Pastoral Lit\u00fargica de Barcelona\",\"url\":\"https:\\\/\\\/www.cpl.es\\\/\",\"logo\":{\"@type\":\"ImageObject\",\"inLanguage\":\"ca\",\"@id\":\"https:\\\/\\\/www.cpl.es\\\/#\\\/schema\\\/logo\\\/image\\\/\",\"url\":\"https:\\\/\\\/www.cpl.es\\\/wp-content\\\/uploads\\\/logo-cpl.svg\",\"contentUrl\":\"https:\\\/\\\/www.cpl.es\\\/wp-content\\\/uploads\\\/logo-cpl.svg\",\"caption\":\"Centre de Pastoral Lit\u00fargica\"},\"image\":{\"@id\":\"https:\\\/\\\/www.cpl.es\\\/#\\\/schema\\\/logo\\\/image\\\/\"}}]}<\/script>\n<!-- \/ Yoast SEO plugin. -->","yoast_head_json":{"title":"Auschwitz: pensar la nit per retrobar l'esperan\u00e7a - CPL","robots":{"index":"index","follow":"follow","max-snippet":"max-snippet:-1","max-image-preview":"max-image-preview:large","max-video-preview":"max-video-preview:-1"},"canonical":"https:\/\/www.cpl.es\/producto\/auschwitz-pensar-la-nit-per-retrobar-lesperanca-9788498055047\/","og_locale":"ca_ES","og_type":"article","og_title":"Auschwitz: pensar la nit per retrobar l'esperan\u00e7a - CPL","og_description":"Suau Puig, Teodor","og_url":"https:\/\/www.cpl.es\/producto\/auschwitz-pensar-la-nit-per-retrobar-lesperanca-9788498055047\/","og_site_name":"CPL","article_modified_time":"2026-02-12T16:52:45+00:00","og_image":[{"width":280,"height":452,"url":"https:\/\/www.cpl.es\/wp-content\/uploads\/208095.jpg","type":"image\/jpeg"}],"twitter_card":"summary_large_image","twitter_misc":{"Temps estimat de lectura":"1 minut"},"schema":{"@context":"https:\/\/schema.org","@graph":[{"@type":"WebPage","@id":"https:\/\/www.cpl.es\/producto\/auschwitz-pensar-la-nit-per-retrobar-lesperanca-9788498055047\/","url":"https:\/\/www.cpl.es\/producto\/auschwitz-pensar-la-nit-per-retrobar-lesperanca-9788498055047\/","name":"Auschwitz: pensar la nit per retrobar l'esperan\u00e7a - CPL","isPartOf":{"@id":"https:\/\/www.cpl.es\/#website"},"primaryImageOfPage":{"@id":"https:\/\/www.cpl.es\/producto\/auschwitz-pensar-la-nit-per-retrobar-lesperanca-9788498055047\/#primaryimage"},"image":{"@id":"https:\/\/www.cpl.es\/producto\/auschwitz-pensar-la-nit-per-retrobar-lesperanca-9788498055047\/#primaryimage"},"thumbnailUrl":"https:\/\/www.cpl.es\/wp-content\/uploads\/208095.jpg","datePublished":"2023-10-03T23:59:11+00:00","dateModified":"2026-02-12T16:52:45+00:00","breadcrumb":{"@id":"https:\/\/www.cpl.es\/producto\/auschwitz-pensar-la-nit-per-retrobar-lesperanca-9788498055047\/#breadcrumb"},"inLanguage":"ca","potentialAction":[{"@type":"ReadAction","target":["https:\/\/www.cpl.es\/producto\/auschwitz-pensar-la-nit-per-retrobar-lesperanca-9788498055047\/"]}]},{"@type":"ImageObject","inLanguage":"ca","@id":"https:\/\/www.cpl.es\/producto\/auschwitz-pensar-la-nit-per-retrobar-lesperanca-9788498055047\/#primaryimage","url":"https:\/\/www.cpl.es\/wp-content\/uploads\/208095.jpg","contentUrl":"https:\/\/www.cpl.es\/wp-content\/uploads\/208095.jpg","width":280,"height":452,"caption":"208095.jpg"},{"@type":"BreadcrumbList","@id":"https:\/\/www.cpl.es\/producto\/auschwitz-pensar-la-nit-per-retrobar-lesperanca-9788498055047\/#breadcrumb","itemListElement":[{"@type":"ListItem","position":1,"name":"Portada","item":"https:\/\/www.cpl.es\/ca\/"},{"@type":"ListItem","position":2,"name":"Cat\u00e0leg","item":"https:\/\/www.cpl.es\/ca\/cataleg\/"},{"@type":"ListItem","position":3,"name":"Auschwitz: pensar la nit per retrobar l&#8217;esperan\u00e7a"}]},{"@type":"WebSite","@id":"https:\/\/www.cpl.es\/#website","url":"https:\/\/www.cpl.es\/","name":"CPL","description":"Centre de Pastoral Lit\u00fargica de Barcelona","publisher":{"@id":"https:\/\/www.cpl.es\/#organization"},"alternateName":"Centre de Pastoral Lit\u00fargica","potentialAction":[{"@type":"SearchAction","target":{"@type":"EntryPoint","urlTemplate":"https:\/\/www.cpl.es\/?s={search_term_string}"},"query-input":{"@type":"PropertyValueSpecification","valueRequired":true,"valueName":"search_term_string"}}],"inLanguage":"ca"},{"@type":"Organization","@id":"https:\/\/www.cpl.es\/#organization","name":"Centre de Pastoral Lit\u00fargica","alternateName":"Centre de Pastoral Lit\u00fargica de Barcelona","url":"https:\/\/www.cpl.es\/","logo":{"@type":"ImageObject","inLanguage":"ca","@id":"https:\/\/www.cpl.es\/#\/schema\/logo\/image\/","url":"https:\/\/www.cpl.es\/wp-content\/uploads\/logo-cpl.svg","contentUrl":"https:\/\/www.cpl.es\/wp-content\/uploads\/logo-cpl.svg","caption":"Centre de Pastoral Lit\u00fargica"},"image":{"@id":"https:\/\/www.cpl.es\/#\/schema\/logo\/image\/"}}]}},"_links":{"self":[{"href":"https:\/\/www.cpl.es\/ca\/wp-json\/wp\/v2\/product\/3000","targetHints":{"allow":["GET"]}}],"collection":[{"href":"https:\/\/www.cpl.es\/ca\/wp-json\/wp\/v2\/product"}],"about":[{"href":"https:\/\/www.cpl.es\/ca\/wp-json\/wp\/v2\/types\/product"}],"wp:featuredmedia":[{"embeddable":true,"href":"https:\/\/www.cpl.es\/ca\/wp-json\/wp\/v2\/media\/3001"}],"wp:attachment":[{"href":"https:\/\/www.cpl.es\/ca\/wp-json\/wp\/v2\/media?parent=3000"}],"wp:term":[{"taxonomy":"product_brand","embeddable":true,"href":"https:\/\/www.cpl.es\/ca\/wp-json\/wp\/v2\/product_brand?post=3000"},{"taxonomy":"product_cat","embeddable":true,"href":"https:\/\/www.cpl.es\/ca\/wp-json\/wp\/v2\/product_cat?post=3000"},{"taxonomy":"product_tag","embeddable":true,"href":"https:\/\/www.cpl.es\/ca\/wp-json\/wp\/v2\/product_tag?post=3000"}],"curies":[{"name":"wp","href":"https:\/\/api.w.org\/{rel}","templated":true}]}}