{"id":29664,"date":"2026-05-08T09:29:03","date_gmt":"2026-05-08T07:29:03","guid":{"rendered":"https:\/\/www.cpl.es\/producto\/sant-carles-acutis-el-ciberapostol-de-deu-9788491657545\/"},"modified":"2026-05-08T13:13:05","modified_gmt":"2026-05-08T11:13:05","slug":"sant-carles-acutis-el-ciberapostol-de-deu-9788491657545","status":"publish","type":"product","link":"https:\/\/www.cpl.es\/ca\/producto\/sant-carles-acutis-el-ciberapostol-de-deu-9788491657545\/","title":{"rendered":"Sant Carles Acutis. El ciberap\u00f2stol de D\u00e9u"},"content":{"rendered":"<p>Carles Acutis, mort a l\u2019edat de quinze anys, se suma a la llista d\u2019altres virtuosos que han pujat als altars en edat infantil i adolescent. Ens ensenya que la santedat \u00e9s possible en la vida di\u00e0ria. Ser un sant del dia a dia, del carrer. En Carles no tenia estigmes, no levitava, no tenia el do de la ubiq\u00fcitat. Era un sant divertit, simp\u00e0tic, no tenia cara trista. Era com nosaltres, per\u00f2 amb un gran do, un do innat, donat per D\u00e9u.<\/p>\n<p>Festa: 12 d\u2019octubre<\/p>\n","protected":false},"excerpt":{"rendered":"<p>Rodr\u00edguez Vilagran, \u00c1ngel<\/p>\n","protected":false},"featured_media":29665,"template":"","meta":{"_acf_changed":false,"inline_featured_image":false},"product_brand":[],"product_cat":[33,70],"product_tag":[],"class_list":{"0":"post-29664","1":"product","2":"type-product","3":"status-publish","4":"has-post-thumbnail","6":"product_cat-catala","7":"product_cat-sants-i-santes","9":"first","10":"instock","11":"taxable","12":"shipping-taxable","13":"purchasable","14":"product-type-simple"},"acf":{"autor":"Rodr\u00edguez Vilagran, \u00c1ngel","codart":"212311","ediciones":"1","encuadernacion":"Grapado","fecha_de_publicacion":"23\/04\/2026","novedad":false,"paginas":"32","subtitulo":"","orden":"999","portada":false,"idioma":"cat","coleccion_num":"311","editorial":[{"ID":6736,"post_author":"2","post_date":"2023-10-06 08:35:24","post_date_gmt":"2023-10-06 06:35:24","post_content":"","post_title":"CPL","post_excerpt":"","post_status":"publish","comment_status":"closed","ping_status":"closed","post_password":"","post_name":"cpl","to_ping":"","pinged":"","post_modified":"2023-10-06 08:35:24","post_modified_gmt":"2023-10-06 06:35:24","post_content_filtered":"","post_parent":0,"guid":"https:\/\/nuevaweb.cpl.es\/editorial\/cpl\/","menu_order":0,"post_type":"editorial","post_mime_type":"","comment_count":"0","filter":"raw"}]},"yoast_head":"<!-- This site is optimized with the Yoast SEO plugin v27.5 - https:\/\/yoast.com\/product\/yoast-seo-wordpress\/ -->\n<title>Sant Carles Acutis. El ciberap\u00f2stol de D\u00e9u - CPL<\/title>\n<meta name=\"robots\" content=\"index, follow, max-snippet:-1, max-image-preview:large, max-video-preview:-1\" \/>\n<link rel=\"canonical\" href=\"https:\/\/www.cpl.es\/producto\/sant-carles-acutis-el-ciberapostol-de-deu-9788491657545\/\" \/>\n<meta property=\"og:locale\" content=\"ca_ES\" \/>\n<meta property=\"og:type\" content=\"article\" \/>\n<meta property=\"og:title\" content=\"Sant Carles Acutis. El ciberap\u00f2stol de D\u00e9u - CPL\" \/>\n<meta property=\"og:description\" content=\"Rodr\u00edguez Vilagran, \u00c1ngel\" \/>\n<meta property=\"og:url\" content=\"https:\/\/www.cpl.es\/producto\/sant-carles-acutis-el-ciberapostol-de-deu-9788491657545\/\" \/>\n<meta property=\"og:site_name\" content=\"CPL\" \/>\n<meta property=\"article:modified_time\" content=\"2026-05-08T11:13:05+00:00\" \/>\n<meta property=\"og:image\" content=\"https:\/\/www.cpl.es\/wp-content\/uploads\/9788491657545.jpg\" \/>\n\t<meta property=\"og:image:width\" content=\"201\" \/>\n\t<meta property=\"og:image:height\" content=\"300\" \/>\n\t<meta property=\"og:image:type\" content=\"image\/jpeg\" \/>\n<meta name=\"twitter:card\" content=\"summary_large_image\" \/>\n<script type=\"application\/ld+json\" class=\"yoast-schema-graph\">{\"@context\":\"https:\\\/\\\/schema.org\",\"@graph\":[{\"@type\":\"WebPage\",\"@id\":\"https:\\\/\\\/www.cpl.es\\\/producto\\\/sant-carles-acutis-el-ciberapostol-de-deu-9788491657545\\\/\",\"url\":\"https:\\\/\\\/www.cpl.es\\\/producto\\\/sant-carles-acutis-el-ciberapostol-de-deu-9788491657545\\\/\",\"name\":\"Sant Carles Acutis. El ciberap\u00f2stol de D\u00e9u - CPL\",\"isPartOf\":{\"@id\":\"https:\\\/\\\/www.cpl.es\\\/#website\"},\"primaryImageOfPage\":{\"@id\":\"https:\\\/\\\/www.cpl.es\\\/producto\\\/sant-carles-acutis-el-ciberapostol-de-deu-9788491657545\\\/#primaryimage\"},\"image\":{\"@id\":\"https:\\\/\\\/www.cpl.es\\\/producto\\\/sant-carles-acutis-el-ciberapostol-de-deu-9788491657545\\\/#primaryimage\"},\"thumbnailUrl\":\"https:\\\/\\\/www.cpl.es\\\/wp-content\\\/uploads\\\/9788491657545.jpg\",\"datePublished\":\"2026-05-08T07:29:03+00:00\",\"dateModified\":\"2026-05-08T11:13:05+00:00\",\"breadcrumb\":{\"@id\":\"https:\\\/\\\/www.cpl.es\\\/producto\\\/sant-carles-acutis-el-ciberapostol-de-deu-9788491657545\\\/#breadcrumb\"},\"inLanguage\":\"ca\",\"potentialAction\":[{\"@type\":\"ReadAction\",\"target\":[\"https:\\\/\\\/www.cpl.es\\\/producto\\\/sant-carles-acutis-el-ciberapostol-de-deu-9788491657545\\\/\"]}]},{\"@type\":\"ImageObject\",\"inLanguage\":\"ca\",\"@id\":\"https:\\\/\\\/www.cpl.es\\\/producto\\\/sant-carles-acutis-el-ciberapostol-de-deu-9788491657545\\\/#primaryimage\",\"url\":\"https:\\\/\\\/www.cpl.es\\\/wp-content\\\/uploads\\\/9788491657545.jpg\",\"contentUrl\":\"https:\\\/\\\/www.cpl.es\\\/wp-content\\\/uploads\\\/9788491657545.jpg\",\"width\":201,\"height\":300,\"caption\":\"9788491657545.jpg\"},{\"@type\":\"BreadcrumbList\",\"@id\":\"https:\\\/\\\/www.cpl.es\\\/producto\\\/sant-carles-acutis-el-ciberapostol-de-deu-9788491657545\\\/#breadcrumb\",\"itemListElement\":[{\"@type\":\"ListItem\",\"position\":1,\"name\":\"Portada\",\"item\":\"https:\\\/\\\/www.cpl.es\\\/ca\\\/\"},{\"@type\":\"ListItem\",\"position\":2,\"name\":\"Cat\u00e0leg\",\"item\":\"https:\\\/\\\/www.cpl.es\\\/ca\\\/cataleg\\\/\"},{\"@type\":\"ListItem\",\"position\":3,\"name\":\"Sant Carles Acutis. El ciberap\u00f2stol de D\u00e9u\"}]},{\"@type\":\"WebSite\",\"@id\":\"https:\\\/\\\/www.cpl.es\\\/#website\",\"url\":\"https:\\\/\\\/www.cpl.es\\\/\",\"name\":\"CPL\",\"description\":\"Centre de Pastoral Lit\u00fargica de Barcelona\",\"publisher\":{\"@id\":\"https:\\\/\\\/www.cpl.es\\\/#organization\"},\"alternateName\":\"Centre de Pastoral Lit\u00fargica\",\"potentialAction\":[{\"@type\":\"SearchAction\",\"target\":{\"@type\":\"EntryPoint\",\"urlTemplate\":\"https:\\\/\\\/www.cpl.es\\\/?s={search_term_string}\"},\"query-input\":{\"@type\":\"PropertyValueSpecification\",\"valueRequired\":true,\"valueName\":\"search_term_string\"}}],\"inLanguage\":\"ca\"},{\"@type\":\"Organization\",\"@id\":\"https:\\\/\\\/www.cpl.es\\\/#organization\",\"name\":\"Centre de Pastoral Lit\u00fargica\",\"alternateName\":\"Centre de Pastoral Lit\u00fargica de Barcelona\",\"url\":\"https:\\\/\\\/www.cpl.es\\\/\",\"logo\":{\"@type\":\"ImageObject\",\"inLanguage\":\"ca\",\"@id\":\"https:\\\/\\\/www.cpl.es\\\/#\\\/schema\\\/logo\\\/image\\\/\",\"url\":\"https:\\\/\\\/www.cpl.es\\\/wp-content\\\/uploads\\\/logo-cpl.svg\",\"contentUrl\":\"https:\\\/\\\/www.cpl.es\\\/wp-content\\\/uploads\\\/logo-cpl.svg\",\"caption\":\"Centre de Pastoral Lit\u00fargica\"},\"image\":{\"@id\":\"https:\\\/\\\/www.cpl.es\\\/#\\\/schema\\\/logo\\\/image\\\/\"}}]}<\/script>\n<!-- \/ Yoast SEO plugin. -->","yoast_head_json":{"title":"Sant Carles Acutis. El ciberap\u00f2stol de D\u00e9u - CPL","robots":{"index":"index","follow":"follow","max-snippet":"max-snippet:-1","max-image-preview":"max-image-preview:large","max-video-preview":"max-video-preview:-1"},"canonical":"https:\/\/www.cpl.es\/producto\/sant-carles-acutis-el-ciberapostol-de-deu-9788491657545\/","og_locale":"ca_ES","og_type":"article","og_title":"Sant Carles Acutis. El ciberap\u00f2stol de D\u00e9u - CPL","og_description":"Rodr\u00edguez Vilagran, \u00c1ngel","og_url":"https:\/\/www.cpl.es\/producto\/sant-carles-acutis-el-ciberapostol-de-deu-9788491657545\/","og_site_name":"CPL","article_modified_time":"2026-05-08T11:13:05+00:00","og_image":[{"width":201,"height":300,"url":"https:\/\/www.cpl.es\/wp-content\/uploads\/9788491657545.jpg","type":"image\/jpeg"}],"twitter_card":"summary_large_image","schema":{"@context":"https:\/\/schema.org","@graph":[{"@type":"WebPage","@id":"https:\/\/www.cpl.es\/producto\/sant-carles-acutis-el-ciberapostol-de-deu-9788491657545\/","url":"https:\/\/www.cpl.es\/producto\/sant-carles-acutis-el-ciberapostol-de-deu-9788491657545\/","name":"Sant Carles Acutis. El ciberap\u00f2stol de D\u00e9u - CPL","isPartOf":{"@id":"https:\/\/www.cpl.es\/#website"},"primaryImageOfPage":{"@id":"https:\/\/www.cpl.es\/producto\/sant-carles-acutis-el-ciberapostol-de-deu-9788491657545\/#primaryimage"},"image":{"@id":"https:\/\/www.cpl.es\/producto\/sant-carles-acutis-el-ciberapostol-de-deu-9788491657545\/#primaryimage"},"thumbnailUrl":"https:\/\/www.cpl.es\/wp-content\/uploads\/9788491657545.jpg","datePublished":"2026-05-08T07:29:03+00:00","dateModified":"2026-05-08T11:13:05+00:00","breadcrumb":{"@id":"https:\/\/www.cpl.es\/producto\/sant-carles-acutis-el-ciberapostol-de-deu-9788491657545\/#breadcrumb"},"inLanguage":"ca","potentialAction":[{"@type":"ReadAction","target":["https:\/\/www.cpl.es\/producto\/sant-carles-acutis-el-ciberapostol-de-deu-9788491657545\/"]}]},{"@type":"ImageObject","inLanguage":"ca","@id":"https:\/\/www.cpl.es\/producto\/sant-carles-acutis-el-ciberapostol-de-deu-9788491657545\/#primaryimage","url":"https:\/\/www.cpl.es\/wp-content\/uploads\/9788491657545.jpg","contentUrl":"https:\/\/www.cpl.es\/wp-content\/uploads\/9788491657545.jpg","width":201,"height":300,"caption":"9788491657545.jpg"},{"@type":"BreadcrumbList","@id":"https:\/\/www.cpl.es\/producto\/sant-carles-acutis-el-ciberapostol-de-deu-9788491657545\/#breadcrumb","itemListElement":[{"@type":"ListItem","position":1,"name":"Portada","item":"https:\/\/www.cpl.es\/ca\/"},{"@type":"ListItem","position":2,"name":"Cat\u00e0leg","item":"https:\/\/www.cpl.es\/ca\/cataleg\/"},{"@type":"ListItem","position":3,"name":"Sant Carles Acutis. El ciberap\u00f2stol de D\u00e9u"}]},{"@type":"WebSite","@id":"https:\/\/www.cpl.es\/#website","url":"https:\/\/www.cpl.es\/","name":"CPL","description":"Centre de Pastoral Lit\u00fargica de Barcelona","publisher":{"@id":"https:\/\/www.cpl.es\/#organization"},"alternateName":"Centre de Pastoral Lit\u00fargica","potentialAction":[{"@type":"SearchAction","target":{"@type":"EntryPoint","urlTemplate":"https:\/\/www.cpl.es\/?s={search_term_string}"},"query-input":{"@type":"PropertyValueSpecification","valueRequired":true,"valueName":"search_term_string"}}],"inLanguage":"ca"},{"@type":"Organization","@id":"https:\/\/www.cpl.es\/#organization","name":"Centre de Pastoral Lit\u00fargica","alternateName":"Centre de Pastoral Lit\u00fargica de Barcelona","url":"https:\/\/www.cpl.es\/","logo":{"@type":"ImageObject","inLanguage":"ca","@id":"https:\/\/www.cpl.es\/#\/schema\/logo\/image\/","url":"https:\/\/www.cpl.es\/wp-content\/uploads\/logo-cpl.svg","contentUrl":"https:\/\/www.cpl.es\/wp-content\/uploads\/logo-cpl.svg","caption":"Centre de Pastoral Lit\u00fargica"},"image":{"@id":"https:\/\/www.cpl.es\/#\/schema\/logo\/image\/"}}]}},"_links":{"self":[{"href":"https:\/\/www.cpl.es\/ca\/wp-json\/wp\/v2\/product\/29664","targetHints":{"allow":["GET"]}}],"collection":[{"href":"https:\/\/www.cpl.es\/ca\/wp-json\/wp\/v2\/product"}],"about":[{"href":"https:\/\/www.cpl.es\/ca\/wp-json\/wp\/v2\/types\/product"}],"wp:featuredmedia":[{"embeddable":true,"href":"https:\/\/www.cpl.es\/ca\/wp-json\/wp\/v2\/media\/29665"}],"wp:attachment":[{"href":"https:\/\/www.cpl.es\/ca\/wp-json\/wp\/v2\/media?parent=29664"}],"wp:term":[{"taxonomy":"product_brand","embeddable":true,"href":"https:\/\/www.cpl.es\/ca\/wp-json\/wp\/v2\/product_brand?post=29664"},{"taxonomy":"product_cat","embeddable":true,"href":"https:\/\/www.cpl.es\/ca\/wp-json\/wp\/v2\/product_cat?post=29664"},{"taxonomy":"product_tag","embeddable":true,"href":"https:\/\/www.cpl.es\/ca\/wp-json\/wp\/v2\/product_tag?post=29664"}],"curies":[{"name":"wp","href":"https:\/\/api.w.org\/{rel}","templated":true}]}}