{"id":2931,"date":"2023-10-04T01:57:02","date_gmt":"2023-10-03T23:57:02","guid":{"rendered":"https:\/\/nuevaweb.cpl.es\/producto\/la-huella-de-edith-stein-en-rosa-deulofeu-9788498055399\/"},"modified":"2023-12-05T13:41:17","modified_gmt":"2023-12-05T12:41:17","slug":"la-huella-de-edith-stein-en-rosa-deulofeu-9788498055399","status":"publish","type":"product","link":"https:\/\/www.cpl.es\/ca\/producto\/la-huella-de-edith-stein-en-rosa-deulofeu-9788498055399\/","title":{"rendered":"La huella de Edith Stein en Rosa Deulofeu"},"content":{"rendered":"<p>Este libro que me complace prologar analiza las profundas afinidades espirituales entre dos mujeres excepcionales del siglo XX: Edith Stein y Rosa Deulofeu. <\/p>\n<p>Su autor, Francesc Figueras, explora la influencia de la fil\u00f3sofa Edith en la configuraci\u00f3n espiritual de la identidad cristiana de Rosa Deulofeu, y se\u00f1ala algunos aspectos decisivos para entender su rica vida interior.<\/p>\n<p><\/p>\n","protected":false},"excerpt":{"rendered":"<p>Figueras Gud\u00e0s, Francesc<\/p>\n","protected":false},"featured_media":2932,"template":"","meta":{"_acf_changed":false,"inline_featured_image":false},"product_brand":[],"product_cat":[67,97,65,88,98,96,95,56],"product_tag":[],"class_list":{"0":"post-2931","1":"product","2":"type-product","3":"status-publish","4":"has-post-thumbnail","6":"product_cat-altres-publicacions","7":"product_cat-cristiandad","8":"product_cat-espiritualidad","9":"product_cat-espiritualitat","10":"product_cat-etica","11":"product_cat-filosofia","12":"product_cat-humanidad","13":"product_cat-otras-publicaciones","15":"first","16":"instock","17":"taxable","18":"shipping-taxable","19":"purchasable","20":"product-type-simple"},"acf":{"autor":"Figueras Gud\u00e0s, Francesc","codart":"150006","ediciones":"1","encuadernacion":"R\u00fastica","fecha_de_publicacion":"27\/01\/2012","novedad":false,"paginas":"204","subtitulo":"","orden":"50","portada":false,"idioma":"spa","editorial":[{"ID":6736,"post_author":"2","post_date":"2023-10-06 08:35:24","post_date_gmt":"2023-10-06 06:35:24","post_content":"","post_title":"CPL","post_excerpt":"","post_status":"publish","comment_status":"closed","ping_status":"closed","post_password":"","post_name":"cpl","to_ping":"","pinged":"","post_modified":"2023-10-06 08:35:24","post_modified_gmt":"2023-10-06 06:35:24","post_content_filtered":"","post_parent":0,"guid":"https:\/\/nuevaweb.cpl.es\/editorial\/cpl\/","menu_order":0,"post_type":"editorial","post_mime_type":"","comment_count":"0","filter":"raw"}]},"yoast_head":"<!-- This site is optimized with the Yoast SEO plugin v27.3 - https:\/\/yoast.com\/product\/yoast-seo-wordpress\/ -->\n<title>La huella de Edith Stein en Rosa Deulofeu - CPL<\/title>\n<meta name=\"robots\" content=\"index, follow, max-snippet:-1, max-image-preview:large, max-video-preview:-1\" \/>\n<link rel=\"canonical\" href=\"https:\/\/www.cpl.es\/producto\/la-huella-de-edith-stein-en-rosa-deulofeu-9788498055399\/\" \/>\n<meta property=\"og:locale\" content=\"ca_ES\" \/>\n<meta property=\"og:type\" content=\"article\" \/>\n<meta property=\"og:title\" content=\"La huella de Edith Stein en Rosa Deulofeu - CPL\" \/>\n<meta property=\"og:description\" content=\"Figueras Gud\u00e0s, Francesc\" \/>\n<meta property=\"og:url\" content=\"https:\/\/www.cpl.es\/producto\/la-huella-de-edith-stein-en-rosa-deulofeu-9788498055399\/\" \/>\n<meta property=\"og:site_name\" content=\"CPL\" \/>\n<meta property=\"article:modified_time\" content=\"2023-12-05T12:41:17+00:00\" \/>\n<meta property=\"og:image\" content=\"https:\/\/www.cpl.es\/wp-content\/uploads\/150006.jpg\" \/>\n\t<meta property=\"og:image:width\" content=\"280\" \/>\n\t<meta property=\"og:image:height\" content=\"442\" \/>\n\t<meta property=\"og:image:type\" content=\"image\/jpeg\" \/>\n<meta name=\"twitter:card\" content=\"summary_large_image\" \/>\n<script type=\"application\/ld+json\" class=\"yoast-schema-graph\">{\"@context\":\"https:\\\/\\\/schema.org\",\"@graph\":[{\"@type\":\"WebPage\",\"@id\":\"https:\\\/\\\/www.cpl.es\\\/producto\\\/la-huella-de-edith-stein-en-rosa-deulofeu-9788498055399\\\/\",\"url\":\"https:\\\/\\\/www.cpl.es\\\/producto\\\/la-huella-de-edith-stein-en-rosa-deulofeu-9788498055399\\\/\",\"name\":\"La huella de Edith Stein en Rosa Deulofeu - CPL\",\"isPartOf\":{\"@id\":\"https:\\\/\\\/www.cpl.es\\\/#website\"},\"primaryImageOfPage\":{\"@id\":\"https:\\\/\\\/www.cpl.es\\\/producto\\\/la-huella-de-edith-stein-en-rosa-deulofeu-9788498055399\\\/#primaryimage\"},\"image\":{\"@id\":\"https:\\\/\\\/www.cpl.es\\\/producto\\\/la-huella-de-edith-stein-en-rosa-deulofeu-9788498055399\\\/#primaryimage\"},\"thumbnailUrl\":\"https:\\\/\\\/www.cpl.es\\\/wp-content\\\/uploads\\\/150006.jpg\",\"datePublished\":\"2023-10-03T23:57:02+00:00\",\"dateModified\":\"2023-12-05T12:41:17+00:00\",\"breadcrumb\":{\"@id\":\"https:\\\/\\\/www.cpl.es\\\/producto\\\/la-huella-de-edith-stein-en-rosa-deulofeu-9788498055399\\\/#breadcrumb\"},\"inLanguage\":\"ca\",\"potentialAction\":[{\"@type\":\"ReadAction\",\"target\":[\"https:\\\/\\\/www.cpl.es\\\/producto\\\/la-huella-de-edith-stein-en-rosa-deulofeu-9788498055399\\\/\"]}]},{\"@type\":\"ImageObject\",\"inLanguage\":\"ca\",\"@id\":\"https:\\\/\\\/www.cpl.es\\\/producto\\\/la-huella-de-edith-stein-en-rosa-deulofeu-9788498055399\\\/#primaryimage\",\"url\":\"https:\\\/\\\/www.cpl.es\\\/wp-content\\\/uploads\\\/150006.jpg\",\"contentUrl\":\"https:\\\/\\\/www.cpl.es\\\/wp-content\\\/uploads\\\/150006.jpg\",\"width\":280,\"height\":442,\"caption\":\"150006.jpg\"},{\"@type\":\"BreadcrumbList\",\"@id\":\"https:\\\/\\\/www.cpl.es\\\/producto\\\/la-huella-de-edith-stein-en-rosa-deulofeu-9788498055399\\\/#breadcrumb\",\"itemListElement\":[{\"@type\":\"ListItem\",\"position\":1,\"name\":\"Portada\",\"item\":\"https:\\\/\\\/www.cpl.es\\\/ca\\\/\"},{\"@type\":\"ListItem\",\"position\":2,\"name\":\"Cat\u00e0leg\",\"item\":\"https:\\\/\\\/www.cpl.es\\\/ca\\\/cataleg\\\/\"},{\"@type\":\"ListItem\",\"position\":3,\"name\":\"La huella de Edith Stein en Rosa Deulofeu\"}]},{\"@type\":\"WebSite\",\"@id\":\"https:\\\/\\\/www.cpl.es\\\/#website\",\"url\":\"https:\\\/\\\/www.cpl.es\\\/\",\"name\":\"CPL\",\"description\":\"Centre de Pastoral Lit\u00fargica de Barcelona\",\"publisher\":{\"@id\":\"https:\\\/\\\/www.cpl.es\\\/#organization\"},\"alternateName\":\"Centre de Pastoral Lit\u00fargica\",\"potentialAction\":[{\"@type\":\"SearchAction\",\"target\":{\"@type\":\"EntryPoint\",\"urlTemplate\":\"https:\\\/\\\/www.cpl.es\\\/?s={search_term_string}\"},\"query-input\":{\"@type\":\"PropertyValueSpecification\",\"valueRequired\":true,\"valueName\":\"search_term_string\"}}],\"inLanguage\":\"ca\"},{\"@type\":\"Organization\",\"@id\":\"https:\\\/\\\/www.cpl.es\\\/#organization\",\"name\":\"Centre de Pastoral Lit\u00fargica\",\"alternateName\":\"Centre de Pastoral Lit\u00fargica de Barcelona\",\"url\":\"https:\\\/\\\/www.cpl.es\\\/\",\"logo\":{\"@type\":\"ImageObject\",\"inLanguage\":\"ca\",\"@id\":\"https:\\\/\\\/www.cpl.es\\\/#\\\/schema\\\/logo\\\/image\\\/\",\"url\":\"https:\\\/\\\/www.cpl.es\\\/wp-content\\\/uploads\\\/logo-cpl.svg\",\"contentUrl\":\"https:\\\/\\\/www.cpl.es\\\/wp-content\\\/uploads\\\/logo-cpl.svg\",\"caption\":\"Centre de Pastoral Lit\u00fargica\"},\"image\":{\"@id\":\"https:\\\/\\\/www.cpl.es\\\/#\\\/schema\\\/logo\\\/image\\\/\"}}]}<\/script>\n<!-- \/ Yoast SEO plugin. -->","yoast_head_json":{"title":"La huella de Edith Stein en Rosa Deulofeu - CPL","robots":{"index":"index","follow":"follow","max-snippet":"max-snippet:-1","max-image-preview":"max-image-preview:large","max-video-preview":"max-video-preview:-1"},"canonical":"https:\/\/www.cpl.es\/producto\/la-huella-de-edith-stein-en-rosa-deulofeu-9788498055399\/","og_locale":"ca_ES","og_type":"article","og_title":"La huella de Edith Stein en Rosa Deulofeu - CPL","og_description":"Figueras Gud\u00e0s, Francesc","og_url":"https:\/\/www.cpl.es\/producto\/la-huella-de-edith-stein-en-rosa-deulofeu-9788498055399\/","og_site_name":"CPL","article_modified_time":"2023-12-05T12:41:17+00:00","og_image":[{"width":280,"height":442,"url":"https:\/\/www.cpl.es\/wp-content\/uploads\/150006.jpg","type":"image\/jpeg"}],"twitter_card":"summary_large_image","schema":{"@context":"https:\/\/schema.org","@graph":[{"@type":"WebPage","@id":"https:\/\/www.cpl.es\/producto\/la-huella-de-edith-stein-en-rosa-deulofeu-9788498055399\/","url":"https:\/\/www.cpl.es\/producto\/la-huella-de-edith-stein-en-rosa-deulofeu-9788498055399\/","name":"La huella de Edith Stein en Rosa Deulofeu - CPL","isPartOf":{"@id":"https:\/\/www.cpl.es\/#website"},"primaryImageOfPage":{"@id":"https:\/\/www.cpl.es\/producto\/la-huella-de-edith-stein-en-rosa-deulofeu-9788498055399\/#primaryimage"},"image":{"@id":"https:\/\/www.cpl.es\/producto\/la-huella-de-edith-stein-en-rosa-deulofeu-9788498055399\/#primaryimage"},"thumbnailUrl":"https:\/\/www.cpl.es\/wp-content\/uploads\/150006.jpg","datePublished":"2023-10-03T23:57:02+00:00","dateModified":"2023-12-05T12:41:17+00:00","breadcrumb":{"@id":"https:\/\/www.cpl.es\/producto\/la-huella-de-edith-stein-en-rosa-deulofeu-9788498055399\/#breadcrumb"},"inLanguage":"ca","potentialAction":[{"@type":"ReadAction","target":["https:\/\/www.cpl.es\/producto\/la-huella-de-edith-stein-en-rosa-deulofeu-9788498055399\/"]}]},{"@type":"ImageObject","inLanguage":"ca","@id":"https:\/\/www.cpl.es\/producto\/la-huella-de-edith-stein-en-rosa-deulofeu-9788498055399\/#primaryimage","url":"https:\/\/www.cpl.es\/wp-content\/uploads\/150006.jpg","contentUrl":"https:\/\/www.cpl.es\/wp-content\/uploads\/150006.jpg","width":280,"height":442,"caption":"150006.jpg"},{"@type":"BreadcrumbList","@id":"https:\/\/www.cpl.es\/producto\/la-huella-de-edith-stein-en-rosa-deulofeu-9788498055399\/#breadcrumb","itemListElement":[{"@type":"ListItem","position":1,"name":"Portada","item":"https:\/\/www.cpl.es\/ca\/"},{"@type":"ListItem","position":2,"name":"Cat\u00e0leg","item":"https:\/\/www.cpl.es\/ca\/cataleg\/"},{"@type":"ListItem","position":3,"name":"La huella de Edith Stein en Rosa Deulofeu"}]},{"@type":"WebSite","@id":"https:\/\/www.cpl.es\/#website","url":"https:\/\/www.cpl.es\/","name":"CPL","description":"Centre de Pastoral Lit\u00fargica de Barcelona","publisher":{"@id":"https:\/\/www.cpl.es\/#organization"},"alternateName":"Centre de Pastoral Lit\u00fargica","potentialAction":[{"@type":"SearchAction","target":{"@type":"EntryPoint","urlTemplate":"https:\/\/www.cpl.es\/?s={search_term_string}"},"query-input":{"@type":"PropertyValueSpecification","valueRequired":true,"valueName":"search_term_string"}}],"inLanguage":"ca"},{"@type":"Organization","@id":"https:\/\/www.cpl.es\/#organization","name":"Centre de Pastoral Lit\u00fargica","alternateName":"Centre de Pastoral Lit\u00fargica de Barcelona","url":"https:\/\/www.cpl.es\/","logo":{"@type":"ImageObject","inLanguage":"ca","@id":"https:\/\/www.cpl.es\/#\/schema\/logo\/image\/","url":"https:\/\/www.cpl.es\/wp-content\/uploads\/logo-cpl.svg","contentUrl":"https:\/\/www.cpl.es\/wp-content\/uploads\/logo-cpl.svg","caption":"Centre de Pastoral Lit\u00fargica"},"image":{"@id":"https:\/\/www.cpl.es\/#\/schema\/logo\/image\/"}}]}},"_links":{"self":[{"href":"https:\/\/www.cpl.es\/ca\/wp-json\/wp\/v2\/product\/2931","targetHints":{"allow":["GET"]}}],"collection":[{"href":"https:\/\/www.cpl.es\/ca\/wp-json\/wp\/v2\/product"}],"about":[{"href":"https:\/\/www.cpl.es\/ca\/wp-json\/wp\/v2\/types\/product"}],"wp:featuredmedia":[{"embeddable":true,"href":"https:\/\/www.cpl.es\/ca\/wp-json\/wp\/v2\/media\/2932"}],"wp:attachment":[{"href":"https:\/\/www.cpl.es\/ca\/wp-json\/wp\/v2\/media?parent=2931"}],"wp:term":[{"taxonomy":"product_brand","embeddable":true,"href":"https:\/\/www.cpl.es\/ca\/wp-json\/wp\/v2\/product_brand?post=2931"},{"taxonomy":"product_cat","embeddable":true,"href":"https:\/\/www.cpl.es\/ca\/wp-json\/wp\/v2\/product_cat?post=2931"},{"taxonomy":"product_tag","embeddable":true,"href":"https:\/\/www.cpl.es\/ca\/wp-json\/wp\/v2\/product_tag?post=2931"}],"curies":[{"name":"wp","href":"https:\/\/api.w.org\/{rel}","templated":true}]}}