{"id":2862,"date":"2023-10-04T01:54:55","date_gmt":"2023-10-03T23:54:55","guid":{"rendered":"https:\/\/nuevaweb.cpl.es\/producto\/lectura-celebrativa-de-los-salmos-9788498055566\/"},"modified":"2023-12-05T13:40:49","modified_gmt":"2023-12-05T12:40:49","slug":"lectura-celebrativa-de-los-salmos-9788498055566","status":"publish","type":"product","link":"https:\/\/www.cpl.es\/ca\/producto\/lectura-celebrativa-de-los-salmos-9788498055566\/","title":{"rendered":"Lectura celebrativa de los salmos"},"content":{"rendered":"<p>Los cristianos tenemos en el Libro de los Salmos mucho m\u00e1s que una forma de oraci\u00f3n. Es una herencia preciosa recibida del pueblo de Israel, con la que el mismo Jesucristo or\u00f3, y que la Iglesia ha recibido com Palabra de Dios y ha acogido como su cuerpo de plegaria institucional.<br \/>Ayudar a descubrir la riqueza de los salmos rezados en la Iglesia es la pretensi\u00f3n de este libro. Y para ello el autor nos conduce a trav\u00e9s de los dos grandes lugares donde los salmos se convierten en oraci\u00f3n comunitaria y eclesial: la Liturgia de las Horas y la Eucarist\u00eda. Para conocer m\u00e1s a fondo su sentido cristiano, y para que nos acompa\u00f1en constantemente en nuestro camino espiritual.<\/p>\n<p>F\u00e9lix Mar\u00eda Arocena Solano (San Sebasti\u00e1n, 1954) es presb\u00edtero desde 1981. Es licenciado en Ciencias F\u00edsicas y doctor en Sagrada Teolog\u00eda y Derecho Can\u00f3nico, y curs\u00f3 estudios de especializaci\u00f3n en el Pontificio Instituto Liturgico San Anselmo de Roma. Es profesor de Teolog\u00eda Lit\u00fargica en la Facultad de Teolog\u00eda de la Universidad de Navarra, profesor visitante en la Facultad de Teolog\u00eda de la Universidad Eclesi\u00e1stica &#8216;San D\u00e1maso' de Madrid, miembro de la Pontificia Academia Teol\u00f3gica de Roma y miembro de la Asociaci\u00f3n Espa\u00f1ola de Profesores de Liturgia.<\/p>\n","protected":false},"excerpt":{"rendered":"<p>Arocena Solano, F\u00e9lix Mar\u00eda<\/p>\n","protected":false},"featured_media":2863,"template":"","meta":{"_acf_changed":false,"inline_featured_image":false},"product_brand":[],"product_cat":[59,82,151,153,44,75,58,81],"product_tag":[],"class_list":{"0":"post-2862","1":"product","2":"type-product","3":"status-publish","4":"has-post-thumbnail","6":"product_cat-biblia","7":"product_cat-biblia-per-temes-catala","8":"product_cat-celebracio-de-la-missa-celebracio-de-la-missa-per-temes","9":"product_cat-celebracion-de-la-misa-celebracion-de-la-misa-por-temas","10":"product_cat-dossiers-cpl","11":"product_cat-dossiers-cpl-colleccions-catala","12":"product_cat-liturgia-de-las-horas","13":"product_cat-liturgia-de-les-hores","15":"first","16":"instock","17":"taxable","18":"shipping-taxable","19":"purchasable","20":"product-type-simple"},"acf":{"autor":"Arocena Solano, F\u00e9lix Mar\u00eda","codart":"101125","ediciones":"1","encuadernacion":"R\u00fastica","fecha_de_publicacion":"26\/09\/2018","novedad":false,"paginas":"152","subtitulo":"Liturgia de las Horas y Misal Romano","orden":"35","portada":false,"idioma":"spa","editorial":[{"ID":6736,"post_author":"2","post_date":"2023-10-06 08:35:24","post_date_gmt":"2023-10-06 06:35:24","post_content":"","post_title":"CPL","post_excerpt":"","post_status":"publish","comment_status":"closed","ping_status":"closed","post_password":"","post_name":"cpl","to_ping":"","pinged":"","post_modified":"2023-10-06 08:35:24","post_modified_gmt":"2023-10-06 06:35:24","post_content_filtered":"","post_parent":0,"guid":"https:\/\/nuevaweb.cpl.es\/editorial\/cpl\/","menu_order":0,"post_type":"editorial","post_mime_type":"","comment_count":"0","filter":"raw"}]},"yoast_head":"<!-- This site is optimized with the Yoast SEO plugin v27.3 - https:\/\/yoast.com\/product\/yoast-seo-wordpress\/ -->\n<title>Lectura celebrativa de los salmos - CPL<\/title>\n<meta name=\"robots\" content=\"index, follow, max-snippet:-1, max-image-preview:large, max-video-preview:-1\" \/>\n<link rel=\"canonical\" href=\"https:\/\/www.cpl.es\/producto\/lectura-celebrativa-de-los-salmos-9788498055566\/\" \/>\n<meta property=\"og:locale\" content=\"ca_ES\" \/>\n<meta property=\"og:type\" content=\"article\" \/>\n<meta property=\"og:title\" content=\"Lectura celebrativa de los salmos - CPL\" \/>\n<meta property=\"og:description\" content=\"Arocena Solano, F\u00e9lix Mar\u00eda\" \/>\n<meta property=\"og:url\" content=\"https:\/\/www.cpl.es\/producto\/lectura-celebrativa-de-los-salmos-9788498055566\/\" \/>\n<meta property=\"og:site_name\" content=\"CPL\" \/>\n<meta property=\"article:modified_time\" content=\"2023-12-05T12:40:49+00:00\" \/>\n<meta property=\"og:image\" content=\"https:\/\/www.cpl.es\/wp-content\/uploads\/101125.jpg\" \/>\n\t<meta property=\"og:image:width\" content=\"280\" \/>\n\t<meta property=\"og:image:height\" content=\"386\" \/>\n\t<meta property=\"og:image:type\" content=\"image\/jpeg\" \/>\n<meta name=\"twitter:card\" content=\"summary_large_image\" \/>\n<meta name=\"twitter:label1\" content=\"Temps estimat de lectura\" \/>\n\t<meta name=\"twitter:data1\" content=\"1 minut\" \/>\n<script type=\"application\/ld+json\" class=\"yoast-schema-graph\">{\"@context\":\"https:\\\/\\\/schema.org\",\"@graph\":[{\"@type\":\"WebPage\",\"@id\":\"https:\\\/\\\/www.cpl.es\\\/producto\\\/lectura-celebrativa-de-los-salmos-9788498055566\\\/\",\"url\":\"https:\\\/\\\/www.cpl.es\\\/producto\\\/lectura-celebrativa-de-los-salmos-9788498055566\\\/\",\"name\":\"Lectura celebrativa de los salmos - CPL\",\"isPartOf\":{\"@id\":\"https:\\\/\\\/www.cpl.es\\\/#website\"},\"primaryImageOfPage\":{\"@id\":\"https:\\\/\\\/www.cpl.es\\\/producto\\\/lectura-celebrativa-de-los-salmos-9788498055566\\\/#primaryimage\"},\"image\":{\"@id\":\"https:\\\/\\\/www.cpl.es\\\/producto\\\/lectura-celebrativa-de-los-salmos-9788498055566\\\/#primaryimage\"},\"thumbnailUrl\":\"https:\\\/\\\/www.cpl.es\\\/wp-content\\\/uploads\\\/101125.jpg\",\"datePublished\":\"2023-10-03T23:54:55+00:00\",\"dateModified\":\"2023-12-05T12:40:49+00:00\",\"breadcrumb\":{\"@id\":\"https:\\\/\\\/www.cpl.es\\\/producto\\\/lectura-celebrativa-de-los-salmos-9788498055566\\\/#breadcrumb\"},\"inLanguage\":\"ca\",\"potentialAction\":[{\"@type\":\"ReadAction\",\"target\":[\"https:\\\/\\\/www.cpl.es\\\/producto\\\/lectura-celebrativa-de-los-salmos-9788498055566\\\/\"]}]},{\"@type\":\"ImageObject\",\"inLanguage\":\"ca\",\"@id\":\"https:\\\/\\\/www.cpl.es\\\/producto\\\/lectura-celebrativa-de-los-salmos-9788498055566\\\/#primaryimage\",\"url\":\"https:\\\/\\\/www.cpl.es\\\/wp-content\\\/uploads\\\/101125.jpg\",\"contentUrl\":\"https:\\\/\\\/www.cpl.es\\\/wp-content\\\/uploads\\\/101125.jpg\",\"width\":280,\"height\":386,\"caption\":\"101125.jpg\"},{\"@type\":\"BreadcrumbList\",\"@id\":\"https:\\\/\\\/www.cpl.es\\\/producto\\\/lectura-celebrativa-de-los-salmos-9788498055566\\\/#breadcrumb\",\"itemListElement\":[{\"@type\":\"ListItem\",\"position\":1,\"name\":\"Portada\",\"item\":\"https:\\\/\\\/www.cpl.es\\\/ca\\\/\"},{\"@type\":\"ListItem\",\"position\":2,\"name\":\"Cat\u00e0leg\",\"item\":\"https:\\\/\\\/www.cpl.es\\\/ca\\\/cataleg\\\/\"},{\"@type\":\"ListItem\",\"position\":3,\"name\":\"Lectura celebrativa de los salmos\"}]},{\"@type\":\"WebSite\",\"@id\":\"https:\\\/\\\/www.cpl.es\\\/#website\",\"url\":\"https:\\\/\\\/www.cpl.es\\\/\",\"name\":\"CPL\",\"description\":\"Centre de Pastoral Lit\u00fargica de Barcelona\",\"publisher\":{\"@id\":\"https:\\\/\\\/www.cpl.es\\\/#organization\"},\"alternateName\":\"Centre de Pastoral Lit\u00fargica\",\"potentialAction\":[{\"@type\":\"SearchAction\",\"target\":{\"@type\":\"EntryPoint\",\"urlTemplate\":\"https:\\\/\\\/www.cpl.es\\\/?s={search_term_string}\"},\"query-input\":{\"@type\":\"PropertyValueSpecification\",\"valueRequired\":true,\"valueName\":\"search_term_string\"}}],\"inLanguage\":\"ca\"},{\"@type\":\"Organization\",\"@id\":\"https:\\\/\\\/www.cpl.es\\\/#organization\",\"name\":\"Centre de Pastoral Lit\u00fargica\",\"alternateName\":\"Centre de Pastoral Lit\u00fargica de Barcelona\",\"url\":\"https:\\\/\\\/www.cpl.es\\\/\",\"logo\":{\"@type\":\"ImageObject\",\"inLanguage\":\"ca\",\"@id\":\"https:\\\/\\\/www.cpl.es\\\/#\\\/schema\\\/logo\\\/image\\\/\",\"url\":\"https:\\\/\\\/www.cpl.es\\\/wp-content\\\/uploads\\\/logo-cpl.svg\",\"contentUrl\":\"https:\\\/\\\/www.cpl.es\\\/wp-content\\\/uploads\\\/logo-cpl.svg\",\"caption\":\"Centre de Pastoral Lit\u00fargica\"},\"image\":{\"@id\":\"https:\\\/\\\/www.cpl.es\\\/#\\\/schema\\\/logo\\\/image\\\/\"}}]}<\/script>\n<!-- \/ Yoast SEO plugin. -->","yoast_head_json":{"title":"Lectura celebrativa de los salmos - CPL","robots":{"index":"index","follow":"follow","max-snippet":"max-snippet:-1","max-image-preview":"max-image-preview:large","max-video-preview":"max-video-preview:-1"},"canonical":"https:\/\/www.cpl.es\/producto\/lectura-celebrativa-de-los-salmos-9788498055566\/","og_locale":"ca_ES","og_type":"article","og_title":"Lectura celebrativa de los salmos - CPL","og_description":"Arocena Solano, F\u00e9lix Mar\u00eda","og_url":"https:\/\/www.cpl.es\/producto\/lectura-celebrativa-de-los-salmos-9788498055566\/","og_site_name":"CPL","article_modified_time":"2023-12-05T12:40:49+00:00","og_image":[{"width":280,"height":386,"url":"https:\/\/www.cpl.es\/wp-content\/uploads\/101125.jpg","type":"image\/jpeg"}],"twitter_card":"summary_large_image","twitter_misc":{"Temps estimat de lectura":"1 minut"},"schema":{"@context":"https:\/\/schema.org","@graph":[{"@type":"WebPage","@id":"https:\/\/www.cpl.es\/producto\/lectura-celebrativa-de-los-salmos-9788498055566\/","url":"https:\/\/www.cpl.es\/producto\/lectura-celebrativa-de-los-salmos-9788498055566\/","name":"Lectura celebrativa de los salmos - CPL","isPartOf":{"@id":"https:\/\/www.cpl.es\/#website"},"primaryImageOfPage":{"@id":"https:\/\/www.cpl.es\/producto\/lectura-celebrativa-de-los-salmos-9788498055566\/#primaryimage"},"image":{"@id":"https:\/\/www.cpl.es\/producto\/lectura-celebrativa-de-los-salmos-9788498055566\/#primaryimage"},"thumbnailUrl":"https:\/\/www.cpl.es\/wp-content\/uploads\/101125.jpg","datePublished":"2023-10-03T23:54:55+00:00","dateModified":"2023-12-05T12:40:49+00:00","breadcrumb":{"@id":"https:\/\/www.cpl.es\/producto\/lectura-celebrativa-de-los-salmos-9788498055566\/#breadcrumb"},"inLanguage":"ca","potentialAction":[{"@type":"ReadAction","target":["https:\/\/www.cpl.es\/producto\/lectura-celebrativa-de-los-salmos-9788498055566\/"]}]},{"@type":"ImageObject","inLanguage":"ca","@id":"https:\/\/www.cpl.es\/producto\/lectura-celebrativa-de-los-salmos-9788498055566\/#primaryimage","url":"https:\/\/www.cpl.es\/wp-content\/uploads\/101125.jpg","contentUrl":"https:\/\/www.cpl.es\/wp-content\/uploads\/101125.jpg","width":280,"height":386,"caption":"101125.jpg"},{"@type":"BreadcrumbList","@id":"https:\/\/www.cpl.es\/producto\/lectura-celebrativa-de-los-salmos-9788498055566\/#breadcrumb","itemListElement":[{"@type":"ListItem","position":1,"name":"Portada","item":"https:\/\/www.cpl.es\/ca\/"},{"@type":"ListItem","position":2,"name":"Cat\u00e0leg","item":"https:\/\/www.cpl.es\/ca\/cataleg\/"},{"@type":"ListItem","position":3,"name":"Lectura celebrativa de los salmos"}]},{"@type":"WebSite","@id":"https:\/\/www.cpl.es\/#website","url":"https:\/\/www.cpl.es\/","name":"CPL","description":"Centre de Pastoral Lit\u00fargica de Barcelona","publisher":{"@id":"https:\/\/www.cpl.es\/#organization"},"alternateName":"Centre de Pastoral Lit\u00fargica","potentialAction":[{"@type":"SearchAction","target":{"@type":"EntryPoint","urlTemplate":"https:\/\/www.cpl.es\/?s={search_term_string}"},"query-input":{"@type":"PropertyValueSpecification","valueRequired":true,"valueName":"search_term_string"}}],"inLanguage":"ca"},{"@type":"Organization","@id":"https:\/\/www.cpl.es\/#organization","name":"Centre de Pastoral Lit\u00fargica","alternateName":"Centre de Pastoral Lit\u00fargica de Barcelona","url":"https:\/\/www.cpl.es\/","logo":{"@type":"ImageObject","inLanguage":"ca","@id":"https:\/\/www.cpl.es\/#\/schema\/logo\/image\/","url":"https:\/\/www.cpl.es\/wp-content\/uploads\/logo-cpl.svg","contentUrl":"https:\/\/www.cpl.es\/wp-content\/uploads\/logo-cpl.svg","caption":"Centre de Pastoral Lit\u00fargica"},"image":{"@id":"https:\/\/www.cpl.es\/#\/schema\/logo\/image\/"}}]}},"_links":{"self":[{"href":"https:\/\/www.cpl.es\/ca\/wp-json\/wp\/v2\/product\/2862","targetHints":{"allow":["GET"]}}],"collection":[{"href":"https:\/\/www.cpl.es\/ca\/wp-json\/wp\/v2\/product"}],"about":[{"href":"https:\/\/www.cpl.es\/ca\/wp-json\/wp\/v2\/types\/product"}],"wp:featuredmedia":[{"embeddable":true,"href":"https:\/\/www.cpl.es\/ca\/wp-json\/wp\/v2\/media\/2863"}],"wp:attachment":[{"href":"https:\/\/www.cpl.es\/ca\/wp-json\/wp\/v2\/media?parent=2862"}],"wp:term":[{"taxonomy":"product_brand","embeddable":true,"href":"https:\/\/www.cpl.es\/ca\/wp-json\/wp\/v2\/product_brand?post=2862"},{"taxonomy":"product_cat","embeddable":true,"href":"https:\/\/www.cpl.es\/ca\/wp-json\/wp\/v2\/product_cat?post=2862"},{"taxonomy":"product_tag","embeddable":true,"href":"https:\/\/www.cpl.es\/ca\/wp-json\/wp\/v2\/product_tag?post=2862"}],"curies":[{"name":"wp","href":"https:\/\/api.w.org\/{rel}","templated":true}]}}