{"id":28555,"date":"2026-03-18T10:03:03","date_gmt":"2026-03-18T09:03:03","guid":{"rendered":"https:\/\/www.cpl.es\/producto\/tot-fent-cami-9788491657491\/"},"modified":"2026-03-24T08:24:06","modified_gmt":"2026-03-24T07:24:06","slug":"tot-fent-cami-9788491657491","status":"publish","type":"product","link":"https:\/\/www.cpl.es\/ca\/producto\/tot-fent-cami-9788491657491\/","title":{"rendered":"Tot fent cam\u00ed"},"content":{"rendered":"<p>A Tot fent cam\u00ed, l\u2019autora ens convida a iniciar un viatge, amb la B\u00edblia a les mans, a deixar-nos conduir sense pressa, llegint i meditant el relat de la par\u00e0bola del gra de mostassa. Recorrent aquestes p\u00e0gines amb actitud de pelegr\u00ed, ens trobem amb Jes\u00fas a Galilea, asseguts a prop de l\u2019aigua, entre la gent, expectants i, guiats per l\u2019autora, ens adonarem que Jes\u00fas ens ha fet viure noves experi\u00e8ncies, ens ha obert nous horitzons, ens ha immergit en els misteris del Regne de D\u00e9u. Potser no haurem ent\u00e8s del tot el que ens deia, per\u00f2 la nostra mirada ser\u00e0 m\u00e9s intensa, el nostre pensament s\u2019haur\u00e0 desvetllat i el nostre cor s\u2019haur\u00e0 remogut. <\/p>\n<p>Les paraules del Mestre ens fan reflexionar, ens mouen a fer un di\u00e0leg interior, desvetllen la nostra inquietud per cercar i trobar sentit, ens ajuden a prendre decisions, ens plantegen un canvi en la vida i ens animen a deixar cr\u00e9ixer la petita llavor de fe plantada en nosaltres.<\/p>\n<p><\/p>\n<blockquote><p> \u00abEl llibre que ara teniu a les mans \u2013nascut de la col\u00b7lecci\u00f3 \u201cMashal\u201d i fruit de l\u2019experi\u00e8ncia vital, pastoral i espiritual de l\u2019autora\u2013 \u00e9s una invitaci\u00f3 a fer el mateix cam\u00ed que ella: unitinerari de Paraula i vida, de mirada oberta i cor disponible, per descobrir en la par\u00e0bola del gra de mostassa un resum profund i alhora senzill del dinamisme del Regne de D\u00e9u. Com passa amb totes les coses petites que D\u00e9u tria, en aquestes p\u00e0gines hi ha llavor bona, llavor humil, llavor que pot fer cr\u00e9ixer mestres, catequistes i comunitats senceres\u00bb. Del Pr\u00f2leg de Mn. Joan \u00c1guila<\/p><\/blockquote>\n<p><\/p>\n<p>Maria de l\u2019Esperan\u00e7a Amill i Rocamora (Valls, 1962), mestra i catequista, \u00e9s llicenciada en Psicopedagogia i en Ci\u00e8ncies Religioses. Actualment, \u00e9s directora del Secretariat per a l\u2019Animaci\u00f3 B\u00edblica de la Pastoral de l\u2019Arquebisbat de Tarragona, vicepresidenta de l\u2019Associaci\u00f3 B\u00edblica de Catalunya i professora de l\u2019Institut Superior de Ci\u00e8ncies Religioses Sant Fructu\u00f3s de Tarragona. Catequista atenta a la Paraula, amant de la B\u00edblia, pedagoga de vocaci\u00f3, pelegrina infatigable a Terra Santa, viu el seu comprom\u00eds cristi\u00e0 des del servei a l\u2019animaci\u00f3 b\u00edblica, amb el convenciment que la Paraula de D\u00e9u ha de ser l\u2019aliment real en la pr\u00e0ctica pastoral, una font de renovaci\u00f3 constant en l\u2019Esgl\u00e9sia.<\/p>\n","protected":false},"excerpt":{"rendered":"<p>Amill i Rocamora, Maria de l&#8217;Esperan\u00e7a<\/p>\n","protected":false},"featured_media":28633,"template":"","meta":{"_acf_changed":false,"inline_featured_image":false},"product_brand":[],"product_cat":[33],"product_tag":[],"class_list":{"0":"post-28555","1":"product","2":"type-product","3":"status-publish","4":"has-post-thumbnail","6":"product_cat-catala","8":"first","9":"instock","10":"taxable","11":"shipping-taxable","12":"purchasable","13":"product-type-simple"},"acf":{"autor":"Amill i Rocamora, Maria de l'Esperan\u00e7a","codart":"209052","ediciones":"1","encuadernacion":"R\u00fastica","fecha_de_publicacion":"13\/03\/2026","novedad":false,"paginas":"156","subtitulo":"Fem cr\u00e9ixer la llavor de fe plantada en nosaltres","orden":"999","portada":false,"idioma":"cat","coleccion_num":"0","editorial":[{"ID":6736,"post_author":"2","post_date":"2023-10-06 08:35:24","post_date_gmt":"2023-10-06 06:35:24","post_content":"","post_title":"CPL","post_excerpt":"","post_status":"publish","comment_status":"closed","ping_status":"closed","post_password":"","post_name":"cpl","to_ping":"","pinged":"","post_modified":"2023-10-06 08:35:24","post_modified_gmt":"2023-10-06 06:35:24","post_content_filtered":"","post_parent":0,"guid":"https:\/\/nuevaweb.cpl.es\/editorial\/cpl\/","menu_order":0,"post_type":"editorial","post_mime_type":"","comment_count":"0","filter":"raw"}]},"yoast_head":"<!-- This site is optimized with the Yoast SEO plugin v27.5 - https:\/\/yoast.com\/product\/yoast-seo-wordpress\/ -->\n<title>Tot fent cam\u00ed - CPL<\/title>\n<meta name=\"robots\" content=\"index, follow, max-snippet:-1, max-image-preview:large, max-video-preview:-1\" \/>\n<link rel=\"canonical\" href=\"https:\/\/www.cpl.es\/producto\/tot-fent-cami-9788491657491\/\" \/>\n<meta property=\"og:locale\" content=\"ca_ES\" \/>\n<meta property=\"og:type\" content=\"article\" \/>\n<meta property=\"og:title\" content=\"Tot fent cam\u00ed - CPL\" \/>\n<meta property=\"og:description\" content=\"Amill i Rocamora, Maria de l&#039;Esperan\u00e7a\" \/>\n<meta property=\"og:url\" content=\"https:\/\/www.cpl.es\/producto\/tot-fent-cami-9788491657491\/\" \/>\n<meta property=\"og:site_name\" content=\"CPL\" \/>\n<meta property=\"article:modified_time\" content=\"2026-03-24T07:24:06+00:00\" \/>\n<meta property=\"og:image\" content=\"https:\/\/www.cpl.es\/wp-content\/uploads\/9788491657491-3.jpg\" \/>\n\t<meta property=\"og:image:width\" content=\"195\" \/>\n\t<meta property=\"og:image:height\" content=\"300\" \/>\n\t<meta property=\"og:image:type\" content=\"image\/jpeg\" \/>\n<meta name=\"twitter:card\" content=\"summary_large_image\" \/>\n<meta name=\"twitter:label1\" content=\"Temps estimat de lectura\" \/>\n\t<meta name=\"twitter:data1\" content=\"2 minuts\" \/>\n<script type=\"application\/ld+json\" class=\"yoast-schema-graph\">{\"@context\":\"https:\\\/\\\/schema.org\",\"@graph\":[{\"@type\":\"WebPage\",\"@id\":\"https:\\\/\\\/www.cpl.es\\\/producto\\\/tot-fent-cami-9788491657491\\\/\",\"url\":\"https:\\\/\\\/www.cpl.es\\\/producto\\\/tot-fent-cami-9788491657491\\\/\",\"name\":\"Tot fent cam\u00ed - CPL\",\"isPartOf\":{\"@id\":\"https:\\\/\\\/www.cpl.es\\\/#website\"},\"primaryImageOfPage\":{\"@id\":\"https:\\\/\\\/www.cpl.es\\\/producto\\\/tot-fent-cami-9788491657491\\\/#primaryimage\"},\"image\":{\"@id\":\"https:\\\/\\\/www.cpl.es\\\/producto\\\/tot-fent-cami-9788491657491\\\/#primaryimage\"},\"thumbnailUrl\":\"https:\\\/\\\/www.cpl.es\\\/wp-content\\\/uploads\\\/9788491657491-3.jpg\",\"datePublished\":\"2026-03-18T09:03:03+00:00\",\"dateModified\":\"2026-03-24T07:24:06+00:00\",\"breadcrumb\":{\"@id\":\"https:\\\/\\\/www.cpl.es\\\/producto\\\/tot-fent-cami-9788491657491\\\/#breadcrumb\"},\"inLanguage\":\"ca\",\"potentialAction\":[{\"@type\":\"ReadAction\",\"target\":[\"https:\\\/\\\/www.cpl.es\\\/producto\\\/tot-fent-cami-9788491657491\\\/\"]}]},{\"@type\":\"ImageObject\",\"inLanguage\":\"ca\",\"@id\":\"https:\\\/\\\/www.cpl.es\\\/producto\\\/tot-fent-cami-9788491657491\\\/#primaryimage\",\"url\":\"https:\\\/\\\/www.cpl.es\\\/wp-content\\\/uploads\\\/9788491657491-3.jpg\",\"contentUrl\":\"https:\\\/\\\/www.cpl.es\\\/wp-content\\\/uploads\\\/9788491657491-3.jpg\",\"width\":195,\"height\":300,\"caption\":\"9788491657491.jpg\"},{\"@type\":\"BreadcrumbList\",\"@id\":\"https:\\\/\\\/www.cpl.es\\\/producto\\\/tot-fent-cami-9788491657491\\\/#breadcrumb\",\"itemListElement\":[{\"@type\":\"ListItem\",\"position\":1,\"name\":\"Portada\",\"item\":\"https:\\\/\\\/www.cpl.es\\\/ca\\\/\"},{\"@type\":\"ListItem\",\"position\":2,\"name\":\"Cat\u00e0leg\",\"item\":\"https:\\\/\\\/www.cpl.es\\\/ca\\\/cataleg\\\/\"},{\"@type\":\"ListItem\",\"position\":3,\"name\":\"Tot fent cam\u00ed\"}]},{\"@type\":\"WebSite\",\"@id\":\"https:\\\/\\\/www.cpl.es\\\/#website\",\"url\":\"https:\\\/\\\/www.cpl.es\\\/\",\"name\":\"CPL\",\"description\":\"Centre de Pastoral Lit\u00fargica de Barcelona\",\"publisher\":{\"@id\":\"https:\\\/\\\/www.cpl.es\\\/#organization\"},\"alternateName\":\"Centre de Pastoral Lit\u00fargica\",\"potentialAction\":[{\"@type\":\"SearchAction\",\"target\":{\"@type\":\"EntryPoint\",\"urlTemplate\":\"https:\\\/\\\/www.cpl.es\\\/?s={search_term_string}\"},\"query-input\":{\"@type\":\"PropertyValueSpecification\",\"valueRequired\":true,\"valueName\":\"search_term_string\"}}],\"inLanguage\":\"ca\"},{\"@type\":\"Organization\",\"@id\":\"https:\\\/\\\/www.cpl.es\\\/#organization\",\"name\":\"Centre de Pastoral Lit\u00fargica\",\"alternateName\":\"Centre de Pastoral Lit\u00fargica de Barcelona\",\"url\":\"https:\\\/\\\/www.cpl.es\\\/\",\"logo\":{\"@type\":\"ImageObject\",\"inLanguage\":\"ca\",\"@id\":\"https:\\\/\\\/www.cpl.es\\\/#\\\/schema\\\/logo\\\/image\\\/\",\"url\":\"https:\\\/\\\/www.cpl.es\\\/wp-content\\\/uploads\\\/logo-cpl.svg\",\"contentUrl\":\"https:\\\/\\\/www.cpl.es\\\/wp-content\\\/uploads\\\/logo-cpl.svg\",\"caption\":\"Centre de Pastoral Lit\u00fargica\"},\"image\":{\"@id\":\"https:\\\/\\\/www.cpl.es\\\/#\\\/schema\\\/logo\\\/image\\\/\"}}]}<\/script>\n<!-- \/ Yoast SEO plugin. -->","yoast_head_json":{"title":"Tot fent cam\u00ed - CPL","robots":{"index":"index","follow":"follow","max-snippet":"max-snippet:-1","max-image-preview":"max-image-preview:large","max-video-preview":"max-video-preview:-1"},"canonical":"https:\/\/www.cpl.es\/producto\/tot-fent-cami-9788491657491\/","og_locale":"ca_ES","og_type":"article","og_title":"Tot fent cam\u00ed - CPL","og_description":"Amill i Rocamora, Maria de l'Esperan\u00e7a","og_url":"https:\/\/www.cpl.es\/producto\/tot-fent-cami-9788491657491\/","og_site_name":"CPL","article_modified_time":"2026-03-24T07:24:06+00:00","og_image":[{"width":195,"height":300,"url":"https:\/\/www.cpl.es\/wp-content\/uploads\/9788491657491-3.jpg","type":"image\/jpeg"}],"twitter_card":"summary_large_image","twitter_misc":{"Temps estimat de lectura":"2 minuts"},"schema":{"@context":"https:\/\/schema.org","@graph":[{"@type":"WebPage","@id":"https:\/\/www.cpl.es\/producto\/tot-fent-cami-9788491657491\/","url":"https:\/\/www.cpl.es\/producto\/tot-fent-cami-9788491657491\/","name":"Tot fent cam\u00ed - CPL","isPartOf":{"@id":"https:\/\/www.cpl.es\/#website"},"primaryImageOfPage":{"@id":"https:\/\/www.cpl.es\/producto\/tot-fent-cami-9788491657491\/#primaryimage"},"image":{"@id":"https:\/\/www.cpl.es\/producto\/tot-fent-cami-9788491657491\/#primaryimage"},"thumbnailUrl":"https:\/\/www.cpl.es\/wp-content\/uploads\/9788491657491-3.jpg","datePublished":"2026-03-18T09:03:03+00:00","dateModified":"2026-03-24T07:24:06+00:00","breadcrumb":{"@id":"https:\/\/www.cpl.es\/producto\/tot-fent-cami-9788491657491\/#breadcrumb"},"inLanguage":"ca","potentialAction":[{"@type":"ReadAction","target":["https:\/\/www.cpl.es\/producto\/tot-fent-cami-9788491657491\/"]}]},{"@type":"ImageObject","inLanguage":"ca","@id":"https:\/\/www.cpl.es\/producto\/tot-fent-cami-9788491657491\/#primaryimage","url":"https:\/\/www.cpl.es\/wp-content\/uploads\/9788491657491-3.jpg","contentUrl":"https:\/\/www.cpl.es\/wp-content\/uploads\/9788491657491-3.jpg","width":195,"height":300,"caption":"9788491657491.jpg"},{"@type":"BreadcrumbList","@id":"https:\/\/www.cpl.es\/producto\/tot-fent-cami-9788491657491\/#breadcrumb","itemListElement":[{"@type":"ListItem","position":1,"name":"Portada","item":"https:\/\/www.cpl.es\/ca\/"},{"@type":"ListItem","position":2,"name":"Cat\u00e0leg","item":"https:\/\/www.cpl.es\/ca\/cataleg\/"},{"@type":"ListItem","position":3,"name":"Tot fent cam\u00ed"}]},{"@type":"WebSite","@id":"https:\/\/www.cpl.es\/#website","url":"https:\/\/www.cpl.es\/","name":"CPL","description":"Centre de Pastoral Lit\u00fargica de Barcelona","publisher":{"@id":"https:\/\/www.cpl.es\/#organization"},"alternateName":"Centre de Pastoral Lit\u00fargica","potentialAction":[{"@type":"SearchAction","target":{"@type":"EntryPoint","urlTemplate":"https:\/\/www.cpl.es\/?s={search_term_string}"},"query-input":{"@type":"PropertyValueSpecification","valueRequired":true,"valueName":"search_term_string"}}],"inLanguage":"ca"},{"@type":"Organization","@id":"https:\/\/www.cpl.es\/#organization","name":"Centre de Pastoral Lit\u00fargica","alternateName":"Centre de Pastoral Lit\u00fargica de Barcelona","url":"https:\/\/www.cpl.es\/","logo":{"@type":"ImageObject","inLanguage":"ca","@id":"https:\/\/www.cpl.es\/#\/schema\/logo\/image\/","url":"https:\/\/www.cpl.es\/wp-content\/uploads\/logo-cpl.svg","contentUrl":"https:\/\/www.cpl.es\/wp-content\/uploads\/logo-cpl.svg","caption":"Centre de Pastoral Lit\u00fargica"},"image":{"@id":"https:\/\/www.cpl.es\/#\/schema\/logo\/image\/"}}]}},"_links":{"self":[{"href":"https:\/\/www.cpl.es\/ca\/wp-json\/wp\/v2\/product\/28555","targetHints":{"allow":["GET"]}}],"collection":[{"href":"https:\/\/www.cpl.es\/ca\/wp-json\/wp\/v2\/product"}],"about":[{"href":"https:\/\/www.cpl.es\/ca\/wp-json\/wp\/v2\/types\/product"}],"wp:featuredmedia":[{"embeddable":true,"href":"https:\/\/www.cpl.es\/ca\/wp-json\/wp\/v2\/media\/28633"}],"wp:attachment":[{"href":"https:\/\/www.cpl.es\/ca\/wp-json\/wp\/v2\/media?parent=28555"}],"wp:term":[{"taxonomy":"product_brand","embeddable":true,"href":"https:\/\/www.cpl.es\/ca\/wp-json\/wp\/v2\/product_brand?post=28555"},{"taxonomy":"product_cat","embeddable":true,"href":"https:\/\/www.cpl.es\/ca\/wp-json\/wp\/v2\/product_cat?post=28555"},{"taxonomy":"product_tag","embeddable":true,"href":"https:\/\/www.cpl.es\/ca\/wp-json\/wp\/v2\/product_tag?post=28555"}],"curies":[{"name":"wp","href":"https:\/\/api.w.org\/{rel}","templated":true}]}}