{"id":2823,"date":"2023-10-04T01:53:42","date_gmt":"2023-10-03T23:53:42","guid":{"rendered":"https:\/\/nuevaweb.cpl.es\/producto\/soc-a-la-porta-i-truco-una-proposta-per-als-joves-9788498055771\/"},"modified":"2026-02-12T17:53:15","modified_gmt":"2026-02-12T16:53:15","slug":"soc-a-la-porta-i-truco-una-proposta-per-als-joves-9788498055771","status":"publish","type":"product","link":"https:\/\/www.cpl.es\/ca\/producto\/soc-a-la-porta-i-truco-una-proposta-per-als-joves-9788498055771\/","title":{"rendered":"&#8216;S\u00f3c a la porta i truco&#8230;&#8217; Una proposta per als joves"},"content":{"rendered":"<p>Acostar-se a Jes\u00fas, con\u00e8ixer Jes\u00fas, deixar que Jes\u00fas entri a casa. Aquesta \u00e9s la proposta que aquest llibre fa per a qui vulgui aprofitar-la. A trav\u00e9s d\u2019un seguit d\u2019escenes evang\u00e8liques, i ajudats per una reflexi\u00f3 que acosta aquestes escenes a la nostra vida, d\u2019unes preguntes que ens obliguen a concretar i d\u2019una preg\u00e0ria que ens obre al di\u00e0leg amb Jes\u00fas mateix, anem descobrint qui \u00e9s Jes\u00fas per a nosaltres i quines s\u00f3n les riqueses que pot aportar a la nostra vida.<br \/>Ser jove \u00e9s una espl\u00e8ndida oportunitat que no es repetir\u00e0, i que cal saber aprofitar al m\u00e0xim. I una de les maneres que aquest aprofitament sigui molt m\u00e9s ple \u00e9s obrir-li la porta a Jes\u00fas que truca, deixar-lo entrar a casa, i compartir amb ell la vida. A aix\u00f2 ens vol ajudar aquest llibre. Els autors, consiliaris del Moviment de Joves Cristians de Comarques (JARC) ens guien en aquesta cam\u00ed i aquesta recerca, a partir d\u2019una \u00e0mplia i profunda experi\u00e8ncia en l\u2019acompanyament cristi\u00e0 de molts i molts joves.<\/p>\n","protected":false},"excerpt":{"rendered":"<p>Consiliaris del Moviment de Joves Cristians de Comarques<\/p>\n","protected":false},"featured_media":2824,"template":"","meta":{"_acf_changed":false,"inline_featured_image":false},"product_brand":[],"product_cat":[82,73,88],"product_tag":[],"class_list":{"0":"post-2823","1":"product","2":"type-product","3":"status-publish","4":"has-post-thumbnail","6":"product_cat-biblia-per-temes-catala","7":"product_cat-emaus-colleccions-catala","8":"product_cat-espiritualitat","10":"first","11":"instock","12":"taxable","13":"shipping-taxable","14":"purchasable","15":"product-type-simple"},"acf":{"autor":"Consiliaris del Moviment de Joves Cristians de Comarques","codart":"208105","ediciones":"1","encuadernacion":"R\u00fastica","fecha_de_publicacion":"27\/10\/2017","novedad":false,"paginas":"96","subtitulo":"","orden":"999","portada":false,"idioma":"cat","editorial":[{"ID":6736,"post_author":"2","post_date":"2023-10-06 08:35:24","post_date_gmt":"2023-10-06 06:35:24","post_content":"","post_title":"CPL","post_excerpt":"","post_status":"publish","comment_status":"closed","ping_status":"closed","post_password":"","post_name":"cpl","to_ping":"","pinged":"","post_modified":"2023-10-06 08:35:24","post_modified_gmt":"2023-10-06 06:35:24","post_content_filtered":"","post_parent":0,"guid":"https:\/\/nuevaweb.cpl.es\/editorial\/cpl\/","menu_order":0,"post_type":"editorial","post_mime_type":"","comment_count":"0","filter":"raw"}],"coleccion_num":"105"},"yoast_head":"<!-- This site is optimized with the Yoast SEO plugin v27.3 - https:\/\/yoast.com\/product\/yoast-seo-wordpress\/ -->\n<title>&#039;S\u00f3c a la porta i truco...&#039; Una proposta per als joves - CPL<\/title>\n<meta name=\"robots\" content=\"index, follow, max-snippet:-1, max-image-preview:large, max-video-preview:-1\" \/>\n<link rel=\"canonical\" href=\"https:\/\/www.cpl.es\/producto\/soc-a-la-porta-i-truco-una-proposta-per-als-joves-9788498055771\/\" \/>\n<meta property=\"og:locale\" content=\"ca_ES\" \/>\n<meta property=\"og:type\" content=\"article\" \/>\n<meta property=\"og:title\" content=\"&#039;S\u00f3c a la porta i truco...&#039; Una proposta per als joves - CPL\" \/>\n<meta property=\"og:description\" content=\"Consiliaris del Moviment de Joves Cristians de Comarques\" \/>\n<meta property=\"og:url\" content=\"https:\/\/www.cpl.es\/producto\/soc-a-la-porta-i-truco-una-proposta-per-als-joves-9788498055771\/\" \/>\n<meta property=\"og:site_name\" content=\"CPL\" \/>\n<meta property=\"article:modified_time\" content=\"2026-02-12T16:53:15+00:00\" \/>\n<meta property=\"og:image\" content=\"https:\/\/www.cpl.es\/wp-content\/uploads\/208105.jpg\" \/>\n\t<meta property=\"og:image:width\" content=\"353\" \/>\n\t<meta property=\"og:image:height\" content=\"552\" \/>\n\t<meta property=\"og:image:type\" content=\"image\/jpeg\" \/>\n<meta name=\"twitter:card\" content=\"summary_large_image\" \/>\n<meta name=\"twitter:label1\" content=\"Temps estimat de lectura\" \/>\n\t<meta name=\"twitter:data1\" content=\"1 minut\" \/>\n<script type=\"application\/ld+json\" class=\"yoast-schema-graph\">{\"@context\":\"https:\\\/\\\/schema.org\",\"@graph\":[{\"@type\":\"WebPage\",\"@id\":\"https:\\\/\\\/www.cpl.es\\\/producto\\\/soc-a-la-porta-i-truco-una-proposta-per-als-joves-9788498055771\\\/\",\"url\":\"https:\\\/\\\/www.cpl.es\\\/producto\\\/soc-a-la-porta-i-truco-una-proposta-per-als-joves-9788498055771\\\/\",\"name\":\"'S\u00f3c a la porta i truco...' Una proposta per als joves - CPL\",\"isPartOf\":{\"@id\":\"https:\\\/\\\/www.cpl.es\\\/#website\"},\"primaryImageOfPage\":{\"@id\":\"https:\\\/\\\/www.cpl.es\\\/producto\\\/soc-a-la-porta-i-truco-una-proposta-per-als-joves-9788498055771\\\/#primaryimage\"},\"image\":{\"@id\":\"https:\\\/\\\/www.cpl.es\\\/producto\\\/soc-a-la-porta-i-truco-una-proposta-per-als-joves-9788498055771\\\/#primaryimage\"},\"thumbnailUrl\":\"https:\\\/\\\/www.cpl.es\\\/wp-content\\\/uploads\\\/208105.jpg\",\"datePublished\":\"2023-10-03T23:53:42+00:00\",\"dateModified\":\"2026-02-12T16:53:15+00:00\",\"breadcrumb\":{\"@id\":\"https:\\\/\\\/www.cpl.es\\\/producto\\\/soc-a-la-porta-i-truco-una-proposta-per-als-joves-9788498055771\\\/#breadcrumb\"},\"inLanguage\":\"ca\",\"potentialAction\":[{\"@type\":\"ReadAction\",\"target\":[\"https:\\\/\\\/www.cpl.es\\\/producto\\\/soc-a-la-porta-i-truco-una-proposta-per-als-joves-9788498055771\\\/\"]}]},{\"@type\":\"ImageObject\",\"inLanguage\":\"ca\",\"@id\":\"https:\\\/\\\/www.cpl.es\\\/producto\\\/soc-a-la-porta-i-truco-una-proposta-per-als-joves-9788498055771\\\/#primaryimage\",\"url\":\"https:\\\/\\\/www.cpl.es\\\/wp-content\\\/uploads\\\/208105.jpg\",\"contentUrl\":\"https:\\\/\\\/www.cpl.es\\\/wp-content\\\/uploads\\\/208105.jpg\",\"width\":353,\"height\":552,\"caption\":\"208105.jpg\"},{\"@type\":\"BreadcrumbList\",\"@id\":\"https:\\\/\\\/www.cpl.es\\\/producto\\\/soc-a-la-porta-i-truco-una-proposta-per-als-joves-9788498055771\\\/#breadcrumb\",\"itemListElement\":[{\"@type\":\"ListItem\",\"position\":1,\"name\":\"Portada\",\"item\":\"https:\\\/\\\/www.cpl.es\\\/ca\\\/\"},{\"@type\":\"ListItem\",\"position\":2,\"name\":\"Cat\u00e0leg\",\"item\":\"https:\\\/\\\/www.cpl.es\\\/ca\\\/cataleg\\\/\"},{\"@type\":\"ListItem\",\"position\":3,\"name\":\"&#8216;S\u00f3c a la porta i truco&#8230;&#8217; Una proposta per als joves\"}]},{\"@type\":\"WebSite\",\"@id\":\"https:\\\/\\\/www.cpl.es\\\/#website\",\"url\":\"https:\\\/\\\/www.cpl.es\\\/\",\"name\":\"CPL\",\"description\":\"Centre de Pastoral Lit\u00fargica de Barcelona\",\"publisher\":{\"@id\":\"https:\\\/\\\/www.cpl.es\\\/#organization\"},\"alternateName\":\"Centre de Pastoral Lit\u00fargica\",\"potentialAction\":[{\"@type\":\"SearchAction\",\"target\":{\"@type\":\"EntryPoint\",\"urlTemplate\":\"https:\\\/\\\/www.cpl.es\\\/?s={search_term_string}\"},\"query-input\":{\"@type\":\"PropertyValueSpecification\",\"valueRequired\":true,\"valueName\":\"search_term_string\"}}],\"inLanguage\":\"ca\"},{\"@type\":\"Organization\",\"@id\":\"https:\\\/\\\/www.cpl.es\\\/#organization\",\"name\":\"Centre de Pastoral Lit\u00fargica\",\"alternateName\":\"Centre de Pastoral Lit\u00fargica de Barcelona\",\"url\":\"https:\\\/\\\/www.cpl.es\\\/\",\"logo\":{\"@type\":\"ImageObject\",\"inLanguage\":\"ca\",\"@id\":\"https:\\\/\\\/www.cpl.es\\\/#\\\/schema\\\/logo\\\/image\\\/\",\"url\":\"https:\\\/\\\/www.cpl.es\\\/wp-content\\\/uploads\\\/logo-cpl.svg\",\"contentUrl\":\"https:\\\/\\\/www.cpl.es\\\/wp-content\\\/uploads\\\/logo-cpl.svg\",\"caption\":\"Centre de Pastoral Lit\u00fargica\"},\"image\":{\"@id\":\"https:\\\/\\\/www.cpl.es\\\/#\\\/schema\\\/logo\\\/image\\\/\"}}]}<\/script>\n<!-- \/ Yoast SEO plugin. -->","yoast_head_json":{"title":"'S\u00f3c a la porta i truco...' Una proposta per als joves - CPL","robots":{"index":"index","follow":"follow","max-snippet":"max-snippet:-1","max-image-preview":"max-image-preview:large","max-video-preview":"max-video-preview:-1"},"canonical":"https:\/\/www.cpl.es\/producto\/soc-a-la-porta-i-truco-una-proposta-per-als-joves-9788498055771\/","og_locale":"ca_ES","og_type":"article","og_title":"'S\u00f3c a la porta i truco...' Una proposta per als joves - CPL","og_description":"Consiliaris del Moviment de Joves Cristians de Comarques","og_url":"https:\/\/www.cpl.es\/producto\/soc-a-la-porta-i-truco-una-proposta-per-als-joves-9788498055771\/","og_site_name":"CPL","article_modified_time":"2026-02-12T16:53:15+00:00","og_image":[{"width":353,"height":552,"url":"https:\/\/www.cpl.es\/wp-content\/uploads\/208105.jpg","type":"image\/jpeg"}],"twitter_card":"summary_large_image","twitter_misc":{"Temps estimat de lectura":"1 minut"},"schema":{"@context":"https:\/\/schema.org","@graph":[{"@type":"WebPage","@id":"https:\/\/www.cpl.es\/producto\/soc-a-la-porta-i-truco-una-proposta-per-als-joves-9788498055771\/","url":"https:\/\/www.cpl.es\/producto\/soc-a-la-porta-i-truco-una-proposta-per-als-joves-9788498055771\/","name":"'S\u00f3c a la porta i truco...' Una proposta per als joves - CPL","isPartOf":{"@id":"https:\/\/www.cpl.es\/#website"},"primaryImageOfPage":{"@id":"https:\/\/www.cpl.es\/producto\/soc-a-la-porta-i-truco-una-proposta-per-als-joves-9788498055771\/#primaryimage"},"image":{"@id":"https:\/\/www.cpl.es\/producto\/soc-a-la-porta-i-truco-una-proposta-per-als-joves-9788498055771\/#primaryimage"},"thumbnailUrl":"https:\/\/www.cpl.es\/wp-content\/uploads\/208105.jpg","datePublished":"2023-10-03T23:53:42+00:00","dateModified":"2026-02-12T16:53:15+00:00","breadcrumb":{"@id":"https:\/\/www.cpl.es\/producto\/soc-a-la-porta-i-truco-una-proposta-per-als-joves-9788498055771\/#breadcrumb"},"inLanguage":"ca","potentialAction":[{"@type":"ReadAction","target":["https:\/\/www.cpl.es\/producto\/soc-a-la-porta-i-truco-una-proposta-per-als-joves-9788498055771\/"]}]},{"@type":"ImageObject","inLanguage":"ca","@id":"https:\/\/www.cpl.es\/producto\/soc-a-la-porta-i-truco-una-proposta-per-als-joves-9788498055771\/#primaryimage","url":"https:\/\/www.cpl.es\/wp-content\/uploads\/208105.jpg","contentUrl":"https:\/\/www.cpl.es\/wp-content\/uploads\/208105.jpg","width":353,"height":552,"caption":"208105.jpg"},{"@type":"BreadcrumbList","@id":"https:\/\/www.cpl.es\/producto\/soc-a-la-porta-i-truco-una-proposta-per-als-joves-9788498055771\/#breadcrumb","itemListElement":[{"@type":"ListItem","position":1,"name":"Portada","item":"https:\/\/www.cpl.es\/ca\/"},{"@type":"ListItem","position":2,"name":"Cat\u00e0leg","item":"https:\/\/www.cpl.es\/ca\/cataleg\/"},{"@type":"ListItem","position":3,"name":"&#8216;S\u00f3c a la porta i truco&#8230;&#8217; Una proposta per als joves"}]},{"@type":"WebSite","@id":"https:\/\/www.cpl.es\/#website","url":"https:\/\/www.cpl.es\/","name":"CPL","description":"Centre de Pastoral Lit\u00fargica de Barcelona","publisher":{"@id":"https:\/\/www.cpl.es\/#organization"},"alternateName":"Centre de Pastoral Lit\u00fargica","potentialAction":[{"@type":"SearchAction","target":{"@type":"EntryPoint","urlTemplate":"https:\/\/www.cpl.es\/?s={search_term_string}"},"query-input":{"@type":"PropertyValueSpecification","valueRequired":true,"valueName":"search_term_string"}}],"inLanguage":"ca"},{"@type":"Organization","@id":"https:\/\/www.cpl.es\/#organization","name":"Centre de Pastoral Lit\u00fargica","alternateName":"Centre de Pastoral Lit\u00fargica de Barcelona","url":"https:\/\/www.cpl.es\/","logo":{"@type":"ImageObject","inLanguage":"ca","@id":"https:\/\/www.cpl.es\/#\/schema\/logo\/image\/","url":"https:\/\/www.cpl.es\/wp-content\/uploads\/logo-cpl.svg","contentUrl":"https:\/\/www.cpl.es\/wp-content\/uploads\/logo-cpl.svg","caption":"Centre de Pastoral Lit\u00fargica"},"image":{"@id":"https:\/\/www.cpl.es\/#\/schema\/logo\/image\/"}}]}},"_links":{"self":[{"href":"https:\/\/www.cpl.es\/ca\/wp-json\/wp\/v2\/product\/2823","targetHints":{"allow":["GET"]}}],"collection":[{"href":"https:\/\/www.cpl.es\/ca\/wp-json\/wp\/v2\/product"}],"about":[{"href":"https:\/\/www.cpl.es\/ca\/wp-json\/wp\/v2\/types\/product"}],"wp:featuredmedia":[{"embeddable":true,"href":"https:\/\/www.cpl.es\/ca\/wp-json\/wp\/v2\/media\/2824"}],"wp:attachment":[{"href":"https:\/\/www.cpl.es\/ca\/wp-json\/wp\/v2\/media?parent=2823"}],"wp:term":[{"taxonomy":"product_brand","embeddable":true,"href":"https:\/\/www.cpl.es\/ca\/wp-json\/wp\/v2\/product_brand?post=2823"},{"taxonomy":"product_cat","embeddable":true,"href":"https:\/\/www.cpl.es\/ca\/wp-json\/wp\/v2\/product_cat?post=2823"},{"taxonomy":"product_tag","embeddable":true,"href":"https:\/\/www.cpl.es\/ca\/wp-json\/wp\/v2\/product_tag?post=2823"}],"curies":[{"name":"wp","href":"https:\/\/api.w.org\/{rel}","templated":true}]}}