{"id":2820,"date":"2023-10-04T01:53:37","date_gmt":"2023-10-03T23:53:37","guid":{"rendered":"https:\/\/nuevaweb.cpl.es\/producto\/la-joc-un-missatge-viu-9788498055764\/"},"modified":"2026-02-12T17:53:12","modified_gmt":"2026-02-12T16:53:12","slug":"la-joc-un-missatge-viu-9788498055764","status":"publish","type":"product","link":"https:\/\/www.cpl.es\/ca\/producto\/la-joc-un-missatge-viu-9788498055764\/","title":{"rendered":"La JOC, un missatge viu"},"content":{"rendered":"<p>La situaci\u00f3 de la joventut obrera belga de principis del segle XX va moure el capell\u00e0 Joseph Cardijn a treballar per acostar la fe cristiana a la realitat de dolor i injust\u00edcia que destrossava els joves. I ho va fer amb el convenciment que sense un profund arrelament a la vida no seria possible fer n\u00e9ixer una aut\u00e8ntica experi\u00e8ncia cristiana, ni ho seria tampoc si no eren els propis joves els qui prenien en les seves mans aquesta tasca evangelitzadora. Aix\u00ed \u00e9s com va n\u00e9ixer la JOC, la Joventut Obrera Cristiana, i aix\u00ed \u00e9s com va n\u00e9ixer tamb\u00e9 un m\u00e8tode de treball que ha marcat l\u2019acci\u00f3 pastoral de l\u2019Esgl\u00e9sia molt m\u00e9s enll\u00e0 dels l\u00edmits estrictes en qu\u00e8 va n\u00e9ixer. Aquest llibre recull els textos b\u00e0sics que fan entendre tot el que aix\u00f2 significa.<br \/>Joseph Cardijn (Shaerbeek, 1882 \u2013 Lovaina, 1967) va ser ordenat prevere el 1906 i el 1915 el seu bisbe, el cardenal Mercier, li va encomanar dedicar-se de ple a tasques de pastoral social i juvenil. L\u2019any 1924 va fundar la JOC, que es va estendre arreu del m\u00f3n. Poc abans de morir, Pau VI li va recon\u00e8ixer la tasca creant-lo cardenal.<\/p>\n","protected":false},"excerpt":{"rendered":"<p>Cardijn, Joseph<\/p>\n","protected":false},"featured_media":2821,"template":"","meta":{"_acf_changed":false,"inline_featured_image":false},"product_brand":[],"product_cat":[73,88],"product_tag":[],"class_list":{"0":"post-2820","1":"product","2":"type-product","3":"status-publish","4":"has-post-thumbnail","6":"product_cat-emaus-colleccions-catala","7":"product_cat-espiritualitat","9":"first","10":"instock","11":"taxable","12":"shipping-taxable","13":"purchasable","14":"product-type-simple"},"acf":{"autor":"Cardijn, Joseph","codart":"208104","ediciones":"1","encuadernacion":"R\u00fastica","fecha_de_publicacion":"24\/09\/2012","novedad":false,"paginas":"140","subtitulo":"","orden":"999","portada":false,"idioma":"cat","editorial":[{"ID":6736,"post_author":"2","post_date":"2023-10-06 08:35:24","post_date_gmt":"2023-10-06 06:35:24","post_content":"","post_title":"CPL","post_excerpt":"","post_status":"publish","comment_status":"closed","ping_status":"closed","post_password":"","post_name":"cpl","to_ping":"","pinged":"","post_modified":"2023-10-06 08:35:24","post_modified_gmt":"2023-10-06 06:35:24","post_content_filtered":"","post_parent":0,"guid":"https:\/\/nuevaweb.cpl.es\/editorial\/cpl\/","menu_order":0,"post_type":"editorial","post_mime_type":"","comment_count":"0","filter":"raw"}],"coleccion_num":"104"},"yoast_head":"<!-- This site is optimized with the Yoast SEO plugin v27.3 - https:\/\/yoast.com\/product\/yoast-seo-wordpress\/ -->\n<title>La JOC, un missatge viu - CPL<\/title>\n<meta name=\"robots\" content=\"index, follow, max-snippet:-1, max-image-preview:large, max-video-preview:-1\" \/>\n<link rel=\"canonical\" href=\"https:\/\/www.cpl.es\/producto\/la-joc-un-missatge-viu-9788498055764\/\" \/>\n<meta property=\"og:locale\" content=\"ca_ES\" \/>\n<meta property=\"og:type\" content=\"article\" \/>\n<meta property=\"og:title\" content=\"La JOC, un missatge viu - CPL\" \/>\n<meta property=\"og:description\" content=\"Cardijn, Joseph\" \/>\n<meta property=\"og:url\" content=\"https:\/\/www.cpl.es\/producto\/la-joc-un-missatge-viu-9788498055764\/\" \/>\n<meta property=\"og:site_name\" content=\"CPL\" \/>\n<meta property=\"article:modified_time\" content=\"2026-02-12T16:53:12+00:00\" \/>\n<meta property=\"og:image\" content=\"https:\/\/www.cpl.es\/wp-content\/uploads\/208104.jpg\" \/>\n\t<meta property=\"og:image:width\" content=\"356\" \/>\n\t<meta property=\"og:image:height\" content=\"554\" \/>\n\t<meta property=\"og:image:type\" content=\"image\/jpeg\" \/>\n<meta name=\"twitter:card\" content=\"summary_large_image\" \/>\n<meta name=\"twitter:label1\" content=\"Temps estimat de lectura\" \/>\n\t<meta name=\"twitter:data1\" content=\"1 minut\" \/>\n<script type=\"application\/ld+json\" class=\"yoast-schema-graph\">{\"@context\":\"https:\\\/\\\/schema.org\",\"@graph\":[{\"@type\":\"WebPage\",\"@id\":\"https:\\\/\\\/www.cpl.es\\\/producto\\\/la-joc-un-missatge-viu-9788498055764\\\/\",\"url\":\"https:\\\/\\\/www.cpl.es\\\/producto\\\/la-joc-un-missatge-viu-9788498055764\\\/\",\"name\":\"La JOC, un missatge viu - CPL\",\"isPartOf\":{\"@id\":\"https:\\\/\\\/www.cpl.es\\\/#website\"},\"primaryImageOfPage\":{\"@id\":\"https:\\\/\\\/www.cpl.es\\\/producto\\\/la-joc-un-missatge-viu-9788498055764\\\/#primaryimage\"},\"image\":{\"@id\":\"https:\\\/\\\/www.cpl.es\\\/producto\\\/la-joc-un-missatge-viu-9788498055764\\\/#primaryimage\"},\"thumbnailUrl\":\"https:\\\/\\\/www.cpl.es\\\/wp-content\\\/uploads\\\/208104.jpg\",\"datePublished\":\"2023-10-03T23:53:37+00:00\",\"dateModified\":\"2026-02-12T16:53:12+00:00\",\"breadcrumb\":{\"@id\":\"https:\\\/\\\/www.cpl.es\\\/producto\\\/la-joc-un-missatge-viu-9788498055764\\\/#breadcrumb\"},\"inLanguage\":\"ca\",\"potentialAction\":[{\"@type\":\"ReadAction\",\"target\":[\"https:\\\/\\\/www.cpl.es\\\/producto\\\/la-joc-un-missatge-viu-9788498055764\\\/\"]}]},{\"@type\":\"ImageObject\",\"inLanguage\":\"ca\",\"@id\":\"https:\\\/\\\/www.cpl.es\\\/producto\\\/la-joc-un-missatge-viu-9788498055764\\\/#primaryimage\",\"url\":\"https:\\\/\\\/www.cpl.es\\\/wp-content\\\/uploads\\\/208104.jpg\",\"contentUrl\":\"https:\\\/\\\/www.cpl.es\\\/wp-content\\\/uploads\\\/208104.jpg\",\"width\":356,\"height\":554,\"caption\":\"208104.jpg\"},{\"@type\":\"BreadcrumbList\",\"@id\":\"https:\\\/\\\/www.cpl.es\\\/producto\\\/la-joc-un-missatge-viu-9788498055764\\\/#breadcrumb\",\"itemListElement\":[{\"@type\":\"ListItem\",\"position\":1,\"name\":\"Portada\",\"item\":\"https:\\\/\\\/www.cpl.es\\\/ca\\\/\"},{\"@type\":\"ListItem\",\"position\":2,\"name\":\"Cat\u00e0leg\",\"item\":\"https:\\\/\\\/www.cpl.es\\\/ca\\\/cataleg\\\/\"},{\"@type\":\"ListItem\",\"position\":3,\"name\":\"La JOC, un missatge viu\"}]},{\"@type\":\"WebSite\",\"@id\":\"https:\\\/\\\/www.cpl.es\\\/#website\",\"url\":\"https:\\\/\\\/www.cpl.es\\\/\",\"name\":\"CPL\",\"description\":\"Centre de Pastoral Lit\u00fargica de Barcelona\",\"publisher\":{\"@id\":\"https:\\\/\\\/www.cpl.es\\\/#organization\"},\"alternateName\":\"Centre de Pastoral Lit\u00fargica\",\"potentialAction\":[{\"@type\":\"SearchAction\",\"target\":{\"@type\":\"EntryPoint\",\"urlTemplate\":\"https:\\\/\\\/www.cpl.es\\\/?s={search_term_string}\"},\"query-input\":{\"@type\":\"PropertyValueSpecification\",\"valueRequired\":true,\"valueName\":\"search_term_string\"}}],\"inLanguage\":\"ca\"},{\"@type\":\"Organization\",\"@id\":\"https:\\\/\\\/www.cpl.es\\\/#organization\",\"name\":\"Centre de Pastoral Lit\u00fargica\",\"alternateName\":\"Centre de Pastoral Lit\u00fargica de Barcelona\",\"url\":\"https:\\\/\\\/www.cpl.es\\\/\",\"logo\":{\"@type\":\"ImageObject\",\"inLanguage\":\"ca\",\"@id\":\"https:\\\/\\\/www.cpl.es\\\/#\\\/schema\\\/logo\\\/image\\\/\",\"url\":\"https:\\\/\\\/www.cpl.es\\\/wp-content\\\/uploads\\\/logo-cpl.svg\",\"contentUrl\":\"https:\\\/\\\/www.cpl.es\\\/wp-content\\\/uploads\\\/logo-cpl.svg\",\"caption\":\"Centre de Pastoral Lit\u00fargica\"},\"image\":{\"@id\":\"https:\\\/\\\/www.cpl.es\\\/#\\\/schema\\\/logo\\\/image\\\/\"}}]}<\/script>\n<!-- \/ Yoast SEO plugin. -->","yoast_head_json":{"title":"La JOC, un missatge viu - CPL","robots":{"index":"index","follow":"follow","max-snippet":"max-snippet:-1","max-image-preview":"max-image-preview:large","max-video-preview":"max-video-preview:-1"},"canonical":"https:\/\/www.cpl.es\/producto\/la-joc-un-missatge-viu-9788498055764\/","og_locale":"ca_ES","og_type":"article","og_title":"La JOC, un missatge viu - CPL","og_description":"Cardijn, Joseph","og_url":"https:\/\/www.cpl.es\/producto\/la-joc-un-missatge-viu-9788498055764\/","og_site_name":"CPL","article_modified_time":"2026-02-12T16:53:12+00:00","og_image":[{"width":356,"height":554,"url":"https:\/\/www.cpl.es\/wp-content\/uploads\/208104.jpg","type":"image\/jpeg"}],"twitter_card":"summary_large_image","twitter_misc":{"Temps estimat de lectura":"1 minut"},"schema":{"@context":"https:\/\/schema.org","@graph":[{"@type":"WebPage","@id":"https:\/\/www.cpl.es\/producto\/la-joc-un-missatge-viu-9788498055764\/","url":"https:\/\/www.cpl.es\/producto\/la-joc-un-missatge-viu-9788498055764\/","name":"La JOC, un missatge viu - CPL","isPartOf":{"@id":"https:\/\/www.cpl.es\/#website"},"primaryImageOfPage":{"@id":"https:\/\/www.cpl.es\/producto\/la-joc-un-missatge-viu-9788498055764\/#primaryimage"},"image":{"@id":"https:\/\/www.cpl.es\/producto\/la-joc-un-missatge-viu-9788498055764\/#primaryimage"},"thumbnailUrl":"https:\/\/www.cpl.es\/wp-content\/uploads\/208104.jpg","datePublished":"2023-10-03T23:53:37+00:00","dateModified":"2026-02-12T16:53:12+00:00","breadcrumb":{"@id":"https:\/\/www.cpl.es\/producto\/la-joc-un-missatge-viu-9788498055764\/#breadcrumb"},"inLanguage":"ca","potentialAction":[{"@type":"ReadAction","target":["https:\/\/www.cpl.es\/producto\/la-joc-un-missatge-viu-9788498055764\/"]}]},{"@type":"ImageObject","inLanguage":"ca","@id":"https:\/\/www.cpl.es\/producto\/la-joc-un-missatge-viu-9788498055764\/#primaryimage","url":"https:\/\/www.cpl.es\/wp-content\/uploads\/208104.jpg","contentUrl":"https:\/\/www.cpl.es\/wp-content\/uploads\/208104.jpg","width":356,"height":554,"caption":"208104.jpg"},{"@type":"BreadcrumbList","@id":"https:\/\/www.cpl.es\/producto\/la-joc-un-missatge-viu-9788498055764\/#breadcrumb","itemListElement":[{"@type":"ListItem","position":1,"name":"Portada","item":"https:\/\/www.cpl.es\/ca\/"},{"@type":"ListItem","position":2,"name":"Cat\u00e0leg","item":"https:\/\/www.cpl.es\/ca\/cataleg\/"},{"@type":"ListItem","position":3,"name":"La JOC, un missatge viu"}]},{"@type":"WebSite","@id":"https:\/\/www.cpl.es\/#website","url":"https:\/\/www.cpl.es\/","name":"CPL","description":"Centre de Pastoral Lit\u00fargica de Barcelona","publisher":{"@id":"https:\/\/www.cpl.es\/#organization"},"alternateName":"Centre de Pastoral Lit\u00fargica","potentialAction":[{"@type":"SearchAction","target":{"@type":"EntryPoint","urlTemplate":"https:\/\/www.cpl.es\/?s={search_term_string}"},"query-input":{"@type":"PropertyValueSpecification","valueRequired":true,"valueName":"search_term_string"}}],"inLanguage":"ca"},{"@type":"Organization","@id":"https:\/\/www.cpl.es\/#organization","name":"Centre de Pastoral Lit\u00fargica","alternateName":"Centre de Pastoral Lit\u00fargica de Barcelona","url":"https:\/\/www.cpl.es\/","logo":{"@type":"ImageObject","inLanguage":"ca","@id":"https:\/\/www.cpl.es\/#\/schema\/logo\/image\/","url":"https:\/\/www.cpl.es\/wp-content\/uploads\/logo-cpl.svg","contentUrl":"https:\/\/www.cpl.es\/wp-content\/uploads\/logo-cpl.svg","caption":"Centre de Pastoral Lit\u00fargica"},"image":{"@id":"https:\/\/www.cpl.es\/#\/schema\/logo\/image\/"}}]}},"_links":{"self":[{"href":"https:\/\/www.cpl.es\/ca\/wp-json\/wp\/v2\/product\/2820","targetHints":{"allow":["GET"]}}],"collection":[{"href":"https:\/\/www.cpl.es\/ca\/wp-json\/wp\/v2\/product"}],"about":[{"href":"https:\/\/www.cpl.es\/ca\/wp-json\/wp\/v2\/types\/product"}],"wp:featuredmedia":[{"embeddable":true,"href":"https:\/\/www.cpl.es\/ca\/wp-json\/wp\/v2\/media\/2821"}],"wp:attachment":[{"href":"https:\/\/www.cpl.es\/ca\/wp-json\/wp\/v2\/media?parent=2820"}],"wp:term":[{"taxonomy":"product_brand","embeddable":true,"href":"https:\/\/www.cpl.es\/ca\/wp-json\/wp\/v2\/product_brand?post=2820"},{"taxonomy":"product_cat","embeddable":true,"href":"https:\/\/www.cpl.es\/ca\/wp-json\/wp\/v2\/product_cat?post=2820"},{"taxonomy":"product_tag","embeddable":true,"href":"https:\/\/www.cpl.es\/ca\/wp-json\/wp\/v2\/product_tag?post=2820"}],"curies":[{"name":"wp","href":"https:\/\/api.w.org\/{rel}","templated":true}]}}