{"id":2814,"date":"2023-10-04T01:53:27","date_gmt":"2023-10-03T23:53:27","guid":{"rendered":"https:\/\/nuevaweb.cpl.es\/producto\/estoy-a-la-puerta-llamando-una-propuesta-para-los-jovenes-9788498055801\/"},"modified":"2026-02-12T16:54:20","modified_gmt":"2026-02-12T15:54:20","slug":"estoy-a-la-puerta-llamando-una-propuesta-para-los-jovenes-9788498055801","status":"publish","type":"product","link":"https:\/\/www.cpl.es\/ca\/producto\/estoy-a-la-puerta-llamando-una-propuesta-para-los-jovenes-9788498055801\/","title":{"rendered":"&#8216;Estoy a la puerta llamando&#8230;&#8217; Una propuesta para los j\u00f3venes"},"content":{"rendered":"<p>Acercarse a Jes\u00fas, conocer a Jes\u00fas, dejar que Jes\u00fas entre en casa. Esta es la propuesta de este libro para quien quiera aprovecharla. A trav\u00e9s de una serie de escenas evang\u00e9licas, y con la ayuda de una reflexi\u00f3n que las acerca a nuestra vida, de unas preguntas que nos obligan a concretar y de una plegaria que nos abre al di\u00e1logo con Jes\u00fas mismo, vamos descubriendo qui\u00e9n es Jes\u00fas para nosotros y cu\u00e1les son las riquezas que puede aportar a nuestra vida. Ser joven es una espl\u00e9ndida oportunidad que no se repetir\u00e1, y que hay que saber aprovechar al m\u00e1ximo. Y una de las formas de que este aprovechamiento sea mucho m\u00e1s pleno es abrirle la puerta a Jes\u00fas que llama, dejarlo entrar en casa y compartir con \u00e9l la vida. A esto quiere ayudarnos este libro.<\/p>\n<p>Los autores, consiliarios del Movimiento de J\u00f3venes Cristianos de Comarcas (JARC) nos gu\u00edan en este camino y esta b\u00fasqueda, a partir de una amplia y profunda experiencia en el acompa\u00f1amiento cristiano de muchos j\u00f3venes.<\/p>\n","protected":false},"excerpt":{"rendered":"<p>Consiliarios del Movimiento de J\u00f3venes Cristianos de Comarcas<\/p>\n","protected":false},"featured_media":2815,"template":"","meta":{"_acf_changed":false,"inline_featured_image":false},"product_brand":[],"product_cat":[59,82,49,73,65,88],"product_tag":[],"class_list":{"0":"post-2814","1":"product","2":"type-product","3":"status-publish","4":"has-post-thumbnail","6":"product_cat-biblia","7":"product_cat-biblia-per-temes-catala","8":"product_cat-emaus","9":"product_cat-emaus-colleccions-catala","10":"product_cat-espiritualidad","11":"product_cat-espiritualitat","13":"first","14":"instock","15":"taxable","16":"shipping-taxable","17":"purchasable","18":"product-type-simple"},"acf":{"autor":"Consiliarios del Movimiento de J\u00f3venes Cristianos de Comarcas","codart":"108105","ediciones":"1","encuadernacion":"R\u00fastica","fecha_de_publicacion":"24\/09\/2012","novedad":false,"paginas":"96","subtitulo":"","orden":"40","portada":false,"idioma":"spa","editorial":[{"ID":6736,"post_author":"2","post_date":"2023-10-06 08:35:24","post_date_gmt":"2023-10-06 06:35:24","post_content":"","post_title":"CPL","post_excerpt":"","post_status":"publish","comment_status":"closed","ping_status":"closed","post_password":"","post_name":"cpl","to_ping":"","pinged":"","post_modified":"2023-10-06 08:35:24","post_modified_gmt":"2023-10-06 06:35:24","post_content_filtered":"","post_parent":0,"guid":"https:\/\/nuevaweb.cpl.es\/editorial\/cpl\/","menu_order":0,"post_type":"editorial","post_mime_type":"","comment_count":"0","filter":"raw"}],"coleccion_num":"105"},"yoast_head":"<!-- This site is optimized with the Yoast SEO plugin v27.3 - https:\/\/yoast.com\/product\/yoast-seo-wordpress\/ -->\n<title>&#039;Estoy a la puerta llamando...&#039; Una propuesta para los j\u00f3venes - CPL<\/title>\n<meta name=\"robots\" content=\"index, follow, max-snippet:-1, max-image-preview:large, max-video-preview:-1\" \/>\n<link rel=\"canonical\" href=\"https:\/\/www.cpl.es\/producto\/estoy-a-la-puerta-llamando-una-propuesta-para-los-jovenes-9788498055801\/\" \/>\n<meta property=\"og:locale\" content=\"ca_ES\" \/>\n<meta property=\"og:type\" content=\"article\" \/>\n<meta property=\"og:title\" content=\"&#039;Estoy a la puerta llamando...&#039; Una propuesta para los j\u00f3venes - CPL\" \/>\n<meta property=\"og:description\" content=\"Consiliarios del Movimiento de J\u00f3venes Cristianos de Comarcas\" \/>\n<meta property=\"og:url\" content=\"https:\/\/www.cpl.es\/producto\/estoy-a-la-puerta-llamando-una-propuesta-para-los-jovenes-9788498055801\/\" \/>\n<meta property=\"og:site_name\" content=\"CPL\" \/>\n<meta property=\"article:modified_time\" content=\"2026-02-12T15:54:20+00:00\" \/>\n<meta property=\"og:image\" content=\"https:\/\/www.cpl.es\/wp-content\/uploads\/108105.jpg\" \/>\n\t<meta property=\"og:image:width\" content=\"357\" \/>\n\t<meta property=\"og:image:height\" content=\"556\" \/>\n\t<meta property=\"og:image:type\" content=\"image\/jpeg\" \/>\n<meta name=\"twitter:card\" content=\"summary_large_image\" \/>\n<meta name=\"twitter:label1\" content=\"Temps estimat de lectura\" \/>\n\t<meta name=\"twitter:data1\" content=\"1 minut\" \/>\n<script type=\"application\/ld+json\" class=\"yoast-schema-graph\">{\"@context\":\"https:\\\/\\\/schema.org\",\"@graph\":[{\"@type\":\"WebPage\",\"@id\":\"https:\\\/\\\/www.cpl.es\\\/producto\\\/estoy-a-la-puerta-llamando-una-propuesta-para-los-jovenes-9788498055801\\\/\",\"url\":\"https:\\\/\\\/www.cpl.es\\\/producto\\\/estoy-a-la-puerta-llamando-una-propuesta-para-los-jovenes-9788498055801\\\/\",\"name\":\"'Estoy a la puerta llamando...' Una propuesta para los j\u00f3venes - CPL\",\"isPartOf\":{\"@id\":\"https:\\\/\\\/www.cpl.es\\\/#website\"},\"primaryImageOfPage\":{\"@id\":\"https:\\\/\\\/www.cpl.es\\\/producto\\\/estoy-a-la-puerta-llamando-una-propuesta-para-los-jovenes-9788498055801\\\/#primaryimage\"},\"image\":{\"@id\":\"https:\\\/\\\/www.cpl.es\\\/producto\\\/estoy-a-la-puerta-llamando-una-propuesta-para-los-jovenes-9788498055801\\\/#primaryimage\"},\"thumbnailUrl\":\"https:\\\/\\\/www.cpl.es\\\/wp-content\\\/uploads\\\/108105.jpg\",\"datePublished\":\"2023-10-03T23:53:27+00:00\",\"dateModified\":\"2026-02-12T15:54:20+00:00\",\"breadcrumb\":{\"@id\":\"https:\\\/\\\/www.cpl.es\\\/producto\\\/estoy-a-la-puerta-llamando-una-propuesta-para-los-jovenes-9788498055801\\\/#breadcrumb\"},\"inLanguage\":\"ca\",\"potentialAction\":[{\"@type\":\"ReadAction\",\"target\":[\"https:\\\/\\\/www.cpl.es\\\/producto\\\/estoy-a-la-puerta-llamando-una-propuesta-para-los-jovenes-9788498055801\\\/\"]}]},{\"@type\":\"ImageObject\",\"inLanguage\":\"ca\",\"@id\":\"https:\\\/\\\/www.cpl.es\\\/producto\\\/estoy-a-la-puerta-llamando-una-propuesta-para-los-jovenes-9788498055801\\\/#primaryimage\",\"url\":\"https:\\\/\\\/www.cpl.es\\\/wp-content\\\/uploads\\\/108105.jpg\",\"contentUrl\":\"https:\\\/\\\/www.cpl.es\\\/wp-content\\\/uploads\\\/108105.jpg\",\"width\":357,\"height\":556,\"caption\":\"108105.jpg\"},{\"@type\":\"BreadcrumbList\",\"@id\":\"https:\\\/\\\/www.cpl.es\\\/producto\\\/estoy-a-la-puerta-llamando-una-propuesta-para-los-jovenes-9788498055801\\\/#breadcrumb\",\"itemListElement\":[{\"@type\":\"ListItem\",\"position\":1,\"name\":\"Portada\",\"item\":\"https:\\\/\\\/www.cpl.es\\\/ca\\\/\"},{\"@type\":\"ListItem\",\"position\":2,\"name\":\"Cat\u00e0leg\",\"item\":\"https:\\\/\\\/www.cpl.es\\\/ca\\\/cataleg\\\/\"},{\"@type\":\"ListItem\",\"position\":3,\"name\":\"&#8216;Estoy a la puerta llamando&#8230;&#8217; Una propuesta para los j\u00f3venes\"}]},{\"@type\":\"WebSite\",\"@id\":\"https:\\\/\\\/www.cpl.es\\\/#website\",\"url\":\"https:\\\/\\\/www.cpl.es\\\/\",\"name\":\"CPL\",\"description\":\"Centre de Pastoral Lit\u00fargica de Barcelona\",\"publisher\":{\"@id\":\"https:\\\/\\\/www.cpl.es\\\/#organization\"},\"alternateName\":\"Centre de Pastoral Lit\u00fargica\",\"potentialAction\":[{\"@type\":\"SearchAction\",\"target\":{\"@type\":\"EntryPoint\",\"urlTemplate\":\"https:\\\/\\\/www.cpl.es\\\/?s={search_term_string}\"},\"query-input\":{\"@type\":\"PropertyValueSpecification\",\"valueRequired\":true,\"valueName\":\"search_term_string\"}}],\"inLanguage\":\"ca\"},{\"@type\":\"Organization\",\"@id\":\"https:\\\/\\\/www.cpl.es\\\/#organization\",\"name\":\"Centre de Pastoral Lit\u00fargica\",\"alternateName\":\"Centre de Pastoral Lit\u00fargica de Barcelona\",\"url\":\"https:\\\/\\\/www.cpl.es\\\/\",\"logo\":{\"@type\":\"ImageObject\",\"inLanguage\":\"ca\",\"@id\":\"https:\\\/\\\/www.cpl.es\\\/#\\\/schema\\\/logo\\\/image\\\/\",\"url\":\"https:\\\/\\\/www.cpl.es\\\/wp-content\\\/uploads\\\/logo-cpl.svg\",\"contentUrl\":\"https:\\\/\\\/www.cpl.es\\\/wp-content\\\/uploads\\\/logo-cpl.svg\",\"caption\":\"Centre de Pastoral Lit\u00fargica\"},\"image\":{\"@id\":\"https:\\\/\\\/www.cpl.es\\\/#\\\/schema\\\/logo\\\/image\\\/\"}}]}<\/script>\n<!-- \/ Yoast SEO plugin. -->","yoast_head_json":{"title":"'Estoy a la puerta llamando...' Una propuesta para los j\u00f3venes - CPL","robots":{"index":"index","follow":"follow","max-snippet":"max-snippet:-1","max-image-preview":"max-image-preview:large","max-video-preview":"max-video-preview:-1"},"canonical":"https:\/\/www.cpl.es\/producto\/estoy-a-la-puerta-llamando-una-propuesta-para-los-jovenes-9788498055801\/","og_locale":"ca_ES","og_type":"article","og_title":"'Estoy a la puerta llamando...' Una propuesta para los j\u00f3venes - CPL","og_description":"Consiliarios del Movimiento de J\u00f3venes Cristianos de Comarcas","og_url":"https:\/\/www.cpl.es\/producto\/estoy-a-la-puerta-llamando-una-propuesta-para-los-jovenes-9788498055801\/","og_site_name":"CPL","article_modified_time":"2026-02-12T15:54:20+00:00","og_image":[{"width":357,"height":556,"url":"https:\/\/www.cpl.es\/wp-content\/uploads\/108105.jpg","type":"image\/jpeg"}],"twitter_card":"summary_large_image","twitter_misc":{"Temps estimat de lectura":"1 minut"},"schema":{"@context":"https:\/\/schema.org","@graph":[{"@type":"WebPage","@id":"https:\/\/www.cpl.es\/producto\/estoy-a-la-puerta-llamando-una-propuesta-para-los-jovenes-9788498055801\/","url":"https:\/\/www.cpl.es\/producto\/estoy-a-la-puerta-llamando-una-propuesta-para-los-jovenes-9788498055801\/","name":"'Estoy a la puerta llamando...' Una propuesta para los j\u00f3venes - CPL","isPartOf":{"@id":"https:\/\/www.cpl.es\/#website"},"primaryImageOfPage":{"@id":"https:\/\/www.cpl.es\/producto\/estoy-a-la-puerta-llamando-una-propuesta-para-los-jovenes-9788498055801\/#primaryimage"},"image":{"@id":"https:\/\/www.cpl.es\/producto\/estoy-a-la-puerta-llamando-una-propuesta-para-los-jovenes-9788498055801\/#primaryimage"},"thumbnailUrl":"https:\/\/www.cpl.es\/wp-content\/uploads\/108105.jpg","datePublished":"2023-10-03T23:53:27+00:00","dateModified":"2026-02-12T15:54:20+00:00","breadcrumb":{"@id":"https:\/\/www.cpl.es\/producto\/estoy-a-la-puerta-llamando-una-propuesta-para-los-jovenes-9788498055801\/#breadcrumb"},"inLanguage":"ca","potentialAction":[{"@type":"ReadAction","target":["https:\/\/www.cpl.es\/producto\/estoy-a-la-puerta-llamando-una-propuesta-para-los-jovenes-9788498055801\/"]}]},{"@type":"ImageObject","inLanguage":"ca","@id":"https:\/\/www.cpl.es\/producto\/estoy-a-la-puerta-llamando-una-propuesta-para-los-jovenes-9788498055801\/#primaryimage","url":"https:\/\/www.cpl.es\/wp-content\/uploads\/108105.jpg","contentUrl":"https:\/\/www.cpl.es\/wp-content\/uploads\/108105.jpg","width":357,"height":556,"caption":"108105.jpg"},{"@type":"BreadcrumbList","@id":"https:\/\/www.cpl.es\/producto\/estoy-a-la-puerta-llamando-una-propuesta-para-los-jovenes-9788498055801\/#breadcrumb","itemListElement":[{"@type":"ListItem","position":1,"name":"Portada","item":"https:\/\/www.cpl.es\/ca\/"},{"@type":"ListItem","position":2,"name":"Cat\u00e0leg","item":"https:\/\/www.cpl.es\/ca\/cataleg\/"},{"@type":"ListItem","position":3,"name":"&#8216;Estoy a la puerta llamando&#8230;&#8217; Una propuesta para los j\u00f3venes"}]},{"@type":"WebSite","@id":"https:\/\/www.cpl.es\/#website","url":"https:\/\/www.cpl.es\/","name":"CPL","description":"Centre de Pastoral Lit\u00fargica de Barcelona","publisher":{"@id":"https:\/\/www.cpl.es\/#organization"},"alternateName":"Centre de Pastoral Lit\u00fargica","potentialAction":[{"@type":"SearchAction","target":{"@type":"EntryPoint","urlTemplate":"https:\/\/www.cpl.es\/?s={search_term_string}"},"query-input":{"@type":"PropertyValueSpecification","valueRequired":true,"valueName":"search_term_string"}}],"inLanguage":"ca"},{"@type":"Organization","@id":"https:\/\/www.cpl.es\/#organization","name":"Centre de Pastoral Lit\u00fargica","alternateName":"Centre de Pastoral Lit\u00fargica de Barcelona","url":"https:\/\/www.cpl.es\/","logo":{"@type":"ImageObject","inLanguage":"ca","@id":"https:\/\/www.cpl.es\/#\/schema\/logo\/image\/","url":"https:\/\/www.cpl.es\/wp-content\/uploads\/logo-cpl.svg","contentUrl":"https:\/\/www.cpl.es\/wp-content\/uploads\/logo-cpl.svg","caption":"Centre de Pastoral Lit\u00fargica"},"image":{"@id":"https:\/\/www.cpl.es\/#\/schema\/logo\/image\/"}}]}},"_links":{"self":[{"href":"https:\/\/www.cpl.es\/ca\/wp-json\/wp\/v2\/product\/2814","targetHints":{"allow":["GET"]}}],"collection":[{"href":"https:\/\/www.cpl.es\/ca\/wp-json\/wp\/v2\/product"}],"about":[{"href":"https:\/\/www.cpl.es\/ca\/wp-json\/wp\/v2\/types\/product"}],"wp:featuredmedia":[{"embeddable":true,"href":"https:\/\/www.cpl.es\/ca\/wp-json\/wp\/v2\/media\/2815"}],"wp:attachment":[{"href":"https:\/\/www.cpl.es\/ca\/wp-json\/wp\/v2\/media?parent=2814"}],"wp:term":[{"taxonomy":"product_brand","embeddable":true,"href":"https:\/\/www.cpl.es\/ca\/wp-json\/wp\/v2\/product_brand?post=2814"},{"taxonomy":"product_cat","embeddable":true,"href":"https:\/\/www.cpl.es\/ca\/wp-json\/wp\/v2\/product_cat?post=2814"},{"taxonomy":"product_tag","embeddable":true,"href":"https:\/\/www.cpl.es\/ca\/wp-json\/wp\/v2\/product_tag?post=2814"}],"curies":[{"name":"wp","href":"https:\/\/api.w.org\/{rel}","templated":true}]}}