{"id":2811,"date":"2023-10-04T01:53:21","date_gmt":"2023-10-03T23:53:21","guid":{"rendered":"https:\/\/nuevaweb.cpl.es\/producto\/la-joc-un-mensaje-vivo-9788498055795\/"},"modified":"2026-02-12T16:54:17","modified_gmt":"2026-02-12T15:54:17","slug":"la-joc-un-mensaje-vivo-9788498055795","status":"publish","type":"product","link":"https:\/\/www.cpl.es\/ca\/producto\/la-joc-un-mensaje-vivo-9788498055795\/","title":{"rendered":"La JOC, un mensaje vivo"},"content":{"rendered":"<p>La situaci\u00f3n de la joventud obrera belga de principios del siglo XX impuls\u00f3 al sacerdote Joseph Cardijn a trabajar para acercar la fe cristiana a la realidad de dolor e injusticia que destrozaba a los j\u00f3venes. Y lo hizo con el convencimiento de que sin un profundo arraigo en la vida no ser\u00eda posible hacer nacer una aut\u00e9ntica experiencia cristiana, ni lo ser\u00eda tampoco si no eran los propios j\u00f3venes quienes tomaban en sus manos esta tarea evangelizadora. As\u00ed es como naci\u00f3 la JOC, la Juventud Obrera Cristiana, y as\u00ed es como naci\u00f3 tambi\u00e9n un m\u00e9todo de trabajo que ha marcado la acci\u00f3n pastoral de la Iglesia mucho m\u00e1s all\u00e1 de los l\u00edmites estrictos en los que naci\u00f3. Este libro re\u00fane los textos b\u00e1sicos que ayudan a entender todo lo que esto significa. <\/p>\n<p>Joseph Cardijn (Shaerbeek, 1882 \u2013 Lovaina, 1967) fue ordenado sacerdote en 1906 y en 1915 su obispo, el cardenal Mercier, le encomend\u00f3 dedicarse de lleno a tareas de pastoral social y juvenil. En 1924 fund\u00f3 la JOC, que se extendi\u00f3 por todo el mundo. Poco antes de morir, Pau VI reconoci\u00f3 su tarea nombr\u00e1ndole cardenal.<\/p>\n","protected":false},"excerpt":{"rendered":"<p>Cardijn, Joseph<\/p>\n","protected":false},"featured_media":2812,"template":"","meta":{"_acf_changed":false,"inline_featured_image":false},"product_brand":[],"product_cat":[73,49,65,88],"product_tag":[],"class_list":{"0":"post-2811","1":"product","2":"type-product","3":"status-publish","4":"has-post-thumbnail","6":"product_cat-emaus-colleccions-catala","7":"product_cat-emaus","8":"product_cat-espiritualidad","9":"product_cat-espiritualitat","11":"first","12":"instock","13":"taxable","14":"shipping-taxable","15":"purchasable","16":"product-type-simple"},"acf":{"autor":"Cardijn, Joseph","codart":"108104","ediciones":"1","encuadernacion":"R\u00fastica","fecha_de_publicacion":"25\/09\/2012","novedad":false,"paginas":"140","subtitulo":"","orden":"35","portada":false,"idioma":"spa","editorial":[{"ID":6736,"post_author":"2","post_date":"2023-10-06 08:35:24","post_date_gmt":"2023-10-06 06:35:24","post_content":"","post_title":"CPL","post_excerpt":"","post_status":"publish","comment_status":"closed","ping_status":"closed","post_password":"","post_name":"cpl","to_ping":"","pinged":"","post_modified":"2023-10-06 08:35:24","post_modified_gmt":"2023-10-06 06:35:24","post_content_filtered":"","post_parent":0,"guid":"https:\/\/nuevaweb.cpl.es\/editorial\/cpl\/","menu_order":0,"post_type":"editorial","post_mime_type":"","comment_count":"0","filter":"raw"}],"coleccion_num":"104"},"yoast_head":"<!-- This site is optimized with the Yoast SEO plugin v27.3 - https:\/\/yoast.com\/product\/yoast-seo-wordpress\/ -->\n<title>La JOC, un mensaje vivo - CPL<\/title>\n<meta name=\"robots\" content=\"index, follow, max-snippet:-1, max-image-preview:large, max-video-preview:-1\" \/>\n<link rel=\"canonical\" href=\"https:\/\/www.cpl.es\/producto\/la-joc-un-mensaje-vivo-9788498055795\/\" \/>\n<meta property=\"og:locale\" content=\"ca_ES\" \/>\n<meta property=\"og:type\" content=\"article\" \/>\n<meta property=\"og:title\" content=\"La JOC, un mensaje vivo - CPL\" \/>\n<meta property=\"og:description\" content=\"Cardijn, Joseph\" \/>\n<meta property=\"og:url\" content=\"https:\/\/www.cpl.es\/producto\/la-joc-un-mensaje-vivo-9788498055795\/\" \/>\n<meta property=\"og:site_name\" content=\"CPL\" \/>\n<meta property=\"article:modified_time\" content=\"2026-02-12T15:54:17+00:00\" \/>\n<meta property=\"og:image\" content=\"https:\/\/www.cpl.es\/wp-content\/uploads\/108104.jpg\" \/>\n\t<meta property=\"og:image:width\" content=\"354\" \/>\n\t<meta property=\"og:image:height\" content=\"552\" \/>\n\t<meta property=\"og:image:type\" content=\"image\/jpeg\" \/>\n<meta name=\"twitter:card\" content=\"summary_large_image\" \/>\n<meta name=\"twitter:label1\" content=\"Temps estimat de lectura\" \/>\n\t<meta name=\"twitter:data1\" content=\"1 minut\" \/>\n<script type=\"application\/ld+json\" class=\"yoast-schema-graph\">{\"@context\":\"https:\\\/\\\/schema.org\",\"@graph\":[{\"@type\":\"WebPage\",\"@id\":\"https:\\\/\\\/www.cpl.es\\\/producto\\\/la-joc-un-mensaje-vivo-9788498055795\\\/\",\"url\":\"https:\\\/\\\/www.cpl.es\\\/producto\\\/la-joc-un-mensaje-vivo-9788498055795\\\/\",\"name\":\"La JOC, un mensaje vivo - CPL\",\"isPartOf\":{\"@id\":\"https:\\\/\\\/www.cpl.es\\\/#website\"},\"primaryImageOfPage\":{\"@id\":\"https:\\\/\\\/www.cpl.es\\\/producto\\\/la-joc-un-mensaje-vivo-9788498055795\\\/#primaryimage\"},\"image\":{\"@id\":\"https:\\\/\\\/www.cpl.es\\\/producto\\\/la-joc-un-mensaje-vivo-9788498055795\\\/#primaryimage\"},\"thumbnailUrl\":\"https:\\\/\\\/www.cpl.es\\\/wp-content\\\/uploads\\\/108104.jpg\",\"datePublished\":\"2023-10-03T23:53:21+00:00\",\"dateModified\":\"2026-02-12T15:54:17+00:00\",\"breadcrumb\":{\"@id\":\"https:\\\/\\\/www.cpl.es\\\/producto\\\/la-joc-un-mensaje-vivo-9788498055795\\\/#breadcrumb\"},\"inLanguage\":\"ca\",\"potentialAction\":[{\"@type\":\"ReadAction\",\"target\":[\"https:\\\/\\\/www.cpl.es\\\/producto\\\/la-joc-un-mensaje-vivo-9788498055795\\\/\"]}]},{\"@type\":\"ImageObject\",\"inLanguage\":\"ca\",\"@id\":\"https:\\\/\\\/www.cpl.es\\\/producto\\\/la-joc-un-mensaje-vivo-9788498055795\\\/#primaryimage\",\"url\":\"https:\\\/\\\/www.cpl.es\\\/wp-content\\\/uploads\\\/108104.jpg\",\"contentUrl\":\"https:\\\/\\\/www.cpl.es\\\/wp-content\\\/uploads\\\/108104.jpg\",\"width\":354,\"height\":552,\"caption\":\"108104.jpg\"},{\"@type\":\"BreadcrumbList\",\"@id\":\"https:\\\/\\\/www.cpl.es\\\/producto\\\/la-joc-un-mensaje-vivo-9788498055795\\\/#breadcrumb\",\"itemListElement\":[{\"@type\":\"ListItem\",\"position\":1,\"name\":\"Portada\",\"item\":\"https:\\\/\\\/www.cpl.es\\\/ca\\\/\"},{\"@type\":\"ListItem\",\"position\":2,\"name\":\"Cat\u00e0leg\",\"item\":\"https:\\\/\\\/www.cpl.es\\\/ca\\\/cataleg\\\/\"},{\"@type\":\"ListItem\",\"position\":3,\"name\":\"La JOC, un mensaje vivo\"}]},{\"@type\":\"WebSite\",\"@id\":\"https:\\\/\\\/www.cpl.es\\\/#website\",\"url\":\"https:\\\/\\\/www.cpl.es\\\/\",\"name\":\"CPL\",\"description\":\"Centre de Pastoral Lit\u00fargica de Barcelona\",\"publisher\":{\"@id\":\"https:\\\/\\\/www.cpl.es\\\/#organization\"},\"alternateName\":\"Centre de Pastoral Lit\u00fargica\",\"potentialAction\":[{\"@type\":\"SearchAction\",\"target\":{\"@type\":\"EntryPoint\",\"urlTemplate\":\"https:\\\/\\\/www.cpl.es\\\/?s={search_term_string}\"},\"query-input\":{\"@type\":\"PropertyValueSpecification\",\"valueRequired\":true,\"valueName\":\"search_term_string\"}}],\"inLanguage\":\"ca\"},{\"@type\":\"Organization\",\"@id\":\"https:\\\/\\\/www.cpl.es\\\/#organization\",\"name\":\"Centre de Pastoral Lit\u00fargica\",\"alternateName\":\"Centre de Pastoral Lit\u00fargica de Barcelona\",\"url\":\"https:\\\/\\\/www.cpl.es\\\/\",\"logo\":{\"@type\":\"ImageObject\",\"inLanguage\":\"ca\",\"@id\":\"https:\\\/\\\/www.cpl.es\\\/#\\\/schema\\\/logo\\\/image\\\/\",\"url\":\"https:\\\/\\\/www.cpl.es\\\/wp-content\\\/uploads\\\/logo-cpl.svg\",\"contentUrl\":\"https:\\\/\\\/www.cpl.es\\\/wp-content\\\/uploads\\\/logo-cpl.svg\",\"caption\":\"Centre de Pastoral Lit\u00fargica\"},\"image\":{\"@id\":\"https:\\\/\\\/www.cpl.es\\\/#\\\/schema\\\/logo\\\/image\\\/\"}}]}<\/script>\n<!-- \/ Yoast SEO plugin. -->","yoast_head_json":{"title":"La JOC, un mensaje vivo - CPL","robots":{"index":"index","follow":"follow","max-snippet":"max-snippet:-1","max-image-preview":"max-image-preview:large","max-video-preview":"max-video-preview:-1"},"canonical":"https:\/\/www.cpl.es\/producto\/la-joc-un-mensaje-vivo-9788498055795\/","og_locale":"ca_ES","og_type":"article","og_title":"La JOC, un mensaje vivo - CPL","og_description":"Cardijn, Joseph","og_url":"https:\/\/www.cpl.es\/producto\/la-joc-un-mensaje-vivo-9788498055795\/","og_site_name":"CPL","article_modified_time":"2026-02-12T15:54:17+00:00","og_image":[{"width":354,"height":552,"url":"https:\/\/www.cpl.es\/wp-content\/uploads\/108104.jpg","type":"image\/jpeg"}],"twitter_card":"summary_large_image","twitter_misc":{"Temps estimat de lectura":"1 minut"},"schema":{"@context":"https:\/\/schema.org","@graph":[{"@type":"WebPage","@id":"https:\/\/www.cpl.es\/producto\/la-joc-un-mensaje-vivo-9788498055795\/","url":"https:\/\/www.cpl.es\/producto\/la-joc-un-mensaje-vivo-9788498055795\/","name":"La JOC, un mensaje vivo - CPL","isPartOf":{"@id":"https:\/\/www.cpl.es\/#website"},"primaryImageOfPage":{"@id":"https:\/\/www.cpl.es\/producto\/la-joc-un-mensaje-vivo-9788498055795\/#primaryimage"},"image":{"@id":"https:\/\/www.cpl.es\/producto\/la-joc-un-mensaje-vivo-9788498055795\/#primaryimage"},"thumbnailUrl":"https:\/\/www.cpl.es\/wp-content\/uploads\/108104.jpg","datePublished":"2023-10-03T23:53:21+00:00","dateModified":"2026-02-12T15:54:17+00:00","breadcrumb":{"@id":"https:\/\/www.cpl.es\/producto\/la-joc-un-mensaje-vivo-9788498055795\/#breadcrumb"},"inLanguage":"ca","potentialAction":[{"@type":"ReadAction","target":["https:\/\/www.cpl.es\/producto\/la-joc-un-mensaje-vivo-9788498055795\/"]}]},{"@type":"ImageObject","inLanguage":"ca","@id":"https:\/\/www.cpl.es\/producto\/la-joc-un-mensaje-vivo-9788498055795\/#primaryimage","url":"https:\/\/www.cpl.es\/wp-content\/uploads\/108104.jpg","contentUrl":"https:\/\/www.cpl.es\/wp-content\/uploads\/108104.jpg","width":354,"height":552,"caption":"108104.jpg"},{"@type":"BreadcrumbList","@id":"https:\/\/www.cpl.es\/producto\/la-joc-un-mensaje-vivo-9788498055795\/#breadcrumb","itemListElement":[{"@type":"ListItem","position":1,"name":"Portada","item":"https:\/\/www.cpl.es\/ca\/"},{"@type":"ListItem","position":2,"name":"Cat\u00e0leg","item":"https:\/\/www.cpl.es\/ca\/cataleg\/"},{"@type":"ListItem","position":3,"name":"La JOC, un mensaje vivo"}]},{"@type":"WebSite","@id":"https:\/\/www.cpl.es\/#website","url":"https:\/\/www.cpl.es\/","name":"CPL","description":"Centre de Pastoral Lit\u00fargica de Barcelona","publisher":{"@id":"https:\/\/www.cpl.es\/#organization"},"alternateName":"Centre de Pastoral Lit\u00fargica","potentialAction":[{"@type":"SearchAction","target":{"@type":"EntryPoint","urlTemplate":"https:\/\/www.cpl.es\/?s={search_term_string}"},"query-input":{"@type":"PropertyValueSpecification","valueRequired":true,"valueName":"search_term_string"}}],"inLanguage":"ca"},{"@type":"Organization","@id":"https:\/\/www.cpl.es\/#organization","name":"Centre de Pastoral Lit\u00fargica","alternateName":"Centre de Pastoral Lit\u00fargica de Barcelona","url":"https:\/\/www.cpl.es\/","logo":{"@type":"ImageObject","inLanguage":"ca","@id":"https:\/\/www.cpl.es\/#\/schema\/logo\/image\/","url":"https:\/\/www.cpl.es\/wp-content\/uploads\/logo-cpl.svg","contentUrl":"https:\/\/www.cpl.es\/wp-content\/uploads\/logo-cpl.svg","caption":"Centre de Pastoral Lit\u00fargica"},"image":{"@id":"https:\/\/www.cpl.es\/#\/schema\/logo\/image\/"}}]}},"_links":{"self":[{"href":"https:\/\/www.cpl.es\/ca\/wp-json\/wp\/v2\/product\/2811","targetHints":{"allow":["GET"]}}],"collection":[{"href":"https:\/\/www.cpl.es\/ca\/wp-json\/wp\/v2\/product"}],"about":[{"href":"https:\/\/www.cpl.es\/ca\/wp-json\/wp\/v2\/types\/product"}],"wp:featuredmedia":[{"embeddable":true,"href":"https:\/\/www.cpl.es\/ca\/wp-json\/wp\/v2\/media\/2812"}],"wp:attachment":[{"href":"https:\/\/www.cpl.es\/ca\/wp-json\/wp\/v2\/media?parent=2811"}],"wp:term":[{"taxonomy":"product_brand","embeddable":true,"href":"https:\/\/www.cpl.es\/ca\/wp-json\/wp\/v2\/product_brand?post=2811"},{"taxonomy":"product_cat","embeddable":true,"href":"https:\/\/www.cpl.es\/ca\/wp-json\/wp\/v2\/product_cat?post=2811"},{"taxonomy":"product_tag","embeddable":true,"href":"https:\/\/www.cpl.es\/ca\/wp-json\/wp\/v2\/product_tag?post=2811"}],"curies":[{"name":"wp","href":"https:\/\/api.w.org\/{rel}","templated":true}]}}