{"id":2757,"date":"2023-10-04T01:51:41","date_gmt":"2023-10-03T23:51:41","guid":{"rendered":"https:\/\/nuevaweb.cpl.es\/producto\/la-missa-i-la-liturgia-de-les-hores-ordenament-general-9788498055856\/"},"modified":"2023-10-04T01:51:45","modified_gmt":"2023-10-03T23:51:45","slug":"la-missa-i-la-liturgia-de-les-hores-ordenament-general-9788498055856","status":"publish","type":"product","link":"https:\/\/www.cpl.es\/ca\/producto\/la-missa-i-la-liturgia-de-les-hores-ordenament-general-9788498055856\/","title":{"rendered":"La Missa i la Liturgia de les Hores. Ordenament General"},"content":{"rendered":"<p>La riquesa dels llibres lit\u00fargics sorgits de la reforma del Concili Vatic\u00e0 II no consisteix nom\u00e9s en els textos que s\u2019han d\u2019utilitzar per a la lectura de la Paraula de D\u00e9u i per a la preg\u00e0ria comunit\u00e0ria, sin\u00f3 que en els propis llibres lit\u00fargics trobem tamb\u00e9 all\u00f2 que constitueix la guia per a la seva utilitzaci\u00f3, un instrument imprescindible per entendre el sentit del que els textos ens ofereixen, els criteris amb qu\u00e8 aquests textos han estat pensats, la forma en la qual cal desenvolupar la celebraci\u00f3, les diverses possibilitats que la pr\u00f2pia celebraci\u00f3 ens presenta.<br \/>Disposar en un \u00fanic llibre del conjunt d\u2019aquests documents-guia, tant per a la Missa com per a la Lit\u00fargia de les Hores, ajudar\u00e0, sens dubte, a con\u00e8ixer millor la celebraci\u00f3 cristiana; conduir\u00e0 a un m\u00e9s gran apreci del valor del servei div\u00ed en la vida de l\u2019Esgl\u00e9sia; i servir\u00e0 finalment, tamb\u00e9, per resoldre els dubtes que puguin anar apareixent. Aqu\u00ed presentem, doncs, l\u2019Ordenament General del Missal Rom\u00e0 (en la seva tercera edici\u00f3, indicant les correspond\u00e8ncies amb la segona, que \u00e9s la que hi ha en els nostres missals actuals), les Normes Universals de l\u2019Any Lit\u00fargic i el Calendari, l\u2019Ordenament de les Lectures de la Missa, la Constituci\u00f3 Apost\u00f2lica &#8216;Laudis Canticum' sobre l\u2019Ofici Div\u00ed, i l\u2019Ordenament General de la Lit\u00fargia de les Hores. Perqu\u00e8 la nostra vida lit\u00fargica sigui m\u00e9s rica, m\u00e9s profunda i m\u00e9s viva.<\/p>\n","protected":false},"excerpt":{"rendered":"<p>.<\/p>\n","protected":false},"featured_media":2758,"template":"","meta":{"_acf_changed":false,"inline_featured_image":false},"product_brand":[],"product_cat":[75,81],"product_tag":[],"class_list":{"0":"post-2757","1":"product","2":"type-product","3":"status-publish","4":"has-post-thumbnail","6":"product_cat-dossiers-cpl-colleccions-catala","7":"product_cat-liturgia-de-les-hores","9":"first","10":"instock","11":"taxable","12":"shipping-taxable","13":"purchasable","14":"product-type-simple"},"acf":{"autor":".","codart":"201127","ediciones":"1","encuadernacion":"R\u00fastica","fecha_de_publicacion":"29\/10\/2012","novedad":false,"paginas":"290","subtitulo":"","orden":"999","portada":false,"idioma":"cat","editorial":[{"ID":6736,"post_author":"2","post_date":"2023-10-06 08:35:24","post_date_gmt":"2023-10-06 06:35:24","post_content":"","post_title":"CPL","post_excerpt":"","post_status":"publish","comment_status":"closed","ping_status":"closed","post_password":"","post_name":"cpl","to_ping":"","pinged":"","post_modified":"2023-10-06 08:35:24","post_modified_gmt":"2023-10-06 06:35:24","post_content_filtered":"","post_parent":0,"guid":"https:\/\/nuevaweb.cpl.es\/editorial\/cpl\/","menu_order":0,"post_type":"editorial","post_mime_type":"","comment_count":"0","filter":"raw"}]},"yoast_head":"<!-- This site is optimized with the Yoast SEO plugin v27.3 - https:\/\/yoast.com\/product\/yoast-seo-wordpress\/ -->\n<title>La Missa i la Liturgia de les Hores. Ordenament General - CPL<\/title>\n<meta name=\"robots\" content=\"index, follow, max-snippet:-1, max-image-preview:large, max-video-preview:-1\" \/>\n<link rel=\"canonical\" href=\"https:\/\/www.cpl.es\/producto\/la-missa-i-la-liturgia-de-les-hores-ordenament-general-9788498055856\/\" \/>\n<meta property=\"og:locale\" content=\"ca_ES\" \/>\n<meta property=\"og:type\" content=\"article\" \/>\n<meta property=\"og:title\" content=\"La Missa i la Liturgia de les Hores. Ordenament General - CPL\" \/>\n<meta property=\"og:description\" content=\".\" \/>\n<meta property=\"og:url\" content=\"https:\/\/www.cpl.es\/producto\/la-missa-i-la-liturgia-de-les-hores-ordenament-general-9788498055856\/\" \/>\n<meta property=\"og:site_name\" content=\"CPL\" \/>\n<meta property=\"article:modified_time\" content=\"2023-10-03T23:51:45+00:00\" \/>\n<meta property=\"og:image\" content=\"https:\/\/www.cpl.es\/wp-content\/uploads\/201127.jpg\" \/>\n\t<meta property=\"og:image:width\" content=\"378\" \/>\n\t<meta property=\"og:image:height\" content=\"517\" \/>\n\t<meta property=\"og:image:type\" content=\"image\/jpeg\" \/>\n<meta name=\"twitter:card\" content=\"summary_large_image\" \/>\n<meta name=\"twitter:label1\" content=\"Temps estimat de lectura\" \/>\n\t<meta name=\"twitter:data1\" content=\"1 minut\" \/>\n<script type=\"application\/ld+json\" class=\"yoast-schema-graph\">{\"@context\":\"https:\\\/\\\/schema.org\",\"@graph\":[{\"@type\":\"WebPage\",\"@id\":\"https:\\\/\\\/www.cpl.es\\\/producto\\\/la-missa-i-la-liturgia-de-les-hores-ordenament-general-9788498055856\\\/\",\"url\":\"https:\\\/\\\/www.cpl.es\\\/producto\\\/la-missa-i-la-liturgia-de-les-hores-ordenament-general-9788498055856\\\/\",\"name\":\"La Missa i la Liturgia de les Hores. Ordenament General - CPL\",\"isPartOf\":{\"@id\":\"https:\\\/\\\/www.cpl.es\\\/#website\"},\"primaryImageOfPage\":{\"@id\":\"https:\\\/\\\/www.cpl.es\\\/producto\\\/la-missa-i-la-liturgia-de-les-hores-ordenament-general-9788498055856\\\/#primaryimage\"},\"image\":{\"@id\":\"https:\\\/\\\/www.cpl.es\\\/producto\\\/la-missa-i-la-liturgia-de-les-hores-ordenament-general-9788498055856\\\/#primaryimage\"},\"thumbnailUrl\":\"https:\\\/\\\/www.cpl.es\\\/wp-content\\\/uploads\\\/201127.jpg\",\"datePublished\":\"2023-10-03T23:51:41+00:00\",\"dateModified\":\"2023-10-03T23:51:45+00:00\",\"breadcrumb\":{\"@id\":\"https:\\\/\\\/www.cpl.es\\\/producto\\\/la-missa-i-la-liturgia-de-les-hores-ordenament-general-9788498055856\\\/#breadcrumb\"},\"inLanguage\":\"ca\",\"potentialAction\":[{\"@type\":\"ReadAction\",\"target\":[\"https:\\\/\\\/www.cpl.es\\\/producto\\\/la-missa-i-la-liturgia-de-les-hores-ordenament-general-9788498055856\\\/\"]}]},{\"@type\":\"ImageObject\",\"inLanguage\":\"ca\",\"@id\":\"https:\\\/\\\/www.cpl.es\\\/producto\\\/la-missa-i-la-liturgia-de-les-hores-ordenament-general-9788498055856\\\/#primaryimage\",\"url\":\"https:\\\/\\\/www.cpl.es\\\/wp-content\\\/uploads\\\/201127.jpg\",\"contentUrl\":\"https:\\\/\\\/www.cpl.es\\\/wp-content\\\/uploads\\\/201127.jpg\",\"width\":378,\"height\":517,\"caption\":\"201127.jpg\"},{\"@type\":\"BreadcrumbList\",\"@id\":\"https:\\\/\\\/www.cpl.es\\\/producto\\\/la-missa-i-la-liturgia-de-les-hores-ordenament-general-9788498055856\\\/#breadcrumb\",\"itemListElement\":[{\"@type\":\"ListItem\",\"position\":1,\"name\":\"Portada\",\"item\":\"https:\\\/\\\/www.cpl.es\\\/ca\\\/\"},{\"@type\":\"ListItem\",\"position\":2,\"name\":\"Cat\u00e0leg\",\"item\":\"https:\\\/\\\/www.cpl.es\\\/ca\\\/cataleg\\\/\"},{\"@type\":\"ListItem\",\"position\":3,\"name\":\"La Missa i la Liturgia de les Hores. Ordenament General\"}]},{\"@type\":\"WebSite\",\"@id\":\"https:\\\/\\\/www.cpl.es\\\/#website\",\"url\":\"https:\\\/\\\/www.cpl.es\\\/\",\"name\":\"CPL\",\"description\":\"Centre de Pastoral Lit\u00fargica de Barcelona\",\"publisher\":{\"@id\":\"https:\\\/\\\/www.cpl.es\\\/#organization\"},\"alternateName\":\"Centre de Pastoral Lit\u00fargica\",\"potentialAction\":[{\"@type\":\"SearchAction\",\"target\":{\"@type\":\"EntryPoint\",\"urlTemplate\":\"https:\\\/\\\/www.cpl.es\\\/?s={search_term_string}\"},\"query-input\":{\"@type\":\"PropertyValueSpecification\",\"valueRequired\":true,\"valueName\":\"search_term_string\"}}],\"inLanguage\":\"ca\"},{\"@type\":\"Organization\",\"@id\":\"https:\\\/\\\/www.cpl.es\\\/#organization\",\"name\":\"Centre de Pastoral Lit\u00fargica\",\"alternateName\":\"Centre de Pastoral Lit\u00fargica de Barcelona\",\"url\":\"https:\\\/\\\/www.cpl.es\\\/\",\"logo\":{\"@type\":\"ImageObject\",\"inLanguage\":\"ca\",\"@id\":\"https:\\\/\\\/www.cpl.es\\\/#\\\/schema\\\/logo\\\/image\\\/\",\"url\":\"https:\\\/\\\/www.cpl.es\\\/wp-content\\\/uploads\\\/logo-cpl.svg\",\"contentUrl\":\"https:\\\/\\\/www.cpl.es\\\/wp-content\\\/uploads\\\/logo-cpl.svg\",\"caption\":\"Centre de Pastoral Lit\u00fargica\"},\"image\":{\"@id\":\"https:\\\/\\\/www.cpl.es\\\/#\\\/schema\\\/logo\\\/image\\\/\"}}]}<\/script>\n<!-- \/ Yoast SEO plugin. -->","yoast_head_json":{"title":"La Missa i la Liturgia de les Hores. Ordenament General - CPL","robots":{"index":"index","follow":"follow","max-snippet":"max-snippet:-1","max-image-preview":"max-image-preview:large","max-video-preview":"max-video-preview:-1"},"canonical":"https:\/\/www.cpl.es\/producto\/la-missa-i-la-liturgia-de-les-hores-ordenament-general-9788498055856\/","og_locale":"ca_ES","og_type":"article","og_title":"La Missa i la Liturgia de les Hores. Ordenament General - CPL","og_description":".","og_url":"https:\/\/www.cpl.es\/producto\/la-missa-i-la-liturgia-de-les-hores-ordenament-general-9788498055856\/","og_site_name":"CPL","article_modified_time":"2023-10-03T23:51:45+00:00","og_image":[{"width":378,"height":517,"url":"https:\/\/www.cpl.es\/wp-content\/uploads\/201127.jpg","type":"image\/jpeg"}],"twitter_card":"summary_large_image","twitter_misc":{"Temps estimat de lectura":"1 minut"},"schema":{"@context":"https:\/\/schema.org","@graph":[{"@type":"WebPage","@id":"https:\/\/www.cpl.es\/producto\/la-missa-i-la-liturgia-de-les-hores-ordenament-general-9788498055856\/","url":"https:\/\/www.cpl.es\/producto\/la-missa-i-la-liturgia-de-les-hores-ordenament-general-9788498055856\/","name":"La Missa i la Liturgia de les Hores. Ordenament General - CPL","isPartOf":{"@id":"https:\/\/www.cpl.es\/#website"},"primaryImageOfPage":{"@id":"https:\/\/www.cpl.es\/producto\/la-missa-i-la-liturgia-de-les-hores-ordenament-general-9788498055856\/#primaryimage"},"image":{"@id":"https:\/\/www.cpl.es\/producto\/la-missa-i-la-liturgia-de-les-hores-ordenament-general-9788498055856\/#primaryimage"},"thumbnailUrl":"https:\/\/www.cpl.es\/wp-content\/uploads\/201127.jpg","datePublished":"2023-10-03T23:51:41+00:00","dateModified":"2023-10-03T23:51:45+00:00","breadcrumb":{"@id":"https:\/\/www.cpl.es\/producto\/la-missa-i-la-liturgia-de-les-hores-ordenament-general-9788498055856\/#breadcrumb"},"inLanguage":"ca","potentialAction":[{"@type":"ReadAction","target":["https:\/\/www.cpl.es\/producto\/la-missa-i-la-liturgia-de-les-hores-ordenament-general-9788498055856\/"]}]},{"@type":"ImageObject","inLanguage":"ca","@id":"https:\/\/www.cpl.es\/producto\/la-missa-i-la-liturgia-de-les-hores-ordenament-general-9788498055856\/#primaryimage","url":"https:\/\/www.cpl.es\/wp-content\/uploads\/201127.jpg","contentUrl":"https:\/\/www.cpl.es\/wp-content\/uploads\/201127.jpg","width":378,"height":517,"caption":"201127.jpg"},{"@type":"BreadcrumbList","@id":"https:\/\/www.cpl.es\/producto\/la-missa-i-la-liturgia-de-les-hores-ordenament-general-9788498055856\/#breadcrumb","itemListElement":[{"@type":"ListItem","position":1,"name":"Portada","item":"https:\/\/www.cpl.es\/ca\/"},{"@type":"ListItem","position":2,"name":"Cat\u00e0leg","item":"https:\/\/www.cpl.es\/ca\/cataleg\/"},{"@type":"ListItem","position":3,"name":"La Missa i la Liturgia de les Hores. Ordenament General"}]},{"@type":"WebSite","@id":"https:\/\/www.cpl.es\/#website","url":"https:\/\/www.cpl.es\/","name":"CPL","description":"Centre de Pastoral Lit\u00fargica de Barcelona","publisher":{"@id":"https:\/\/www.cpl.es\/#organization"},"alternateName":"Centre de Pastoral Lit\u00fargica","potentialAction":[{"@type":"SearchAction","target":{"@type":"EntryPoint","urlTemplate":"https:\/\/www.cpl.es\/?s={search_term_string}"},"query-input":{"@type":"PropertyValueSpecification","valueRequired":true,"valueName":"search_term_string"}}],"inLanguage":"ca"},{"@type":"Organization","@id":"https:\/\/www.cpl.es\/#organization","name":"Centre de Pastoral Lit\u00fargica","alternateName":"Centre de Pastoral Lit\u00fargica de Barcelona","url":"https:\/\/www.cpl.es\/","logo":{"@type":"ImageObject","inLanguage":"ca","@id":"https:\/\/www.cpl.es\/#\/schema\/logo\/image\/","url":"https:\/\/www.cpl.es\/wp-content\/uploads\/logo-cpl.svg","contentUrl":"https:\/\/www.cpl.es\/wp-content\/uploads\/logo-cpl.svg","caption":"Centre de Pastoral Lit\u00fargica"},"image":{"@id":"https:\/\/www.cpl.es\/#\/schema\/logo\/image\/"}}]}},"_links":{"self":[{"href":"https:\/\/www.cpl.es\/ca\/wp-json\/wp\/v2\/product\/2757","targetHints":{"allow":["GET"]}}],"collection":[{"href":"https:\/\/www.cpl.es\/ca\/wp-json\/wp\/v2\/product"}],"about":[{"href":"https:\/\/www.cpl.es\/ca\/wp-json\/wp\/v2\/types\/product"}],"wp:featuredmedia":[{"embeddable":true,"href":"https:\/\/www.cpl.es\/ca\/wp-json\/wp\/v2\/media\/2758"}],"wp:attachment":[{"href":"https:\/\/www.cpl.es\/ca\/wp-json\/wp\/v2\/media?parent=2757"}],"wp:term":[{"taxonomy":"product_brand","embeddable":true,"href":"https:\/\/www.cpl.es\/ca\/wp-json\/wp\/v2\/product_brand?post=2757"},{"taxonomy":"product_cat","embeddable":true,"href":"https:\/\/www.cpl.es\/ca\/wp-json\/wp\/v2\/product_cat?post=2757"},{"taxonomy":"product_tag","embeddable":true,"href":"https:\/\/www.cpl.es\/ca\/wp-json\/wp\/v2\/product_tag?post=2757"}],"curies":[{"name":"wp","href":"https:\/\/api.w.org\/{rel}","templated":true}]}}