{"id":2654,"date":"2023-10-04T01:48:35","date_gmt":"2023-10-03T23:48:35","guid":{"rendered":"https:\/\/nuevaweb.cpl.es\/producto\/tierra-santa-libro-del-peregrino-9788498056389\/"},"modified":"2026-02-12T17:45:54","modified_gmt":"2026-02-12T16:45:54","slug":"tierra-santa-libro-del-peregrino-9788498056389","status":"publish","type":"product","link":"https:\/\/www.cpl.es\/ca\/producto\/tierra-santa-libro-del-peregrino-9788498056389\/","title":{"rendered":"Tierra Santa. Libro del peregrino"},"content":{"rendered":"<p>Uno de los grandes destinos de peregrinaci\u00f3n para cualquier cristiano es Tierra Santa. Los lugares donde Jes\u00fas vivi\u00f3, donde anunci\u00f3 y donde hizo presente la Buena Noticia, donde muri\u00f3, donde resucit\u00f3. Y por eso son tantos y tantos los grupos parroquiales, diocesanos, o de cualquier otro tipo, que cada a\u00f1o se dirigen all\u00ed, para llenarse de la vida y la fe que impregna todos los rincones de este territorio.<br \/>Este libro es la mejor ayuda para peregrinar a la tierra de Jes\u00fas. Contiene, lugar por lugar, una explicaci\u00f3n hist\u00f3rica y b\u00edblica, una presentaci\u00f3n de todo lo que se puede visitar y, tambi\u00e9n, algunos materiales para la oraci\u00f3n personal. Y, en ap\u00e9ndice, la letra de los cantos que se pueden usar en las celebraciones, las renovaciones de los compromisos<br \/>cristianos que se pueden hacer en los diversos lugares, y un complet\u00edsimo \u00edndice para encontrarlo todo f\u00e1cilmente.<\/p>\n","protected":false},"excerpt":{"rendered":"<p>Go\u00f1i Beasoain de Paulorena, Jos\u00e9 Antonio<\/p>\n","protected":false},"featured_media":2655,"template":"","meta":{"_acf_changed":false,"inline_featured_image":false},"product_brand":[],"product_cat":[59,82,49,73,65,88],"product_tag":[],"class_list":{"0":"post-2654","1":"product","2":"type-product","3":"status-publish","4":"has-post-thumbnail","6":"product_cat-biblia","7":"product_cat-biblia-per-temes-catala","8":"product_cat-emaus","9":"product_cat-emaus-colleccions-catala","10":"product_cat-espiritualidad","11":"product_cat-espiritualitat","13":"first","14":"instock","15":"taxable","16":"shipping-taxable","17":"purchasable","18":"product-type-simple"},"acf":{"autor":"Go\u00f1i Beasoain de Paulorena, Jos\u00e9 Antonio","codart":"108108","ediciones":"1","encuadernacion":"R\u00fastica","fecha_de_publicacion":"20\/12\/2023","novedad":false,"paginas":"212","subtitulo":"","orden":"40","portada":false,"idioma":"spa","editorial":[{"ID":6736,"post_author":"2","post_date":"2023-10-06 08:35:24","post_date_gmt":"2023-10-06 06:35:24","post_content":"","post_title":"CPL","post_excerpt":"","post_status":"publish","comment_status":"closed","ping_status":"closed","post_password":"","post_name":"cpl","to_ping":"","pinged":"","post_modified":"2023-10-06 08:35:24","post_modified_gmt":"2023-10-06 06:35:24","post_content_filtered":"","post_parent":0,"guid":"https:\/\/nuevaweb.cpl.es\/editorial\/cpl\/","menu_order":0,"post_type":"editorial","post_mime_type":"","comment_count":"0","filter":"raw"}],"coleccion_num":"108"},"yoast_head":"<!-- This site is optimized with the Yoast SEO plugin v27.3 - https:\/\/yoast.com\/product\/yoast-seo-wordpress\/ -->\n<title>Tierra Santa. Libro del peregrino - CPL<\/title>\n<meta name=\"robots\" content=\"index, follow, max-snippet:-1, max-image-preview:large, max-video-preview:-1\" \/>\n<link rel=\"canonical\" href=\"https:\/\/www.cpl.es\/producto\/tierra-santa-libro-del-peregrino-9788498056389\/\" \/>\n<meta property=\"og:locale\" content=\"ca_ES\" \/>\n<meta property=\"og:type\" content=\"article\" \/>\n<meta property=\"og:title\" content=\"Tierra Santa. Libro del peregrino - CPL\" \/>\n<meta property=\"og:description\" content=\"Go\u00f1i Beasoain de Paulorena, Jos\u00e9 Antonio\" \/>\n<meta property=\"og:url\" content=\"https:\/\/www.cpl.es\/producto\/tierra-santa-libro-del-peregrino-9788498056389\/\" \/>\n<meta property=\"og:site_name\" content=\"CPL\" \/>\n<meta property=\"article:modified_time\" content=\"2026-02-12T16:45:54+00:00\" \/>\n<meta property=\"og:image\" content=\"https:\/\/www.cpl.es\/wp-content\/uploads\/108108.jpg\" \/>\n\t<meta property=\"og:image:width\" content=\"250\" \/>\n\t<meta property=\"og:image:height\" content=\"396\" \/>\n\t<meta property=\"og:image:type\" content=\"image\/jpeg\" \/>\n<meta name=\"twitter:card\" content=\"summary_large_image\" \/>\n<meta name=\"twitter:label1\" content=\"Temps estimat de lectura\" \/>\n\t<meta name=\"twitter:data1\" content=\"1 minut\" \/>\n<script type=\"application\/ld+json\" class=\"yoast-schema-graph\">{\"@context\":\"https:\\\/\\\/schema.org\",\"@graph\":[{\"@type\":\"WebPage\",\"@id\":\"https:\\\/\\\/www.cpl.es\\\/producto\\\/tierra-santa-libro-del-peregrino-9788498056389\\\/\",\"url\":\"https:\\\/\\\/www.cpl.es\\\/producto\\\/tierra-santa-libro-del-peregrino-9788498056389\\\/\",\"name\":\"Tierra Santa. Libro del peregrino - CPL\",\"isPartOf\":{\"@id\":\"https:\\\/\\\/www.cpl.es\\\/#website\"},\"primaryImageOfPage\":{\"@id\":\"https:\\\/\\\/www.cpl.es\\\/producto\\\/tierra-santa-libro-del-peregrino-9788498056389\\\/#primaryimage\"},\"image\":{\"@id\":\"https:\\\/\\\/www.cpl.es\\\/producto\\\/tierra-santa-libro-del-peregrino-9788498056389\\\/#primaryimage\"},\"thumbnailUrl\":\"https:\\\/\\\/www.cpl.es\\\/wp-content\\\/uploads\\\/108108.jpg\",\"datePublished\":\"2023-10-03T23:48:35+00:00\",\"dateModified\":\"2026-02-12T16:45:54+00:00\",\"breadcrumb\":{\"@id\":\"https:\\\/\\\/www.cpl.es\\\/producto\\\/tierra-santa-libro-del-peregrino-9788498056389\\\/#breadcrumb\"},\"inLanguage\":\"ca\",\"potentialAction\":[{\"@type\":\"ReadAction\",\"target\":[\"https:\\\/\\\/www.cpl.es\\\/producto\\\/tierra-santa-libro-del-peregrino-9788498056389\\\/\"]}]},{\"@type\":\"ImageObject\",\"inLanguage\":\"ca\",\"@id\":\"https:\\\/\\\/www.cpl.es\\\/producto\\\/tierra-santa-libro-del-peregrino-9788498056389\\\/#primaryimage\",\"url\":\"https:\\\/\\\/www.cpl.es\\\/wp-content\\\/uploads\\\/108108.jpg\",\"contentUrl\":\"https:\\\/\\\/www.cpl.es\\\/wp-content\\\/uploads\\\/108108.jpg\",\"width\":250,\"height\":396,\"caption\":\"108108.jpg\"},{\"@type\":\"BreadcrumbList\",\"@id\":\"https:\\\/\\\/www.cpl.es\\\/producto\\\/tierra-santa-libro-del-peregrino-9788498056389\\\/#breadcrumb\",\"itemListElement\":[{\"@type\":\"ListItem\",\"position\":1,\"name\":\"Portada\",\"item\":\"https:\\\/\\\/www.cpl.es\\\/ca\\\/\"},{\"@type\":\"ListItem\",\"position\":2,\"name\":\"Cat\u00e0leg\",\"item\":\"https:\\\/\\\/www.cpl.es\\\/ca\\\/cataleg\\\/\"},{\"@type\":\"ListItem\",\"position\":3,\"name\":\"Tierra Santa. Libro del peregrino\"}]},{\"@type\":\"WebSite\",\"@id\":\"https:\\\/\\\/www.cpl.es\\\/#website\",\"url\":\"https:\\\/\\\/www.cpl.es\\\/\",\"name\":\"CPL\",\"description\":\"Centre de Pastoral Lit\u00fargica de Barcelona\",\"publisher\":{\"@id\":\"https:\\\/\\\/www.cpl.es\\\/#organization\"},\"alternateName\":\"Centre de Pastoral Lit\u00fargica\",\"potentialAction\":[{\"@type\":\"SearchAction\",\"target\":{\"@type\":\"EntryPoint\",\"urlTemplate\":\"https:\\\/\\\/www.cpl.es\\\/?s={search_term_string}\"},\"query-input\":{\"@type\":\"PropertyValueSpecification\",\"valueRequired\":true,\"valueName\":\"search_term_string\"}}],\"inLanguage\":\"ca\"},{\"@type\":\"Organization\",\"@id\":\"https:\\\/\\\/www.cpl.es\\\/#organization\",\"name\":\"Centre de Pastoral Lit\u00fargica\",\"alternateName\":\"Centre de Pastoral Lit\u00fargica de Barcelona\",\"url\":\"https:\\\/\\\/www.cpl.es\\\/\",\"logo\":{\"@type\":\"ImageObject\",\"inLanguage\":\"ca\",\"@id\":\"https:\\\/\\\/www.cpl.es\\\/#\\\/schema\\\/logo\\\/image\\\/\",\"url\":\"https:\\\/\\\/www.cpl.es\\\/wp-content\\\/uploads\\\/logo-cpl.svg\",\"contentUrl\":\"https:\\\/\\\/www.cpl.es\\\/wp-content\\\/uploads\\\/logo-cpl.svg\",\"caption\":\"Centre de Pastoral Lit\u00fargica\"},\"image\":{\"@id\":\"https:\\\/\\\/www.cpl.es\\\/#\\\/schema\\\/logo\\\/image\\\/\"}}]}<\/script>\n<!-- \/ Yoast SEO plugin. -->","yoast_head_json":{"title":"Tierra Santa. Libro del peregrino - CPL","robots":{"index":"index","follow":"follow","max-snippet":"max-snippet:-1","max-image-preview":"max-image-preview:large","max-video-preview":"max-video-preview:-1"},"canonical":"https:\/\/www.cpl.es\/producto\/tierra-santa-libro-del-peregrino-9788498056389\/","og_locale":"ca_ES","og_type":"article","og_title":"Tierra Santa. Libro del peregrino - CPL","og_description":"Go\u00f1i Beasoain de Paulorena, Jos\u00e9 Antonio","og_url":"https:\/\/www.cpl.es\/producto\/tierra-santa-libro-del-peregrino-9788498056389\/","og_site_name":"CPL","article_modified_time":"2026-02-12T16:45:54+00:00","og_image":[{"width":250,"height":396,"url":"https:\/\/www.cpl.es\/wp-content\/uploads\/108108.jpg","type":"image\/jpeg"}],"twitter_card":"summary_large_image","twitter_misc":{"Temps estimat de lectura":"1 minut"},"schema":{"@context":"https:\/\/schema.org","@graph":[{"@type":"WebPage","@id":"https:\/\/www.cpl.es\/producto\/tierra-santa-libro-del-peregrino-9788498056389\/","url":"https:\/\/www.cpl.es\/producto\/tierra-santa-libro-del-peregrino-9788498056389\/","name":"Tierra Santa. Libro del peregrino - CPL","isPartOf":{"@id":"https:\/\/www.cpl.es\/#website"},"primaryImageOfPage":{"@id":"https:\/\/www.cpl.es\/producto\/tierra-santa-libro-del-peregrino-9788498056389\/#primaryimage"},"image":{"@id":"https:\/\/www.cpl.es\/producto\/tierra-santa-libro-del-peregrino-9788498056389\/#primaryimage"},"thumbnailUrl":"https:\/\/www.cpl.es\/wp-content\/uploads\/108108.jpg","datePublished":"2023-10-03T23:48:35+00:00","dateModified":"2026-02-12T16:45:54+00:00","breadcrumb":{"@id":"https:\/\/www.cpl.es\/producto\/tierra-santa-libro-del-peregrino-9788498056389\/#breadcrumb"},"inLanguage":"ca","potentialAction":[{"@type":"ReadAction","target":["https:\/\/www.cpl.es\/producto\/tierra-santa-libro-del-peregrino-9788498056389\/"]}]},{"@type":"ImageObject","inLanguage":"ca","@id":"https:\/\/www.cpl.es\/producto\/tierra-santa-libro-del-peregrino-9788498056389\/#primaryimage","url":"https:\/\/www.cpl.es\/wp-content\/uploads\/108108.jpg","contentUrl":"https:\/\/www.cpl.es\/wp-content\/uploads\/108108.jpg","width":250,"height":396,"caption":"108108.jpg"},{"@type":"BreadcrumbList","@id":"https:\/\/www.cpl.es\/producto\/tierra-santa-libro-del-peregrino-9788498056389\/#breadcrumb","itemListElement":[{"@type":"ListItem","position":1,"name":"Portada","item":"https:\/\/www.cpl.es\/ca\/"},{"@type":"ListItem","position":2,"name":"Cat\u00e0leg","item":"https:\/\/www.cpl.es\/ca\/cataleg\/"},{"@type":"ListItem","position":3,"name":"Tierra Santa. Libro del peregrino"}]},{"@type":"WebSite","@id":"https:\/\/www.cpl.es\/#website","url":"https:\/\/www.cpl.es\/","name":"CPL","description":"Centre de Pastoral Lit\u00fargica de Barcelona","publisher":{"@id":"https:\/\/www.cpl.es\/#organization"},"alternateName":"Centre de Pastoral Lit\u00fargica","potentialAction":[{"@type":"SearchAction","target":{"@type":"EntryPoint","urlTemplate":"https:\/\/www.cpl.es\/?s={search_term_string}"},"query-input":{"@type":"PropertyValueSpecification","valueRequired":true,"valueName":"search_term_string"}}],"inLanguage":"ca"},{"@type":"Organization","@id":"https:\/\/www.cpl.es\/#organization","name":"Centre de Pastoral Lit\u00fargica","alternateName":"Centre de Pastoral Lit\u00fargica de Barcelona","url":"https:\/\/www.cpl.es\/","logo":{"@type":"ImageObject","inLanguage":"ca","@id":"https:\/\/www.cpl.es\/#\/schema\/logo\/image\/","url":"https:\/\/www.cpl.es\/wp-content\/uploads\/logo-cpl.svg","contentUrl":"https:\/\/www.cpl.es\/wp-content\/uploads\/logo-cpl.svg","caption":"Centre de Pastoral Lit\u00fargica"},"image":{"@id":"https:\/\/www.cpl.es\/#\/schema\/logo\/image\/"}}]}},"_links":{"self":[{"href":"https:\/\/www.cpl.es\/ca\/wp-json\/wp\/v2\/product\/2654","targetHints":{"allow":["GET"]}}],"collection":[{"href":"https:\/\/www.cpl.es\/ca\/wp-json\/wp\/v2\/product"}],"about":[{"href":"https:\/\/www.cpl.es\/ca\/wp-json\/wp\/v2\/types\/product"}],"wp:featuredmedia":[{"embeddable":true,"href":"https:\/\/www.cpl.es\/ca\/wp-json\/wp\/v2\/media\/2655"}],"wp:attachment":[{"href":"https:\/\/www.cpl.es\/ca\/wp-json\/wp\/v2\/media?parent=2654"}],"wp:term":[{"taxonomy":"product_brand","embeddable":true,"href":"https:\/\/www.cpl.es\/ca\/wp-json\/wp\/v2\/product_brand?post=2654"},{"taxonomy":"product_cat","embeddable":true,"href":"https:\/\/www.cpl.es\/ca\/wp-json\/wp\/v2\/product_cat?post=2654"},{"taxonomy":"product_tag","embeddable":true,"href":"https:\/\/www.cpl.es\/ca\/wp-json\/wp\/v2\/product_tag?post=2654"}],"curies":[{"name":"wp","href":"https:\/\/api.w.org\/{rel}","templated":true}]}}