{"id":2603,"date":"2023-10-04T01:47:00","date_gmt":"2023-10-03T23:47:00","guid":{"rendered":"https:\/\/nuevaweb.cpl.es\/producto\/creure-la-forca-del-testimoniatge-9788498056761\/"},"modified":"2026-02-12T17:53:28","modified_gmt":"2026-02-12T16:53:28","slug":"creure-la-forca-del-testimoniatge-9788498056761","status":"publish","type":"product","link":"https:\/\/www.cpl.es\/ca\/producto\/creure-la-forca-del-testimoniatge-9788498056761\/","title":{"rendered":"Creure: la for\u00e7a del testimoniatge"},"content":{"rendered":"<p>Un conjunt de relats breus que narren hist\u00f2ries relatives a personatges molt diversos, ressaltant en ells el seu proc\u00e9s de trobament amb la fe cristiana, o b\u00e9 el moment d\u2019una segona conversi\u00f3 o d\u2019un retorn a la fe. El testimoniatge de la fe ha estat el fi l conductor dels escrits que, setmana rere setmana, el bisbe de Sant Feliu de Llobregat ha anat publicant en el Full Dominical al llarg de l\u2019Any de la Fe. Ara, aplegats en llibre, aquestes reflexions s\u2019ofereixen com un ajut per al cam\u00ed creient tant dels seus primers destinataris, els diocesans de Sant Feliu, com de qualsevol altre cristi\u00e0 amb desig de refermar i consolidar la seva fe.<\/p>\n<p>Agust\u00ed Cort\u00e9s Soriano (Val\u00e8ncia, 1947) \u00e9s bisbe de Sant Feliu de Llobregat des de l\u2019erecci\u00f3 d\u2019aquesta di\u00f2cesi l\u2019any 2004, i abans ho havia estat d\u2019Eivissa. Ordenat prevere l\u2019any 1971, va exercir diverses responsabilitats parroquials a la seva di\u00f2cesi d\u2019origen, i en va ser tamb\u00e9 professor a la facultat de teologia i rector del seminari, fins al seu nomenament episcopal l\u2019any 1998.<\/p>\n","protected":false},"excerpt":{"rendered":"<p>Cortes Soriano, Mons. Agustin<\/p>\n","protected":false},"featured_media":2604,"template":"","meta":{"_acf_changed":false,"inline_featured_image":false},"product_brand":[],"product_cat":[73,88],"product_tag":[],"class_list":{"0":"post-2603","1":"product","2":"type-product","3":"status-publish","4":"has-post-thumbnail","6":"product_cat-emaus-colleccions-catala","7":"product_cat-espiritualitat","9":"first","10":"instock","11":"taxable","12":"shipping-taxable","13":"purchasable","14":"product-type-simple"},"acf":{"autor":"Cortes Soriano, Mons. Agustin","codart":"208112","ediciones":"1","encuadernacion":"R\u00fastica","fecha_de_publicacion":"01\/11\/2013","novedad":false,"paginas":"168","subtitulo":"","orden":"25","portada":false,"idioma":"cat","editorial":[{"ID":6736,"post_author":"2","post_date":"2023-10-06 08:35:24","post_date_gmt":"2023-10-06 06:35:24","post_content":"","post_title":"CPL","post_excerpt":"","post_status":"publish","comment_status":"closed","ping_status":"closed","post_password":"","post_name":"cpl","to_ping":"","pinged":"","post_modified":"2023-10-06 08:35:24","post_modified_gmt":"2023-10-06 06:35:24","post_content_filtered":"","post_parent":0,"guid":"https:\/\/nuevaweb.cpl.es\/editorial\/cpl\/","menu_order":0,"post_type":"editorial","post_mime_type":"","comment_count":"0","filter":"raw"}],"coleccion_num":"112"},"yoast_head":"<!-- This site is optimized with the Yoast SEO plugin v27.3 - https:\/\/yoast.com\/product\/yoast-seo-wordpress\/ -->\n<title>Creure: la for\u00e7a del testimoniatge - CPL<\/title>\n<meta name=\"robots\" content=\"index, follow, max-snippet:-1, max-image-preview:large, max-video-preview:-1\" \/>\n<link rel=\"canonical\" href=\"https:\/\/www.cpl.es\/producto\/creure-la-forca-del-testimoniatge-9788498056761\/\" \/>\n<meta property=\"og:locale\" content=\"ca_ES\" \/>\n<meta property=\"og:type\" content=\"article\" \/>\n<meta property=\"og:title\" content=\"Creure: la for\u00e7a del testimoniatge - CPL\" \/>\n<meta property=\"og:description\" content=\"Cortes Soriano, Mons. Agustin\" \/>\n<meta property=\"og:url\" content=\"https:\/\/www.cpl.es\/producto\/creure-la-forca-del-testimoniatge-9788498056761\/\" \/>\n<meta property=\"og:site_name\" content=\"CPL\" \/>\n<meta property=\"article:modified_time\" content=\"2026-02-12T16:53:28+00:00\" \/>\n<meta property=\"og:image\" content=\"https:\/\/www.cpl.es\/wp-content\/uploads\/208112.jpg\" \/>\n\t<meta property=\"og:image:width\" content=\"280\" \/>\n\t<meta property=\"og:image:height\" content=\"444\" \/>\n\t<meta property=\"og:image:type\" content=\"image\/jpeg\" \/>\n<meta name=\"twitter:card\" content=\"summary_large_image\" \/>\n<meta name=\"twitter:label1\" content=\"Temps estimat de lectura\" \/>\n\t<meta name=\"twitter:data1\" content=\"1 minut\" \/>\n<script type=\"application\/ld+json\" class=\"yoast-schema-graph\">{\"@context\":\"https:\\\/\\\/schema.org\",\"@graph\":[{\"@type\":\"WebPage\",\"@id\":\"https:\\\/\\\/www.cpl.es\\\/producto\\\/creure-la-forca-del-testimoniatge-9788498056761\\\/\",\"url\":\"https:\\\/\\\/www.cpl.es\\\/producto\\\/creure-la-forca-del-testimoniatge-9788498056761\\\/\",\"name\":\"Creure: la for\u00e7a del testimoniatge - CPL\",\"isPartOf\":{\"@id\":\"https:\\\/\\\/www.cpl.es\\\/#website\"},\"primaryImageOfPage\":{\"@id\":\"https:\\\/\\\/www.cpl.es\\\/producto\\\/creure-la-forca-del-testimoniatge-9788498056761\\\/#primaryimage\"},\"image\":{\"@id\":\"https:\\\/\\\/www.cpl.es\\\/producto\\\/creure-la-forca-del-testimoniatge-9788498056761\\\/#primaryimage\"},\"thumbnailUrl\":\"https:\\\/\\\/www.cpl.es\\\/wp-content\\\/uploads\\\/208112.jpg\",\"datePublished\":\"2023-10-03T23:47:00+00:00\",\"dateModified\":\"2026-02-12T16:53:28+00:00\",\"breadcrumb\":{\"@id\":\"https:\\\/\\\/www.cpl.es\\\/producto\\\/creure-la-forca-del-testimoniatge-9788498056761\\\/#breadcrumb\"},\"inLanguage\":\"ca\",\"potentialAction\":[{\"@type\":\"ReadAction\",\"target\":[\"https:\\\/\\\/www.cpl.es\\\/producto\\\/creure-la-forca-del-testimoniatge-9788498056761\\\/\"]}]},{\"@type\":\"ImageObject\",\"inLanguage\":\"ca\",\"@id\":\"https:\\\/\\\/www.cpl.es\\\/producto\\\/creure-la-forca-del-testimoniatge-9788498056761\\\/#primaryimage\",\"url\":\"https:\\\/\\\/www.cpl.es\\\/wp-content\\\/uploads\\\/208112.jpg\",\"contentUrl\":\"https:\\\/\\\/www.cpl.es\\\/wp-content\\\/uploads\\\/208112.jpg\",\"width\":280,\"height\":444,\"caption\":\"208112.jpg\"},{\"@type\":\"BreadcrumbList\",\"@id\":\"https:\\\/\\\/www.cpl.es\\\/producto\\\/creure-la-forca-del-testimoniatge-9788498056761\\\/#breadcrumb\",\"itemListElement\":[{\"@type\":\"ListItem\",\"position\":1,\"name\":\"Portada\",\"item\":\"https:\\\/\\\/www.cpl.es\\\/ca\\\/\"},{\"@type\":\"ListItem\",\"position\":2,\"name\":\"Cat\u00e0leg\",\"item\":\"https:\\\/\\\/www.cpl.es\\\/ca\\\/cataleg\\\/\"},{\"@type\":\"ListItem\",\"position\":3,\"name\":\"Creure: la for\u00e7a del testimoniatge\"}]},{\"@type\":\"WebSite\",\"@id\":\"https:\\\/\\\/www.cpl.es\\\/#website\",\"url\":\"https:\\\/\\\/www.cpl.es\\\/\",\"name\":\"CPL\",\"description\":\"Centre de Pastoral Lit\u00fargica de Barcelona\",\"publisher\":{\"@id\":\"https:\\\/\\\/www.cpl.es\\\/#organization\"},\"alternateName\":\"Centre de Pastoral Lit\u00fargica\",\"potentialAction\":[{\"@type\":\"SearchAction\",\"target\":{\"@type\":\"EntryPoint\",\"urlTemplate\":\"https:\\\/\\\/www.cpl.es\\\/?s={search_term_string}\"},\"query-input\":{\"@type\":\"PropertyValueSpecification\",\"valueRequired\":true,\"valueName\":\"search_term_string\"}}],\"inLanguage\":\"ca\"},{\"@type\":\"Organization\",\"@id\":\"https:\\\/\\\/www.cpl.es\\\/#organization\",\"name\":\"Centre de Pastoral Lit\u00fargica\",\"alternateName\":\"Centre de Pastoral Lit\u00fargica de Barcelona\",\"url\":\"https:\\\/\\\/www.cpl.es\\\/\",\"logo\":{\"@type\":\"ImageObject\",\"inLanguage\":\"ca\",\"@id\":\"https:\\\/\\\/www.cpl.es\\\/#\\\/schema\\\/logo\\\/image\\\/\",\"url\":\"https:\\\/\\\/www.cpl.es\\\/wp-content\\\/uploads\\\/logo-cpl.svg\",\"contentUrl\":\"https:\\\/\\\/www.cpl.es\\\/wp-content\\\/uploads\\\/logo-cpl.svg\",\"caption\":\"Centre de Pastoral Lit\u00fargica\"},\"image\":{\"@id\":\"https:\\\/\\\/www.cpl.es\\\/#\\\/schema\\\/logo\\\/image\\\/\"}}]}<\/script>\n<!-- \/ Yoast SEO plugin. -->","yoast_head_json":{"title":"Creure: la for\u00e7a del testimoniatge - CPL","robots":{"index":"index","follow":"follow","max-snippet":"max-snippet:-1","max-image-preview":"max-image-preview:large","max-video-preview":"max-video-preview:-1"},"canonical":"https:\/\/www.cpl.es\/producto\/creure-la-forca-del-testimoniatge-9788498056761\/","og_locale":"ca_ES","og_type":"article","og_title":"Creure: la for\u00e7a del testimoniatge - CPL","og_description":"Cortes Soriano, Mons. Agustin","og_url":"https:\/\/www.cpl.es\/producto\/creure-la-forca-del-testimoniatge-9788498056761\/","og_site_name":"CPL","article_modified_time":"2026-02-12T16:53:28+00:00","og_image":[{"width":280,"height":444,"url":"https:\/\/www.cpl.es\/wp-content\/uploads\/208112.jpg","type":"image\/jpeg"}],"twitter_card":"summary_large_image","twitter_misc":{"Temps estimat de lectura":"1 minut"},"schema":{"@context":"https:\/\/schema.org","@graph":[{"@type":"WebPage","@id":"https:\/\/www.cpl.es\/producto\/creure-la-forca-del-testimoniatge-9788498056761\/","url":"https:\/\/www.cpl.es\/producto\/creure-la-forca-del-testimoniatge-9788498056761\/","name":"Creure: la for\u00e7a del testimoniatge - CPL","isPartOf":{"@id":"https:\/\/www.cpl.es\/#website"},"primaryImageOfPage":{"@id":"https:\/\/www.cpl.es\/producto\/creure-la-forca-del-testimoniatge-9788498056761\/#primaryimage"},"image":{"@id":"https:\/\/www.cpl.es\/producto\/creure-la-forca-del-testimoniatge-9788498056761\/#primaryimage"},"thumbnailUrl":"https:\/\/www.cpl.es\/wp-content\/uploads\/208112.jpg","datePublished":"2023-10-03T23:47:00+00:00","dateModified":"2026-02-12T16:53:28+00:00","breadcrumb":{"@id":"https:\/\/www.cpl.es\/producto\/creure-la-forca-del-testimoniatge-9788498056761\/#breadcrumb"},"inLanguage":"ca","potentialAction":[{"@type":"ReadAction","target":["https:\/\/www.cpl.es\/producto\/creure-la-forca-del-testimoniatge-9788498056761\/"]}]},{"@type":"ImageObject","inLanguage":"ca","@id":"https:\/\/www.cpl.es\/producto\/creure-la-forca-del-testimoniatge-9788498056761\/#primaryimage","url":"https:\/\/www.cpl.es\/wp-content\/uploads\/208112.jpg","contentUrl":"https:\/\/www.cpl.es\/wp-content\/uploads\/208112.jpg","width":280,"height":444,"caption":"208112.jpg"},{"@type":"BreadcrumbList","@id":"https:\/\/www.cpl.es\/producto\/creure-la-forca-del-testimoniatge-9788498056761\/#breadcrumb","itemListElement":[{"@type":"ListItem","position":1,"name":"Portada","item":"https:\/\/www.cpl.es\/ca\/"},{"@type":"ListItem","position":2,"name":"Cat\u00e0leg","item":"https:\/\/www.cpl.es\/ca\/cataleg\/"},{"@type":"ListItem","position":3,"name":"Creure: la for\u00e7a del testimoniatge"}]},{"@type":"WebSite","@id":"https:\/\/www.cpl.es\/#website","url":"https:\/\/www.cpl.es\/","name":"CPL","description":"Centre de Pastoral Lit\u00fargica de Barcelona","publisher":{"@id":"https:\/\/www.cpl.es\/#organization"},"alternateName":"Centre de Pastoral Lit\u00fargica","potentialAction":[{"@type":"SearchAction","target":{"@type":"EntryPoint","urlTemplate":"https:\/\/www.cpl.es\/?s={search_term_string}"},"query-input":{"@type":"PropertyValueSpecification","valueRequired":true,"valueName":"search_term_string"}}],"inLanguage":"ca"},{"@type":"Organization","@id":"https:\/\/www.cpl.es\/#organization","name":"Centre de Pastoral Lit\u00fargica","alternateName":"Centre de Pastoral Lit\u00fargica de Barcelona","url":"https:\/\/www.cpl.es\/","logo":{"@type":"ImageObject","inLanguage":"ca","@id":"https:\/\/www.cpl.es\/#\/schema\/logo\/image\/","url":"https:\/\/www.cpl.es\/wp-content\/uploads\/logo-cpl.svg","contentUrl":"https:\/\/www.cpl.es\/wp-content\/uploads\/logo-cpl.svg","caption":"Centre de Pastoral Lit\u00fargica"},"image":{"@id":"https:\/\/www.cpl.es\/#\/schema\/logo\/image\/"}}]}},"_links":{"self":[{"href":"https:\/\/www.cpl.es\/ca\/wp-json\/wp\/v2\/product\/2603","targetHints":{"allow":["GET"]}}],"collection":[{"href":"https:\/\/www.cpl.es\/ca\/wp-json\/wp\/v2\/product"}],"about":[{"href":"https:\/\/www.cpl.es\/ca\/wp-json\/wp\/v2\/types\/product"}],"wp:featuredmedia":[{"embeddable":true,"href":"https:\/\/www.cpl.es\/ca\/wp-json\/wp\/v2\/media\/2604"}],"wp:attachment":[{"href":"https:\/\/www.cpl.es\/ca\/wp-json\/wp\/v2\/media?parent=2603"}],"wp:term":[{"taxonomy":"product_brand","embeddable":true,"href":"https:\/\/www.cpl.es\/ca\/wp-json\/wp\/v2\/product_brand?post=2603"},{"taxonomy":"product_cat","embeddable":true,"href":"https:\/\/www.cpl.es\/ca\/wp-json\/wp\/v2\/product_cat?post=2603"},{"taxonomy":"product_tag","embeddable":true,"href":"https:\/\/www.cpl.es\/ca\/wp-json\/wp\/v2\/product_tag?post=2603"}],"curies":[{"name":"wp","href":"https:\/\/api.w.org\/{rel}","templated":true}]}}