{"id":2585,"date":"2023-10-04T01:46:25","date_gmt":"2023-10-03T23:46:25","guid":{"rendered":"https:\/\/nuevaweb.cpl.es\/producto\/vivir-hoy-las-fidelidades-9788498056594\/"},"modified":"2026-02-12T16:54:32","modified_gmt":"2026-02-12T15:54:32","slug":"vivir-hoy-las-fidelidades-9788498056594","status":"publish","type":"product","link":"https:\/\/www.cpl.es\/ca\/producto\/vivir-hoy-las-fidelidades-9788498056594\/","title":{"rendered":"Vivir hoy las fidelidades"},"content":{"rendered":"<p>\u00bfQu\u00e9 significa hoy, en este mundo nuestro tan cambiante, la fidelidad? Una fidelidad tantas veces confundida con la sumisi\u00f3n, o con la renuncia a la propia libertad, y que por eso a menudo es rechazada por quien quiere vivir una vida realizada y plena. Este libro nos ayuda a buscar la autenticidad de esta actitud tan b\u00e1sica, que se fundamenta en la fidelidad a Dios y al Evangelio, y que se traduce entonces en una forma de vivir arraigada en el amor y que por eso es libre, din\u00e1mica, creativa&#8230; La reflexi\u00f3n que ofrecen estas p\u00e1ginas sin duda ayudar\u00e1 a los lectores en el constante camino de b\u00fasqueda de una vida m\u00e1s humana y m\u00e1s cristiana.<\/p>\n<p>Manuel Sim\u00f3 Tarrag\u00f3 (Barcelona, 1939) es sacerdote y licenciado en periodismo. Es autor de libros y publicaciones sobre temas tanto sociales como eclesiales, y ha impartido numerosas catequesis de adultos sobre todo de temas b\u00edblicos. Colabora en la revista Misa Dominical del CPL y actualmente es p\u00e1rroco de la parroquia de Santa Mar\u00eda Magdalena de Viladecans (di\u00f3cesis de Sant Feliu de Llobregat).<\/p>\n","protected":false},"excerpt":{"rendered":"<p>Sim\u00f3 Tarrag\u00f3, Manuel<\/p>\n","protected":false},"featured_media":2586,"template":"","meta":{"_acf_changed":false,"inline_featured_image":false},"product_brand":[],"product_cat":[73,49,65,88],"product_tag":[],"class_list":{"0":"post-2585","1":"product","2":"type-product","3":"status-publish","4":"has-post-thumbnail","6":"product_cat-emaus-colleccions-catala","7":"product_cat-emaus","8":"product_cat-espiritualidad","9":"product_cat-espiritualitat","11":"first","12":"instock","13":"taxable","14":"shipping-taxable","15":"purchasable","16":"product-type-simple"},"acf":{"autor":"Sim\u00f3 Tarrag\u00f3, Manuel","codart":"108110","ediciones":"1","encuadernacion":"R\u00fastica","fecha_de_publicacion":"15\/11\/2013","novedad":false,"paginas":"104","subtitulo":"","orden":"50","portada":false,"idioma":"spa","editorial":[{"ID":6736,"post_author":"2","post_date":"2023-10-06 08:35:24","post_date_gmt":"2023-10-06 06:35:24","post_content":"","post_title":"CPL","post_excerpt":"","post_status":"publish","comment_status":"closed","ping_status":"closed","post_password":"","post_name":"cpl","to_ping":"","pinged":"","post_modified":"2023-10-06 08:35:24","post_modified_gmt":"2023-10-06 06:35:24","post_content_filtered":"","post_parent":0,"guid":"https:\/\/nuevaweb.cpl.es\/editorial\/cpl\/","menu_order":0,"post_type":"editorial","post_mime_type":"","comment_count":"0","filter":"raw"}],"coleccion_num":"110"},"yoast_head":"<!-- This site is optimized with the Yoast SEO plugin v27.3 - https:\/\/yoast.com\/product\/yoast-seo-wordpress\/ -->\n<title>Vivir hoy las fidelidades - CPL<\/title>\n<meta name=\"robots\" content=\"index, follow, max-snippet:-1, max-image-preview:large, max-video-preview:-1\" \/>\n<link rel=\"canonical\" href=\"https:\/\/www.cpl.es\/producto\/vivir-hoy-las-fidelidades-9788498056594\/\" \/>\n<meta property=\"og:locale\" content=\"ca_ES\" \/>\n<meta property=\"og:type\" content=\"article\" \/>\n<meta property=\"og:title\" content=\"Vivir hoy las fidelidades - CPL\" \/>\n<meta property=\"og:description\" content=\"Sim\u00f3 Tarrag\u00f3, Manuel\" \/>\n<meta property=\"og:url\" content=\"https:\/\/www.cpl.es\/producto\/vivir-hoy-las-fidelidades-9788498056594\/\" \/>\n<meta property=\"og:site_name\" content=\"CPL\" \/>\n<meta property=\"article:modified_time\" content=\"2026-02-12T15:54:32+00:00\" \/>\n<meta property=\"og:image\" content=\"https:\/\/www.cpl.es\/wp-content\/uploads\/108110.jpg\" \/>\n\t<meta property=\"og:image:width\" content=\"250\" \/>\n\t<meta property=\"og:image:height\" content=\"396\" \/>\n\t<meta property=\"og:image:type\" content=\"image\/jpeg\" \/>\n<meta name=\"twitter:card\" content=\"summary_large_image\" \/>\n<meta name=\"twitter:label1\" content=\"Temps estimat de lectura\" \/>\n\t<meta name=\"twitter:data1\" content=\"1 minut\" \/>\n<script type=\"application\/ld+json\" class=\"yoast-schema-graph\">{\"@context\":\"https:\\\/\\\/schema.org\",\"@graph\":[{\"@type\":\"WebPage\",\"@id\":\"https:\\\/\\\/www.cpl.es\\\/producto\\\/vivir-hoy-las-fidelidades-9788498056594\\\/\",\"url\":\"https:\\\/\\\/www.cpl.es\\\/producto\\\/vivir-hoy-las-fidelidades-9788498056594\\\/\",\"name\":\"Vivir hoy las fidelidades - CPL\",\"isPartOf\":{\"@id\":\"https:\\\/\\\/www.cpl.es\\\/#website\"},\"primaryImageOfPage\":{\"@id\":\"https:\\\/\\\/www.cpl.es\\\/producto\\\/vivir-hoy-las-fidelidades-9788498056594\\\/#primaryimage\"},\"image\":{\"@id\":\"https:\\\/\\\/www.cpl.es\\\/producto\\\/vivir-hoy-las-fidelidades-9788498056594\\\/#primaryimage\"},\"thumbnailUrl\":\"https:\\\/\\\/www.cpl.es\\\/wp-content\\\/uploads\\\/108110.jpg\",\"datePublished\":\"2023-10-03T23:46:25+00:00\",\"dateModified\":\"2026-02-12T15:54:32+00:00\",\"breadcrumb\":{\"@id\":\"https:\\\/\\\/www.cpl.es\\\/producto\\\/vivir-hoy-las-fidelidades-9788498056594\\\/#breadcrumb\"},\"inLanguage\":\"ca\",\"potentialAction\":[{\"@type\":\"ReadAction\",\"target\":[\"https:\\\/\\\/www.cpl.es\\\/producto\\\/vivir-hoy-las-fidelidades-9788498056594\\\/\"]}]},{\"@type\":\"ImageObject\",\"inLanguage\":\"ca\",\"@id\":\"https:\\\/\\\/www.cpl.es\\\/producto\\\/vivir-hoy-las-fidelidades-9788498056594\\\/#primaryimage\",\"url\":\"https:\\\/\\\/www.cpl.es\\\/wp-content\\\/uploads\\\/108110.jpg\",\"contentUrl\":\"https:\\\/\\\/www.cpl.es\\\/wp-content\\\/uploads\\\/108110.jpg\",\"width\":250,\"height\":396,\"caption\":\"108110.jpg\"},{\"@type\":\"BreadcrumbList\",\"@id\":\"https:\\\/\\\/www.cpl.es\\\/producto\\\/vivir-hoy-las-fidelidades-9788498056594\\\/#breadcrumb\",\"itemListElement\":[{\"@type\":\"ListItem\",\"position\":1,\"name\":\"Portada\",\"item\":\"https:\\\/\\\/www.cpl.es\\\/ca\\\/\"},{\"@type\":\"ListItem\",\"position\":2,\"name\":\"Cat\u00e0leg\",\"item\":\"https:\\\/\\\/www.cpl.es\\\/ca\\\/cataleg\\\/\"},{\"@type\":\"ListItem\",\"position\":3,\"name\":\"Vivir hoy las fidelidades\"}]},{\"@type\":\"WebSite\",\"@id\":\"https:\\\/\\\/www.cpl.es\\\/#website\",\"url\":\"https:\\\/\\\/www.cpl.es\\\/\",\"name\":\"CPL\",\"description\":\"Centre de Pastoral Lit\u00fargica de Barcelona\",\"publisher\":{\"@id\":\"https:\\\/\\\/www.cpl.es\\\/#organization\"},\"alternateName\":\"Centre de Pastoral Lit\u00fargica\",\"potentialAction\":[{\"@type\":\"SearchAction\",\"target\":{\"@type\":\"EntryPoint\",\"urlTemplate\":\"https:\\\/\\\/www.cpl.es\\\/?s={search_term_string}\"},\"query-input\":{\"@type\":\"PropertyValueSpecification\",\"valueRequired\":true,\"valueName\":\"search_term_string\"}}],\"inLanguage\":\"ca\"},{\"@type\":\"Organization\",\"@id\":\"https:\\\/\\\/www.cpl.es\\\/#organization\",\"name\":\"Centre de Pastoral Lit\u00fargica\",\"alternateName\":\"Centre de Pastoral Lit\u00fargica de Barcelona\",\"url\":\"https:\\\/\\\/www.cpl.es\\\/\",\"logo\":{\"@type\":\"ImageObject\",\"inLanguage\":\"ca\",\"@id\":\"https:\\\/\\\/www.cpl.es\\\/#\\\/schema\\\/logo\\\/image\\\/\",\"url\":\"https:\\\/\\\/www.cpl.es\\\/wp-content\\\/uploads\\\/logo-cpl.svg\",\"contentUrl\":\"https:\\\/\\\/www.cpl.es\\\/wp-content\\\/uploads\\\/logo-cpl.svg\",\"caption\":\"Centre de Pastoral Lit\u00fargica\"},\"image\":{\"@id\":\"https:\\\/\\\/www.cpl.es\\\/#\\\/schema\\\/logo\\\/image\\\/\"}}]}<\/script>\n<!-- \/ Yoast SEO plugin. -->","yoast_head_json":{"title":"Vivir hoy las fidelidades - CPL","robots":{"index":"index","follow":"follow","max-snippet":"max-snippet:-1","max-image-preview":"max-image-preview:large","max-video-preview":"max-video-preview:-1"},"canonical":"https:\/\/www.cpl.es\/producto\/vivir-hoy-las-fidelidades-9788498056594\/","og_locale":"ca_ES","og_type":"article","og_title":"Vivir hoy las fidelidades - CPL","og_description":"Sim\u00f3 Tarrag\u00f3, Manuel","og_url":"https:\/\/www.cpl.es\/producto\/vivir-hoy-las-fidelidades-9788498056594\/","og_site_name":"CPL","article_modified_time":"2026-02-12T15:54:32+00:00","og_image":[{"width":250,"height":396,"url":"https:\/\/www.cpl.es\/wp-content\/uploads\/108110.jpg","type":"image\/jpeg"}],"twitter_card":"summary_large_image","twitter_misc":{"Temps estimat de lectura":"1 minut"},"schema":{"@context":"https:\/\/schema.org","@graph":[{"@type":"WebPage","@id":"https:\/\/www.cpl.es\/producto\/vivir-hoy-las-fidelidades-9788498056594\/","url":"https:\/\/www.cpl.es\/producto\/vivir-hoy-las-fidelidades-9788498056594\/","name":"Vivir hoy las fidelidades - CPL","isPartOf":{"@id":"https:\/\/www.cpl.es\/#website"},"primaryImageOfPage":{"@id":"https:\/\/www.cpl.es\/producto\/vivir-hoy-las-fidelidades-9788498056594\/#primaryimage"},"image":{"@id":"https:\/\/www.cpl.es\/producto\/vivir-hoy-las-fidelidades-9788498056594\/#primaryimage"},"thumbnailUrl":"https:\/\/www.cpl.es\/wp-content\/uploads\/108110.jpg","datePublished":"2023-10-03T23:46:25+00:00","dateModified":"2026-02-12T15:54:32+00:00","breadcrumb":{"@id":"https:\/\/www.cpl.es\/producto\/vivir-hoy-las-fidelidades-9788498056594\/#breadcrumb"},"inLanguage":"ca","potentialAction":[{"@type":"ReadAction","target":["https:\/\/www.cpl.es\/producto\/vivir-hoy-las-fidelidades-9788498056594\/"]}]},{"@type":"ImageObject","inLanguage":"ca","@id":"https:\/\/www.cpl.es\/producto\/vivir-hoy-las-fidelidades-9788498056594\/#primaryimage","url":"https:\/\/www.cpl.es\/wp-content\/uploads\/108110.jpg","contentUrl":"https:\/\/www.cpl.es\/wp-content\/uploads\/108110.jpg","width":250,"height":396,"caption":"108110.jpg"},{"@type":"BreadcrumbList","@id":"https:\/\/www.cpl.es\/producto\/vivir-hoy-las-fidelidades-9788498056594\/#breadcrumb","itemListElement":[{"@type":"ListItem","position":1,"name":"Portada","item":"https:\/\/www.cpl.es\/ca\/"},{"@type":"ListItem","position":2,"name":"Cat\u00e0leg","item":"https:\/\/www.cpl.es\/ca\/cataleg\/"},{"@type":"ListItem","position":3,"name":"Vivir hoy las fidelidades"}]},{"@type":"WebSite","@id":"https:\/\/www.cpl.es\/#website","url":"https:\/\/www.cpl.es\/","name":"CPL","description":"Centre de Pastoral Lit\u00fargica de Barcelona","publisher":{"@id":"https:\/\/www.cpl.es\/#organization"},"alternateName":"Centre de Pastoral Lit\u00fargica","potentialAction":[{"@type":"SearchAction","target":{"@type":"EntryPoint","urlTemplate":"https:\/\/www.cpl.es\/?s={search_term_string}"},"query-input":{"@type":"PropertyValueSpecification","valueRequired":true,"valueName":"search_term_string"}}],"inLanguage":"ca"},{"@type":"Organization","@id":"https:\/\/www.cpl.es\/#organization","name":"Centre de Pastoral Lit\u00fargica","alternateName":"Centre de Pastoral Lit\u00fargica de Barcelona","url":"https:\/\/www.cpl.es\/","logo":{"@type":"ImageObject","inLanguage":"ca","@id":"https:\/\/www.cpl.es\/#\/schema\/logo\/image\/","url":"https:\/\/www.cpl.es\/wp-content\/uploads\/logo-cpl.svg","contentUrl":"https:\/\/www.cpl.es\/wp-content\/uploads\/logo-cpl.svg","caption":"Centre de Pastoral Lit\u00fargica"},"image":{"@id":"https:\/\/www.cpl.es\/#\/schema\/logo\/image\/"}}]}},"_links":{"self":[{"href":"https:\/\/www.cpl.es\/ca\/wp-json\/wp\/v2\/product\/2585","targetHints":{"allow":["GET"]}}],"collection":[{"href":"https:\/\/www.cpl.es\/ca\/wp-json\/wp\/v2\/product"}],"about":[{"href":"https:\/\/www.cpl.es\/ca\/wp-json\/wp\/v2\/types\/product"}],"wp:featuredmedia":[{"embeddable":true,"href":"https:\/\/www.cpl.es\/ca\/wp-json\/wp\/v2\/media\/2586"}],"wp:attachment":[{"href":"https:\/\/www.cpl.es\/ca\/wp-json\/wp\/v2\/media?parent=2585"}],"wp:term":[{"taxonomy":"product_brand","embeddable":true,"href":"https:\/\/www.cpl.es\/ca\/wp-json\/wp\/v2\/product_brand?post=2585"},{"taxonomy":"product_cat","embeddable":true,"href":"https:\/\/www.cpl.es\/ca\/wp-json\/wp\/v2\/product_cat?post=2585"},{"taxonomy":"product_tag","embeddable":true,"href":"https:\/\/www.cpl.es\/ca\/wp-json\/wp\/v2\/product_tag?post=2585"}],"curies":[{"name":"wp","href":"https:\/\/api.w.org\/{rel}","templated":true}]}}