{"id":25757,"date":"2026-02-26T11:38:19","date_gmt":"2026-02-26T10:38:19","guid":{"rendered":"https:\/\/www.cpl.es\/producto\/el-diaconado-femenino-una-posibilidad-9788491657460\/"},"modified":"2026-02-26T18:03:04","modified_gmt":"2026-02-26T17:03:04","slug":"el-diaconado-femenino-una-posibilidad-9788491657460","status":"publish","type":"product","link":"https:\/\/www.cpl.es\/ca\/producto\/el-diaconado-femenino-una-posibilidad-9788491657460\/","title":{"rendered":"El diaconado femenino. Una posibilidad"},"content":{"rendered":"<p>El diaconado femenino es hoy una de las cuestiones abiertas m\u00e1s relevantes en la vida de la Iglesia. Este libro ofrece una reflexi\u00f3n rigurosa y accesible sobre el diaconado, su origen apost\u00f3lico, su evoluci\u00f3n hist\u00f3rica y su lugar dentro del \u00fanico sacramento del orden. A partir de la tradici\u00f3n b\u00edblica, lit\u00fargica y teol\u00f3gica, Jaume Fontbona explora la posibilidad de un diaconado ejercido tanto por hombres como por mujeres, como respuesta a los signos de los tiempos y al camino sinodal de la Iglesia. Una aportaci\u00f3n clara y serena para profundizar en el sentido del ministerio diaconal y en el servicio a la comuni\u00f3n eclesial.<\/p>\n<p><\/p>\n<p>Jaume Fontbona Miss\u00e9 (Arenys de Munt, 1958) es presb\u00edtero de la Iglesia local de Barcelona, doctor en Teolog\u00eda, profesor ordinario de la Facultat de Teologia del Ateneu Universitari Sant Paci\u00e0, vicario parroquial de Santa Maria del Taulat y Sant Bernat Calv\u00f3 de Barcelona. Es miembro del Centre de Pastoral Lit\u00fargica de Barcelona, del cual ha sido presidente de 2008 a 2017 y lo vuelve a ser desde 2025. Es miembro de la Asociaci\u00f3n de Presb\u00edteros del Prado y de la Associaci\u00f3 B\u00edblica de Catalunya. Es consiliario de la Acci\u00f3n Cat\u00f3lica, tanto de la especializada (JOC y ACO) como<\/p>\n<p>de la general (ACG). Ha sido consiliario nacional de la JOC Nacional de Catalunya i les Illes desde 2016 hasta 2021, y p\u00e1rroco de la parroquia de Crist Rei de La Sagrera desde 2014 hasta 2019.<\/p>\n","protected":false},"excerpt":{"rendered":"<p>Fontbona Miss\u00e9, Jaume<\/p>\n","protected":false},"featured_media":25758,"template":"","meta":{"_acf_changed":false,"inline_featured_image":false},"product_brand":[],"product_cat":[73,49],"product_tag":[],"class_list":{"0":"post-25757","1":"product","2":"type-product","3":"status-publish","4":"has-post-thumbnail","6":"product_cat-emaus-colleccions-catala","7":"product_cat-emaus","9":"first","10":"instock","11":"taxable","12":"shipping-taxable","13":"purchasable","14":"product-type-simple"},"acf":{"autor":"Fontbona Miss\u00e9, Jaume","codart":"108186","ediciones":"1","encuadernacion":"R\u00fastica","fecha_de_publicacion":"13\/02\/2026","novedad":false,"paginas":"104","subtitulo":"","orden":"999","portada":false,"idioma":"spa","coleccion_num":"186","editorial":[{"ID":6736,"post_author":"2","post_date":"2023-10-06 08:35:24","post_date_gmt":"2023-10-06 06:35:24","post_content":"","post_title":"CPL","post_excerpt":"","post_status":"publish","comment_status":"closed","ping_status":"closed","post_password":"","post_name":"cpl","to_ping":"","pinged":"","post_modified":"2023-10-06 08:35:24","post_modified_gmt":"2023-10-06 06:35:24","post_content_filtered":"","post_parent":0,"guid":"https:\/\/nuevaweb.cpl.es\/editorial\/cpl\/","menu_order":0,"post_type":"editorial","post_mime_type":"","comment_count":"0","filter":"raw"}]},"yoast_head":"<!-- This site is optimized with the Yoast SEO plugin v27.5 - https:\/\/yoast.com\/product\/yoast-seo-wordpress\/ -->\n<title>El diaconado femenino. Una posibilidad - CPL<\/title>\n<meta name=\"robots\" content=\"index, follow, max-snippet:-1, max-image-preview:large, max-video-preview:-1\" \/>\n<link rel=\"canonical\" href=\"https:\/\/www.cpl.es\/producto\/el-diaconado-femenino-una-posibilidad-9788491657460\/\" \/>\n<meta property=\"og:locale\" content=\"ca_ES\" \/>\n<meta property=\"og:type\" content=\"article\" \/>\n<meta property=\"og:title\" content=\"El diaconado femenino. Una posibilidad - CPL\" \/>\n<meta property=\"og:description\" content=\"Fontbona Miss\u00e9, Jaume\" \/>\n<meta property=\"og:url\" content=\"https:\/\/www.cpl.es\/producto\/el-diaconado-femenino-una-posibilidad-9788491657460\/\" \/>\n<meta property=\"og:site_name\" content=\"CPL\" \/>\n<meta property=\"article:modified_time\" content=\"2026-02-26T17:03:04+00:00\" \/>\n<meta property=\"og:image\" content=\"https:\/\/www.cpl.es\/wp-content\/uploads\/108186.jpg\" \/>\n\t<meta property=\"og:image:width\" content=\"1417\" \/>\n\t<meta property=\"og:image:height\" content=\"2244\" \/>\n\t<meta property=\"og:image:type\" content=\"image\/jpeg\" \/>\n<meta name=\"twitter:card\" content=\"summary_large_image\" \/>\n<meta name=\"twitter:label1\" content=\"Temps estimat de lectura\" \/>\n\t<meta name=\"twitter:data1\" content=\"1 minut\" \/>\n<script type=\"application\/ld+json\" class=\"yoast-schema-graph\">{\"@context\":\"https:\\\/\\\/schema.org\",\"@graph\":[{\"@type\":\"WebPage\",\"@id\":\"https:\\\/\\\/www.cpl.es\\\/producto\\\/el-diaconado-femenino-una-posibilidad-9788491657460\\\/\",\"url\":\"https:\\\/\\\/www.cpl.es\\\/producto\\\/el-diaconado-femenino-una-posibilidad-9788491657460\\\/\",\"name\":\"El diaconado femenino. Una posibilidad - CPL\",\"isPartOf\":{\"@id\":\"https:\\\/\\\/www.cpl.es\\\/#website\"},\"primaryImageOfPage\":{\"@id\":\"https:\\\/\\\/www.cpl.es\\\/producto\\\/el-diaconado-femenino-una-posibilidad-9788491657460\\\/#primaryimage\"},\"image\":{\"@id\":\"https:\\\/\\\/www.cpl.es\\\/producto\\\/el-diaconado-femenino-una-posibilidad-9788491657460\\\/#primaryimage\"},\"thumbnailUrl\":\"https:\\\/\\\/www.cpl.es\\\/wp-content\\\/uploads\\\/108186.jpg\",\"datePublished\":\"2026-02-26T10:38:19+00:00\",\"dateModified\":\"2026-02-26T17:03:04+00:00\",\"breadcrumb\":{\"@id\":\"https:\\\/\\\/www.cpl.es\\\/producto\\\/el-diaconado-femenino-una-posibilidad-9788491657460\\\/#breadcrumb\"},\"inLanguage\":\"ca\",\"potentialAction\":[{\"@type\":\"ReadAction\",\"target\":[\"https:\\\/\\\/www.cpl.es\\\/producto\\\/el-diaconado-femenino-una-posibilidad-9788491657460\\\/\"]}]},{\"@type\":\"ImageObject\",\"inLanguage\":\"ca\",\"@id\":\"https:\\\/\\\/www.cpl.es\\\/producto\\\/el-diaconado-femenino-una-posibilidad-9788491657460\\\/#primaryimage\",\"url\":\"https:\\\/\\\/www.cpl.es\\\/wp-content\\\/uploads\\\/108186.jpg\",\"contentUrl\":\"https:\\\/\\\/www.cpl.es\\\/wp-content\\\/uploads\\\/108186.jpg\",\"width\":1417,\"height\":2244,\"caption\":\"108186.jpg\"},{\"@type\":\"BreadcrumbList\",\"@id\":\"https:\\\/\\\/www.cpl.es\\\/producto\\\/el-diaconado-femenino-una-posibilidad-9788491657460\\\/#breadcrumb\",\"itemListElement\":[{\"@type\":\"ListItem\",\"position\":1,\"name\":\"Portada\",\"item\":\"https:\\\/\\\/www.cpl.es\\\/ca\\\/\"},{\"@type\":\"ListItem\",\"position\":2,\"name\":\"Cat\u00e0leg\",\"item\":\"https:\\\/\\\/www.cpl.es\\\/ca\\\/cataleg\\\/\"},{\"@type\":\"ListItem\",\"position\":3,\"name\":\"El diaconado femenino. Una posibilidad\"}]},{\"@type\":\"WebSite\",\"@id\":\"https:\\\/\\\/www.cpl.es\\\/#website\",\"url\":\"https:\\\/\\\/www.cpl.es\\\/\",\"name\":\"CPL\",\"description\":\"Centre de Pastoral Lit\u00fargica de Barcelona\",\"publisher\":{\"@id\":\"https:\\\/\\\/www.cpl.es\\\/#organization\"},\"alternateName\":\"Centre de Pastoral Lit\u00fargica\",\"potentialAction\":[{\"@type\":\"SearchAction\",\"target\":{\"@type\":\"EntryPoint\",\"urlTemplate\":\"https:\\\/\\\/www.cpl.es\\\/?s={search_term_string}\"},\"query-input\":{\"@type\":\"PropertyValueSpecification\",\"valueRequired\":true,\"valueName\":\"search_term_string\"}}],\"inLanguage\":\"ca\"},{\"@type\":\"Organization\",\"@id\":\"https:\\\/\\\/www.cpl.es\\\/#organization\",\"name\":\"Centre de Pastoral Lit\u00fargica\",\"alternateName\":\"Centre de Pastoral Lit\u00fargica de Barcelona\",\"url\":\"https:\\\/\\\/www.cpl.es\\\/\",\"logo\":{\"@type\":\"ImageObject\",\"inLanguage\":\"ca\",\"@id\":\"https:\\\/\\\/www.cpl.es\\\/#\\\/schema\\\/logo\\\/image\\\/\",\"url\":\"https:\\\/\\\/www.cpl.es\\\/wp-content\\\/uploads\\\/logo-cpl.svg\",\"contentUrl\":\"https:\\\/\\\/www.cpl.es\\\/wp-content\\\/uploads\\\/logo-cpl.svg\",\"caption\":\"Centre de Pastoral Lit\u00fargica\"},\"image\":{\"@id\":\"https:\\\/\\\/www.cpl.es\\\/#\\\/schema\\\/logo\\\/image\\\/\"}}]}<\/script>\n<!-- \/ Yoast SEO plugin. -->","yoast_head_json":{"title":"El diaconado femenino. Una posibilidad - CPL","robots":{"index":"index","follow":"follow","max-snippet":"max-snippet:-1","max-image-preview":"max-image-preview:large","max-video-preview":"max-video-preview:-1"},"canonical":"https:\/\/www.cpl.es\/producto\/el-diaconado-femenino-una-posibilidad-9788491657460\/","og_locale":"ca_ES","og_type":"article","og_title":"El diaconado femenino. Una posibilidad - CPL","og_description":"Fontbona Miss\u00e9, Jaume","og_url":"https:\/\/www.cpl.es\/producto\/el-diaconado-femenino-una-posibilidad-9788491657460\/","og_site_name":"CPL","article_modified_time":"2026-02-26T17:03:04+00:00","og_image":[{"width":1417,"height":2244,"url":"https:\/\/www.cpl.es\/wp-content\/uploads\/108186.jpg","type":"image\/jpeg"}],"twitter_card":"summary_large_image","twitter_misc":{"Temps estimat de lectura":"1 minut"},"schema":{"@context":"https:\/\/schema.org","@graph":[{"@type":"WebPage","@id":"https:\/\/www.cpl.es\/producto\/el-diaconado-femenino-una-posibilidad-9788491657460\/","url":"https:\/\/www.cpl.es\/producto\/el-diaconado-femenino-una-posibilidad-9788491657460\/","name":"El diaconado femenino. Una posibilidad - CPL","isPartOf":{"@id":"https:\/\/www.cpl.es\/#website"},"primaryImageOfPage":{"@id":"https:\/\/www.cpl.es\/producto\/el-diaconado-femenino-una-posibilidad-9788491657460\/#primaryimage"},"image":{"@id":"https:\/\/www.cpl.es\/producto\/el-diaconado-femenino-una-posibilidad-9788491657460\/#primaryimage"},"thumbnailUrl":"https:\/\/www.cpl.es\/wp-content\/uploads\/108186.jpg","datePublished":"2026-02-26T10:38:19+00:00","dateModified":"2026-02-26T17:03:04+00:00","breadcrumb":{"@id":"https:\/\/www.cpl.es\/producto\/el-diaconado-femenino-una-posibilidad-9788491657460\/#breadcrumb"},"inLanguage":"ca","potentialAction":[{"@type":"ReadAction","target":["https:\/\/www.cpl.es\/producto\/el-diaconado-femenino-una-posibilidad-9788491657460\/"]}]},{"@type":"ImageObject","inLanguage":"ca","@id":"https:\/\/www.cpl.es\/producto\/el-diaconado-femenino-una-posibilidad-9788491657460\/#primaryimage","url":"https:\/\/www.cpl.es\/wp-content\/uploads\/108186.jpg","contentUrl":"https:\/\/www.cpl.es\/wp-content\/uploads\/108186.jpg","width":1417,"height":2244,"caption":"108186.jpg"},{"@type":"BreadcrumbList","@id":"https:\/\/www.cpl.es\/producto\/el-diaconado-femenino-una-posibilidad-9788491657460\/#breadcrumb","itemListElement":[{"@type":"ListItem","position":1,"name":"Portada","item":"https:\/\/www.cpl.es\/ca\/"},{"@type":"ListItem","position":2,"name":"Cat\u00e0leg","item":"https:\/\/www.cpl.es\/ca\/cataleg\/"},{"@type":"ListItem","position":3,"name":"El diaconado femenino. Una posibilidad"}]},{"@type":"WebSite","@id":"https:\/\/www.cpl.es\/#website","url":"https:\/\/www.cpl.es\/","name":"CPL","description":"Centre de Pastoral Lit\u00fargica de Barcelona","publisher":{"@id":"https:\/\/www.cpl.es\/#organization"},"alternateName":"Centre de Pastoral Lit\u00fargica","potentialAction":[{"@type":"SearchAction","target":{"@type":"EntryPoint","urlTemplate":"https:\/\/www.cpl.es\/?s={search_term_string}"},"query-input":{"@type":"PropertyValueSpecification","valueRequired":true,"valueName":"search_term_string"}}],"inLanguage":"ca"},{"@type":"Organization","@id":"https:\/\/www.cpl.es\/#organization","name":"Centre de Pastoral Lit\u00fargica","alternateName":"Centre de Pastoral Lit\u00fargica de Barcelona","url":"https:\/\/www.cpl.es\/","logo":{"@type":"ImageObject","inLanguage":"ca","@id":"https:\/\/www.cpl.es\/#\/schema\/logo\/image\/","url":"https:\/\/www.cpl.es\/wp-content\/uploads\/logo-cpl.svg","contentUrl":"https:\/\/www.cpl.es\/wp-content\/uploads\/logo-cpl.svg","caption":"Centre de Pastoral Lit\u00fargica"},"image":{"@id":"https:\/\/www.cpl.es\/#\/schema\/logo\/image\/"}}]}},"_links":{"self":[{"href":"https:\/\/www.cpl.es\/ca\/wp-json\/wp\/v2\/product\/25757","targetHints":{"allow":["GET"]}}],"collection":[{"href":"https:\/\/www.cpl.es\/ca\/wp-json\/wp\/v2\/product"}],"about":[{"href":"https:\/\/www.cpl.es\/ca\/wp-json\/wp\/v2\/types\/product"}],"wp:featuredmedia":[{"embeddable":true,"href":"https:\/\/www.cpl.es\/ca\/wp-json\/wp\/v2\/media\/25758"}],"wp:attachment":[{"href":"https:\/\/www.cpl.es\/ca\/wp-json\/wp\/v2\/media?parent=25757"}],"wp:term":[{"taxonomy":"product_brand","embeddable":true,"href":"https:\/\/www.cpl.es\/ca\/wp-json\/wp\/v2\/product_brand?post=25757"},{"taxonomy":"product_cat","embeddable":true,"href":"https:\/\/www.cpl.es\/ca\/wp-json\/wp\/v2\/product_cat?post=25757"},{"taxonomy":"product_tag","embeddable":true,"href":"https:\/\/www.cpl.es\/ca\/wp-json\/wp\/v2\/product_tag?post=25757"}],"curies":[{"name":"wp","href":"https:\/\/api.w.org\/{rel}","templated":true}]}}