{"id":25754,"date":"2026-02-26T11:38:10","date_gmt":"2026-02-26T10:38:10","guid":{"rendered":"https:\/\/www.cpl.es\/producto\/espiritualitat-per-a-persones-no-espirituals-9788491657453\/"},"modified":"2026-02-26T18:13:10","modified_gmt":"2026-02-26T17:13:10","slug":"espiritualitat-per-a-persones-no-espirituals-9788491657453","status":"publish","type":"product","link":"https:\/\/www.cpl.es\/ca\/producto\/espiritualitat-per-a-persones-no-espirituals-9788491657453\/","title":{"rendered":"Espiritualitat per a persones no espirituals"},"content":{"rendered":"<p>En un m\u00f3n accelerat i materialista, moltes persones senten un buit que les empeny a cercar sentit i plenitud. <\/p>\n<p>Oriol Xirinachs ens convida a redescobrir l\u2019espiritualitat no com un conjunt de rituals reservats a uns pocs, sin\u00f3 com una dimensi\u00f3 profunda i universal de l\u2019\u00e9sser hum\u00e0. A partir de l\u2019experi\u00e8ncia cristiana i de la llum de l\u2019Evangeli, explora com aquesta dimensi\u00f3 pot orientar la vida quotidiana, distingint-la de la religi\u00f3 i de la psicologia, i mostrant actituds que obren camins de creixement.<\/p>\n<p>Una invitaci\u00f3 a viure amb obertura, profunditat i desig de plenitud, fent de l\u2019espiritualitat un espai personal, \u00fanic i transformador.<\/p>\n<p><\/p>\n<p>Oriol Xirinachs (Barcelona, 1935) \u00e9s capell\u00e0 de la di\u00f2cesi de Barcelona i membre de l\u2019Associaci\u00f3 de Preveres del Prad\u00f3. Tot el seu ministeri com a capell\u00e0 l\u2019ha exercit en barris obrers i populars, alhora que ha estat membre actiu en organitzacions en el m\u00f3n de la marginaci\u00f3 i en tasques de pastoral social.<\/p>\n","protected":false},"excerpt":{"rendered":"<p>Xirinachs Benavent, Oriol<\/p>\n","protected":false},"featured_media":25755,"template":"","meta":{"_acf_changed":false,"inline_featured_image":false},"product_brand":[],"product_cat":[73,49],"product_tag":[],"class_list":{"0":"post-25754","1":"product","2":"type-product","3":"status-publish","4":"has-post-thumbnail","6":"product_cat-emaus-colleccions-catala","7":"product_cat-emaus","9":"first","10":"instock","11":"taxable","12":"shipping-taxable","13":"purchasable","14":"product-type-simple"},"acf":{"autor":"Xirinachs Benavent, Oriol","codart":"208187","ediciones":"1","encuadernacion":"R\u00fastica","fecha_de_publicacion":"09\/02\/2026","novedad":false,"paginas":"116","subtitulo":"","orden":"999","portada":false,"idioma":"cat","coleccion_num":"187","editorial":[{"ID":6736,"post_author":"2","post_date":"2023-10-06 08:35:24","post_date_gmt":"2023-10-06 06:35:24","post_content":"","post_title":"CPL","post_excerpt":"","post_status":"publish","comment_status":"closed","ping_status":"closed","post_password":"","post_name":"cpl","to_ping":"","pinged":"","post_modified":"2023-10-06 08:35:24","post_modified_gmt":"2023-10-06 06:35:24","post_content_filtered":"","post_parent":0,"guid":"https:\/\/nuevaweb.cpl.es\/editorial\/cpl\/","menu_order":0,"post_type":"editorial","post_mime_type":"","comment_count":"0","filter":"raw"}]},"yoast_head":"<!-- This site is optimized with the Yoast SEO plugin v27.5 - https:\/\/yoast.com\/product\/yoast-seo-wordpress\/ -->\n<title>Espiritualitat per a persones no espirituals - CPL<\/title>\n<meta name=\"robots\" content=\"index, follow, max-snippet:-1, max-image-preview:large, max-video-preview:-1\" \/>\n<link rel=\"canonical\" href=\"https:\/\/www.cpl.es\/producto\/espiritualitat-per-a-persones-no-espirituals-9788491657453\/\" \/>\n<meta property=\"og:locale\" content=\"ca_ES\" \/>\n<meta property=\"og:type\" content=\"article\" \/>\n<meta property=\"og:title\" content=\"Espiritualitat per a persones no espirituals - CPL\" \/>\n<meta property=\"og:description\" content=\"Xirinachs Benavent, Oriol\" \/>\n<meta property=\"og:url\" content=\"https:\/\/www.cpl.es\/producto\/espiritualitat-per-a-persones-no-espirituals-9788491657453\/\" \/>\n<meta property=\"og:site_name\" content=\"CPL\" \/>\n<meta property=\"article:modified_time\" content=\"2026-02-26T17:13:10+00:00\" \/>\n<meta property=\"og:image\" content=\"https:\/\/www.cpl.es\/wp-content\/uploads\/9788491657453-1024x1622.jpg\" \/>\n\t<meta property=\"og:image:width\" content=\"1024\" \/>\n\t<meta property=\"og:image:height\" content=\"1622\" \/>\n\t<meta property=\"og:image:type\" content=\"image\/jpeg\" \/>\n<meta name=\"twitter:card\" content=\"summary_large_image\" \/>\n<meta name=\"twitter:label1\" content=\"Temps estimat de lectura\" \/>\n\t<meta name=\"twitter:data1\" content=\"1 minut\" \/>\n<script type=\"application\/ld+json\" class=\"yoast-schema-graph\">{\"@context\":\"https:\\\/\\\/schema.org\",\"@graph\":[{\"@type\":\"WebPage\",\"@id\":\"https:\\\/\\\/www.cpl.es\\\/producto\\\/espiritualitat-per-a-persones-no-espirituals-9788491657453\\\/\",\"url\":\"https:\\\/\\\/www.cpl.es\\\/producto\\\/espiritualitat-per-a-persones-no-espirituals-9788491657453\\\/\",\"name\":\"Espiritualitat per a persones no espirituals - CPL\",\"isPartOf\":{\"@id\":\"https:\\\/\\\/www.cpl.es\\\/#website\"},\"primaryImageOfPage\":{\"@id\":\"https:\\\/\\\/www.cpl.es\\\/producto\\\/espiritualitat-per-a-persones-no-espirituals-9788491657453\\\/#primaryimage\"},\"image\":{\"@id\":\"https:\\\/\\\/www.cpl.es\\\/producto\\\/espiritualitat-per-a-persones-no-espirituals-9788491657453\\\/#primaryimage\"},\"thumbnailUrl\":\"https:\\\/\\\/www.cpl.es\\\/wp-content\\\/uploads\\\/9788491657453.jpg\",\"datePublished\":\"2026-02-26T10:38:10+00:00\",\"dateModified\":\"2026-02-26T17:13:10+00:00\",\"breadcrumb\":{\"@id\":\"https:\\\/\\\/www.cpl.es\\\/producto\\\/espiritualitat-per-a-persones-no-espirituals-9788491657453\\\/#breadcrumb\"},\"inLanguage\":\"ca\",\"potentialAction\":[{\"@type\":\"ReadAction\",\"target\":[\"https:\\\/\\\/www.cpl.es\\\/producto\\\/espiritualitat-per-a-persones-no-espirituals-9788491657453\\\/\"]}]},{\"@type\":\"ImageObject\",\"inLanguage\":\"ca\",\"@id\":\"https:\\\/\\\/www.cpl.es\\\/producto\\\/espiritualitat-per-a-persones-no-espirituals-9788491657453\\\/#primaryimage\",\"url\":\"https:\\\/\\\/www.cpl.es\\\/wp-content\\\/uploads\\\/9788491657453.jpg\",\"contentUrl\":\"https:\\\/\\\/www.cpl.es\\\/wp-content\\\/uploads\\\/9788491657453.jpg\",\"width\":1417,\"height\":2244,\"caption\":\"9788491657453.jpg\"},{\"@type\":\"BreadcrumbList\",\"@id\":\"https:\\\/\\\/www.cpl.es\\\/producto\\\/espiritualitat-per-a-persones-no-espirituals-9788491657453\\\/#breadcrumb\",\"itemListElement\":[{\"@type\":\"ListItem\",\"position\":1,\"name\":\"Portada\",\"item\":\"https:\\\/\\\/www.cpl.es\\\/ca\\\/\"},{\"@type\":\"ListItem\",\"position\":2,\"name\":\"Cat\u00e0leg\",\"item\":\"https:\\\/\\\/www.cpl.es\\\/ca\\\/cataleg\\\/\"},{\"@type\":\"ListItem\",\"position\":3,\"name\":\"Espiritualitat per a persones no espirituals\"}]},{\"@type\":\"WebSite\",\"@id\":\"https:\\\/\\\/www.cpl.es\\\/#website\",\"url\":\"https:\\\/\\\/www.cpl.es\\\/\",\"name\":\"CPL\",\"description\":\"Centre de Pastoral Lit\u00fargica de Barcelona\",\"publisher\":{\"@id\":\"https:\\\/\\\/www.cpl.es\\\/#organization\"},\"alternateName\":\"Centre de Pastoral Lit\u00fargica\",\"potentialAction\":[{\"@type\":\"SearchAction\",\"target\":{\"@type\":\"EntryPoint\",\"urlTemplate\":\"https:\\\/\\\/www.cpl.es\\\/?s={search_term_string}\"},\"query-input\":{\"@type\":\"PropertyValueSpecification\",\"valueRequired\":true,\"valueName\":\"search_term_string\"}}],\"inLanguage\":\"ca\"},{\"@type\":\"Organization\",\"@id\":\"https:\\\/\\\/www.cpl.es\\\/#organization\",\"name\":\"Centre de Pastoral Lit\u00fargica\",\"alternateName\":\"Centre de Pastoral Lit\u00fargica de Barcelona\",\"url\":\"https:\\\/\\\/www.cpl.es\\\/\",\"logo\":{\"@type\":\"ImageObject\",\"inLanguage\":\"ca\",\"@id\":\"https:\\\/\\\/www.cpl.es\\\/#\\\/schema\\\/logo\\\/image\\\/\",\"url\":\"https:\\\/\\\/www.cpl.es\\\/wp-content\\\/uploads\\\/logo-cpl.svg\",\"contentUrl\":\"https:\\\/\\\/www.cpl.es\\\/wp-content\\\/uploads\\\/logo-cpl.svg\",\"caption\":\"Centre de Pastoral Lit\u00fargica\"},\"image\":{\"@id\":\"https:\\\/\\\/www.cpl.es\\\/#\\\/schema\\\/logo\\\/image\\\/\"}}]}<\/script>\n<!-- \/ Yoast SEO plugin. -->","yoast_head_json":{"title":"Espiritualitat per a persones no espirituals - CPL","robots":{"index":"index","follow":"follow","max-snippet":"max-snippet:-1","max-image-preview":"max-image-preview:large","max-video-preview":"max-video-preview:-1"},"canonical":"https:\/\/www.cpl.es\/producto\/espiritualitat-per-a-persones-no-espirituals-9788491657453\/","og_locale":"ca_ES","og_type":"article","og_title":"Espiritualitat per a persones no espirituals - CPL","og_description":"Xirinachs Benavent, Oriol","og_url":"https:\/\/www.cpl.es\/producto\/espiritualitat-per-a-persones-no-espirituals-9788491657453\/","og_site_name":"CPL","article_modified_time":"2026-02-26T17:13:10+00:00","og_image":[{"width":1024,"height":1622,"url":"https:\/\/www.cpl.es\/wp-content\/uploads\/9788491657453-1024x1622.jpg","type":"image\/jpeg"}],"twitter_card":"summary_large_image","twitter_misc":{"Temps estimat de lectura":"1 minut"},"schema":{"@context":"https:\/\/schema.org","@graph":[{"@type":"WebPage","@id":"https:\/\/www.cpl.es\/producto\/espiritualitat-per-a-persones-no-espirituals-9788491657453\/","url":"https:\/\/www.cpl.es\/producto\/espiritualitat-per-a-persones-no-espirituals-9788491657453\/","name":"Espiritualitat per a persones no espirituals - CPL","isPartOf":{"@id":"https:\/\/www.cpl.es\/#website"},"primaryImageOfPage":{"@id":"https:\/\/www.cpl.es\/producto\/espiritualitat-per-a-persones-no-espirituals-9788491657453\/#primaryimage"},"image":{"@id":"https:\/\/www.cpl.es\/producto\/espiritualitat-per-a-persones-no-espirituals-9788491657453\/#primaryimage"},"thumbnailUrl":"https:\/\/www.cpl.es\/wp-content\/uploads\/9788491657453.jpg","datePublished":"2026-02-26T10:38:10+00:00","dateModified":"2026-02-26T17:13:10+00:00","breadcrumb":{"@id":"https:\/\/www.cpl.es\/producto\/espiritualitat-per-a-persones-no-espirituals-9788491657453\/#breadcrumb"},"inLanguage":"ca","potentialAction":[{"@type":"ReadAction","target":["https:\/\/www.cpl.es\/producto\/espiritualitat-per-a-persones-no-espirituals-9788491657453\/"]}]},{"@type":"ImageObject","inLanguage":"ca","@id":"https:\/\/www.cpl.es\/producto\/espiritualitat-per-a-persones-no-espirituals-9788491657453\/#primaryimage","url":"https:\/\/www.cpl.es\/wp-content\/uploads\/9788491657453.jpg","contentUrl":"https:\/\/www.cpl.es\/wp-content\/uploads\/9788491657453.jpg","width":1417,"height":2244,"caption":"9788491657453.jpg"},{"@type":"BreadcrumbList","@id":"https:\/\/www.cpl.es\/producto\/espiritualitat-per-a-persones-no-espirituals-9788491657453\/#breadcrumb","itemListElement":[{"@type":"ListItem","position":1,"name":"Portada","item":"https:\/\/www.cpl.es\/ca\/"},{"@type":"ListItem","position":2,"name":"Cat\u00e0leg","item":"https:\/\/www.cpl.es\/ca\/cataleg\/"},{"@type":"ListItem","position":3,"name":"Espiritualitat per a persones no espirituals"}]},{"@type":"WebSite","@id":"https:\/\/www.cpl.es\/#website","url":"https:\/\/www.cpl.es\/","name":"CPL","description":"Centre de Pastoral Lit\u00fargica de Barcelona","publisher":{"@id":"https:\/\/www.cpl.es\/#organization"},"alternateName":"Centre de Pastoral Lit\u00fargica","potentialAction":[{"@type":"SearchAction","target":{"@type":"EntryPoint","urlTemplate":"https:\/\/www.cpl.es\/?s={search_term_string}"},"query-input":{"@type":"PropertyValueSpecification","valueRequired":true,"valueName":"search_term_string"}}],"inLanguage":"ca"},{"@type":"Organization","@id":"https:\/\/www.cpl.es\/#organization","name":"Centre de Pastoral Lit\u00fargica","alternateName":"Centre de Pastoral Lit\u00fargica de Barcelona","url":"https:\/\/www.cpl.es\/","logo":{"@type":"ImageObject","inLanguage":"ca","@id":"https:\/\/www.cpl.es\/#\/schema\/logo\/image\/","url":"https:\/\/www.cpl.es\/wp-content\/uploads\/logo-cpl.svg","contentUrl":"https:\/\/www.cpl.es\/wp-content\/uploads\/logo-cpl.svg","caption":"Centre de Pastoral Lit\u00fargica"},"image":{"@id":"https:\/\/www.cpl.es\/#\/schema\/logo\/image\/"}}]}},"_links":{"self":[{"href":"https:\/\/www.cpl.es\/ca\/wp-json\/wp\/v2\/product\/25754","targetHints":{"allow":["GET"]}}],"collection":[{"href":"https:\/\/www.cpl.es\/ca\/wp-json\/wp\/v2\/product"}],"about":[{"href":"https:\/\/www.cpl.es\/ca\/wp-json\/wp\/v2\/types\/product"}],"wp:featuredmedia":[{"embeddable":true,"href":"https:\/\/www.cpl.es\/ca\/wp-json\/wp\/v2\/media\/25755"}],"wp:attachment":[{"href":"https:\/\/www.cpl.es\/ca\/wp-json\/wp\/v2\/media?parent=25754"}],"wp:term":[{"taxonomy":"product_brand","embeddable":true,"href":"https:\/\/www.cpl.es\/ca\/wp-json\/wp\/v2\/product_brand?post=25754"},{"taxonomy":"product_cat","embeddable":true,"href":"https:\/\/www.cpl.es\/ca\/wp-json\/wp\/v2\/product_cat?post=25754"},{"taxonomy":"product_tag","embeddable":true,"href":"https:\/\/www.cpl.es\/ca\/wp-json\/wp\/v2\/product_tag?post=25754"}],"curies":[{"name":"wp","href":"https:\/\/api.w.org\/{rel}","templated":true}]}}