{"id":25751,"date":"2026-02-26T11:38:02","date_gmt":"2026-02-26T10:38:02","guid":{"rendered":"https:\/\/www.cpl.es\/producto\/el-diaconat-femeni-una-possibilitat-9788491657477\/"},"modified":"2026-02-26T18:13:04","modified_gmt":"2026-02-26T17:13:04","slug":"el-diaconat-femeni-una-possibilitat-9788491657477","status":"publish","type":"product","link":"https:\/\/www.cpl.es\/ca\/producto\/el-diaconat-femeni-una-possibilitat-9788491657477\/","title":{"rendered":"El diaconat femen\u00ed. Una possibilitat"},"content":{"rendered":"<p>El diaconat femen\u00ed \u00e9s avui una de les q\u00fcestions obertes m\u00e9s rellevants en la vida de l\u2019Esgl\u00e9sia. Aquest llibre ofereix una reflexi\u00f3 rigorosa i accessible sobre el diaconat, el seu origen apost\u00f2lic, la seva evoluci\u00f3 hist\u00f2rica i el seu lloc dins l\u2019\u00fanic sagrament de l\u2019orde. A partir de la tradici\u00f3 b\u00edblica, lit\u00fargica i teol\u00f2gica, Jaume Fontbona explora la possibilitat d\u2019un diaconat exercit tant per homes com per dones, com a resposta als signes dels temps i al cam\u00ed sinodal de l\u2019Esgl\u00e9sia. Una aportaci\u00f3 clara i serena per aprofundir en el sentit del ministeri diaconal i en el servei a la comuni\u00f3 eclesial.<\/p>\n<p><\/p>\n<p>Jaume Fontbona Miss\u00e9 (Arenys de Munt, 1958) \u00e9s prevere de l\u2019Esgl\u00e9sia local de Barcelona, doctor en Teologia, professor ordinari de la Facultat de Teologia de l\u2019Ateneu Universitari Sant Paci\u00e0, vicari parroquial de Santa Maria del Taulat i Sant Bernat Calv\u00f3 de Barcelona. \u00c9s membre del Centre de Pastoral Lit\u00fargica de Barcelona, del qual ha estat president de 2008 a 2017 i ho torna a ser des de 2025. \u00c9s membre de l\u2019Associaci\u00f3 de Preveres del Prad\u00f3 i de l\u2019Associaci\u00f3 B\u00edblica de Catalunya. \u00c9s consiliari de l\u2019Acci\u00f3 Cat\u00f2lica, tant de l\u2019especialitzada (JOC i ACO) com de la general (ACG). Ha estat consiliari nacional de la JOC Nacional de Catalunya i les Illes des de 2016 fins a 2021, i rector de la parr\u00f2quia del Crist Rei de La Sagrera des de 2014 fins a 2019<\/p>\n","protected":false},"excerpt":{"rendered":"<p>Fontbona Miss\u00e9, Jaume<\/p>\n","protected":false},"featured_media":25752,"template":"","meta":{"_acf_changed":false,"inline_featured_image":false},"product_brand":[],"product_cat":[73,49],"product_tag":[],"class_list":{"0":"post-25751","1":"product","2":"type-product","3":"status-publish","4":"has-post-thumbnail","6":"product_cat-emaus-colleccions-catala","7":"product_cat-emaus","9":"first","10":"instock","11":"taxable","12":"shipping-taxable","13":"purchasable","14":"product-type-simple"},"acf":{"autor":"Fontbona Miss\u00e9, Jaume","codart":"208186","ediciones":"1","encuadernacion":"R\u00fastica","fecha_de_publicacion":"13\/02\/2026","novedad":false,"paginas":"104","subtitulo":"","orden":"999","portada":false,"idioma":"cat","coleccion_num":"186","editorial":[{"ID":6736,"post_author":"2","post_date":"2023-10-06 08:35:24","post_date_gmt":"2023-10-06 06:35:24","post_content":"","post_title":"CPL","post_excerpt":"","post_status":"publish","comment_status":"closed","ping_status":"closed","post_password":"","post_name":"cpl","to_ping":"","pinged":"","post_modified":"2023-10-06 08:35:24","post_modified_gmt":"2023-10-06 06:35:24","post_content_filtered":"","post_parent":0,"guid":"https:\/\/nuevaweb.cpl.es\/editorial\/cpl\/","menu_order":0,"post_type":"editorial","post_mime_type":"","comment_count":"0","filter":"raw"}]},"yoast_head":"<!-- This site is optimized with the Yoast SEO plugin v27.5 - https:\/\/yoast.com\/product\/yoast-seo-wordpress\/ -->\n<title>El diaconat femen\u00ed. Una possibilitat - CPL<\/title>\n<meta name=\"robots\" content=\"index, follow, max-snippet:-1, max-image-preview:large, max-video-preview:-1\" \/>\n<link rel=\"canonical\" href=\"https:\/\/www.cpl.es\/producto\/el-diaconat-femeni-una-possibilitat-9788491657477\/\" \/>\n<meta property=\"og:locale\" content=\"ca_ES\" \/>\n<meta property=\"og:type\" content=\"article\" \/>\n<meta property=\"og:title\" content=\"El diaconat femen\u00ed. Una possibilitat - CPL\" \/>\n<meta property=\"og:description\" content=\"Fontbona Miss\u00e9, Jaume\" \/>\n<meta property=\"og:url\" content=\"https:\/\/www.cpl.es\/producto\/el-diaconat-femeni-una-possibilitat-9788491657477\/\" \/>\n<meta property=\"og:site_name\" content=\"CPL\" \/>\n<meta property=\"article:modified_time\" content=\"2026-02-26T17:13:04+00:00\" \/>\n<meta property=\"og:image\" content=\"https:\/\/www.cpl.es\/wp-content\/uploads\/208186.jpg\" \/>\n\t<meta property=\"og:image:width\" content=\"1417\" \/>\n\t<meta property=\"og:image:height\" content=\"2244\" \/>\n\t<meta property=\"og:image:type\" content=\"image\/jpeg\" \/>\n<meta name=\"twitter:card\" content=\"summary_large_image\" \/>\n<meta name=\"twitter:label1\" content=\"Temps estimat de lectura\" \/>\n\t<meta name=\"twitter:data1\" content=\"1 minut\" \/>\n<script type=\"application\/ld+json\" class=\"yoast-schema-graph\">{\"@context\":\"https:\\\/\\\/schema.org\",\"@graph\":[{\"@type\":\"WebPage\",\"@id\":\"https:\\\/\\\/www.cpl.es\\\/producto\\\/el-diaconat-femeni-una-possibilitat-9788491657477\\\/\",\"url\":\"https:\\\/\\\/www.cpl.es\\\/producto\\\/el-diaconat-femeni-una-possibilitat-9788491657477\\\/\",\"name\":\"El diaconat femen\u00ed. Una possibilitat - CPL\",\"isPartOf\":{\"@id\":\"https:\\\/\\\/www.cpl.es\\\/#website\"},\"primaryImageOfPage\":{\"@id\":\"https:\\\/\\\/www.cpl.es\\\/producto\\\/el-diaconat-femeni-una-possibilitat-9788491657477\\\/#primaryimage\"},\"image\":{\"@id\":\"https:\\\/\\\/www.cpl.es\\\/producto\\\/el-diaconat-femeni-una-possibilitat-9788491657477\\\/#primaryimage\"},\"thumbnailUrl\":\"https:\\\/\\\/www.cpl.es\\\/wp-content\\\/uploads\\\/208186.jpg\",\"datePublished\":\"2026-02-26T10:38:02+00:00\",\"dateModified\":\"2026-02-26T17:13:04+00:00\",\"breadcrumb\":{\"@id\":\"https:\\\/\\\/www.cpl.es\\\/producto\\\/el-diaconat-femeni-una-possibilitat-9788491657477\\\/#breadcrumb\"},\"inLanguage\":\"ca\",\"potentialAction\":[{\"@type\":\"ReadAction\",\"target\":[\"https:\\\/\\\/www.cpl.es\\\/producto\\\/el-diaconat-femeni-una-possibilitat-9788491657477\\\/\"]}]},{\"@type\":\"ImageObject\",\"inLanguage\":\"ca\",\"@id\":\"https:\\\/\\\/www.cpl.es\\\/producto\\\/el-diaconat-femeni-una-possibilitat-9788491657477\\\/#primaryimage\",\"url\":\"https:\\\/\\\/www.cpl.es\\\/wp-content\\\/uploads\\\/208186.jpg\",\"contentUrl\":\"https:\\\/\\\/www.cpl.es\\\/wp-content\\\/uploads\\\/208186.jpg\",\"width\":1417,\"height\":2244,\"caption\":\"208186.jpg\"},{\"@type\":\"BreadcrumbList\",\"@id\":\"https:\\\/\\\/www.cpl.es\\\/producto\\\/el-diaconat-femeni-una-possibilitat-9788491657477\\\/#breadcrumb\",\"itemListElement\":[{\"@type\":\"ListItem\",\"position\":1,\"name\":\"Portada\",\"item\":\"https:\\\/\\\/www.cpl.es\\\/ca\\\/\"},{\"@type\":\"ListItem\",\"position\":2,\"name\":\"Cat\u00e0leg\",\"item\":\"https:\\\/\\\/www.cpl.es\\\/ca\\\/cataleg\\\/\"},{\"@type\":\"ListItem\",\"position\":3,\"name\":\"El diaconat femen\u00ed. Una possibilitat\"}]},{\"@type\":\"WebSite\",\"@id\":\"https:\\\/\\\/www.cpl.es\\\/#website\",\"url\":\"https:\\\/\\\/www.cpl.es\\\/\",\"name\":\"CPL\",\"description\":\"Centre de Pastoral Lit\u00fargica de Barcelona\",\"publisher\":{\"@id\":\"https:\\\/\\\/www.cpl.es\\\/#organization\"},\"alternateName\":\"Centre de Pastoral Lit\u00fargica\",\"potentialAction\":[{\"@type\":\"SearchAction\",\"target\":{\"@type\":\"EntryPoint\",\"urlTemplate\":\"https:\\\/\\\/www.cpl.es\\\/?s={search_term_string}\"},\"query-input\":{\"@type\":\"PropertyValueSpecification\",\"valueRequired\":true,\"valueName\":\"search_term_string\"}}],\"inLanguage\":\"ca\"},{\"@type\":\"Organization\",\"@id\":\"https:\\\/\\\/www.cpl.es\\\/#organization\",\"name\":\"Centre de Pastoral Lit\u00fargica\",\"alternateName\":\"Centre de Pastoral Lit\u00fargica de Barcelona\",\"url\":\"https:\\\/\\\/www.cpl.es\\\/\",\"logo\":{\"@type\":\"ImageObject\",\"inLanguage\":\"ca\",\"@id\":\"https:\\\/\\\/www.cpl.es\\\/#\\\/schema\\\/logo\\\/image\\\/\",\"url\":\"https:\\\/\\\/www.cpl.es\\\/wp-content\\\/uploads\\\/logo-cpl.svg\",\"contentUrl\":\"https:\\\/\\\/www.cpl.es\\\/wp-content\\\/uploads\\\/logo-cpl.svg\",\"caption\":\"Centre de Pastoral Lit\u00fargica\"},\"image\":{\"@id\":\"https:\\\/\\\/www.cpl.es\\\/#\\\/schema\\\/logo\\\/image\\\/\"}}]}<\/script>\n<!-- \/ Yoast SEO plugin. -->","yoast_head_json":{"title":"El diaconat femen\u00ed. Una possibilitat - CPL","robots":{"index":"index","follow":"follow","max-snippet":"max-snippet:-1","max-image-preview":"max-image-preview:large","max-video-preview":"max-video-preview:-1"},"canonical":"https:\/\/www.cpl.es\/producto\/el-diaconat-femeni-una-possibilitat-9788491657477\/","og_locale":"ca_ES","og_type":"article","og_title":"El diaconat femen\u00ed. Una possibilitat - CPL","og_description":"Fontbona Miss\u00e9, Jaume","og_url":"https:\/\/www.cpl.es\/producto\/el-diaconat-femeni-una-possibilitat-9788491657477\/","og_site_name":"CPL","article_modified_time":"2026-02-26T17:13:04+00:00","og_image":[{"width":1417,"height":2244,"url":"https:\/\/www.cpl.es\/wp-content\/uploads\/208186.jpg","type":"image\/jpeg"}],"twitter_card":"summary_large_image","twitter_misc":{"Temps estimat de lectura":"1 minut"},"schema":{"@context":"https:\/\/schema.org","@graph":[{"@type":"WebPage","@id":"https:\/\/www.cpl.es\/producto\/el-diaconat-femeni-una-possibilitat-9788491657477\/","url":"https:\/\/www.cpl.es\/producto\/el-diaconat-femeni-una-possibilitat-9788491657477\/","name":"El diaconat femen\u00ed. Una possibilitat - CPL","isPartOf":{"@id":"https:\/\/www.cpl.es\/#website"},"primaryImageOfPage":{"@id":"https:\/\/www.cpl.es\/producto\/el-diaconat-femeni-una-possibilitat-9788491657477\/#primaryimage"},"image":{"@id":"https:\/\/www.cpl.es\/producto\/el-diaconat-femeni-una-possibilitat-9788491657477\/#primaryimage"},"thumbnailUrl":"https:\/\/www.cpl.es\/wp-content\/uploads\/208186.jpg","datePublished":"2026-02-26T10:38:02+00:00","dateModified":"2026-02-26T17:13:04+00:00","breadcrumb":{"@id":"https:\/\/www.cpl.es\/producto\/el-diaconat-femeni-una-possibilitat-9788491657477\/#breadcrumb"},"inLanguage":"ca","potentialAction":[{"@type":"ReadAction","target":["https:\/\/www.cpl.es\/producto\/el-diaconat-femeni-una-possibilitat-9788491657477\/"]}]},{"@type":"ImageObject","inLanguage":"ca","@id":"https:\/\/www.cpl.es\/producto\/el-diaconat-femeni-una-possibilitat-9788491657477\/#primaryimage","url":"https:\/\/www.cpl.es\/wp-content\/uploads\/208186.jpg","contentUrl":"https:\/\/www.cpl.es\/wp-content\/uploads\/208186.jpg","width":1417,"height":2244,"caption":"208186.jpg"},{"@type":"BreadcrumbList","@id":"https:\/\/www.cpl.es\/producto\/el-diaconat-femeni-una-possibilitat-9788491657477\/#breadcrumb","itemListElement":[{"@type":"ListItem","position":1,"name":"Portada","item":"https:\/\/www.cpl.es\/ca\/"},{"@type":"ListItem","position":2,"name":"Cat\u00e0leg","item":"https:\/\/www.cpl.es\/ca\/cataleg\/"},{"@type":"ListItem","position":3,"name":"El diaconat femen\u00ed. Una possibilitat"}]},{"@type":"WebSite","@id":"https:\/\/www.cpl.es\/#website","url":"https:\/\/www.cpl.es\/","name":"CPL","description":"Centre de Pastoral Lit\u00fargica de Barcelona","publisher":{"@id":"https:\/\/www.cpl.es\/#organization"},"alternateName":"Centre de Pastoral Lit\u00fargica","potentialAction":[{"@type":"SearchAction","target":{"@type":"EntryPoint","urlTemplate":"https:\/\/www.cpl.es\/?s={search_term_string}"},"query-input":{"@type":"PropertyValueSpecification","valueRequired":true,"valueName":"search_term_string"}}],"inLanguage":"ca"},{"@type":"Organization","@id":"https:\/\/www.cpl.es\/#organization","name":"Centre de Pastoral Lit\u00fargica","alternateName":"Centre de Pastoral Lit\u00fargica de Barcelona","url":"https:\/\/www.cpl.es\/","logo":{"@type":"ImageObject","inLanguage":"ca","@id":"https:\/\/www.cpl.es\/#\/schema\/logo\/image\/","url":"https:\/\/www.cpl.es\/wp-content\/uploads\/logo-cpl.svg","contentUrl":"https:\/\/www.cpl.es\/wp-content\/uploads\/logo-cpl.svg","caption":"Centre de Pastoral Lit\u00fargica"},"image":{"@id":"https:\/\/www.cpl.es\/#\/schema\/logo\/image\/"}}]}},"_links":{"self":[{"href":"https:\/\/www.cpl.es\/ca\/wp-json\/wp\/v2\/product\/25751","targetHints":{"allow":["GET"]}}],"collection":[{"href":"https:\/\/www.cpl.es\/ca\/wp-json\/wp\/v2\/product"}],"about":[{"href":"https:\/\/www.cpl.es\/ca\/wp-json\/wp\/v2\/types\/product"}],"wp:featuredmedia":[{"embeddable":true,"href":"https:\/\/www.cpl.es\/ca\/wp-json\/wp\/v2\/media\/25752"}],"wp:attachment":[{"href":"https:\/\/www.cpl.es\/ca\/wp-json\/wp\/v2\/media?parent=25751"}],"wp:term":[{"taxonomy":"product_brand","embeddable":true,"href":"https:\/\/www.cpl.es\/ca\/wp-json\/wp\/v2\/product_brand?post=25751"},{"taxonomy":"product_cat","embeddable":true,"href":"https:\/\/www.cpl.es\/ca\/wp-json\/wp\/v2\/product_cat?post=25751"},{"taxonomy":"product_tag","embeddable":true,"href":"https:\/\/www.cpl.es\/ca\/wp-json\/wp\/v2\/product_tag?post=25751"}],"curies":[{"name":"wp","href":"https:\/\/api.w.org\/{rel}","templated":true}]}}