{"id":25732,"date":"2026-02-23T12:48:02","date_gmt":"2026-02-23T11:48:02","guid":{"rendered":"https:\/\/www.cpl.es\/producto\/jesucristo-nuestra-esperanza-9788491657484\/"},"modified":"2026-03-19T18:48:02","modified_gmt":"2026-03-19T17:48:02","slug":"jesucristo-nuestra-esperanza-9788491657484","status":"publish","type":"product","link":"https:\/\/www.cpl.es\/ca\/producto\/jesucristo-nuestra-esperanza-9788491657484\/","title":{"rendered":"Jesucristo, nuestra esperanza"},"content":{"rendered":"<p>El papa Le\u00f3n XIV y el papa Francisco nos invitan a reconocer el verdadero estilo de un catequista, de un pedagogo, que se acerca a nosotros a trav\u00e9s de una exposici\u00f3n durante la cual nos dirige preguntas oportunas para reflexionar y crecer en la fe. El recorrido empieza por la infancia de Jes\u00fas, para seguir por la vida p\u00fablica, haciendo referencia a los encuentros, a las par\u00e1bolas y a las curaciones obradas por Jes\u00fas, para proseguir por los momentos de la pasi\u00f3n y resurrecci\u00f3n, y finalizar con los desaf\u00edos actuales que la vida del Resucitado nos ofrece. Todo este planteamiento es una expresi\u00f3n continua de la fidelidad de Jes\u00fas que se dirige a toda la humanidad. Jes\u00fas, el verdadero protagonista de la historia de salvaci\u00f3n, nos hace ser protagonistas a nosotros mismos.<\/p>\n<p>En el libro que ten\u00e9is en las manos encontrar\u00e9is las catequesis del papa Le\u00f3n XIV y del papa Francisco, pronunciadas en las audiencias generales de los mi\u00e9rcoles, entre el 18 de diciembre de 2024 y el 17 de mayo de 2025.<\/p>\n","protected":false},"excerpt":{"rendered":"<p>Le\u00f3n XIV, papa<\/p>\n","protected":false},"featured_media":25735,"template":"","meta":{"_acf_changed":false,"inline_featured_image":false},"product_brand":[],"product_cat":[15],"product_tag":[],"class_list":{"0":"post-25732","1":"product","2":"type-product","3":"status-publish","4":"has-post-thumbnail","6":"product_cat-sin-categorizar","8":"first","9":"instock","10":"taxable","11":"shipping-taxable","12":"purchasable","13":"product-type-simple"},"acf":{"autor":"Le\u00f3n XIV, papa","codart":"113041","ediciones":"1","encuadernacion":"R\u00fastica","fecha_de_publicacion":"20\/02\/2026","novedad":false,"paginas":"136","subtitulo":"Catequesis del papa Le\u00f3n XIV y del papa Francisco","orden":"999","portada":false,"idioma":"spa","coleccion_num":"41","editorial":[{"ID":6736,"post_author":"2","post_date":"2023-10-06 08:35:24","post_date_gmt":"2023-10-06 06:35:24","post_content":"","post_title":"CPL","post_excerpt":"","post_status":"publish","comment_status":"closed","ping_status":"closed","post_password":"","post_name":"cpl","to_ping":"","pinged":"","post_modified":"2023-10-06 08:35:24","post_modified_gmt":"2023-10-06 06:35:24","post_content_filtered":"","post_parent":0,"guid":"https:\/\/nuevaweb.cpl.es\/editorial\/cpl\/","menu_order":0,"post_type":"editorial","post_mime_type":"","comment_count":"0","filter":"raw"}]},"yoast_head":"<!-- This site is optimized with the Yoast SEO plugin v27.3 - https:\/\/yoast.com\/product\/yoast-seo-wordpress\/ -->\n<title>Jesucristo, nuestra esperanza - CPL<\/title>\n<meta name=\"robots\" content=\"index, follow, max-snippet:-1, max-image-preview:large, max-video-preview:-1\" \/>\n<link rel=\"canonical\" href=\"https:\/\/www.cpl.es\/producto\/jesucristo-nuestra-esperanza-9788491657484\/\" \/>\n<meta property=\"og:locale\" content=\"ca_ES\" \/>\n<meta property=\"og:type\" content=\"article\" \/>\n<meta property=\"og:title\" content=\"Jesucristo, nuestra esperanza - CPL\" \/>\n<meta property=\"og:description\" content=\"Le\u00f3n XIV, papa\" \/>\n<meta property=\"og:url\" content=\"https:\/\/www.cpl.es\/producto\/jesucristo-nuestra-esperanza-9788491657484\/\" \/>\n<meta property=\"og:site_name\" content=\"CPL\" \/>\n<meta property=\"article:modified_time\" content=\"2026-03-19T17:48:02+00:00\" \/>\n<meta property=\"og:image\" content=\"https:\/\/www.cpl.es\/wp-content\/uploads\/9788491657484-1-1024x1680.jpg\" \/>\n\t<meta property=\"og:image:width\" content=\"1024\" \/>\n\t<meta property=\"og:image:height\" content=\"1680\" \/>\n\t<meta property=\"og:image:type\" content=\"image\/jpeg\" \/>\n<meta name=\"twitter:card\" content=\"summary_large_image\" \/>\n<meta name=\"twitter:label1\" content=\"Temps estimat de lectura\" \/>\n\t<meta name=\"twitter:data1\" content=\"1 minut\" \/>\n<script type=\"application\/ld+json\" class=\"yoast-schema-graph\">{\"@context\":\"https:\\\/\\\/schema.org\",\"@graph\":[{\"@type\":\"WebPage\",\"@id\":\"https:\\\/\\\/www.cpl.es\\\/producto\\\/jesucristo-nuestra-esperanza-9788491657484\\\/\",\"url\":\"https:\\\/\\\/www.cpl.es\\\/producto\\\/jesucristo-nuestra-esperanza-9788491657484\\\/\",\"name\":\"Jesucristo, nuestra esperanza - CPL\",\"isPartOf\":{\"@id\":\"https:\\\/\\\/www.cpl.es\\\/#website\"},\"primaryImageOfPage\":{\"@id\":\"https:\\\/\\\/www.cpl.es\\\/producto\\\/jesucristo-nuestra-esperanza-9788491657484\\\/#primaryimage\"},\"image\":{\"@id\":\"https:\\\/\\\/www.cpl.es\\\/producto\\\/jesucristo-nuestra-esperanza-9788491657484\\\/#primaryimage\"},\"thumbnailUrl\":\"https:\\\/\\\/www.cpl.es\\\/wp-content\\\/uploads\\\/9788491657484-1.jpg\",\"datePublished\":\"2026-02-23T11:48:02+00:00\",\"dateModified\":\"2026-03-19T17:48:02+00:00\",\"breadcrumb\":{\"@id\":\"https:\\\/\\\/www.cpl.es\\\/producto\\\/jesucristo-nuestra-esperanza-9788491657484\\\/#breadcrumb\"},\"inLanguage\":\"ca\",\"potentialAction\":[{\"@type\":\"ReadAction\",\"target\":[\"https:\\\/\\\/www.cpl.es\\\/producto\\\/jesucristo-nuestra-esperanza-9788491657484\\\/\"]}]},{\"@type\":\"ImageObject\",\"inLanguage\":\"ca\",\"@id\":\"https:\\\/\\\/www.cpl.es\\\/producto\\\/jesucristo-nuestra-esperanza-9788491657484\\\/#primaryimage\",\"url\":\"https:\\\/\\\/www.cpl.es\\\/wp-content\\\/uploads\\\/9788491657484-1.jpg\",\"contentUrl\":\"https:\\\/\\\/www.cpl.es\\\/wp-content\\\/uploads\\\/9788491657484-1.jpg\",\"width\":1476,\"height\":2421,\"caption\":\"9788491657484.jpg\"},{\"@type\":\"BreadcrumbList\",\"@id\":\"https:\\\/\\\/www.cpl.es\\\/producto\\\/jesucristo-nuestra-esperanza-9788491657484\\\/#breadcrumb\",\"itemListElement\":[{\"@type\":\"ListItem\",\"position\":1,\"name\":\"Portada\",\"item\":\"https:\\\/\\\/www.cpl.es\\\/ca\\\/\"},{\"@type\":\"ListItem\",\"position\":2,\"name\":\"Cat\u00e0leg\",\"item\":\"https:\\\/\\\/www.cpl.es\\\/ca\\\/cataleg\\\/\"},{\"@type\":\"ListItem\",\"position\":3,\"name\":\"Jesucristo, nuestra esperanza\"}]},{\"@type\":\"WebSite\",\"@id\":\"https:\\\/\\\/www.cpl.es\\\/#website\",\"url\":\"https:\\\/\\\/www.cpl.es\\\/\",\"name\":\"CPL\",\"description\":\"Centre de Pastoral Lit\u00fargica de Barcelona\",\"publisher\":{\"@id\":\"https:\\\/\\\/www.cpl.es\\\/#organization\"},\"alternateName\":\"Centre de Pastoral Lit\u00fargica\",\"potentialAction\":[{\"@type\":\"SearchAction\",\"target\":{\"@type\":\"EntryPoint\",\"urlTemplate\":\"https:\\\/\\\/www.cpl.es\\\/?s={search_term_string}\"},\"query-input\":{\"@type\":\"PropertyValueSpecification\",\"valueRequired\":true,\"valueName\":\"search_term_string\"}}],\"inLanguage\":\"ca\"},{\"@type\":\"Organization\",\"@id\":\"https:\\\/\\\/www.cpl.es\\\/#organization\",\"name\":\"Centre de Pastoral Lit\u00fargica\",\"alternateName\":\"Centre de Pastoral Lit\u00fargica de Barcelona\",\"url\":\"https:\\\/\\\/www.cpl.es\\\/\",\"logo\":{\"@type\":\"ImageObject\",\"inLanguage\":\"ca\",\"@id\":\"https:\\\/\\\/www.cpl.es\\\/#\\\/schema\\\/logo\\\/image\\\/\",\"url\":\"https:\\\/\\\/www.cpl.es\\\/wp-content\\\/uploads\\\/logo-cpl.svg\",\"contentUrl\":\"https:\\\/\\\/www.cpl.es\\\/wp-content\\\/uploads\\\/logo-cpl.svg\",\"caption\":\"Centre de Pastoral Lit\u00fargica\"},\"image\":{\"@id\":\"https:\\\/\\\/www.cpl.es\\\/#\\\/schema\\\/logo\\\/image\\\/\"}}]}<\/script>\n<!-- \/ Yoast SEO plugin. -->","yoast_head_json":{"title":"Jesucristo, nuestra esperanza - CPL","robots":{"index":"index","follow":"follow","max-snippet":"max-snippet:-1","max-image-preview":"max-image-preview:large","max-video-preview":"max-video-preview:-1"},"canonical":"https:\/\/www.cpl.es\/producto\/jesucristo-nuestra-esperanza-9788491657484\/","og_locale":"ca_ES","og_type":"article","og_title":"Jesucristo, nuestra esperanza - CPL","og_description":"Le\u00f3n XIV, papa","og_url":"https:\/\/www.cpl.es\/producto\/jesucristo-nuestra-esperanza-9788491657484\/","og_site_name":"CPL","article_modified_time":"2026-03-19T17:48:02+00:00","og_image":[{"width":1024,"height":1680,"url":"https:\/\/www.cpl.es\/wp-content\/uploads\/9788491657484-1-1024x1680.jpg","type":"image\/jpeg"}],"twitter_card":"summary_large_image","twitter_misc":{"Temps estimat de lectura":"1 minut"},"schema":{"@context":"https:\/\/schema.org","@graph":[{"@type":"WebPage","@id":"https:\/\/www.cpl.es\/producto\/jesucristo-nuestra-esperanza-9788491657484\/","url":"https:\/\/www.cpl.es\/producto\/jesucristo-nuestra-esperanza-9788491657484\/","name":"Jesucristo, nuestra esperanza - CPL","isPartOf":{"@id":"https:\/\/www.cpl.es\/#website"},"primaryImageOfPage":{"@id":"https:\/\/www.cpl.es\/producto\/jesucristo-nuestra-esperanza-9788491657484\/#primaryimage"},"image":{"@id":"https:\/\/www.cpl.es\/producto\/jesucristo-nuestra-esperanza-9788491657484\/#primaryimage"},"thumbnailUrl":"https:\/\/www.cpl.es\/wp-content\/uploads\/9788491657484-1.jpg","datePublished":"2026-02-23T11:48:02+00:00","dateModified":"2026-03-19T17:48:02+00:00","breadcrumb":{"@id":"https:\/\/www.cpl.es\/producto\/jesucristo-nuestra-esperanza-9788491657484\/#breadcrumb"},"inLanguage":"ca","potentialAction":[{"@type":"ReadAction","target":["https:\/\/www.cpl.es\/producto\/jesucristo-nuestra-esperanza-9788491657484\/"]}]},{"@type":"ImageObject","inLanguage":"ca","@id":"https:\/\/www.cpl.es\/producto\/jesucristo-nuestra-esperanza-9788491657484\/#primaryimage","url":"https:\/\/www.cpl.es\/wp-content\/uploads\/9788491657484-1.jpg","contentUrl":"https:\/\/www.cpl.es\/wp-content\/uploads\/9788491657484-1.jpg","width":1476,"height":2421,"caption":"9788491657484.jpg"},{"@type":"BreadcrumbList","@id":"https:\/\/www.cpl.es\/producto\/jesucristo-nuestra-esperanza-9788491657484\/#breadcrumb","itemListElement":[{"@type":"ListItem","position":1,"name":"Portada","item":"https:\/\/www.cpl.es\/ca\/"},{"@type":"ListItem","position":2,"name":"Cat\u00e0leg","item":"https:\/\/www.cpl.es\/ca\/cataleg\/"},{"@type":"ListItem","position":3,"name":"Jesucristo, nuestra esperanza"}]},{"@type":"WebSite","@id":"https:\/\/www.cpl.es\/#website","url":"https:\/\/www.cpl.es\/","name":"CPL","description":"Centre de Pastoral Lit\u00fargica de Barcelona","publisher":{"@id":"https:\/\/www.cpl.es\/#organization"},"alternateName":"Centre de Pastoral Lit\u00fargica","potentialAction":[{"@type":"SearchAction","target":{"@type":"EntryPoint","urlTemplate":"https:\/\/www.cpl.es\/?s={search_term_string}"},"query-input":{"@type":"PropertyValueSpecification","valueRequired":true,"valueName":"search_term_string"}}],"inLanguage":"ca"},{"@type":"Organization","@id":"https:\/\/www.cpl.es\/#organization","name":"Centre de Pastoral Lit\u00fargica","alternateName":"Centre de Pastoral Lit\u00fargica de Barcelona","url":"https:\/\/www.cpl.es\/","logo":{"@type":"ImageObject","inLanguage":"ca","@id":"https:\/\/www.cpl.es\/#\/schema\/logo\/image\/","url":"https:\/\/www.cpl.es\/wp-content\/uploads\/logo-cpl.svg","contentUrl":"https:\/\/www.cpl.es\/wp-content\/uploads\/logo-cpl.svg","caption":"Centre de Pastoral Lit\u00fargica"},"image":{"@id":"https:\/\/www.cpl.es\/#\/schema\/logo\/image\/"}}]}},"_links":{"self":[{"href":"https:\/\/www.cpl.es\/ca\/wp-json\/wp\/v2\/product\/25732","targetHints":{"allow":["GET"]}}],"collection":[{"href":"https:\/\/www.cpl.es\/ca\/wp-json\/wp\/v2\/product"}],"about":[{"href":"https:\/\/www.cpl.es\/ca\/wp-json\/wp\/v2\/types\/product"}],"wp:featuredmedia":[{"embeddable":true,"href":"https:\/\/www.cpl.es\/ca\/wp-json\/wp\/v2\/media\/25735"}],"wp:attachment":[{"href":"https:\/\/www.cpl.es\/ca\/wp-json\/wp\/v2\/media?parent=25732"}],"wp:term":[{"taxonomy":"product_brand","embeddable":true,"href":"https:\/\/www.cpl.es\/ca\/wp-json\/wp\/v2\/product_brand?post=25732"},{"taxonomy":"product_cat","embeddable":true,"href":"https:\/\/www.cpl.es\/ca\/wp-json\/wp\/v2\/product_cat?post=25732"},{"taxonomy":"product_tag","embeddable":true,"href":"https:\/\/www.cpl.es\/ca\/wp-json\/wp\/v2\/product_tag?post=25732"}],"curies":[{"name":"wp","href":"https:\/\/api.w.org\/{rel}","templated":true}]}}