{"id":25658,"date":"2026-02-17T09:03:01","date_gmt":"2026-02-17T08:03:01","guid":{"rendered":"https:\/\/www.cpl.es\/producto\/obras-pastorales-de-san-jose-maria-tomasi-9788491657361\/"},"modified":"2026-03-20T13:23:04","modified_gmt":"2026-03-20T12:23:04","slug":"obras-pastorales-de-san-jose-maria-tomasi-9788491657361","status":"publish","type":"product","link":"https:\/\/www.cpl.es\/ca\/producto\/obras-pastorales-de-san-jose-maria-tomasi-9788491657361\/","title":{"rendered":"Obras pastorales de san Jos\u00e9 Mar\u00eda Tomasi"},"content":{"rendered":"<p>Resumen: San Jos\u00e9 Mar\u00eda Tomasi, C.R., \u00abPr\u00edncipe de los liturgistas\u00bb (Benedicto XIV), destaca en la historia de la liturgia como editor de fuentes lit\u00fargicas antiguas de gran importancia. Sin embargo, las obras que presentamos demuestran su celo y actividad pastoral en la formaci\u00f3n lit\u00fargica del laicado en el marco de la Reforma cat\u00f3lica postridentina.<\/p>\n<p>Palabras clave: cardenal Tomasi, espiritualidad b\u00edblica, espiritualidad lit\u00fargica, fuentes lit\u00fargicas, participaci\u00f3n de los fieles, pastoral lit\u00fargica postridentina, patr\u00edstica, obras pastorales.<\/p>\n<p>Abstract: Saint Joseph Maria Tomasi, C.R., \u00abPrince of Liturgists\u00bb (Benedict XIV), stands out in the history of liturgy as an editor of ancient liturgical sources of great importance. However, the works we present here demonstrate his zeal and pastoral activity in the liturgical formation of the laity within the framework of the post-Tridentine Catholic Reformation.<\/p>\n<p>Keywords: biblical spirituality, cardinal Tomasi, liturgical spirituality, liturgical sources, participation of the faithful, post-Tridentine liturgical pastoral care, patristics, pastoral works.<\/p>\n<p><\/p>\n<p>Juan R. Orqueida Guaglianone, Presb\u00edtero religioso de la Orden de los Cl\u00e9rigos Regulares (Teatinos). Nacido en San Isidro, Buenos Aires, Argentina (1963). Ha realizado sus estudios en Liturgia en Pontificio Istituto Liturgico del Ateneo San Anselmo de Roma; desde hace m\u00e1s de un decenio desarrolla su actividad como prefecto del archivo general y de la Biblioteca General en la Curia General de los Cl\u00e9rigos Regulares (Teatinos) en Roma.<\/p>\n","protected":false},"excerpt":{"rendered":"<p>Orqueida Guaglianone, Juan R., C.R. (Ed.)<\/p>\n","protected":false},"featured_media":25659,"template":"","meta":{"_acf_changed":false,"inline_featured_image":false},"product_brand":[],"product_cat":[69,54],"product_tag":[],"class_list":{"0":"post-25658","1":"product","2":"type-product","3":"status-publish","4":"has-post-thumbnail","6":"product_cat-cuadernos-phase-colleccions-catala","7":"product_cat-cuadernos-phase","9":"first","10":"instock","11":"taxable","12":"shipping-taxable","13":"purchasable","14":"product-type-simple"},"acf":{"autor":"Orqueida Guaglianone, Juan R., C.R. (Ed.)","codart":"110289","ediciones":"1","encuadernacion":"R\u00fastica","fecha_de_publicacion":"29\/01\/2026","novedad":false,"paginas":"164","subtitulo":"","orden":"999","portada":false,"idioma":"spa","coleccion_num":"289","editorial":[{"ID":6736,"post_author":"2","post_date":"2023-10-06 08:35:24","post_date_gmt":"2023-10-06 06:35:24","post_content":"","post_title":"CPL","post_excerpt":"","post_status":"publish","comment_status":"closed","ping_status":"closed","post_password":"","post_name":"cpl","to_ping":"","pinged":"","post_modified":"2023-10-06 08:35:24","post_modified_gmt":"2023-10-06 06:35:24","post_content_filtered":"","post_parent":0,"guid":"https:\/\/nuevaweb.cpl.es\/editorial\/cpl\/","menu_order":0,"post_type":"editorial","post_mime_type":"","comment_count":"0","filter":"raw"}]},"yoast_head":"<!-- This site is optimized with the Yoast SEO plugin v27.3 - https:\/\/yoast.com\/product\/yoast-seo-wordpress\/ -->\n<title>Obras pastorales de san Jos\u00e9 Mar\u00eda Tomasi - CPL<\/title>\n<meta name=\"robots\" content=\"index, follow, max-snippet:-1, max-image-preview:large, max-video-preview:-1\" \/>\n<link rel=\"canonical\" href=\"https:\/\/www.cpl.es\/producto\/obras-pastorales-de-san-jose-maria-tomasi-9788491657361\/\" \/>\n<meta property=\"og:locale\" content=\"ca_ES\" \/>\n<meta property=\"og:type\" content=\"article\" \/>\n<meta property=\"og:title\" content=\"Obras pastorales de san Jos\u00e9 Mar\u00eda Tomasi - CPL\" \/>\n<meta property=\"og:description\" content=\"Orqueida Guaglianone, Juan R., C.R. (Ed.)\" \/>\n<meta property=\"og:url\" content=\"https:\/\/www.cpl.es\/producto\/obras-pastorales-de-san-jose-maria-tomasi-9788491657361\/\" \/>\n<meta property=\"og:site_name\" content=\"CPL\" \/>\n<meta property=\"article:modified_time\" content=\"2026-03-20T12:23:04+00:00\" \/>\n<meta property=\"og:image\" content=\"https:\/\/www.cpl.es\/wp-content\/uploads\/9788491657361.jpg\" \/>\n\t<meta property=\"og:image:width\" content=\"1536\" \/>\n\t<meta property=\"og:image:height\" content=\"2440\" \/>\n\t<meta property=\"og:image:type\" content=\"image\/jpeg\" \/>\n<meta name=\"twitter:card\" content=\"summary_large_image\" \/>\n<meta name=\"twitter:label1\" content=\"Temps estimat de lectura\" \/>\n\t<meta name=\"twitter:data1\" content=\"1 minut\" \/>\n<script type=\"application\/ld+json\" class=\"yoast-schema-graph\">{\"@context\":\"https:\\\/\\\/schema.org\",\"@graph\":[{\"@type\":\"WebPage\",\"@id\":\"https:\\\/\\\/www.cpl.es\\\/producto\\\/obras-pastorales-de-san-jose-maria-tomasi-9788491657361\\\/\",\"url\":\"https:\\\/\\\/www.cpl.es\\\/producto\\\/obras-pastorales-de-san-jose-maria-tomasi-9788491657361\\\/\",\"name\":\"Obras pastorales de san Jos\u00e9 Mar\u00eda Tomasi - CPL\",\"isPartOf\":{\"@id\":\"https:\\\/\\\/www.cpl.es\\\/#website\"},\"primaryImageOfPage\":{\"@id\":\"https:\\\/\\\/www.cpl.es\\\/producto\\\/obras-pastorales-de-san-jose-maria-tomasi-9788491657361\\\/#primaryimage\"},\"image\":{\"@id\":\"https:\\\/\\\/www.cpl.es\\\/producto\\\/obras-pastorales-de-san-jose-maria-tomasi-9788491657361\\\/#primaryimage\"},\"thumbnailUrl\":\"https:\\\/\\\/www.cpl.es\\\/wp-content\\\/uploads\\\/9788491657361.jpg\",\"datePublished\":\"2026-02-17T08:03:01+00:00\",\"dateModified\":\"2026-03-20T12:23:04+00:00\",\"breadcrumb\":{\"@id\":\"https:\\\/\\\/www.cpl.es\\\/producto\\\/obras-pastorales-de-san-jose-maria-tomasi-9788491657361\\\/#breadcrumb\"},\"inLanguage\":\"ca\",\"potentialAction\":[{\"@type\":\"ReadAction\",\"target\":[\"https:\\\/\\\/www.cpl.es\\\/producto\\\/obras-pastorales-de-san-jose-maria-tomasi-9788491657361\\\/\"]}]},{\"@type\":\"ImageObject\",\"inLanguage\":\"ca\",\"@id\":\"https:\\\/\\\/www.cpl.es\\\/producto\\\/obras-pastorales-de-san-jose-maria-tomasi-9788491657361\\\/#primaryimage\",\"url\":\"https:\\\/\\\/www.cpl.es\\\/wp-content\\\/uploads\\\/9788491657361.jpg\",\"contentUrl\":\"https:\\\/\\\/www.cpl.es\\\/wp-content\\\/uploads\\\/9788491657361.jpg\",\"width\":1536,\"height\":2440,\"caption\":\"9788491657361.jpg\"},{\"@type\":\"BreadcrumbList\",\"@id\":\"https:\\\/\\\/www.cpl.es\\\/producto\\\/obras-pastorales-de-san-jose-maria-tomasi-9788491657361\\\/#breadcrumb\",\"itemListElement\":[{\"@type\":\"ListItem\",\"position\":1,\"name\":\"Portada\",\"item\":\"https:\\\/\\\/www.cpl.es\\\/ca\\\/\"},{\"@type\":\"ListItem\",\"position\":2,\"name\":\"Cat\u00e0leg\",\"item\":\"https:\\\/\\\/www.cpl.es\\\/ca\\\/cataleg\\\/\"},{\"@type\":\"ListItem\",\"position\":3,\"name\":\"Obras pastorales de san Jos\u00e9 Mar\u00eda Tomasi\"}]},{\"@type\":\"WebSite\",\"@id\":\"https:\\\/\\\/www.cpl.es\\\/#website\",\"url\":\"https:\\\/\\\/www.cpl.es\\\/\",\"name\":\"CPL\",\"description\":\"Centre de Pastoral Lit\u00fargica de Barcelona\",\"publisher\":{\"@id\":\"https:\\\/\\\/www.cpl.es\\\/#organization\"},\"alternateName\":\"Centre de Pastoral Lit\u00fargica\",\"potentialAction\":[{\"@type\":\"SearchAction\",\"target\":{\"@type\":\"EntryPoint\",\"urlTemplate\":\"https:\\\/\\\/www.cpl.es\\\/?s={search_term_string}\"},\"query-input\":{\"@type\":\"PropertyValueSpecification\",\"valueRequired\":true,\"valueName\":\"search_term_string\"}}],\"inLanguage\":\"ca\"},{\"@type\":\"Organization\",\"@id\":\"https:\\\/\\\/www.cpl.es\\\/#organization\",\"name\":\"Centre de Pastoral Lit\u00fargica\",\"alternateName\":\"Centre de Pastoral Lit\u00fargica de Barcelona\",\"url\":\"https:\\\/\\\/www.cpl.es\\\/\",\"logo\":{\"@type\":\"ImageObject\",\"inLanguage\":\"ca\",\"@id\":\"https:\\\/\\\/www.cpl.es\\\/#\\\/schema\\\/logo\\\/image\\\/\",\"url\":\"https:\\\/\\\/www.cpl.es\\\/wp-content\\\/uploads\\\/logo-cpl.svg\",\"contentUrl\":\"https:\\\/\\\/www.cpl.es\\\/wp-content\\\/uploads\\\/logo-cpl.svg\",\"caption\":\"Centre de Pastoral Lit\u00fargica\"},\"image\":{\"@id\":\"https:\\\/\\\/www.cpl.es\\\/#\\\/schema\\\/logo\\\/image\\\/\"}}]}<\/script>\n<!-- \/ Yoast SEO plugin. -->","yoast_head_json":{"title":"Obras pastorales de san Jos\u00e9 Mar\u00eda Tomasi - CPL","robots":{"index":"index","follow":"follow","max-snippet":"max-snippet:-1","max-image-preview":"max-image-preview:large","max-video-preview":"max-video-preview:-1"},"canonical":"https:\/\/www.cpl.es\/producto\/obras-pastorales-de-san-jose-maria-tomasi-9788491657361\/","og_locale":"ca_ES","og_type":"article","og_title":"Obras pastorales de san Jos\u00e9 Mar\u00eda Tomasi - CPL","og_description":"Orqueida Guaglianone, Juan R., C.R. (Ed.)","og_url":"https:\/\/www.cpl.es\/producto\/obras-pastorales-de-san-jose-maria-tomasi-9788491657361\/","og_site_name":"CPL","article_modified_time":"2026-03-20T12:23:04+00:00","og_image":[{"width":1536,"height":2440,"url":"https:\/\/www.cpl.es\/wp-content\/uploads\/9788491657361.jpg","type":"image\/jpeg"}],"twitter_card":"summary_large_image","twitter_misc":{"Temps estimat de lectura":"1 minut"},"schema":{"@context":"https:\/\/schema.org","@graph":[{"@type":"WebPage","@id":"https:\/\/www.cpl.es\/producto\/obras-pastorales-de-san-jose-maria-tomasi-9788491657361\/","url":"https:\/\/www.cpl.es\/producto\/obras-pastorales-de-san-jose-maria-tomasi-9788491657361\/","name":"Obras pastorales de san Jos\u00e9 Mar\u00eda Tomasi - CPL","isPartOf":{"@id":"https:\/\/www.cpl.es\/#website"},"primaryImageOfPage":{"@id":"https:\/\/www.cpl.es\/producto\/obras-pastorales-de-san-jose-maria-tomasi-9788491657361\/#primaryimage"},"image":{"@id":"https:\/\/www.cpl.es\/producto\/obras-pastorales-de-san-jose-maria-tomasi-9788491657361\/#primaryimage"},"thumbnailUrl":"https:\/\/www.cpl.es\/wp-content\/uploads\/9788491657361.jpg","datePublished":"2026-02-17T08:03:01+00:00","dateModified":"2026-03-20T12:23:04+00:00","breadcrumb":{"@id":"https:\/\/www.cpl.es\/producto\/obras-pastorales-de-san-jose-maria-tomasi-9788491657361\/#breadcrumb"},"inLanguage":"ca","potentialAction":[{"@type":"ReadAction","target":["https:\/\/www.cpl.es\/producto\/obras-pastorales-de-san-jose-maria-tomasi-9788491657361\/"]}]},{"@type":"ImageObject","inLanguage":"ca","@id":"https:\/\/www.cpl.es\/producto\/obras-pastorales-de-san-jose-maria-tomasi-9788491657361\/#primaryimage","url":"https:\/\/www.cpl.es\/wp-content\/uploads\/9788491657361.jpg","contentUrl":"https:\/\/www.cpl.es\/wp-content\/uploads\/9788491657361.jpg","width":1536,"height":2440,"caption":"9788491657361.jpg"},{"@type":"BreadcrumbList","@id":"https:\/\/www.cpl.es\/producto\/obras-pastorales-de-san-jose-maria-tomasi-9788491657361\/#breadcrumb","itemListElement":[{"@type":"ListItem","position":1,"name":"Portada","item":"https:\/\/www.cpl.es\/ca\/"},{"@type":"ListItem","position":2,"name":"Cat\u00e0leg","item":"https:\/\/www.cpl.es\/ca\/cataleg\/"},{"@type":"ListItem","position":3,"name":"Obras pastorales de san Jos\u00e9 Mar\u00eda Tomasi"}]},{"@type":"WebSite","@id":"https:\/\/www.cpl.es\/#website","url":"https:\/\/www.cpl.es\/","name":"CPL","description":"Centre de Pastoral Lit\u00fargica de Barcelona","publisher":{"@id":"https:\/\/www.cpl.es\/#organization"},"alternateName":"Centre de Pastoral Lit\u00fargica","potentialAction":[{"@type":"SearchAction","target":{"@type":"EntryPoint","urlTemplate":"https:\/\/www.cpl.es\/?s={search_term_string}"},"query-input":{"@type":"PropertyValueSpecification","valueRequired":true,"valueName":"search_term_string"}}],"inLanguage":"ca"},{"@type":"Organization","@id":"https:\/\/www.cpl.es\/#organization","name":"Centre de Pastoral Lit\u00fargica","alternateName":"Centre de Pastoral Lit\u00fargica de Barcelona","url":"https:\/\/www.cpl.es\/","logo":{"@type":"ImageObject","inLanguage":"ca","@id":"https:\/\/www.cpl.es\/#\/schema\/logo\/image\/","url":"https:\/\/www.cpl.es\/wp-content\/uploads\/logo-cpl.svg","contentUrl":"https:\/\/www.cpl.es\/wp-content\/uploads\/logo-cpl.svg","caption":"Centre de Pastoral Lit\u00fargica"},"image":{"@id":"https:\/\/www.cpl.es\/#\/schema\/logo\/image\/"}}]}},"_links":{"self":[{"href":"https:\/\/www.cpl.es\/ca\/wp-json\/wp\/v2\/product\/25658","targetHints":{"allow":["GET"]}}],"collection":[{"href":"https:\/\/www.cpl.es\/ca\/wp-json\/wp\/v2\/product"}],"about":[{"href":"https:\/\/www.cpl.es\/ca\/wp-json\/wp\/v2\/types\/product"}],"wp:featuredmedia":[{"embeddable":true,"href":"https:\/\/www.cpl.es\/ca\/wp-json\/wp\/v2\/media\/25659"}],"wp:attachment":[{"href":"https:\/\/www.cpl.es\/ca\/wp-json\/wp\/v2\/media?parent=25658"}],"wp:term":[{"taxonomy":"product_brand","embeddable":true,"href":"https:\/\/www.cpl.es\/ca\/wp-json\/wp\/v2\/product_brand?post=25658"},{"taxonomy":"product_cat","embeddable":true,"href":"https:\/\/www.cpl.es\/ca\/wp-json\/wp\/v2\/product_cat?post=25658"},{"taxonomy":"product_tag","embeddable":true,"href":"https:\/\/www.cpl.es\/ca\/wp-json\/wp\/v2\/product_tag?post=25658"}],"curies":[{"name":"wp","href":"https:\/\/api.w.org\/{rel}","templated":true}]}}