{"id":2536,"date":"2023-10-04T01:44:54","date_gmt":"2023-10-03T23:44:54","guid":{"rendered":"https:\/\/nuevaweb.cpl.es\/producto\/homilias-para-las-misas-con-ninos-ciclo-a-9788498056556\/"},"modified":"2023-12-05T13:39:23","modified_gmt":"2023-12-05T12:39:23","slug":"homilias-para-las-misas-con-ninos-ciclo-a-9788498056556","status":"publish","type":"product","link":"https:\/\/www.cpl.es\/ca\/producto\/homilias-para-las-misas-con-ninos-ciclo-a-9788498056556\/","title":{"rendered":"Homil\u00edas para las misas con ni\u00f1os. Ciclo A"},"content":{"rendered":"<p>Para el evangelio de todos los domingos y fiestas del ciclo A, sugerencias para explicarlo a los ni\u00f1os, as\u00ed como una breve explicaci\u00f3n u homil\u00eda ya redactada. Unos materiales \u00fatiles tanto para la homil\u00eda de la misa cuando esta se celebra principalmente para ellos, como para la explicaci\u00f3n que se les hace cuando se les separa de la asamblea durante la Liturgia de la Palabra, como tambi\u00e9n para encuentros catequ\u00e9ticos sobre el evangelio dominical.<br \/>Sin duda, un libro necesario para ayudar a sacerdotes y catequistas a iniciar a los ni\u00f1os en el descubrimiento, a su nivel, de la riqueza del evangelio de Jesus. <\/p>\n","protected":false},"excerpt":{"rendered":"<p>vv.aa.<\/p>\n","protected":false},"featured_media":2537,"template":"","meta":{"_acf_changed":false,"inline_featured_image":false},"product_brand":[],"product_cat":[151,153,75,44,137,115,122,144],"product_tag":[],"class_list":{"0":"post-2536","1":"product","2":"type-product","3":"status-publish","4":"has-post-thumbnail","6":"product_cat-celebracio-de-la-missa-celebracio-de-la-missa-per-temes","7":"product_cat-celebracion-de-la-misa-celebracion-de-la-misa-por-temas","8":"product_cat-dossiers-cpl-colleccions-catala","9":"product_cat-dossiers-cpl","10":"product_cat-eucaristia-sagraments-per-temes","11":"product_cat-eucaristia","12":"product_cat-ministerios","13":"product_cat-ministeris","15":"first","16":"instock","17":"taxable","18":"shipping-taxable","19":"purchasable","20":"product-type-simple"},"acf":{"autor":"vv.aa.","codart":"101131","ediciones":"1","encuadernacion":"R\u00fastica","fecha_de_publicacion":"02\/02\/2021","novedad":false,"paginas":"180","subtitulo":"","orden":"15","portada":false,"idioma":"spa","editorial":[{"ID":6736,"post_author":"2","post_date":"2023-10-06 08:35:24","post_date_gmt":"2023-10-06 06:35:24","post_content":"","post_title":"CPL","post_excerpt":"","post_status":"publish","comment_status":"closed","ping_status":"closed","post_password":"","post_name":"cpl","to_ping":"","pinged":"","post_modified":"2023-10-06 08:35:24","post_modified_gmt":"2023-10-06 06:35:24","post_content_filtered":"","post_parent":0,"guid":"https:\/\/nuevaweb.cpl.es\/editorial\/cpl\/","menu_order":0,"post_type":"editorial","post_mime_type":"","comment_count":"0","filter":"raw"}]},"yoast_head":"<!-- This site is optimized with the Yoast SEO plugin v27.3 - https:\/\/yoast.com\/product\/yoast-seo-wordpress\/ -->\n<title>Homil\u00edas para las misas con ni\u00f1os. Ciclo A - CPL<\/title>\n<meta name=\"robots\" content=\"index, follow, max-snippet:-1, max-image-preview:large, max-video-preview:-1\" \/>\n<link rel=\"canonical\" href=\"https:\/\/www.cpl.es\/producto\/homilias-para-las-misas-con-ninos-ciclo-a-9788498056556\/\" \/>\n<meta property=\"og:locale\" content=\"ca_ES\" \/>\n<meta property=\"og:type\" content=\"article\" \/>\n<meta property=\"og:title\" content=\"Homil\u00edas para las misas con ni\u00f1os. Ciclo A - CPL\" \/>\n<meta property=\"og:description\" content=\"vv.aa.\" \/>\n<meta property=\"og:url\" content=\"https:\/\/www.cpl.es\/producto\/homilias-para-las-misas-con-ninos-ciclo-a-9788498056556\/\" \/>\n<meta property=\"og:site_name\" content=\"CPL\" \/>\n<meta property=\"article:modified_time\" content=\"2023-12-05T12:39:23+00:00\" \/>\n<meta property=\"og:image\" content=\"https:\/\/www.cpl.es\/wp-content\/uploads\/101131.jpg\" \/>\n\t<meta property=\"og:image:width\" content=\"250\" \/>\n\t<meta property=\"og:image:height\" content=\"347\" \/>\n\t<meta property=\"og:image:type\" content=\"image\/jpeg\" \/>\n<meta name=\"twitter:card\" content=\"summary_large_image\" \/>\n<meta name=\"twitter:label1\" content=\"Temps estimat de lectura\" \/>\n\t<meta name=\"twitter:data1\" content=\"1 minut\" \/>\n<script type=\"application\/ld+json\" class=\"yoast-schema-graph\">{\"@context\":\"https:\\\/\\\/schema.org\",\"@graph\":[{\"@type\":\"WebPage\",\"@id\":\"https:\\\/\\\/www.cpl.es\\\/producto\\\/homilias-para-las-misas-con-ninos-ciclo-a-9788498056556\\\/\",\"url\":\"https:\\\/\\\/www.cpl.es\\\/producto\\\/homilias-para-las-misas-con-ninos-ciclo-a-9788498056556\\\/\",\"name\":\"Homil\u00edas para las misas con ni\u00f1os. Ciclo A - CPL\",\"isPartOf\":{\"@id\":\"https:\\\/\\\/www.cpl.es\\\/#website\"},\"primaryImageOfPage\":{\"@id\":\"https:\\\/\\\/www.cpl.es\\\/producto\\\/homilias-para-las-misas-con-ninos-ciclo-a-9788498056556\\\/#primaryimage\"},\"image\":{\"@id\":\"https:\\\/\\\/www.cpl.es\\\/producto\\\/homilias-para-las-misas-con-ninos-ciclo-a-9788498056556\\\/#primaryimage\"},\"thumbnailUrl\":\"https:\\\/\\\/www.cpl.es\\\/wp-content\\\/uploads\\\/101131.jpg\",\"datePublished\":\"2023-10-03T23:44:54+00:00\",\"dateModified\":\"2023-12-05T12:39:23+00:00\",\"breadcrumb\":{\"@id\":\"https:\\\/\\\/www.cpl.es\\\/producto\\\/homilias-para-las-misas-con-ninos-ciclo-a-9788498056556\\\/#breadcrumb\"},\"inLanguage\":\"ca\",\"potentialAction\":[{\"@type\":\"ReadAction\",\"target\":[\"https:\\\/\\\/www.cpl.es\\\/producto\\\/homilias-para-las-misas-con-ninos-ciclo-a-9788498056556\\\/\"]}]},{\"@type\":\"ImageObject\",\"inLanguage\":\"ca\",\"@id\":\"https:\\\/\\\/www.cpl.es\\\/producto\\\/homilias-para-las-misas-con-ninos-ciclo-a-9788498056556\\\/#primaryimage\",\"url\":\"https:\\\/\\\/www.cpl.es\\\/wp-content\\\/uploads\\\/101131.jpg\",\"contentUrl\":\"https:\\\/\\\/www.cpl.es\\\/wp-content\\\/uploads\\\/101131.jpg\",\"width\":250,\"height\":347,\"caption\":\"101131.jpg\"},{\"@type\":\"BreadcrumbList\",\"@id\":\"https:\\\/\\\/www.cpl.es\\\/producto\\\/homilias-para-las-misas-con-ninos-ciclo-a-9788498056556\\\/#breadcrumb\",\"itemListElement\":[{\"@type\":\"ListItem\",\"position\":1,\"name\":\"Portada\",\"item\":\"https:\\\/\\\/www.cpl.es\\\/ca\\\/\"},{\"@type\":\"ListItem\",\"position\":2,\"name\":\"Cat\u00e0leg\",\"item\":\"https:\\\/\\\/www.cpl.es\\\/ca\\\/cataleg\\\/\"},{\"@type\":\"ListItem\",\"position\":3,\"name\":\"Homil\u00edas para las misas con ni\u00f1os. Ciclo A\"}]},{\"@type\":\"WebSite\",\"@id\":\"https:\\\/\\\/www.cpl.es\\\/#website\",\"url\":\"https:\\\/\\\/www.cpl.es\\\/\",\"name\":\"CPL\",\"description\":\"Centre de Pastoral Lit\u00fargica de Barcelona\",\"publisher\":{\"@id\":\"https:\\\/\\\/www.cpl.es\\\/#organization\"},\"alternateName\":\"Centre de Pastoral Lit\u00fargica\",\"potentialAction\":[{\"@type\":\"SearchAction\",\"target\":{\"@type\":\"EntryPoint\",\"urlTemplate\":\"https:\\\/\\\/www.cpl.es\\\/?s={search_term_string}\"},\"query-input\":{\"@type\":\"PropertyValueSpecification\",\"valueRequired\":true,\"valueName\":\"search_term_string\"}}],\"inLanguage\":\"ca\"},{\"@type\":\"Organization\",\"@id\":\"https:\\\/\\\/www.cpl.es\\\/#organization\",\"name\":\"Centre de Pastoral Lit\u00fargica\",\"alternateName\":\"Centre de Pastoral Lit\u00fargica de Barcelona\",\"url\":\"https:\\\/\\\/www.cpl.es\\\/\",\"logo\":{\"@type\":\"ImageObject\",\"inLanguage\":\"ca\",\"@id\":\"https:\\\/\\\/www.cpl.es\\\/#\\\/schema\\\/logo\\\/image\\\/\",\"url\":\"https:\\\/\\\/www.cpl.es\\\/wp-content\\\/uploads\\\/logo-cpl.svg\",\"contentUrl\":\"https:\\\/\\\/www.cpl.es\\\/wp-content\\\/uploads\\\/logo-cpl.svg\",\"caption\":\"Centre de Pastoral Lit\u00fargica\"},\"image\":{\"@id\":\"https:\\\/\\\/www.cpl.es\\\/#\\\/schema\\\/logo\\\/image\\\/\"}}]}<\/script>\n<!-- \/ Yoast SEO plugin. -->","yoast_head_json":{"title":"Homil\u00edas para las misas con ni\u00f1os. Ciclo A - CPL","robots":{"index":"index","follow":"follow","max-snippet":"max-snippet:-1","max-image-preview":"max-image-preview:large","max-video-preview":"max-video-preview:-1"},"canonical":"https:\/\/www.cpl.es\/producto\/homilias-para-las-misas-con-ninos-ciclo-a-9788498056556\/","og_locale":"ca_ES","og_type":"article","og_title":"Homil\u00edas para las misas con ni\u00f1os. Ciclo A - CPL","og_description":"vv.aa.","og_url":"https:\/\/www.cpl.es\/producto\/homilias-para-las-misas-con-ninos-ciclo-a-9788498056556\/","og_site_name":"CPL","article_modified_time":"2023-12-05T12:39:23+00:00","og_image":[{"width":250,"height":347,"url":"https:\/\/www.cpl.es\/wp-content\/uploads\/101131.jpg","type":"image\/jpeg"}],"twitter_card":"summary_large_image","twitter_misc":{"Temps estimat de lectura":"1 minut"},"schema":{"@context":"https:\/\/schema.org","@graph":[{"@type":"WebPage","@id":"https:\/\/www.cpl.es\/producto\/homilias-para-las-misas-con-ninos-ciclo-a-9788498056556\/","url":"https:\/\/www.cpl.es\/producto\/homilias-para-las-misas-con-ninos-ciclo-a-9788498056556\/","name":"Homil\u00edas para las misas con ni\u00f1os. Ciclo A - CPL","isPartOf":{"@id":"https:\/\/www.cpl.es\/#website"},"primaryImageOfPage":{"@id":"https:\/\/www.cpl.es\/producto\/homilias-para-las-misas-con-ninos-ciclo-a-9788498056556\/#primaryimage"},"image":{"@id":"https:\/\/www.cpl.es\/producto\/homilias-para-las-misas-con-ninos-ciclo-a-9788498056556\/#primaryimage"},"thumbnailUrl":"https:\/\/www.cpl.es\/wp-content\/uploads\/101131.jpg","datePublished":"2023-10-03T23:44:54+00:00","dateModified":"2023-12-05T12:39:23+00:00","breadcrumb":{"@id":"https:\/\/www.cpl.es\/producto\/homilias-para-las-misas-con-ninos-ciclo-a-9788498056556\/#breadcrumb"},"inLanguage":"ca","potentialAction":[{"@type":"ReadAction","target":["https:\/\/www.cpl.es\/producto\/homilias-para-las-misas-con-ninos-ciclo-a-9788498056556\/"]}]},{"@type":"ImageObject","inLanguage":"ca","@id":"https:\/\/www.cpl.es\/producto\/homilias-para-las-misas-con-ninos-ciclo-a-9788498056556\/#primaryimage","url":"https:\/\/www.cpl.es\/wp-content\/uploads\/101131.jpg","contentUrl":"https:\/\/www.cpl.es\/wp-content\/uploads\/101131.jpg","width":250,"height":347,"caption":"101131.jpg"},{"@type":"BreadcrumbList","@id":"https:\/\/www.cpl.es\/producto\/homilias-para-las-misas-con-ninos-ciclo-a-9788498056556\/#breadcrumb","itemListElement":[{"@type":"ListItem","position":1,"name":"Portada","item":"https:\/\/www.cpl.es\/ca\/"},{"@type":"ListItem","position":2,"name":"Cat\u00e0leg","item":"https:\/\/www.cpl.es\/ca\/cataleg\/"},{"@type":"ListItem","position":3,"name":"Homil\u00edas para las misas con ni\u00f1os. Ciclo A"}]},{"@type":"WebSite","@id":"https:\/\/www.cpl.es\/#website","url":"https:\/\/www.cpl.es\/","name":"CPL","description":"Centre de Pastoral Lit\u00fargica de Barcelona","publisher":{"@id":"https:\/\/www.cpl.es\/#organization"},"alternateName":"Centre de Pastoral Lit\u00fargica","potentialAction":[{"@type":"SearchAction","target":{"@type":"EntryPoint","urlTemplate":"https:\/\/www.cpl.es\/?s={search_term_string}"},"query-input":{"@type":"PropertyValueSpecification","valueRequired":true,"valueName":"search_term_string"}}],"inLanguage":"ca"},{"@type":"Organization","@id":"https:\/\/www.cpl.es\/#organization","name":"Centre de Pastoral Lit\u00fargica","alternateName":"Centre de Pastoral Lit\u00fargica de Barcelona","url":"https:\/\/www.cpl.es\/","logo":{"@type":"ImageObject","inLanguage":"ca","@id":"https:\/\/www.cpl.es\/#\/schema\/logo\/image\/","url":"https:\/\/www.cpl.es\/wp-content\/uploads\/logo-cpl.svg","contentUrl":"https:\/\/www.cpl.es\/wp-content\/uploads\/logo-cpl.svg","caption":"Centre de Pastoral Lit\u00fargica"},"image":{"@id":"https:\/\/www.cpl.es\/#\/schema\/logo\/image\/"}}]}},"_links":{"self":[{"href":"https:\/\/www.cpl.es\/ca\/wp-json\/wp\/v2\/product\/2536","targetHints":{"allow":["GET"]}}],"collection":[{"href":"https:\/\/www.cpl.es\/ca\/wp-json\/wp\/v2\/product"}],"about":[{"href":"https:\/\/www.cpl.es\/ca\/wp-json\/wp\/v2\/types\/product"}],"wp:featuredmedia":[{"embeddable":true,"href":"https:\/\/www.cpl.es\/ca\/wp-json\/wp\/v2\/media\/2537"}],"wp:attachment":[{"href":"https:\/\/www.cpl.es\/ca\/wp-json\/wp\/v2\/media?parent=2536"}],"wp:term":[{"taxonomy":"product_brand","embeddable":true,"href":"https:\/\/www.cpl.es\/ca\/wp-json\/wp\/v2\/product_brand?post=2536"},{"taxonomy":"product_cat","embeddable":true,"href":"https:\/\/www.cpl.es\/ca\/wp-json\/wp\/v2\/product_cat?post=2536"},{"taxonomy":"product_tag","embeddable":true,"href":"https:\/\/www.cpl.es\/ca\/wp-json\/wp\/v2\/product_tag?post=2536"}],"curies":[{"name":"wp","href":"https:\/\/api.w.org\/{rel}","templated":true}]}}