{"id":2533,"date":"2023-10-04T01:44:48","date_gmt":"2023-10-03T23:44:48","guid":{"rendered":"https:\/\/nuevaweb.cpl.es\/producto\/el-encuentro-con-jesus-9788498056815\/"},"modified":"2026-02-12T17:46:01","modified_gmt":"2026-02-12T16:46:01","slug":"el-encuentro-con-jesus-9788498056815","status":"publish","type":"product","link":"https:\/\/www.cpl.es\/ca\/producto\/el-encuentro-con-jesus-9788498056815\/","title":{"rendered":"El encuentro con Jes\u00fas"},"content":{"rendered":"<p>&#8216;Los lectores de la ya copiosa bibliograf\u00eda de meditaci\u00f3n orante de Guillermo Juan Morado estamos acostumbrados -y esta es la raz\u00f3n de su excelente acogida- a emplear sus libros como lecturas que ayudan a rezar. Pero en esta ocasi\u00f3n, el lector, creyente o no tanto, aventajado en el camino de la oraci\u00f3n o mero curioso, tiene entre sus manos un libro que, adem\u00e1s, da cumplida cuenta de lo que promete su gozoso t\u00edtulo: el encuentro con Jes\u00fas'.<br \/>Estas palabras del pr\u00f3logo del presente libro resumen lo que el lector encontrar\u00e1 en \u00e9l: partiendo de las lecturas del ciclo lit\u00fargico dominical, el autor, como ha hecho en otros libros publicados en esta misma colecci\u00f3n, nos invita a rezar y, m\u00e1s a\u00fan, nos acerca a Jes\u00fas. Una invitaci\u00f3n que merece la pena aprovechar.<\/p>\n<p>Guillermo Juan Morado (Mondariz, Pontevedra, 1966), sacerdote diocesano de Tui-Vigo y doctor en Teolog\u00eda por la Pontifi cia Universidad Gregoriana de Roma, es director del Instituto Teol\u00f3gico de Vigo, p\u00e1rroco de la parroquia de San Pablo de la misma ciudad y can\u00f3nigo del Cabildo de Tui-Vigo.<\/p>\n","protected":false},"excerpt":{"rendered":"<p>Juan Morado, Guillermo<\/p>\n","protected":false},"featured_media":2534,"template":"","meta":{"_acf_changed":false,"inline_featured_image":false},"product_brand":[],"product_cat":[59,82,73,49,65,88],"product_tag":[],"class_list":{"0":"post-2533","1":"product","2":"type-product","3":"status-publish","4":"has-post-thumbnail","6":"product_cat-biblia","7":"product_cat-biblia-per-temes-catala","8":"product_cat-emaus-colleccions-catala","9":"product_cat-emaus","10":"product_cat-espiritualidad","11":"product_cat-espiritualitat","13":"first","14":"instock","15":"taxable","16":"shipping-taxable","17":"purchasable","18":"product-type-simple"},"acf":{"autor":"Juan Morado, Guillermo","codart":"108113","ediciones":"1","encuadernacion":"R\u00fastica","fecha_de_publicacion":"03\/02\/2014","novedad":false,"paginas":"184","subtitulo":"","orden":"30","portada":false,"idioma":"spa","editorial":[{"ID":6736,"post_author":"2","post_date":"2023-10-06 08:35:24","post_date_gmt":"2023-10-06 06:35:24","post_content":"","post_title":"CPL","post_excerpt":"","post_status":"publish","comment_status":"closed","ping_status":"closed","post_password":"","post_name":"cpl","to_ping":"","pinged":"","post_modified":"2023-10-06 08:35:24","post_modified_gmt":"2023-10-06 06:35:24","post_content_filtered":"","post_parent":0,"guid":"https:\/\/nuevaweb.cpl.es\/editorial\/cpl\/","menu_order":0,"post_type":"editorial","post_mime_type":"","comment_count":"0","filter":"raw"}],"coleccion_num":"113"},"yoast_head":"<!-- This site is optimized with the Yoast SEO plugin v27.3 - https:\/\/yoast.com\/product\/yoast-seo-wordpress\/ -->\n<title>El encuentro con Jes\u00fas - CPL<\/title>\n<meta name=\"robots\" content=\"index, follow, max-snippet:-1, max-image-preview:large, max-video-preview:-1\" \/>\n<link rel=\"canonical\" href=\"https:\/\/www.cpl.es\/producto\/el-encuentro-con-jesus-9788498056815\/\" \/>\n<meta property=\"og:locale\" content=\"ca_ES\" \/>\n<meta property=\"og:type\" content=\"article\" \/>\n<meta property=\"og:title\" content=\"El encuentro con Jes\u00fas - CPL\" \/>\n<meta property=\"og:description\" content=\"Juan Morado, Guillermo\" \/>\n<meta property=\"og:url\" content=\"https:\/\/www.cpl.es\/producto\/el-encuentro-con-jesus-9788498056815\/\" \/>\n<meta property=\"og:site_name\" content=\"CPL\" \/>\n<meta property=\"article:modified_time\" content=\"2026-02-12T16:46:01+00:00\" \/>\n<meta property=\"og:image\" content=\"https:\/\/www.cpl.es\/wp-content\/uploads\/108113.jpg\" \/>\n\t<meta property=\"og:image:width\" content=\"280\" \/>\n\t<meta property=\"og:image:height\" content=\"447\" \/>\n\t<meta property=\"og:image:type\" content=\"image\/jpeg\" \/>\n<meta name=\"twitter:card\" content=\"summary_large_image\" \/>\n<meta name=\"twitter:label1\" content=\"Temps estimat de lectura\" \/>\n\t<meta name=\"twitter:data1\" content=\"1 minut\" \/>\n<script type=\"application\/ld+json\" class=\"yoast-schema-graph\">{\"@context\":\"https:\\\/\\\/schema.org\",\"@graph\":[{\"@type\":\"WebPage\",\"@id\":\"https:\\\/\\\/www.cpl.es\\\/producto\\\/el-encuentro-con-jesus-9788498056815\\\/\",\"url\":\"https:\\\/\\\/www.cpl.es\\\/producto\\\/el-encuentro-con-jesus-9788498056815\\\/\",\"name\":\"El encuentro con Jes\u00fas - CPL\",\"isPartOf\":{\"@id\":\"https:\\\/\\\/www.cpl.es\\\/#website\"},\"primaryImageOfPage\":{\"@id\":\"https:\\\/\\\/www.cpl.es\\\/producto\\\/el-encuentro-con-jesus-9788498056815\\\/#primaryimage\"},\"image\":{\"@id\":\"https:\\\/\\\/www.cpl.es\\\/producto\\\/el-encuentro-con-jesus-9788498056815\\\/#primaryimage\"},\"thumbnailUrl\":\"https:\\\/\\\/www.cpl.es\\\/wp-content\\\/uploads\\\/108113.jpg\",\"datePublished\":\"2023-10-03T23:44:48+00:00\",\"dateModified\":\"2026-02-12T16:46:01+00:00\",\"breadcrumb\":{\"@id\":\"https:\\\/\\\/www.cpl.es\\\/producto\\\/el-encuentro-con-jesus-9788498056815\\\/#breadcrumb\"},\"inLanguage\":\"ca\",\"potentialAction\":[{\"@type\":\"ReadAction\",\"target\":[\"https:\\\/\\\/www.cpl.es\\\/producto\\\/el-encuentro-con-jesus-9788498056815\\\/\"]}]},{\"@type\":\"ImageObject\",\"inLanguage\":\"ca\",\"@id\":\"https:\\\/\\\/www.cpl.es\\\/producto\\\/el-encuentro-con-jesus-9788498056815\\\/#primaryimage\",\"url\":\"https:\\\/\\\/www.cpl.es\\\/wp-content\\\/uploads\\\/108113.jpg\",\"contentUrl\":\"https:\\\/\\\/www.cpl.es\\\/wp-content\\\/uploads\\\/108113.jpg\",\"width\":280,\"height\":447,\"caption\":\"108113.jpg\"},{\"@type\":\"BreadcrumbList\",\"@id\":\"https:\\\/\\\/www.cpl.es\\\/producto\\\/el-encuentro-con-jesus-9788498056815\\\/#breadcrumb\",\"itemListElement\":[{\"@type\":\"ListItem\",\"position\":1,\"name\":\"Portada\",\"item\":\"https:\\\/\\\/www.cpl.es\\\/ca\\\/\"},{\"@type\":\"ListItem\",\"position\":2,\"name\":\"Cat\u00e0leg\",\"item\":\"https:\\\/\\\/www.cpl.es\\\/ca\\\/cataleg\\\/\"},{\"@type\":\"ListItem\",\"position\":3,\"name\":\"El encuentro con Jes\u00fas\"}]},{\"@type\":\"WebSite\",\"@id\":\"https:\\\/\\\/www.cpl.es\\\/#website\",\"url\":\"https:\\\/\\\/www.cpl.es\\\/\",\"name\":\"CPL\",\"description\":\"Centre de Pastoral Lit\u00fargica de Barcelona\",\"publisher\":{\"@id\":\"https:\\\/\\\/www.cpl.es\\\/#organization\"},\"alternateName\":\"Centre de Pastoral Lit\u00fargica\",\"potentialAction\":[{\"@type\":\"SearchAction\",\"target\":{\"@type\":\"EntryPoint\",\"urlTemplate\":\"https:\\\/\\\/www.cpl.es\\\/?s={search_term_string}\"},\"query-input\":{\"@type\":\"PropertyValueSpecification\",\"valueRequired\":true,\"valueName\":\"search_term_string\"}}],\"inLanguage\":\"ca\"},{\"@type\":\"Organization\",\"@id\":\"https:\\\/\\\/www.cpl.es\\\/#organization\",\"name\":\"Centre de Pastoral Lit\u00fargica\",\"alternateName\":\"Centre de Pastoral Lit\u00fargica de Barcelona\",\"url\":\"https:\\\/\\\/www.cpl.es\\\/\",\"logo\":{\"@type\":\"ImageObject\",\"inLanguage\":\"ca\",\"@id\":\"https:\\\/\\\/www.cpl.es\\\/#\\\/schema\\\/logo\\\/image\\\/\",\"url\":\"https:\\\/\\\/www.cpl.es\\\/wp-content\\\/uploads\\\/logo-cpl.svg\",\"contentUrl\":\"https:\\\/\\\/www.cpl.es\\\/wp-content\\\/uploads\\\/logo-cpl.svg\",\"caption\":\"Centre de Pastoral Lit\u00fargica\"},\"image\":{\"@id\":\"https:\\\/\\\/www.cpl.es\\\/#\\\/schema\\\/logo\\\/image\\\/\"}}]}<\/script>\n<!-- \/ Yoast SEO plugin. -->","yoast_head_json":{"title":"El encuentro con Jes\u00fas - CPL","robots":{"index":"index","follow":"follow","max-snippet":"max-snippet:-1","max-image-preview":"max-image-preview:large","max-video-preview":"max-video-preview:-1"},"canonical":"https:\/\/www.cpl.es\/producto\/el-encuentro-con-jesus-9788498056815\/","og_locale":"ca_ES","og_type":"article","og_title":"El encuentro con Jes\u00fas - CPL","og_description":"Juan Morado, Guillermo","og_url":"https:\/\/www.cpl.es\/producto\/el-encuentro-con-jesus-9788498056815\/","og_site_name":"CPL","article_modified_time":"2026-02-12T16:46:01+00:00","og_image":[{"width":280,"height":447,"url":"https:\/\/www.cpl.es\/wp-content\/uploads\/108113.jpg","type":"image\/jpeg"}],"twitter_card":"summary_large_image","twitter_misc":{"Temps estimat de lectura":"1 minut"},"schema":{"@context":"https:\/\/schema.org","@graph":[{"@type":"WebPage","@id":"https:\/\/www.cpl.es\/producto\/el-encuentro-con-jesus-9788498056815\/","url":"https:\/\/www.cpl.es\/producto\/el-encuentro-con-jesus-9788498056815\/","name":"El encuentro con Jes\u00fas - CPL","isPartOf":{"@id":"https:\/\/www.cpl.es\/#website"},"primaryImageOfPage":{"@id":"https:\/\/www.cpl.es\/producto\/el-encuentro-con-jesus-9788498056815\/#primaryimage"},"image":{"@id":"https:\/\/www.cpl.es\/producto\/el-encuentro-con-jesus-9788498056815\/#primaryimage"},"thumbnailUrl":"https:\/\/www.cpl.es\/wp-content\/uploads\/108113.jpg","datePublished":"2023-10-03T23:44:48+00:00","dateModified":"2026-02-12T16:46:01+00:00","breadcrumb":{"@id":"https:\/\/www.cpl.es\/producto\/el-encuentro-con-jesus-9788498056815\/#breadcrumb"},"inLanguage":"ca","potentialAction":[{"@type":"ReadAction","target":["https:\/\/www.cpl.es\/producto\/el-encuentro-con-jesus-9788498056815\/"]}]},{"@type":"ImageObject","inLanguage":"ca","@id":"https:\/\/www.cpl.es\/producto\/el-encuentro-con-jesus-9788498056815\/#primaryimage","url":"https:\/\/www.cpl.es\/wp-content\/uploads\/108113.jpg","contentUrl":"https:\/\/www.cpl.es\/wp-content\/uploads\/108113.jpg","width":280,"height":447,"caption":"108113.jpg"},{"@type":"BreadcrumbList","@id":"https:\/\/www.cpl.es\/producto\/el-encuentro-con-jesus-9788498056815\/#breadcrumb","itemListElement":[{"@type":"ListItem","position":1,"name":"Portada","item":"https:\/\/www.cpl.es\/ca\/"},{"@type":"ListItem","position":2,"name":"Cat\u00e0leg","item":"https:\/\/www.cpl.es\/ca\/cataleg\/"},{"@type":"ListItem","position":3,"name":"El encuentro con Jes\u00fas"}]},{"@type":"WebSite","@id":"https:\/\/www.cpl.es\/#website","url":"https:\/\/www.cpl.es\/","name":"CPL","description":"Centre de Pastoral Lit\u00fargica de Barcelona","publisher":{"@id":"https:\/\/www.cpl.es\/#organization"},"alternateName":"Centre de Pastoral Lit\u00fargica","potentialAction":[{"@type":"SearchAction","target":{"@type":"EntryPoint","urlTemplate":"https:\/\/www.cpl.es\/?s={search_term_string}"},"query-input":{"@type":"PropertyValueSpecification","valueRequired":true,"valueName":"search_term_string"}}],"inLanguage":"ca"},{"@type":"Organization","@id":"https:\/\/www.cpl.es\/#organization","name":"Centre de Pastoral Lit\u00fargica","alternateName":"Centre de Pastoral Lit\u00fargica de Barcelona","url":"https:\/\/www.cpl.es\/","logo":{"@type":"ImageObject","inLanguage":"ca","@id":"https:\/\/www.cpl.es\/#\/schema\/logo\/image\/","url":"https:\/\/www.cpl.es\/wp-content\/uploads\/logo-cpl.svg","contentUrl":"https:\/\/www.cpl.es\/wp-content\/uploads\/logo-cpl.svg","caption":"Centre de Pastoral Lit\u00fargica"},"image":{"@id":"https:\/\/www.cpl.es\/#\/schema\/logo\/image\/"}}]}},"_links":{"self":[{"href":"https:\/\/www.cpl.es\/ca\/wp-json\/wp\/v2\/product\/2533","targetHints":{"allow":["GET"]}}],"collection":[{"href":"https:\/\/www.cpl.es\/ca\/wp-json\/wp\/v2\/product"}],"about":[{"href":"https:\/\/www.cpl.es\/ca\/wp-json\/wp\/v2\/types\/product"}],"wp:featuredmedia":[{"embeddable":true,"href":"https:\/\/www.cpl.es\/ca\/wp-json\/wp\/v2\/media\/2534"}],"wp:attachment":[{"href":"https:\/\/www.cpl.es\/ca\/wp-json\/wp\/v2\/media?parent=2533"}],"wp:term":[{"taxonomy":"product_brand","embeddable":true,"href":"https:\/\/www.cpl.es\/ca\/wp-json\/wp\/v2\/product_brand?post=2533"},{"taxonomy":"product_cat","embeddable":true,"href":"https:\/\/www.cpl.es\/ca\/wp-json\/wp\/v2\/product_cat?post=2533"},{"taxonomy":"product_tag","embeddable":true,"href":"https:\/\/www.cpl.es\/ca\/wp-json\/wp\/v2\/product_tag?post=2533"}],"curies":[{"name":"wp","href":"https:\/\/api.w.org\/{rel}","templated":true}]}}