{"id":2521,"date":"2023-10-04T01:44:26","date_gmt":"2023-10-03T23:44:26","guid":{"rendered":"https:\/\/nuevaweb.cpl.es\/producto\/evangelios-bautismales-los-9788498056976\/"},"modified":"2026-01-07T09:06:04","modified_gmt":"2026-01-07T08:06:04","slug":"evangelios-bautismales-los-9788498056976","status":"publish","type":"product","link":"https:\/\/www.cpl.es\/ca\/producto\/evangelios-bautismales-los-9788498056976\/","title":{"rendered":"Evangelios bautismales, Los"},"content":{"rendered":"<p>La samaritana, el ciego de nacimiento y L\u00e1zaro son tres personajes que desde antiguo han acompa\u00f1ado el camino cristiano en el descubrimiento de qui\u00e9n es Jes\u00fas y que han sido considerados como la mejor gu\u00eda para quienes se preparan para el bautismo.<br \/>Tambi\u00e9n hoy estos tres relatos del evangelio de Juan siguen siendo una magn\u00edfica gu\u00eda para nosotros: para renovar nuestro compromiso de creyentes, o para emprenderlo por primera vez a trav\u00e9s del bautismo. Este libro nos ayudar\u00e1 a profundizar en ellos y a descubrir toda su riqueza. Y tambi\u00e9n, si queremos hacer la lectura de los relatos colectivamente, los encontraremos aqu\u00ed dispuestos para ser le\u00eddos entre diversos lectores.<\/p>\n<p>Manuel Sim\u00f3 Tarrag\u00f3 (Barcelona, 1939) es sacerdote y licenciado en periodismo. Es autor de libros y publicaciones sobre temas tanto sociales como eclesiales, y ha impartido numerosas catequesis de adultos sobre todo de temas b\u00edblicos. En esta misma colecci\u00f3n ha publicado Vivir hoy las fidelidades. Colabora tambi\u00e9n en la revista Misa Dominical del CPL y actualmente es p\u00e1rroco de la parroquia de Santa Mar\u00eda Magdalena de Viladecans (Barcelona).<\/p>\n","protected":false},"excerpt":{"rendered":"<p>Sim\u00f3 Tarrag\u00f3, Manuel<\/p>\n","protected":false},"featured_media":2522,"template":"","meta":{"_acf_changed":false,"inline_featured_image":false},"product_brand":[],"product_cat":[135,113,82,59,107,73,49,128],"product_tag":[],"class_list":{"0":"post-2521","1":"product","2":"type-product","3":"status-publish","4":"has-post-thumbnail","6":"product_cat-baptisme","7":"product_cat-bautismo","8":"product_cat-biblia-per-temes-catala","9":"product_cat-biblia","10":"product_cat-cuaresma","11":"product_cat-emaus-colleccions-catala","12":"product_cat-emaus","13":"product_cat-quaresma","15":"first","16":"instock","17":"taxable","18":"shipping-taxable","19":"purchasable","20":"product-type-simple"},"acf":{"autor":"Sim\u00f3 Tarrag\u00f3, Manuel","codart":"108114","ediciones":"1","encuadernacion":"R\u00fastica","fecha_de_publicacion":"13\/02\/2014","novedad":false,"paginas":"120","subtitulo":"","orden":"40","portada":false,"idioma":"spa","editorial":[{"ID":6736,"post_author":"2","post_date":"2023-10-06 08:35:24","post_date_gmt":"2023-10-06 06:35:24","post_content":"","post_title":"CPL","post_excerpt":"","post_status":"publish","comment_status":"closed","ping_status":"closed","post_password":"","post_name":"cpl","to_ping":"","pinged":"","post_modified":"2023-10-06 08:35:24","post_modified_gmt":"2023-10-06 06:35:24","post_content_filtered":"","post_parent":0,"guid":"https:\/\/nuevaweb.cpl.es\/editorial\/cpl\/","menu_order":0,"post_type":"editorial","post_mime_type":"","comment_count":"0","filter":"raw"}],"coleccion_num":"114"},"yoast_head":"<!-- This site is optimized with the Yoast SEO plugin v27.3 - https:\/\/yoast.com\/product\/yoast-seo-wordpress\/ -->\n<title>Evangelios bautismales, Los - CPL<\/title>\n<meta name=\"robots\" content=\"index, follow, max-snippet:-1, max-image-preview:large, max-video-preview:-1\" \/>\n<link rel=\"canonical\" href=\"https:\/\/www.cpl.es\/producto\/evangelios-bautismales-los-9788498056976\/\" \/>\n<meta property=\"og:locale\" content=\"ca_ES\" \/>\n<meta property=\"og:type\" content=\"article\" \/>\n<meta property=\"og:title\" content=\"Evangelios bautismales, Los - CPL\" \/>\n<meta property=\"og:description\" content=\"Sim\u00f3 Tarrag\u00f3, Manuel\" \/>\n<meta property=\"og:url\" content=\"https:\/\/www.cpl.es\/producto\/evangelios-bautismales-los-9788498056976\/\" \/>\n<meta property=\"og:site_name\" content=\"CPL\" \/>\n<meta property=\"article:modified_time\" content=\"2026-01-07T08:06:04+00:00\" \/>\n<meta property=\"og:image\" content=\"https:\/\/www.cpl.es\/wp-content\/uploads\/108114.jpg\" \/>\n\t<meta property=\"og:image:width\" content=\"250\" \/>\n\t<meta property=\"og:image:height\" content=\"396\" \/>\n\t<meta property=\"og:image:type\" content=\"image\/jpeg\" \/>\n<meta name=\"twitter:card\" content=\"summary_large_image\" \/>\n<meta name=\"twitter:label1\" content=\"Temps estimat de lectura\" \/>\n\t<meta name=\"twitter:data1\" content=\"1 minut\" \/>\n<script type=\"application\/ld+json\" class=\"yoast-schema-graph\">{\"@context\":\"https:\\\/\\\/schema.org\",\"@graph\":[{\"@type\":\"WebPage\",\"@id\":\"https:\\\/\\\/www.cpl.es\\\/producto\\\/evangelios-bautismales-los-9788498056976\\\/\",\"url\":\"https:\\\/\\\/www.cpl.es\\\/producto\\\/evangelios-bautismales-los-9788498056976\\\/\",\"name\":\"Evangelios bautismales, Los - CPL\",\"isPartOf\":{\"@id\":\"https:\\\/\\\/www.cpl.es\\\/#website\"},\"primaryImageOfPage\":{\"@id\":\"https:\\\/\\\/www.cpl.es\\\/producto\\\/evangelios-bautismales-los-9788498056976\\\/#primaryimage\"},\"image\":{\"@id\":\"https:\\\/\\\/www.cpl.es\\\/producto\\\/evangelios-bautismales-los-9788498056976\\\/#primaryimage\"},\"thumbnailUrl\":\"https:\\\/\\\/www.cpl.es\\\/wp-content\\\/uploads\\\/108114.jpg\",\"datePublished\":\"2023-10-03T23:44:26+00:00\",\"dateModified\":\"2026-01-07T08:06:04+00:00\",\"breadcrumb\":{\"@id\":\"https:\\\/\\\/www.cpl.es\\\/producto\\\/evangelios-bautismales-los-9788498056976\\\/#breadcrumb\"},\"inLanguage\":\"ca\",\"potentialAction\":[{\"@type\":\"ReadAction\",\"target\":[\"https:\\\/\\\/www.cpl.es\\\/producto\\\/evangelios-bautismales-los-9788498056976\\\/\"]}]},{\"@type\":\"ImageObject\",\"inLanguage\":\"ca\",\"@id\":\"https:\\\/\\\/www.cpl.es\\\/producto\\\/evangelios-bautismales-los-9788498056976\\\/#primaryimage\",\"url\":\"https:\\\/\\\/www.cpl.es\\\/wp-content\\\/uploads\\\/108114.jpg\",\"contentUrl\":\"https:\\\/\\\/www.cpl.es\\\/wp-content\\\/uploads\\\/108114.jpg\",\"width\":250,\"height\":396,\"caption\":\"108114.jpg\"},{\"@type\":\"BreadcrumbList\",\"@id\":\"https:\\\/\\\/www.cpl.es\\\/producto\\\/evangelios-bautismales-los-9788498056976\\\/#breadcrumb\",\"itemListElement\":[{\"@type\":\"ListItem\",\"position\":1,\"name\":\"Portada\",\"item\":\"https:\\\/\\\/www.cpl.es\\\/ca\\\/\"},{\"@type\":\"ListItem\",\"position\":2,\"name\":\"Cat\u00e0leg\",\"item\":\"https:\\\/\\\/www.cpl.es\\\/ca\\\/cataleg\\\/\"},{\"@type\":\"ListItem\",\"position\":3,\"name\":\"Evangelios bautismales, Los\"}]},{\"@type\":\"WebSite\",\"@id\":\"https:\\\/\\\/www.cpl.es\\\/#website\",\"url\":\"https:\\\/\\\/www.cpl.es\\\/\",\"name\":\"CPL\",\"description\":\"Centre de Pastoral Lit\u00fargica de Barcelona\",\"publisher\":{\"@id\":\"https:\\\/\\\/www.cpl.es\\\/#organization\"},\"alternateName\":\"Centre de Pastoral Lit\u00fargica\",\"potentialAction\":[{\"@type\":\"SearchAction\",\"target\":{\"@type\":\"EntryPoint\",\"urlTemplate\":\"https:\\\/\\\/www.cpl.es\\\/?s={search_term_string}\"},\"query-input\":{\"@type\":\"PropertyValueSpecification\",\"valueRequired\":true,\"valueName\":\"search_term_string\"}}],\"inLanguage\":\"ca\"},{\"@type\":\"Organization\",\"@id\":\"https:\\\/\\\/www.cpl.es\\\/#organization\",\"name\":\"Centre de Pastoral Lit\u00fargica\",\"alternateName\":\"Centre de Pastoral Lit\u00fargica de Barcelona\",\"url\":\"https:\\\/\\\/www.cpl.es\\\/\",\"logo\":{\"@type\":\"ImageObject\",\"inLanguage\":\"ca\",\"@id\":\"https:\\\/\\\/www.cpl.es\\\/#\\\/schema\\\/logo\\\/image\\\/\",\"url\":\"https:\\\/\\\/www.cpl.es\\\/wp-content\\\/uploads\\\/logo-cpl.svg\",\"contentUrl\":\"https:\\\/\\\/www.cpl.es\\\/wp-content\\\/uploads\\\/logo-cpl.svg\",\"caption\":\"Centre de Pastoral Lit\u00fargica\"},\"image\":{\"@id\":\"https:\\\/\\\/www.cpl.es\\\/#\\\/schema\\\/logo\\\/image\\\/\"}}]}<\/script>\n<!-- \/ Yoast SEO plugin. -->","yoast_head_json":{"title":"Evangelios bautismales, Los - CPL","robots":{"index":"index","follow":"follow","max-snippet":"max-snippet:-1","max-image-preview":"max-image-preview:large","max-video-preview":"max-video-preview:-1"},"canonical":"https:\/\/www.cpl.es\/producto\/evangelios-bautismales-los-9788498056976\/","og_locale":"ca_ES","og_type":"article","og_title":"Evangelios bautismales, Los - CPL","og_description":"Sim\u00f3 Tarrag\u00f3, Manuel","og_url":"https:\/\/www.cpl.es\/producto\/evangelios-bautismales-los-9788498056976\/","og_site_name":"CPL","article_modified_time":"2026-01-07T08:06:04+00:00","og_image":[{"width":250,"height":396,"url":"https:\/\/www.cpl.es\/wp-content\/uploads\/108114.jpg","type":"image\/jpeg"}],"twitter_card":"summary_large_image","twitter_misc":{"Temps estimat de lectura":"1 minut"},"schema":{"@context":"https:\/\/schema.org","@graph":[{"@type":"WebPage","@id":"https:\/\/www.cpl.es\/producto\/evangelios-bautismales-los-9788498056976\/","url":"https:\/\/www.cpl.es\/producto\/evangelios-bautismales-los-9788498056976\/","name":"Evangelios bautismales, Los - CPL","isPartOf":{"@id":"https:\/\/www.cpl.es\/#website"},"primaryImageOfPage":{"@id":"https:\/\/www.cpl.es\/producto\/evangelios-bautismales-los-9788498056976\/#primaryimage"},"image":{"@id":"https:\/\/www.cpl.es\/producto\/evangelios-bautismales-los-9788498056976\/#primaryimage"},"thumbnailUrl":"https:\/\/www.cpl.es\/wp-content\/uploads\/108114.jpg","datePublished":"2023-10-03T23:44:26+00:00","dateModified":"2026-01-07T08:06:04+00:00","breadcrumb":{"@id":"https:\/\/www.cpl.es\/producto\/evangelios-bautismales-los-9788498056976\/#breadcrumb"},"inLanguage":"ca","potentialAction":[{"@type":"ReadAction","target":["https:\/\/www.cpl.es\/producto\/evangelios-bautismales-los-9788498056976\/"]}]},{"@type":"ImageObject","inLanguage":"ca","@id":"https:\/\/www.cpl.es\/producto\/evangelios-bautismales-los-9788498056976\/#primaryimage","url":"https:\/\/www.cpl.es\/wp-content\/uploads\/108114.jpg","contentUrl":"https:\/\/www.cpl.es\/wp-content\/uploads\/108114.jpg","width":250,"height":396,"caption":"108114.jpg"},{"@type":"BreadcrumbList","@id":"https:\/\/www.cpl.es\/producto\/evangelios-bautismales-los-9788498056976\/#breadcrumb","itemListElement":[{"@type":"ListItem","position":1,"name":"Portada","item":"https:\/\/www.cpl.es\/ca\/"},{"@type":"ListItem","position":2,"name":"Cat\u00e0leg","item":"https:\/\/www.cpl.es\/ca\/cataleg\/"},{"@type":"ListItem","position":3,"name":"Evangelios bautismales, Los"}]},{"@type":"WebSite","@id":"https:\/\/www.cpl.es\/#website","url":"https:\/\/www.cpl.es\/","name":"CPL","description":"Centre de Pastoral Lit\u00fargica de Barcelona","publisher":{"@id":"https:\/\/www.cpl.es\/#organization"},"alternateName":"Centre de Pastoral Lit\u00fargica","potentialAction":[{"@type":"SearchAction","target":{"@type":"EntryPoint","urlTemplate":"https:\/\/www.cpl.es\/?s={search_term_string}"},"query-input":{"@type":"PropertyValueSpecification","valueRequired":true,"valueName":"search_term_string"}}],"inLanguage":"ca"},{"@type":"Organization","@id":"https:\/\/www.cpl.es\/#organization","name":"Centre de Pastoral Lit\u00fargica","alternateName":"Centre de Pastoral Lit\u00fargica de Barcelona","url":"https:\/\/www.cpl.es\/","logo":{"@type":"ImageObject","inLanguage":"ca","@id":"https:\/\/www.cpl.es\/#\/schema\/logo\/image\/","url":"https:\/\/www.cpl.es\/wp-content\/uploads\/logo-cpl.svg","contentUrl":"https:\/\/www.cpl.es\/wp-content\/uploads\/logo-cpl.svg","caption":"Centre de Pastoral Lit\u00fargica"},"image":{"@id":"https:\/\/www.cpl.es\/#\/schema\/logo\/image\/"}}]}},"_links":{"self":[{"href":"https:\/\/www.cpl.es\/ca\/wp-json\/wp\/v2\/product\/2521","targetHints":{"allow":["GET"]}}],"collection":[{"href":"https:\/\/www.cpl.es\/ca\/wp-json\/wp\/v2\/product"}],"about":[{"href":"https:\/\/www.cpl.es\/ca\/wp-json\/wp\/v2\/types\/product"}],"wp:featuredmedia":[{"embeddable":true,"href":"https:\/\/www.cpl.es\/ca\/wp-json\/wp\/v2\/media\/2522"}],"wp:attachment":[{"href":"https:\/\/www.cpl.es\/ca\/wp-json\/wp\/v2\/media?parent=2521"}],"wp:term":[{"taxonomy":"product_brand","embeddable":true,"href":"https:\/\/www.cpl.es\/ca\/wp-json\/wp\/v2\/product_brand?post=2521"},{"taxonomy":"product_cat","embeddable":true,"href":"https:\/\/www.cpl.es\/ca\/wp-json\/wp\/v2\/product_cat?post=2521"},{"taxonomy":"product_tag","embeddable":true,"href":"https:\/\/www.cpl.es\/ca\/wp-json\/wp\/v2\/product_tag?post=2521"}],"curies":[{"name":"wp","href":"https:\/\/api.w.org\/{rel}","templated":true}]}}