{"id":2482,"date":"2023-10-04T01:43:15","date_gmt":"2023-10-03T23:43:15","guid":{"rendered":"https:\/\/nuevaweb.cpl.es\/producto\/la-palabra-celebrada-9788498056853\/"},"modified":"2023-12-05T13:39:41","modified_gmt":"2023-12-05T12:39:41","slug":"la-palabra-celebrada-9788498056853","status":"publish","type":"product","link":"https:\/\/www.cpl.es\/ca\/producto\/la-palabra-celebrada-9788498056853\/","title":{"rendered":"La Palabra celebrada"},"content":{"rendered":"<p>Las lecturas que cada domingo y cada fiesta escuchamos en la celebraci\u00f3n de la Eucarist\u00eda son uno de los mejores alimentos para nuestra vida cristiana. Siguiendo el ritmo de los tiempos lit\u00fargicos va calando en nosotros la historia salvadora de Dios y el camino que Jes\u00fas ha venido a mostrarnos. La Palabra que celebramos, nos dice la propia Escritura, act\u00faa en nosotros como la lluvia y la nieve que fecundan la tierra y la hacen germinar.<br \/>Conocer mejor los textos b\u00edblicos que proclamamos en nuestras celebraciones es una tarea importante para todo cristiano. Este libro quiere ayudar a ella present\u00e1ndonos el sentido de cada una de las lecturas y mostr\u00e1ndonos las v\u00edas para profundizar en \u00e9l, tanto desde la perspectiva personal de cada creyente en su camino de crecimiento en la fe, como desde la de los sacerdotes y di\u00e1conos que en la homil\u00eda han de acercar la Palabra de Dios a la asamblea reunida. <\/p>\n<p>Nuria Calduch-Benages (Barcelona, 1957) es religiosa de la Sagrada Familia, doctora en Sagrada Escritura, y profesora de Antiguo Testamento y Antropolog\u00eda B\u00edblica en la Pontificia Universidad Gregoriana de Roma. Y sabe transmitir sus conocimientos tambi\u00e9n de forma pr\u00f3xima y sencilla, al servicio de la difusi\u00f3n de la Palabra de Dios en el pueblo cristiano.<\/p>\n","protected":false},"excerpt":{"rendered":"<p>Calduch-Benages, Nuria<\/p>\n","protected":false},"featured_media":2483,"template":"","meta":{"_acf_changed":false,"inline_featured_image":false},"product_brand":[],"product_cat":[59,82,80,57,44,75],"product_tag":[],"class_list":{"0":"post-2482","1":"product","2":"type-product","3":"status-publish","4":"has-post-thumbnail","6":"product_cat-biblia","7":"product_cat-biblia-per-temes-catala","8":"product_cat-celebracio-de-la-missa","9":"product_cat-celebracion-de-la-misa","10":"product_cat-dossiers-cpl","11":"product_cat-dossiers-cpl-colleccions-catala","13":"first","14":"instock","15":"taxable","16":"shipping-taxable","17":"purchasable","18":"product-type-simple"},"acf":{"autor":"Calduch-Benages, Nuria","codart":"101132","ediciones":"1","encuadernacion":"R\u00fastica","fecha_de_publicacion":"21\/02\/2014","novedad":false,"paginas":"496","subtitulo":"Explicaci\u00f3n b\u00edblica de las lecturas de todos los domingos y fiestas.","orden":"10","portada":false,"idioma":"spa","editorial":[{"ID":6736,"post_author":"2","post_date":"2023-10-06 08:35:24","post_date_gmt":"2023-10-06 06:35:24","post_content":"","post_title":"CPL","post_excerpt":"","post_status":"publish","comment_status":"closed","ping_status":"closed","post_password":"","post_name":"cpl","to_ping":"","pinged":"","post_modified":"2023-10-06 08:35:24","post_modified_gmt":"2023-10-06 06:35:24","post_content_filtered":"","post_parent":0,"guid":"https:\/\/nuevaweb.cpl.es\/editorial\/cpl\/","menu_order":0,"post_type":"editorial","post_mime_type":"","comment_count":"0","filter":"raw"}]},"yoast_head":"<!-- This site is optimized with the Yoast SEO plugin v27.3 - https:\/\/yoast.com\/product\/yoast-seo-wordpress\/ -->\n<title>La Palabra celebrada - CPL<\/title>\n<meta name=\"robots\" content=\"index, follow, max-snippet:-1, max-image-preview:large, max-video-preview:-1\" \/>\n<link rel=\"canonical\" href=\"https:\/\/www.cpl.es\/producto\/la-palabra-celebrada-9788498056853\/\" \/>\n<meta property=\"og:locale\" content=\"ca_ES\" \/>\n<meta property=\"og:type\" content=\"article\" \/>\n<meta property=\"og:title\" content=\"La Palabra celebrada - CPL\" \/>\n<meta property=\"og:description\" content=\"Calduch-Benages, Nuria\" \/>\n<meta property=\"og:url\" content=\"https:\/\/www.cpl.es\/producto\/la-palabra-celebrada-9788498056853\/\" \/>\n<meta property=\"og:site_name\" content=\"CPL\" \/>\n<meta property=\"article:modified_time\" content=\"2023-12-05T12:39:41+00:00\" \/>\n<meta property=\"og:image\" content=\"https:\/\/www.cpl.es\/wp-content\/uploads\/101132.jpg\" \/>\n\t<meta property=\"og:image:width\" content=\"280\" \/>\n\t<meta property=\"og:image:height\" content=\"388\" \/>\n\t<meta property=\"og:image:type\" content=\"image\/jpeg\" \/>\n<meta name=\"twitter:card\" content=\"summary_large_image\" \/>\n<meta name=\"twitter:label1\" content=\"Temps estimat de lectura\" \/>\n\t<meta name=\"twitter:data1\" content=\"1 minut\" \/>\n<script type=\"application\/ld+json\" class=\"yoast-schema-graph\">{\"@context\":\"https:\\\/\\\/schema.org\",\"@graph\":[{\"@type\":\"WebPage\",\"@id\":\"https:\\\/\\\/www.cpl.es\\\/producto\\\/la-palabra-celebrada-9788498056853\\\/\",\"url\":\"https:\\\/\\\/www.cpl.es\\\/producto\\\/la-palabra-celebrada-9788498056853\\\/\",\"name\":\"La Palabra celebrada - CPL\",\"isPartOf\":{\"@id\":\"https:\\\/\\\/www.cpl.es\\\/#website\"},\"primaryImageOfPage\":{\"@id\":\"https:\\\/\\\/www.cpl.es\\\/producto\\\/la-palabra-celebrada-9788498056853\\\/#primaryimage\"},\"image\":{\"@id\":\"https:\\\/\\\/www.cpl.es\\\/producto\\\/la-palabra-celebrada-9788498056853\\\/#primaryimage\"},\"thumbnailUrl\":\"https:\\\/\\\/www.cpl.es\\\/wp-content\\\/uploads\\\/101132.jpg\",\"datePublished\":\"2023-10-03T23:43:15+00:00\",\"dateModified\":\"2023-12-05T12:39:41+00:00\",\"breadcrumb\":{\"@id\":\"https:\\\/\\\/www.cpl.es\\\/producto\\\/la-palabra-celebrada-9788498056853\\\/#breadcrumb\"},\"inLanguage\":\"ca\",\"potentialAction\":[{\"@type\":\"ReadAction\",\"target\":[\"https:\\\/\\\/www.cpl.es\\\/producto\\\/la-palabra-celebrada-9788498056853\\\/\"]}]},{\"@type\":\"ImageObject\",\"inLanguage\":\"ca\",\"@id\":\"https:\\\/\\\/www.cpl.es\\\/producto\\\/la-palabra-celebrada-9788498056853\\\/#primaryimage\",\"url\":\"https:\\\/\\\/www.cpl.es\\\/wp-content\\\/uploads\\\/101132.jpg\",\"contentUrl\":\"https:\\\/\\\/www.cpl.es\\\/wp-content\\\/uploads\\\/101132.jpg\",\"width\":280,\"height\":388,\"caption\":\"101132.jpg\"},{\"@type\":\"BreadcrumbList\",\"@id\":\"https:\\\/\\\/www.cpl.es\\\/producto\\\/la-palabra-celebrada-9788498056853\\\/#breadcrumb\",\"itemListElement\":[{\"@type\":\"ListItem\",\"position\":1,\"name\":\"Portada\",\"item\":\"https:\\\/\\\/www.cpl.es\\\/ca\\\/\"},{\"@type\":\"ListItem\",\"position\":2,\"name\":\"Cat\u00e0leg\",\"item\":\"https:\\\/\\\/www.cpl.es\\\/ca\\\/cataleg\\\/\"},{\"@type\":\"ListItem\",\"position\":3,\"name\":\"La Palabra celebrada\"}]},{\"@type\":\"WebSite\",\"@id\":\"https:\\\/\\\/www.cpl.es\\\/#website\",\"url\":\"https:\\\/\\\/www.cpl.es\\\/\",\"name\":\"CPL\",\"description\":\"Centre de Pastoral Lit\u00fargica de Barcelona\",\"publisher\":{\"@id\":\"https:\\\/\\\/www.cpl.es\\\/#organization\"},\"alternateName\":\"Centre de Pastoral Lit\u00fargica\",\"potentialAction\":[{\"@type\":\"SearchAction\",\"target\":{\"@type\":\"EntryPoint\",\"urlTemplate\":\"https:\\\/\\\/www.cpl.es\\\/?s={search_term_string}\"},\"query-input\":{\"@type\":\"PropertyValueSpecification\",\"valueRequired\":true,\"valueName\":\"search_term_string\"}}],\"inLanguage\":\"ca\"},{\"@type\":\"Organization\",\"@id\":\"https:\\\/\\\/www.cpl.es\\\/#organization\",\"name\":\"Centre de Pastoral Lit\u00fargica\",\"alternateName\":\"Centre de Pastoral Lit\u00fargica de Barcelona\",\"url\":\"https:\\\/\\\/www.cpl.es\\\/\",\"logo\":{\"@type\":\"ImageObject\",\"inLanguage\":\"ca\",\"@id\":\"https:\\\/\\\/www.cpl.es\\\/#\\\/schema\\\/logo\\\/image\\\/\",\"url\":\"https:\\\/\\\/www.cpl.es\\\/wp-content\\\/uploads\\\/logo-cpl.svg\",\"contentUrl\":\"https:\\\/\\\/www.cpl.es\\\/wp-content\\\/uploads\\\/logo-cpl.svg\",\"caption\":\"Centre de Pastoral Lit\u00fargica\"},\"image\":{\"@id\":\"https:\\\/\\\/www.cpl.es\\\/#\\\/schema\\\/logo\\\/image\\\/\"}}]}<\/script>\n<!-- \/ Yoast SEO plugin. -->","yoast_head_json":{"title":"La Palabra celebrada - CPL","robots":{"index":"index","follow":"follow","max-snippet":"max-snippet:-1","max-image-preview":"max-image-preview:large","max-video-preview":"max-video-preview:-1"},"canonical":"https:\/\/www.cpl.es\/producto\/la-palabra-celebrada-9788498056853\/","og_locale":"ca_ES","og_type":"article","og_title":"La Palabra celebrada - CPL","og_description":"Calduch-Benages, Nuria","og_url":"https:\/\/www.cpl.es\/producto\/la-palabra-celebrada-9788498056853\/","og_site_name":"CPL","article_modified_time":"2023-12-05T12:39:41+00:00","og_image":[{"width":280,"height":388,"url":"https:\/\/www.cpl.es\/wp-content\/uploads\/101132.jpg","type":"image\/jpeg"}],"twitter_card":"summary_large_image","twitter_misc":{"Temps estimat de lectura":"1 minut"},"schema":{"@context":"https:\/\/schema.org","@graph":[{"@type":"WebPage","@id":"https:\/\/www.cpl.es\/producto\/la-palabra-celebrada-9788498056853\/","url":"https:\/\/www.cpl.es\/producto\/la-palabra-celebrada-9788498056853\/","name":"La Palabra celebrada - CPL","isPartOf":{"@id":"https:\/\/www.cpl.es\/#website"},"primaryImageOfPage":{"@id":"https:\/\/www.cpl.es\/producto\/la-palabra-celebrada-9788498056853\/#primaryimage"},"image":{"@id":"https:\/\/www.cpl.es\/producto\/la-palabra-celebrada-9788498056853\/#primaryimage"},"thumbnailUrl":"https:\/\/www.cpl.es\/wp-content\/uploads\/101132.jpg","datePublished":"2023-10-03T23:43:15+00:00","dateModified":"2023-12-05T12:39:41+00:00","breadcrumb":{"@id":"https:\/\/www.cpl.es\/producto\/la-palabra-celebrada-9788498056853\/#breadcrumb"},"inLanguage":"ca","potentialAction":[{"@type":"ReadAction","target":["https:\/\/www.cpl.es\/producto\/la-palabra-celebrada-9788498056853\/"]}]},{"@type":"ImageObject","inLanguage":"ca","@id":"https:\/\/www.cpl.es\/producto\/la-palabra-celebrada-9788498056853\/#primaryimage","url":"https:\/\/www.cpl.es\/wp-content\/uploads\/101132.jpg","contentUrl":"https:\/\/www.cpl.es\/wp-content\/uploads\/101132.jpg","width":280,"height":388,"caption":"101132.jpg"},{"@type":"BreadcrumbList","@id":"https:\/\/www.cpl.es\/producto\/la-palabra-celebrada-9788498056853\/#breadcrumb","itemListElement":[{"@type":"ListItem","position":1,"name":"Portada","item":"https:\/\/www.cpl.es\/ca\/"},{"@type":"ListItem","position":2,"name":"Cat\u00e0leg","item":"https:\/\/www.cpl.es\/ca\/cataleg\/"},{"@type":"ListItem","position":3,"name":"La Palabra celebrada"}]},{"@type":"WebSite","@id":"https:\/\/www.cpl.es\/#website","url":"https:\/\/www.cpl.es\/","name":"CPL","description":"Centre de Pastoral Lit\u00fargica de Barcelona","publisher":{"@id":"https:\/\/www.cpl.es\/#organization"},"alternateName":"Centre de Pastoral Lit\u00fargica","potentialAction":[{"@type":"SearchAction","target":{"@type":"EntryPoint","urlTemplate":"https:\/\/www.cpl.es\/?s={search_term_string}"},"query-input":{"@type":"PropertyValueSpecification","valueRequired":true,"valueName":"search_term_string"}}],"inLanguage":"ca"},{"@type":"Organization","@id":"https:\/\/www.cpl.es\/#organization","name":"Centre de Pastoral Lit\u00fargica","alternateName":"Centre de Pastoral Lit\u00fargica de Barcelona","url":"https:\/\/www.cpl.es\/","logo":{"@type":"ImageObject","inLanguage":"ca","@id":"https:\/\/www.cpl.es\/#\/schema\/logo\/image\/","url":"https:\/\/www.cpl.es\/wp-content\/uploads\/logo-cpl.svg","contentUrl":"https:\/\/www.cpl.es\/wp-content\/uploads\/logo-cpl.svg","caption":"Centre de Pastoral Lit\u00fargica"},"image":{"@id":"https:\/\/www.cpl.es\/#\/schema\/logo\/image\/"}}]}},"_links":{"self":[{"href":"https:\/\/www.cpl.es\/ca\/wp-json\/wp\/v2\/product\/2482","targetHints":{"allow":["GET"]}}],"collection":[{"href":"https:\/\/www.cpl.es\/ca\/wp-json\/wp\/v2\/product"}],"about":[{"href":"https:\/\/www.cpl.es\/ca\/wp-json\/wp\/v2\/types\/product"}],"wp:featuredmedia":[{"embeddable":true,"href":"https:\/\/www.cpl.es\/ca\/wp-json\/wp\/v2\/media\/2483"}],"wp:attachment":[{"href":"https:\/\/www.cpl.es\/ca\/wp-json\/wp\/v2\/media?parent=2482"}],"wp:term":[{"taxonomy":"product_brand","embeddable":true,"href":"https:\/\/www.cpl.es\/ca\/wp-json\/wp\/v2\/product_brand?post=2482"},{"taxonomy":"product_cat","embeddable":true,"href":"https:\/\/www.cpl.es\/ca\/wp-json\/wp\/v2\/product_cat?post=2482"},{"taxonomy":"product_tag","embeddable":true,"href":"https:\/\/www.cpl.es\/ca\/wp-json\/wp\/v2\/product_tag?post=2482"}],"curies":[{"name":"wp","href":"https:\/\/api.w.org\/{rel}","templated":true}]}}