{"id":2470,"date":"2023-10-04T01:42:53","date_gmt":"2023-10-03T23:42:53","guid":{"rendered":"https:\/\/nuevaweb.cpl.es\/producto\/sacramentos-de-la-iniciacion-cristiana-los-9788498056846\/"},"modified":"2026-01-09T12:03:04","modified_gmt":"2026-01-09T11:03:04","slug":"sacramentos-de-la-iniciacion-cristiana-los-9788491655992","status":"publish","type":"product","link":"https:\/\/www.cpl.es\/ca\/producto\/sacramentos-de-la-iniciacion-cristiana-los-9788491655992\/","title":{"rendered":"Sacramentos de la iniciaci\u00f3n cristiana, Los"},"content":{"rendered":"<p>El Bautismo, la Confirmaci\u00f3n y la Eucarist\u00eda son los tres sacramentos a trav\u00e9s de los que el cristiano queda plenamente<br \/>configurado como tal. Por eso reciben el nombre de Sacramentos de la Iniciaci\u00f3n Cristiana. Este libro ofrece una cuidadosa y precisa presentaci\u00f3n de los tres, sintetizando en primer lugar lo que los sacramentos en su conjunto <br \/>significan en la vida eclesial, y repasando luego, de cada uno de ellos, el testimonio b\u00edblico, la evoluci\u00f3n hist\u00f3rica, la reflexi\u00f3n teol\u00f3gica que se ha ido desarrollando a lo largo de los siglos y la experiencia lit\u00fargica, para llegar as\u00ed a la elaboraci\u00f3n de una completa presentaci\u00f3n sistem\u00e1tica de su sentido.<br \/>Un manual imprescindible para todo creyente que quiera profundizar en este campo tan fundamental de nuestra fe.<\/p>\n<p>Jaume Fontbona i Miss\u00e9 (Arenys de Munt, Barcelona, 1958) es presb\u00edtero de la di\u00f3cesis de Barcelona. Doctor en Teolog\u00eda, es profesor de la Facultad de Teolog\u00eda de Catalu\u00f1a, presidente del Centre de Pastoral Lit\u00fargica de Barcelona y director de la revista Phase y de la colecci\u00f3n Biblioteca Lit\u00fargica. Al mismo tiempo, lleva a cabo una amplia actividad pastoral en los movimientos evangelizadores de Acci\u00f3n Cat\u00f3lica.<\/p>\n","protected":false},"excerpt":{"rendered":"<p>Fontbona Miss\u00e9, Jaume<\/p>\n","protected":false},"featured_media":2471,"template":"","meta":{"_acf_changed":false,"inline_featured_image":false},"product_brand":[],"product_cat":[135,113,74,46,136,114,115,137,134,104,48,152,150,79],"product_tag":[],"class_list":{"0":"post-2470","1":"product","2":"type-product","3":"status-publish","4":"has-post-thumbnail","6":"product_cat-baptisme","7":"product_cat-bautismo","8":"product_cat-biblioteca-liturgica-colleccions-catala","9":"product_cat-biblioteca-liturgica","10":"product_cat-confirmacio","11":"product_cat-confirmacion","12":"product_cat-eucaristia","13":"product_cat-eucaristia-sagraments-per-temes","14":"product_cat-iniciacio-cristiana","15":"product_cat-iniciacion-cristiana","16":"product_cat-sacramentos","17":"product_cat-sacramentos-sacramentos-por-temas","18":"product_cat-sagraments-sagraments-per-temes","19":"product_cat-sagraments","21":"first","22":"instock","23":"taxable","24":"shipping-taxable","25":"purchasable","26":"product-type-simple"},"acf":{"autor":"Fontbona Miss\u00e9, Jaume","codart":"111045","ediciones":"2","encuadernacion":"Cartone","fecha_de_publicacion":"20\/12\/2023","novedad":false,"paginas":"520","subtitulo":"","orden":"3","portada":false,"idioma":"spa","editorial":[{"ID":6736,"post_author":"2","post_date":"2023-10-06 08:35:24","post_date_gmt":"2023-10-06 06:35:24","post_content":"","post_title":"CPL","post_excerpt":"","post_status":"publish","comment_status":"closed","ping_status":"closed","post_password":"","post_name":"cpl","to_ping":"","pinged":"","post_modified":"2023-10-06 08:35:24","post_modified_gmt":"2023-10-06 06:35:24","post_content_filtered":"","post_parent":0,"guid":"https:\/\/nuevaweb.cpl.es\/editorial\/cpl\/","menu_order":0,"post_type":"editorial","post_mime_type":"","comment_count":"0","filter":"raw"}],"coleccion_num":"45"},"yoast_head":"<!-- This site is optimized with the Yoast SEO plugin v27.3 - https:\/\/yoast.com\/product\/yoast-seo-wordpress\/ -->\n<title>Sacramentos de la iniciaci\u00f3n cristiana, Los - CPL<\/title>\n<meta name=\"robots\" content=\"index, follow, max-snippet:-1, max-image-preview:large, max-video-preview:-1\" \/>\n<link rel=\"canonical\" href=\"https:\/\/www.cpl.es\/producto\/sacramentos-de-la-iniciacion-cristiana-los-9788491655992\/\" \/>\n<meta property=\"og:locale\" content=\"ca_ES\" \/>\n<meta property=\"og:type\" content=\"article\" \/>\n<meta property=\"og:title\" content=\"Sacramentos de la iniciaci\u00f3n cristiana, Los - CPL\" \/>\n<meta property=\"og:description\" content=\"Fontbona Miss\u00e9, Jaume\" \/>\n<meta property=\"og:url\" content=\"https:\/\/www.cpl.es\/producto\/sacramentos-de-la-iniciacion-cristiana-los-9788491655992\/\" \/>\n<meta property=\"og:site_name\" content=\"CPL\" \/>\n<meta property=\"article:modified_time\" content=\"2026-01-09T11:03:04+00:00\" \/>\n<meta property=\"og:image\" content=\"https:\/\/www.cpl.es\/wp-content\/uploads\/111045.jpg\" \/>\n\t<meta property=\"og:image:width\" content=\"250\" \/>\n\t<meta property=\"og:image:height\" content=\"344\" \/>\n\t<meta property=\"og:image:type\" content=\"image\/jpeg\" \/>\n<meta name=\"twitter:card\" content=\"summary_large_image\" \/>\n<meta name=\"twitter:label1\" content=\"Temps estimat de lectura\" \/>\n\t<meta name=\"twitter:data1\" content=\"1 minut\" \/>\n<script type=\"application\/ld+json\" class=\"yoast-schema-graph\">{\"@context\":\"https:\\\/\\\/schema.org\",\"@graph\":[{\"@type\":\"WebPage\",\"@id\":\"https:\\\/\\\/www.cpl.es\\\/producto\\\/sacramentos-de-la-iniciacion-cristiana-los-9788491655992\\\/\",\"url\":\"https:\\\/\\\/www.cpl.es\\\/producto\\\/sacramentos-de-la-iniciacion-cristiana-los-9788491655992\\\/\",\"name\":\"Sacramentos de la iniciaci\u00f3n cristiana, Los - CPL\",\"isPartOf\":{\"@id\":\"https:\\\/\\\/www.cpl.es\\\/#website\"},\"primaryImageOfPage\":{\"@id\":\"https:\\\/\\\/www.cpl.es\\\/producto\\\/sacramentos-de-la-iniciacion-cristiana-los-9788491655992\\\/#primaryimage\"},\"image\":{\"@id\":\"https:\\\/\\\/www.cpl.es\\\/producto\\\/sacramentos-de-la-iniciacion-cristiana-los-9788491655992\\\/#primaryimage\"},\"thumbnailUrl\":\"https:\\\/\\\/www.cpl.es\\\/wp-content\\\/uploads\\\/111045.jpg\",\"datePublished\":\"2023-10-03T23:42:53+00:00\",\"dateModified\":\"2026-01-09T11:03:04+00:00\",\"breadcrumb\":{\"@id\":\"https:\\\/\\\/www.cpl.es\\\/producto\\\/sacramentos-de-la-iniciacion-cristiana-los-9788491655992\\\/#breadcrumb\"},\"inLanguage\":\"ca\",\"potentialAction\":[{\"@type\":\"ReadAction\",\"target\":[\"https:\\\/\\\/www.cpl.es\\\/producto\\\/sacramentos-de-la-iniciacion-cristiana-los-9788491655992\\\/\"]}]},{\"@type\":\"ImageObject\",\"inLanguage\":\"ca\",\"@id\":\"https:\\\/\\\/www.cpl.es\\\/producto\\\/sacramentos-de-la-iniciacion-cristiana-los-9788491655992\\\/#primaryimage\",\"url\":\"https:\\\/\\\/www.cpl.es\\\/wp-content\\\/uploads\\\/111045.jpg\",\"contentUrl\":\"https:\\\/\\\/www.cpl.es\\\/wp-content\\\/uploads\\\/111045.jpg\",\"width\":250,\"height\":344,\"caption\":\"111045.jpg\"},{\"@type\":\"BreadcrumbList\",\"@id\":\"https:\\\/\\\/www.cpl.es\\\/producto\\\/sacramentos-de-la-iniciacion-cristiana-los-9788491655992\\\/#breadcrumb\",\"itemListElement\":[{\"@type\":\"ListItem\",\"position\":1,\"name\":\"Portada\",\"item\":\"https:\\\/\\\/www.cpl.es\\\/ca\\\/\"},{\"@type\":\"ListItem\",\"position\":2,\"name\":\"Cat\u00e0leg\",\"item\":\"https:\\\/\\\/www.cpl.es\\\/ca\\\/cataleg\\\/\"},{\"@type\":\"ListItem\",\"position\":3,\"name\":\"Sacramentos de la iniciaci\u00f3n cristiana, Los\"}]},{\"@type\":\"WebSite\",\"@id\":\"https:\\\/\\\/www.cpl.es\\\/#website\",\"url\":\"https:\\\/\\\/www.cpl.es\\\/\",\"name\":\"CPL\",\"description\":\"Centre de Pastoral Lit\u00fargica de Barcelona\",\"publisher\":{\"@id\":\"https:\\\/\\\/www.cpl.es\\\/#organization\"},\"alternateName\":\"Centre de Pastoral Lit\u00fargica\",\"potentialAction\":[{\"@type\":\"SearchAction\",\"target\":{\"@type\":\"EntryPoint\",\"urlTemplate\":\"https:\\\/\\\/www.cpl.es\\\/?s={search_term_string}\"},\"query-input\":{\"@type\":\"PropertyValueSpecification\",\"valueRequired\":true,\"valueName\":\"search_term_string\"}}],\"inLanguage\":\"ca\"},{\"@type\":\"Organization\",\"@id\":\"https:\\\/\\\/www.cpl.es\\\/#organization\",\"name\":\"Centre de Pastoral Lit\u00fargica\",\"alternateName\":\"Centre de Pastoral Lit\u00fargica de Barcelona\",\"url\":\"https:\\\/\\\/www.cpl.es\\\/\",\"logo\":{\"@type\":\"ImageObject\",\"inLanguage\":\"ca\",\"@id\":\"https:\\\/\\\/www.cpl.es\\\/#\\\/schema\\\/logo\\\/image\\\/\",\"url\":\"https:\\\/\\\/www.cpl.es\\\/wp-content\\\/uploads\\\/logo-cpl.svg\",\"contentUrl\":\"https:\\\/\\\/www.cpl.es\\\/wp-content\\\/uploads\\\/logo-cpl.svg\",\"caption\":\"Centre de Pastoral Lit\u00fargica\"},\"image\":{\"@id\":\"https:\\\/\\\/www.cpl.es\\\/#\\\/schema\\\/logo\\\/image\\\/\"}}]}<\/script>\n<!-- \/ Yoast SEO plugin. -->","yoast_head_json":{"title":"Sacramentos de la iniciaci\u00f3n cristiana, Los - CPL","robots":{"index":"index","follow":"follow","max-snippet":"max-snippet:-1","max-image-preview":"max-image-preview:large","max-video-preview":"max-video-preview:-1"},"canonical":"https:\/\/www.cpl.es\/producto\/sacramentos-de-la-iniciacion-cristiana-los-9788491655992\/","og_locale":"ca_ES","og_type":"article","og_title":"Sacramentos de la iniciaci\u00f3n cristiana, Los - CPL","og_description":"Fontbona Miss\u00e9, Jaume","og_url":"https:\/\/www.cpl.es\/producto\/sacramentos-de-la-iniciacion-cristiana-los-9788491655992\/","og_site_name":"CPL","article_modified_time":"2026-01-09T11:03:04+00:00","og_image":[{"width":250,"height":344,"url":"https:\/\/www.cpl.es\/wp-content\/uploads\/111045.jpg","type":"image\/jpeg"}],"twitter_card":"summary_large_image","twitter_misc":{"Temps estimat de lectura":"1 minut"},"schema":{"@context":"https:\/\/schema.org","@graph":[{"@type":"WebPage","@id":"https:\/\/www.cpl.es\/producto\/sacramentos-de-la-iniciacion-cristiana-los-9788491655992\/","url":"https:\/\/www.cpl.es\/producto\/sacramentos-de-la-iniciacion-cristiana-los-9788491655992\/","name":"Sacramentos de la iniciaci\u00f3n cristiana, Los - CPL","isPartOf":{"@id":"https:\/\/www.cpl.es\/#website"},"primaryImageOfPage":{"@id":"https:\/\/www.cpl.es\/producto\/sacramentos-de-la-iniciacion-cristiana-los-9788491655992\/#primaryimage"},"image":{"@id":"https:\/\/www.cpl.es\/producto\/sacramentos-de-la-iniciacion-cristiana-los-9788491655992\/#primaryimage"},"thumbnailUrl":"https:\/\/www.cpl.es\/wp-content\/uploads\/111045.jpg","datePublished":"2023-10-03T23:42:53+00:00","dateModified":"2026-01-09T11:03:04+00:00","breadcrumb":{"@id":"https:\/\/www.cpl.es\/producto\/sacramentos-de-la-iniciacion-cristiana-los-9788491655992\/#breadcrumb"},"inLanguage":"ca","potentialAction":[{"@type":"ReadAction","target":["https:\/\/www.cpl.es\/producto\/sacramentos-de-la-iniciacion-cristiana-los-9788491655992\/"]}]},{"@type":"ImageObject","inLanguage":"ca","@id":"https:\/\/www.cpl.es\/producto\/sacramentos-de-la-iniciacion-cristiana-los-9788491655992\/#primaryimage","url":"https:\/\/www.cpl.es\/wp-content\/uploads\/111045.jpg","contentUrl":"https:\/\/www.cpl.es\/wp-content\/uploads\/111045.jpg","width":250,"height":344,"caption":"111045.jpg"},{"@type":"BreadcrumbList","@id":"https:\/\/www.cpl.es\/producto\/sacramentos-de-la-iniciacion-cristiana-los-9788491655992\/#breadcrumb","itemListElement":[{"@type":"ListItem","position":1,"name":"Portada","item":"https:\/\/www.cpl.es\/ca\/"},{"@type":"ListItem","position":2,"name":"Cat\u00e0leg","item":"https:\/\/www.cpl.es\/ca\/cataleg\/"},{"@type":"ListItem","position":3,"name":"Sacramentos de la iniciaci\u00f3n cristiana, Los"}]},{"@type":"WebSite","@id":"https:\/\/www.cpl.es\/#website","url":"https:\/\/www.cpl.es\/","name":"CPL","description":"Centre de Pastoral Lit\u00fargica de Barcelona","publisher":{"@id":"https:\/\/www.cpl.es\/#organization"},"alternateName":"Centre de Pastoral Lit\u00fargica","potentialAction":[{"@type":"SearchAction","target":{"@type":"EntryPoint","urlTemplate":"https:\/\/www.cpl.es\/?s={search_term_string}"},"query-input":{"@type":"PropertyValueSpecification","valueRequired":true,"valueName":"search_term_string"}}],"inLanguage":"ca"},{"@type":"Organization","@id":"https:\/\/www.cpl.es\/#organization","name":"Centre de Pastoral Lit\u00fargica","alternateName":"Centre de Pastoral Lit\u00fargica de Barcelona","url":"https:\/\/www.cpl.es\/","logo":{"@type":"ImageObject","inLanguage":"ca","@id":"https:\/\/www.cpl.es\/#\/schema\/logo\/image\/","url":"https:\/\/www.cpl.es\/wp-content\/uploads\/logo-cpl.svg","contentUrl":"https:\/\/www.cpl.es\/wp-content\/uploads\/logo-cpl.svg","caption":"Centre de Pastoral Lit\u00fargica"},"image":{"@id":"https:\/\/www.cpl.es\/#\/schema\/logo\/image\/"}}]}},"_links":{"self":[{"href":"https:\/\/www.cpl.es\/ca\/wp-json\/wp\/v2\/product\/2470","targetHints":{"allow":["GET"]}}],"collection":[{"href":"https:\/\/www.cpl.es\/ca\/wp-json\/wp\/v2\/product"}],"about":[{"href":"https:\/\/www.cpl.es\/ca\/wp-json\/wp\/v2\/types\/product"}],"wp:featuredmedia":[{"embeddable":true,"href":"https:\/\/www.cpl.es\/ca\/wp-json\/wp\/v2\/media\/2471"}],"wp:attachment":[{"href":"https:\/\/www.cpl.es\/ca\/wp-json\/wp\/v2\/media?parent=2470"}],"wp:term":[{"taxonomy":"product_brand","embeddable":true,"href":"https:\/\/www.cpl.es\/ca\/wp-json\/wp\/v2\/product_brand?post=2470"},{"taxonomy":"product_cat","embeddable":true,"href":"https:\/\/www.cpl.es\/ca\/wp-json\/wp\/v2\/product_cat?post=2470"},{"taxonomy":"product_tag","embeddable":true,"href":"https:\/\/www.cpl.es\/ca\/wp-json\/wp\/v2\/product_tag?post=2470"}],"curies":[{"name":"wp","href":"https:\/\/api.w.org\/{rel}","templated":true}]}}