{"id":2455,"date":"2023-10-04T01:42:25","date_gmt":"2023-10-03T23:42:25","guid":{"rendered":"https:\/\/nuevaweb.cpl.es\/producto\/ven-y-veras-9788498057027\/"},"modified":"2025-10-23T09:28:04","modified_gmt":"2025-10-23T07:28:04","slug":"ven-y-veras-9788498057027","status":"publish","type":"product","link":"https:\/\/www.cpl.es\/ca\/producto\/ven-y-veras-9788498057027\/","title":{"rendered":"Ven y ver\u00e1s"},"content":{"rendered":"<p>Xavier Morlans Molina (Llinars del Vall\u00e8s, Barcelona, 1949) es sacerdote de la di\u00f3cesis de Barcelona, doctor en Teolog\u00eda por la Universidad Gregoriana de Roma y profesor de la Facultad de Teolog\u00eda de Catalu\u00f1a. Es especialmente conocido como autor de himnos y cantos, y como buscador de nuevos lenguajes musicales y audiovisuales para la evangelizaci\u00f3n. Ha impulsado el m\u00e9todo Volver a creer, que ha sido introducido con el nombre de Ven y ver\u00e1s en las di\u00f3cesis de Sant Feliu de Llobregat y Barcelona, un m\u00e9todo que este libro pone al alcance de todos. <br \/>&#8216;No se comienza a ser cristiano por una decisi\u00f3n \u00e9tica o una gran idea, sino por el encuentro con un acontecimiento, con una Persona&#8230;', dec\u00eda el papa Benedicto XVI. Estos guiones de primer anuncio quieren ser un instrumento para propiciar una de las formas de este acontecimiento, de este encuentro con la Persona de Jesucristo viviente: doce sesiones para ayudar, de manera pr\u00e1ctica y concreta, a aquellos grupos que se crean para acercarse por primera vez a la fe o para reencontrarla o reanimarla. Con las partituras y un CD con canciones sencillas que acompa\u00f1an el proceso.<\/p>\n","protected":false},"excerpt":{"rendered":"<p>Morlans Molina, Xavier<\/p>\n","protected":false},"featured_media":2456,"template":"","meta":{"_acf_changed":false,"inline_featured_image":false},"product_brand":[],"product_cat":[82,59,50,72,65,88],"product_tag":[],"class_list":{"0":"post-2455","1":"product","2":"type-product","3":"status-publish","4":"has-post-thumbnail","6":"product_cat-biblia-per-temes-catala","7":"product_cat-biblia","8":"product_cat-emaus-maior","9":"product_cat-emaus-maior-colleccions","10":"product_cat-espiritualidad","11":"product_cat-espiritualitat","13":"first","14":"instock","15":"taxable","16":"shipping-taxable","17":"purchasable","18":"product-type-simple"},"acf":{"autor":"Morlans Molina, Xavier","codart":"118005","ediciones":"1","encuadernacion":"R\u00fastica","fecha_de_publicacion":"30\/11\/2018","novedad":false,"paginas":"188","subtitulo":"Doce guiones de primer anuncio","orden":"1","portada":false,"idioma":"spa","editorial":[{"ID":6736,"post_author":"2","post_date":"2023-10-06 08:35:24","post_date_gmt":"2023-10-06 06:35:24","post_content":"","post_title":"CPL","post_excerpt":"","post_status":"publish","comment_status":"closed","ping_status":"closed","post_password":"","post_name":"cpl","to_ping":"","pinged":"","post_modified":"2023-10-06 08:35:24","post_modified_gmt":"2023-10-06 06:35:24","post_content_filtered":"","post_parent":0,"guid":"https:\/\/nuevaweb.cpl.es\/editorial\/cpl\/","menu_order":0,"post_type":"editorial","post_mime_type":"","comment_count":"0","filter":"raw"}],"coleccion_num":"5"},"yoast_head":"<!-- This site is optimized with the Yoast SEO plugin v27.3 - https:\/\/yoast.com\/product\/yoast-seo-wordpress\/ -->\n<title>Ven y ver\u00e1s - CPL<\/title>\n<meta name=\"robots\" content=\"index, follow, max-snippet:-1, max-image-preview:large, max-video-preview:-1\" \/>\n<link rel=\"canonical\" href=\"https:\/\/www.cpl.es\/producto\/ven-y-veras-9788498057027\/\" \/>\n<meta property=\"og:locale\" content=\"ca_ES\" \/>\n<meta property=\"og:type\" content=\"article\" \/>\n<meta property=\"og:title\" content=\"Ven y ver\u00e1s - CPL\" \/>\n<meta property=\"og:description\" content=\"Morlans Molina, Xavier\" \/>\n<meta property=\"og:url\" content=\"https:\/\/www.cpl.es\/producto\/ven-y-veras-9788498057027\/\" \/>\n<meta property=\"og:site_name\" content=\"CPL\" \/>\n<meta property=\"article:modified_time\" content=\"2025-10-23T07:28:04+00:00\" \/>\n<meta property=\"og:image\" content=\"https:\/\/www.cpl.es\/wp-content\/uploads\/118005.jpg\" \/>\n\t<meta property=\"og:image:width\" content=\"250\" \/>\n\t<meta property=\"og:image:height\" content=\"250\" \/>\n\t<meta property=\"og:image:type\" content=\"image\/jpeg\" \/>\n<meta name=\"twitter:card\" content=\"summary_large_image\" \/>\n<meta name=\"twitter:label1\" content=\"Temps estimat de lectura\" \/>\n\t<meta name=\"twitter:data1\" content=\"1 minut\" \/>\n<script type=\"application\/ld+json\" class=\"yoast-schema-graph\">{\"@context\":\"https:\\\/\\\/schema.org\",\"@graph\":[{\"@type\":\"WebPage\",\"@id\":\"https:\\\/\\\/www.cpl.es\\\/producto\\\/ven-y-veras-9788498057027\\\/\",\"url\":\"https:\\\/\\\/www.cpl.es\\\/producto\\\/ven-y-veras-9788498057027\\\/\",\"name\":\"Ven y ver\u00e1s - CPL\",\"isPartOf\":{\"@id\":\"https:\\\/\\\/www.cpl.es\\\/#website\"},\"primaryImageOfPage\":{\"@id\":\"https:\\\/\\\/www.cpl.es\\\/producto\\\/ven-y-veras-9788498057027\\\/#primaryimage\"},\"image\":{\"@id\":\"https:\\\/\\\/www.cpl.es\\\/producto\\\/ven-y-veras-9788498057027\\\/#primaryimage\"},\"thumbnailUrl\":\"https:\\\/\\\/www.cpl.es\\\/wp-content\\\/uploads\\\/118005.jpg\",\"datePublished\":\"2023-10-03T23:42:25+00:00\",\"dateModified\":\"2025-10-23T07:28:04+00:00\",\"breadcrumb\":{\"@id\":\"https:\\\/\\\/www.cpl.es\\\/producto\\\/ven-y-veras-9788498057027\\\/#breadcrumb\"},\"inLanguage\":\"ca\",\"potentialAction\":[{\"@type\":\"ReadAction\",\"target\":[\"https:\\\/\\\/www.cpl.es\\\/producto\\\/ven-y-veras-9788498057027\\\/\"]}]},{\"@type\":\"ImageObject\",\"inLanguage\":\"ca\",\"@id\":\"https:\\\/\\\/www.cpl.es\\\/producto\\\/ven-y-veras-9788498057027\\\/#primaryimage\",\"url\":\"https:\\\/\\\/www.cpl.es\\\/wp-content\\\/uploads\\\/118005.jpg\",\"contentUrl\":\"https:\\\/\\\/www.cpl.es\\\/wp-content\\\/uploads\\\/118005.jpg\",\"width\":250,\"height\":250,\"caption\":\"118005.jpg\"},{\"@type\":\"BreadcrumbList\",\"@id\":\"https:\\\/\\\/www.cpl.es\\\/producto\\\/ven-y-veras-9788498057027\\\/#breadcrumb\",\"itemListElement\":[{\"@type\":\"ListItem\",\"position\":1,\"name\":\"Portada\",\"item\":\"https:\\\/\\\/www.cpl.es\\\/ca\\\/\"},{\"@type\":\"ListItem\",\"position\":2,\"name\":\"Cat\u00e0leg\",\"item\":\"https:\\\/\\\/www.cpl.es\\\/ca\\\/cataleg\\\/\"},{\"@type\":\"ListItem\",\"position\":3,\"name\":\"Ven y ver\u00e1s\"}]},{\"@type\":\"WebSite\",\"@id\":\"https:\\\/\\\/www.cpl.es\\\/#website\",\"url\":\"https:\\\/\\\/www.cpl.es\\\/\",\"name\":\"CPL\",\"description\":\"Centre de Pastoral Lit\u00fargica de Barcelona\",\"publisher\":{\"@id\":\"https:\\\/\\\/www.cpl.es\\\/#organization\"},\"alternateName\":\"Centre de Pastoral Lit\u00fargica\",\"potentialAction\":[{\"@type\":\"SearchAction\",\"target\":{\"@type\":\"EntryPoint\",\"urlTemplate\":\"https:\\\/\\\/www.cpl.es\\\/?s={search_term_string}\"},\"query-input\":{\"@type\":\"PropertyValueSpecification\",\"valueRequired\":true,\"valueName\":\"search_term_string\"}}],\"inLanguage\":\"ca\"},{\"@type\":\"Organization\",\"@id\":\"https:\\\/\\\/www.cpl.es\\\/#organization\",\"name\":\"Centre de Pastoral Lit\u00fargica\",\"alternateName\":\"Centre de Pastoral Lit\u00fargica de Barcelona\",\"url\":\"https:\\\/\\\/www.cpl.es\\\/\",\"logo\":{\"@type\":\"ImageObject\",\"inLanguage\":\"ca\",\"@id\":\"https:\\\/\\\/www.cpl.es\\\/#\\\/schema\\\/logo\\\/image\\\/\",\"url\":\"https:\\\/\\\/www.cpl.es\\\/wp-content\\\/uploads\\\/logo-cpl.svg\",\"contentUrl\":\"https:\\\/\\\/www.cpl.es\\\/wp-content\\\/uploads\\\/logo-cpl.svg\",\"caption\":\"Centre de Pastoral Lit\u00fargica\"},\"image\":{\"@id\":\"https:\\\/\\\/www.cpl.es\\\/#\\\/schema\\\/logo\\\/image\\\/\"}}]}<\/script>\n<!-- \/ Yoast SEO plugin. -->","yoast_head_json":{"title":"Ven y ver\u00e1s - CPL","robots":{"index":"index","follow":"follow","max-snippet":"max-snippet:-1","max-image-preview":"max-image-preview:large","max-video-preview":"max-video-preview:-1"},"canonical":"https:\/\/www.cpl.es\/producto\/ven-y-veras-9788498057027\/","og_locale":"ca_ES","og_type":"article","og_title":"Ven y ver\u00e1s - CPL","og_description":"Morlans Molina, Xavier","og_url":"https:\/\/www.cpl.es\/producto\/ven-y-veras-9788498057027\/","og_site_name":"CPL","article_modified_time":"2025-10-23T07:28:04+00:00","og_image":[{"width":250,"height":250,"url":"https:\/\/www.cpl.es\/wp-content\/uploads\/118005.jpg","type":"image\/jpeg"}],"twitter_card":"summary_large_image","twitter_misc":{"Temps estimat de lectura":"1 minut"},"schema":{"@context":"https:\/\/schema.org","@graph":[{"@type":"WebPage","@id":"https:\/\/www.cpl.es\/producto\/ven-y-veras-9788498057027\/","url":"https:\/\/www.cpl.es\/producto\/ven-y-veras-9788498057027\/","name":"Ven y ver\u00e1s - CPL","isPartOf":{"@id":"https:\/\/www.cpl.es\/#website"},"primaryImageOfPage":{"@id":"https:\/\/www.cpl.es\/producto\/ven-y-veras-9788498057027\/#primaryimage"},"image":{"@id":"https:\/\/www.cpl.es\/producto\/ven-y-veras-9788498057027\/#primaryimage"},"thumbnailUrl":"https:\/\/www.cpl.es\/wp-content\/uploads\/118005.jpg","datePublished":"2023-10-03T23:42:25+00:00","dateModified":"2025-10-23T07:28:04+00:00","breadcrumb":{"@id":"https:\/\/www.cpl.es\/producto\/ven-y-veras-9788498057027\/#breadcrumb"},"inLanguage":"ca","potentialAction":[{"@type":"ReadAction","target":["https:\/\/www.cpl.es\/producto\/ven-y-veras-9788498057027\/"]}]},{"@type":"ImageObject","inLanguage":"ca","@id":"https:\/\/www.cpl.es\/producto\/ven-y-veras-9788498057027\/#primaryimage","url":"https:\/\/www.cpl.es\/wp-content\/uploads\/118005.jpg","contentUrl":"https:\/\/www.cpl.es\/wp-content\/uploads\/118005.jpg","width":250,"height":250,"caption":"118005.jpg"},{"@type":"BreadcrumbList","@id":"https:\/\/www.cpl.es\/producto\/ven-y-veras-9788498057027\/#breadcrumb","itemListElement":[{"@type":"ListItem","position":1,"name":"Portada","item":"https:\/\/www.cpl.es\/ca\/"},{"@type":"ListItem","position":2,"name":"Cat\u00e0leg","item":"https:\/\/www.cpl.es\/ca\/cataleg\/"},{"@type":"ListItem","position":3,"name":"Ven y ver\u00e1s"}]},{"@type":"WebSite","@id":"https:\/\/www.cpl.es\/#website","url":"https:\/\/www.cpl.es\/","name":"CPL","description":"Centre de Pastoral Lit\u00fargica de Barcelona","publisher":{"@id":"https:\/\/www.cpl.es\/#organization"},"alternateName":"Centre de Pastoral Lit\u00fargica","potentialAction":[{"@type":"SearchAction","target":{"@type":"EntryPoint","urlTemplate":"https:\/\/www.cpl.es\/?s={search_term_string}"},"query-input":{"@type":"PropertyValueSpecification","valueRequired":true,"valueName":"search_term_string"}}],"inLanguage":"ca"},{"@type":"Organization","@id":"https:\/\/www.cpl.es\/#organization","name":"Centre de Pastoral Lit\u00fargica","alternateName":"Centre de Pastoral Lit\u00fargica de Barcelona","url":"https:\/\/www.cpl.es\/","logo":{"@type":"ImageObject","inLanguage":"ca","@id":"https:\/\/www.cpl.es\/#\/schema\/logo\/image\/","url":"https:\/\/www.cpl.es\/wp-content\/uploads\/logo-cpl.svg","contentUrl":"https:\/\/www.cpl.es\/wp-content\/uploads\/logo-cpl.svg","caption":"Centre de Pastoral Lit\u00fargica"},"image":{"@id":"https:\/\/www.cpl.es\/#\/schema\/logo\/image\/"}}]}},"_links":{"self":[{"href":"https:\/\/www.cpl.es\/ca\/wp-json\/wp\/v2\/product\/2455","targetHints":{"allow":["GET"]}}],"collection":[{"href":"https:\/\/www.cpl.es\/ca\/wp-json\/wp\/v2\/product"}],"about":[{"href":"https:\/\/www.cpl.es\/ca\/wp-json\/wp\/v2\/types\/product"}],"wp:featuredmedia":[{"embeddable":true,"href":"https:\/\/www.cpl.es\/ca\/wp-json\/wp\/v2\/media\/2456"}],"wp:attachment":[{"href":"https:\/\/www.cpl.es\/ca\/wp-json\/wp\/v2\/media?parent=2455"}],"wp:term":[{"taxonomy":"product_brand","embeddable":true,"href":"https:\/\/www.cpl.es\/ca\/wp-json\/wp\/v2\/product_brand?post=2455"},{"taxonomy":"product_cat","embeddable":true,"href":"https:\/\/www.cpl.es\/ca\/wp-json\/wp\/v2\/product_cat?post=2455"},{"taxonomy":"product_tag","embeddable":true,"href":"https:\/\/www.cpl.es\/ca\/wp-json\/wp\/v2\/product_tag?post=2455"}],"curies":[{"name":"wp","href":"https:\/\/api.w.org\/{rel}","templated":true}]}}