{"id":2407,"date":"2023-10-04T01:40:56","date_gmt":"2023-10-03T23:40:56","guid":{"rendered":"https:\/\/nuevaweb.cpl.es\/producto\/los-sacramentos-en-la-vida-de-los-discipulos-9788498057171\/"},"modified":"2026-02-12T16:54:45","modified_gmt":"2026-02-12T15:54:45","slug":"los-sacramentos-en-la-vida-de-los-discipulos-9788498057171","status":"publish","type":"product","link":"https:\/\/www.cpl.es\/ca\/producto\/los-sacramentos-en-la-vida-de-los-discipulos-9788498057171\/","title":{"rendered":"Los sacramentos en la vida de los disc\u00edpulos"},"content":{"rendered":"<p>Los sacramentos, conectados con la vida de cada uno de nosotros. As\u00ed define este libro su pr\u00f3logo. Se trata, pues, de acercarse a estos momentos centrales de la vida cristiana y de la vida de la Iglesia que son los siete sacramentos, y ver c\u00f3mo se enraizan en nuestra vida y en nuestra fe. Eso es lo que nos propone este libro, con un estilo vivo y cercano.<br \/>Detr\u00e1s de este libro, por otra parte, hay una s\u00f3lida experiencia: la de las catequesis que se ofrecen, en la di\u00f3cesis de Mallorca, a los padres y madres que llevan a sus hijos a hacer la primera comuni\u00f3n: al igual que los hijos entran en un proceso catequ\u00e9tico, los padres tambi\u00e9n reciben una catequesis para reafirmar o recuperar la fe. Este es el origen de esta publicaci\u00f3n, y su mejor garant\u00eda.<\/p>\n<p>Teodor Suau Puig (Palma de Mallorca, 1947) es sacerdote, biblista, director del Centro de Estudios Teol\u00f3gicos de Mallorca y can\u00f3nigo de la catedral. Y es autor de numerosas publicaciones b\u00edblicas y teol\u00f3gicas, marcadas siempre por la voluntad de hacer presente la fe desde la proximidad a la vida de los hombres y mujeres de nuestro mundo actual.<\/p>\n","protected":false},"excerpt":{"rendered":"<p>Suau Puig, Teodor<\/p>\n","protected":false},"featured_media":2408,"template":"","meta":{"_acf_changed":false,"inline_featured_image":false},"product_brand":[],"product_cat":[83,60,73,49,152,150],"product_tag":[],"class_list":{"0":"post-2407","1":"product","2":"type-product","3":"status-publish","4":"has-post-thumbnail","6":"product_cat-catequesi-liturgica","7":"product_cat-catequesis-liturgica","8":"product_cat-emaus-colleccions-catala","9":"product_cat-emaus","10":"product_cat-sacramentos-sacramentos-por-temas","11":"product_cat-sagraments-sagraments-per-temes","13":"first","14":"instock","15":"taxable","16":"shipping-taxable","17":"purchasable","18":"product-type-simple"},"acf":{"autor":"Suau Puig, Teodor","codart":"108116","ediciones":"1","encuadernacion":"R\u00fastica","fecha_de_publicacion":"03\/06\/2014","novedad":false,"paginas":"116","subtitulo":"","orden":"20","portada":false,"idioma":"spa","editorial":[{"ID":6736,"post_author":"2","post_date":"2023-10-06 08:35:24","post_date_gmt":"2023-10-06 06:35:24","post_content":"","post_title":"CPL","post_excerpt":"","post_status":"publish","comment_status":"closed","ping_status":"closed","post_password":"","post_name":"cpl","to_ping":"","pinged":"","post_modified":"2023-10-06 08:35:24","post_modified_gmt":"2023-10-06 06:35:24","post_content_filtered":"","post_parent":0,"guid":"https:\/\/nuevaweb.cpl.es\/editorial\/cpl\/","menu_order":0,"post_type":"editorial","post_mime_type":"","comment_count":"0","filter":"raw"}],"coleccion_num":"116"},"yoast_head":"<!-- This site is optimized with the Yoast SEO plugin v27.3 - https:\/\/yoast.com\/product\/yoast-seo-wordpress\/ -->\n<title>Los sacramentos en la vida de los disc\u00edpulos - CPL<\/title>\n<meta name=\"robots\" content=\"index, follow, max-snippet:-1, max-image-preview:large, max-video-preview:-1\" \/>\n<link rel=\"canonical\" href=\"https:\/\/www.cpl.es\/producto\/los-sacramentos-en-la-vida-de-los-discipulos-9788498057171\/\" \/>\n<meta property=\"og:locale\" content=\"ca_ES\" \/>\n<meta property=\"og:type\" content=\"article\" \/>\n<meta property=\"og:title\" content=\"Los sacramentos en la vida de los disc\u00edpulos - CPL\" \/>\n<meta property=\"og:description\" content=\"Suau Puig, Teodor\" \/>\n<meta property=\"og:url\" content=\"https:\/\/www.cpl.es\/producto\/los-sacramentos-en-la-vida-de-los-discipulos-9788498057171\/\" \/>\n<meta property=\"og:site_name\" content=\"CPL\" \/>\n<meta property=\"article:modified_time\" content=\"2026-02-12T15:54:45+00:00\" \/>\n<meta property=\"og:image\" content=\"https:\/\/www.cpl.es\/wp-content\/uploads\/108116.jpg\" \/>\n\t<meta property=\"og:image:width\" content=\"250\" \/>\n\t<meta property=\"og:image:height\" content=\"396\" \/>\n\t<meta property=\"og:image:type\" content=\"image\/jpeg\" \/>\n<meta name=\"twitter:card\" content=\"summary_large_image\" \/>\n<meta name=\"twitter:label1\" content=\"Temps estimat de lectura\" \/>\n\t<meta name=\"twitter:data1\" content=\"1 minut\" \/>\n<script type=\"application\/ld+json\" class=\"yoast-schema-graph\">{\"@context\":\"https:\\\/\\\/schema.org\",\"@graph\":[{\"@type\":\"WebPage\",\"@id\":\"https:\\\/\\\/www.cpl.es\\\/producto\\\/los-sacramentos-en-la-vida-de-los-discipulos-9788498057171\\\/\",\"url\":\"https:\\\/\\\/www.cpl.es\\\/producto\\\/los-sacramentos-en-la-vida-de-los-discipulos-9788498057171\\\/\",\"name\":\"Los sacramentos en la vida de los disc\u00edpulos - CPL\",\"isPartOf\":{\"@id\":\"https:\\\/\\\/www.cpl.es\\\/#website\"},\"primaryImageOfPage\":{\"@id\":\"https:\\\/\\\/www.cpl.es\\\/producto\\\/los-sacramentos-en-la-vida-de-los-discipulos-9788498057171\\\/#primaryimage\"},\"image\":{\"@id\":\"https:\\\/\\\/www.cpl.es\\\/producto\\\/los-sacramentos-en-la-vida-de-los-discipulos-9788498057171\\\/#primaryimage\"},\"thumbnailUrl\":\"https:\\\/\\\/www.cpl.es\\\/wp-content\\\/uploads\\\/108116.jpg\",\"datePublished\":\"2023-10-03T23:40:56+00:00\",\"dateModified\":\"2026-02-12T15:54:45+00:00\",\"breadcrumb\":{\"@id\":\"https:\\\/\\\/www.cpl.es\\\/producto\\\/los-sacramentos-en-la-vida-de-los-discipulos-9788498057171\\\/#breadcrumb\"},\"inLanguage\":\"ca\",\"potentialAction\":[{\"@type\":\"ReadAction\",\"target\":[\"https:\\\/\\\/www.cpl.es\\\/producto\\\/los-sacramentos-en-la-vida-de-los-discipulos-9788498057171\\\/\"]}]},{\"@type\":\"ImageObject\",\"inLanguage\":\"ca\",\"@id\":\"https:\\\/\\\/www.cpl.es\\\/producto\\\/los-sacramentos-en-la-vida-de-los-discipulos-9788498057171\\\/#primaryimage\",\"url\":\"https:\\\/\\\/www.cpl.es\\\/wp-content\\\/uploads\\\/108116.jpg\",\"contentUrl\":\"https:\\\/\\\/www.cpl.es\\\/wp-content\\\/uploads\\\/108116.jpg\",\"width\":250,\"height\":396,\"caption\":\"108116.jpg\"},{\"@type\":\"BreadcrumbList\",\"@id\":\"https:\\\/\\\/www.cpl.es\\\/producto\\\/los-sacramentos-en-la-vida-de-los-discipulos-9788498057171\\\/#breadcrumb\",\"itemListElement\":[{\"@type\":\"ListItem\",\"position\":1,\"name\":\"Portada\",\"item\":\"https:\\\/\\\/www.cpl.es\\\/ca\\\/\"},{\"@type\":\"ListItem\",\"position\":2,\"name\":\"Cat\u00e0leg\",\"item\":\"https:\\\/\\\/www.cpl.es\\\/ca\\\/cataleg\\\/\"},{\"@type\":\"ListItem\",\"position\":3,\"name\":\"Los sacramentos en la vida de los disc\u00edpulos\"}]},{\"@type\":\"WebSite\",\"@id\":\"https:\\\/\\\/www.cpl.es\\\/#website\",\"url\":\"https:\\\/\\\/www.cpl.es\\\/\",\"name\":\"CPL\",\"description\":\"Centre de Pastoral Lit\u00fargica de Barcelona\",\"publisher\":{\"@id\":\"https:\\\/\\\/www.cpl.es\\\/#organization\"},\"alternateName\":\"Centre de Pastoral Lit\u00fargica\",\"potentialAction\":[{\"@type\":\"SearchAction\",\"target\":{\"@type\":\"EntryPoint\",\"urlTemplate\":\"https:\\\/\\\/www.cpl.es\\\/?s={search_term_string}\"},\"query-input\":{\"@type\":\"PropertyValueSpecification\",\"valueRequired\":true,\"valueName\":\"search_term_string\"}}],\"inLanguage\":\"ca\"},{\"@type\":\"Organization\",\"@id\":\"https:\\\/\\\/www.cpl.es\\\/#organization\",\"name\":\"Centre de Pastoral Lit\u00fargica\",\"alternateName\":\"Centre de Pastoral Lit\u00fargica de Barcelona\",\"url\":\"https:\\\/\\\/www.cpl.es\\\/\",\"logo\":{\"@type\":\"ImageObject\",\"inLanguage\":\"ca\",\"@id\":\"https:\\\/\\\/www.cpl.es\\\/#\\\/schema\\\/logo\\\/image\\\/\",\"url\":\"https:\\\/\\\/www.cpl.es\\\/wp-content\\\/uploads\\\/logo-cpl.svg\",\"contentUrl\":\"https:\\\/\\\/www.cpl.es\\\/wp-content\\\/uploads\\\/logo-cpl.svg\",\"caption\":\"Centre de Pastoral Lit\u00fargica\"},\"image\":{\"@id\":\"https:\\\/\\\/www.cpl.es\\\/#\\\/schema\\\/logo\\\/image\\\/\"}}]}<\/script>\n<!-- \/ Yoast SEO plugin. -->","yoast_head_json":{"title":"Los sacramentos en la vida de los disc\u00edpulos - CPL","robots":{"index":"index","follow":"follow","max-snippet":"max-snippet:-1","max-image-preview":"max-image-preview:large","max-video-preview":"max-video-preview:-1"},"canonical":"https:\/\/www.cpl.es\/producto\/los-sacramentos-en-la-vida-de-los-discipulos-9788498057171\/","og_locale":"ca_ES","og_type":"article","og_title":"Los sacramentos en la vida de los disc\u00edpulos - CPL","og_description":"Suau Puig, Teodor","og_url":"https:\/\/www.cpl.es\/producto\/los-sacramentos-en-la-vida-de-los-discipulos-9788498057171\/","og_site_name":"CPL","article_modified_time":"2026-02-12T15:54:45+00:00","og_image":[{"width":250,"height":396,"url":"https:\/\/www.cpl.es\/wp-content\/uploads\/108116.jpg","type":"image\/jpeg"}],"twitter_card":"summary_large_image","twitter_misc":{"Temps estimat de lectura":"1 minut"},"schema":{"@context":"https:\/\/schema.org","@graph":[{"@type":"WebPage","@id":"https:\/\/www.cpl.es\/producto\/los-sacramentos-en-la-vida-de-los-discipulos-9788498057171\/","url":"https:\/\/www.cpl.es\/producto\/los-sacramentos-en-la-vida-de-los-discipulos-9788498057171\/","name":"Los sacramentos en la vida de los disc\u00edpulos - CPL","isPartOf":{"@id":"https:\/\/www.cpl.es\/#website"},"primaryImageOfPage":{"@id":"https:\/\/www.cpl.es\/producto\/los-sacramentos-en-la-vida-de-los-discipulos-9788498057171\/#primaryimage"},"image":{"@id":"https:\/\/www.cpl.es\/producto\/los-sacramentos-en-la-vida-de-los-discipulos-9788498057171\/#primaryimage"},"thumbnailUrl":"https:\/\/www.cpl.es\/wp-content\/uploads\/108116.jpg","datePublished":"2023-10-03T23:40:56+00:00","dateModified":"2026-02-12T15:54:45+00:00","breadcrumb":{"@id":"https:\/\/www.cpl.es\/producto\/los-sacramentos-en-la-vida-de-los-discipulos-9788498057171\/#breadcrumb"},"inLanguage":"ca","potentialAction":[{"@type":"ReadAction","target":["https:\/\/www.cpl.es\/producto\/los-sacramentos-en-la-vida-de-los-discipulos-9788498057171\/"]}]},{"@type":"ImageObject","inLanguage":"ca","@id":"https:\/\/www.cpl.es\/producto\/los-sacramentos-en-la-vida-de-los-discipulos-9788498057171\/#primaryimage","url":"https:\/\/www.cpl.es\/wp-content\/uploads\/108116.jpg","contentUrl":"https:\/\/www.cpl.es\/wp-content\/uploads\/108116.jpg","width":250,"height":396,"caption":"108116.jpg"},{"@type":"BreadcrumbList","@id":"https:\/\/www.cpl.es\/producto\/los-sacramentos-en-la-vida-de-los-discipulos-9788498057171\/#breadcrumb","itemListElement":[{"@type":"ListItem","position":1,"name":"Portada","item":"https:\/\/www.cpl.es\/ca\/"},{"@type":"ListItem","position":2,"name":"Cat\u00e0leg","item":"https:\/\/www.cpl.es\/ca\/cataleg\/"},{"@type":"ListItem","position":3,"name":"Los sacramentos en la vida de los disc\u00edpulos"}]},{"@type":"WebSite","@id":"https:\/\/www.cpl.es\/#website","url":"https:\/\/www.cpl.es\/","name":"CPL","description":"Centre de Pastoral Lit\u00fargica de Barcelona","publisher":{"@id":"https:\/\/www.cpl.es\/#organization"},"alternateName":"Centre de Pastoral Lit\u00fargica","potentialAction":[{"@type":"SearchAction","target":{"@type":"EntryPoint","urlTemplate":"https:\/\/www.cpl.es\/?s={search_term_string}"},"query-input":{"@type":"PropertyValueSpecification","valueRequired":true,"valueName":"search_term_string"}}],"inLanguage":"ca"},{"@type":"Organization","@id":"https:\/\/www.cpl.es\/#organization","name":"Centre de Pastoral Lit\u00fargica","alternateName":"Centre de Pastoral Lit\u00fargica de Barcelona","url":"https:\/\/www.cpl.es\/","logo":{"@type":"ImageObject","inLanguage":"ca","@id":"https:\/\/www.cpl.es\/#\/schema\/logo\/image\/","url":"https:\/\/www.cpl.es\/wp-content\/uploads\/logo-cpl.svg","contentUrl":"https:\/\/www.cpl.es\/wp-content\/uploads\/logo-cpl.svg","caption":"Centre de Pastoral Lit\u00fargica"},"image":{"@id":"https:\/\/www.cpl.es\/#\/schema\/logo\/image\/"}}]}},"_links":{"self":[{"href":"https:\/\/www.cpl.es\/ca\/wp-json\/wp\/v2\/product\/2407","targetHints":{"allow":["GET"]}}],"collection":[{"href":"https:\/\/www.cpl.es\/ca\/wp-json\/wp\/v2\/product"}],"about":[{"href":"https:\/\/www.cpl.es\/ca\/wp-json\/wp\/v2\/types\/product"}],"wp:featuredmedia":[{"embeddable":true,"href":"https:\/\/www.cpl.es\/ca\/wp-json\/wp\/v2\/media\/2408"}],"wp:attachment":[{"href":"https:\/\/www.cpl.es\/ca\/wp-json\/wp\/v2\/media?parent=2407"}],"wp:term":[{"taxonomy":"product_brand","embeddable":true,"href":"https:\/\/www.cpl.es\/ca\/wp-json\/wp\/v2\/product_brand?post=2407"},{"taxonomy":"product_cat","embeddable":true,"href":"https:\/\/www.cpl.es\/ca\/wp-json\/wp\/v2\/product_cat?post=2407"},{"taxonomy":"product_tag","embeddable":true,"href":"https:\/\/www.cpl.es\/ca\/wp-json\/wp\/v2\/product_tag?post=2407"}],"curies":[{"name":"wp","href":"https:\/\/api.w.org\/{rel}","templated":true}]}}