{"id":2344,"date":"2023-10-04T01:38:58","date_gmt":"2023-10-03T23:38:58","guid":{"rendered":"https:\/\/nuevaweb.cpl.es\/producto\/la-sagrada-familia-de-barcelona-quan-les-pedres-criden-9788498057409\/"},"modified":"2023-10-04T01:39:01","modified_gmt":"2023-10-03T23:39:01","slug":"la-sagrada-familia-de-barcelona-quan-les-pedres-criden-9788498057409","status":"publish","type":"product","link":"https:\/\/www.cpl.es\/ca\/producto\/la-sagrada-familia-de-barcelona-quan-les-pedres-criden-9788498057409\/","title":{"rendered":"La Sagrada Fam\u00edlia de Barcelona. Quan les pedres criden"},"content":{"rendered":"<p>&#8216;Anar a la Sagrada Fam\u00edlia \u00e9s sempre un pelegrinatge, un pelegrinatge de canvi interior, un pelegrinatge de trobada amb Aquell que \u00e9s la Bellesa infi nita'. Aix\u00ed descriu l\u2019autor d\u2019aquest llibre l\u2019impacte que aquesta extraordin\u00e0ria construcci\u00f3 provoca en el creient que s\u2019hi vol acostar amb un esperit ben obert. La seva immensa riquesa arquitect\u00f2nica, est\u00e8tica i simb\u00f2lica \u00e9s el vehicle per a aquest pelegrinatge.<br \/>Aquest llibre \u00e9s una molt bona ajuda per endinsar-se en aquest lloc privilegiat que \u00e9s la Sagrada Fam\u00edlia d\u2019Antoni Gaud\u00ed. L\u2019autor ens acompanya per tots els racons de l\u2019edifici, ens els posa davant els ulls, i ens hi fa trobar tot el seu sentit i contingut. Un meravell\u00f3s viatge.<\/p>\n<p>Rodolf Puigdollers (Barcelona, 1948) \u00e9s escolapi, rector de parr\u00f2quia i doctor en teologia. T\u00e9 una \u00e0mplia s\u00e8rie de publicacions tant b\u00edbliques con catequ\u00e8tiques en aquesta mateixa col\u00b7lecci\u00f3, totes amb el mateix estil senzill i comunicatiu que el lector trobar\u00e0 en el llibre que aqu\u00ed oferim.<\/p>\n","protected":false},"excerpt":{"rendered":"<p>Puigdollers Noblom, Rodolf<\/p>\n","protected":false},"featured_media":2345,"template":"","meta":{"_acf_changed":false,"inline_featured_image":false},"product_brand":[],"product_cat":[73,166],"product_tag":[],"class_list":{"0":"post-2344","1":"product","2":"type-product","3":"status-publish","4":"has-post-thumbnail","6":"product_cat-emaus-colleccions-catala","7":"product_cat-lespai-celebratiu-celebracio-de-la-missa-per-temes","9":"first","10":"instock","11":"taxable","12":"shipping-taxable","13":"purchasable","14":"product-type-simple"},"acf":{"autor":"Puigdollers Noblom, Rodolf","codart":"208118","ediciones":"1","encuadernacion":"R\u00fastica","fecha_de_publicacion":"14\/02\/2020","novedad":false,"paginas":"152","subtitulo":"","orden":"32","portada":false,"idioma":"cat","editorial":[{"ID":6736,"post_author":"2","post_date":"2023-10-06 08:35:24","post_date_gmt":"2023-10-06 06:35:24","post_content":"","post_title":"CPL","post_excerpt":"","post_status":"publish","comment_status":"closed","ping_status":"closed","post_password":"","post_name":"cpl","to_ping":"","pinged":"","post_modified":"2023-10-06 08:35:24","post_modified_gmt":"2023-10-06 06:35:24","post_content_filtered":"","post_parent":0,"guid":"https:\/\/nuevaweb.cpl.es\/editorial\/cpl\/","menu_order":0,"post_type":"editorial","post_mime_type":"","comment_count":"0","filter":"raw"}]},"yoast_head":"<!-- This site is optimized with the Yoast SEO plugin v27.3 - https:\/\/yoast.com\/product\/yoast-seo-wordpress\/ -->\n<title>La Sagrada Fam\u00edlia de Barcelona. Quan les pedres criden - CPL<\/title>\n<meta name=\"robots\" content=\"index, follow, max-snippet:-1, max-image-preview:large, max-video-preview:-1\" \/>\n<link rel=\"canonical\" href=\"https:\/\/www.cpl.es\/producto\/la-sagrada-familia-de-barcelona-quan-les-pedres-criden-9788498057409\/\" \/>\n<meta property=\"og:locale\" content=\"ca_ES\" \/>\n<meta property=\"og:type\" content=\"article\" \/>\n<meta property=\"og:title\" content=\"La Sagrada Fam\u00edlia de Barcelona. Quan les pedres criden - CPL\" \/>\n<meta property=\"og:description\" content=\"Puigdollers Noblom, Rodolf\" \/>\n<meta property=\"og:url\" content=\"https:\/\/www.cpl.es\/producto\/la-sagrada-familia-de-barcelona-quan-les-pedres-criden-9788498057409\/\" \/>\n<meta property=\"og:site_name\" content=\"CPL\" \/>\n<meta property=\"article:modified_time\" content=\"2023-10-03T23:39:01+00:00\" \/>\n<meta property=\"og:image\" content=\"https:\/\/www.cpl.es\/wp-content\/uploads\/208118.jpg\" \/>\n\t<meta property=\"og:image:width\" content=\"250\" \/>\n\t<meta property=\"og:image:height\" content=\"396\" \/>\n\t<meta property=\"og:image:type\" content=\"image\/jpeg\" \/>\n<meta name=\"twitter:card\" content=\"summary_large_image\" \/>\n<meta name=\"twitter:label1\" content=\"Temps estimat de lectura\" \/>\n\t<meta name=\"twitter:data1\" content=\"1 minut\" \/>\n<script type=\"application\/ld+json\" class=\"yoast-schema-graph\">{\"@context\":\"https:\\\/\\\/schema.org\",\"@graph\":[{\"@type\":\"WebPage\",\"@id\":\"https:\\\/\\\/www.cpl.es\\\/producto\\\/la-sagrada-familia-de-barcelona-quan-les-pedres-criden-9788498057409\\\/\",\"url\":\"https:\\\/\\\/www.cpl.es\\\/producto\\\/la-sagrada-familia-de-barcelona-quan-les-pedres-criden-9788498057409\\\/\",\"name\":\"La Sagrada Fam\u00edlia de Barcelona. Quan les pedres criden - CPL\",\"isPartOf\":{\"@id\":\"https:\\\/\\\/www.cpl.es\\\/#website\"},\"primaryImageOfPage\":{\"@id\":\"https:\\\/\\\/www.cpl.es\\\/producto\\\/la-sagrada-familia-de-barcelona-quan-les-pedres-criden-9788498057409\\\/#primaryimage\"},\"image\":{\"@id\":\"https:\\\/\\\/www.cpl.es\\\/producto\\\/la-sagrada-familia-de-barcelona-quan-les-pedres-criden-9788498057409\\\/#primaryimage\"},\"thumbnailUrl\":\"https:\\\/\\\/www.cpl.es\\\/wp-content\\\/uploads\\\/208118.jpg\",\"datePublished\":\"2023-10-03T23:38:58+00:00\",\"dateModified\":\"2023-10-03T23:39:01+00:00\",\"breadcrumb\":{\"@id\":\"https:\\\/\\\/www.cpl.es\\\/producto\\\/la-sagrada-familia-de-barcelona-quan-les-pedres-criden-9788498057409\\\/#breadcrumb\"},\"inLanguage\":\"ca\",\"potentialAction\":[{\"@type\":\"ReadAction\",\"target\":[\"https:\\\/\\\/www.cpl.es\\\/producto\\\/la-sagrada-familia-de-barcelona-quan-les-pedres-criden-9788498057409\\\/\"]}]},{\"@type\":\"ImageObject\",\"inLanguage\":\"ca\",\"@id\":\"https:\\\/\\\/www.cpl.es\\\/producto\\\/la-sagrada-familia-de-barcelona-quan-les-pedres-criden-9788498057409\\\/#primaryimage\",\"url\":\"https:\\\/\\\/www.cpl.es\\\/wp-content\\\/uploads\\\/208118.jpg\",\"contentUrl\":\"https:\\\/\\\/www.cpl.es\\\/wp-content\\\/uploads\\\/208118.jpg\",\"width\":250,\"height\":396,\"caption\":\"208118.jpg\"},{\"@type\":\"BreadcrumbList\",\"@id\":\"https:\\\/\\\/www.cpl.es\\\/producto\\\/la-sagrada-familia-de-barcelona-quan-les-pedres-criden-9788498057409\\\/#breadcrumb\",\"itemListElement\":[{\"@type\":\"ListItem\",\"position\":1,\"name\":\"Portada\",\"item\":\"https:\\\/\\\/www.cpl.es\\\/ca\\\/\"},{\"@type\":\"ListItem\",\"position\":2,\"name\":\"Cat\u00e0leg\",\"item\":\"https:\\\/\\\/www.cpl.es\\\/ca\\\/cataleg\\\/\"},{\"@type\":\"ListItem\",\"position\":3,\"name\":\"La Sagrada Fam\u00edlia de Barcelona. Quan les pedres criden\"}]},{\"@type\":\"WebSite\",\"@id\":\"https:\\\/\\\/www.cpl.es\\\/#website\",\"url\":\"https:\\\/\\\/www.cpl.es\\\/\",\"name\":\"CPL\",\"description\":\"Centre de Pastoral Lit\u00fargica de Barcelona\",\"publisher\":{\"@id\":\"https:\\\/\\\/www.cpl.es\\\/#organization\"},\"alternateName\":\"Centre de Pastoral Lit\u00fargica\",\"potentialAction\":[{\"@type\":\"SearchAction\",\"target\":{\"@type\":\"EntryPoint\",\"urlTemplate\":\"https:\\\/\\\/www.cpl.es\\\/?s={search_term_string}\"},\"query-input\":{\"@type\":\"PropertyValueSpecification\",\"valueRequired\":true,\"valueName\":\"search_term_string\"}}],\"inLanguage\":\"ca\"},{\"@type\":\"Organization\",\"@id\":\"https:\\\/\\\/www.cpl.es\\\/#organization\",\"name\":\"Centre de Pastoral Lit\u00fargica\",\"alternateName\":\"Centre de Pastoral Lit\u00fargica de Barcelona\",\"url\":\"https:\\\/\\\/www.cpl.es\\\/\",\"logo\":{\"@type\":\"ImageObject\",\"inLanguage\":\"ca\",\"@id\":\"https:\\\/\\\/www.cpl.es\\\/#\\\/schema\\\/logo\\\/image\\\/\",\"url\":\"https:\\\/\\\/www.cpl.es\\\/wp-content\\\/uploads\\\/logo-cpl.svg\",\"contentUrl\":\"https:\\\/\\\/www.cpl.es\\\/wp-content\\\/uploads\\\/logo-cpl.svg\",\"caption\":\"Centre de Pastoral Lit\u00fargica\"},\"image\":{\"@id\":\"https:\\\/\\\/www.cpl.es\\\/#\\\/schema\\\/logo\\\/image\\\/\"}}]}<\/script>\n<!-- \/ Yoast SEO plugin. -->","yoast_head_json":{"title":"La Sagrada Fam\u00edlia de Barcelona. Quan les pedres criden - CPL","robots":{"index":"index","follow":"follow","max-snippet":"max-snippet:-1","max-image-preview":"max-image-preview:large","max-video-preview":"max-video-preview:-1"},"canonical":"https:\/\/www.cpl.es\/producto\/la-sagrada-familia-de-barcelona-quan-les-pedres-criden-9788498057409\/","og_locale":"ca_ES","og_type":"article","og_title":"La Sagrada Fam\u00edlia de Barcelona. Quan les pedres criden - CPL","og_description":"Puigdollers Noblom, Rodolf","og_url":"https:\/\/www.cpl.es\/producto\/la-sagrada-familia-de-barcelona-quan-les-pedres-criden-9788498057409\/","og_site_name":"CPL","article_modified_time":"2023-10-03T23:39:01+00:00","og_image":[{"width":250,"height":396,"url":"https:\/\/www.cpl.es\/wp-content\/uploads\/208118.jpg","type":"image\/jpeg"}],"twitter_card":"summary_large_image","twitter_misc":{"Temps estimat de lectura":"1 minut"},"schema":{"@context":"https:\/\/schema.org","@graph":[{"@type":"WebPage","@id":"https:\/\/www.cpl.es\/producto\/la-sagrada-familia-de-barcelona-quan-les-pedres-criden-9788498057409\/","url":"https:\/\/www.cpl.es\/producto\/la-sagrada-familia-de-barcelona-quan-les-pedres-criden-9788498057409\/","name":"La Sagrada Fam\u00edlia de Barcelona. Quan les pedres criden - CPL","isPartOf":{"@id":"https:\/\/www.cpl.es\/#website"},"primaryImageOfPage":{"@id":"https:\/\/www.cpl.es\/producto\/la-sagrada-familia-de-barcelona-quan-les-pedres-criden-9788498057409\/#primaryimage"},"image":{"@id":"https:\/\/www.cpl.es\/producto\/la-sagrada-familia-de-barcelona-quan-les-pedres-criden-9788498057409\/#primaryimage"},"thumbnailUrl":"https:\/\/www.cpl.es\/wp-content\/uploads\/208118.jpg","datePublished":"2023-10-03T23:38:58+00:00","dateModified":"2023-10-03T23:39:01+00:00","breadcrumb":{"@id":"https:\/\/www.cpl.es\/producto\/la-sagrada-familia-de-barcelona-quan-les-pedres-criden-9788498057409\/#breadcrumb"},"inLanguage":"ca","potentialAction":[{"@type":"ReadAction","target":["https:\/\/www.cpl.es\/producto\/la-sagrada-familia-de-barcelona-quan-les-pedres-criden-9788498057409\/"]}]},{"@type":"ImageObject","inLanguage":"ca","@id":"https:\/\/www.cpl.es\/producto\/la-sagrada-familia-de-barcelona-quan-les-pedres-criden-9788498057409\/#primaryimage","url":"https:\/\/www.cpl.es\/wp-content\/uploads\/208118.jpg","contentUrl":"https:\/\/www.cpl.es\/wp-content\/uploads\/208118.jpg","width":250,"height":396,"caption":"208118.jpg"},{"@type":"BreadcrumbList","@id":"https:\/\/www.cpl.es\/producto\/la-sagrada-familia-de-barcelona-quan-les-pedres-criden-9788498057409\/#breadcrumb","itemListElement":[{"@type":"ListItem","position":1,"name":"Portada","item":"https:\/\/www.cpl.es\/ca\/"},{"@type":"ListItem","position":2,"name":"Cat\u00e0leg","item":"https:\/\/www.cpl.es\/ca\/cataleg\/"},{"@type":"ListItem","position":3,"name":"La Sagrada Fam\u00edlia de Barcelona. Quan les pedres criden"}]},{"@type":"WebSite","@id":"https:\/\/www.cpl.es\/#website","url":"https:\/\/www.cpl.es\/","name":"CPL","description":"Centre de Pastoral Lit\u00fargica de Barcelona","publisher":{"@id":"https:\/\/www.cpl.es\/#organization"},"alternateName":"Centre de Pastoral Lit\u00fargica","potentialAction":[{"@type":"SearchAction","target":{"@type":"EntryPoint","urlTemplate":"https:\/\/www.cpl.es\/?s={search_term_string}"},"query-input":{"@type":"PropertyValueSpecification","valueRequired":true,"valueName":"search_term_string"}}],"inLanguage":"ca"},{"@type":"Organization","@id":"https:\/\/www.cpl.es\/#organization","name":"Centre de Pastoral Lit\u00fargica","alternateName":"Centre de Pastoral Lit\u00fargica de Barcelona","url":"https:\/\/www.cpl.es\/","logo":{"@type":"ImageObject","inLanguage":"ca","@id":"https:\/\/www.cpl.es\/#\/schema\/logo\/image\/","url":"https:\/\/www.cpl.es\/wp-content\/uploads\/logo-cpl.svg","contentUrl":"https:\/\/www.cpl.es\/wp-content\/uploads\/logo-cpl.svg","caption":"Centre de Pastoral Lit\u00fargica"},"image":{"@id":"https:\/\/www.cpl.es\/#\/schema\/logo\/image\/"}}]}},"_links":{"self":[{"href":"https:\/\/www.cpl.es\/ca\/wp-json\/wp\/v2\/product\/2344","targetHints":{"allow":["GET"]}}],"collection":[{"href":"https:\/\/www.cpl.es\/ca\/wp-json\/wp\/v2\/product"}],"about":[{"href":"https:\/\/www.cpl.es\/ca\/wp-json\/wp\/v2\/types\/product"}],"wp:featuredmedia":[{"embeddable":true,"href":"https:\/\/www.cpl.es\/ca\/wp-json\/wp\/v2\/media\/2345"}],"wp:attachment":[{"href":"https:\/\/www.cpl.es\/ca\/wp-json\/wp\/v2\/media?parent=2344"}],"wp:term":[{"taxonomy":"product_brand","embeddable":true,"href":"https:\/\/www.cpl.es\/ca\/wp-json\/wp\/v2\/product_brand?post=2344"},{"taxonomy":"product_cat","embeddable":true,"href":"https:\/\/www.cpl.es\/ca\/wp-json\/wp\/v2\/product_cat?post=2344"},{"taxonomy":"product_tag","embeddable":true,"href":"https:\/\/www.cpl.es\/ca\/wp-json\/wp\/v2\/product_tag?post=2344"}],"curies":[{"name":"wp","href":"https:\/\/api.w.org\/{rel}","templated":true}]}}