{"id":2341,"date":"2023-10-04T01:38:51","date_gmt":"2023-10-03T23:38:51","guid":{"rendered":"https:\/\/nuevaweb.cpl.es\/producto\/lart-dacompanyar-des-de-lexperiencia-de-la-joc-9788498057447\/"},"modified":"2026-02-12T17:53:42","modified_gmt":"2026-02-12T16:53:42","slug":"lart-dacompanyar-des-de-lexperiencia-de-la-joc-9788498057447","status":"publish","type":"product","link":"https:\/\/www.cpl.es\/ca\/producto\/lart-dacompanyar-des-de-lexperiencia-de-la-joc-9788498057447\/","title":{"rendered":"L&#8217;art d&#8217;acompanyar, des de l&#8217;experi\u00e8ncia de la JOC"},"content":{"rendered":"<p>En els moviments juvenils evangelitzadors com \u00e9s ara la JOC (Joventut Obrera Cristiana), que pretenen ser pres\u00e8ncia creient en els diversos \u00e0mbits socials, una tasca important \u00e9s la d\u2019acompanyar joves en la recerca de camins per tirar endavant la pr\u00f2pia vida seguint la guia de l\u2019Evangeli i descobrint Jesucrist present en aquesta recerca.<br \/>La reflexi\u00f3 sobre aquesta tasca, tant sobre el seu sentit com sobre la manera de dur-la a terme, \u00e9s el que trobarem en aquest llibre, escrit a partir de l\u2019experi\u00e8ncia viscuda i elaborada a l\u2019interior de la JOC catalanobalear, com un oferiment per a tothom que vulgui aprofundir en aquest estil pastoral.<\/p>\n<p>Emili\u00e0 Almod\u00f3var Molina (Villarta de San Juan, Ciudad Real, 1957), va venir a Cornell\u00e0 de Llobregat amb els seus pares quan tenia 5 anys. Ordenat prevere de Barcelona l\u2019any 1984, ha estat capell\u00e0 obrer i ha treballat en entitats d\u2019economia social i tamb\u00e9 com a educador social. Pastoralment est\u00e0 dedicat a parr\u00f2quies de barris populars i moviments de pastoral obrera. \u00c9s membre de l\u2019associaci\u00f3 de preveres del Prad\u00f3.<\/p>\n","protected":false},"excerpt":{"rendered":"<p>Almod\u00f3var Molina, Emiliano<\/p>\n","protected":false},"featured_media":2342,"template":"","meta":{"_acf_changed":false,"inline_featured_image":false},"product_brand":[],"product_cat":[73],"product_tag":[],"class_list":{"0":"post-2341","1":"product","2":"type-product","3":"status-publish","4":"has-post-thumbnail","6":"product_cat-emaus-colleccions-catala","8":"first","9":"instock","10":"taxable","11":"shipping-taxable","12":"purchasable","13":"product-type-simple"},"acf":{"autor":"Almod\u00f3var Molina, Emiliano","codart":"208120","ediciones":"1","encuadernacion":"R\u00fastica","fecha_de_publicacion":"21\/10\/2014","novedad":false,"paginas":"148","subtitulo":"","orden":"42","portada":false,"idioma":"cat","editorial":[{"ID":6736,"post_author":"2","post_date":"2023-10-06 08:35:24","post_date_gmt":"2023-10-06 06:35:24","post_content":"","post_title":"CPL","post_excerpt":"","post_status":"publish","comment_status":"closed","ping_status":"closed","post_password":"","post_name":"cpl","to_ping":"","pinged":"","post_modified":"2023-10-06 08:35:24","post_modified_gmt":"2023-10-06 06:35:24","post_content_filtered":"","post_parent":0,"guid":"https:\/\/nuevaweb.cpl.es\/editorial\/cpl\/","menu_order":0,"post_type":"editorial","post_mime_type":"","comment_count":"0","filter":"raw"}],"coleccion_num":"120"},"yoast_head":"<!-- This site is optimized with the Yoast SEO plugin v27.3 - https:\/\/yoast.com\/product\/yoast-seo-wordpress\/ -->\n<title>L&#039;art d&#039;acompanyar, des de l&#039;experi\u00e8ncia de la JOC - CPL<\/title>\n<meta name=\"robots\" content=\"index, follow, max-snippet:-1, max-image-preview:large, max-video-preview:-1\" \/>\n<link rel=\"canonical\" href=\"https:\/\/www.cpl.es\/producto\/lart-dacompanyar-des-de-lexperiencia-de-la-joc-9788498057447\/\" \/>\n<meta property=\"og:locale\" content=\"ca_ES\" \/>\n<meta property=\"og:type\" content=\"article\" \/>\n<meta property=\"og:title\" content=\"L&#039;art d&#039;acompanyar, des de l&#039;experi\u00e8ncia de la JOC - CPL\" \/>\n<meta property=\"og:description\" content=\"Almod\u00f3var Molina, Emiliano\" \/>\n<meta property=\"og:url\" content=\"https:\/\/www.cpl.es\/producto\/lart-dacompanyar-des-de-lexperiencia-de-la-joc-9788498057447\/\" \/>\n<meta property=\"og:site_name\" content=\"CPL\" \/>\n<meta property=\"article:modified_time\" content=\"2026-02-12T16:53:42+00:00\" \/>\n<meta property=\"og:image\" content=\"https:\/\/www.cpl.es\/wp-content\/uploads\/208120.jpg\" \/>\n\t<meta property=\"og:image:width\" content=\"250\" \/>\n\t<meta property=\"og:image:height\" content=\"396\" \/>\n\t<meta property=\"og:image:type\" content=\"image\/jpeg\" \/>\n<meta name=\"twitter:card\" content=\"summary_large_image\" \/>\n<meta name=\"twitter:label1\" content=\"Temps estimat de lectura\" \/>\n\t<meta name=\"twitter:data1\" content=\"1 minut\" \/>\n<script type=\"application\/ld+json\" class=\"yoast-schema-graph\">{\"@context\":\"https:\\\/\\\/schema.org\",\"@graph\":[{\"@type\":\"WebPage\",\"@id\":\"https:\\\/\\\/www.cpl.es\\\/producto\\\/lart-dacompanyar-des-de-lexperiencia-de-la-joc-9788498057447\\\/\",\"url\":\"https:\\\/\\\/www.cpl.es\\\/producto\\\/lart-dacompanyar-des-de-lexperiencia-de-la-joc-9788498057447\\\/\",\"name\":\"L'art d'acompanyar, des de l'experi\u00e8ncia de la JOC - CPL\",\"isPartOf\":{\"@id\":\"https:\\\/\\\/www.cpl.es\\\/#website\"},\"primaryImageOfPage\":{\"@id\":\"https:\\\/\\\/www.cpl.es\\\/producto\\\/lart-dacompanyar-des-de-lexperiencia-de-la-joc-9788498057447\\\/#primaryimage\"},\"image\":{\"@id\":\"https:\\\/\\\/www.cpl.es\\\/producto\\\/lart-dacompanyar-des-de-lexperiencia-de-la-joc-9788498057447\\\/#primaryimage\"},\"thumbnailUrl\":\"https:\\\/\\\/www.cpl.es\\\/wp-content\\\/uploads\\\/208120.jpg\",\"datePublished\":\"2023-10-03T23:38:51+00:00\",\"dateModified\":\"2026-02-12T16:53:42+00:00\",\"breadcrumb\":{\"@id\":\"https:\\\/\\\/www.cpl.es\\\/producto\\\/lart-dacompanyar-des-de-lexperiencia-de-la-joc-9788498057447\\\/#breadcrumb\"},\"inLanguage\":\"ca\",\"potentialAction\":[{\"@type\":\"ReadAction\",\"target\":[\"https:\\\/\\\/www.cpl.es\\\/producto\\\/lart-dacompanyar-des-de-lexperiencia-de-la-joc-9788498057447\\\/\"]}]},{\"@type\":\"ImageObject\",\"inLanguage\":\"ca\",\"@id\":\"https:\\\/\\\/www.cpl.es\\\/producto\\\/lart-dacompanyar-des-de-lexperiencia-de-la-joc-9788498057447\\\/#primaryimage\",\"url\":\"https:\\\/\\\/www.cpl.es\\\/wp-content\\\/uploads\\\/208120.jpg\",\"contentUrl\":\"https:\\\/\\\/www.cpl.es\\\/wp-content\\\/uploads\\\/208120.jpg\",\"width\":250,\"height\":396,\"caption\":\"208120.jpg\"},{\"@type\":\"BreadcrumbList\",\"@id\":\"https:\\\/\\\/www.cpl.es\\\/producto\\\/lart-dacompanyar-des-de-lexperiencia-de-la-joc-9788498057447\\\/#breadcrumb\",\"itemListElement\":[{\"@type\":\"ListItem\",\"position\":1,\"name\":\"Portada\",\"item\":\"https:\\\/\\\/www.cpl.es\\\/ca\\\/\"},{\"@type\":\"ListItem\",\"position\":2,\"name\":\"Cat\u00e0leg\",\"item\":\"https:\\\/\\\/www.cpl.es\\\/ca\\\/cataleg\\\/\"},{\"@type\":\"ListItem\",\"position\":3,\"name\":\"L&#8217;art d&#8217;acompanyar, des de l&#8217;experi\u00e8ncia de la JOC\"}]},{\"@type\":\"WebSite\",\"@id\":\"https:\\\/\\\/www.cpl.es\\\/#website\",\"url\":\"https:\\\/\\\/www.cpl.es\\\/\",\"name\":\"CPL\",\"description\":\"Centre de Pastoral Lit\u00fargica de Barcelona\",\"publisher\":{\"@id\":\"https:\\\/\\\/www.cpl.es\\\/#organization\"},\"alternateName\":\"Centre de Pastoral Lit\u00fargica\",\"potentialAction\":[{\"@type\":\"SearchAction\",\"target\":{\"@type\":\"EntryPoint\",\"urlTemplate\":\"https:\\\/\\\/www.cpl.es\\\/?s={search_term_string}\"},\"query-input\":{\"@type\":\"PropertyValueSpecification\",\"valueRequired\":true,\"valueName\":\"search_term_string\"}}],\"inLanguage\":\"ca\"},{\"@type\":\"Organization\",\"@id\":\"https:\\\/\\\/www.cpl.es\\\/#organization\",\"name\":\"Centre de Pastoral Lit\u00fargica\",\"alternateName\":\"Centre de Pastoral Lit\u00fargica de Barcelona\",\"url\":\"https:\\\/\\\/www.cpl.es\\\/\",\"logo\":{\"@type\":\"ImageObject\",\"inLanguage\":\"ca\",\"@id\":\"https:\\\/\\\/www.cpl.es\\\/#\\\/schema\\\/logo\\\/image\\\/\",\"url\":\"https:\\\/\\\/www.cpl.es\\\/wp-content\\\/uploads\\\/logo-cpl.svg\",\"contentUrl\":\"https:\\\/\\\/www.cpl.es\\\/wp-content\\\/uploads\\\/logo-cpl.svg\",\"caption\":\"Centre de Pastoral Lit\u00fargica\"},\"image\":{\"@id\":\"https:\\\/\\\/www.cpl.es\\\/#\\\/schema\\\/logo\\\/image\\\/\"}}]}<\/script>\n<!-- \/ Yoast SEO plugin. -->","yoast_head_json":{"title":"L'art d'acompanyar, des de l'experi\u00e8ncia de la JOC - CPL","robots":{"index":"index","follow":"follow","max-snippet":"max-snippet:-1","max-image-preview":"max-image-preview:large","max-video-preview":"max-video-preview:-1"},"canonical":"https:\/\/www.cpl.es\/producto\/lart-dacompanyar-des-de-lexperiencia-de-la-joc-9788498057447\/","og_locale":"ca_ES","og_type":"article","og_title":"L'art d'acompanyar, des de l'experi\u00e8ncia de la JOC - CPL","og_description":"Almod\u00f3var Molina, Emiliano","og_url":"https:\/\/www.cpl.es\/producto\/lart-dacompanyar-des-de-lexperiencia-de-la-joc-9788498057447\/","og_site_name":"CPL","article_modified_time":"2026-02-12T16:53:42+00:00","og_image":[{"width":250,"height":396,"url":"https:\/\/www.cpl.es\/wp-content\/uploads\/208120.jpg","type":"image\/jpeg"}],"twitter_card":"summary_large_image","twitter_misc":{"Temps estimat de lectura":"1 minut"},"schema":{"@context":"https:\/\/schema.org","@graph":[{"@type":"WebPage","@id":"https:\/\/www.cpl.es\/producto\/lart-dacompanyar-des-de-lexperiencia-de-la-joc-9788498057447\/","url":"https:\/\/www.cpl.es\/producto\/lart-dacompanyar-des-de-lexperiencia-de-la-joc-9788498057447\/","name":"L'art d'acompanyar, des de l'experi\u00e8ncia de la JOC - CPL","isPartOf":{"@id":"https:\/\/www.cpl.es\/#website"},"primaryImageOfPage":{"@id":"https:\/\/www.cpl.es\/producto\/lart-dacompanyar-des-de-lexperiencia-de-la-joc-9788498057447\/#primaryimage"},"image":{"@id":"https:\/\/www.cpl.es\/producto\/lart-dacompanyar-des-de-lexperiencia-de-la-joc-9788498057447\/#primaryimage"},"thumbnailUrl":"https:\/\/www.cpl.es\/wp-content\/uploads\/208120.jpg","datePublished":"2023-10-03T23:38:51+00:00","dateModified":"2026-02-12T16:53:42+00:00","breadcrumb":{"@id":"https:\/\/www.cpl.es\/producto\/lart-dacompanyar-des-de-lexperiencia-de-la-joc-9788498057447\/#breadcrumb"},"inLanguage":"ca","potentialAction":[{"@type":"ReadAction","target":["https:\/\/www.cpl.es\/producto\/lart-dacompanyar-des-de-lexperiencia-de-la-joc-9788498057447\/"]}]},{"@type":"ImageObject","inLanguage":"ca","@id":"https:\/\/www.cpl.es\/producto\/lart-dacompanyar-des-de-lexperiencia-de-la-joc-9788498057447\/#primaryimage","url":"https:\/\/www.cpl.es\/wp-content\/uploads\/208120.jpg","contentUrl":"https:\/\/www.cpl.es\/wp-content\/uploads\/208120.jpg","width":250,"height":396,"caption":"208120.jpg"},{"@type":"BreadcrumbList","@id":"https:\/\/www.cpl.es\/producto\/lart-dacompanyar-des-de-lexperiencia-de-la-joc-9788498057447\/#breadcrumb","itemListElement":[{"@type":"ListItem","position":1,"name":"Portada","item":"https:\/\/www.cpl.es\/ca\/"},{"@type":"ListItem","position":2,"name":"Cat\u00e0leg","item":"https:\/\/www.cpl.es\/ca\/cataleg\/"},{"@type":"ListItem","position":3,"name":"L&#8217;art d&#8217;acompanyar, des de l&#8217;experi\u00e8ncia de la JOC"}]},{"@type":"WebSite","@id":"https:\/\/www.cpl.es\/#website","url":"https:\/\/www.cpl.es\/","name":"CPL","description":"Centre de Pastoral Lit\u00fargica de Barcelona","publisher":{"@id":"https:\/\/www.cpl.es\/#organization"},"alternateName":"Centre de Pastoral Lit\u00fargica","potentialAction":[{"@type":"SearchAction","target":{"@type":"EntryPoint","urlTemplate":"https:\/\/www.cpl.es\/?s={search_term_string}"},"query-input":{"@type":"PropertyValueSpecification","valueRequired":true,"valueName":"search_term_string"}}],"inLanguage":"ca"},{"@type":"Organization","@id":"https:\/\/www.cpl.es\/#organization","name":"Centre de Pastoral Lit\u00fargica","alternateName":"Centre de Pastoral Lit\u00fargica de Barcelona","url":"https:\/\/www.cpl.es\/","logo":{"@type":"ImageObject","inLanguage":"ca","@id":"https:\/\/www.cpl.es\/#\/schema\/logo\/image\/","url":"https:\/\/www.cpl.es\/wp-content\/uploads\/logo-cpl.svg","contentUrl":"https:\/\/www.cpl.es\/wp-content\/uploads\/logo-cpl.svg","caption":"Centre de Pastoral Lit\u00fargica"},"image":{"@id":"https:\/\/www.cpl.es\/#\/schema\/logo\/image\/"}}]}},"_links":{"self":[{"href":"https:\/\/www.cpl.es\/ca\/wp-json\/wp\/v2\/product\/2341","targetHints":{"allow":["GET"]}}],"collection":[{"href":"https:\/\/www.cpl.es\/ca\/wp-json\/wp\/v2\/product"}],"about":[{"href":"https:\/\/www.cpl.es\/ca\/wp-json\/wp\/v2\/types\/product"}],"wp:featuredmedia":[{"embeddable":true,"href":"https:\/\/www.cpl.es\/ca\/wp-json\/wp\/v2\/media\/2342"}],"wp:attachment":[{"href":"https:\/\/www.cpl.es\/ca\/wp-json\/wp\/v2\/media?parent=2341"}],"wp:term":[{"taxonomy":"product_brand","embeddable":true,"href":"https:\/\/www.cpl.es\/ca\/wp-json\/wp\/v2\/product_brand?post=2341"},{"taxonomy":"product_cat","embeddable":true,"href":"https:\/\/www.cpl.es\/ca\/wp-json\/wp\/v2\/product_cat?post=2341"},{"taxonomy":"product_tag","embeddable":true,"href":"https:\/\/www.cpl.es\/ca\/wp-json\/wp\/v2\/product_tag?post=2341"}],"curies":[{"name":"wp","href":"https:\/\/api.w.org\/{rel}","templated":true}]}}