{"id":2316,"date":"2023-10-04T01:38:08","date_gmt":"2023-10-03T23:38:08","guid":{"rendered":"https:\/\/nuevaweb.cpl.es\/producto\/la-biblia-dia-a-dia-9788498057614\/"},"modified":"2023-10-04T01:38:11","modified_gmt":"2023-10-03T23:38:11","slug":"la-biblia-dia-a-dia-9788498057614","status":"publish","type":"product","link":"https:\/\/www.cpl.es\/ca\/producto\/la-biblia-dia-a-dia-9788498057614\/","title":{"rendered":"La B\u00edblia dia a dia"},"content":{"rendered":"<p>La Lit\u00fargia de les Hores ofereix dues possibilitats respecte a les lectures b\u00edbliques de l\u2019Ofici de Lectura: el cicle anual i el cicle biennal. En els nostres llibres oficials, per raons pr\u00e0ctiques, s\u2019ha optat per fer servir el cicle anual, que t\u00e9 l\u2019inconvenient que, fet i fet, fa que nom\u00e9s es llegeixi la meitat del text b\u00edblic, mentre que si s\u2019hagu\u00e9s optat pel biennal, el creient que resa l\u2019Ofici de Lectura tindria a l\u2019abast, al llarg de dos anys, una lectura molt m\u00e9s completa de l\u2019Escriptura. Tenint en compte aquest fet, des de l\u2019Associaci\u00f3 B\u00edblica de Catalunya es va fer l\u2019esfor\u00e7. ja fa anys, d\u2019oferir uns comentaris del cicle biennal amb un llenguatge entenedor i que ajudi a pregar, partint, aix\u00f2 s\u00ed, d\u2019un coneixement aprofundit del sentit dels textos b\u00edblics. Per a cada un dels dies, doncs, s\u2019oferia la citaci\u00f3 b\u00edblica corresponent del text segons el cicle biennal, i a continuaci\u00f3 el comentari corresponent. Ara, amb la reedici\u00f3 d\u2019aquest llibre, el Centre de Pastoral Lit\u00fargica i l\u2019Associaci\u00f3 B\u00edblica de Catalunya tornen a posar a l\u2019abast del poble cristi\u00e0 aquest valu\u00f3s material.<\/p>\n","protected":false},"excerpt":{"rendered":"<p>Associaci\u00f3 B\u00edblica de Catalunya; Centre de Pastoral Lit\u00fargica<\/p>\n","protected":false},"featured_media":2317,"template":"","meta":{"_acf_changed":false,"inline_featured_image":false},"product_brand":[],"product_cat":[90],"product_tag":[],"class_list":{"0":"post-2316","1":"product","2":"type-product","3":"status-publish","4":"has-post-thumbnail","6":"product_cat-liturgia-y-espiritualidad","8":"first","9":"instock","10":"taxable","11":"shipping-taxable","12":"purchasable","13":"product-type-simple"},"acf":{"autor":"Associaci\u00f3 B\u00edblica de Catalunya; Centre de Pastoral Lit\u00fargica","codart":"233005","ediciones":"1","encuadernacion":"R\u00fastica","fecha_de_publicacion":"15\/12\/2014","novedad":false,"paginas":"984","subtitulo":"Comentari exeg\u00e8tic als textos b\u00edblics de l\u2019Ofici de Lectura del cicle biennal","orden":"999","portada":false,"idioma":"cat","editorial":[{"ID":6736,"post_author":"2","post_date":"2023-10-06 08:35:24","post_date_gmt":"2023-10-06 06:35:24","post_content":"","post_title":"CPL","post_excerpt":"","post_status":"publish","comment_status":"closed","ping_status":"closed","post_password":"","post_name":"cpl","to_ping":"","pinged":"","post_modified":"2023-10-06 08:35:24","post_modified_gmt":"2023-10-06 06:35:24","post_content_filtered":"","post_parent":0,"guid":"https:\/\/nuevaweb.cpl.es\/editorial\/cpl\/","menu_order":0,"post_type":"editorial","post_mime_type":"","comment_count":"0","filter":"raw"}]},"yoast_head":"<!-- This site is optimized with the Yoast SEO plugin v27.3 - https:\/\/yoast.com\/product\/yoast-seo-wordpress\/ -->\n<title>La B\u00edblia dia a dia - CPL<\/title>\n<meta name=\"robots\" content=\"index, follow, max-snippet:-1, max-image-preview:large, max-video-preview:-1\" \/>\n<link rel=\"canonical\" href=\"https:\/\/www.cpl.es\/producto\/la-biblia-dia-a-dia-9788498057614\/\" \/>\n<meta property=\"og:locale\" content=\"ca_ES\" \/>\n<meta property=\"og:type\" content=\"article\" \/>\n<meta property=\"og:title\" content=\"La B\u00edblia dia a dia - CPL\" \/>\n<meta property=\"og:description\" content=\"Associaci\u00f3 B\u00edblica de Catalunya; Centre de Pastoral Lit\u00fargica\" \/>\n<meta property=\"og:url\" content=\"https:\/\/www.cpl.es\/producto\/la-biblia-dia-a-dia-9788498057614\/\" \/>\n<meta property=\"og:site_name\" content=\"CPL\" \/>\n<meta property=\"article:modified_time\" content=\"2023-10-03T23:38:11+00:00\" \/>\n<meta property=\"og:image\" content=\"https:\/\/www.cpl.es\/wp-content\/uploads\/233005.jpg\" \/>\n\t<meta property=\"og:image:width\" content=\"280\" \/>\n\t<meta property=\"og:image:height\" content=\"419\" \/>\n\t<meta property=\"og:image:type\" content=\"image\/jpeg\" \/>\n<meta name=\"twitter:card\" content=\"summary_large_image\" \/>\n<meta name=\"twitter:label1\" content=\"Temps estimat de lectura\" \/>\n\t<meta name=\"twitter:data1\" content=\"1 minut\" \/>\n<script type=\"application\/ld+json\" class=\"yoast-schema-graph\">{\"@context\":\"https:\\\/\\\/schema.org\",\"@graph\":[{\"@type\":\"WebPage\",\"@id\":\"https:\\\/\\\/www.cpl.es\\\/producto\\\/la-biblia-dia-a-dia-9788498057614\\\/\",\"url\":\"https:\\\/\\\/www.cpl.es\\\/producto\\\/la-biblia-dia-a-dia-9788498057614\\\/\",\"name\":\"La B\u00edblia dia a dia - CPL\",\"isPartOf\":{\"@id\":\"https:\\\/\\\/www.cpl.es\\\/#website\"},\"primaryImageOfPage\":{\"@id\":\"https:\\\/\\\/www.cpl.es\\\/producto\\\/la-biblia-dia-a-dia-9788498057614\\\/#primaryimage\"},\"image\":{\"@id\":\"https:\\\/\\\/www.cpl.es\\\/producto\\\/la-biblia-dia-a-dia-9788498057614\\\/#primaryimage\"},\"thumbnailUrl\":\"https:\\\/\\\/www.cpl.es\\\/wp-content\\\/uploads\\\/233005.jpg\",\"datePublished\":\"2023-10-03T23:38:08+00:00\",\"dateModified\":\"2023-10-03T23:38:11+00:00\",\"breadcrumb\":{\"@id\":\"https:\\\/\\\/www.cpl.es\\\/producto\\\/la-biblia-dia-a-dia-9788498057614\\\/#breadcrumb\"},\"inLanguage\":\"ca\",\"potentialAction\":[{\"@type\":\"ReadAction\",\"target\":[\"https:\\\/\\\/www.cpl.es\\\/producto\\\/la-biblia-dia-a-dia-9788498057614\\\/\"]}]},{\"@type\":\"ImageObject\",\"inLanguage\":\"ca\",\"@id\":\"https:\\\/\\\/www.cpl.es\\\/producto\\\/la-biblia-dia-a-dia-9788498057614\\\/#primaryimage\",\"url\":\"https:\\\/\\\/www.cpl.es\\\/wp-content\\\/uploads\\\/233005.jpg\",\"contentUrl\":\"https:\\\/\\\/www.cpl.es\\\/wp-content\\\/uploads\\\/233005.jpg\",\"width\":280,\"height\":419,\"caption\":\"233005.jpg\"},{\"@type\":\"BreadcrumbList\",\"@id\":\"https:\\\/\\\/www.cpl.es\\\/producto\\\/la-biblia-dia-a-dia-9788498057614\\\/#breadcrumb\",\"itemListElement\":[{\"@type\":\"ListItem\",\"position\":1,\"name\":\"Portada\",\"item\":\"https:\\\/\\\/www.cpl.es\\\/ca\\\/\"},{\"@type\":\"ListItem\",\"position\":2,\"name\":\"Cat\u00e0leg\",\"item\":\"https:\\\/\\\/www.cpl.es\\\/ca\\\/cataleg\\\/\"},{\"@type\":\"ListItem\",\"position\":3,\"name\":\"La B\u00edblia dia a dia\"}]},{\"@type\":\"WebSite\",\"@id\":\"https:\\\/\\\/www.cpl.es\\\/#website\",\"url\":\"https:\\\/\\\/www.cpl.es\\\/\",\"name\":\"CPL\",\"description\":\"Centre de Pastoral Lit\u00fargica de Barcelona\",\"publisher\":{\"@id\":\"https:\\\/\\\/www.cpl.es\\\/#organization\"},\"alternateName\":\"Centre de Pastoral Lit\u00fargica\",\"potentialAction\":[{\"@type\":\"SearchAction\",\"target\":{\"@type\":\"EntryPoint\",\"urlTemplate\":\"https:\\\/\\\/www.cpl.es\\\/?s={search_term_string}\"},\"query-input\":{\"@type\":\"PropertyValueSpecification\",\"valueRequired\":true,\"valueName\":\"search_term_string\"}}],\"inLanguage\":\"ca\"},{\"@type\":\"Organization\",\"@id\":\"https:\\\/\\\/www.cpl.es\\\/#organization\",\"name\":\"Centre de Pastoral Lit\u00fargica\",\"alternateName\":\"Centre de Pastoral Lit\u00fargica de Barcelona\",\"url\":\"https:\\\/\\\/www.cpl.es\\\/\",\"logo\":{\"@type\":\"ImageObject\",\"inLanguage\":\"ca\",\"@id\":\"https:\\\/\\\/www.cpl.es\\\/#\\\/schema\\\/logo\\\/image\\\/\",\"url\":\"https:\\\/\\\/www.cpl.es\\\/wp-content\\\/uploads\\\/logo-cpl.svg\",\"contentUrl\":\"https:\\\/\\\/www.cpl.es\\\/wp-content\\\/uploads\\\/logo-cpl.svg\",\"caption\":\"Centre de Pastoral Lit\u00fargica\"},\"image\":{\"@id\":\"https:\\\/\\\/www.cpl.es\\\/#\\\/schema\\\/logo\\\/image\\\/\"}}]}<\/script>\n<!-- \/ Yoast SEO plugin. -->","yoast_head_json":{"title":"La B\u00edblia dia a dia - CPL","robots":{"index":"index","follow":"follow","max-snippet":"max-snippet:-1","max-image-preview":"max-image-preview:large","max-video-preview":"max-video-preview:-1"},"canonical":"https:\/\/www.cpl.es\/producto\/la-biblia-dia-a-dia-9788498057614\/","og_locale":"ca_ES","og_type":"article","og_title":"La B\u00edblia dia a dia - CPL","og_description":"Associaci\u00f3 B\u00edblica de Catalunya; Centre de Pastoral Lit\u00fargica","og_url":"https:\/\/www.cpl.es\/producto\/la-biblia-dia-a-dia-9788498057614\/","og_site_name":"CPL","article_modified_time":"2023-10-03T23:38:11+00:00","og_image":[{"width":280,"height":419,"url":"https:\/\/www.cpl.es\/wp-content\/uploads\/233005.jpg","type":"image\/jpeg"}],"twitter_card":"summary_large_image","twitter_misc":{"Temps estimat de lectura":"1 minut"},"schema":{"@context":"https:\/\/schema.org","@graph":[{"@type":"WebPage","@id":"https:\/\/www.cpl.es\/producto\/la-biblia-dia-a-dia-9788498057614\/","url":"https:\/\/www.cpl.es\/producto\/la-biblia-dia-a-dia-9788498057614\/","name":"La B\u00edblia dia a dia - CPL","isPartOf":{"@id":"https:\/\/www.cpl.es\/#website"},"primaryImageOfPage":{"@id":"https:\/\/www.cpl.es\/producto\/la-biblia-dia-a-dia-9788498057614\/#primaryimage"},"image":{"@id":"https:\/\/www.cpl.es\/producto\/la-biblia-dia-a-dia-9788498057614\/#primaryimage"},"thumbnailUrl":"https:\/\/www.cpl.es\/wp-content\/uploads\/233005.jpg","datePublished":"2023-10-03T23:38:08+00:00","dateModified":"2023-10-03T23:38:11+00:00","breadcrumb":{"@id":"https:\/\/www.cpl.es\/producto\/la-biblia-dia-a-dia-9788498057614\/#breadcrumb"},"inLanguage":"ca","potentialAction":[{"@type":"ReadAction","target":["https:\/\/www.cpl.es\/producto\/la-biblia-dia-a-dia-9788498057614\/"]}]},{"@type":"ImageObject","inLanguage":"ca","@id":"https:\/\/www.cpl.es\/producto\/la-biblia-dia-a-dia-9788498057614\/#primaryimage","url":"https:\/\/www.cpl.es\/wp-content\/uploads\/233005.jpg","contentUrl":"https:\/\/www.cpl.es\/wp-content\/uploads\/233005.jpg","width":280,"height":419,"caption":"233005.jpg"},{"@type":"BreadcrumbList","@id":"https:\/\/www.cpl.es\/producto\/la-biblia-dia-a-dia-9788498057614\/#breadcrumb","itemListElement":[{"@type":"ListItem","position":1,"name":"Portada","item":"https:\/\/www.cpl.es\/ca\/"},{"@type":"ListItem","position":2,"name":"Cat\u00e0leg","item":"https:\/\/www.cpl.es\/ca\/cataleg\/"},{"@type":"ListItem","position":3,"name":"La B\u00edblia dia a dia"}]},{"@type":"WebSite","@id":"https:\/\/www.cpl.es\/#website","url":"https:\/\/www.cpl.es\/","name":"CPL","description":"Centre de Pastoral Lit\u00fargica de Barcelona","publisher":{"@id":"https:\/\/www.cpl.es\/#organization"},"alternateName":"Centre de Pastoral Lit\u00fargica","potentialAction":[{"@type":"SearchAction","target":{"@type":"EntryPoint","urlTemplate":"https:\/\/www.cpl.es\/?s={search_term_string}"},"query-input":{"@type":"PropertyValueSpecification","valueRequired":true,"valueName":"search_term_string"}}],"inLanguage":"ca"},{"@type":"Organization","@id":"https:\/\/www.cpl.es\/#organization","name":"Centre de Pastoral Lit\u00fargica","alternateName":"Centre de Pastoral Lit\u00fargica de Barcelona","url":"https:\/\/www.cpl.es\/","logo":{"@type":"ImageObject","inLanguage":"ca","@id":"https:\/\/www.cpl.es\/#\/schema\/logo\/image\/","url":"https:\/\/www.cpl.es\/wp-content\/uploads\/logo-cpl.svg","contentUrl":"https:\/\/www.cpl.es\/wp-content\/uploads\/logo-cpl.svg","caption":"Centre de Pastoral Lit\u00fargica"},"image":{"@id":"https:\/\/www.cpl.es\/#\/schema\/logo\/image\/"}}]}},"_links":{"self":[{"href":"https:\/\/www.cpl.es\/ca\/wp-json\/wp\/v2\/product\/2316","targetHints":{"allow":["GET"]}}],"collection":[{"href":"https:\/\/www.cpl.es\/ca\/wp-json\/wp\/v2\/product"}],"about":[{"href":"https:\/\/www.cpl.es\/ca\/wp-json\/wp\/v2\/types\/product"}],"wp:featuredmedia":[{"embeddable":true,"href":"https:\/\/www.cpl.es\/ca\/wp-json\/wp\/v2\/media\/2317"}],"wp:attachment":[{"href":"https:\/\/www.cpl.es\/ca\/wp-json\/wp\/v2\/media?parent=2316"}],"wp:term":[{"taxonomy":"product_brand","embeddable":true,"href":"https:\/\/www.cpl.es\/ca\/wp-json\/wp\/v2\/product_brand?post=2316"},{"taxonomy":"product_cat","embeddable":true,"href":"https:\/\/www.cpl.es\/ca\/wp-json\/wp\/v2\/product_cat?post=2316"},{"taxonomy":"product_tag","embeddable":true,"href":"https:\/\/www.cpl.es\/ca\/wp-json\/wp\/v2\/product_tag?post=2316"}],"curies":[{"name":"wp","href":"https:\/\/api.w.org\/{rel}","templated":true}]}}