{"id":23137,"date":"2026-01-27T08:33:18","date_gmt":"2026-01-27T07:33:18","guid":{"rendered":"https:\/\/www.cpl.es\/producto\/la-palabra-de-dios-se-ha-hecho-carne-el-evangelio-segun-juan-9788491657354\/"},"modified":"2026-01-27T08:33:21","modified_gmt":"2026-01-27T07:33:21","slug":"la-palabra-de-dios-se-ha-hecho-carne-el-evangelio-segun-juan-9788491657354","status":"publish","type":"product","link":"https:\/\/www.cpl.es\/ca\/producto\/la-palabra-de-dios-se-ha-hecho-carne-el-evangelio-segun-juan-9788491657354\/","title":{"rendered":"La Palabra de Dios se ha hecho carne. El Evangelio seg\u00fan Juan"},"content":{"rendered":"<p>Con el libro La Palabra de Dios se ha hecho carne. El Evangelio seg\u00fan Juan el autor cierra la presentaci\u00f3n de los cuatro evangelios, que empez\u00f3 con La Buena Noticia de Jes\u00fas, sobre el Evangelio seg\u00fan Marcos; El desempe\u00f1o de la esperanza, sobre el Evangelio seg\u00fan Mateo; y La obra del Esp\u00edritu en Jes\u00fas y en la Iglesia, sobre el Evangelio seg\u00fan Lucas y los Hechos de los Ap\u00f3stoles.<\/p>\n<p>El iniciador del g\u00e9nero literario de los evangelios fue Marcos, seguido despu\u00e9s en un estilo similar por Mateo y por Lucas. La obra de Juan, en cambio, sigue un estilo muy diferente, a base de narraciones llenas de simbolismo, que llama \u00abse\u00f1ales\u00bb. En ella hay que distinguir dos redacciones, de tal modo que la primera redacci\u00f3n es bastante antigua, contempor\u00e1nea del texto de Mateo, mientras que la \u00faltima redacci\u00f3n es posterior al texto de Lucas.<\/p>\n<p>Las comunidades de las que naci\u00f3 este escrito sufri\u00f3, entre la primera y \u00faltima redacci\u00f3n, de una grave crisis a causa de una interpretaci\u00f3n de tipo gn\u00f3stico, que reduc\u00eda la persona de Jes\u00fas al gran Mensajero que ayudaba a tomar conciencia de su iluminaci\u00f3n interior del creyente.<\/p>\n<p>Esta interpretaci\u00f3n dejaba a un lado la dimensi\u00f3n salvadora de la muerte y resurrecci\u00f3n de Jes\u00fas. La reacci\u00f3n de la comunidad, gracias a un personaje destacado, qued\u00f3 reflejada en la \u00faltima redacci\u00f3n, de tipo antign\u00f3stico, que hace hincapi\u00e9 en Jes\u00fas, Mes\u00edas, Hijo de Dios, como la Palabra de Dios hecha carne.<\/p>\n<p>La presente edici\u00f3n, que distingue en varios colores los dos niveles redaccionales, da una nueva luz a la lectura de este texto evang\u00e9lico bimilenario, que ha sido una luz fundamental dentro de la vivencia de las comunidades cristianas y de toda la cultura occidental.<\/p>\n<p><\/p>\n<p>Rodolfo Puigdollers Noblom (Barcelona, 1948) es escolapio, doctor en teolog\u00eda y p\u00e1rroco de las parroquias de Sant Sadurn\u00ed, de la Roca del Vall\u00e8s y de Santa Maria del Jaire, de la Torreta, en la di\u00f3cesis de Terrassa. Profesor de Nuevo Testamento en la Facultat de Teologia de Catalunya y en el Institut Superior de Ci\u00e8ncies Religioses de Vic.<\/p>\n<p>Es autor de una amplia serie de publicaciones b\u00edblicas, catequ\u00e9ticas y pastorales, algunas de las cuales han sido editadas por el Centre de Pastoral Lit\u00fargica. De publicaci\u00f3n reciente: La Buena Noticia de Jes\u00fas. El Evangelio seg\u00fan Marcos; El cumplimiento de la esperanza. El Evangelio seg\u00fan Mateo; La obra del Esp\u00edritu en Jes\u00fas y la Iglesia. Lucas: Evangelio y Hechos de los Ap\u00f3stoles.<\/p>\n","protected":false},"excerpt":{"rendered":"<p>Puigdollers Noblom, Rodolfo<\/p>\n","protected":false},"featured_media":23138,"template":"","meta":{"_acf_changed":false,"inline_featured_image":false},"product_brand":[],"product_cat":[32,33,99,100],"product_tag":[],"class_list":{"0":"post-23137","1":"product","2":"type-product","3":"status-publish","4":"has-post-thumbnail","6":"product_cat-castellano","7":"product_cat-catala","8":"product_cat-cpl-libri","9":"product_cat-cpl-libri-colleccions-catala","11":"first","12":"instock","13":"taxable","14":"shipping-taxable","15":"purchasable","16":"product-type-simple"},"acf":{"autor":"Puigdollers Noblom, Rodolfo","codart":"117067","ediciones":"1","encuadernacion":"R\u00fastica","fecha_de_publicacion":"12\/01\/2026","novedad":false,"paginas":"380","subtitulo":"","orden":"999","portada":false,"idioma":"spa","coleccion_num":"67","editorial":[{"ID":6736,"post_author":"2","post_date":"2023-10-06 08:35:24","post_date_gmt":"2023-10-06 06:35:24","post_content":"","post_title":"CPL","post_excerpt":"","post_status":"publish","comment_status":"closed","ping_status":"closed","post_password":"","post_name":"cpl","to_ping":"","pinged":"","post_modified":"2023-10-06 08:35:24","post_modified_gmt":"2023-10-06 06:35:24","post_content_filtered":"","post_parent":0,"guid":"https:\/\/nuevaweb.cpl.es\/editorial\/cpl\/","menu_order":0,"post_type":"editorial","post_mime_type":"","comment_count":"0","filter":"raw"}]},"yoast_head":"<!-- This site is optimized with the Yoast SEO plugin v27.5 - https:\/\/yoast.com\/product\/yoast-seo-wordpress\/ -->\n<title>La Palabra de Dios se ha hecho carne. El Evangelio seg\u00fan Juan - CPL<\/title>\n<meta name=\"robots\" content=\"index, follow, max-snippet:-1, max-image-preview:large, max-video-preview:-1\" \/>\n<link rel=\"canonical\" href=\"https:\/\/www.cpl.es\/producto\/la-palabra-de-dios-se-ha-hecho-carne-el-evangelio-segun-juan-9788491657354\/\" \/>\n<meta property=\"og:locale\" content=\"ca_ES\" \/>\n<meta property=\"og:type\" content=\"article\" \/>\n<meta property=\"og:title\" content=\"La Palabra de Dios se ha hecho carne. El Evangelio seg\u00fan Juan - CPL\" \/>\n<meta property=\"og:description\" content=\"Puigdollers Noblom, Rodolfo\" \/>\n<meta property=\"og:url\" content=\"https:\/\/www.cpl.es\/producto\/la-palabra-de-dios-se-ha-hecho-carne-el-evangelio-segun-juan-9788491657354\/\" \/>\n<meta property=\"og:site_name\" content=\"CPL\" \/>\n<meta property=\"article:modified_time\" content=\"2026-01-27T07:33:21+00:00\" \/>\n<meta property=\"og:image\" content=\"https:\/\/www.cpl.es\/wp-content\/uploads\/9788491657354.jpg\" \/>\n\t<meta property=\"og:image:width\" content=\"1654\" \/>\n\t<meta property=\"og:image:height\" content=\"2421\" \/>\n\t<meta property=\"og:image:type\" content=\"image\/jpeg\" \/>\n<meta name=\"twitter:card\" content=\"summary_large_image\" \/>\n<meta name=\"twitter:label1\" content=\"Temps estimat de lectura\" \/>\n\t<meta name=\"twitter:data1\" content=\"2 minuts\" \/>\n<script type=\"application\/ld+json\" class=\"yoast-schema-graph\">{\"@context\":\"https:\\\/\\\/schema.org\",\"@graph\":[{\"@type\":\"WebPage\",\"@id\":\"https:\\\/\\\/www.cpl.es\\\/producto\\\/la-palabra-de-dios-se-ha-hecho-carne-el-evangelio-segun-juan-9788491657354\\\/\",\"url\":\"https:\\\/\\\/www.cpl.es\\\/producto\\\/la-palabra-de-dios-se-ha-hecho-carne-el-evangelio-segun-juan-9788491657354\\\/\",\"name\":\"La Palabra de Dios se ha hecho carne. El Evangelio seg\u00fan Juan - CPL\",\"isPartOf\":{\"@id\":\"https:\\\/\\\/www.cpl.es\\\/#website\"},\"primaryImageOfPage\":{\"@id\":\"https:\\\/\\\/www.cpl.es\\\/producto\\\/la-palabra-de-dios-se-ha-hecho-carne-el-evangelio-segun-juan-9788491657354\\\/#primaryimage\"},\"image\":{\"@id\":\"https:\\\/\\\/www.cpl.es\\\/producto\\\/la-palabra-de-dios-se-ha-hecho-carne-el-evangelio-segun-juan-9788491657354\\\/#primaryimage\"},\"thumbnailUrl\":\"https:\\\/\\\/www.cpl.es\\\/wp-content\\\/uploads\\\/9788491657354.jpg\",\"datePublished\":\"2026-01-27T07:33:18+00:00\",\"dateModified\":\"2026-01-27T07:33:21+00:00\",\"breadcrumb\":{\"@id\":\"https:\\\/\\\/www.cpl.es\\\/producto\\\/la-palabra-de-dios-se-ha-hecho-carne-el-evangelio-segun-juan-9788491657354\\\/#breadcrumb\"},\"inLanguage\":\"ca\",\"potentialAction\":[{\"@type\":\"ReadAction\",\"target\":[\"https:\\\/\\\/www.cpl.es\\\/producto\\\/la-palabra-de-dios-se-ha-hecho-carne-el-evangelio-segun-juan-9788491657354\\\/\"]}]},{\"@type\":\"ImageObject\",\"inLanguage\":\"ca\",\"@id\":\"https:\\\/\\\/www.cpl.es\\\/producto\\\/la-palabra-de-dios-se-ha-hecho-carne-el-evangelio-segun-juan-9788491657354\\\/#primaryimage\",\"url\":\"https:\\\/\\\/www.cpl.es\\\/wp-content\\\/uploads\\\/9788491657354.jpg\",\"contentUrl\":\"https:\\\/\\\/www.cpl.es\\\/wp-content\\\/uploads\\\/9788491657354.jpg\",\"width\":1654,\"height\":2421,\"caption\":\"9788491657354.jpg\"},{\"@type\":\"BreadcrumbList\",\"@id\":\"https:\\\/\\\/www.cpl.es\\\/producto\\\/la-palabra-de-dios-se-ha-hecho-carne-el-evangelio-segun-juan-9788491657354\\\/#breadcrumb\",\"itemListElement\":[{\"@type\":\"ListItem\",\"position\":1,\"name\":\"Portada\",\"item\":\"https:\\\/\\\/www.cpl.es\\\/ca\\\/\"},{\"@type\":\"ListItem\",\"position\":2,\"name\":\"Cat\u00e0leg\",\"item\":\"https:\\\/\\\/www.cpl.es\\\/ca\\\/cataleg\\\/\"},{\"@type\":\"ListItem\",\"position\":3,\"name\":\"La Palabra de Dios se ha hecho carne. El Evangelio seg\u00fan Juan\"}]},{\"@type\":\"WebSite\",\"@id\":\"https:\\\/\\\/www.cpl.es\\\/#website\",\"url\":\"https:\\\/\\\/www.cpl.es\\\/\",\"name\":\"CPL\",\"description\":\"Centre de Pastoral Lit\u00fargica de Barcelona\",\"publisher\":{\"@id\":\"https:\\\/\\\/www.cpl.es\\\/#organization\"},\"alternateName\":\"Centre de Pastoral Lit\u00fargica\",\"potentialAction\":[{\"@type\":\"SearchAction\",\"target\":{\"@type\":\"EntryPoint\",\"urlTemplate\":\"https:\\\/\\\/www.cpl.es\\\/?s={search_term_string}\"},\"query-input\":{\"@type\":\"PropertyValueSpecification\",\"valueRequired\":true,\"valueName\":\"search_term_string\"}}],\"inLanguage\":\"ca\"},{\"@type\":\"Organization\",\"@id\":\"https:\\\/\\\/www.cpl.es\\\/#organization\",\"name\":\"Centre de Pastoral Lit\u00fargica\",\"alternateName\":\"Centre de Pastoral Lit\u00fargica de Barcelona\",\"url\":\"https:\\\/\\\/www.cpl.es\\\/\",\"logo\":{\"@type\":\"ImageObject\",\"inLanguage\":\"ca\",\"@id\":\"https:\\\/\\\/www.cpl.es\\\/#\\\/schema\\\/logo\\\/image\\\/\",\"url\":\"https:\\\/\\\/www.cpl.es\\\/wp-content\\\/uploads\\\/logo-cpl.svg\",\"contentUrl\":\"https:\\\/\\\/www.cpl.es\\\/wp-content\\\/uploads\\\/logo-cpl.svg\",\"caption\":\"Centre de Pastoral Lit\u00fargica\"},\"image\":{\"@id\":\"https:\\\/\\\/www.cpl.es\\\/#\\\/schema\\\/logo\\\/image\\\/\"}}]}<\/script>\n<!-- \/ Yoast SEO plugin. -->","yoast_head_json":{"title":"La Palabra de Dios se ha hecho carne. El Evangelio seg\u00fan Juan - CPL","robots":{"index":"index","follow":"follow","max-snippet":"max-snippet:-1","max-image-preview":"max-image-preview:large","max-video-preview":"max-video-preview:-1"},"canonical":"https:\/\/www.cpl.es\/producto\/la-palabra-de-dios-se-ha-hecho-carne-el-evangelio-segun-juan-9788491657354\/","og_locale":"ca_ES","og_type":"article","og_title":"La Palabra de Dios se ha hecho carne. El Evangelio seg\u00fan Juan - CPL","og_description":"Puigdollers Noblom, Rodolfo","og_url":"https:\/\/www.cpl.es\/producto\/la-palabra-de-dios-se-ha-hecho-carne-el-evangelio-segun-juan-9788491657354\/","og_site_name":"CPL","article_modified_time":"2026-01-27T07:33:21+00:00","og_image":[{"width":1654,"height":2421,"url":"https:\/\/www.cpl.es\/wp-content\/uploads\/9788491657354.jpg","type":"image\/jpeg"}],"twitter_card":"summary_large_image","twitter_misc":{"Temps estimat de lectura":"2 minuts"},"schema":{"@context":"https:\/\/schema.org","@graph":[{"@type":"WebPage","@id":"https:\/\/www.cpl.es\/producto\/la-palabra-de-dios-se-ha-hecho-carne-el-evangelio-segun-juan-9788491657354\/","url":"https:\/\/www.cpl.es\/producto\/la-palabra-de-dios-se-ha-hecho-carne-el-evangelio-segun-juan-9788491657354\/","name":"La Palabra de Dios se ha hecho carne. El Evangelio seg\u00fan Juan - CPL","isPartOf":{"@id":"https:\/\/www.cpl.es\/#website"},"primaryImageOfPage":{"@id":"https:\/\/www.cpl.es\/producto\/la-palabra-de-dios-se-ha-hecho-carne-el-evangelio-segun-juan-9788491657354\/#primaryimage"},"image":{"@id":"https:\/\/www.cpl.es\/producto\/la-palabra-de-dios-se-ha-hecho-carne-el-evangelio-segun-juan-9788491657354\/#primaryimage"},"thumbnailUrl":"https:\/\/www.cpl.es\/wp-content\/uploads\/9788491657354.jpg","datePublished":"2026-01-27T07:33:18+00:00","dateModified":"2026-01-27T07:33:21+00:00","breadcrumb":{"@id":"https:\/\/www.cpl.es\/producto\/la-palabra-de-dios-se-ha-hecho-carne-el-evangelio-segun-juan-9788491657354\/#breadcrumb"},"inLanguage":"ca","potentialAction":[{"@type":"ReadAction","target":["https:\/\/www.cpl.es\/producto\/la-palabra-de-dios-se-ha-hecho-carne-el-evangelio-segun-juan-9788491657354\/"]}]},{"@type":"ImageObject","inLanguage":"ca","@id":"https:\/\/www.cpl.es\/producto\/la-palabra-de-dios-se-ha-hecho-carne-el-evangelio-segun-juan-9788491657354\/#primaryimage","url":"https:\/\/www.cpl.es\/wp-content\/uploads\/9788491657354.jpg","contentUrl":"https:\/\/www.cpl.es\/wp-content\/uploads\/9788491657354.jpg","width":1654,"height":2421,"caption":"9788491657354.jpg"},{"@type":"BreadcrumbList","@id":"https:\/\/www.cpl.es\/producto\/la-palabra-de-dios-se-ha-hecho-carne-el-evangelio-segun-juan-9788491657354\/#breadcrumb","itemListElement":[{"@type":"ListItem","position":1,"name":"Portada","item":"https:\/\/www.cpl.es\/ca\/"},{"@type":"ListItem","position":2,"name":"Cat\u00e0leg","item":"https:\/\/www.cpl.es\/ca\/cataleg\/"},{"@type":"ListItem","position":3,"name":"La Palabra de Dios se ha hecho carne. El Evangelio seg\u00fan Juan"}]},{"@type":"WebSite","@id":"https:\/\/www.cpl.es\/#website","url":"https:\/\/www.cpl.es\/","name":"CPL","description":"Centre de Pastoral Lit\u00fargica de Barcelona","publisher":{"@id":"https:\/\/www.cpl.es\/#organization"},"alternateName":"Centre de Pastoral Lit\u00fargica","potentialAction":[{"@type":"SearchAction","target":{"@type":"EntryPoint","urlTemplate":"https:\/\/www.cpl.es\/?s={search_term_string}"},"query-input":{"@type":"PropertyValueSpecification","valueRequired":true,"valueName":"search_term_string"}}],"inLanguage":"ca"},{"@type":"Organization","@id":"https:\/\/www.cpl.es\/#organization","name":"Centre de Pastoral Lit\u00fargica","alternateName":"Centre de Pastoral Lit\u00fargica de Barcelona","url":"https:\/\/www.cpl.es\/","logo":{"@type":"ImageObject","inLanguage":"ca","@id":"https:\/\/www.cpl.es\/#\/schema\/logo\/image\/","url":"https:\/\/www.cpl.es\/wp-content\/uploads\/logo-cpl.svg","contentUrl":"https:\/\/www.cpl.es\/wp-content\/uploads\/logo-cpl.svg","caption":"Centre de Pastoral Lit\u00fargica"},"image":{"@id":"https:\/\/www.cpl.es\/#\/schema\/logo\/image\/"}}]}},"_links":{"self":[{"href":"https:\/\/www.cpl.es\/ca\/wp-json\/wp\/v2\/product\/23137","targetHints":{"allow":["GET"]}}],"collection":[{"href":"https:\/\/www.cpl.es\/ca\/wp-json\/wp\/v2\/product"}],"about":[{"href":"https:\/\/www.cpl.es\/ca\/wp-json\/wp\/v2\/types\/product"}],"wp:featuredmedia":[{"embeddable":true,"href":"https:\/\/www.cpl.es\/ca\/wp-json\/wp\/v2\/media\/23138"}],"wp:attachment":[{"href":"https:\/\/www.cpl.es\/ca\/wp-json\/wp\/v2\/media?parent=23137"}],"wp:term":[{"taxonomy":"product_brand","embeddable":true,"href":"https:\/\/www.cpl.es\/ca\/wp-json\/wp\/v2\/product_brand?post=23137"},{"taxonomy":"product_cat","embeddable":true,"href":"https:\/\/www.cpl.es\/ca\/wp-json\/wp\/v2\/product_cat?post=23137"},{"taxonomy":"product_tag","embeddable":true,"href":"https:\/\/www.cpl.es\/ca\/wp-json\/wp\/v2\/product_tag?post=23137"}],"curies":[{"name":"wp","href":"https:\/\/api.w.org\/{rel}","templated":true}]}}