{"id":2313,"date":"2023-10-04T01:38:02","date_gmt":"2023-10-03T23:38:02","guid":{"rendered":"https:\/\/nuevaweb.cpl.es\/producto\/nadal-deu-aposta-per-la-humanitat-9788498057423\/"},"modified":"2026-02-12T17:53:40","modified_gmt":"2026-02-12T16:53:40","slug":"nadal-deu-aposta-per-la-humanitat-9788498057423","status":"publish","type":"product","link":"https:\/\/www.cpl.es\/ca\/producto\/nadal-deu-aposta-per-la-humanitat-9788498057423\/","title":{"rendered":"Nadal: D\u00e9u aposta per la humanitat"},"content":{"rendered":"<p>Cada any, cada Nadal, ens conv\u00e9 tornar a aprendre el que volen dir aquests dies, la Bona Nova que ens porten, la il\u00b7lusi\u00f3 profunda que ens fan viure. I per aix\u00f2, des del principi, des del primer anunci dels \u00e0ngels aquella nit, generacions i generacions de creients han aportat la seva reflexi\u00f3 i el seu testimoni i l\u2019han compartit, i ens l\u2019han ofert per acompanyar-nos en aquesta viv\u00e8ncia.<br \/>Aquest llibre \u00e9s una nova anella en aquest Nadal reflexionat i ofert. S\u00f3n unes reflexions p\u00f2stumes de Narc\u00eds Costabella, prevere de la di\u00f2cesi de Girona. Unes reflexions que ha preparat i posat a punt Bernab\u00e9 Dalmau, monjo de Montserrat,<br \/>i que aqu\u00ed tenim a l\u2019abast per ajudar-nos a viure i celebrar millor aquests dies.<\/p>\n<p>Narc\u00eds Costabella (Banyoles, 1937 &#8211; Castell\u00f3 d\u2019Emp\u00faries, 2012) va ser ordenat prevere l\u2019any 1960 i va exercir diverses tasques al seminari, i en diverses parr\u00f2quies del seu bisbat. Des de 1998 era rector de Castell\u00f3 d\u2019Emp\u00faries. Bernab\u00e9 Dalmau (Igualada, 1944) \u00e9s monjo de Montserrat, expert en lit\u00fargia i en pastoral lit\u00fargica, i director de la revista &#8216;Documents d\u2019Esgl\u00e9sia'.<\/p>\n","protected":false},"excerpt":{"rendered":"<p>Costabella, Narc\u00eds; Dalmau, Bernab\u00e9<\/p>\n","protected":false},"featured_media":2314,"template":"","meta":{"_acf_changed":false,"inline_featured_image":false},"product_brand":[],"product_cat":[73,127],"product_tag":[],"class_list":{"0":"post-2313","1":"product","2":"type-product","3":"status-publish","4":"has-post-thumbnail","6":"product_cat-emaus-colleccions-catala","7":"product_cat-nadal","9":"first","10":"instock","11":"taxable","12":"shipping-taxable","13":"purchasable","14":"product-type-simple"},"acf":{"autor":"Costabella, Narc\u00eds; Dalmau, Bernab\u00e9","codart":"208119","ediciones":"1","encuadernacion":"R\u00fastica","fecha_de_publicacion":"31\/01\/2015","novedad":false,"paginas":"64","subtitulo":"","orden":"37","portada":false,"idioma":"cat","editorial":[{"ID":6736,"post_author":"2","post_date":"2023-10-06 08:35:24","post_date_gmt":"2023-10-06 06:35:24","post_content":"","post_title":"CPL","post_excerpt":"","post_status":"publish","comment_status":"closed","ping_status":"closed","post_password":"","post_name":"cpl","to_ping":"","pinged":"","post_modified":"2023-10-06 08:35:24","post_modified_gmt":"2023-10-06 06:35:24","post_content_filtered":"","post_parent":0,"guid":"https:\/\/nuevaweb.cpl.es\/editorial\/cpl\/","menu_order":0,"post_type":"editorial","post_mime_type":"","comment_count":"0","filter":"raw"}],"coleccion_num":"119"},"yoast_head":"<!-- This site is optimized with the Yoast SEO plugin v27.3 - https:\/\/yoast.com\/product\/yoast-seo-wordpress\/ -->\n<title>Nadal: D\u00e9u aposta per la humanitat - CPL<\/title>\n<meta name=\"robots\" content=\"index, follow, max-snippet:-1, max-image-preview:large, max-video-preview:-1\" \/>\n<link rel=\"canonical\" href=\"https:\/\/www.cpl.es\/producto\/nadal-deu-aposta-per-la-humanitat-9788498057423\/\" \/>\n<meta property=\"og:locale\" content=\"ca_ES\" \/>\n<meta property=\"og:type\" content=\"article\" \/>\n<meta property=\"og:title\" content=\"Nadal: D\u00e9u aposta per la humanitat - CPL\" \/>\n<meta property=\"og:description\" content=\"Costabella, Narc\u00eds; Dalmau, Bernab\u00e9\" \/>\n<meta property=\"og:url\" content=\"https:\/\/www.cpl.es\/producto\/nadal-deu-aposta-per-la-humanitat-9788498057423\/\" \/>\n<meta property=\"og:site_name\" content=\"CPL\" \/>\n<meta property=\"article:modified_time\" content=\"2026-02-12T16:53:40+00:00\" \/>\n<meta property=\"og:image\" content=\"https:\/\/www.cpl.es\/wp-content\/uploads\/208119.jpg\" \/>\n\t<meta property=\"og:image:width\" content=\"250\" \/>\n\t<meta property=\"og:image:height\" content=\"404\" \/>\n\t<meta property=\"og:image:type\" content=\"image\/jpeg\" \/>\n<meta name=\"twitter:card\" content=\"summary_large_image\" \/>\n<meta name=\"twitter:label1\" content=\"Temps estimat de lectura\" \/>\n\t<meta name=\"twitter:data1\" content=\"1 minut\" \/>\n<script type=\"application\/ld+json\" class=\"yoast-schema-graph\">{\"@context\":\"https:\\\/\\\/schema.org\",\"@graph\":[{\"@type\":\"WebPage\",\"@id\":\"https:\\\/\\\/www.cpl.es\\\/producto\\\/nadal-deu-aposta-per-la-humanitat-9788498057423\\\/\",\"url\":\"https:\\\/\\\/www.cpl.es\\\/producto\\\/nadal-deu-aposta-per-la-humanitat-9788498057423\\\/\",\"name\":\"Nadal: D\u00e9u aposta per la humanitat - CPL\",\"isPartOf\":{\"@id\":\"https:\\\/\\\/www.cpl.es\\\/#website\"},\"primaryImageOfPage\":{\"@id\":\"https:\\\/\\\/www.cpl.es\\\/producto\\\/nadal-deu-aposta-per-la-humanitat-9788498057423\\\/#primaryimage\"},\"image\":{\"@id\":\"https:\\\/\\\/www.cpl.es\\\/producto\\\/nadal-deu-aposta-per-la-humanitat-9788498057423\\\/#primaryimage\"},\"thumbnailUrl\":\"https:\\\/\\\/www.cpl.es\\\/wp-content\\\/uploads\\\/208119.jpg\",\"datePublished\":\"2023-10-03T23:38:02+00:00\",\"dateModified\":\"2026-02-12T16:53:40+00:00\",\"breadcrumb\":{\"@id\":\"https:\\\/\\\/www.cpl.es\\\/producto\\\/nadal-deu-aposta-per-la-humanitat-9788498057423\\\/#breadcrumb\"},\"inLanguage\":\"ca\",\"potentialAction\":[{\"@type\":\"ReadAction\",\"target\":[\"https:\\\/\\\/www.cpl.es\\\/producto\\\/nadal-deu-aposta-per-la-humanitat-9788498057423\\\/\"]}]},{\"@type\":\"ImageObject\",\"inLanguage\":\"ca\",\"@id\":\"https:\\\/\\\/www.cpl.es\\\/producto\\\/nadal-deu-aposta-per-la-humanitat-9788498057423\\\/#primaryimage\",\"url\":\"https:\\\/\\\/www.cpl.es\\\/wp-content\\\/uploads\\\/208119.jpg\",\"contentUrl\":\"https:\\\/\\\/www.cpl.es\\\/wp-content\\\/uploads\\\/208119.jpg\",\"width\":250,\"height\":404,\"caption\":\"208119.jpg\"},{\"@type\":\"BreadcrumbList\",\"@id\":\"https:\\\/\\\/www.cpl.es\\\/producto\\\/nadal-deu-aposta-per-la-humanitat-9788498057423\\\/#breadcrumb\",\"itemListElement\":[{\"@type\":\"ListItem\",\"position\":1,\"name\":\"Portada\",\"item\":\"https:\\\/\\\/www.cpl.es\\\/ca\\\/\"},{\"@type\":\"ListItem\",\"position\":2,\"name\":\"Cat\u00e0leg\",\"item\":\"https:\\\/\\\/www.cpl.es\\\/ca\\\/cataleg\\\/\"},{\"@type\":\"ListItem\",\"position\":3,\"name\":\"Nadal: D\u00e9u aposta per la humanitat\"}]},{\"@type\":\"WebSite\",\"@id\":\"https:\\\/\\\/www.cpl.es\\\/#website\",\"url\":\"https:\\\/\\\/www.cpl.es\\\/\",\"name\":\"CPL\",\"description\":\"Centre de Pastoral Lit\u00fargica de Barcelona\",\"publisher\":{\"@id\":\"https:\\\/\\\/www.cpl.es\\\/#organization\"},\"alternateName\":\"Centre de Pastoral Lit\u00fargica\",\"potentialAction\":[{\"@type\":\"SearchAction\",\"target\":{\"@type\":\"EntryPoint\",\"urlTemplate\":\"https:\\\/\\\/www.cpl.es\\\/?s={search_term_string}\"},\"query-input\":{\"@type\":\"PropertyValueSpecification\",\"valueRequired\":true,\"valueName\":\"search_term_string\"}}],\"inLanguage\":\"ca\"},{\"@type\":\"Organization\",\"@id\":\"https:\\\/\\\/www.cpl.es\\\/#organization\",\"name\":\"Centre de Pastoral Lit\u00fargica\",\"alternateName\":\"Centre de Pastoral Lit\u00fargica de Barcelona\",\"url\":\"https:\\\/\\\/www.cpl.es\\\/\",\"logo\":{\"@type\":\"ImageObject\",\"inLanguage\":\"ca\",\"@id\":\"https:\\\/\\\/www.cpl.es\\\/#\\\/schema\\\/logo\\\/image\\\/\",\"url\":\"https:\\\/\\\/www.cpl.es\\\/wp-content\\\/uploads\\\/logo-cpl.svg\",\"contentUrl\":\"https:\\\/\\\/www.cpl.es\\\/wp-content\\\/uploads\\\/logo-cpl.svg\",\"caption\":\"Centre de Pastoral Lit\u00fargica\"},\"image\":{\"@id\":\"https:\\\/\\\/www.cpl.es\\\/#\\\/schema\\\/logo\\\/image\\\/\"}}]}<\/script>\n<!-- \/ Yoast SEO plugin. -->","yoast_head_json":{"title":"Nadal: D\u00e9u aposta per la humanitat - CPL","robots":{"index":"index","follow":"follow","max-snippet":"max-snippet:-1","max-image-preview":"max-image-preview:large","max-video-preview":"max-video-preview:-1"},"canonical":"https:\/\/www.cpl.es\/producto\/nadal-deu-aposta-per-la-humanitat-9788498057423\/","og_locale":"ca_ES","og_type":"article","og_title":"Nadal: D\u00e9u aposta per la humanitat - CPL","og_description":"Costabella, Narc\u00eds; Dalmau, Bernab\u00e9","og_url":"https:\/\/www.cpl.es\/producto\/nadal-deu-aposta-per-la-humanitat-9788498057423\/","og_site_name":"CPL","article_modified_time":"2026-02-12T16:53:40+00:00","og_image":[{"width":250,"height":404,"url":"https:\/\/www.cpl.es\/wp-content\/uploads\/208119.jpg","type":"image\/jpeg"}],"twitter_card":"summary_large_image","twitter_misc":{"Temps estimat de lectura":"1 minut"},"schema":{"@context":"https:\/\/schema.org","@graph":[{"@type":"WebPage","@id":"https:\/\/www.cpl.es\/producto\/nadal-deu-aposta-per-la-humanitat-9788498057423\/","url":"https:\/\/www.cpl.es\/producto\/nadal-deu-aposta-per-la-humanitat-9788498057423\/","name":"Nadal: D\u00e9u aposta per la humanitat - CPL","isPartOf":{"@id":"https:\/\/www.cpl.es\/#website"},"primaryImageOfPage":{"@id":"https:\/\/www.cpl.es\/producto\/nadal-deu-aposta-per-la-humanitat-9788498057423\/#primaryimage"},"image":{"@id":"https:\/\/www.cpl.es\/producto\/nadal-deu-aposta-per-la-humanitat-9788498057423\/#primaryimage"},"thumbnailUrl":"https:\/\/www.cpl.es\/wp-content\/uploads\/208119.jpg","datePublished":"2023-10-03T23:38:02+00:00","dateModified":"2026-02-12T16:53:40+00:00","breadcrumb":{"@id":"https:\/\/www.cpl.es\/producto\/nadal-deu-aposta-per-la-humanitat-9788498057423\/#breadcrumb"},"inLanguage":"ca","potentialAction":[{"@type":"ReadAction","target":["https:\/\/www.cpl.es\/producto\/nadal-deu-aposta-per-la-humanitat-9788498057423\/"]}]},{"@type":"ImageObject","inLanguage":"ca","@id":"https:\/\/www.cpl.es\/producto\/nadal-deu-aposta-per-la-humanitat-9788498057423\/#primaryimage","url":"https:\/\/www.cpl.es\/wp-content\/uploads\/208119.jpg","contentUrl":"https:\/\/www.cpl.es\/wp-content\/uploads\/208119.jpg","width":250,"height":404,"caption":"208119.jpg"},{"@type":"BreadcrumbList","@id":"https:\/\/www.cpl.es\/producto\/nadal-deu-aposta-per-la-humanitat-9788498057423\/#breadcrumb","itemListElement":[{"@type":"ListItem","position":1,"name":"Portada","item":"https:\/\/www.cpl.es\/ca\/"},{"@type":"ListItem","position":2,"name":"Cat\u00e0leg","item":"https:\/\/www.cpl.es\/ca\/cataleg\/"},{"@type":"ListItem","position":3,"name":"Nadal: D\u00e9u aposta per la humanitat"}]},{"@type":"WebSite","@id":"https:\/\/www.cpl.es\/#website","url":"https:\/\/www.cpl.es\/","name":"CPL","description":"Centre de Pastoral Lit\u00fargica de Barcelona","publisher":{"@id":"https:\/\/www.cpl.es\/#organization"},"alternateName":"Centre de Pastoral Lit\u00fargica","potentialAction":[{"@type":"SearchAction","target":{"@type":"EntryPoint","urlTemplate":"https:\/\/www.cpl.es\/?s={search_term_string}"},"query-input":{"@type":"PropertyValueSpecification","valueRequired":true,"valueName":"search_term_string"}}],"inLanguage":"ca"},{"@type":"Organization","@id":"https:\/\/www.cpl.es\/#organization","name":"Centre de Pastoral Lit\u00fargica","alternateName":"Centre de Pastoral Lit\u00fargica de Barcelona","url":"https:\/\/www.cpl.es\/","logo":{"@type":"ImageObject","inLanguage":"ca","@id":"https:\/\/www.cpl.es\/#\/schema\/logo\/image\/","url":"https:\/\/www.cpl.es\/wp-content\/uploads\/logo-cpl.svg","contentUrl":"https:\/\/www.cpl.es\/wp-content\/uploads\/logo-cpl.svg","caption":"Centre de Pastoral Lit\u00fargica"},"image":{"@id":"https:\/\/www.cpl.es\/#\/schema\/logo\/image\/"}}]}},"_links":{"self":[{"href":"https:\/\/www.cpl.es\/ca\/wp-json\/wp\/v2\/product\/2313","targetHints":{"allow":["GET"]}}],"collection":[{"href":"https:\/\/www.cpl.es\/ca\/wp-json\/wp\/v2\/product"}],"about":[{"href":"https:\/\/www.cpl.es\/ca\/wp-json\/wp\/v2\/types\/product"}],"wp:featuredmedia":[{"embeddable":true,"href":"https:\/\/www.cpl.es\/ca\/wp-json\/wp\/v2\/media\/2314"}],"wp:attachment":[{"href":"https:\/\/www.cpl.es\/ca\/wp-json\/wp\/v2\/media?parent=2313"}],"wp:term":[{"taxonomy":"product_brand","embeddable":true,"href":"https:\/\/www.cpl.es\/ca\/wp-json\/wp\/v2\/product_brand?post=2313"},{"taxonomy":"product_cat","embeddable":true,"href":"https:\/\/www.cpl.es\/ca\/wp-json\/wp\/v2\/product_cat?post=2313"},{"taxonomy":"product_tag","embeddable":true,"href":"https:\/\/www.cpl.es\/ca\/wp-json\/wp\/v2\/product_tag?post=2313"}],"curies":[{"name":"wp","href":"https:\/\/api.w.org\/{rel}","templated":true}]}}