{"id":2274,"date":"2023-10-04T01:36:50","date_gmt":"2023-10-03T23:36:50","guid":{"rendered":"https:\/\/nuevaweb.cpl.es\/producto\/proponer-la-fe-celebrar-la-vida-9788498057843\/"},"modified":"2023-12-05T13:38:56","modified_gmt":"2023-12-05T12:38:56","slug":"proponer-la-fe-celebrar-la-vida-9788498057843","status":"publish","type":"product","link":"https:\/\/www.cpl.es\/ca\/producto\/proponer-la-fe-celebrar-la-vida-9788498057843\/","title":{"rendered":"Proponer la fe. Celebrar la vida"},"content":{"rendered":"<p>\u00bfC\u00f3mo salvar la distancia entre la fe profesada, celebrada y vivida? \u00bfC\u00f3mo proponer lo que afirmamos ser &#8216;plenitud' a quienes se mueven instalados en la relatividad o la indiferencia? \u00bfEs cre\u00edble hoy nuestra &#8216;oferta sacramental'? Y, si no es cre\u00edble, \u00bfc\u00f3mo hacer para que al menos para aquellos que ocasionalmente participan en nuestras celebraciones les resulte elocuente? \u00bfPueden ser nuestros ritos y sacramentos un momento evangelizador que no podemos banalizar?<br \/>Este c\u00famulo de interrogantes que el autor recoge en la conclusi\u00f3n de su libro son los que han guiado la reflexi\u00f3n que estas p\u00e1ginas nos proponen, partiendo de la realidad actual del fen\u00f3meno religioso, y ofreciendo un conjunto de propuestas que no pretenden ser respuestas definitivas, sino aportaciones a un di\u00e1logo sin duda necesario en nuestra Iglesia.<\/p>\n<p>Dionisio Borobio (Soria, 1938), es sacerdote de la di\u00f3cesis de Bilbao, licenciado en filosof\u00eda y doctor en Teolog\u00eda. Ha sido profesor de la Universidad de Deusto, y ha dedicado su vida a la docencia de la liturgia y de los sacramentos hasta su jubilaci\u00f3n como catedr\u00e1tico de la Universidad Pontificia de Salamanca.<br \/>Es autor de numerosas publicaciones sobre liturgia y sobre pastoral sacramental y catequ\u00e9tica.<\/p>\n","protected":false},"excerpt":{"rendered":"<p>Borobio Garc\u00eda, Dionisio<\/p>\n","protected":false},"featured_media":2275,"template":"","meta":{"_acf_changed":false,"inline_featured_image":false},"product_brand":[],"product_cat":[75,44],"product_tag":[],"class_list":{"0":"post-2274","1":"product","2":"type-product","3":"status-publish","4":"has-post-thumbnail","6":"product_cat-dossiers-cpl-colleccions-catala","7":"product_cat-dossiers-cpl","9":"first","10":"instock","11":"taxable","12":"shipping-taxable","13":"purchasable","14":"product-type-simple"},"acf":{"autor":"Borobio Garc\u00eda, Dionisio","codart":"101135","ediciones":"1","encuadernacion":"R\u00fastica","fecha_de_publicacion":"11\/03\/2015","novedad":false,"paginas":"132","subtitulo":"","orden":"1","portada":false,"idioma":"spa","editorial":[{"ID":6736,"post_author":"2","post_date":"2023-10-06 08:35:24","post_date_gmt":"2023-10-06 06:35:24","post_content":"","post_title":"CPL","post_excerpt":"","post_status":"publish","comment_status":"closed","ping_status":"closed","post_password":"","post_name":"cpl","to_ping":"","pinged":"","post_modified":"2023-10-06 08:35:24","post_modified_gmt":"2023-10-06 06:35:24","post_content_filtered":"","post_parent":0,"guid":"https:\/\/nuevaweb.cpl.es\/editorial\/cpl\/","menu_order":0,"post_type":"editorial","post_mime_type":"","comment_count":"0","filter":"raw"}]},"yoast_head":"<!-- This site is optimized with the Yoast SEO plugin v27.3 - https:\/\/yoast.com\/product\/yoast-seo-wordpress\/ -->\n<title>Proponer la fe. Celebrar la vida - CPL<\/title>\n<meta name=\"robots\" content=\"index, follow, max-snippet:-1, max-image-preview:large, max-video-preview:-1\" \/>\n<link rel=\"canonical\" href=\"https:\/\/www.cpl.es\/producto\/proponer-la-fe-celebrar-la-vida-9788498057843\/\" \/>\n<meta property=\"og:locale\" content=\"ca_ES\" \/>\n<meta property=\"og:type\" content=\"article\" \/>\n<meta property=\"og:title\" content=\"Proponer la fe. Celebrar la vida - CPL\" \/>\n<meta property=\"og:description\" content=\"Borobio Garc\u00eda, Dionisio\" \/>\n<meta property=\"og:url\" content=\"https:\/\/www.cpl.es\/producto\/proponer-la-fe-celebrar-la-vida-9788498057843\/\" \/>\n<meta property=\"og:site_name\" content=\"CPL\" \/>\n<meta property=\"article:modified_time\" content=\"2023-12-05T12:38:56+00:00\" \/>\n<meta property=\"og:image\" content=\"https:\/\/www.cpl.es\/wp-content\/uploads\/101135.jpg\" \/>\n\t<meta property=\"og:image:width\" content=\"280\" \/>\n\t<meta property=\"og:image:height\" content=\"391\" \/>\n\t<meta property=\"og:image:type\" content=\"image\/jpeg\" \/>\n<meta name=\"twitter:card\" content=\"summary_large_image\" \/>\n<meta name=\"twitter:label1\" content=\"Temps estimat de lectura\" \/>\n\t<meta name=\"twitter:data1\" content=\"1 minut\" \/>\n<script type=\"application\/ld+json\" class=\"yoast-schema-graph\">{\"@context\":\"https:\\\/\\\/schema.org\",\"@graph\":[{\"@type\":\"WebPage\",\"@id\":\"https:\\\/\\\/www.cpl.es\\\/producto\\\/proponer-la-fe-celebrar-la-vida-9788498057843\\\/\",\"url\":\"https:\\\/\\\/www.cpl.es\\\/producto\\\/proponer-la-fe-celebrar-la-vida-9788498057843\\\/\",\"name\":\"Proponer la fe. Celebrar la vida - CPL\",\"isPartOf\":{\"@id\":\"https:\\\/\\\/www.cpl.es\\\/#website\"},\"primaryImageOfPage\":{\"@id\":\"https:\\\/\\\/www.cpl.es\\\/producto\\\/proponer-la-fe-celebrar-la-vida-9788498057843\\\/#primaryimage\"},\"image\":{\"@id\":\"https:\\\/\\\/www.cpl.es\\\/producto\\\/proponer-la-fe-celebrar-la-vida-9788498057843\\\/#primaryimage\"},\"thumbnailUrl\":\"https:\\\/\\\/www.cpl.es\\\/wp-content\\\/uploads\\\/101135.jpg\",\"datePublished\":\"2023-10-03T23:36:50+00:00\",\"dateModified\":\"2023-12-05T12:38:56+00:00\",\"breadcrumb\":{\"@id\":\"https:\\\/\\\/www.cpl.es\\\/producto\\\/proponer-la-fe-celebrar-la-vida-9788498057843\\\/#breadcrumb\"},\"inLanguage\":\"ca\",\"potentialAction\":[{\"@type\":\"ReadAction\",\"target\":[\"https:\\\/\\\/www.cpl.es\\\/producto\\\/proponer-la-fe-celebrar-la-vida-9788498057843\\\/\"]}]},{\"@type\":\"ImageObject\",\"inLanguage\":\"ca\",\"@id\":\"https:\\\/\\\/www.cpl.es\\\/producto\\\/proponer-la-fe-celebrar-la-vida-9788498057843\\\/#primaryimage\",\"url\":\"https:\\\/\\\/www.cpl.es\\\/wp-content\\\/uploads\\\/101135.jpg\",\"contentUrl\":\"https:\\\/\\\/www.cpl.es\\\/wp-content\\\/uploads\\\/101135.jpg\",\"width\":280,\"height\":391,\"caption\":\"101135.jpg\"},{\"@type\":\"BreadcrumbList\",\"@id\":\"https:\\\/\\\/www.cpl.es\\\/producto\\\/proponer-la-fe-celebrar-la-vida-9788498057843\\\/#breadcrumb\",\"itemListElement\":[{\"@type\":\"ListItem\",\"position\":1,\"name\":\"Portada\",\"item\":\"https:\\\/\\\/www.cpl.es\\\/ca\\\/\"},{\"@type\":\"ListItem\",\"position\":2,\"name\":\"Cat\u00e0leg\",\"item\":\"https:\\\/\\\/www.cpl.es\\\/ca\\\/cataleg\\\/\"},{\"@type\":\"ListItem\",\"position\":3,\"name\":\"Proponer la fe. Celebrar la vida\"}]},{\"@type\":\"WebSite\",\"@id\":\"https:\\\/\\\/www.cpl.es\\\/#website\",\"url\":\"https:\\\/\\\/www.cpl.es\\\/\",\"name\":\"CPL\",\"description\":\"Centre de Pastoral Lit\u00fargica de Barcelona\",\"publisher\":{\"@id\":\"https:\\\/\\\/www.cpl.es\\\/#organization\"},\"alternateName\":\"Centre de Pastoral Lit\u00fargica\",\"potentialAction\":[{\"@type\":\"SearchAction\",\"target\":{\"@type\":\"EntryPoint\",\"urlTemplate\":\"https:\\\/\\\/www.cpl.es\\\/?s={search_term_string}\"},\"query-input\":{\"@type\":\"PropertyValueSpecification\",\"valueRequired\":true,\"valueName\":\"search_term_string\"}}],\"inLanguage\":\"ca\"},{\"@type\":\"Organization\",\"@id\":\"https:\\\/\\\/www.cpl.es\\\/#organization\",\"name\":\"Centre de Pastoral Lit\u00fargica\",\"alternateName\":\"Centre de Pastoral Lit\u00fargica de Barcelona\",\"url\":\"https:\\\/\\\/www.cpl.es\\\/\",\"logo\":{\"@type\":\"ImageObject\",\"inLanguage\":\"ca\",\"@id\":\"https:\\\/\\\/www.cpl.es\\\/#\\\/schema\\\/logo\\\/image\\\/\",\"url\":\"https:\\\/\\\/www.cpl.es\\\/wp-content\\\/uploads\\\/logo-cpl.svg\",\"contentUrl\":\"https:\\\/\\\/www.cpl.es\\\/wp-content\\\/uploads\\\/logo-cpl.svg\",\"caption\":\"Centre de Pastoral Lit\u00fargica\"},\"image\":{\"@id\":\"https:\\\/\\\/www.cpl.es\\\/#\\\/schema\\\/logo\\\/image\\\/\"}}]}<\/script>\n<!-- \/ Yoast SEO plugin. -->","yoast_head_json":{"title":"Proponer la fe. Celebrar la vida - CPL","robots":{"index":"index","follow":"follow","max-snippet":"max-snippet:-1","max-image-preview":"max-image-preview:large","max-video-preview":"max-video-preview:-1"},"canonical":"https:\/\/www.cpl.es\/producto\/proponer-la-fe-celebrar-la-vida-9788498057843\/","og_locale":"ca_ES","og_type":"article","og_title":"Proponer la fe. Celebrar la vida - CPL","og_description":"Borobio Garc\u00eda, Dionisio","og_url":"https:\/\/www.cpl.es\/producto\/proponer-la-fe-celebrar-la-vida-9788498057843\/","og_site_name":"CPL","article_modified_time":"2023-12-05T12:38:56+00:00","og_image":[{"width":280,"height":391,"url":"https:\/\/www.cpl.es\/wp-content\/uploads\/101135.jpg","type":"image\/jpeg"}],"twitter_card":"summary_large_image","twitter_misc":{"Temps estimat de lectura":"1 minut"},"schema":{"@context":"https:\/\/schema.org","@graph":[{"@type":"WebPage","@id":"https:\/\/www.cpl.es\/producto\/proponer-la-fe-celebrar-la-vida-9788498057843\/","url":"https:\/\/www.cpl.es\/producto\/proponer-la-fe-celebrar-la-vida-9788498057843\/","name":"Proponer la fe. Celebrar la vida - CPL","isPartOf":{"@id":"https:\/\/www.cpl.es\/#website"},"primaryImageOfPage":{"@id":"https:\/\/www.cpl.es\/producto\/proponer-la-fe-celebrar-la-vida-9788498057843\/#primaryimage"},"image":{"@id":"https:\/\/www.cpl.es\/producto\/proponer-la-fe-celebrar-la-vida-9788498057843\/#primaryimage"},"thumbnailUrl":"https:\/\/www.cpl.es\/wp-content\/uploads\/101135.jpg","datePublished":"2023-10-03T23:36:50+00:00","dateModified":"2023-12-05T12:38:56+00:00","breadcrumb":{"@id":"https:\/\/www.cpl.es\/producto\/proponer-la-fe-celebrar-la-vida-9788498057843\/#breadcrumb"},"inLanguage":"ca","potentialAction":[{"@type":"ReadAction","target":["https:\/\/www.cpl.es\/producto\/proponer-la-fe-celebrar-la-vida-9788498057843\/"]}]},{"@type":"ImageObject","inLanguage":"ca","@id":"https:\/\/www.cpl.es\/producto\/proponer-la-fe-celebrar-la-vida-9788498057843\/#primaryimage","url":"https:\/\/www.cpl.es\/wp-content\/uploads\/101135.jpg","contentUrl":"https:\/\/www.cpl.es\/wp-content\/uploads\/101135.jpg","width":280,"height":391,"caption":"101135.jpg"},{"@type":"BreadcrumbList","@id":"https:\/\/www.cpl.es\/producto\/proponer-la-fe-celebrar-la-vida-9788498057843\/#breadcrumb","itemListElement":[{"@type":"ListItem","position":1,"name":"Portada","item":"https:\/\/www.cpl.es\/ca\/"},{"@type":"ListItem","position":2,"name":"Cat\u00e0leg","item":"https:\/\/www.cpl.es\/ca\/cataleg\/"},{"@type":"ListItem","position":3,"name":"Proponer la fe. Celebrar la vida"}]},{"@type":"WebSite","@id":"https:\/\/www.cpl.es\/#website","url":"https:\/\/www.cpl.es\/","name":"CPL","description":"Centre de Pastoral Lit\u00fargica de Barcelona","publisher":{"@id":"https:\/\/www.cpl.es\/#organization"},"alternateName":"Centre de Pastoral Lit\u00fargica","potentialAction":[{"@type":"SearchAction","target":{"@type":"EntryPoint","urlTemplate":"https:\/\/www.cpl.es\/?s={search_term_string}"},"query-input":{"@type":"PropertyValueSpecification","valueRequired":true,"valueName":"search_term_string"}}],"inLanguage":"ca"},{"@type":"Organization","@id":"https:\/\/www.cpl.es\/#organization","name":"Centre de Pastoral Lit\u00fargica","alternateName":"Centre de Pastoral Lit\u00fargica de Barcelona","url":"https:\/\/www.cpl.es\/","logo":{"@type":"ImageObject","inLanguage":"ca","@id":"https:\/\/www.cpl.es\/#\/schema\/logo\/image\/","url":"https:\/\/www.cpl.es\/wp-content\/uploads\/logo-cpl.svg","contentUrl":"https:\/\/www.cpl.es\/wp-content\/uploads\/logo-cpl.svg","caption":"Centre de Pastoral Lit\u00fargica"},"image":{"@id":"https:\/\/www.cpl.es\/#\/schema\/logo\/image\/"}}]}},"_links":{"self":[{"href":"https:\/\/www.cpl.es\/ca\/wp-json\/wp\/v2\/product\/2274","targetHints":{"allow":["GET"]}}],"collection":[{"href":"https:\/\/www.cpl.es\/ca\/wp-json\/wp\/v2\/product"}],"about":[{"href":"https:\/\/www.cpl.es\/ca\/wp-json\/wp\/v2\/types\/product"}],"wp:featuredmedia":[{"embeddable":true,"href":"https:\/\/www.cpl.es\/ca\/wp-json\/wp\/v2\/media\/2275"}],"wp:attachment":[{"href":"https:\/\/www.cpl.es\/ca\/wp-json\/wp\/v2\/media?parent=2274"}],"wp:term":[{"taxonomy":"product_brand","embeddable":true,"href":"https:\/\/www.cpl.es\/ca\/wp-json\/wp\/v2\/product_brand?post=2274"},{"taxonomy":"product_cat","embeddable":true,"href":"https:\/\/www.cpl.es\/ca\/wp-json\/wp\/v2\/product_cat?post=2274"},{"taxonomy":"product_tag","embeddable":true,"href":"https:\/\/www.cpl.es\/ca\/wp-json\/wp\/v2\/product_tag?post=2274"}],"curies":[{"name":"wp","href":"https:\/\/api.w.org\/{rel}","templated":true}]}}