{"id":2262,"date":"2023-10-04T01:36:26","date_gmt":"2023-10-03T23:36:26","guid":{"rendered":"https:\/\/nuevaweb.cpl.es\/producto\/ano-liturgico-ano-catequetico-9788498057850\/"},"modified":"2023-12-05T13:38:54","modified_gmt":"2023-12-05T12:38:54","slug":"ano-liturgico-ano-catequetico-9788498057850","status":"publish","type":"product","link":"https:\/\/www.cpl.es\/ca\/producto\/ano-liturgico-ano-catequetico-9788498057850\/","title":{"rendered":"A\u00f1o lit\u00fargico. A\u00f1o catequ\u00e9tico"},"content":{"rendered":"<p>&#8216;\u00bfC\u00f3mo se podr\u00eda hablar de catequesis de iniciaci\u00f3n sin tener en cuenta la introducci\u00f3n en la vivencia de la<br \/>celebraci\u00f3n de la fe? La catequesis no es aprender la \u2018Doctrina Cristiana\u2019, sino la iniciaci\u00f3n sistem\u00e1tica a la vida de la fe, que se expresa significativamente en la celebraci\u00f3n lit\u00fargica'. A partir de este planteamiento, que el autor expresa<br \/>en la presentaci\u00f3n del libro, se van desarrollando a trav\u00e9s de sus p\u00e1ginas una serie de reflexiones, observaciones<br \/>y sugerencias concretas, que quieren ayudar a que la catequesis est\u00e9 estrechamente vinculada con la celebraci\u00f3n lit\u00fargica que a lo largo del a\u00f1o gu\u00eda el camino de la comunidad cristiana. Sin duda estas p\u00e1ginas ser\u00e1n un buen instrumento para todos aquellos que quieran ayudar en el crecimiento de la fe de una forma global y completa.<\/p>\n<p>Rodolfo Puigdollers Noblom (Barcelona, 1948) es escolapio, doctor en teolog\u00eda y p\u00e1rroco. Es autor de un buen n\u00famero de publicaciones b\u00edblicas, catequ\u00e9ticas y pastorales, parte de las cuales han sido editadas por el Centre de Pastoral Lit\u00fargica.<\/p>\n","protected":false},"excerpt":{"rendered":"<p>Puigdollers Noblom, Rodolf<\/p>\n","protected":false},"featured_media":2263,"template":"","meta":{"_acf_changed":false,"inline_featured_image":false},"product_brand":[],"product_cat":[83,60,75,44],"product_tag":[],"class_list":{"0":"post-2262","1":"product","2":"type-product","3":"status-publish","4":"has-post-thumbnail","6":"product_cat-catequesi-liturgica","7":"product_cat-catequesis-liturgica","8":"product_cat-dossiers-cpl-colleccions-catala","9":"product_cat-dossiers-cpl","11":"first","12":"instock","13":"taxable","14":"shipping-taxable","15":"purchasable","16":"product-type-simple"},"acf":{"autor":"Puigdollers Noblom, Rodolf","codart":"101136","ediciones":"1","encuadernacion":"R\u00fastica","fecha_de_publicacion":"20\/03\/2015","novedad":false,"paginas":"232","subtitulo":"","orden":"33","portada":false,"idioma":"spa","editorial":[{"ID":6736,"post_author":"2","post_date":"2023-10-06 08:35:24","post_date_gmt":"2023-10-06 06:35:24","post_content":"","post_title":"CPL","post_excerpt":"","post_status":"publish","comment_status":"closed","ping_status":"closed","post_password":"","post_name":"cpl","to_ping":"","pinged":"","post_modified":"2023-10-06 08:35:24","post_modified_gmt":"2023-10-06 06:35:24","post_content_filtered":"","post_parent":0,"guid":"https:\/\/nuevaweb.cpl.es\/editorial\/cpl\/","menu_order":0,"post_type":"editorial","post_mime_type":"","comment_count":"0","filter":"raw"}]},"yoast_head":"<!-- This site is optimized with the Yoast SEO plugin v27.3 - https:\/\/yoast.com\/product\/yoast-seo-wordpress\/ -->\n<title>A\u00f1o lit\u00fargico. A\u00f1o catequ\u00e9tico - CPL<\/title>\n<meta name=\"robots\" content=\"index, follow, max-snippet:-1, max-image-preview:large, max-video-preview:-1\" \/>\n<link rel=\"canonical\" href=\"https:\/\/www.cpl.es\/producto\/ano-liturgico-ano-catequetico-9788498057850\/\" \/>\n<meta property=\"og:locale\" content=\"ca_ES\" \/>\n<meta property=\"og:type\" content=\"article\" \/>\n<meta property=\"og:title\" content=\"A\u00f1o lit\u00fargico. A\u00f1o catequ\u00e9tico - CPL\" \/>\n<meta property=\"og:description\" content=\"Puigdollers Noblom, Rodolf\" \/>\n<meta property=\"og:url\" content=\"https:\/\/www.cpl.es\/producto\/ano-liturgico-ano-catequetico-9788498057850\/\" \/>\n<meta property=\"og:site_name\" content=\"CPL\" \/>\n<meta property=\"article:modified_time\" content=\"2023-12-05T12:38:54+00:00\" \/>\n<meta property=\"og:image\" content=\"https:\/\/www.cpl.es\/wp-content\/uploads\/101136.jpg\" \/>\n\t<meta property=\"og:image:width\" content=\"280\" \/>\n\t<meta property=\"og:image:height\" content=\"391\" \/>\n\t<meta property=\"og:image:type\" content=\"image\/jpeg\" \/>\n<meta name=\"twitter:card\" content=\"summary_large_image\" \/>\n<meta name=\"twitter:label1\" content=\"Temps estimat de lectura\" \/>\n\t<meta name=\"twitter:data1\" content=\"1 minut\" \/>\n<script type=\"application\/ld+json\" class=\"yoast-schema-graph\">{\"@context\":\"https:\\\/\\\/schema.org\",\"@graph\":[{\"@type\":\"WebPage\",\"@id\":\"https:\\\/\\\/www.cpl.es\\\/producto\\\/ano-liturgico-ano-catequetico-9788498057850\\\/\",\"url\":\"https:\\\/\\\/www.cpl.es\\\/producto\\\/ano-liturgico-ano-catequetico-9788498057850\\\/\",\"name\":\"A\u00f1o lit\u00fargico. A\u00f1o catequ\u00e9tico - CPL\",\"isPartOf\":{\"@id\":\"https:\\\/\\\/www.cpl.es\\\/#website\"},\"primaryImageOfPage\":{\"@id\":\"https:\\\/\\\/www.cpl.es\\\/producto\\\/ano-liturgico-ano-catequetico-9788498057850\\\/#primaryimage\"},\"image\":{\"@id\":\"https:\\\/\\\/www.cpl.es\\\/producto\\\/ano-liturgico-ano-catequetico-9788498057850\\\/#primaryimage\"},\"thumbnailUrl\":\"https:\\\/\\\/www.cpl.es\\\/wp-content\\\/uploads\\\/101136.jpg\",\"datePublished\":\"2023-10-03T23:36:26+00:00\",\"dateModified\":\"2023-12-05T12:38:54+00:00\",\"breadcrumb\":{\"@id\":\"https:\\\/\\\/www.cpl.es\\\/producto\\\/ano-liturgico-ano-catequetico-9788498057850\\\/#breadcrumb\"},\"inLanguage\":\"ca\",\"potentialAction\":[{\"@type\":\"ReadAction\",\"target\":[\"https:\\\/\\\/www.cpl.es\\\/producto\\\/ano-liturgico-ano-catequetico-9788498057850\\\/\"]}]},{\"@type\":\"ImageObject\",\"inLanguage\":\"ca\",\"@id\":\"https:\\\/\\\/www.cpl.es\\\/producto\\\/ano-liturgico-ano-catequetico-9788498057850\\\/#primaryimage\",\"url\":\"https:\\\/\\\/www.cpl.es\\\/wp-content\\\/uploads\\\/101136.jpg\",\"contentUrl\":\"https:\\\/\\\/www.cpl.es\\\/wp-content\\\/uploads\\\/101136.jpg\",\"width\":280,\"height\":391,\"caption\":\"101136.jpg\"},{\"@type\":\"BreadcrumbList\",\"@id\":\"https:\\\/\\\/www.cpl.es\\\/producto\\\/ano-liturgico-ano-catequetico-9788498057850\\\/#breadcrumb\",\"itemListElement\":[{\"@type\":\"ListItem\",\"position\":1,\"name\":\"Portada\",\"item\":\"https:\\\/\\\/www.cpl.es\\\/ca\\\/\"},{\"@type\":\"ListItem\",\"position\":2,\"name\":\"Cat\u00e0leg\",\"item\":\"https:\\\/\\\/www.cpl.es\\\/ca\\\/cataleg\\\/\"},{\"@type\":\"ListItem\",\"position\":3,\"name\":\"A\u00f1o lit\u00fargico. A\u00f1o catequ\u00e9tico\"}]},{\"@type\":\"WebSite\",\"@id\":\"https:\\\/\\\/www.cpl.es\\\/#website\",\"url\":\"https:\\\/\\\/www.cpl.es\\\/\",\"name\":\"CPL\",\"description\":\"Centre de Pastoral Lit\u00fargica de Barcelona\",\"publisher\":{\"@id\":\"https:\\\/\\\/www.cpl.es\\\/#organization\"},\"alternateName\":\"Centre de Pastoral Lit\u00fargica\",\"potentialAction\":[{\"@type\":\"SearchAction\",\"target\":{\"@type\":\"EntryPoint\",\"urlTemplate\":\"https:\\\/\\\/www.cpl.es\\\/?s={search_term_string}\"},\"query-input\":{\"@type\":\"PropertyValueSpecification\",\"valueRequired\":true,\"valueName\":\"search_term_string\"}}],\"inLanguage\":\"ca\"},{\"@type\":\"Organization\",\"@id\":\"https:\\\/\\\/www.cpl.es\\\/#organization\",\"name\":\"Centre de Pastoral Lit\u00fargica\",\"alternateName\":\"Centre de Pastoral Lit\u00fargica de Barcelona\",\"url\":\"https:\\\/\\\/www.cpl.es\\\/\",\"logo\":{\"@type\":\"ImageObject\",\"inLanguage\":\"ca\",\"@id\":\"https:\\\/\\\/www.cpl.es\\\/#\\\/schema\\\/logo\\\/image\\\/\",\"url\":\"https:\\\/\\\/www.cpl.es\\\/wp-content\\\/uploads\\\/logo-cpl.svg\",\"contentUrl\":\"https:\\\/\\\/www.cpl.es\\\/wp-content\\\/uploads\\\/logo-cpl.svg\",\"caption\":\"Centre de Pastoral Lit\u00fargica\"},\"image\":{\"@id\":\"https:\\\/\\\/www.cpl.es\\\/#\\\/schema\\\/logo\\\/image\\\/\"}}]}<\/script>\n<!-- \/ Yoast SEO plugin. -->","yoast_head_json":{"title":"A\u00f1o lit\u00fargico. A\u00f1o catequ\u00e9tico - CPL","robots":{"index":"index","follow":"follow","max-snippet":"max-snippet:-1","max-image-preview":"max-image-preview:large","max-video-preview":"max-video-preview:-1"},"canonical":"https:\/\/www.cpl.es\/producto\/ano-liturgico-ano-catequetico-9788498057850\/","og_locale":"ca_ES","og_type":"article","og_title":"A\u00f1o lit\u00fargico. A\u00f1o catequ\u00e9tico - CPL","og_description":"Puigdollers Noblom, Rodolf","og_url":"https:\/\/www.cpl.es\/producto\/ano-liturgico-ano-catequetico-9788498057850\/","og_site_name":"CPL","article_modified_time":"2023-12-05T12:38:54+00:00","og_image":[{"width":280,"height":391,"url":"https:\/\/www.cpl.es\/wp-content\/uploads\/101136.jpg","type":"image\/jpeg"}],"twitter_card":"summary_large_image","twitter_misc":{"Temps estimat de lectura":"1 minut"},"schema":{"@context":"https:\/\/schema.org","@graph":[{"@type":"WebPage","@id":"https:\/\/www.cpl.es\/producto\/ano-liturgico-ano-catequetico-9788498057850\/","url":"https:\/\/www.cpl.es\/producto\/ano-liturgico-ano-catequetico-9788498057850\/","name":"A\u00f1o lit\u00fargico. A\u00f1o catequ\u00e9tico - CPL","isPartOf":{"@id":"https:\/\/www.cpl.es\/#website"},"primaryImageOfPage":{"@id":"https:\/\/www.cpl.es\/producto\/ano-liturgico-ano-catequetico-9788498057850\/#primaryimage"},"image":{"@id":"https:\/\/www.cpl.es\/producto\/ano-liturgico-ano-catequetico-9788498057850\/#primaryimage"},"thumbnailUrl":"https:\/\/www.cpl.es\/wp-content\/uploads\/101136.jpg","datePublished":"2023-10-03T23:36:26+00:00","dateModified":"2023-12-05T12:38:54+00:00","breadcrumb":{"@id":"https:\/\/www.cpl.es\/producto\/ano-liturgico-ano-catequetico-9788498057850\/#breadcrumb"},"inLanguage":"ca","potentialAction":[{"@type":"ReadAction","target":["https:\/\/www.cpl.es\/producto\/ano-liturgico-ano-catequetico-9788498057850\/"]}]},{"@type":"ImageObject","inLanguage":"ca","@id":"https:\/\/www.cpl.es\/producto\/ano-liturgico-ano-catequetico-9788498057850\/#primaryimage","url":"https:\/\/www.cpl.es\/wp-content\/uploads\/101136.jpg","contentUrl":"https:\/\/www.cpl.es\/wp-content\/uploads\/101136.jpg","width":280,"height":391,"caption":"101136.jpg"},{"@type":"BreadcrumbList","@id":"https:\/\/www.cpl.es\/producto\/ano-liturgico-ano-catequetico-9788498057850\/#breadcrumb","itemListElement":[{"@type":"ListItem","position":1,"name":"Portada","item":"https:\/\/www.cpl.es\/ca\/"},{"@type":"ListItem","position":2,"name":"Cat\u00e0leg","item":"https:\/\/www.cpl.es\/ca\/cataleg\/"},{"@type":"ListItem","position":3,"name":"A\u00f1o lit\u00fargico. A\u00f1o catequ\u00e9tico"}]},{"@type":"WebSite","@id":"https:\/\/www.cpl.es\/#website","url":"https:\/\/www.cpl.es\/","name":"CPL","description":"Centre de Pastoral Lit\u00fargica de Barcelona","publisher":{"@id":"https:\/\/www.cpl.es\/#organization"},"alternateName":"Centre de Pastoral Lit\u00fargica","potentialAction":[{"@type":"SearchAction","target":{"@type":"EntryPoint","urlTemplate":"https:\/\/www.cpl.es\/?s={search_term_string}"},"query-input":{"@type":"PropertyValueSpecification","valueRequired":true,"valueName":"search_term_string"}}],"inLanguage":"ca"},{"@type":"Organization","@id":"https:\/\/www.cpl.es\/#organization","name":"Centre de Pastoral Lit\u00fargica","alternateName":"Centre de Pastoral Lit\u00fargica de Barcelona","url":"https:\/\/www.cpl.es\/","logo":{"@type":"ImageObject","inLanguage":"ca","@id":"https:\/\/www.cpl.es\/#\/schema\/logo\/image\/","url":"https:\/\/www.cpl.es\/wp-content\/uploads\/logo-cpl.svg","contentUrl":"https:\/\/www.cpl.es\/wp-content\/uploads\/logo-cpl.svg","caption":"Centre de Pastoral Lit\u00fargica"},"image":{"@id":"https:\/\/www.cpl.es\/#\/schema\/logo\/image\/"}}]}},"_links":{"self":[{"href":"https:\/\/www.cpl.es\/ca\/wp-json\/wp\/v2\/product\/2262","targetHints":{"allow":["GET"]}}],"collection":[{"href":"https:\/\/www.cpl.es\/ca\/wp-json\/wp\/v2\/product"}],"about":[{"href":"https:\/\/www.cpl.es\/ca\/wp-json\/wp\/v2\/types\/product"}],"wp:featuredmedia":[{"embeddable":true,"href":"https:\/\/www.cpl.es\/ca\/wp-json\/wp\/v2\/media\/2263"}],"wp:attachment":[{"href":"https:\/\/www.cpl.es\/ca\/wp-json\/wp\/v2\/media?parent=2262"}],"wp:term":[{"taxonomy":"product_brand","embeddable":true,"href":"https:\/\/www.cpl.es\/ca\/wp-json\/wp\/v2\/product_brand?post=2262"},{"taxonomy":"product_cat","embeddable":true,"href":"https:\/\/www.cpl.es\/ca\/wp-json\/wp\/v2\/product_cat?post=2262"},{"taxonomy":"product_tag","embeddable":true,"href":"https:\/\/www.cpl.es\/ca\/wp-json\/wp\/v2\/product_tag?post=2262"}],"curies":[{"name":"wp","href":"https:\/\/api.w.org\/{rel}","templated":true}]}}