{"id":2253,"date":"2023-10-04T01:36:09","date_gmt":"2023-10-03T23:36:09","guid":{"rendered":"https:\/\/nuevaweb.cpl.es\/producto\/ceferino-jimenez-malla-el-pele-un-gitano-martir-9788498058000\/"},"modified":"2026-02-12T17:20:54","modified_gmt":"2026-02-12T16:20:54","slug":"ceferino-jimenez-malla-el-pele-un-gitano-martir-9788498058000","status":"publish","type":"product","link":"https:\/\/www.cpl.es\/ca\/producto\/ceferino-jimenez-malla-el-pele-un-gitano-martir-9788498058000\/","title":{"rendered":"Ceferino Jim\u00e9nez Malla, &#8216;el Pel\u00e9&#8217;, un gitano m\u00e1rtir"},"content":{"rendered":"<p>Un gitano que muri\u00f3 m\u00e1rtir en la persecuci\u00f3n religiosa de la guerra civil espa\u00f1ola, en 1936.<\/p>\n<p>Y la historia empieza as\u00ed:<\/p>\n<p>&#8216;Ya nadie podr\u00e1 afirmar nunca m\u00e1s Todos los gitanos son unos&#8230;'\u009d (a\u00f1\u00e1dase aqu\u00ed cualquier calificativo peyorativo). &#8216;Gracias a &#8216;El Pel\u00e9' eso ya no ser\u00eda verdad; porque \u00e9l fue bueno en todo'\u009d. As\u00ed se expresaba con gran solemnidad un gitano, con las mejillas rojas de satisfacci\u00f3n y la voz muy ronca despu\u00e9s de haber gritado mucho en la explanada que hay frente a la bas\u00edlica de San Pedro del Vaticano. Acababa de concluirse la ceremonia presidida por el papa Juan Pablo II en la que Ceferino Jim\u00e9nez Malla fue declarado beato, como m\u00e1rtir que dio su vida por Cristo en los inicios de la guerra civil espa\u00f1ola. Era el domingo 4 de mayo del 1997&#8242;. <\/p>\n","protected":false},"excerpt":{"rendered":"<p>Pastoral Gitana de Barcelona<\/p>\n","protected":false},"featured_media":2254,"template":"","meta":{"_acf_changed":false,"inline_featured_image":false},"product_brand":[],"product_cat":[133,112,53,70,154],"product_tag":[],"class_list":{"0":"post-2253","1":"product","2":"type-product","3":"status-publish","4":"has-post-thumbnail","6":"product_cat-santoral-any-liturgic-per-temes","7":"product_cat-santoral","8":"product_cat-santos-y-santas","9":"product_cat-sants-i-santes","10":"product_cat-vida-de-santos","12":"first","13":"instock","14":"taxable","15":"shipping-taxable","16":"purchasable","17":"product-type-simple"},"acf":{"autor":"Pastoral Gitana de Barcelona","codart":"112223","ediciones":"1","encuadernacion":"Grapado","fecha_de_publicacion":"23\/03\/2015","novedad":false,"paginas":"28","subtitulo":"","orden":"999","portada":false,"idioma":"spa","editorial":[{"ID":6736,"post_author":"2","post_date":"2023-10-06 08:35:24","post_date_gmt":"2023-10-06 06:35:24","post_content":"","post_title":"CPL","post_excerpt":"","post_status":"publish","comment_status":"closed","ping_status":"closed","post_password":"","post_name":"cpl","to_ping":"","pinged":"","post_modified":"2023-10-06 08:35:24","post_modified_gmt":"2023-10-06 06:35:24","post_content_filtered":"","post_parent":0,"guid":"https:\/\/nuevaweb.cpl.es\/editorial\/cpl\/","menu_order":0,"post_type":"editorial","post_mime_type":"","comment_count":"0","filter":"raw"}],"coleccion_num":"223"},"yoast_head":"<!-- This site is optimized with the Yoast SEO plugin v27.3 - https:\/\/yoast.com\/product\/yoast-seo-wordpress\/ -->\n<title>Ceferino Jim\u00e9nez Malla, &#039;el Pel\u00e9&#039;, un gitano m\u00e1rtir - CPL<\/title>\n<meta name=\"robots\" content=\"index, follow, max-snippet:-1, max-image-preview:large, max-video-preview:-1\" \/>\n<link rel=\"canonical\" href=\"https:\/\/www.cpl.es\/producto\/ceferino-jimenez-malla-el-pele-un-gitano-martir-9788498058000\/\" \/>\n<meta property=\"og:locale\" content=\"ca_ES\" \/>\n<meta property=\"og:type\" content=\"article\" \/>\n<meta property=\"og:title\" content=\"Ceferino Jim\u00e9nez Malla, &#039;el Pel\u00e9&#039;, un gitano m\u00e1rtir - CPL\" \/>\n<meta property=\"og:description\" content=\"Pastoral Gitana de Barcelona\" \/>\n<meta property=\"og:url\" content=\"https:\/\/www.cpl.es\/producto\/ceferino-jimenez-malla-el-pele-un-gitano-martir-9788498058000\/\" \/>\n<meta property=\"og:site_name\" content=\"CPL\" \/>\n<meta property=\"article:modified_time\" content=\"2026-02-12T16:20:54+00:00\" \/>\n<meta property=\"og:image\" content=\"https:\/\/www.cpl.es\/wp-content\/uploads\/112223.jpg\" \/>\n\t<meta property=\"og:image:width\" content=\"280\" \/>\n\t<meta property=\"og:image:height\" content=\"417\" \/>\n\t<meta property=\"og:image:type\" content=\"image\/jpeg\" \/>\n<meta name=\"twitter:card\" content=\"summary_large_image\" \/>\n<meta name=\"twitter:label1\" content=\"Temps estimat de lectura\" \/>\n\t<meta name=\"twitter:data1\" content=\"1 minut\" \/>\n<script type=\"application\/ld+json\" class=\"yoast-schema-graph\">{\"@context\":\"https:\\\/\\\/schema.org\",\"@graph\":[{\"@type\":\"WebPage\",\"@id\":\"https:\\\/\\\/www.cpl.es\\\/producto\\\/ceferino-jimenez-malla-el-pele-un-gitano-martir-9788498058000\\\/\",\"url\":\"https:\\\/\\\/www.cpl.es\\\/producto\\\/ceferino-jimenez-malla-el-pele-un-gitano-martir-9788498058000\\\/\",\"name\":\"Ceferino Jim\u00e9nez Malla, 'el Pel\u00e9', un gitano m\u00e1rtir - CPL\",\"isPartOf\":{\"@id\":\"https:\\\/\\\/www.cpl.es\\\/#website\"},\"primaryImageOfPage\":{\"@id\":\"https:\\\/\\\/www.cpl.es\\\/producto\\\/ceferino-jimenez-malla-el-pele-un-gitano-martir-9788498058000\\\/#primaryimage\"},\"image\":{\"@id\":\"https:\\\/\\\/www.cpl.es\\\/producto\\\/ceferino-jimenez-malla-el-pele-un-gitano-martir-9788498058000\\\/#primaryimage\"},\"thumbnailUrl\":\"https:\\\/\\\/www.cpl.es\\\/wp-content\\\/uploads\\\/112223.jpg\",\"datePublished\":\"2023-10-03T23:36:09+00:00\",\"dateModified\":\"2026-02-12T16:20:54+00:00\",\"breadcrumb\":{\"@id\":\"https:\\\/\\\/www.cpl.es\\\/producto\\\/ceferino-jimenez-malla-el-pele-un-gitano-martir-9788498058000\\\/#breadcrumb\"},\"inLanguage\":\"ca\",\"potentialAction\":[{\"@type\":\"ReadAction\",\"target\":[\"https:\\\/\\\/www.cpl.es\\\/producto\\\/ceferino-jimenez-malla-el-pele-un-gitano-martir-9788498058000\\\/\"]}]},{\"@type\":\"ImageObject\",\"inLanguage\":\"ca\",\"@id\":\"https:\\\/\\\/www.cpl.es\\\/producto\\\/ceferino-jimenez-malla-el-pele-un-gitano-martir-9788498058000\\\/#primaryimage\",\"url\":\"https:\\\/\\\/www.cpl.es\\\/wp-content\\\/uploads\\\/112223.jpg\",\"contentUrl\":\"https:\\\/\\\/www.cpl.es\\\/wp-content\\\/uploads\\\/112223.jpg\",\"width\":280,\"height\":417,\"caption\":\"112223.jpg\"},{\"@type\":\"BreadcrumbList\",\"@id\":\"https:\\\/\\\/www.cpl.es\\\/producto\\\/ceferino-jimenez-malla-el-pele-un-gitano-martir-9788498058000\\\/#breadcrumb\",\"itemListElement\":[{\"@type\":\"ListItem\",\"position\":1,\"name\":\"Portada\",\"item\":\"https:\\\/\\\/www.cpl.es\\\/ca\\\/\"},{\"@type\":\"ListItem\",\"position\":2,\"name\":\"Cat\u00e0leg\",\"item\":\"https:\\\/\\\/www.cpl.es\\\/ca\\\/cataleg\\\/\"},{\"@type\":\"ListItem\",\"position\":3,\"name\":\"Ceferino Jim\u00e9nez Malla, &#8216;el Pel\u00e9&#8217;, un gitano m\u00e1rtir\"}]},{\"@type\":\"WebSite\",\"@id\":\"https:\\\/\\\/www.cpl.es\\\/#website\",\"url\":\"https:\\\/\\\/www.cpl.es\\\/\",\"name\":\"CPL\",\"description\":\"Centre de Pastoral Lit\u00fargica de Barcelona\",\"publisher\":{\"@id\":\"https:\\\/\\\/www.cpl.es\\\/#organization\"},\"alternateName\":\"Centre de Pastoral Lit\u00fargica\",\"potentialAction\":[{\"@type\":\"SearchAction\",\"target\":{\"@type\":\"EntryPoint\",\"urlTemplate\":\"https:\\\/\\\/www.cpl.es\\\/?s={search_term_string}\"},\"query-input\":{\"@type\":\"PropertyValueSpecification\",\"valueRequired\":true,\"valueName\":\"search_term_string\"}}],\"inLanguage\":\"ca\"},{\"@type\":\"Organization\",\"@id\":\"https:\\\/\\\/www.cpl.es\\\/#organization\",\"name\":\"Centre de Pastoral Lit\u00fargica\",\"alternateName\":\"Centre de Pastoral Lit\u00fargica de Barcelona\",\"url\":\"https:\\\/\\\/www.cpl.es\\\/\",\"logo\":{\"@type\":\"ImageObject\",\"inLanguage\":\"ca\",\"@id\":\"https:\\\/\\\/www.cpl.es\\\/#\\\/schema\\\/logo\\\/image\\\/\",\"url\":\"https:\\\/\\\/www.cpl.es\\\/wp-content\\\/uploads\\\/logo-cpl.svg\",\"contentUrl\":\"https:\\\/\\\/www.cpl.es\\\/wp-content\\\/uploads\\\/logo-cpl.svg\",\"caption\":\"Centre de Pastoral Lit\u00fargica\"},\"image\":{\"@id\":\"https:\\\/\\\/www.cpl.es\\\/#\\\/schema\\\/logo\\\/image\\\/\"}}]}<\/script>\n<!-- \/ Yoast SEO plugin. -->","yoast_head_json":{"title":"Ceferino Jim\u00e9nez Malla, 'el Pel\u00e9', un gitano m\u00e1rtir - CPL","robots":{"index":"index","follow":"follow","max-snippet":"max-snippet:-1","max-image-preview":"max-image-preview:large","max-video-preview":"max-video-preview:-1"},"canonical":"https:\/\/www.cpl.es\/producto\/ceferino-jimenez-malla-el-pele-un-gitano-martir-9788498058000\/","og_locale":"ca_ES","og_type":"article","og_title":"Ceferino Jim\u00e9nez Malla, 'el Pel\u00e9', un gitano m\u00e1rtir - CPL","og_description":"Pastoral Gitana de Barcelona","og_url":"https:\/\/www.cpl.es\/producto\/ceferino-jimenez-malla-el-pele-un-gitano-martir-9788498058000\/","og_site_name":"CPL","article_modified_time":"2026-02-12T16:20:54+00:00","og_image":[{"width":280,"height":417,"url":"https:\/\/www.cpl.es\/wp-content\/uploads\/112223.jpg","type":"image\/jpeg"}],"twitter_card":"summary_large_image","twitter_misc":{"Temps estimat de lectura":"1 minut"},"schema":{"@context":"https:\/\/schema.org","@graph":[{"@type":"WebPage","@id":"https:\/\/www.cpl.es\/producto\/ceferino-jimenez-malla-el-pele-un-gitano-martir-9788498058000\/","url":"https:\/\/www.cpl.es\/producto\/ceferino-jimenez-malla-el-pele-un-gitano-martir-9788498058000\/","name":"Ceferino Jim\u00e9nez Malla, 'el Pel\u00e9', un gitano m\u00e1rtir - CPL","isPartOf":{"@id":"https:\/\/www.cpl.es\/#website"},"primaryImageOfPage":{"@id":"https:\/\/www.cpl.es\/producto\/ceferino-jimenez-malla-el-pele-un-gitano-martir-9788498058000\/#primaryimage"},"image":{"@id":"https:\/\/www.cpl.es\/producto\/ceferino-jimenez-malla-el-pele-un-gitano-martir-9788498058000\/#primaryimage"},"thumbnailUrl":"https:\/\/www.cpl.es\/wp-content\/uploads\/112223.jpg","datePublished":"2023-10-03T23:36:09+00:00","dateModified":"2026-02-12T16:20:54+00:00","breadcrumb":{"@id":"https:\/\/www.cpl.es\/producto\/ceferino-jimenez-malla-el-pele-un-gitano-martir-9788498058000\/#breadcrumb"},"inLanguage":"ca","potentialAction":[{"@type":"ReadAction","target":["https:\/\/www.cpl.es\/producto\/ceferino-jimenez-malla-el-pele-un-gitano-martir-9788498058000\/"]}]},{"@type":"ImageObject","inLanguage":"ca","@id":"https:\/\/www.cpl.es\/producto\/ceferino-jimenez-malla-el-pele-un-gitano-martir-9788498058000\/#primaryimage","url":"https:\/\/www.cpl.es\/wp-content\/uploads\/112223.jpg","contentUrl":"https:\/\/www.cpl.es\/wp-content\/uploads\/112223.jpg","width":280,"height":417,"caption":"112223.jpg"},{"@type":"BreadcrumbList","@id":"https:\/\/www.cpl.es\/producto\/ceferino-jimenez-malla-el-pele-un-gitano-martir-9788498058000\/#breadcrumb","itemListElement":[{"@type":"ListItem","position":1,"name":"Portada","item":"https:\/\/www.cpl.es\/ca\/"},{"@type":"ListItem","position":2,"name":"Cat\u00e0leg","item":"https:\/\/www.cpl.es\/ca\/cataleg\/"},{"@type":"ListItem","position":3,"name":"Ceferino Jim\u00e9nez Malla, &#8216;el Pel\u00e9&#8217;, un gitano m\u00e1rtir"}]},{"@type":"WebSite","@id":"https:\/\/www.cpl.es\/#website","url":"https:\/\/www.cpl.es\/","name":"CPL","description":"Centre de Pastoral Lit\u00fargica de Barcelona","publisher":{"@id":"https:\/\/www.cpl.es\/#organization"},"alternateName":"Centre de Pastoral Lit\u00fargica","potentialAction":[{"@type":"SearchAction","target":{"@type":"EntryPoint","urlTemplate":"https:\/\/www.cpl.es\/?s={search_term_string}"},"query-input":{"@type":"PropertyValueSpecification","valueRequired":true,"valueName":"search_term_string"}}],"inLanguage":"ca"},{"@type":"Organization","@id":"https:\/\/www.cpl.es\/#organization","name":"Centre de Pastoral Lit\u00fargica","alternateName":"Centre de Pastoral Lit\u00fargica de Barcelona","url":"https:\/\/www.cpl.es\/","logo":{"@type":"ImageObject","inLanguage":"ca","@id":"https:\/\/www.cpl.es\/#\/schema\/logo\/image\/","url":"https:\/\/www.cpl.es\/wp-content\/uploads\/logo-cpl.svg","contentUrl":"https:\/\/www.cpl.es\/wp-content\/uploads\/logo-cpl.svg","caption":"Centre de Pastoral Lit\u00fargica"},"image":{"@id":"https:\/\/www.cpl.es\/#\/schema\/logo\/image\/"}}]}},"_links":{"self":[{"href":"https:\/\/www.cpl.es\/ca\/wp-json\/wp\/v2\/product\/2253","targetHints":{"allow":["GET"]}}],"collection":[{"href":"https:\/\/www.cpl.es\/ca\/wp-json\/wp\/v2\/product"}],"about":[{"href":"https:\/\/www.cpl.es\/ca\/wp-json\/wp\/v2\/types\/product"}],"wp:featuredmedia":[{"embeddable":true,"href":"https:\/\/www.cpl.es\/ca\/wp-json\/wp\/v2\/media\/2254"}],"wp:attachment":[{"href":"https:\/\/www.cpl.es\/ca\/wp-json\/wp\/v2\/media?parent=2253"}],"wp:term":[{"taxonomy":"product_brand","embeddable":true,"href":"https:\/\/www.cpl.es\/ca\/wp-json\/wp\/v2\/product_brand?post=2253"},{"taxonomy":"product_cat","embeddable":true,"href":"https:\/\/www.cpl.es\/ca\/wp-json\/wp\/v2\/product_cat?post=2253"},{"taxonomy":"product_tag","embeddable":true,"href":"https:\/\/www.cpl.es\/ca\/wp-json\/wp\/v2\/product_tag?post=2253"}],"curies":[{"name":"wp","href":"https:\/\/api.w.org\/{rel}","templated":true}]}}