{"id":2235,"date":"2023-10-04T01:35:36","date_gmt":"2023-10-03T23:35:36","guid":{"rendered":"https:\/\/nuevaweb.cpl.es\/producto\/les-diverses-esglesies-i-comunitats-cristianes-9788498057935\/"},"modified":"2023-10-04T01:35:39","modified_gmt":"2023-10-03T23:35:39","slug":"les-diverses-esglesies-i-comunitats-cristianes-9788498057935","status":"publish","type":"product","link":"https:\/\/www.cpl.es\/ca\/producto\/les-diverses-esglesies-i-comunitats-cristianes-9788498057935\/","title":{"rendered":"Les diverses Esgl\u00e9sies i comunitats cristianes"},"content":{"rendered":"<p>La unitat de les Esglesies es un dels grans reptes que tenim pendents els qui creiem en Jesucrist, per fer creible davant el mon la nostra fe. Els cristians, en efecte, portem damunt nostre un llarg historial d\u00a1\u00a6enfrontaments i divisions, que configuren avui un panorama que certament fa mal. Si no volem viure d\u00a1\u00a6esquena a aquesta situacio, un primer pas que ens cal fer es mirar de coneixer la realitat. I aquest llibre ens hi ajuda, oferint-nos una panoramica de les diverses<br \/>Esglesies i comunitats cristianes, juntament amb els motius -a vegades seriosament profunds, altres vegades lamentablement superficials- que han provocat aquestes divisions. Sens dubte, un llibre necessari per a tot creient interessat en el cami de l'Esglesia.<\/p>\n<p>Jose Antonio Goni (Pamplona, 1976) es un jove capella navarres, amb amplis coneixements de teologia, liturgia i historia, membre del CPL i cap de redaccio de la revista Phase, que, amb una exposicio clara i ben ordenada, ens presenta aquesta complexa realitat que tant s'allunya d\u00a1\u00a6allo que Jesus va demanar en el seu darrer sopar: \u00a1'Que tots siguin u!'\u00a8.<\/p>\n","protected":false},"excerpt":{"rendered":"<p>Go\u00f1i Beasoain de Paulorena, Jos\u00e9 Antonio<\/p>\n","protected":false},"featured_media":2236,"template":"","meta":{"_acf_changed":false,"inline_featured_image":false},"product_brand":[],"product_cat":[73],"product_tag":[],"class_list":{"0":"post-2235","1":"product","2":"type-product","3":"status-publish","4":"has-post-thumbnail","6":"product_cat-emaus-colleccions-catala","8":"first","9":"instock","10":"taxable","11":"shipping-taxable","12":"purchasable","13":"product-type-simple"},"acf":{"autor":"Go\u00f1i Beasoain de Paulorena, Jos\u00e9 Antonio","codart":"208121","ediciones":"1","encuadernacion":"R\u00fastica","fecha_de_publicacion":"24\/03\/2015","novedad":false,"paginas":"132","subtitulo":"G\u00e8nesi i desenvolupament hist\u00f2ric","orden":"60","portada":false,"idioma":"cat","editorial":[{"ID":6736,"post_author":"2","post_date":"2023-10-06 08:35:24","post_date_gmt":"2023-10-06 06:35:24","post_content":"","post_title":"CPL","post_excerpt":"","post_status":"publish","comment_status":"closed","ping_status":"closed","post_password":"","post_name":"cpl","to_ping":"","pinged":"","post_modified":"2023-10-06 08:35:24","post_modified_gmt":"2023-10-06 06:35:24","post_content_filtered":"","post_parent":0,"guid":"https:\/\/nuevaweb.cpl.es\/editorial\/cpl\/","menu_order":0,"post_type":"editorial","post_mime_type":"","comment_count":"0","filter":"raw"}]},"yoast_head":"<!-- This site is optimized with the Yoast SEO plugin v27.3 - https:\/\/yoast.com\/product\/yoast-seo-wordpress\/ -->\n<title>Les diverses Esgl\u00e9sies i comunitats cristianes - CPL<\/title>\n<meta name=\"robots\" content=\"index, follow, max-snippet:-1, max-image-preview:large, max-video-preview:-1\" \/>\n<link rel=\"canonical\" href=\"https:\/\/www.cpl.es\/producto\/les-diverses-esglesies-i-comunitats-cristianes-9788498057935\/\" \/>\n<meta property=\"og:locale\" content=\"ca_ES\" \/>\n<meta property=\"og:type\" content=\"article\" \/>\n<meta property=\"og:title\" content=\"Les diverses Esgl\u00e9sies i comunitats cristianes - CPL\" \/>\n<meta property=\"og:description\" content=\"Go\u00f1i Beasoain de Paulorena, Jos\u00e9 Antonio\" \/>\n<meta property=\"og:url\" content=\"https:\/\/www.cpl.es\/producto\/les-diverses-esglesies-i-comunitats-cristianes-9788498057935\/\" \/>\n<meta property=\"og:site_name\" content=\"CPL\" \/>\n<meta property=\"article:modified_time\" content=\"2023-10-03T23:35:39+00:00\" \/>\n<meta property=\"og:image\" content=\"https:\/\/www.cpl.es\/wp-content\/uploads\/208121.jpg\" \/>\n\t<meta property=\"og:image:width\" content=\"250\" \/>\n\t<meta property=\"og:image:height\" content=\"396\" \/>\n\t<meta property=\"og:image:type\" content=\"image\/jpeg\" \/>\n<meta name=\"twitter:card\" content=\"summary_large_image\" \/>\n<meta name=\"twitter:label1\" content=\"Temps estimat de lectura\" \/>\n\t<meta name=\"twitter:data1\" content=\"1 minut\" \/>\n<script type=\"application\/ld+json\" class=\"yoast-schema-graph\">{\"@context\":\"https:\\\/\\\/schema.org\",\"@graph\":[{\"@type\":\"WebPage\",\"@id\":\"https:\\\/\\\/www.cpl.es\\\/producto\\\/les-diverses-esglesies-i-comunitats-cristianes-9788498057935\\\/\",\"url\":\"https:\\\/\\\/www.cpl.es\\\/producto\\\/les-diverses-esglesies-i-comunitats-cristianes-9788498057935\\\/\",\"name\":\"Les diverses Esgl\u00e9sies i comunitats cristianes - CPL\",\"isPartOf\":{\"@id\":\"https:\\\/\\\/www.cpl.es\\\/#website\"},\"primaryImageOfPage\":{\"@id\":\"https:\\\/\\\/www.cpl.es\\\/producto\\\/les-diverses-esglesies-i-comunitats-cristianes-9788498057935\\\/#primaryimage\"},\"image\":{\"@id\":\"https:\\\/\\\/www.cpl.es\\\/producto\\\/les-diverses-esglesies-i-comunitats-cristianes-9788498057935\\\/#primaryimage\"},\"thumbnailUrl\":\"https:\\\/\\\/www.cpl.es\\\/wp-content\\\/uploads\\\/208121.jpg\",\"datePublished\":\"2023-10-03T23:35:36+00:00\",\"dateModified\":\"2023-10-03T23:35:39+00:00\",\"breadcrumb\":{\"@id\":\"https:\\\/\\\/www.cpl.es\\\/producto\\\/les-diverses-esglesies-i-comunitats-cristianes-9788498057935\\\/#breadcrumb\"},\"inLanguage\":\"ca\",\"potentialAction\":[{\"@type\":\"ReadAction\",\"target\":[\"https:\\\/\\\/www.cpl.es\\\/producto\\\/les-diverses-esglesies-i-comunitats-cristianes-9788498057935\\\/\"]}]},{\"@type\":\"ImageObject\",\"inLanguage\":\"ca\",\"@id\":\"https:\\\/\\\/www.cpl.es\\\/producto\\\/les-diverses-esglesies-i-comunitats-cristianes-9788498057935\\\/#primaryimage\",\"url\":\"https:\\\/\\\/www.cpl.es\\\/wp-content\\\/uploads\\\/208121.jpg\",\"contentUrl\":\"https:\\\/\\\/www.cpl.es\\\/wp-content\\\/uploads\\\/208121.jpg\",\"width\":250,\"height\":396,\"caption\":\"208121.jpg\"},{\"@type\":\"BreadcrumbList\",\"@id\":\"https:\\\/\\\/www.cpl.es\\\/producto\\\/les-diverses-esglesies-i-comunitats-cristianes-9788498057935\\\/#breadcrumb\",\"itemListElement\":[{\"@type\":\"ListItem\",\"position\":1,\"name\":\"Portada\",\"item\":\"https:\\\/\\\/www.cpl.es\\\/ca\\\/\"},{\"@type\":\"ListItem\",\"position\":2,\"name\":\"Cat\u00e0leg\",\"item\":\"https:\\\/\\\/www.cpl.es\\\/ca\\\/cataleg\\\/\"},{\"@type\":\"ListItem\",\"position\":3,\"name\":\"Les diverses Esgl\u00e9sies i comunitats cristianes\"}]},{\"@type\":\"WebSite\",\"@id\":\"https:\\\/\\\/www.cpl.es\\\/#website\",\"url\":\"https:\\\/\\\/www.cpl.es\\\/\",\"name\":\"CPL\",\"description\":\"Centre de Pastoral Lit\u00fargica de Barcelona\",\"publisher\":{\"@id\":\"https:\\\/\\\/www.cpl.es\\\/#organization\"},\"alternateName\":\"Centre de Pastoral Lit\u00fargica\",\"potentialAction\":[{\"@type\":\"SearchAction\",\"target\":{\"@type\":\"EntryPoint\",\"urlTemplate\":\"https:\\\/\\\/www.cpl.es\\\/?s={search_term_string}\"},\"query-input\":{\"@type\":\"PropertyValueSpecification\",\"valueRequired\":true,\"valueName\":\"search_term_string\"}}],\"inLanguage\":\"ca\"},{\"@type\":\"Organization\",\"@id\":\"https:\\\/\\\/www.cpl.es\\\/#organization\",\"name\":\"Centre de Pastoral Lit\u00fargica\",\"alternateName\":\"Centre de Pastoral Lit\u00fargica de Barcelona\",\"url\":\"https:\\\/\\\/www.cpl.es\\\/\",\"logo\":{\"@type\":\"ImageObject\",\"inLanguage\":\"ca\",\"@id\":\"https:\\\/\\\/www.cpl.es\\\/#\\\/schema\\\/logo\\\/image\\\/\",\"url\":\"https:\\\/\\\/www.cpl.es\\\/wp-content\\\/uploads\\\/logo-cpl.svg\",\"contentUrl\":\"https:\\\/\\\/www.cpl.es\\\/wp-content\\\/uploads\\\/logo-cpl.svg\",\"caption\":\"Centre de Pastoral Lit\u00fargica\"},\"image\":{\"@id\":\"https:\\\/\\\/www.cpl.es\\\/#\\\/schema\\\/logo\\\/image\\\/\"}}]}<\/script>\n<!-- \/ Yoast SEO plugin. -->","yoast_head_json":{"title":"Les diverses Esgl\u00e9sies i comunitats cristianes - CPL","robots":{"index":"index","follow":"follow","max-snippet":"max-snippet:-1","max-image-preview":"max-image-preview:large","max-video-preview":"max-video-preview:-1"},"canonical":"https:\/\/www.cpl.es\/producto\/les-diverses-esglesies-i-comunitats-cristianes-9788498057935\/","og_locale":"ca_ES","og_type":"article","og_title":"Les diverses Esgl\u00e9sies i comunitats cristianes - CPL","og_description":"Go\u00f1i Beasoain de Paulorena, Jos\u00e9 Antonio","og_url":"https:\/\/www.cpl.es\/producto\/les-diverses-esglesies-i-comunitats-cristianes-9788498057935\/","og_site_name":"CPL","article_modified_time":"2023-10-03T23:35:39+00:00","og_image":[{"width":250,"height":396,"url":"https:\/\/www.cpl.es\/wp-content\/uploads\/208121.jpg","type":"image\/jpeg"}],"twitter_card":"summary_large_image","twitter_misc":{"Temps estimat de lectura":"1 minut"},"schema":{"@context":"https:\/\/schema.org","@graph":[{"@type":"WebPage","@id":"https:\/\/www.cpl.es\/producto\/les-diverses-esglesies-i-comunitats-cristianes-9788498057935\/","url":"https:\/\/www.cpl.es\/producto\/les-diverses-esglesies-i-comunitats-cristianes-9788498057935\/","name":"Les diverses Esgl\u00e9sies i comunitats cristianes - CPL","isPartOf":{"@id":"https:\/\/www.cpl.es\/#website"},"primaryImageOfPage":{"@id":"https:\/\/www.cpl.es\/producto\/les-diverses-esglesies-i-comunitats-cristianes-9788498057935\/#primaryimage"},"image":{"@id":"https:\/\/www.cpl.es\/producto\/les-diverses-esglesies-i-comunitats-cristianes-9788498057935\/#primaryimage"},"thumbnailUrl":"https:\/\/www.cpl.es\/wp-content\/uploads\/208121.jpg","datePublished":"2023-10-03T23:35:36+00:00","dateModified":"2023-10-03T23:35:39+00:00","breadcrumb":{"@id":"https:\/\/www.cpl.es\/producto\/les-diverses-esglesies-i-comunitats-cristianes-9788498057935\/#breadcrumb"},"inLanguage":"ca","potentialAction":[{"@type":"ReadAction","target":["https:\/\/www.cpl.es\/producto\/les-diverses-esglesies-i-comunitats-cristianes-9788498057935\/"]}]},{"@type":"ImageObject","inLanguage":"ca","@id":"https:\/\/www.cpl.es\/producto\/les-diverses-esglesies-i-comunitats-cristianes-9788498057935\/#primaryimage","url":"https:\/\/www.cpl.es\/wp-content\/uploads\/208121.jpg","contentUrl":"https:\/\/www.cpl.es\/wp-content\/uploads\/208121.jpg","width":250,"height":396,"caption":"208121.jpg"},{"@type":"BreadcrumbList","@id":"https:\/\/www.cpl.es\/producto\/les-diverses-esglesies-i-comunitats-cristianes-9788498057935\/#breadcrumb","itemListElement":[{"@type":"ListItem","position":1,"name":"Portada","item":"https:\/\/www.cpl.es\/ca\/"},{"@type":"ListItem","position":2,"name":"Cat\u00e0leg","item":"https:\/\/www.cpl.es\/ca\/cataleg\/"},{"@type":"ListItem","position":3,"name":"Les diverses Esgl\u00e9sies i comunitats cristianes"}]},{"@type":"WebSite","@id":"https:\/\/www.cpl.es\/#website","url":"https:\/\/www.cpl.es\/","name":"CPL","description":"Centre de Pastoral Lit\u00fargica de Barcelona","publisher":{"@id":"https:\/\/www.cpl.es\/#organization"},"alternateName":"Centre de Pastoral Lit\u00fargica","potentialAction":[{"@type":"SearchAction","target":{"@type":"EntryPoint","urlTemplate":"https:\/\/www.cpl.es\/?s={search_term_string}"},"query-input":{"@type":"PropertyValueSpecification","valueRequired":true,"valueName":"search_term_string"}}],"inLanguage":"ca"},{"@type":"Organization","@id":"https:\/\/www.cpl.es\/#organization","name":"Centre de Pastoral Lit\u00fargica","alternateName":"Centre de Pastoral Lit\u00fargica de Barcelona","url":"https:\/\/www.cpl.es\/","logo":{"@type":"ImageObject","inLanguage":"ca","@id":"https:\/\/www.cpl.es\/#\/schema\/logo\/image\/","url":"https:\/\/www.cpl.es\/wp-content\/uploads\/logo-cpl.svg","contentUrl":"https:\/\/www.cpl.es\/wp-content\/uploads\/logo-cpl.svg","caption":"Centre de Pastoral Lit\u00fargica"},"image":{"@id":"https:\/\/www.cpl.es\/#\/schema\/logo\/image\/"}}]}},"_links":{"self":[{"href":"https:\/\/www.cpl.es\/ca\/wp-json\/wp\/v2\/product\/2235","targetHints":{"allow":["GET"]}}],"collection":[{"href":"https:\/\/www.cpl.es\/ca\/wp-json\/wp\/v2\/product"}],"about":[{"href":"https:\/\/www.cpl.es\/ca\/wp-json\/wp\/v2\/types\/product"}],"wp:featuredmedia":[{"embeddable":true,"href":"https:\/\/www.cpl.es\/ca\/wp-json\/wp\/v2\/media\/2236"}],"wp:attachment":[{"href":"https:\/\/www.cpl.es\/ca\/wp-json\/wp\/v2\/media?parent=2235"}],"wp:term":[{"taxonomy":"product_brand","embeddable":true,"href":"https:\/\/www.cpl.es\/ca\/wp-json\/wp\/v2\/product_brand?post=2235"},{"taxonomy":"product_cat","embeddable":true,"href":"https:\/\/www.cpl.es\/ca\/wp-json\/wp\/v2\/product_cat?post=2235"},{"taxonomy":"product_tag","embeddable":true,"href":"https:\/\/www.cpl.es\/ca\/wp-json\/wp\/v2\/product_tag?post=2235"}],"curies":[{"name":"wp","href":"https:\/\/api.w.org\/{rel}","templated":true}]}}