{"id":2154,"date":"2023-10-04T01:33:05","date_gmt":"2023-10-03T23:33:05","guid":{"rendered":"https:\/\/nuevaweb.cpl.es\/producto\/homilias-para-las-misas-con-ninos-ciclo-c-9788498058505\/"},"modified":"2025-03-13T18:58:11","modified_gmt":"2025-03-13T17:58:11","slug":"homilias-para-las-misas-con-ninos-ciclo-c-9788498058505","status":"publish","type":"product","link":"https:\/\/www.cpl.es\/ca\/producto\/homilias-para-las-misas-con-ninos-ciclo-c-9788498058505\/","title":{"rendered":"Homil\u00edas para las misas con ni\u00f1os. Ciclo C"},"content":{"rendered":"<p>Explicar el evangelio a los ni\u00f1os y ni\u00f1as, sea en la homil\u00eda de la misa o sea como explicaci\u00f3n cuando se les separa de la asamblea para la Liturgia de la Palabra, es una de las tareas importantes a realizar por parte de los curas, di\u00e1conos o catequistas. Porque aprender, en esa edad primera, a descubrir a Jes\u00fas y llenarse de la riqueza de su palabra y su vida es un camino inmejorable para que la fe crezca con s\u00f3lidas ra\u00edces.<br \/>Este libro es una oferta de materiales para facilitar esa homil\u00eda o explicaci\u00f3n, para todos los domingos y fiestas del ciclo C; unos materiales que han sido preparados por diez autores distintos, cada uno desde su propio estilo y experiencia, lo cual sin duda contribuye a enriquecer el conjunto. Para cada uno de los d\u00edas, se presentan unos puntos que ayudan a profundizar en el texto y acercarlo a los ni\u00f1os, y luego se ofrece tambi\u00e9n una breve homil\u00eda ya redactada, no para ser utilizada directamente, sino para ayudar a concretar las ideas. Tras la buena acogida lograda por el volumen correspondiente al ciclo A, estamos convencidos de que este tambi\u00e9n prestar\u00e1 un muy buen servicio.<\/p>\n","protected":false},"excerpt":{"rendered":"<p>vv.aa.<\/p>\n","protected":false},"featured_media":2155,"template":"","meta":{"_acf_changed":false,"inline_featured_image":false},"product_brand":[],"product_cat":[151,153,75,44,122,144],"product_tag":[],"class_list":{"0":"post-2154","1":"product","2":"type-product","3":"status-publish","4":"has-post-thumbnail","6":"product_cat-celebracio-de-la-missa-celebracio-de-la-missa-per-temes","7":"product_cat-celebracion-de-la-misa-celebracion-de-la-misa-por-temas","8":"product_cat-dossiers-cpl-colleccions-catala","9":"product_cat-dossiers-cpl","10":"product_cat-ministerios","11":"product_cat-ministeris","13":"first","14":"instock","15":"taxable","16":"shipping-taxable","17":"purchasable","18":"product-type-simple"},"acf":{"autor":"vv.aa.","codart":"101139","ediciones":"1","encuadernacion":"R\u00fastica","fecha_de_publicacion":"29\/09\/2021","novedad":false,"paginas":"180","subtitulo":"","orden":"0","portada":false,"idioma":"spa","editorial":[{"ID":6736,"post_author":"2","post_date":"2023-10-06 08:35:24","post_date_gmt":"2023-10-06 06:35:24","post_content":"","post_title":"CPL","post_excerpt":"","post_status":"publish","comment_status":"closed","ping_status":"closed","post_password":"","post_name":"cpl","to_ping":"","pinged":"","post_modified":"2023-10-06 08:35:24","post_modified_gmt":"2023-10-06 06:35:24","post_content_filtered":"","post_parent":0,"guid":"https:\/\/nuevaweb.cpl.es\/editorial\/cpl\/","menu_order":0,"post_type":"editorial","post_mime_type":"","comment_count":"0","filter":"raw"}],"coleccion_num":"139"},"yoast_head":"<!-- This site is optimized with the Yoast SEO plugin v27.3 - https:\/\/yoast.com\/product\/yoast-seo-wordpress\/ -->\n<title>Homil\u00edas para las misas con ni\u00f1os. Ciclo C - CPL<\/title>\n<meta name=\"robots\" content=\"index, follow, max-snippet:-1, max-image-preview:large, max-video-preview:-1\" \/>\n<link rel=\"canonical\" href=\"https:\/\/www.cpl.es\/producto\/homilias-para-las-misas-con-ninos-ciclo-c-9788498058505\/\" \/>\n<meta property=\"og:locale\" content=\"ca_ES\" \/>\n<meta property=\"og:type\" content=\"article\" \/>\n<meta property=\"og:title\" content=\"Homil\u00edas para las misas con ni\u00f1os. Ciclo C - CPL\" \/>\n<meta property=\"og:description\" content=\"vv.aa.\" \/>\n<meta property=\"og:url\" content=\"https:\/\/www.cpl.es\/producto\/homilias-para-las-misas-con-ninos-ciclo-c-9788498058505\/\" \/>\n<meta property=\"og:site_name\" content=\"CPL\" \/>\n<meta property=\"article:modified_time\" content=\"2025-03-13T17:58:11+00:00\" \/>\n<meta property=\"og:image\" content=\"https:\/\/www.cpl.es\/wp-content\/uploads\/101139.jpg\" \/>\n\t<meta property=\"og:image:width\" content=\"280\" \/>\n\t<meta property=\"og:image:height\" content=\"388\" \/>\n\t<meta property=\"og:image:type\" content=\"image\/jpeg\" \/>\n<meta name=\"twitter:card\" content=\"summary_large_image\" \/>\n<meta name=\"twitter:label1\" content=\"Temps estimat de lectura\" \/>\n\t<meta name=\"twitter:data1\" content=\"1 minut\" \/>\n<script type=\"application\/ld+json\" class=\"yoast-schema-graph\">{\"@context\":\"https:\\\/\\\/schema.org\",\"@graph\":[{\"@type\":\"WebPage\",\"@id\":\"https:\\\/\\\/www.cpl.es\\\/producto\\\/homilias-para-las-misas-con-ninos-ciclo-c-9788498058505\\\/\",\"url\":\"https:\\\/\\\/www.cpl.es\\\/producto\\\/homilias-para-las-misas-con-ninos-ciclo-c-9788498058505\\\/\",\"name\":\"Homil\u00edas para las misas con ni\u00f1os. Ciclo C - CPL\",\"isPartOf\":{\"@id\":\"https:\\\/\\\/www.cpl.es\\\/#website\"},\"primaryImageOfPage\":{\"@id\":\"https:\\\/\\\/www.cpl.es\\\/producto\\\/homilias-para-las-misas-con-ninos-ciclo-c-9788498058505\\\/#primaryimage\"},\"image\":{\"@id\":\"https:\\\/\\\/www.cpl.es\\\/producto\\\/homilias-para-las-misas-con-ninos-ciclo-c-9788498058505\\\/#primaryimage\"},\"thumbnailUrl\":\"https:\\\/\\\/www.cpl.es\\\/wp-content\\\/uploads\\\/101139.jpg\",\"datePublished\":\"2023-10-03T23:33:05+00:00\",\"dateModified\":\"2025-03-13T17:58:11+00:00\",\"breadcrumb\":{\"@id\":\"https:\\\/\\\/www.cpl.es\\\/producto\\\/homilias-para-las-misas-con-ninos-ciclo-c-9788498058505\\\/#breadcrumb\"},\"inLanguage\":\"ca\",\"potentialAction\":[{\"@type\":\"ReadAction\",\"target\":[\"https:\\\/\\\/www.cpl.es\\\/producto\\\/homilias-para-las-misas-con-ninos-ciclo-c-9788498058505\\\/\"]}]},{\"@type\":\"ImageObject\",\"inLanguage\":\"ca\",\"@id\":\"https:\\\/\\\/www.cpl.es\\\/producto\\\/homilias-para-las-misas-con-ninos-ciclo-c-9788498058505\\\/#primaryimage\",\"url\":\"https:\\\/\\\/www.cpl.es\\\/wp-content\\\/uploads\\\/101139.jpg\",\"contentUrl\":\"https:\\\/\\\/www.cpl.es\\\/wp-content\\\/uploads\\\/101139.jpg\",\"width\":280,\"height\":388,\"caption\":\"101139.jpg\"},{\"@type\":\"BreadcrumbList\",\"@id\":\"https:\\\/\\\/www.cpl.es\\\/producto\\\/homilias-para-las-misas-con-ninos-ciclo-c-9788498058505\\\/#breadcrumb\",\"itemListElement\":[{\"@type\":\"ListItem\",\"position\":1,\"name\":\"Portada\",\"item\":\"https:\\\/\\\/www.cpl.es\\\/ca\\\/\"},{\"@type\":\"ListItem\",\"position\":2,\"name\":\"Cat\u00e0leg\",\"item\":\"https:\\\/\\\/www.cpl.es\\\/ca\\\/cataleg\\\/\"},{\"@type\":\"ListItem\",\"position\":3,\"name\":\"Homil\u00edas para las misas con ni\u00f1os. Ciclo C\"}]},{\"@type\":\"WebSite\",\"@id\":\"https:\\\/\\\/www.cpl.es\\\/#website\",\"url\":\"https:\\\/\\\/www.cpl.es\\\/\",\"name\":\"CPL\",\"description\":\"Centre de Pastoral Lit\u00fargica de Barcelona\",\"publisher\":{\"@id\":\"https:\\\/\\\/www.cpl.es\\\/#organization\"},\"alternateName\":\"Centre de Pastoral Lit\u00fargica\",\"potentialAction\":[{\"@type\":\"SearchAction\",\"target\":{\"@type\":\"EntryPoint\",\"urlTemplate\":\"https:\\\/\\\/www.cpl.es\\\/?s={search_term_string}\"},\"query-input\":{\"@type\":\"PropertyValueSpecification\",\"valueRequired\":true,\"valueName\":\"search_term_string\"}}],\"inLanguage\":\"ca\"},{\"@type\":\"Organization\",\"@id\":\"https:\\\/\\\/www.cpl.es\\\/#organization\",\"name\":\"Centre de Pastoral Lit\u00fargica\",\"alternateName\":\"Centre de Pastoral Lit\u00fargica de Barcelona\",\"url\":\"https:\\\/\\\/www.cpl.es\\\/\",\"logo\":{\"@type\":\"ImageObject\",\"inLanguage\":\"ca\",\"@id\":\"https:\\\/\\\/www.cpl.es\\\/#\\\/schema\\\/logo\\\/image\\\/\",\"url\":\"https:\\\/\\\/www.cpl.es\\\/wp-content\\\/uploads\\\/logo-cpl.svg\",\"contentUrl\":\"https:\\\/\\\/www.cpl.es\\\/wp-content\\\/uploads\\\/logo-cpl.svg\",\"caption\":\"Centre de Pastoral Lit\u00fargica\"},\"image\":{\"@id\":\"https:\\\/\\\/www.cpl.es\\\/#\\\/schema\\\/logo\\\/image\\\/\"}}]}<\/script>\n<!-- \/ Yoast SEO plugin. -->","yoast_head_json":{"title":"Homil\u00edas para las misas con ni\u00f1os. Ciclo C - CPL","robots":{"index":"index","follow":"follow","max-snippet":"max-snippet:-1","max-image-preview":"max-image-preview:large","max-video-preview":"max-video-preview:-1"},"canonical":"https:\/\/www.cpl.es\/producto\/homilias-para-las-misas-con-ninos-ciclo-c-9788498058505\/","og_locale":"ca_ES","og_type":"article","og_title":"Homil\u00edas para las misas con ni\u00f1os. Ciclo C - CPL","og_description":"vv.aa.","og_url":"https:\/\/www.cpl.es\/producto\/homilias-para-las-misas-con-ninos-ciclo-c-9788498058505\/","og_site_name":"CPL","article_modified_time":"2025-03-13T17:58:11+00:00","og_image":[{"width":280,"height":388,"url":"https:\/\/www.cpl.es\/wp-content\/uploads\/101139.jpg","type":"image\/jpeg"}],"twitter_card":"summary_large_image","twitter_misc":{"Temps estimat de lectura":"1 minut"},"schema":{"@context":"https:\/\/schema.org","@graph":[{"@type":"WebPage","@id":"https:\/\/www.cpl.es\/producto\/homilias-para-las-misas-con-ninos-ciclo-c-9788498058505\/","url":"https:\/\/www.cpl.es\/producto\/homilias-para-las-misas-con-ninos-ciclo-c-9788498058505\/","name":"Homil\u00edas para las misas con ni\u00f1os. Ciclo C - CPL","isPartOf":{"@id":"https:\/\/www.cpl.es\/#website"},"primaryImageOfPage":{"@id":"https:\/\/www.cpl.es\/producto\/homilias-para-las-misas-con-ninos-ciclo-c-9788498058505\/#primaryimage"},"image":{"@id":"https:\/\/www.cpl.es\/producto\/homilias-para-las-misas-con-ninos-ciclo-c-9788498058505\/#primaryimage"},"thumbnailUrl":"https:\/\/www.cpl.es\/wp-content\/uploads\/101139.jpg","datePublished":"2023-10-03T23:33:05+00:00","dateModified":"2025-03-13T17:58:11+00:00","breadcrumb":{"@id":"https:\/\/www.cpl.es\/producto\/homilias-para-las-misas-con-ninos-ciclo-c-9788498058505\/#breadcrumb"},"inLanguage":"ca","potentialAction":[{"@type":"ReadAction","target":["https:\/\/www.cpl.es\/producto\/homilias-para-las-misas-con-ninos-ciclo-c-9788498058505\/"]}]},{"@type":"ImageObject","inLanguage":"ca","@id":"https:\/\/www.cpl.es\/producto\/homilias-para-las-misas-con-ninos-ciclo-c-9788498058505\/#primaryimage","url":"https:\/\/www.cpl.es\/wp-content\/uploads\/101139.jpg","contentUrl":"https:\/\/www.cpl.es\/wp-content\/uploads\/101139.jpg","width":280,"height":388,"caption":"101139.jpg"},{"@type":"BreadcrumbList","@id":"https:\/\/www.cpl.es\/producto\/homilias-para-las-misas-con-ninos-ciclo-c-9788498058505\/#breadcrumb","itemListElement":[{"@type":"ListItem","position":1,"name":"Portada","item":"https:\/\/www.cpl.es\/ca\/"},{"@type":"ListItem","position":2,"name":"Cat\u00e0leg","item":"https:\/\/www.cpl.es\/ca\/cataleg\/"},{"@type":"ListItem","position":3,"name":"Homil\u00edas para las misas con ni\u00f1os. Ciclo C"}]},{"@type":"WebSite","@id":"https:\/\/www.cpl.es\/#website","url":"https:\/\/www.cpl.es\/","name":"CPL","description":"Centre de Pastoral Lit\u00fargica de Barcelona","publisher":{"@id":"https:\/\/www.cpl.es\/#organization"},"alternateName":"Centre de Pastoral Lit\u00fargica","potentialAction":[{"@type":"SearchAction","target":{"@type":"EntryPoint","urlTemplate":"https:\/\/www.cpl.es\/?s={search_term_string}"},"query-input":{"@type":"PropertyValueSpecification","valueRequired":true,"valueName":"search_term_string"}}],"inLanguage":"ca"},{"@type":"Organization","@id":"https:\/\/www.cpl.es\/#organization","name":"Centre de Pastoral Lit\u00fargica","alternateName":"Centre de Pastoral Lit\u00fargica de Barcelona","url":"https:\/\/www.cpl.es\/","logo":{"@type":"ImageObject","inLanguage":"ca","@id":"https:\/\/www.cpl.es\/#\/schema\/logo\/image\/","url":"https:\/\/www.cpl.es\/wp-content\/uploads\/logo-cpl.svg","contentUrl":"https:\/\/www.cpl.es\/wp-content\/uploads\/logo-cpl.svg","caption":"Centre de Pastoral Lit\u00fargica"},"image":{"@id":"https:\/\/www.cpl.es\/#\/schema\/logo\/image\/"}}]}},"_links":{"self":[{"href":"https:\/\/www.cpl.es\/ca\/wp-json\/wp\/v2\/product\/2154","targetHints":{"allow":["GET"]}}],"collection":[{"href":"https:\/\/www.cpl.es\/ca\/wp-json\/wp\/v2\/product"}],"about":[{"href":"https:\/\/www.cpl.es\/ca\/wp-json\/wp\/v2\/types\/product"}],"wp:featuredmedia":[{"embeddable":true,"href":"https:\/\/www.cpl.es\/ca\/wp-json\/wp\/v2\/media\/2155"}],"wp:attachment":[{"href":"https:\/\/www.cpl.es\/ca\/wp-json\/wp\/v2\/media?parent=2154"}],"wp:term":[{"taxonomy":"product_brand","embeddable":true,"href":"https:\/\/www.cpl.es\/ca\/wp-json\/wp\/v2\/product_brand?post=2154"},{"taxonomy":"product_cat","embeddable":true,"href":"https:\/\/www.cpl.es\/ca\/wp-json\/wp\/v2\/product_cat?post=2154"},{"taxonomy":"product_tag","embeddable":true,"href":"https:\/\/www.cpl.es\/ca\/wp-json\/wp\/v2\/product_tag?post=2154"}],"curies":[{"name":"wp","href":"https:\/\/api.w.org\/{rel}","templated":true}]}}