{"id":2142,"date":"2023-10-04T01:32:42","date_gmt":"2023-10-03T23:32:42","guid":{"rendered":"https:\/\/nuevaweb.cpl.es\/producto\/oscar-romero-diario-19781980-9788498058529\/"},"modified":"2023-12-05T13:38:22","modified_gmt":"2023-12-05T12:38:22","slug":"oscar-romero-diario-19781980-9788498058529","status":"publish","type":"product","link":"https:\/\/www.cpl.es\/ca\/producto\/oscar-romero-diario-19781980-9788498058529\/","title":{"rendered":"\u00d3scar Romero. Diario 1978-1980"},"content":{"rendered":"<p>&#8216;Este diario es realmente el d\u00eda a d\u00eda de un obispo, desde la misa con las monjas y la comida de trabajo con su fiel vicario general Ricardo Urioste hasta que por la noche se encontraba solo delante de Dios. Todo esto, naturalmente, envuelto en momentos de oraci\u00f3n y de las celebraciones eucar\u00edsticas, binadas a menudo por razones pastorales. En efecto, la actividad m\u00e1s diaria, podr\u00edamos decir rutinaria, era la de asistir a las parroquias, colegios, comunidades<br \/>religiosas con motivo de las fi estas patronales, visitas ocasionales o administraci\u00f3n del sacramento de la confirmaci\u00f3n (&#8230;)'.<br \/>Puede parecer, en principio, un testimonio mon\u00f3tono seguir el d\u00eda a d\u00eda de Mons. Romero. Pero f\u00e1cilmente podemos descubrir el alma de un pastor fi el a la voluntsad de Dios y generoso con su pueblo. Tanto, que era consicente de que estaba llamado al martirio. La muerte durante la celebraci\u00f3n de la Eucarist\u00eda fue el colof\u00f3n de una vida entregada a la<br \/>causa del Evangelio y de los pobres'.<\/p>\n","protected":false},"excerpt":{"rendered":"<p>vv.aa.<\/p>\n","protected":false},"featured_media":2143,"template":"","meta":{"_acf_changed":false,"inline_featured_image":false},"product_brand":[],"product_cat":[100,99,65,88,133,112,154],"product_tag":[],"class_list":{"0":"post-2142","1":"product","2":"type-product","3":"status-publish","4":"has-post-thumbnail","6":"product_cat-cpl-libri-colleccions-catala","7":"product_cat-cpl-libri","8":"product_cat-espiritualidad","9":"product_cat-espiritualitat","10":"product_cat-santoral-any-liturgic-per-temes","11":"product_cat-santoral","12":"product_cat-vida-de-santos","14":"first","15":"instock","16":"taxable","17":"shipping-taxable","18":"purchasable","19":"product-type-simple"},"acf":{"autor":"vv.aa.","codart":"117022","ediciones":"1","encuadernacion":"R\u00fastica","fecha_de_publicacion":"08\/10\/2015","novedad":false,"paginas":"556","subtitulo":"","orden":"0","portada":false,"idioma":"spa","editorial":[{"ID":6736,"post_author":"2","post_date":"2023-10-06 08:35:24","post_date_gmt":"2023-10-06 06:35:24","post_content":"","post_title":"CPL","post_excerpt":"","post_status":"publish","comment_status":"closed","ping_status":"closed","post_password":"","post_name":"cpl","to_ping":"","pinged":"","post_modified":"2023-10-06 08:35:24","post_modified_gmt":"2023-10-06 06:35:24","post_content_filtered":"","post_parent":0,"guid":"https:\/\/nuevaweb.cpl.es\/editorial\/cpl\/","menu_order":0,"post_type":"editorial","post_mime_type":"","comment_count":"0","filter":"raw"}]},"yoast_head":"<!-- This site is optimized with the Yoast SEO plugin v27.3 - https:\/\/yoast.com\/product\/yoast-seo-wordpress\/ -->\n<title>\u00d3scar Romero. Diario 1978-1980 - CPL<\/title>\n<meta name=\"robots\" content=\"index, follow, max-snippet:-1, max-image-preview:large, max-video-preview:-1\" \/>\n<link rel=\"canonical\" href=\"https:\/\/www.cpl.es\/producto\/oscar-romero-diario-19781980-9788498058529\/\" \/>\n<meta property=\"og:locale\" content=\"ca_ES\" \/>\n<meta property=\"og:type\" content=\"article\" \/>\n<meta property=\"og:title\" content=\"\u00d3scar Romero. Diario 1978-1980 - CPL\" \/>\n<meta property=\"og:description\" content=\"vv.aa.\" \/>\n<meta property=\"og:url\" content=\"https:\/\/www.cpl.es\/producto\/oscar-romero-diario-19781980-9788498058529\/\" \/>\n<meta property=\"og:site_name\" content=\"CPL\" \/>\n<meta property=\"article:modified_time\" content=\"2023-12-05T12:38:22+00:00\" \/>\n<meta property=\"og:image\" content=\"https:\/\/www.cpl.es\/wp-content\/uploads\/117022.jpg\" \/>\n\t<meta property=\"og:image:width\" content=\"794\" \/>\n\t<meta property=\"og:image:height\" content=\"1161\" \/>\n\t<meta property=\"og:image:type\" content=\"image\/jpeg\" \/>\n<meta name=\"twitter:card\" content=\"summary_large_image\" \/>\n<meta name=\"twitter:label1\" content=\"Temps estimat de lectura\" \/>\n\t<meta name=\"twitter:data1\" content=\"1 minut\" \/>\n<script type=\"application\/ld+json\" class=\"yoast-schema-graph\">{\"@context\":\"https:\\\/\\\/schema.org\",\"@graph\":[{\"@type\":\"WebPage\",\"@id\":\"https:\\\/\\\/www.cpl.es\\\/producto\\\/oscar-romero-diario-19781980-9788498058529\\\/\",\"url\":\"https:\\\/\\\/www.cpl.es\\\/producto\\\/oscar-romero-diario-19781980-9788498058529\\\/\",\"name\":\"\u00d3scar Romero. Diario 1978-1980 - CPL\",\"isPartOf\":{\"@id\":\"https:\\\/\\\/www.cpl.es\\\/#website\"},\"primaryImageOfPage\":{\"@id\":\"https:\\\/\\\/www.cpl.es\\\/producto\\\/oscar-romero-diario-19781980-9788498058529\\\/#primaryimage\"},\"image\":{\"@id\":\"https:\\\/\\\/www.cpl.es\\\/producto\\\/oscar-romero-diario-19781980-9788498058529\\\/#primaryimage\"},\"thumbnailUrl\":\"https:\\\/\\\/www.cpl.es\\\/wp-content\\\/uploads\\\/117022.jpg\",\"datePublished\":\"2023-10-03T23:32:42+00:00\",\"dateModified\":\"2023-12-05T12:38:22+00:00\",\"breadcrumb\":{\"@id\":\"https:\\\/\\\/www.cpl.es\\\/producto\\\/oscar-romero-diario-19781980-9788498058529\\\/#breadcrumb\"},\"inLanguage\":\"ca\",\"potentialAction\":[{\"@type\":\"ReadAction\",\"target\":[\"https:\\\/\\\/www.cpl.es\\\/producto\\\/oscar-romero-diario-19781980-9788498058529\\\/\"]}]},{\"@type\":\"ImageObject\",\"inLanguage\":\"ca\",\"@id\":\"https:\\\/\\\/www.cpl.es\\\/producto\\\/oscar-romero-diario-19781980-9788498058529\\\/#primaryimage\",\"url\":\"https:\\\/\\\/www.cpl.es\\\/wp-content\\\/uploads\\\/117022.jpg\",\"contentUrl\":\"https:\\\/\\\/www.cpl.es\\\/wp-content\\\/uploads\\\/117022.jpg\",\"width\":794,\"height\":1161,\"caption\":\"117022.jpg\"},{\"@type\":\"BreadcrumbList\",\"@id\":\"https:\\\/\\\/www.cpl.es\\\/producto\\\/oscar-romero-diario-19781980-9788498058529\\\/#breadcrumb\",\"itemListElement\":[{\"@type\":\"ListItem\",\"position\":1,\"name\":\"Portada\",\"item\":\"https:\\\/\\\/www.cpl.es\\\/ca\\\/\"},{\"@type\":\"ListItem\",\"position\":2,\"name\":\"Cat\u00e0leg\",\"item\":\"https:\\\/\\\/www.cpl.es\\\/ca\\\/cataleg\\\/\"},{\"@type\":\"ListItem\",\"position\":3,\"name\":\"\u00d3scar Romero. Diario 1978-1980\"}]},{\"@type\":\"WebSite\",\"@id\":\"https:\\\/\\\/www.cpl.es\\\/#website\",\"url\":\"https:\\\/\\\/www.cpl.es\\\/\",\"name\":\"CPL\",\"description\":\"Centre de Pastoral Lit\u00fargica de Barcelona\",\"publisher\":{\"@id\":\"https:\\\/\\\/www.cpl.es\\\/#organization\"},\"alternateName\":\"Centre de Pastoral Lit\u00fargica\",\"potentialAction\":[{\"@type\":\"SearchAction\",\"target\":{\"@type\":\"EntryPoint\",\"urlTemplate\":\"https:\\\/\\\/www.cpl.es\\\/?s={search_term_string}\"},\"query-input\":{\"@type\":\"PropertyValueSpecification\",\"valueRequired\":true,\"valueName\":\"search_term_string\"}}],\"inLanguage\":\"ca\"},{\"@type\":\"Organization\",\"@id\":\"https:\\\/\\\/www.cpl.es\\\/#organization\",\"name\":\"Centre de Pastoral Lit\u00fargica\",\"alternateName\":\"Centre de Pastoral Lit\u00fargica de Barcelona\",\"url\":\"https:\\\/\\\/www.cpl.es\\\/\",\"logo\":{\"@type\":\"ImageObject\",\"inLanguage\":\"ca\",\"@id\":\"https:\\\/\\\/www.cpl.es\\\/#\\\/schema\\\/logo\\\/image\\\/\",\"url\":\"https:\\\/\\\/www.cpl.es\\\/wp-content\\\/uploads\\\/logo-cpl.svg\",\"contentUrl\":\"https:\\\/\\\/www.cpl.es\\\/wp-content\\\/uploads\\\/logo-cpl.svg\",\"caption\":\"Centre de Pastoral Lit\u00fargica\"},\"image\":{\"@id\":\"https:\\\/\\\/www.cpl.es\\\/#\\\/schema\\\/logo\\\/image\\\/\"}}]}<\/script>\n<!-- \/ Yoast SEO plugin. -->","yoast_head_json":{"title":"\u00d3scar Romero. Diario 1978-1980 - CPL","robots":{"index":"index","follow":"follow","max-snippet":"max-snippet:-1","max-image-preview":"max-image-preview:large","max-video-preview":"max-video-preview:-1"},"canonical":"https:\/\/www.cpl.es\/producto\/oscar-romero-diario-19781980-9788498058529\/","og_locale":"ca_ES","og_type":"article","og_title":"\u00d3scar Romero. Diario 1978-1980 - CPL","og_description":"vv.aa.","og_url":"https:\/\/www.cpl.es\/producto\/oscar-romero-diario-19781980-9788498058529\/","og_site_name":"CPL","article_modified_time":"2023-12-05T12:38:22+00:00","og_image":[{"width":794,"height":1161,"url":"https:\/\/www.cpl.es\/wp-content\/uploads\/117022.jpg","type":"image\/jpeg"}],"twitter_card":"summary_large_image","twitter_misc":{"Temps estimat de lectura":"1 minut"},"schema":{"@context":"https:\/\/schema.org","@graph":[{"@type":"WebPage","@id":"https:\/\/www.cpl.es\/producto\/oscar-romero-diario-19781980-9788498058529\/","url":"https:\/\/www.cpl.es\/producto\/oscar-romero-diario-19781980-9788498058529\/","name":"\u00d3scar Romero. Diario 1978-1980 - CPL","isPartOf":{"@id":"https:\/\/www.cpl.es\/#website"},"primaryImageOfPage":{"@id":"https:\/\/www.cpl.es\/producto\/oscar-romero-diario-19781980-9788498058529\/#primaryimage"},"image":{"@id":"https:\/\/www.cpl.es\/producto\/oscar-romero-diario-19781980-9788498058529\/#primaryimage"},"thumbnailUrl":"https:\/\/www.cpl.es\/wp-content\/uploads\/117022.jpg","datePublished":"2023-10-03T23:32:42+00:00","dateModified":"2023-12-05T12:38:22+00:00","breadcrumb":{"@id":"https:\/\/www.cpl.es\/producto\/oscar-romero-diario-19781980-9788498058529\/#breadcrumb"},"inLanguage":"ca","potentialAction":[{"@type":"ReadAction","target":["https:\/\/www.cpl.es\/producto\/oscar-romero-diario-19781980-9788498058529\/"]}]},{"@type":"ImageObject","inLanguage":"ca","@id":"https:\/\/www.cpl.es\/producto\/oscar-romero-diario-19781980-9788498058529\/#primaryimage","url":"https:\/\/www.cpl.es\/wp-content\/uploads\/117022.jpg","contentUrl":"https:\/\/www.cpl.es\/wp-content\/uploads\/117022.jpg","width":794,"height":1161,"caption":"117022.jpg"},{"@type":"BreadcrumbList","@id":"https:\/\/www.cpl.es\/producto\/oscar-romero-diario-19781980-9788498058529\/#breadcrumb","itemListElement":[{"@type":"ListItem","position":1,"name":"Portada","item":"https:\/\/www.cpl.es\/ca\/"},{"@type":"ListItem","position":2,"name":"Cat\u00e0leg","item":"https:\/\/www.cpl.es\/ca\/cataleg\/"},{"@type":"ListItem","position":3,"name":"\u00d3scar Romero. Diario 1978-1980"}]},{"@type":"WebSite","@id":"https:\/\/www.cpl.es\/#website","url":"https:\/\/www.cpl.es\/","name":"CPL","description":"Centre de Pastoral Lit\u00fargica de Barcelona","publisher":{"@id":"https:\/\/www.cpl.es\/#organization"},"alternateName":"Centre de Pastoral Lit\u00fargica","potentialAction":[{"@type":"SearchAction","target":{"@type":"EntryPoint","urlTemplate":"https:\/\/www.cpl.es\/?s={search_term_string}"},"query-input":{"@type":"PropertyValueSpecification","valueRequired":true,"valueName":"search_term_string"}}],"inLanguage":"ca"},{"@type":"Organization","@id":"https:\/\/www.cpl.es\/#organization","name":"Centre de Pastoral Lit\u00fargica","alternateName":"Centre de Pastoral Lit\u00fargica de Barcelona","url":"https:\/\/www.cpl.es\/","logo":{"@type":"ImageObject","inLanguage":"ca","@id":"https:\/\/www.cpl.es\/#\/schema\/logo\/image\/","url":"https:\/\/www.cpl.es\/wp-content\/uploads\/logo-cpl.svg","contentUrl":"https:\/\/www.cpl.es\/wp-content\/uploads\/logo-cpl.svg","caption":"Centre de Pastoral Lit\u00fargica"},"image":{"@id":"https:\/\/www.cpl.es\/#\/schema\/logo\/image\/"}}]}},"_links":{"self":[{"href":"https:\/\/www.cpl.es\/ca\/wp-json\/wp\/v2\/product\/2142","targetHints":{"allow":["GET"]}}],"collection":[{"href":"https:\/\/www.cpl.es\/ca\/wp-json\/wp\/v2\/product"}],"about":[{"href":"https:\/\/www.cpl.es\/ca\/wp-json\/wp\/v2\/types\/product"}],"wp:featuredmedia":[{"embeddable":true,"href":"https:\/\/www.cpl.es\/ca\/wp-json\/wp\/v2\/media\/2143"}],"wp:attachment":[{"href":"https:\/\/www.cpl.es\/ca\/wp-json\/wp\/v2\/media?parent=2142"}],"wp:term":[{"taxonomy":"product_brand","embeddable":true,"href":"https:\/\/www.cpl.es\/ca\/wp-json\/wp\/v2\/product_brand?post=2142"},{"taxonomy":"product_cat","embeddable":true,"href":"https:\/\/www.cpl.es\/ca\/wp-json\/wp\/v2\/product_cat?post=2142"},{"taxonomy":"product_tag","embeddable":true,"href":"https:\/\/www.cpl.es\/ca\/wp-json\/wp\/v2\/product_tag?post=2142"}],"curies":[{"name":"wp","href":"https:\/\/api.w.org\/{rel}","templated":true}]}}