{"id":2139,"date":"2023-10-04T01:32:36","date_gmt":"2023-10-03T23:32:36","guid":{"rendered":"https:\/\/nuevaweb.cpl.es\/producto\/jesus-indignacio-i-misericordia-9788498058574\/"},"modified":"2026-02-12T17:53:52","modified_gmt":"2026-02-12T16:53:52","slug":"jesus-indignacio-i-misericordia-9788498058574","status":"publish","type":"product","link":"https:\/\/www.cpl.es\/ca\/producto\/jesus-indignacio-i-misericordia-9788498058574\/","title":{"rendered":"Jes\u00fas: indignaci\u00f3 i miseric\u00f2rdia"},"content":{"rendered":"<p>D\u00e9u s\u2019indigna. I Jes\u00fas tamb\u00e9 s\u2019indigna. Com els milers de persones que fa uns anys van omplir les nostres places. Aquest llibre s\u2019acosta als textos b\u00edblics per descobrir aquests moments en qu\u00e8 podem descobrir el D\u00e9u indignat i el Jes\u00fas indignat, i ens convida a descobrir els perqu\u00e8s d\u2019aquesta indignaci\u00f3, que sovint no estan gaire lluny dels motius de la indignaci\u00f3 de tantes persones en aquesta societat nostra. I, en descobrir els perqu\u00e8s de la indignaci\u00f3, descobrim que en ella el que hi ha de m\u00e9s profund \u00e9s la crida al retorn al cam\u00ed de vida que D\u00e9u ofereix, el cam\u00ed de la<br \/>miseric\u00f2rdia i l\u2019amor.<\/p>\n<p>Josep Jim\u00e9nez Montejo (Alborea, Albacete, 1952) \u00e9s capell\u00e0 de Barcelona i llicenciat en hist\u00f2ria. Membre de l\u2019associaci\u00f3 de capellans del Prad\u00f3, tota la seva acci\u00f3 pastoral s\u2019ha desenvolupat en parr\u00f2quies de barris obrers i populars, i en els moviments d\u2019Acci\u00f3 Cat\u00f2lica del m\u00f3n obrer.<\/p>\n","protected":false},"excerpt":{"rendered":"<p>Jim\u00e9nez Montejo, Josep<\/p>\n","protected":false},"featured_media":2140,"template":"","meta":{"_acf_changed":false,"inline_featured_image":false},"product_brand":[],"product_cat":[15],"product_tag":[],"class_list":{"0":"post-2139","1":"product","2":"type-product","3":"status-publish","4":"has-post-thumbnail","6":"product_cat-sin-categorizar","8":"first","9":"instock","10":"taxable","11":"shipping-taxable","12":"purchasable","13":"product-type-simple"},"acf":{"autor":"Jim\u00e9nez Montejo, Josep","codart":"208125","ediciones":"1","encuadernacion":"R\u00fastica","fecha_de_publicacion":"08\/10\/2015","novedad":false,"paginas":"96","subtitulo":"","orden":"0","portada":false,"idioma":"cat","editorial":[{"ID":6736,"post_author":"2","post_date":"2023-10-06 08:35:24","post_date_gmt":"2023-10-06 06:35:24","post_content":"","post_title":"CPL","post_excerpt":"","post_status":"publish","comment_status":"closed","ping_status":"closed","post_password":"","post_name":"cpl","to_ping":"","pinged":"","post_modified":"2023-10-06 08:35:24","post_modified_gmt":"2023-10-06 06:35:24","post_content_filtered":"","post_parent":0,"guid":"https:\/\/nuevaweb.cpl.es\/editorial\/cpl\/","menu_order":0,"post_type":"editorial","post_mime_type":"","comment_count":"0","filter":"raw"}],"coleccion_num":"125"},"yoast_head":"<!-- This site is optimized with the Yoast SEO plugin v27.3 - https:\/\/yoast.com\/product\/yoast-seo-wordpress\/ -->\n<title>Jes\u00fas: indignaci\u00f3 i miseric\u00f2rdia - CPL<\/title>\n<meta name=\"robots\" content=\"index, follow, max-snippet:-1, max-image-preview:large, max-video-preview:-1\" \/>\n<link rel=\"canonical\" href=\"https:\/\/www.cpl.es\/producto\/jesus-indignacio-i-misericordia-9788498058574\/\" \/>\n<meta property=\"og:locale\" content=\"ca_ES\" \/>\n<meta property=\"og:type\" content=\"article\" \/>\n<meta property=\"og:title\" content=\"Jes\u00fas: indignaci\u00f3 i miseric\u00f2rdia - CPL\" \/>\n<meta property=\"og:description\" content=\"Jim\u00e9nez Montejo, Josep\" \/>\n<meta property=\"og:url\" content=\"https:\/\/www.cpl.es\/producto\/jesus-indignacio-i-misericordia-9788498058574\/\" \/>\n<meta property=\"og:site_name\" content=\"CPL\" \/>\n<meta property=\"article:modified_time\" content=\"2026-02-12T16:53:52+00:00\" \/>\n<meta property=\"og:image\" content=\"https:\/\/www.cpl.es\/wp-content\/uploads\/208125.jpg\" \/>\n\t<meta property=\"og:image:width\" content=\"794\" \/>\n\t<meta property=\"og:image:height\" content=\"1259\" \/>\n\t<meta property=\"og:image:type\" content=\"image\/jpeg\" \/>\n<meta name=\"twitter:card\" content=\"summary_large_image\" \/>\n<meta name=\"twitter:label1\" content=\"Temps estimat de lectura\" \/>\n\t<meta name=\"twitter:data1\" content=\"1 minut\" \/>\n<script type=\"application\/ld+json\" class=\"yoast-schema-graph\">{\"@context\":\"https:\\\/\\\/schema.org\",\"@graph\":[{\"@type\":\"WebPage\",\"@id\":\"https:\\\/\\\/www.cpl.es\\\/producto\\\/jesus-indignacio-i-misericordia-9788498058574\\\/\",\"url\":\"https:\\\/\\\/www.cpl.es\\\/producto\\\/jesus-indignacio-i-misericordia-9788498058574\\\/\",\"name\":\"Jes\u00fas: indignaci\u00f3 i miseric\u00f2rdia - CPL\",\"isPartOf\":{\"@id\":\"https:\\\/\\\/www.cpl.es\\\/#website\"},\"primaryImageOfPage\":{\"@id\":\"https:\\\/\\\/www.cpl.es\\\/producto\\\/jesus-indignacio-i-misericordia-9788498058574\\\/#primaryimage\"},\"image\":{\"@id\":\"https:\\\/\\\/www.cpl.es\\\/producto\\\/jesus-indignacio-i-misericordia-9788498058574\\\/#primaryimage\"},\"thumbnailUrl\":\"https:\\\/\\\/www.cpl.es\\\/wp-content\\\/uploads\\\/208125.jpg\",\"datePublished\":\"2023-10-03T23:32:36+00:00\",\"dateModified\":\"2026-02-12T16:53:52+00:00\",\"breadcrumb\":{\"@id\":\"https:\\\/\\\/www.cpl.es\\\/producto\\\/jesus-indignacio-i-misericordia-9788498058574\\\/#breadcrumb\"},\"inLanguage\":\"ca\",\"potentialAction\":[{\"@type\":\"ReadAction\",\"target\":[\"https:\\\/\\\/www.cpl.es\\\/producto\\\/jesus-indignacio-i-misericordia-9788498058574\\\/\"]}]},{\"@type\":\"ImageObject\",\"inLanguage\":\"ca\",\"@id\":\"https:\\\/\\\/www.cpl.es\\\/producto\\\/jesus-indignacio-i-misericordia-9788498058574\\\/#primaryimage\",\"url\":\"https:\\\/\\\/www.cpl.es\\\/wp-content\\\/uploads\\\/208125.jpg\",\"contentUrl\":\"https:\\\/\\\/www.cpl.es\\\/wp-content\\\/uploads\\\/208125.jpg\",\"width\":794,\"height\":1259,\"caption\":\"208125.jpg\"},{\"@type\":\"BreadcrumbList\",\"@id\":\"https:\\\/\\\/www.cpl.es\\\/producto\\\/jesus-indignacio-i-misericordia-9788498058574\\\/#breadcrumb\",\"itemListElement\":[{\"@type\":\"ListItem\",\"position\":1,\"name\":\"Portada\",\"item\":\"https:\\\/\\\/www.cpl.es\\\/ca\\\/\"},{\"@type\":\"ListItem\",\"position\":2,\"name\":\"Cat\u00e0leg\",\"item\":\"https:\\\/\\\/www.cpl.es\\\/ca\\\/cataleg\\\/\"},{\"@type\":\"ListItem\",\"position\":3,\"name\":\"Jes\u00fas: indignaci\u00f3 i miseric\u00f2rdia\"}]},{\"@type\":\"WebSite\",\"@id\":\"https:\\\/\\\/www.cpl.es\\\/#website\",\"url\":\"https:\\\/\\\/www.cpl.es\\\/\",\"name\":\"CPL\",\"description\":\"Centre de Pastoral Lit\u00fargica de Barcelona\",\"publisher\":{\"@id\":\"https:\\\/\\\/www.cpl.es\\\/#organization\"},\"alternateName\":\"Centre de Pastoral Lit\u00fargica\",\"potentialAction\":[{\"@type\":\"SearchAction\",\"target\":{\"@type\":\"EntryPoint\",\"urlTemplate\":\"https:\\\/\\\/www.cpl.es\\\/?s={search_term_string}\"},\"query-input\":{\"@type\":\"PropertyValueSpecification\",\"valueRequired\":true,\"valueName\":\"search_term_string\"}}],\"inLanguage\":\"ca\"},{\"@type\":\"Organization\",\"@id\":\"https:\\\/\\\/www.cpl.es\\\/#organization\",\"name\":\"Centre de Pastoral Lit\u00fargica\",\"alternateName\":\"Centre de Pastoral Lit\u00fargica de Barcelona\",\"url\":\"https:\\\/\\\/www.cpl.es\\\/\",\"logo\":{\"@type\":\"ImageObject\",\"inLanguage\":\"ca\",\"@id\":\"https:\\\/\\\/www.cpl.es\\\/#\\\/schema\\\/logo\\\/image\\\/\",\"url\":\"https:\\\/\\\/www.cpl.es\\\/wp-content\\\/uploads\\\/logo-cpl.svg\",\"contentUrl\":\"https:\\\/\\\/www.cpl.es\\\/wp-content\\\/uploads\\\/logo-cpl.svg\",\"caption\":\"Centre de Pastoral Lit\u00fargica\"},\"image\":{\"@id\":\"https:\\\/\\\/www.cpl.es\\\/#\\\/schema\\\/logo\\\/image\\\/\"}}]}<\/script>\n<!-- \/ Yoast SEO plugin. -->","yoast_head_json":{"title":"Jes\u00fas: indignaci\u00f3 i miseric\u00f2rdia - CPL","robots":{"index":"index","follow":"follow","max-snippet":"max-snippet:-1","max-image-preview":"max-image-preview:large","max-video-preview":"max-video-preview:-1"},"canonical":"https:\/\/www.cpl.es\/producto\/jesus-indignacio-i-misericordia-9788498058574\/","og_locale":"ca_ES","og_type":"article","og_title":"Jes\u00fas: indignaci\u00f3 i miseric\u00f2rdia - CPL","og_description":"Jim\u00e9nez Montejo, Josep","og_url":"https:\/\/www.cpl.es\/producto\/jesus-indignacio-i-misericordia-9788498058574\/","og_site_name":"CPL","article_modified_time":"2026-02-12T16:53:52+00:00","og_image":[{"width":794,"height":1259,"url":"https:\/\/www.cpl.es\/wp-content\/uploads\/208125.jpg","type":"image\/jpeg"}],"twitter_card":"summary_large_image","twitter_misc":{"Temps estimat de lectura":"1 minut"},"schema":{"@context":"https:\/\/schema.org","@graph":[{"@type":"WebPage","@id":"https:\/\/www.cpl.es\/producto\/jesus-indignacio-i-misericordia-9788498058574\/","url":"https:\/\/www.cpl.es\/producto\/jesus-indignacio-i-misericordia-9788498058574\/","name":"Jes\u00fas: indignaci\u00f3 i miseric\u00f2rdia - CPL","isPartOf":{"@id":"https:\/\/www.cpl.es\/#website"},"primaryImageOfPage":{"@id":"https:\/\/www.cpl.es\/producto\/jesus-indignacio-i-misericordia-9788498058574\/#primaryimage"},"image":{"@id":"https:\/\/www.cpl.es\/producto\/jesus-indignacio-i-misericordia-9788498058574\/#primaryimage"},"thumbnailUrl":"https:\/\/www.cpl.es\/wp-content\/uploads\/208125.jpg","datePublished":"2023-10-03T23:32:36+00:00","dateModified":"2026-02-12T16:53:52+00:00","breadcrumb":{"@id":"https:\/\/www.cpl.es\/producto\/jesus-indignacio-i-misericordia-9788498058574\/#breadcrumb"},"inLanguage":"ca","potentialAction":[{"@type":"ReadAction","target":["https:\/\/www.cpl.es\/producto\/jesus-indignacio-i-misericordia-9788498058574\/"]}]},{"@type":"ImageObject","inLanguage":"ca","@id":"https:\/\/www.cpl.es\/producto\/jesus-indignacio-i-misericordia-9788498058574\/#primaryimage","url":"https:\/\/www.cpl.es\/wp-content\/uploads\/208125.jpg","contentUrl":"https:\/\/www.cpl.es\/wp-content\/uploads\/208125.jpg","width":794,"height":1259,"caption":"208125.jpg"},{"@type":"BreadcrumbList","@id":"https:\/\/www.cpl.es\/producto\/jesus-indignacio-i-misericordia-9788498058574\/#breadcrumb","itemListElement":[{"@type":"ListItem","position":1,"name":"Portada","item":"https:\/\/www.cpl.es\/ca\/"},{"@type":"ListItem","position":2,"name":"Cat\u00e0leg","item":"https:\/\/www.cpl.es\/ca\/cataleg\/"},{"@type":"ListItem","position":3,"name":"Jes\u00fas: indignaci\u00f3 i miseric\u00f2rdia"}]},{"@type":"WebSite","@id":"https:\/\/www.cpl.es\/#website","url":"https:\/\/www.cpl.es\/","name":"CPL","description":"Centre de Pastoral Lit\u00fargica de Barcelona","publisher":{"@id":"https:\/\/www.cpl.es\/#organization"},"alternateName":"Centre de Pastoral Lit\u00fargica","potentialAction":[{"@type":"SearchAction","target":{"@type":"EntryPoint","urlTemplate":"https:\/\/www.cpl.es\/?s={search_term_string}"},"query-input":{"@type":"PropertyValueSpecification","valueRequired":true,"valueName":"search_term_string"}}],"inLanguage":"ca"},{"@type":"Organization","@id":"https:\/\/www.cpl.es\/#organization","name":"Centre de Pastoral Lit\u00fargica","alternateName":"Centre de Pastoral Lit\u00fargica de Barcelona","url":"https:\/\/www.cpl.es\/","logo":{"@type":"ImageObject","inLanguage":"ca","@id":"https:\/\/www.cpl.es\/#\/schema\/logo\/image\/","url":"https:\/\/www.cpl.es\/wp-content\/uploads\/logo-cpl.svg","contentUrl":"https:\/\/www.cpl.es\/wp-content\/uploads\/logo-cpl.svg","caption":"Centre de Pastoral Lit\u00fargica"},"image":{"@id":"https:\/\/www.cpl.es\/#\/schema\/logo\/image\/"}}]}},"_links":{"self":[{"href":"https:\/\/www.cpl.es\/ca\/wp-json\/wp\/v2\/product\/2139","targetHints":{"allow":["GET"]}}],"collection":[{"href":"https:\/\/www.cpl.es\/ca\/wp-json\/wp\/v2\/product"}],"about":[{"href":"https:\/\/www.cpl.es\/ca\/wp-json\/wp\/v2\/types\/product"}],"wp:featuredmedia":[{"embeddable":true,"href":"https:\/\/www.cpl.es\/ca\/wp-json\/wp\/v2\/media\/2140"}],"wp:attachment":[{"href":"https:\/\/www.cpl.es\/ca\/wp-json\/wp\/v2\/media?parent=2139"}],"wp:term":[{"taxonomy":"product_brand","embeddable":true,"href":"https:\/\/www.cpl.es\/ca\/wp-json\/wp\/v2\/product_brand?post=2139"},{"taxonomy":"product_cat","embeddable":true,"href":"https:\/\/www.cpl.es\/ca\/wp-json\/wp\/v2\/product_cat?post=2139"},{"taxonomy":"product_tag","embeddable":true,"href":"https:\/\/www.cpl.es\/ca\/wp-json\/wp\/v2\/product_tag?post=2139"}],"curies":[{"name":"wp","href":"https:\/\/api.w.org\/{rel}","templated":true}]}}