{"id":2133,"date":"2023-10-04T01:32:26","date_gmt":"2023-10-03T23:32:26","guid":{"rendered":"https:\/\/nuevaweb.cpl.es\/producto\/homilies-per-a-les-celebracions-amb-infants-cicle-c-9788498058512\/"},"modified":"2026-01-07T09:13:24","modified_gmt":"2026-01-07T08:13:24","slug":"homilies-per-a-les-celebracions-amb-infants-cicle-c-9788498058512","status":"publish","type":"product","link":"https:\/\/www.cpl.es\/ca\/producto\/homilies-per-a-les-celebracions-amb-infants-cicle-c-9788498058512\/","title":{"rendered":"Homilies per a les celebracions amb infants. Cicle C"},"content":{"rendered":"<p>Explicar l\u2019evangeli als nens i nenes, sigui en l\u2019homilia de la missa o sigui com a explicaci\u00f3 quan se\u2019ls separa de l\u2019assemblea per a la Lit\u00fargia de la Paraula, \u00e9s una de les tasques importants a realitzar per part dels capellans, diaques o catequistes. Perqu\u00e8 aprendre, en aquesta edat primera, a descobrir Jes\u00fas i omplir-se de la riquesa de la seva paraula i de la seva vida \u00e9s un cam\u00ed immillorable perqu\u00e8 la fe creixi s\u00f2lida i ben arrelada.<br \/>Aquest llibre \u00e9s una oferta de materials per facilitar aquesta homilia o explicaci\u00f3, per a tots els diumenges i festes del cicle C; uns materials que han estat preparats per deu autors diferents, cada un des del seu propi estil i experi\u00e8ncia, cosa que sens dubte contribueix a enriquir el conjunt. Per a cada un dels dies, es presenten uns punts que ajuden a aprofundir en el text i apropar-lo als infants, i despr\u00e9s s\u2019ofereix tamb\u00e9 una breu homilia ja redactada, no per a ser<br \/>utilitzada directament, sin\u00f3 per ajudar a concretar les idees. Un llibre certament esperat i que estem conven\u00e7uts que far\u00e0 un bon servei.<\/p>\n","protected":false},"excerpt":{"rendered":"<p>vv.aa.<\/p>\n","protected":false},"featured_media":2134,"template":"","meta":{"_acf_changed":false,"inline_featured_image":false},"product_brand":[],"product_cat":[15],"product_tag":[],"class_list":{"0":"post-2133","1":"product","2":"type-product","3":"status-publish","4":"has-post-thumbnail","6":"product_cat-sin-categorizar","8":"first","9":"instock","10":"taxable","11":"shipping-taxable","12":"purchasable","13":"product-type-simple"},"acf":{"autor":"vv.aa.","codart":"201139","ediciones":"1","encuadernacion":"R\u00fastica","fecha_de_publicacion":"08\/10\/2015","novedad":false,"paginas":"180","subtitulo":"","orden":"0","portada":false,"idioma":"cat","editorial":[{"ID":6736,"post_author":"2","post_date":"2023-10-06 08:35:24","post_date_gmt":"2023-10-06 06:35:24","post_content":"","post_title":"CPL","post_excerpt":"","post_status":"publish","comment_status":"closed","ping_status":"closed","post_password":"","post_name":"cpl","to_ping":"","pinged":"","post_modified":"2023-10-06 08:35:24","post_modified_gmt":"2023-10-06 06:35:24","post_content_filtered":"","post_parent":0,"guid":"https:\/\/nuevaweb.cpl.es\/editorial\/cpl\/","menu_order":0,"post_type":"editorial","post_mime_type":"","comment_count":"0","filter":"raw"}],"coleccion_num":"139"},"yoast_head":"<!-- This site is optimized with the Yoast SEO plugin v27.3 - https:\/\/yoast.com\/product\/yoast-seo-wordpress\/ -->\n<title>Homilies per a les celebracions amb infants. Cicle C - CPL<\/title>\n<meta name=\"robots\" content=\"index, follow, max-snippet:-1, max-image-preview:large, max-video-preview:-1\" \/>\n<link rel=\"canonical\" href=\"https:\/\/www.cpl.es\/producto\/homilies-per-a-les-celebracions-amb-infants-cicle-c-9788498058512\/\" \/>\n<meta property=\"og:locale\" content=\"ca_ES\" \/>\n<meta property=\"og:type\" content=\"article\" \/>\n<meta property=\"og:title\" content=\"Homilies per a les celebracions amb infants. Cicle C - CPL\" \/>\n<meta property=\"og:description\" content=\"vv.aa.\" \/>\n<meta property=\"og:url\" content=\"https:\/\/www.cpl.es\/producto\/homilies-per-a-les-celebracions-amb-infants-cicle-c-9788498058512\/\" \/>\n<meta property=\"og:site_name\" content=\"CPL\" \/>\n<meta property=\"article:modified_time\" content=\"2026-01-07T08:13:24+00:00\" \/>\n<meta property=\"og:image\" content=\"https:\/\/www.cpl.es\/wp-content\/uploads\/201139.jpg\" \/>\n\t<meta property=\"og:image:width\" content=\"280\" \/>\n\t<meta property=\"og:image:height\" content=\"390\" \/>\n\t<meta property=\"og:image:type\" content=\"image\/jpeg\" \/>\n<meta name=\"twitter:card\" content=\"summary_large_image\" \/>\n<meta name=\"twitter:label1\" content=\"Temps estimat de lectura\" \/>\n\t<meta name=\"twitter:data1\" content=\"1 minut\" \/>\n<script type=\"application\/ld+json\" class=\"yoast-schema-graph\">{\"@context\":\"https:\\\/\\\/schema.org\",\"@graph\":[{\"@type\":\"WebPage\",\"@id\":\"https:\\\/\\\/www.cpl.es\\\/producto\\\/homilies-per-a-les-celebracions-amb-infants-cicle-c-9788498058512\\\/\",\"url\":\"https:\\\/\\\/www.cpl.es\\\/producto\\\/homilies-per-a-les-celebracions-amb-infants-cicle-c-9788498058512\\\/\",\"name\":\"Homilies per a les celebracions amb infants. Cicle C - CPL\",\"isPartOf\":{\"@id\":\"https:\\\/\\\/www.cpl.es\\\/#website\"},\"primaryImageOfPage\":{\"@id\":\"https:\\\/\\\/www.cpl.es\\\/producto\\\/homilies-per-a-les-celebracions-amb-infants-cicle-c-9788498058512\\\/#primaryimage\"},\"image\":{\"@id\":\"https:\\\/\\\/www.cpl.es\\\/producto\\\/homilies-per-a-les-celebracions-amb-infants-cicle-c-9788498058512\\\/#primaryimage\"},\"thumbnailUrl\":\"https:\\\/\\\/www.cpl.es\\\/wp-content\\\/uploads\\\/201139.jpg\",\"datePublished\":\"2023-10-03T23:32:26+00:00\",\"dateModified\":\"2026-01-07T08:13:24+00:00\",\"breadcrumb\":{\"@id\":\"https:\\\/\\\/www.cpl.es\\\/producto\\\/homilies-per-a-les-celebracions-amb-infants-cicle-c-9788498058512\\\/#breadcrumb\"},\"inLanguage\":\"ca\",\"potentialAction\":[{\"@type\":\"ReadAction\",\"target\":[\"https:\\\/\\\/www.cpl.es\\\/producto\\\/homilies-per-a-les-celebracions-amb-infants-cicle-c-9788498058512\\\/\"]}]},{\"@type\":\"ImageObject\",\"inLanguage\":\"ca\",\"@id\":\"https:\\\/\\\/www.cpl.es\\\/producto\\\/homilies-per-a-les-celebracions-amb-infants-cicle-c-9788498058512\\\/#primaryimage\",\"url\":\"https:\\\/\\\/www.cpl.es\\\/wp-content\\\/uploads\\\/201139.jpg\",\"contentUrl\":\"https:\\\/\\\/www.cpl.es\\\/wp-content\\\/uploads\\\/201139.jpg\",\"width\":280,\"height\":390,\"caption\":\"201139.jpg\"},{\"@type\":\"BreadcrumbList\",\"@id\":\"https:\\\/\\\/www.cpl.es\\\/producto\\\/homilies-per-a-les-celebracions-amb-infants-cicle-c-9788498058512\\\/#breadcrumb\",\"itemListElement\":[{\"@type\":\"ListItem\",\"position\":1,\"name\":\"Portada\",\"item\":\"https:\\\/\\\/www.cpl.es\\\/ca\\\/\"},{\"@type\":\"ListItem\",\"position\":2,\"name\":\"Cat\u00e0leg\",\"item\":\"https:\\\/\\\/www.cpl.es\\\/ca\\\/cataleg\\\/\"},{\"@type\":\"ListItem\",\"position\":3,\"name\":\"Homilies per a les celebracions amb infants. Cicle C\"}]},{\"@type\":\"WebSite\",\"@id\":\"https:\\\/\\\/www.cpl.es\\\/#website\",\"url\":\"https:\\\/\\\/www.cpl.es\\\/\",\"name\":\"CPL\",\"description\":\"Centre de Pastoral Lit\u00fargica de Barcelona\",\"publisher\":{\"@id\":\"https:\\\/\\\/www.cpl.es\\\/#organization\"},\"alternateName\":\"Centre de Pastoral Lit\u00fargica\",\"potentialAction\":[{\"@type\":\"SearchAction\",\"target\":{\"@type\":\"EntryPoint\",\"urlTemplate\":\"https:\\\/\\\/www.cpl.es\\\/?s={search_term_string}\"},\"query-input\":{\"@type\":\"PropertyValueSpecification\",\"valueRequired\":true,\"valueName\":\"search_term_string\"}}],\"inLanguage\":\"ca\"},{\"@type\":\"Organization\",\"@id\":\"https:\\\/\\\/www.cpl.es\\\/#organization\",\"name\":\"Centre de Pastoral Lit\u00fargica\",\"alternateName\":\"Centre de Pastoral Lit\u00fargica de Barcelona\",\"url\":\"https:\\\/\\\/www.cpl.es\\\/\",\"logo\":{\"@type\":\"ImageObject\",\"inLanguage\":\"ca\",\"@id\":\"https:\\\/\\\/www.cpl.es\\\/#\\\/schema\\\/logo\\\/image\\\/\",\"url\":\"https:\\\/\\\/www.cpl.es\\\/wp-content\\\/uploads\\\/logo-cpl.svg\",\"contentUrl\":\"https:\\\/\\\/www.cpl.es\\\/wp-content\\\/uploads\\\/logo-cpl.svg\",\"caption\":\"Centre de Pastoral Lit\u00fargica\"},\"image\":{\"@id\":\"https:\\\/\\\/www.cpl.es\\\/#\\\/schema\\\/logo\\\/image\\\/\"}}]}<\/script>\n<!-- \/ Yoast SEO plugin. -->","yoast_head_json":{"title":"Homilies per a les celebracions amb infants. Cicle C - CPL","robots":{"index":"index","follow":"follow","max-snippet":"max-snippet:-1","max-image-preview":"max-image-preview:large","max-video-preview":"max-video-preview:-1"},"canonical":"https:\/\/www.cpl.es\/producto\/homilies-per-a-les-celebracions-amb-infants-cicle-c-9788498058512\/","og_locale":"ca_ES","og_type":"article","og_title":"Homilies per a les celebracions amb infants. Cicle C - CPL","og_description":"vv.aa.","og_url":"https:\/\/www.cpl.es\/producto\/homilies-per-a-les-celebracions-amb-infants-cicle-c-9788498058512\/","og_site_name":"CPL","article_modified_time":"2026-01-07T08:13:24+00:00","og_image":[{"width":280,"height":390,"url":"https:\/\/www.cpl.es\/wp-content\/uploads\/201139.jpg","type":"image\/jpeg"}],"twitter_card":"summary_large_image","twitter_misc":{"Temps estimat de lectura":"1 minut"},"schema":{"@context":"https:\/\/schema.org","@graph":[{"@type":"WebPage","@id":"https:\/\/www.cpl.es\/producto\/homilies-per-a-les-celebracions-amb-infants-cicle-c-9788498058512\/","url":"https:\/\/www.cpl.es\/producto\/homilies-per-a-les-celebracions-amb-infants-cicle-c-9788498058512\/","name":"Homilies per a les celebracions amb infants. Cicle C - CPL","isPartOf":{"@id":"https:\/\/www.cpl.es\/#website"},"primaryImageOfPage":{"@id":"https:\/\/www.cpl.es\/producto\/homilies-per-a-les-celebracions-amb-infants-cicle-c-9788498058512\/#primaryimage"},"image":{"@id":"https:\/\/www.cpl.es\/producto\/homilies-per-a-les-celebracions-amb-infants-cicle-c-9788498058512\/#primaryimage"},"thumbnailUrl":"https:\/\/www.cpl.es\/wp-content\/uploads\/201139.jpg","datePublished":"2023-10-03T23:32:26+00:00","dateModified":"2026-01-07T08:13:24+00:00","breadcrumb":{"@id":"https:\/\/www.cpl.es\/producto\/homilies-per-a-les-celebracions-amb-infants-cicle-c-9788498058512\/#breadcrumb"},"inLanguage":"ca","potentialAction":[{"@type":"ReadAction","target":["https:\/\/www.cpl.es\/producto\/homilies-per-a-les-celebracions-amb-infants-cicle-c-9788498058512\/"]}]},{"@type":"ImageObject","inLanguage":"ca","@id":"https:\/\/www.cpl.es\/producto\/homilies-per-a-les-celebracions-amb-infants-cicle-c-9788498058512\/#primaryimage","url":"https:\/\/www.cpl.es\/wp-content\/uploads\/201139.jpg","contentUrl":"https:\/\/www.cpl.es\/wp-content\/uploads\/201139.jpg","width":280,"height":390,"caption":"201139.jpg"},{"@type":"BreadcrumbList","@id":"https:\/\/www.cpl.es\/producto\/homilies-per-a-les-celebracions-amb-infants-cicle-c-9788498058512\/#breadcrumb","itemListElement":[{"@type":"ListItem","position":1,"name":"Portada","item":"https:\/\/www.cpl.es\/ca\/"},{"@type":"ListItem","position":2,"name":"Cat\u00e0leg","item":"https:\/\/www.cpl.es\/ca\/cataleg\/"},{"@type":"ListItem","position":3,"name":"Homilies per a les celebracions amb infants. Cicle C"}]},{"@type":"WebSite","@id":"https:\/\/www.cpl.es\/#website","url":"https:\/\/www.cpl.es\/","name":"CPL","description":"Centre de Pastoral Lit\u00fargica de Barcelona","publisher":{"@id":"https:\/\/www.cpl.es\/#organization"},"alternateName":"Centre de Pastoral Lit\u00fargica","potentialAction":[{"@type":"SearchAction","target":{"@type":"EntryPoint","urlTemplate":"https:\/\/www.cpl.es\/?s={search_term_string}"},"query-input":{"@type":"PropertyValueSpecification","valueRequired":true,"valueName":"search_term_string"}}],"inLanguage":"ca"},{"@type":"Organization","@id":"https:\/\/www.cpl.es\/#organization","name":"Centre de Pastoral Lit\u00fargica","alternateName":"Centre de Pastoral Lit\u00fargica de Barcelona","url":"https:\/\/www.cpl.es\/","logo":{"@type":"ImageObject","inLanguage":"ca","@id":"https:\/\/www.cpl.es\/#\/schema\/logo\/image\/","url":"https:\/\/www.cpl.es\/wp-content\/uploads\/logo-cpl.svg","contentUrl":"https:\/\/www.cpl.es\/wp-content\/uploads\/logo-cpl.svg","caption":"Centre de Pastoral Lit\u00fargica"},"image":{"@id":"https:\/\/www.cpl.es\/#\/schema\/logo\/image\/"}}]}},"_links":{"self":[{"href":"https:\/\/www.cpl.es\/ca\/wp-json\/wp\/v2\/product\/2133","targetHints":{"allow":["GET"]}}],"collection":[{"href":"https:\/\/www.cpl.es\/ca\/wp-json\/wp\/v2\/product"}],"about":[{"href":"https:\/\/www.cpl.es\/ca\/wp-json\/wp\/v2\/types\/product"}],"wp:featuredmedia":[{"embeddable":true,"href":"https:\/\/www.cpl.es\/ca\/wp-json\/wp\/v2\/media\/2134"}],"wp:attachment":[{"href":"https:\/\/www.cpl.es\/ca\/wp-json\/wp\/v2\/media?parent=2133"}],"wp:term":[{"taxonomy":"product_brand","embeddable":true,"href":"https:\/\/www.cpl.es\/ca\/wp-json\/wp\/v2\/product_brand?post=2133"},{"taxonomy":"product_cat","embeddable":true,"href":"https:\/\/www.cpl.es\/ca\/wp-json\/wp\/v2\/product_cat?post=2133"},{"taxonomy":"product_tag","embeddable":true,"href":"https:\/\/www.cpl.es\/ca\/wp-json\/wp\/v2\/product_tag?post=2133"}],"curies":[{"name":"wp","href":"https:\/\/api.w.org\/{rel}","templated":true}]}}