{"id":2115,"date":"2023-10-04T01:31:54","date_gmt":"2023-10-03T23:31:54","guid":{"rendered":"https:\/\/nuevaweb.cpl.es\/producto\/nou-testament-de-la-bci-escolar-9788498056112\/"},"modified":"2023-10-04T01:31:58","modified_gmt":"2023-10-03T23:31:58","slug":"nou-testament-de-la-bci-escolar-9788498056112","status":"publish","type":"product","link":"https:\/\/www.cpl.es\/ca\/producto\/nou-testament-de-la-bci-escolar-9788498056112\/","title":{"rendered":"Nou Testament de la BCI &#8211; Escolar"},"content":{"rendered":"<p>Publicada per primer cop en 1993, la B\u00edblia Catalana Interconfessional (BCI) va esdevenir ben aviat la B\u00edblia de refer\u00e8ncia en llengua catalana. Durant aquests anys ha conegut onze edicions, amb un total de m\u00e9s de cent mil exemplars, als quals es poden sumar les cinc edicions i vint-i-cinc mil exemplars en la versi\u00f3 de butxaca, les tretze edicions i cent deu mil exemplars del Nou Testament que es publica separadament, aix\u00ed com altres edicions de luxe, en format gran, en CD-Rom, etc.<br \/>Aquesta nova edici\u00f3 del Nou Testament de la BCI, que es publica als vint-i-cinc anys de l\u2019inici dels treballs de la BCI, s\u2019ha revisat en profunditat per tal de mantenir-la vigent i ajustada a les investigacions m\u00e9s recents.<br \/>El text que es presenta, planer i expressiu, respon alhora a la necessitat de tenir un text b\u00edblic com\u00fa a totes les confessions cristianes, fidel als escrits originals i que sigui comprensible per tots aquells lectors d\u2019avui que tenen com a pr\u00f2pia la llengua catalana.<\/p>\n","protected":false},"excerpt":{"rendered":"<p>Associaci\u00f3 B\u00edblica de Catalunya; Centre de Pastoral Lit\u00fargica; Editorial Claret<\/p>\n","protected":false},"featured_media":2116,"template":"","meta":{"_acf_changed":false,"inline_featured_image":false},"product_brand":[],"product_cat":[67],"product_tag":[],"class_list":{"0":"post-2115","1":"product","2":"type-product","3":"status-publish","4":"has-post-thumbnail","6":"product_cat-altres-publicacions","8":"first","9":"instock","10":"taxable","11":"shipping-taxable","12":"purchasable","13":"product-type-simple"},"acf":{"autor":"Associaci\u00f3 B\u00edblica de Catalunya; Centre de Pastoral Lit\u00fargica; Editorial Claret","codart":"233004","ediciones":"1","encuadernacion":"R\u00fastica","fecha_de_publicacion":"16\/10\/2015","novedad":false,"paginas":"574","subtitulo":"","orden":"999","portada":false,"idioma":"cat","editorial":[{"ID":6736,"post_author":"2","post_date":"2023-10-06 08:35:24","post_date_gmt":"2023-10-06 06:35:24","post_content":"","post_title":"CPL","post_excerpt":"","post_status":"publish","comment_status":"closed","ping_status":"closed","post_password":"","post_name":"cpl","to_ping":"","pinged":"","post_modified":"2023-10-06 08:35:24","post_modified_gmt":"2023-10-06 06:35:24","post_content_filtered":"","post_parent":0,"guid":"https:\/\/nuevaweb.cpl.es\/editorial\/cpl\/","menu_order":0,"post_type":"editorial","post_mime_type":"","comment_count":"0","filter":"raw"}]},"yoast_head":"<!-- This site is optimized with the Yoast SEO plugin v27.3 - https:\/\/yoast.com\/product\/yoast-seo-wordpress\/ -->\n<title>Nou Testament de la BCI - Escolar - CPL<\/title>\n<meta name=\"robots\" content=\"index, follow, max-snippet:-1, max-image-preview:large, max-video-preview:-1\" \/>\n<link rel=\"canonical\" href=\"https:\/\/www.cpl.es\/producto\/nou-testament-de-la-bci-escolar-9788498056112\/\" \/>\n<meta property=\"og:locale\" content=\"ca_ES\" \/>\n<meta property=\"og:type\" content=\"article\" \/>\n<meta property=\"og:title\" content=\"Nou Testament de la BCI - Escolar - CPL\" \/>\n<meta property=\"og:description\" content=\"Associaci\u00f3 B\u00edblica de Catalunya; Centre de Pastoral Lit\u00fargica; Editorial Claret\" \/>\n<meta property=\"og:url\" content=\"https:\/\/www.cpl.es\/producto\/nou-testament-de-la-bci-escolar-9788498056112\/\" \/>\n<meta property=\"og:site_name\" content=\"CPL\" \/>\n<meta property=\"article:modified_time\" content=\"2023-10-03T23:31:58+00:00\" \/>\n<meta property=\"og:image\" content=\"https:\/\/www.cpl.es\/wp-content\/uploads\/233004.jpg\" \/>\n\t<meta property=\"og:image:width\" content=\"100\" \/>\n\t<meta property=\"og:image:height\" content=\"153\" \/>\n\t<meta property=\"og:image:type\" content=\"image\/jpeg\" \/>\n<meta name=\"twitter:card\" content=\"summary_large_image\" \/>\n<meta name=\"twitter:label1\" content=\"Temps estimat de lectura\" \/>\n\t<meta name=\"twitter:data1\" content=\"1 minut\" \/>\n<script type=\"application\/ld+json\" class=\"yoast-schema-graph\">{\"@context\":\"https:\\\/\\\/schema.org\",\"@graph\":[{\"@type\":\"WebPage\",\"@id\":\"https:\\\/\\\/www.cpl.es\\\/producto\\\/nou-testament-de-la-bci-escolar-9788498056112\\\/\",\"url\":\"https:\\\/\\\/www.cpl.es\\\/producto\\\/nou-testament-de-la-bci-escolar-9788498056112\\\/\",\"name\":\"Nou Testament de la BCI - Escolar - CPL\",\"isPartOf\":{\"@id\":\"https:\\\/\\\/www.cpl.es\\\/#website\"},\"primaryImageOfPage\":{\"@id\":\"https:\\\/\\\/www.cpl.es\\\/producto\\\/nou-testament-de-la-bci-escolar-9788498056112\\\/#primaryimage\"},\"image\":{\"@id\":\"https:\\\/\\\/www.cpl.es\\\/producto\\\/nou-testament-de-la-bci-escolar-9788498056112\\\/#primaryimage\"},\"thumbnailUrl\":\"https:\\\/\\\/www.cpl.es\\\/wp-content\\\/uploads\\\/233004.jpg\",\"datePublished\":\"2023-10-03T23:31:54+00:00\",\"dateModified\":\"2023-10-03T23:31:58+00:00\",\"breadcrumb\":{\"@id\":\"https:\\\/\\\/www.cpl.es\\\/producto\\\/nou-testament-de-la-bci-escolar-9788498056112\\\/#breadcrumb\"},\"inLanguage\":\"ca\",\"potentialAction\":[{\"@type\":\"ReadAction\",\"target\":[\"https:\\\/\\\/www.cpl.es\\\/producto\\\/nou-testament-de-la-bci-escolar-9788498056112\\\/\"]}]},{\"@type\":\"ImageObject\",\"inLanguage\":\"ca\",\"@id\":\"https:\\\/\\\/www.cpl.es\\\/producto\\\/nou-testament-de-la-bci-escolar-9788498056112\\\/#primaryimage\",\"url\":\"https:\\\/\\\/www.cpl.es\\\/wp-content\\\/uploads\\\/233004.jpg\",\"contentUrl\":\"https:\\\/\\\/www.cpl.es\\\/wp-content\\\/uploads\\\/233004.jpg\",\"width\":100,\"height\":153,\"caption\":\"233004.jpg\"},{\"@type\":\"BreadcrumbList\",\"@id\":\"https:\\\/\\\/www.cpl.es\\\/producto\\\/nou-testament-de-la-bci-escolar-9788498056112\\\/#breadcrumb\",\"itemListElement\":[{\"@type\":\"ListItem\",\"position\":1,\"name\":\"Portada\",\"item\":\"https:\\\/\\\/www.cpl.es\\\/ca\\\/\"},{\"@type\":\"ListItem\",\"position\":2,\"name\":\"Cat\u00e0leg\",\"item\":\"https:\\\/\\\/www.cpl.es\\\/ca\\\/cataleg\\\/\"},{\"@type\":\"ListItem\",\"position\":3,\"name\":\"Nou Testament de la BCI &#8211; Escolar\"}]},{\"@type\":\"WebSite\",\"@id\":\"https:\\\/\\\/www.cpl.es\\\/#website\",\"url\":\"https:\\\/\\\/www.cpl.es\\\/\",\"name\":\"CPL\",\"description\":\"Centre de Pastoral Lit\u00fargica de Barcelona\",\"publisher\":{\"@id\":\"https:\\\/\\\/www.cpl.es\\\/#organization\"},\"alternateName\":\"Centre de Pastoral Lit\u00fargica\",\"potentialAction\":[{\"@type\":\"SearchAction\",\"target\":{\"@type\":\"EntryPoint\",\"urlTemplate\":\"https:\\\/\\\/www.cpl.es\\\/?s={search_term_string}\"},\"query-input\":{\"@type\":\"PropertyValueSpecification\",\"valueRequired\":true,\"valueName\":\"search_term_string\"}}],\"inLanguage\":\"ca\"},{\"@type\":\"Organization\",\"@id\":\"https:\\\/\\\/www.cpl.es\\\/#organization\",\"name\":\"Centre de Pastoral Lit\u00fargica\",\"alternateName\":\"Centre de Pastoral Lit\u00fargica de Barcelona\",\"url\":\"https:\\\/\\\/www.cpl.es\\\/\",\"logo\":{\"@type\":\"ImageObject\",\"inLanguage\":\"ca\",\"@id\":\"https:\\\/\\\/www.cpl.es\\\/#\\\/schema\\\/logo\\\/image\\\/\",\"url\":\"https:\\\/\\\/www.cpl.es\\\/wp-content\\\/uploads\\\/logo-cpl.svg\",\"contentUrl\":\"https:\\\/\\\/www.cpl.es\\\/wp-content\\\/uploads\\\/logo-cpl.svg\",\"caption\":\"Centre de Pastoral Lit\u00fargica\"},\"image\":{\"@id\":\"https:\\\/\\\/www.cpl.es\\\/#\\\/schema\\\/logo\\\/image\\\/\"}}]}<\/script>\n<!-- \/ Yoast SEO plugin. -->","yoast_head_json":{"title":"Nou Testament de la BCI - Escolar - CPL","robots":{"index":"index","follow":"follow","max-snippet":"max-snippet:-1","max-image-preview":"max-image-preview:large","max-video-preview":"max-video-preview:-1"},"canonical":"https:\/\/www.cpl.es\/producto\/nou-testament-de-la-bci-escolar-9788498056112\/","og_locale":"ca_ES","og_type":"article","og_title":"Nou Testament de la BCI - Escolar - CPL","og_description":"Associaci\u00f3 B\u00edblica de Catalunya; Centre de Pastoral Lit\u00fargica; Editorial Claret","og_url":"https:\/\/www.cpl.es\/producto\/nou-testament-de-la-bci-escolar-9788498056112\/","og_site_name":"CPL","article_modified_time":"2023-10-03T23:31:58+00:00","og_image":[{"width":100,"height":153,"url":"https:\/\/www.cpl.es\/wp-content\/uploads\/233004.jpg","type":"image\/jpeg"}],"twitter_card":"summary_large_image","twitter_misc":{"Temps estimat de lectura":"1 minut"},"schema":{"@context":"https:\/\/schema.org","@graph":[{"@type":"WebPage","@id":"https:\/\/www.cpl.es\/producto\/nou-testament-de-la-bci-escolar-9788498056112\/","url":"https:\/\/www.cpl.es\/producto\/nou-testament-de-la-bci-escolar-9788498056112\/","name":"Nou Testament de la BCI - Escolar - CPL","isPartOf":{"@id":"https:\/\/www.cpl.es\/#website"},"primaryImageOfPage":{"@id":"https:\/\/www.cpl.es\/producto\/nou-testament-de-la-bci-escolar-9788498056112\/#primaryimage"},"image":{"@id":"https:\/\/www.cpl.es\/producto\/nou-testament-de-la-bci-escolar-9788498056112\/#primaryimage"},"thumbnailUrl":"https:\/\/www.cpl.es\/wp-content\/uploads\/233004.jpg","datePublished":"2023-10-03T23:31:54+00:00","dateModified":"2023-10-03T23:31:58+00:00","breadcrumb":{"@id":"https:\/\/www.cpl.es\/producto\/nou-testament-de-la-bci-escolar-9788498056112\/#breadcrumb"},"inLanguage":"ca","potentialAction":[{"@type":"ReadAction","target":["https:\/\/www.cpl.es\/producto\/nou-testament-de-la-bci-escolar-9788498056112\/"]}]},{"@type":"ImageObject","inLanguage":"ca","@id":"https:\/\/www.cpl.es\/producto\/nou-testament-de-la-bci-escolar-9788498056112\/#primaryimage","url":"https:\/\/www.cpl.es\/wp-content\/uploads\/233004.jpg","contentUrl":"https:\/\/www.cpl.es\/wp-content\/uploads\/233004.jpg","width":100,"height":153,"caption":"233004.jpg"},{"@type":"BreadcrumbList","@id":"https:\/\/www.cpl.es\/producto\/nou-testament-de-la-bci-escolar-9788498056112\/#breadcrumb","itemListElement":[{"@type":"ListItem","position":1,"name":"Portada","item":"https:\/\/www.cpl.es\/ca\/"},{"@type":"ListItem","position":2,"name":"Cat\u00e0leg","item":"https:\/\/www.cpl.es\/ca\/cataleg\/"},{"@type":"ListItem","position":3,"name":"Nou Testament de la BCI &#8211; Escolar"}]},{"@type":"WebSite","@id":"https:\/\/www.cpl.es\/#website","url":"https:\/\/www.cpl.es\/","name":"CPL","description":"Centre de Pastoral Lit\u00fargica de Barcelona","publisher":{"@id":"https:\/\/www.cpl.es\/#organization"},"alternateName":"Centre de Pastoral Lit\u00fargica","potentialAction":[{"@type":"SearchAction","target":{"@type":"EntryPoint","urlTemplate":"https:\/\/www.cpl.es\/?s={search_term_string}"},"query-input":{"@type":"PropertyValueSpecification","valueRequired":true,"valueName":"search_term_string"}}],"inLanguage":"ca"},{"@type":"Organization","@id":"https:\/\/www.cpl.es\/#organization","name":"Centre de Pastoral Lit\u00fargica","alternateName":"Centre de Pastoral Lit\u00fargica de Barcelona","url":"https:\/\/www.cpl.es\/","logo":{"@type":"ImageObject","inLanguage":"ca","@id":"https:\/\/www.cpl.es\/#\/schema\/logo\/image\/","url":"https:\/\/www.cpl.es\/wp-content\/uploads\/logo-cpl.svg","contentUrl":"https:\/\/www.cpl.es\/wp-content\/uploads\/logo-cpl.svg","caption":"Centre de Pastoral Lit\u00fargica"},"image":{"@id":"https:\/\/www.cpl.es\/#\/schema\/logo\/image\/"}}]}},"_links":{"self":[{"href":"https:\/\/www.cpl.es\/ca\/wp-json\/wp\/v2\/product\/2115","targetHints":{"allow":["GET"]}}],"collection":[{"href":"https:\/\/www.cpl.es\/ca\/wp-json\/wp\/v2\/product"}],"about":[{"href":"https:\/\/www.cpl.es\/ca\/wp-json\/wp\/v2\/types\/product"}],"wp:featuredmedia":[{"embeddable":true,"href":"https:\/\/www.cpl.es\/ca\/wp-json\/wp\/v2\/media\/2116"}],"wp:attachment":[{"href":"https:\/\/www.cpl.es\/ca\/wp-json\/wp\/v2\/media?parent=2115"}],"wp:term":[{"taxonomy":"product_brand","embeddable":true,"href":"https:\/\/www.cpl.es\/ca\/wp-json\/wp\/v2\/product_brand?post=2115"},{"taxonomy":"product_cat","embeddable":true,"href":"https:\/\/www.cpl.es\/ca\/wp-json\/wp\/v2\/product_cat?post=2115"},{"taxonomy":"product_tag","embeddable":true,"href":"https:\/\/www.cpl.es\/ca\/wp-json\/wp\/v2\/product_tag?post=2115"}],"curies":[{"name":"wp","href":"https:\/\/api.w.org\/{rel}","templated":true}]}}